{"id":8824,"date":"2024-01-15T13:42:01","date_gmt":"2024-01-15T13:42:01","guid":{"rendered":"https:\/\/canaryvip.com\/?post_type=product&#038;p=8824"},"modified":"2025-09-19T12:00:53","modified_gmt":"2025-09-19T11:00:53","slug":"siam-park-vip-villa","status":"publish","type":"product","link":"https:\/\/canaryvip.com\/pt\/shop\/siam-park-vip-villa\/","title":{"rendered":"Villa VIP Siam Park"},"content":{"rendered":"<section class=\"l-section wpb_row height_medium\"><div class=\"l-section-h i-cf\"><div class=\"g-cols vc_row via_flex valign_top type_default stacking_default\"><div class=\"vc_col-sm-12 wpb_column vc_column_container\"><div class=\"vc_column-inner\"><div class=\"wpb_wrapper\"><div class=\"wpb_text_column\"><div class=\"wpb_wrapper\"><h2>\ud83c\udf34 <strong>Experi\u00eancia de Villa VIP no Siam Park com CanaryVIP<\/strong><\/h2>\n<p>Bem-vindo ao auge do luxo no Siam Park em Tenerife. Como um o\u00e1sis para os entusiastas da \u00e1gua, <strong>Siam Park<\/strong> \u00e9 conhecida pelos seus passeios emocionantes e paisagens pitorescas. Desde a adrenalina <strong>Torre do Poder<\/strong> para o sereno <strong>Rio Mai Thai,<\/strong>\u00a0n\u00f3s atendemos a todos os tipos de aventureiros. Eleve a sua visita com esta experi\u00eancia exclusiva de Villa VIP, onde a sofistica\u00e7\u00e3o e a emo\u00e7\u00e3o convergem.<\/p>\n<h3><strong>Amenidades luxuosas da Villa VIP<\/strong><\/h3>\n<ul>\n<li><strong>Eleg\u00e2ncia de inspira\u00e7\u00e3o tailandesa:<\/strong> A Villa VIP, adornada com eleg\u00e2ncia tailandesa, oferece um retiro tranquilo e luxuoso.<\/li>\n<li><strong>Conforto supremo:<\/strong> Relaxe em extravag\u00e2ncia com sof\u00e1s de pel\u00facia, chuveiros no terra\u00e7o privado e espregui\u00e7adeiras.<\/li>\n<li><strong>Toalhas e duche privado:<\/strong> S\u00e3o fornecidas toalhas limpas, juntamente com um duche privado para sua conveni\u00eancia.<\/li>\n<li><strong>Controlo da climatiza\u00e7\u00e3o:<\/strong> Ventiladores de \u00faltima gera\u00e7\u00e3o para manter um ambiente confort\u00e1vel.<\/li>\n<li><strong>Armazenamento seguro de objectos de valor:<\/strong> Est\u00e1 dispon\u00edvel um cofre para a seguran\u00e7a dos seus pertences.<\/li>\n<li><strong>Terra\u00e7o privado com espregui\u00e7adeiras:<\/strong> Desfrute de banhos de sol ou relaxe \u00e0 sombra no seu terra\u00e7o exclusivo.<\/li>\n<li><strong>Jacuzzi pessoal:<\/strong> Mergulhe no relaxamento com o seu pr\u00f3prio jacuzzi privado, um s\u00edmbolo de luxo supremo.<\/li>\n<\/ul>\n<h3><strong>\ud83c\udfa5 Entretenimento e conforto da Villa<\/strong><\/h3>\n<ul>\n<li><strong>Televis\u00e3o e \u00e1rea de estar:<\/strong> Uma confort\u00e1vel sala de estar com uma televis\u00e3o para desfrutar dos seus programas favoritos.<\/li>\n<li><strong>Mini-bar bem abastecido:<\/strong> Uma variedade de bebidas dispon\u00edveis no mini-bar para satisfazer qualquer sede.<\/li>\n<li><strong>Jantar com tudo inclu\u00eddo:<\/strong> Delicie-se com uma sele\u00e7\u00e3o diversificada de del\u00edcias culin\u00e1rias nos nossos restaurantes de luxo.<\/li>\n<li><strong>Bebidas e gelados:<\/strong> Acesso ilimitado a refrigerantes, cervejas, \u00e1gua e gelados.<\/li>\n<\/ul>\n<h3><strong>\ud83c\udfa2 Acesso priorit\u00e1rio \u00e0s atrac\u00e7\u00f5es com VIP Fast Pass:<\/strong><\/h3>\n<ul>\n<li><strong>Passe r\u00e1pido para todo o dia:<\/strong> Evite as filas de espera para ter acesso imediato a todas as atrac\u00e7\u00f5es, maximizando a sua divers\u00e3o.<\/li>\n<\/ul>\n<h3><strong>Jantar com tudo inclu\u00eddo e op\u00e7\u00f5es de bebidas ilimitadas:<\/strong><\/h3>\n<ul>\n<li><strong>Selec\u00e7\u00f5es culin\u00e1rias ilimitadas:<\/strong> Delicie-se com uma experi\u00eancia gastron\u00f3mica com tudo inclu\u00eddo, com uma grande variedade de op\u00e7\u00f5es dispon\u00edveis em todo o parque.<\/li>\n<li><strong>Bebidas ilimitadas:<\/strong> Desfrute de acesso ilimitado a uma vasta gama de bebidas gratuitas, garantindo que se mant\u00e9m refrescado durante a sua visita.<\/li>\n<\/ul>\n<h3><strong>\ud83d\udcb0 Pre\u00e7o e valor excepcionais<\/strong><\/h3>\n<ul>\n<li><strong>Tarifa com tudo inclu\u00eddo:<\/strong> A Villa VIP est\u00e1 dispon\u00edvel por 1215\u20ac, acomodando at\u00e9 8 pessoas, garantindo privacidade e exclusividade tanto para grupos pequenos como para grupos maiores.<\/li>\n<li><strong>Alojamento adicional para h\u00f3spedes:<\/strong> A villa pode receber at\u00e9 12 h\u00f3spedes, com uma taxa extra de 151\u20ac por pessoa para al\u00e9m dos oito iniciais.<\/li>\n<\/ul>\n<h3><strong>Transporte conveniente e gratuito<\/strong><\/h3>\n<ul>\n<li><strong>Viajar sem stress:<\/strong> Utilize o servi\u00e7o de autocarro gratuito do Siam Park para um transporte f\u00e1cil e conveniente.<\/li>\n<li><strong>Extensos pontos de recolha:<\/strong> V\u00e1rios locais de recolha em Tenerife para um acesso sem esfor\u00e7o.<\/li>\n<\/ul>\n<h3><strong>Planear a sua melhor visita<\/strong><\/h3>\n<ul>\n<li><strong>Disponibilidade durante todo o ano:<\/strong> Aberto no ver\u00e3o (10h-18h) e no inverno (10h-17h).<\/li>\n<li><strong>Localiza\u00e7\u00e3o privilegiada:<\/strong> Situado na vibrante Costa Adeje, com vistas deslumbrantes e f\u00e1cil acesso.<\/li>\n<\/ul>\n<h3><b>Termos de cancelamento<\/b><\/h3>\n<ul>\n<li style=\"font-weight: 400;\" aria-level=\"1\"><span style=\"font-weight: 400;\">H\u00f3spedes que cancelam <\/span><b>pelo menos um m\u00eas antes do servi\u00e7o programado<\/b><span style=\"font-weight: 400;\"> receber\u00e3o um <\/span><b>reembolso total<\/b><span style=\"font-weight: 400;\">.<\/span>&nbsp;<\/li>\n<li style=\"font-weight: 400;\" aria-level=\"1\"><span style=\"font-weight: 400;\">Cancelamentos apresentados <\/span><b>de um m\u00eas at\u00e9 7 dias antes<\/b><span style=\"font-weight: 400;\"> para o servi\u00e7o est\u00e3o sujeitos a um <\/span><b>60% taxa de cancelamento<\/b><span style=\"font-weight: 400;\">.<\/span>&nbsp;<\/li>\n<li style=\"font-weight: 400;\" aria-level=\"1\"><span style=\"font-weight: 400;\">Cancelamentos efectuados <\/span><b>no prazo de 7 dias a contar da data prevista<\/b><span style=\"font-weight: 400;\"> s\u00e3o <\/span><b>n\u00e3o reembols\u00e1vel<\/b><span style=\"font-weight: 400;\">.<\/span><\/li>\n<\/ul>\n<h3><strong>\ud83d\udd14 A sua experi\u00eancia CanaryVIP de luxo<\/strong><\/h3>\n<ul>\n<li><strong>Entre no luxo:<\/strong> Melhore a sua visita ao Siam Park com uma estadia na Villa VIP.<\/li>\n<li><strong>Criar momentos memor\u00e1veis:<\/strong> Reserve agora uma experi\u00eancia cheia de grandeza, emo\u00e7\u00e3o e mem\u00f3rias inesquec\u00edveis.<\/li>\n<\/ul>\n<p>Quer se trate da celebra\u00e7\u00e3o de um marco importante ou da organiza\u00e7\u00e3o de um evento especial, o <strong>Villa VIP no Siam Park Tenerife<\/strong> oferece uma mistura inigual\u00e1vel de luxo e exclusividade. Perfeito para grupos maiores, combina atrac\u00e7\u00f5es emocionantes com um relaxamento sereno.<\/p>\n<p>Reserve agora com CanaryVIP para uma aventura luxuosa e inesquec\u00edvel no Siam Park VIP Villa!<\/p>\n<\/div><\/div><\/div><\/div><\/div><\/div><\/div><\/section>","protected":false},"excerpt":{"rendered":"<p><strong>\ud83d\udd0d Siam Park Villa:<\/strong><br \/>\n\u2705 Pagamento seguro.<br \/>\n\ud83d\ude80 Passe r\u00e1pido VIP para todo o dia.<br \/>\n\ud83d\udc68\u200d\ud83d\udc69\u200d\ud83d\udc66 Pre\u00e7o para 8 pessoas.<br \/>\n\ud83d\udc65 Capacidade para at\u00e9 12 pessoas.<br \/>\n\ud83d\udca6 Jacuzzi no terra\u00e7o.<br \/>\n\ud83d\udd10 Cacifo e toalhas inclu\u00eddos.<br \/>\n\ud83c\udf54 Comida ilimitada.<br \/>\n\ud83c\udf7a Refrigerantes e cerveja ilimitados.<br \/>\n\ud83e\udd11 Melhor pre\u00e7o garantido.<br \/>\n\ud83d\ude8d Autocarro de transporte gratuito.<br \/>\n\ud83c\udf0d Suporte em v\u00e1rias l\u00ednguas.<br \/>\n\ud83c\udf1f Reserve agora e poupe!<br \/>\n\ud83d\udc32 Descobrir <a href=\"https:\/\/canaryvip.com\/pt\/product-category\/tenerife\/theme-parks-tenerife\/siam-park-tickets\/\">todos os bilhetes para o Siam Park aqui<\/a>!<br \/>\n\ud83d\udccd Encontrar <a href=\"https:\/\/maps.app.goo.gl\/UfftQG3CrqW5R81r9\">Siam Park no Google Maps<\/a>!<\/p>","protected":false},"featured_media":8825,"comment_status":"open","ping_status":"closed","template":"","meta":{"_acf_changed":false},"product_brand":[],"product_cat":[55,54],"product_tag":[],"class_list":{"0":"post-8824","1":"product","2":"type-product","3":"status-publish","4":"has-post-thumbnail","6":"product_cat-siam-park-tickets","7":"product_cat-theme-parks","8":"wcpa_has_options","10":"first","11":"instock","12":"virtual","13":"purchasable","14":"product-type-simple"},"acf":[],"wcpa_form_fields":{"wcpaData":{"product":{"product_price":1320,"price_html":"From&nbsp;<span class=\"woocommerce-Price-amount amount\"><bdi>1.320,00&nbsp;<span class=\"woocommerce-Price-currencySymbol\">&euro;<\/span><\/bdi><\/span>","original_product_price":1320,"price_including_tax":1320,"price_excluding_tax":1320,"product_id":{"parent":8824,"variation":false},"is_variable":false,"stock_status":"instock","stock_quantity":null,"parent_sku":"CV8824","product_attributes":[],"custom_fields":[],"is_taxable":false,"product_name":"Siam Park VIP Villa","hasImage":false},"fields":{"sec_165dcc0a3c8397":{"extra":{"key":"sec_165dcc0a3c8397","section_id":"sec_165dcc0a3c8397","name":"Default","status":1,"cl_rule":"show","enableCl":false,"relations":[],"toggle":true,"title_tag":"h3","show_title":false,"showPrice":"default","form_id":10124,"form_rules":{"exclude_from_discount":true,"fee_label":"Fee","disp_hide_options_price":true,"disp_show_section_price":false,"disp_show_field_price":true,"layout_option":"standard","pric_use_as_fee":false,"process_fee_as":"woo_fee"},"layout_option":"standard"},"fields":[[{"active":true,"col":6,"relations":false,"cl_rule":"show","enableCl":false,"price":"","enablePrice":false,"className":"","label_position":"default","desc_position":"default","type":"date","required":false,"elementId":"date_1065dcc0a3c83b7","name":"date_1065dcc0a3c83b7","label":"\ud83d\udcc5 Date","picker_type":"custom","picker_mode":"single","error":false,"date_pic_inline":true,"date_pic_inline_hide":true,"min_date":{"type":"days","val":"3"},"max_date":{"type":"days_from_min","val":"500"},"date_pic_conf":{"disabledDates":["2025-05-26 to 2025-05-27","2025-06-01 to 2025-06-04","2025-06-12 to 2025-06-17","2025-06-18 to 2025-06-19","2025-06-20","2025-06-21","2025-06-22","2025-06-23","2025-06-24","2025-06-25","2025-06-26 to 2025-06-27","2025-06-28 to 2025-06-29","2025-07-01 to 2025-07-02","2025-07-03","2025-07-04","2025-07-05","2025-07-06","2025-07-07","2025-07-08","2025-07-09","2025-07-10","2025-07-11","2025-07-12","2025-07-13","2025-07-14","2025-07-15","2025-07-16","2025-07-17","2025-07-18 to 2025-07-25","2025-07-26","2025-07-27","2025-07-28","2025-07-29","2025-07-30","2025-07-31","2025-08-01","2025-08-02","2025-08-03","2025-08-04","2025-08-05 to 2025-08-07","2025-08-08","2025-08-09 to 2025-08-10","2025-08-11 to 2025-08-14","2025-08-15 to 2025-08-16","2025-08-17","2025-08-18","2025-08-21","2025-08-22","2025-08-23","2025-08-24 to 2025-08-26","2025-08-27","2025-08-28 to 2025-08-30","2025-08-31","2025-08-19 to 2025-08-20"]},"isWeightTemplate":false,"isTemplate":false,"min_quantity":"1","quantity_decimal":false,"quantity_step":"1","quantity_label":"Quantity","repeater_field_label":"{field_label}","repeater_bind":"","gt_translate_keys":["label","repeater_field_label","quantity_label"],"price_dependency":false,"cl_dependency":false,"value":""}],[{"active":true,"col":6,"relations":false,"cl_rule":"show","enableCl":false,"price":"","enablePrice":true,"className":"","label_position":"default","desc_position":"default","type":"select","required":false,"elementId":"select_1065dcc0a3c83c4","label":"\ud83d\udc64 Group Size","name":"select_1065dcc0a3c83c4","values":[{"label":"1 Person (1.320\u20ac)","value":"1 Person","selected":false,"tempId":"aco_670","price":"1320","gt_translate_keys":["label"]},{"label":"2 People (1.320\u20ac)","value":"2 People","selected":false,"tempId":"aco_671","price":"1320","gt_translate_keys":["label"]},{"label":"3 People (1.320\u20ac)","value":"3 People","selected":false,"tempId":"aco_672","price":"1320","gt_translate_keys":["label"]},{"label":"4 People (1.320\u20ac)","value":"4 People","selected":false,"tempId":"aco_898","price":"1320","gt_translate_keys":["label"]},{"label":"5 People (1.320\u20ac)","value":"5 People","selected":false,"tempId":"aco_908","price":"1320","gt_translate_keys":["label"]},{"label":"6 People (1.320\u20ac)","value":"6 People","selected":false,"tempId":"aco_1062","price":"1320","gt_translate_keys":["label"]},{"label":"7 People (1.320\u20ac)","value":"7 People","selected":false,"tempId":"aco_2967","price":"1320","gt_translate_keys":["label"]},{"label":"8 People (1.320\u20ac)","value":"8 People","selected":false,"tempId":"aco_3049","price":"1320","gt_translate_keys":["label"]},{"label":"\u2500 Beyond 8 people, each extra person costs \u20ac165 \u2500","value":"\u2500 Beyond 8 people, each extra person costs \u20ac165 \u2500","selected":false,"tempId":"aco_1784","price":"1320","gt_translate_keys":["label"]},{"label":"9 People (1.485\u20ac)","value":"9 People","selected":false,"tempId":"aco_3131","price":"1485","gt_translate_keys":["label"]},{"label":"10 People (1.650\u20ac)","value":"10 People","selected":false,"tempId":"aco_3213","price":"1650","gt_translate_keys":["label"]},{"label":"11 People (1.815\u20ac)","value":"11 People","selected":false,"tempId":"aco_3722","price":"1815","gt_translate_keys":["label"]},{"label":"12 People (1.980\u20ac)","value":"12 People","selected":false,"tempId":"aco_3732","price":"1980","gt_translate_keys":["label"]}],"dropdown_type":"basic","error":false,"placeholder":"None","priceOptions":"different_for_all","pricingType":"fixed","gt_translate_keys":["label","placeholder"],"price_dependency":false,"cl_dependency":false,"value":""}]]}},"config":{"price_override":"always","enable_recaptcha":false,"bind_quantity":false,"quantity_bind_formula":false,"disp_summ_show_option_price":false,"disp_summ_show_product_price":false,"disp_summ_show_total_price":true,"disp_summ_show_fee":false,"disp_summ_show_discount":false,"summary_title":"","options_total_label":"Options Price","total_label":"Total","options_product_label":"Product Price","fee_label":"Fee","discount_label":"Discount","has_price":true,"has_quantity_formula":false},"mc_unit":1,"tax_rate":1,"tax_rate_real":1,"discount":{"percentage":0,"fixed":0},"design":{"conf":{"LabelPosition":"above","DescPosition":"above","UploadField":"custom_1","QuantityFieldStyle":"custom_1"},"css":{"LeftLabelWidth":"120px"}},"formulas":[],"lookuptables":[],"clones":false,"cartKey":false}},"_links":{"self":[{"href":"https:\/\/canaryvip.com\/pt\/wp-json\/wp\/v2\/product\/8824","targetHints":{"allow":["GET"]}}],"collection":[{"href":"https:\/\/canaryvip.com\/pt\/wp-json\/wp\/v2\/product"}],"about":[{"href":"https:\/\/canaryvip.com\/pt\/wp-json\/wp\/v2\/types\/product"}],"replies":[{"embeddable":true,"href":"https:\/\/canaryvip.com\/pt\/wp-json\/wp\/v2\/comments?post=8824"}],"wp:featuredmedia":[{"embeddable":true,"href":"https:\/\/canaryvip.com\/pt\/wp-json\/wp\/v2\/media\/8825"}],"wp:attachment":[{"href":"https:\/\/canaryvip.com\/pt\/wp-json\/wp\/v2\/media?parent=8824"}],"wp:term":[{"taxonomy":"product_brand","embeddable":true,"href":"https:\/\/canaryvip.com\/pt\/wp-json\/wp\/v2\/product_brand?post=8824"},{"taxonomy":"product_cat","embeddable":true,"href":"https:\/\/canaryvip.com\/pt\/wp-json\/wp\/v2\/product_cat?post=8824"},{"taxonomy":"product_tag","embeddable":true,"href":"https:\/\/canaryvip.com\/pt\/wp-json\/wp\/v2\/product_tag?post=8824"}],"curies":[{"name":"wp","href":"https:\/\/api.w.org\/{rel}","templated":true}]}}