{"id":8821,"date":"2024-01-15T13:32:07","date_gmt":"2024-01-15T13:32:07","guid":{"rendered":"https:\/\/canaryvip.com\/?post_type=product&#038;p=8821"},"modified":"2025-09-19T12:00:06","modified_gmt":"2025-09-19T11:00:06","slug":"siam-park-vip-house","status":"publish","type":"product","link":"https:\/\/canaryvip.com\/pt\/shop\/siam-park-vip-house\/","title":{"rendered":"Casa VIP do Siam Park"},"content":{"rendered":"<section class=\"l-section wpb_row height_medium\"><div class=\"l-section-h i-cf\"><div class=\"g-cols vc_row via_flex valign_top type_default stacking_default\"><div class=\"vc_col-sm-12 wpb_column vc_column_container\"><div class=\"vc_column-inner\"><div class=\"wpb_wrapper\"><div class=\"wpb_text_column\"><div class=\"wpb_wrapper\"><p>\ud83c\udfdd\ufe0f <strong>Siam Park VIP House Experience com CanaryVIP<\/strong><\/p>\n<div class=\"min-h-&#091;20px&#093; text-message flex flex-col items-start gap-3 whitespace-pre-wrap break-words &#091;.text-message+&amp;&#093;:mt-5 overflow-x-auto\" data-message-author-role=\"assistant\" data-message-id=\"8a8a1897-a3c1-4569-9988-c0ed1c1bc6da\">\n<div class=\"markdown prose w-full break-words dark:prose-invert light\">\n<p>Bem-vindo ao Siam Park, um para\u00edso para os entusiastas da \u00e1gua em Tenerife. Reconhecido pelos seus passeios emocionantes e paisagens pitorescas, o parque oferece uma aventura como nenhuma outra. Desde os emocionantes <strong>Torre do Poder<\/strong> para a tranquilidade <strong>Rio Mai Thai,<\/strong>\u00a0H\u00e1 uma experi\u00eancia para cada tipo de pessoa que gosta de emo\u00e7\u00f5es fortes. Agora, eleve a sua visita com <strong>A experi\u00eancia exclusiva da Casa VIP do CanaryVIP,<\/strong>\u00a0onde o luxo se encontra com a aventura.<\/p>\n<h3>\ud83c\udf1f <strong>Amenidades da Casa VIP Premium<\/strong><\/h3>\n<ul>\n<li><strong>Eleg\u00e2ncia tailandesa<\/strong>: Inspirada na est\u00e9tica tailandesa, a Casa VIP oferece um o\u00e1sis de calma e luxo.<\/li>\n<li><strong>Conforto superior<\/strong>: Relaxe em estilo com sof\u00e1s macios, chuveiros no terra\u00e7o privado e espregui\u00e7adeiras.<\/li>\n<li><strong>Toalhas e duche<\/strong>: Toalhas limpas esperam por si e cada casa tem o seu pr\u00f3prio chuveiro privado para maior comodidade.<\/li>\n<li><strong>Controlo da climatiza\u00e7\u00e3o<\/strong>: Mantenha-se fresco com as nossas ventoinhas de \u00faltima gera\u00e7\u00e3o.<\/li>\n<li><strong>Seguran\u00e7a de objectos de valor<\/strong>: Guarde os seus pertences em seguran\u00e7a no nosso cofre de seguran\u00e7a.<\/li>\n<li><strong>Terra\u00e7o com espregui\u00e7adeiras<\/strong>: Desfrute do sol ou da sombra no seu terra\u00e7o privado, equipado com confort\u00e1veis espregui\u00e7adeiras.<\/li>\n<li><strong>Terra\u00e7o privado Jacuzzi<\/strong>: Desfrute do m\u00e1ximo relaxamento no seu jacuzzi exclusivo, a joia da coroa do conforto.<\/li>\n<\/ul>\n<h3>\ud83c\udfa5 <strong>Entretenimento e relaxamento no local<\/strong><\/h3>\n<ul>\n<li><strong>TV e sala de estar<\/strong>: Descontraia com os seus programas favoritos na nossa televis\u00e3o interna e relaxe no sof\u00e1 confort\u00e1vel.<\/li>\n<li><strong>Mini-bar<\/strong>: Um mini-bar abastecido com uma variedade de bebidas para saciar qualquer sede.<\/li>\n<li><strong>Servi\u00e7o com tudo inclu\u00eddo<\/strong>: Saboreie uma grande variedade de del\u00edcias culin\u00e1rias nos nossos restaurantes.<\/li>\n<li><strong>Bebidas e gelados<\/strong>: Desfrute de refrigerantes, cervejas, \u00e1gua e gelados ilimitados.<\/li>\n<\/ul>\n<h3>\ud83c\udfa2 <strong>Acesso exclusivo com VIP Fast Pass<\/strong><\/h3>\n<ul>\n<li><strong>Passe r\u00e1pido para todo o dia<\/strong>: Experimente o acesso imediato a todas as atrac\u00e7\u00f5es sem esperar na fila, aumentando a sua divers\u00e3o.<\/li>\n<\/ul>\n<h3>\ud83c\udf74 <strong>Refei\u00e7\u00f5es e bebidas com tudo inclu\u00eddo<\/strong><\/h3>\n<ul>\n<li><strong>Vastas op\u00e7\u00f5es culin\u00e1rias<\/strong>: Uma infinidade de op\u00e7\u00f5es gastron\u00f3micas dentro do parque satisfazem todos os paladares.<\/li>\n<li><strong>Bebidas ilimitadas<\/strong>: Mantenha-se refrescado com uma variedade de bebidas gratuitas.<\/li>\n<\/ul>\n<h3>\ud83d\udcb0 <strong>Pre\u00e7o e valor excepcionais<\/strong><\/h3>\n<\/div>\n<\/div>\n<div class=\"min-h-&#091;20px&#093; text-message flex flex-col items-start gap-3 whitespace-pre-wrap break-words &#091;.text-message+&amp;&#093;:mt-5 overflow-x-auto\" data-message-author-role=\"assistant\" data-message-id=\"cc56ef15-39ff-4986-80a9-f3d468fc7369\">\n<div class=\"markdown prose w-full break-words dark:prose-invert light\">\n<ul>\n<li><strong>Tarifa Inclusiva<\/strong>: A Casa VIP tem um pre\u00e7o de 910 euros e pode acolher at\u00e9 6 pessoas. O pre\u00e7o garante exclusividade e privacidade tanto para grupos pequenos como para grupos maiores.<\/li>\n<li><strong>Flexibilidade extra para os h\u00f3spedes<\/strong>: A casa pode acomodar at\u00e9 10 pessoas. \u00c9 cobrada uma taxa adicional de 151\u20ac por pessoa por cada h\u00f3spede para al\u00e9m dos seis iniciais.<\/li>\n<\/ul>\n<h3>\ud83d\ude8c <strong>Transporte conveniente e gratuito<\/strong><\/h3>\n<ul>\n<li><strong>Tr\u00e2nsito sem stress<\/strong>: Aproveite o servi\u00e7o de autocarro gratuito do Siam Park para um transporte f\u00e1cil.<\/li>\n<li><strong>Cobertura alargada<\/strong>: V\u00e1rios pontos de recolha em Tenerife para um acesso c\u00f3modo.<\/li>\n<\/ul>\n<h3>\u23f0 <strong>Planeie a sua melhor experi\u00eancia<\/strong><\/h3>\n<ul>\n<li><strong>Disponibilidade durante todo o ano<\/strong>: Aberto no ver\u00e3o (das 10h \u00e0s 18h) e no inverno (das 10h \u00e0s 17h).<\/li>\n<li><strong>Localiza\u00e7\u00e3o privilegiada<\/strong>: Situado na vibrante Costa Adeje, oferecendo vistas deslumbrantes e f\u00e1cil acesso.<\/li>\n<\/ul>\n<h3><b>Pol\u00edtica de cancelamento<\/b><\/h3>\n<ul>\n<li style=\"font-weight: 400;\" aria-level=\"1\"><span style=\"font-weight: 400;\">Cancelamentos efectuados <\/span><b>30 dias ou mais antes da data da atividade<\/b><span style=\"font-weight: 400;\"> n\u00e3o incorrer\u00e1 em qualquer penaliza\u00e7\u00e3o.<\/span>&nbsp;<\/li>\n<li style=\"font-weight: 400;\" aria-level=\"1\"><span style=\"font-weight: 400;\">Cancelamentos efectuados <\/span><b>entre 30 dias e 7 dias antes da data prevista<\/b><span style=\"font-weight: 400;\"> resultar\u00e1 num <\/span><b>Carga 60%<\/b><span style=\"font-weight: 400;\"> do montante da reserva.<\/span>&nbsp;<\/li>\n<li style=\"font-weight: 400;\" aria-level=\"1\"><span style=\"font-weight: 400;\">Cancelamentos efectuados <\/span><b>menos de 7 dias antes da atividade<\/b><span style=\"font-weight: 400;\"> resultar\u00e1 num <\/span><b>100% carga<\/b><span style=\"font-weight: 400;\"> do montante da reserva.<\/span><\/li>\n<\/ul>\n<h4>\ud83d\udd14 <strong>A sua aventura de luxo com o CanaryVIP<\/strong><\/h4>\n<ul>\n<li><strong>Entre na Opul\u00eancia<\/strong>: Melhore a sua visita ao Siam Park com uma estadia na Casa VIP.<\/li>\n<li><strong>Criar mem\u00f3rias duradouras<\/strong>: Reserve agora uma viagem cheia de luxo, emo\u00e7\u00e3o e momentos inesquec\u00edveis.<\/li>\n<\/ul>\n<\/div>\n<\/div>\n<\/div><\/div><\/div><\/div><\/div><\/div><\/div><\/section>","protected":false},"excerpt":{"rendered":"<p><strong>\ud83d\udd0d Siam Park House:<\/strong><br \/>\n\u2705 Pagamento seguro.<br \/>\n\ud83d\ude80 Passe r\u00e1pido VIP para todo o dia.<br \/>\n\ud83d\udc68\u200d\ud83d\udc69\u200d\ud83d\udc66 Pre\u00e7o para 6 pessoas.<br \/>\n\ud83d\udc65 Capacidade para at\u00e9 10 pessoas.<br \/>\n\ud83d\udca6 Jacuzzi no terra\u00e7o privado.<br \/>\n\ud83d\udd10 Cacifo e toalhas inclu\u00eddos.<br \/>\n\ud83c\udf54 Comida ilimitada.<br \/>\n\ud83c\udf7a Refrigerantes e cerveja ilimitados.<br \/>\n\ud83c\udfe0 Mais espa\u00e7o? <a href=\"https:\/\/canaryvip.com\/pt\/shop\/siam-park-vip-villa\/\">Visite o Siam Park Villa<\/a>.<br \/>\n\ud83e\udd11 Melhor pre\u00e7o garantido.<br \/>\n\ud83d\ude8d Autocarro de transporte gratuito.<br \/>\n\ud83c\udf0d Suporte em v\u00e1rias l\u00ednguas.<br \/>\n\ud83c\udf1f Reserve agora e poupe!<br \/>\n\ud83d\udc32 Descobrir <a href=\"https:\/\/canaryvip.com\/pt\/product-category\/tenerife\/theme-parks-tenerife\/siam-park-tickets\/\">todos os bilhetes para o Siam Park aqui<\/a>!<br \/>\n\ud83d\udccd Encontrar <a href=\"https:\/\/maps.app.goo.gl\/UfftQG3CrqW5R81r9\">Siam Park no Google Maps<\/a>!<\/p>","protected":false},"featured_media":8827,"comment_status":"open","ping_status":"closed","template":"","meta":{"_acf_changed":false},"product_brand":[],"product_cat":[54,55],"product_tag":[],"class_list":{"0":"post-8821","1":"product","2":"type-product","3":"status-publish","4":"has-post-thumbnail","6":"product_cat-theme-parks","7":"product_cat-siam-park-tickets","8":"wcpa_has_options","10":"first","11":"instock","12":"virtual","13":"purchasable","14":"product-type-simple"},"acf":[],"wcpa_form_fields":{"wcpaData":{"product":{"product_price":990,"price_html":"From&nbsp;<span class=\"woocommerce-Price-amount amount\"><bdi>990,00&nbsp;<span class=\"woocommerce-Price-currencySymbol\">&euro;<\/span><\/bdi><\/span>","original_product_price":990,"price_including_tax":990,"price_excluding_tax":990,"product_id":{"parent":8821,"variation":false},"is_variable":false,"stock_status":"instock","stock_quantity":null,"parent_sku":"CV8821","product_attributes":[],"custom_fields":[],"is_taxable":false,"product_name":"Siam Park VIP House","hasImage":false},"fields":{"sec_865dcbfa9364bf":{"extra":{"key":"sec_865dcbfa9364bf","section_id":"sec_865dcbfa9364bf","name":"Default","status":1,"cl_rule":"show","enableCl":false,"relations":[],"toggle":true,"title_tag":"h3","show_title":false,"showPrice":"default","form_id":10123,"form_rules":{"exclude_from_discount":true,"fee_label":"Fee","disp_hide_options_price":true,"disp_show_section_price":false,"disp_show_field_price":true,"layout_option":"standard","pric_use_as_fee":false,"process_fee_as":"woo_fee"},"layout_option":"standard"},"fields":[[{"active":true,"col":6,"relations":false,"cl_rule":"show","enableCl":false,"price":"","enablePrice":false,"className":"","label_position":"default","desc_position":"default","type":"date","required":false,"elementId":"date_565dcbfa9364dd","name":"date_565dcbfa9364dd","label":"\ud83d\udcc5 Date","picker_type":"custom","picker_mode":"single","error":false,"date_pic_inline":true,"date_pic_inline_hide":true,"min_date":{"type":"days","val":"3"},"max_date":{"type":"days_from_min","val":"500"},"date_pic_conf":{"disabledDates":["2024-06-18 to 2024-06-30","2024-07-01 to 2024-08-15","2024-08-16 to 2024-08-20","2024-08-21","2024-08-22 to 2024-08-23","2024-08-24","2024-08-25 to 2024-08-29","2024-08-30","2025-05-26 to 2025-05-29","2025-06-02","2025-06-20","2025-06-21 to 2025-06-24","2025-06-25","2025-06-26 to 2025-06-27","2025-06-30","2025-07-01","2025-07-03","2025-07-04","2025-07-06","2025-07-07 to 2025-07-08","2025-07-09","2025-07-10 to 2025-07-13","2025-07-14 to 2025-07-15","2025-07-16 to 2025-07-17","2025-07-18","2025-07-19","2025-07-20","2025-07-21","2025-07-22","2025-07-23","2025-07-24","2025-07-25","2025-07-26","2025-07-27","2025-07-28 to 2025-07-31","2025-08-01","2025-08-02","2025-08-03","2025-08-04","2025-08-05","2025-08-06","2025-08-07","2025-08-08 to 2025-08-09","2025-08-10","2025-08-11 to 2025-08-12","2025-08-13","2025-08-14","2025-08-15","2025-08-16 to 2025-08-18","2025-08-19","2025-08-20","2025-08-21","2025-08-22","2025-08-23","2025-08-24","2025-08-25","2025-08-26","2025-08-27","2025-08-28 to 2025-08-31","2026-03-31 to 2026-04-11"]},"isWeightTemplate":false,"isTemplate":false,"min_quantity":"1","quantity_decimal":false,"quantity_step":"1","quantity_label":"Quantity","repeater_field_label":"{field_label}","repeater_bind":"","gt_translate_keys":["label","repeater_field_label","quantity_label"],"price_dependency":false,"cl_dependency":false,"value":""}],[{"active":true,"col":6,"relations":false,"cl_rule":"show","enableCl":false,"price":"","enablePrice":true,"className":"","label_position":"default","desc_position":"default","type":"select","required":false,"elementId":"select_965dcbfa9364eb","label":"\ud83d\udc64 Group Size","name":"select_965dcbfa9364eb","values":[{"label":"1 Person (990\u20ac)","value":"1 Person","selected":false,"tempId":"aco_670","price":"990","gt_translate_keys":["label"]},{"label":"2 People (990\u20ac)","value":"2 People","selected":false,"tempId":"aco_671","price":"990","gt_translate_keys":["label"]},{"label":"3 People (990\u20ac)","value":"3 People","selected":false,"tempId":"aco_672","price":"990","gt_translate_keys":["label"]},{"label":"4 People (990\u20ac)","value":"4 People","selected":false,"tempId":"aco_898","price":"990","gt_translate_keys":["label"]},{"label":"5 People (990\u20ac)","value":"5 People","selected":false,"tempId":"aco_908","price":"990","gt_translate_keys":["label"]},{"label":"6 People (990\u20ac)","value":"6 People","selected":false,"tempId":"aco_1062","price":"990","gt_translate_keys":["label"]},{"label":"\u2500 Beyond 6 people, each extra person costs \u20ac165 \u2500","value":"\u2500 Beyond 6 people, each extra person costs \u20ac165 \u2500","selected":false,"tempId":"aco_1784","price":"990","gt_translate_keys":["label"]},{"label":"7 People (1.155\u20ac)","value":"7 People","selected":false,"tempId":"aco_2967","price":"1155","gt_translate_keys":["label"]},{"label":"8 People (1.320\u20ac)","value":"8 People","selected":false,"tempId":"aco_3049","price":"1320","gt_translate_keys":["label"]},{"label":"9 People (1.485\u20ac)","value":"9 People","selected":false,"tempId":"aco_3131","price":"1485","gt_translate_keys":["label"]},{"label":"10 People (1.650\u20ac)","value":"10 People","selected":false,"tempId":"aco_3213","price":"1650","gt_translate_keys":["label"]}],"dropdown_type":"basic","error":false,"placeholder":"None","priceOptions":"different_for_all","pricingType":"fixed","gt_translate_keys":["label","placeholder"],"price_dependency":false,"cl_dependency":false,"value":""}]]}},"config":{"price_override":"always","enable_recaptcha":false,"bind_quantity":false,"quantity_bind_formula":false,"disp_summ_show_option_price":false,"disp_summ_show_product_price":false,"disp_summ_show_total_price":true,"disp_summ_show_fee":false,"disp_summ_show_discount":false,"summary_title":"","options_total_label":"Options Price","total_label":"Total","options_product_label":"Product Price","fee_label":"Fee","discount_label":"Discount","has_price":true,"has_quantity_formula":false},"mc_unit":1,"tax_rate":1,"tax_rate_real":1,"discount":{"percentage":0,"fixed":0},"design":{"conf":{"LabelPosition":"above","DescPosition":"above","UploadField":"custom_1","QuantityFieldStyle":"custom_1"},"css":{"LeftLabelWidth":"120px"}},"formulas":[],"lookuptables":[],"clones":false,"cartKey":false}},"_links":{"self":[{"href":"https:\/\/canaryvip.com\/pt\/wp-json\/wp\/v2\/product\/8821","targetHints":{"allow":["GET"]}}],"collection":[{"href":"https:\/\/canaryvip.com\/pt\/wp-json\/wp\/v2\/product"}],"about":[{"href":"https:\/\/canaryvip.com\/pt\/wp-json\/wp\/v2\/types\/product"}],"replies":[{"embeddable":true,"href":"https:\/\/canaryvip.com\/pt\/wp-json\/wp\/v2\/comments?post=8821"}],"wp:featuredmedia":[{"embeddable":true,"href":"https:\/\/canaryvip.com\/pt\/wp-json\/wp\/v2\/media\/8827"}],"wp:attachment":[{"href":"https:\/\/canaryvip.com\/pt\/wp-json\/wp\/v2\/media?parent=8821"}],"wp:term":[{"taxonomy":"product_brand","embeddable":true,"href":"https:\/\/canaryvip.com\/pt\/wp-json\/wp\/v2\/product_brand?post=8821"},{"taxonomy":"product_cat","embeddable":true,"href":"https:\/\/canaryvip.com\/pt\/wp-json\/wp\/v2\/product_cat?post=8821"},{"taxonomy":"product_tag","embeddable":true,"href":"https:\/\/canaryvip.com\/pt\/wp-json\/wp\/v2\/product_tag?post=8821"}],"curies":[{"name":"wp","href":"https:\/\/api.w.org\/{rel}","templated":true}]}}