{"id":8817,"date":"2024-01-15T12:16:37","date_gmt":"2024-01-15T12:16:37","guid":{"rendered":"https:\/\/canaryvip.com\/?post_type=product&#038;p=8817"},"modified":"2025-09-19T12:01:26","modified_gmt":"2025-09-19T11:01:26","slug":"siam-park-vip-cabin","status":"publish","type":"product","link":"https:\/\/canaryvip.com\/pt\/shop\/siam-park-vip-cabin\/","title":{"rendered":"Cabina VIP do Siam Park"},"content":{"rendered":"<section class=\"l-section wpb_row height_medium\"><div class=\"l-section-h i-cf\"><div class=\"g-cols vc_row via_flex valign_top type_default stacking_default\"><div class=\"vc_col-sm-12 wpb_column vc_column_container\"><div class=\"vc_column-inner\"><div class=\"wpb_wrapper\"><div class=\"wpb_text_column\"><div class=\"wpb_wrapper\"><h2><strong>\ud83c\udfdd\ufe0f Experi\u00eancia na cabana VIP do Siam Park com CanaryVIP<\/strong><\/h2>\n<p>Bem-vindo ao Siam Park, o principal reino aqu\u00e1tico de Tenerife, conhecido pelos seus passeios emocionantes, paisagens deslumbrantes e a derradeira aventura aqu\u00e1tica. Desde a adrenalina <strong>Torre do Poder<\/strong> para o relaxamento <strong>Rio Mai Thai,<\/strong>\u00a0h\u00e1 algo para todos. Mergulhe num mundo onde a emo\u00e7\u00e3o se encontra com o relaxamento e torne a sua visita verdadeiramente inesquec\u00edvel com o <strong>Experi\u00eancia VIP Cabana. <\/strong><\/p>\n<p>Descubra porque \u00e9 que o Siam Park \u00e9 o destino ideal para divers\u00e3o em fam\u00edlia, relaxamento e aventura num para\u00edso tropical. Experimente o melhor do entretenimento aqu\u00e1tico e crie mem\u00f3rias que durar\u00e3o para toda a vida.<\/p>\n<h3><strong>Sele\u00e7\u00e3o exclusiva de cabanas<\/strong><\/h3>\n<ul>\n<li><strong>Temas de inspira\u00e7\u00e3o tailandesa<\/strong>: Escolha entre Cabana Phuket, Chiang Mai ou Rataburi, cada uma delas um santu\u00e1rio sereno de inspira\u00e7\u00e3o tailandesa.<\/li>\n<li><strong>Conforto inigual\u00e1vel<\/strong>: Desfrute de sof\u00e1s de pel\u00facia, chuveiros no terra\u00e7o privado e espregui\u00e7adeiras para o m\u00e1ximo em relaxamento e luxo.<\/li>\n<li><strong>Toalhas inclu\u00eddas<\/strong>: N\u00e3o precisa de se preocupar em levar toalhas; elas s\u00e3o fornecidas para sua conveni\u00eancia.<\/li>\n<li><strong>Ventilador para conforto<\/strong>: Mantenha-se fresco com a ventoinha inclu\u00edda.<\/li>\n<li><strong>Proteja os seus pertences<\/strong>: Utilize o cofre de seguran\u00e7a para sua tranquilidade.<\/li>\n<\/ul>\n<h3><strong>Entretenimento e conforto na cabina<\/strong><\/h3>\n<ul>\n<li><strong>TV e leitor de DVD<\/strong>: Cada cabana est\u00e1 equipada com uma televis\u00e3o e um leitor de DVD para as suas necessidades de entretenimento.<\/li>\n<li><strong>Refrescos \u00e0 m\u00e3o<\/strong>: Um mini-bar abastecido com uma variedade de bebidas para satisfazer as suas prefer\u00eancias.<\/li>\n<\/ul>\n<h3><strong>\ud83c\udfa2 Acesso priorit\u00e1rio com VIP Fast Pass<\/strong><\/h3>\n<ul>\n<li><strong>Entrada de atra\u00e7\u00e3o instant\u00e2nea<\/strong>: Com as pulseiras especiais para convidados VIP, desfrute de acesso imediato a todas as atrac\u00e7\u00f5es, evitando as filas de espera e maximizando o seu tempo de divers\u00e3o.<\/li>\n<\/ul>\n<h3>\ud83c\udf74 <strong>Refei\u00e7\u00f5es e bebidas com tudo inclu\u00eddo<\/strong><\/h3>\n<ul>\n<li><strong>Diversas op\u00e7\u00f5es de refei\u00e7\u00f5es<\/strong>: Delicie-se com uma variedade de op\u00e7\u00f5es culin\u00e1rias dentro do parque, para todos os gostos.<\/li>\n<li><strong>Bebidas ilimitadas<\/strong>: Desfrute de refrigerantes, cervejas, \u00e1gua e gelados gratuitos, garantindo a sua hidrata\u00e7\u00e3o e satisfa\u00e7\u00e3o.<\/li>\n<\/ul>\n<h3><strong>\ud83d\udcb0 Pre\u00e7o e valor excepcionais<\/strong><\/h3>\n<ul>\n<li><strong>Taxa global<\/strong>: A Cabana VIP tem um pre\u00e7o de 610 euros e pode acolher de 1 a 4 pessoas. Quer se trate de uma aventura a solo ou de um grupo de quatro pessoas, o pre\u00e7o \u00e9 o mesmo, garantindo exclusividade e privacidade.<\/li>\n<li><strong>Flexibilidade extra para os h\u00f3spedes<\/strong>: Se o seu grupo tiver mais de quatro pessoas, tem a op\u00e7\u00e3o de adicionar at\u00e9 2 convidados adicionais por 151 \u20ac cada, tornando-o vers\u00e1til para diferentes tamanhos de grupo.<\/li>\n<li><strong>Tarifas especiais de ver\u00e3o:<\/strong> Mantenha estas tarifas mesmo durante os meses de ver\u00e3o, julho e agosto.<\/li>\n<li><strong>Vantagem da reserva antecipada:<\/strong> Evite aumentos de pre\u00e7os reservando agora - garanta a tarifa de hoje para a sua futura visita!<\/li>\n<\/ul>\n<h3><strong>Transporte conveniente e gratuito<\/strong><\/h3>\n<ul>\n<li><strong>Viajar sem stress<\/strong>: Beneficie do servi\u00e7o de autocarro gratuito do Siam Park, que oferece transporte regular e conveniente.<\/li>\n<li><strong>Ampla cobertura<\/strong>: M\u00faltiplos pontos de recolha em Tenerife para um f\u00e1cil acesso de e para o parque.<\/li>\n<\/ul>\n<h3><strong>Planear a sua melhor experi\u00eancia<\/strong><\/h3>\n<ul>\n<li><strong>Aberto todo o ano<\/strong>: ver\u00e3o (10h - 18h), inverno (10h - 17h).<\/li>\n<li><strong>Acess\u00edvel e c\u00e9nico<\/strong>: Localizado na vibrante Costa Adeje, combinando belas vistas com f\u00e1cil acessibilidade.<\/li>\n<\/ul>\n<h3><strong>\ud83d\udd14 A sua aventura de luxo espera-o com o CanaryVIP<\/strong><\/h3>\n<ul>\n<li><strong>Entre no luxo<\/strong>: Eleve a sua visita ao Siam Park com uma estadia numa Cabana VIP.<\/li>\n<li><strong>Criar mem\u00f3rias inesquec\u00edveis<\/strong>: Reserve hoje mesmo e embarque numa viagem de luxo, emo\u00e7\u00e3o e momentos inesquec\u00edveis.<\/li>\n<\/ul>\n<h3><b>Condi\u00e7\u00f5es de anula\u00e7\u00e3o<\/b><\/h3>\n<ul>\n<li style=\"font-weight: 400;\" aria-level=\"1\"><span style=\"font-weight: 400;\">Cancelamento de reservas <\/span><b>um m\u00eas ou mais antes da data da atividade<\/b><span style=\"font-weight: 400;\"> n\u00e3o ser\u00e1 cobrado.<\/span>&nbsp;<\/li>\n<li style=\"font-weight: 400;\" aria-level=\"1\"><span style=\"font-weight: 400;\">Cancelamento de reservas <\/span><b>entre um m\u00eas e 7 dias antes<\/b><span style=\"font-weight: 400;\"> ser\u00e1 cobrado <\/span><b>60% do montante total<\/b><span style=\"font-weight: 400;\">.<\/span>&nbsp;<\/li>\n<li style=\"font-weight: 400;\" aria-level=\"1\"><span style=\"font-weight: 400;\">Cancelamento de reservas <\/span><b>com menos de 7 dias de anteced\u00eancia<\/b><span style=\"font-weight: 400;\"> ser\u00e1 cobrado <\/span><b>o montante total (100%)<\/b><span style=\"font-weight: 400;\">.<\/span><\/li>\n<\/ul>\n<h3>Eleve a sua aventura com o CanaryVIP<\/h3>\n<p>Reserve hoje mesmo a sua experi\u00eancia de Cabana VIP com o CanaryVIP e garanta que a sua visita ao Siam Park \u00e9 um momento de luxo e inesquec\u00edvel. Desfrute de benef\u00edcios exclusivos, acesso priorit\u00e1rio e conforto excecional, tornando cada momento da sua aventura verdadeiramente especial.<\/p>\n<p>N\u00e3o perca esta oportunidade de criar mem\u00f3rias duradouras no principal reino aqu\u00e1tico de Tenerife. Garanta j\u00e1 a sua Cabana VIP e embarque na derradeira viagem de relaxamento, emo\u00e7\u00e3o e luxo!<\/p>\n<\/div><\/div><\/div><\/div><\/div><\/div><\/div><\/section>","protected":false},"excerpt":{"rendered":"<p><strong>\ud83d\udd0d Siam Park Cabana:<\/strong><br \/>\n\u2705 Pagamento seguro.<br \/>\n\ud83d\ude80 Passe r\u00e1pido VIP para todo o dia.<br \/>\n\ud83d\udc68\u200d\ud83d\udc69\u200d\ud83d\udc66 Pre\u00e7o para 4 pessoas.<br \/>\nCapacidade para 6 pessoas.<br \/>\n\ud83d\udd10 Cacifo e toalhas inclu\u00eddos.<br \/>\n\ud83c\udf54 Comida ilimitada.<br \/>\n\ud83c\udf7a Refrigerantes e cerveja ilimitados.<br \/>\n\ud83c\udfe0 Mais espa\u00e7o? Veja o <a href=\"https:\/\/canaryvip.com\/pt\/shop\/siam-park-vip-house\/\">Siam Park House<\/a>.<br \/>\n\ud83e\udd11 Melhor pre\u00e7o garantido.<br \/>\n\ud83d\ude8d Autocarro de transporte gratuito.<br \/>\n\ud83c\udf0d Suporte em v\u00e1rias l\u00ednguas.<br \/>\n\ud83c\udf1f Reserve agora e poupe!<br \/>\n\ud83d\udc32 Descobrir <a href=\"https:\/\/canaryvip.com\/pt\/product-category\/tenerife\/theme-parks-tenerife\/siam-park-tickets\/\">todos os bilhetes para o Siam Park aqui<\/a>!<br \/>\n\ud83d\udccd Encontrar <a href=\"https:\/\/maps.app.goo.gl\/UfftQG3CrqW5R81r9\">Siam Park no Google Maps<\/a>!<\/p>","protected":false},"featured_media":8819,"comment_status":"open","ping_status":"closed","template":"","meta":{"_acf_changed":false},"product_brand":[],"product_cat":[55,54],"product_tag":[],"class_list":{"0":"post-8817","1":"product","2":"type-product","3":"status-publish","4":"has-post-thumbnail","6":"product_cat-siam-park-tickets","7":"product_cat-theme-parks","8":"wcpa_has_options","10":"first","11":"instock","12":"virtual","13":"purchasable","14":"product-type-simple"},"acf":[],"wcpa_form_fields":{"wcpaData":{"product":{"product_price":660,"price_html":"From&nbsp;<span class=\"woocommerce-Price-amount amount\"><bdi>660,00&nbsp;<span class=\"woocommerce-Price-currencySymbol\">&euro;<\/span><\/bdi><\/span>","original_product_price":660,"price_including_tax":660,"price_excluding_tax":660,"product_id":{"parent":8817,"variation":false},"is_variable":false,"stock_status":"instock","stock_quantity":null,"parent_sku":"CV8817","product_attributes":[],"custom_fields":[],"is_taxable":false,"product_name":"Siam Park VIP Cabin","hasImage":false},"fields":{"sec_765dcbaa6daedc":{"extra":{"key":"sec_765dcbaa6daedc","section_id":"sec_765dcbaa6daedc","name":"Default","status":1,"cl_rule":"show","enableCl":false,"relations":[],"toggle":true,"title_tag":"h3","show_title":false,"showPrice":"default","form_id":10122,"form_rules":{"exclude_from_discount":true,"fee_label":"Fee","disp_hide_options_price":true,"disp_show_section_price":false,"disp_show_field_price":true,"layout_option":"standard","pric_use_as_fee":false,"process_fee_as":"woo_fee"},"layout_option":"standard"},"fields":[[{"active":true,"col":6,"relations":false,"cl_rule":"show","enableCl":false,"price":"","enablePrice":false,"className":"","label_position":"default","desc_position":"default","type":"date","required":false,"elementId":"date_9651671511","name":"date_9651671511","label":"\ud83d\udcc5 Date","picker_type":"custom","picker_mode":"single","error":false,"date_pic_inline":true,"date_pic_inline_hide":true,"min_date":{"type":"days","val":"3"},"max_date":{"type":"days_from_min","val":"700"},"date_pic_conf":{"disabledDates":["2025-07-01 to 2025-08-31","2025-10-01 to 2025-11-01","2026-04-01","2026-04-02 to 2026-04-07","2026-04-08"],"enabledDates":[]},"isWeightTemplate":false,"isTemplate":false,"min_quantity":"1","quantity_decimal":false,"quantity_step":"1","quantity_label":"Quantity","repeater_field_label":"{field_label}","repeater_bind":"","gt_translate_keys":["label","repeater_field_label","quantity_label"],"price_dependency":false,"cl_dependency":false,"value":""}],[{"active":true,"col":6,"relations":false,"cl_rule":"show","enableCl":false,"price":"","enablePrice":true,"className":"","label_position":"default","desc_position":"default","type":"select","required":false,"elementId":"select_5229375457","label":"\ud83d\udc64 Group Size","name":"select_5229375457","values":[{"label":"1 Person (660\u20ac)","value":"1 Person","selected":false,"tempId":"aco_670","price":"660","gt_translate_keys":["label"]},{"label":"2 People (660\u20ac)","value":"2 People","selected":false,"tempId":"aco_671","price":"660","gt_translate_keys":["label"]},{"label":"3 People (660\u20ac)","value":"3 People","selected":false,"tempId":"aco_672","price":"660","gt_translate_keys":["label"]},{"label":"4 People (660\u20ac)","value":"4 People","selected":false,"tempId":"aco_898","price":"660","gt_translate_keys":["label"]},{"label":"\u2500 Beyond 4 people, each extra person costs \u20ac165 \u2500","value":"\u2500 Beyond 4 people, each extra person costs \u20ac165 \u2500","selected":false,"tempId":"aco_1784","price":"660","gt_translate_keys":["label"]},{"label":"5 People (825\u20ac)","value":"5 People","selected":false,"tempId":"aco_908","price":"825","gt_translate_keys":["label"]},{"label":"6 People (990\u20ac)","value":"6 People","selected":false,"tempId":"aco_1062","price":"990","gt_translate_keys":["label"]}],"dropdown_type":"basic","error":false,"placeholder":"None","priceOptions":"different_for_all","pricingType":"fixed","gt_translate_keys":["label","placeholder"],"price_dependency":false,"cl_dependency":false,"value":""}]]}},"config":{"price_override":"always","enable_recaptcha":false,"bind_quantity":false,"quantity_bind_formula":false,"disp_summ_show_option_price":false,"disp_summ_show_product_price":false,"disp_summ_show_total_price":true,"disp_summ_show_fee":false,"disp_summ_show_discount":false,"summary_title":"","options_total_label":"Options Price","total_label":"Total","options_product_label":"Product Price","fee_label":"Fee","discount_label":"Discount","has_price":true,"has_quantity_formula":false},"mc_unit":1,"tax_rate":1,"tax_rate_real":1,"discount":{"percentage":0,"fixed":0},"design":{"conf":{"LabelPosition":"above","DescPosition":"above","UploadField":"custom_1","QuantityFieldStyle":"custom_1"},"css":{"LeftLabelWidth":"120px"}},"formulas":[],"lookuptables":[],"clones":false,"cartKey":false}},"_links":{"self":[{"href":"https:\/\/canaryvip.com\/pt\/wp-json\/wp\/v2\/product\/8817","targetHints":{"allow":["GET"]}}],"collection":[{"href":"https:\/\/canaryvip.com\/pt\/wp-json\/wp\/v2\/product"}],"about":[{"href":"https:\/\/canaryvip.com\/pt\/wp-json\/wp\/v2\/types\/product"}],"replies":[{"embeddable":true,"href":"https:\/\/canaryvip.com\/pt\/wp-json\/wp\/v2\/comments?post=8817"}],"wp:featuredmedia":[{"embeddable":true,"href":"https:\/\/canaryvip.com\/pt\/wp-json\/wp\/v2\/media\/8819"}],"wp:attachment":[{"href":"https:\/\/canaryvip.com\/pt\/wp-json\/wp\/v2\/media?parent=8817"}],"wp:term":[{"taxonomy":"product_brand","embeddable":true,"href":"https:\/\/canaryvip.com\/pt\/wp-json\/wp\/v2\/product_brand?post=8817"},{"taxonomy":"product_cat","embeddable":true,"href":"https:\/\/canaryvip.com\/pt\/wp-json\/wp\/v2\/product_cat?post=8817"},{"taxonomy":"product_tag","embeddable":true,"href":"https:\/\/canaryvip.com\/pt\/wp-json\/wp\/v2\/product_tag?post=8817"}],"curies":[{"name":"wp","href":"https:\/\/api.w.org\/{rel}","templated":true}]}}