{"id":15386,"date":"2025-08-07T14:09:56","date_gmt":"2025-08-07T13:09:56","guid":{"rendered":"https:\/\/canaryvip.com\/?post_type=product&#038;p=15386"},"modified":"2025-08-09T13:45:20","modified_gmt":"2025-08-09T12:45:20","slug":"crazy-ufo-twister-tenerife","status":"publish","type":"product","link":"https:\/\/canaryvip.com\/pt\/shop\/crazy-ufo-twister-tenerife\/","title":{"rendered":"OVNI louco e Twister Tenerife"},"content":{"rendered":"<h2><strong>\ud83d\ude80 Crazy UFO Tenerife - Divers\u00e3o a alta velocidade na \u00e1gua<\/strong><\/h2>\n<p>\u00c0 procura de um passeio selvagem? Suba no <strong>OVNI louco de Tenerife<\/strong> e prepare-se para uma mistura intensa de velocidade, salpicos e pura adrenalina. Esta \u00e9 uma das mais emocionantes <strong>desportos aqu\u00e1ticos em Tenerife<\/strong>O programa \u00e9 perfeito para fam\u00edlias, casais ou grupos de amigos que procuram algo inesquec\u00edvel para fazer na Costa Adeje.<\/p>\n<h3><strong>Partida de Puerto Col\u00f3n<\/strong><\/h3>\n<ul>\n<li><strong>F\u00e1cil acesso:<\/strong> A sua aventura come\u00e7a a partir de <a href=\"https:\/\/maps.app.goo.gl\/bkqEhAxsobcjz9wG9\" target=\"_blank\" rel=\"noopener\">Puerto Col\u00f3n<\/a>O porto de Tenerife \u00e9 um dos portos mais populares do sul de Tenerife. \u00c9 de f\u00e1cil acesso e est\u00e1 rodeado de \u00f3ptimas vibra\u00e7\u00f5es de praia.<\/li>\n<li><strong>Briefing r\u00e1pido:<\/strong> Antes do passeio, receber\u00e1 um briefing de seguran\u00e7a da equipa experiente para garantir que tudo est\u00e1 pronto para uma experi\u00eancia segura e divertida.<\/li>\n<\/ul>\n<h3><strong>Porqu\u00ea escolher o passeio louco de OVNI em Tenerife?<\/strong><\/h3>\n<ul>\n<li><strong>Adrenalina intensa:<\/strong> N\u00e3o se trata apenas de uma boia insufl\u00e1vel normal. O Crazy UFO gira, desliza e salta sobre as ondas de uma forma que o far\u00e1 rir e gritar ao mesmo tempo.<\/li>\n<li><strong>Perfeito para todos:<\/strong> N\u00e3o precisa de ser um profissional. Quer seja a sua primeira atividade aqu\u00e1tica ou a sua d\u00e9cima, este passeio \u00e9 seguro e divertido para todos os n\u00edveis de aptid\u00e3o - desde principiantes a pessoas que procuram emo\u00e7\u00e3o.<\/li>\n<li><strong>Vistas deslumbrantes:<\/strong> Enquanto estiver a voar sobre o oceano, reserve um segundo para admirar a bela costa da Playa de las Am\u00e9ricas e as \u00e1guas cintilantes do Atl\u00e2ntico.<\/li>\n<\/ul>\n<h3><strong>Grande valor para um passeio curto mas intenso<\/strong><\/h3>\n<ul>\n<li><strong>Dura\u00e7\u00e3o:<\/strong> Um passeio emocionante de 15 minutos repleto de a\u00e7\u00e3o.<\/li>\n<li><strong>Pre\u00e7o acess\u00edvel:<\/strong> Uma op\u00e7\u00e3o divertida e econ\u00f3mica para quem quer experimentar <strong>actividades aqu\u00e1ticas em Tenerife<\/strong> sem gastar uma fortuna.<\/li>\n<li><strong>Fotos dispon\u00edveis:<\/strong> N\u00e3o se esque\u00e7a de ver as fotografias da sua viagem dispon\u00edveis para compra - vai querer provas dessas caras selvagens!<\/li>\n<\/ul>\n<h3><strong>\u2696\ufe0f Reservas e cancelamentos flex\u00edveis<\/strong><\/h3>\n<ul>\n<li><strong>F\u00e1cil de reservar:<\/strong> No CanaryVIP, fazemos com que a reserva do seu passeio de OVNI louco seja f\u00e1cil e r\u00e1pida. Basta escolher a sua data e garantir o seu lugar.<\/li>\n<li><strong>Cancelamento gratuito:<\/strong> Mudan\u00e7a de planos? N\u00e3o h\u00e1 problema. Pode cancelar a sua reserva at\u00e9 24 horas antes da atividade para obter um reembolso total. Sem stress, sem preocupa\u00e7\u00f5es.<\/li>\n<\/ul>\n<h3><strong>\u2705 O que est\u00e1 inclu\u00eddo no passeio louco do OVNI em Tenerife?<\/strong><\/h3>\n<ul>\n<li>Coletes salva-vidas e equipamento de seguran\u00e7a para todos os participantes.<\/li>\n<li>15 minutos de a\u00e7\u00e3o a alta velocidade no insufl\u00e1vel Crazy UFO.<\/li>\n<li>Pessoal profissional e simp\u00e1tico para garantir um tempo seguro e divertido.<\/li>\n<li>Fotos opcionais do seu passeio para manter as mem\u00f3rias vivas.<\/li>\n<\/ul>\n<h3><strong>Porqu\u00ea reservar com a CanaryVIP?<\/strong><\/h3>\n<ul>\n<li>Trabalhamos com as empresas de desportos aqu\u00e1ticos mais conceituadas de Tenerife para oferecer apenas as melhores e mais seguras experi\u00eancias.<\/li>\n<li>Estamos sediados em Tenerife e dispon\u00edveis para o ajudar com conselhos locais, antes e depois da sua reserva.<\/li>\n<li>Pode combin\u00e1-lo com outros <strong>actividades aqu\u00e1ticas em Tenerife<\/strong> como <a href=\"https:\/\/canaryvip.com\/pt\/shop\/jetski-tenerife\/\">passeios de jet ski<\/a>, <a href=\"https:\/\/canaryvip.com\/pt\/shop\/parasailing-tenerife\/\">parasailing<\/a> ou <a href=\"https:\/\/canaryvip.com\/pt\/tenerife\/boat-excursions\/\">passeios de barco<\/a>-tudo na mesma zona!<\/li>\n<\/ul>\n<h3><strong>\ud83c\udf92 O que levar<\/strong><\/h3>\n<ul>\n<li><strong>Fatos de banho:<\/strong> Vai-se molhar! Vem vestido para a \u00e1gua e pronto para te divertires.<\/li>\n<li><strong>Prote\u00e7\u00e3o solar:<\/strong> Levar protetor solar, especialmente nos dias de sol.<\/li>\n<li><strong>Deixar objectos de valor para tr\u00e1s:<\/strong> Existem \u00e1reas de armazenamento seguras no porto onde pode deixar as suas coisas enquanto estiver a viajar.<\/li>\n<\/ul>\n<h3>\u2753 <strong>Perguntas mais frequentes<\/strong><\/h3>\n<ul>\n<li><strong>O OVNI Louco \u00e9 seguro?<\/strong> Sem d\u00favida. A seguran\u00e7a \u00e9 uma prioridade m\u00e1xima. O passeio \u00e9 supervisionado por profissionais treinados e todos os participantes usam coletes salva-vidas.<\/li>\n<li><strong>Preciso de saber nadar?<\/strong> N\u00e3o \u00e9 necess\u00e1rio ter experi\u00eancia de nata\u00e7\u00e3o. Usar\u00e1 sempre um colete salva-vidas.<\/li>\n<li><strong>Qual \u00e9 a idade m\u00ednima?<\/strong> As crian\u00e7as a partir dos 10 anos podem normalmente andar, mas \u00e9 sempre melhor perguntar-nos antes de reservar se n\u00e3o tiver a certeza.<\/li>\n<\/ul>\n<h4><strong>Prepara-te para gritar, rir e chapinhar!<\/strong><\/h4>\n<p>N\u00e3o perca uma das mais divertidas <strong>desportos aqu\u00e1ticos em Tenerife<\/strong>. Reserve o seu <strong>OVNI louco de Tenerife<\/strong> viaje hoje com o CanaryVIP e experimente a emo\u00e7\u00e3o de voar sobre as ondas numa das actividades aqu\u00e1ticas mais emocionantes que a ilha tem para oferecer.<\/p>","protected":false},"excerpt":{"rendered":"<p>\ud83d\udd0d<strong> OVNI louco e Twister Tenerife:<br \/>\n<\/strong>\u2705 Pagamento seguro.<br \/>\nAt\u00e9 8 passageiros por viagem.<br \/>\nAs viagens duram 15 minutos.<br \/>\n\ud83c\udfde\ufe0f Passeios a alta velocidade.<br \/>\n\ud83d\udd59 Ao longo do dia.<br \/>\n\ud83d\udcc5 Dispon\u00edvel diariamente.<br \/>\n\ud83e\udd11 Melhor pre\u00e7o garantido.<br \/>\n\ud83d\udc6a Descontos para grupos.<br \/>\n\ud83d\udd01 Pol\u00edtica de cancelamento de 24 horas.<br \/>\n\ud83c\udf0d Suporte para v\u00e1rios idiomas.<br \/>\n\ud83c\udf1f Reserve com anteced\u00eancia para poupar.<br \/>\n\ud83d\udccd Partida de <a href=\"https:\/\/maps.app.goo.gl\/bkqEhAxsobcjz9wG9\">Puerto Col\u00f3n<\/a>.<\/p>","protected":false},"featured_media":15388,"comment_status":"open","ping_status":"closed","template":"","meta":{"_acf_changed":false},"product_brand":[],"product_cat":[53],"product_tag":[],"class_list":{"0":"post-15386","1":"product","2":"type-product","3":"status-publish","4":"has-post-thumbnail","6":"product_cat-water-sports","7":"wcpa_has_options","9":"first","10":"instock","11":"virtual","12":"purchasable","13":"product-type-simple"},"acf":[],"wcpa_form_fields":{"wcpaData":{"product":{"product_price":18,"price_html":"From&nbsp;<span class=\"woocommerce-Price-amount amount\"><bdi>18,00&nbsp;<span class=\"woocommerce-Price-currencySymbol\">&euro;<\/span><\/bdi><\/span>","original_product_price":18,"price_including_tax":18,"price_excluding_tax":18,"product_id":{"parent":15386,"variation":false},"is_variable":false,"stock_status":"instock","stock_quantity":null,"parent_sku":"CV15386","product_attributes":[],"custom_fields":[],"is_taxable":false,"product_name":"Crazy UFO & Twister Tenerife","hasImage":false},"fields":{"sec_16894ab7dd6246":{"extra":{"key":"sec_16894ab7dd6246","section_id":"sec_16894ab7dd6246","name":"Default","status":1,"cl_rule":"show","enableCl":false,"relations":[],"toggle":true,"title_tag":"h3","show_title":false,"showPrice":"default","form_id":15391,"form_rules":{"exclude_from_discount":true,"fee_label":"Fee","disp_hide_options_price":true,"disp_show_section_price":false,"disp_show_field_price":true,"layout_option":"standard","pric_use_as_fee":false,"process_fee_as":"woo_fee"},"layout_option":"standard"},"fields":[[{"label":"\ud83d\udcc5 Date","active":true,"required":true,"elementId":"date_26894ab7dd6265","picker_type":"custom","picker_mode":"single","placeholder":"","description":"","tooltip":"","name":"date_26894ab7dd6265","label_position":"default","desc_position":"default","enablePrice":false,"className":"","enableCl":false,"relations":[{"operator":"and","rules":[{"operator":"AND","rules":{"cl_field":"radio-group_5661bc90f5e8f5","cl_relation":"is_not_empty","cl_val":"3 Hour Trip"}}]}],"date_pic_inline":true,"date_pic_inline_hide":true,"min_date":{"type":"days","val":"1"},"max_date":{"type":"days","val":"365"},"date_pic_conf":{"disabledWeeks":[]},"price":"","cl_rule":"show","col":6,"type":"date","error":false,"enableDesign":false,"LabelColor":"","isWeightTemplate":false,"isTemplate":false,"min_quantity":"1","quantity_decimal":false,"quantity_step":"1","quantity_label":"Quantity","repeater_field_label":"{field_label}","repeater_bind":"","gt_translate_keys":["label","placeholder","description","tooltip","repeater_field_label","quantity_label"],"price_dependency":false,"cl_dependency":false,"value":""}],[{"active":true,"col":6,"relations":false,"cl_rule":"show","enableCl":false,"price":"","enablePrice":false,"className":"","label_position":"default","desc_position":"default","type":"select","required":true,"elementId":"select_66894ab7dd6273","label":"\u23f0 Departure Time","name":"select_66894ab7dd6273","values":[{"label":"Whichever Time is Best","value":"Whichever Time is Best","selected":false,"tempId":"aco_312","gt_translate_keys":["label"]},{"label":"10:00","value":"10:00","selected":false,"tempId":"aco_313","gt_translate_keys":["label"]},{"label":"11:00","value":"11:00","selected":false,"tempId":"aco_314","gt_translate_keys":["label"]},{"label":"12:00","value":"12:00","selected":false,"tempId":"aco_711","gt_translate_keys":["label"]},{"label":"13:00","value":"13:00","selected":false,"tempId":"aco_721","gt_translate_keys":["label"]},{"label":"14:00","value":"14:00","selected":false,"tempId":"aco_983","gt_translate_keys":["label"]},{"label":"15:00","value":"15:00","selected":false,"tempId":"aco_993","gt_translate_keys":["label"]},{"label":"16:00","value":"16:00","selected":false,"tempId":"aco_1183","gt_translate_keys":["label"]}],"dropdown_type":"basic","error":false,"multiple":false,"placeholder":"None","isWeightTemplate":false,"isTemplate":false,"min_quantity":"1","quantity_decimal":false,"quantity_step":"1","quantity_label":"Quantity","repeater_field_label":"{field_label}","repeater_bind":"","gt_translate_keys":["label","placeholder","repeater_field_label","quantity_label"],"price_dependency":false,"cl_dependency":false,"value":""}],[{"active":true,"col":6,"relations":[{"operator":false,"rules":[{"operator":"AND","rules":{"cl_field":"","cl_relation":"","cl_val":""}}]}],"cl_rule":"show","enableCl":true,"price":"18","enablePrice":true,"className":"","label_position":"default","desc_position":"default","type":"radio-group","required":false,"elementId":"radio-group_76894ab7dd6281","label":"","name":"radio-group_76894ab7dd6281","values":[{"label":"\ud83d\udc64 People (18\u20ac)","value":"People","selected":true,"tempId":"aco_32","tooltip":"","description":"","gt_translate_keys":["label","tooltip","description"]}],"layOut":"","error":false,"checkUi":"button","priceOptions":"fixed_for_all","pricingType":"fixed","enable_quantity":true,"quantity_label":"","min_quantity":"0","options_tooltip":true,"options_description":true,"is_show_price":true,"isWeightTemplate":false,"isTemplate":false,"quantity_decimal":false,"quantity_step":"1","repeater_field_label":"{field_label}","repeater_bind":"","gt_translate_keys":["label","repeater_field_label","quantity_label"],"price_dependency":false,"cl_dependency":false,"value":""}],[{"active":true,"col":6,"relations":false,"cl_rule":"show","enableCl":false,"price":"","enablePrice":false,"className":"","label_position":"default","desc_position":"default","type":"separator","required":false,"elementId":"separator_16894ab7dd628d","label":"Separator Field","height":"6","separatorType":"fill","error":false,"separatorColor":"#66a5b6","gt_translate_keys":["label"],"price_dependency":false,"cl_dependency":false,"value":""}],[{"active":true,"col":6,"relations":false,"cl_rule":"show","enableCl":false,"price":"{field.radio-group_76894ab7dd6281.quantity}*6","enablePrice":true,"className":"","label_position":"default","desc_position":"default","type":"content","required":false,"elementId":"content_66894ab7dd6297","label":"Deposit Now","name":"content_66894ab7dd6297","contentType":"plain","value":"","error":false,"subtype":"div","inline":true,"show_in_checkout":true,"pricingType":"custom","isTemplate":false,"gt_translate_keys":["label","value"],"price_dependency":false,"cl_dependency":false}],[{"contentType":"plain","active":true,"label":"Payment at Arrival","elementId":"content_96894ab7dd62a1","value":"","inline":true,"show_in_checkout":true,"name":"content_96894ab7dd62a1","enablePrice":true,"className":"","subtype":"div","enableCl":false,"relations":false,"pricingType":"custom","isTemplate":false,"price":"{field.radio-group_76894ab7dd6281.quantity}*12","is_show_price":true,"cl_rule":"show","col":6,"type":"content","error":false,"gt_translate_keys":["label","value"],"price_dependency":false,"cl_dependency":false}],[{"contentType":"plain","active":true,"label":"Total Price","elementId":"content_76894ab7dd62ab","value":"","inline":true,"show_in_checkout":true,"name":"content_76894ab7dd62ab","enablePrice":true,"className":"","subtype":"div","enableCl":false,"relations":false,"pricingType":"custom","isTemplate":false,"price":"{field.radio-group_76894ab7dd6281.quantity}*18","is_show_price":true,"cl_rule":"show","col":6,"type":"content","error":false,"gt_translate_keys":["label","value"],"price_dependency":false,"cl_dependency":false}]]}},"config":{"price_override":"always","enable_recaptcha":false,"bind_quantity":false,"quantity_bind_formula":false,"disp_summ_show_option_price":true,"disp_summ_show_product_price":false,"disp_summ_show_total_price":true,"disp_summ_show_fee":true,"disp_summ_show_discount":true,"summary_title":"","options_total_label":"Options Price","total_label":"Total Amount","options_product_label":"Product Price","fee_label":"Fee","discount_label":"Discount","has_price":true,"has_quantity_formula":false},"mc_unit":1,"tax_rate":1,"tax_rate_real":1,"discount":{"percentage":0,"fixed":0},"design":{"conf":{"LabelPosition":"above","DescPosition":"above","UploadField":"custom_1","QuantityFieldStyle":"custom_1"},"css":{"LeftLabelWidth":"120px"}},"formulas":[],"lookuptables":[],"clones":false,"cartKey":false}},"_links":{"self":[{"href":"https:\/\/canaryvip.com\/pt\/wp-json\/wp\/v2\/product\/15386","targetHints":{"allow":["GET"]}}],"collection":[{"href":"https:\/\/canaryvip.com\/pt\/wp-json\/wp\/v2\/product"}],"about":[{"href":"https:\/\/canaryvip.com\/pt\/wp-json\/wp\/v2\/types\/product"}],"replies":[{"embeddable":true,"href":"https:\/\/canaryvip.com\/pt\/wp-json\/wp\/v2\/comments?post=15386"}],"wp:featuredmedia":[{"embeddable":true,"href":"https:\/\/canaryvip.com\/pt\/wp-json\/wp\/v2\/media\/15388"}],"wp:attachment":[{"href":"https:\/\/canaryvip.com\/pt\/wp-json\/wp\/v2\/media?parent=15386"}],"wp:term":[{"taxonomy":"product_brand","embeddable":true,"href":"https:\/\/canaryvip.com\/pt\/wp-json\/wp\/v2\/product_brand?post=15386"},{"taxonomy":"product_cat","embeddable":true,"href":"https:\/\/canaryvip.com\/pt\/wp-json\/wp\/v2\/product_cat?post=15386"},{"taxonomy":"product_tag","embeddable":true,"href":"https:\/\/canaryvip.com\/pt\/wp-json\/wp\/v2\/product_tag?post=15386"}],"curies":[{"name":"wp","href":"https:\/\/api.w.org\/{rel}","templated":true}]}}