{"id":15373,"date":"2025-08-07T12:36:55","date_gmt":"2025-08-07T11:36:55","guid":{"rendered":"https:\/\/canaryvip.com\/?post_type=product&#038;p=15373"},"modified":"2025-10-23T10:52:49","modified_gmt":"2025-10-23T09:52:49","slug":"bellini-luxury-yacht-tenerife","status":"publish","type":"product","link":"https:\/\/canaryvip.com\/pt\/shop\/bellini-luxury-yacht-tenerife\/","title":{"rendered":"Bellini Iate de luxo Tenerife"},"content":{"rendered":"<h2><strong>\ud83d\udee5\ufe0f Bellini Aluguer de iates de luxo em Tenerife<\/strong><\/h2>\n<p class=\"translation-block\">Experimente uma das aventuras mais exclusivas de aluguer de barcos na ilha com o <strong>Bellini Luxury Yacht Tenerife<\/strong>. Partindo da pitoresca marina de <a href=\"https:\/\/maps.app.goo.gl\/Xq4LkTRqPjHQzRBE8\" target=\"_blank\" rel=\"noopener\">Puerto de Los Gigantes<\/a>, este charter privado oferece acesso direto a algumas das paisagens mais deslumbrantes de Tenerife, incluindo as imponentes fal\u00e9sias de Los Gigantes e a costa imaculada de Masca.<\/p>\n<p class=\"translation-block\">Quer esteja a celebrar uma ocasi\u00e3o especial ou simplesmente \u00e0 procura de <strong>alugar um iate em Tenerife<\/strong> para uma escapadela de luxo, o Bellini \u00e9 a escolha perfeita para eleg\u00e2ncia, conforto e vistas inesquec\u00edveis.<\/p>\n<h3>\u2b50\ufe0f <strong>Porque \u00e9 que o Bellini \u00e9 um dos iates de luxo de topo em Tenerife<\/strong><\/h3>\n<p><span style=\"text-decoration: underline;\"><strong>O que distingue a Bellini:<\/strong><\/span><\/p>\n<p><strong>Bem-vindo exclusivo:<\/strong> Cada charter come\u00e7a com uma rece\u00e7\u00e3o calorosa com uma sele\u00e7\u00e3o de frutas tropicais frescas e presunto ib\u00e9rico 5J de primeira qualidade, dando o tom para uma experi\u00eancia de navega\u00e7\u00e3o de alta qualidade.<\/p>\n<p><strong>Bar aberto:<\/strong> Desfrute de bebidas ilimitadas, incluindo vinho, cerveja, \u00e1gua, sumos, refrigerantes e cava.<\/p>\n<p><strong>Acesso privado a praias escondidas:<\/strong> Gra\u00e7as ao seu servi\u00e7o de bote, o Bellini permite aos h\u00f3spedes chegar a enseadas e praias escondidas para uma paragem verdadeiramente exclusiva ao longo da costa.<\/p>\n<h4>\ud83c\udf0a <strong>Actividades inclu\u00eddas a bordo<\/strong><\/h4>\n<p class=\"translation-block\">Este <strong>iate de luxo em Tenerife<\/strong> \u00e9 mais do que apenas velejar, \u00e9 sobre criar mem\u00f3rias:<\/p>\n<ul>\n<li><strong>\ud83c\udfc4 Paddle Surf:<\/strong> Divirta-se na \u00e1gua com pranchas de stand-up paddle, f\u00e1ceis para principiantes e relaxantes para todos.<\/li>\n<li><strong>Equipamento de snorkeling:<\/strong> Mergulhe e descubra o mundo subaqu\u00e1tico de Tenerife, repleto de vida marinha e \u00e1guas azuis l\u00edmpidas.<\/li>\n<li><strong>GoPro e Polaroid:<\/strong> Utilize as nossas c\u00e2maras a bordo para captar todos os momentos altos da sua experi\u00eancia, tanto acima como abaixo da \u00e1gua.<\/li>\n<\/ul>\n<h4>\ud83c\udf7d\ufe0f <strong>Paella Gourmet da 5\u00aa Hora<\/strong><\/h4>\n<p>Para os alugueres com dura\u00e7\u00e3o igual ou superior a cinco horas, est\u00e1 inclu\u00edda uma paella acabada de preparar. Escolha entre carne, frango, vegetariano ou marisco, preparados ao seu gosto e servidos frescos a bordo.<\/p>\n<h3>\ud83d\udc8e <strong>Extras Premium opcionais para personalizar a sua experi\u00eancia<\/strong><\/h3>\n<p class=\"translation-block\">Eleve o seu <strong>aluguer de iates em Tenerife<\/strong> a outro n\u00edvel com estes extras exclusivos (dispon\u00edveis mediante pedido e sujeitos a disponibilidade):<\/p>\n<ul>\n<li><strong>Chefe de cozinha privado:<\/strong> Um chefe de cozinha profissional cozinha ao vivo a bordo, adaptando o menu \u00e0s suas prefer\u00eancias.<\/li>\n<li><strong>Chefe de cozinha japon\u00eas Experi\u00eancia:<\/strong> Desfrute de sushi preparado na hora e de outros pratos japoneses com ingredientes de primeira qualidade e t\u00e9cnica especializada.<\/li>\n<li><strong>Chef com estrela Michelin:<\/strong> Delicie-se com a alta cozinha de um chefe associado ao Guia Michelin - servida diretamente a bordo.<\/li>\n<li><strong>Degusta\u00e7\u00e3o de champanhe e caviar:<\/strong> Champanhe de qualidade superior perfeitamente combinado com uma sele\u00e7\u00e3o de caviar de alta qualidade.<\/li>\n<li><strong>Harmoniza\u00e7\u00e3o de vinhos e conservas gourmet:<\/strong> Uma prova de vinhos elegante acompanhada de conservas de primeira categoria, como mexilh\u00f5es, berbig\u00e3o ou barriga de atum.<\/li>\n<li><strong>Aluguer de Jet Ski:<\/strong> Dispon\u00edvel durante a ancoragem perto de La Caleta, Masca ou Arme\u00f1ime.<\/li>\n<li><strong>Experi\u00eancia de Flyboard:<\/strong> Voe sobre o oceano com toda a seguran\u00e7a e supervis\u00e3o.<\/li>\n<li><strong>Brinquedos aqu\u00e1ticos insufl\u00e1veis:<\/strong> Divers\u00e3o em grupo com banana-boats e muito mais, rebocados pelo barco de apoio.<\/li>\n<li><strong>Mergulho:<\/strong> Mergulho de descoberta com instrutor (n\u00e3o \u00e9 necess\u00e1ria experi\u00eancia) ou mergulho certificado com guia local.<\/li>\n<li><strong>Pesca desportiva:<\/strong> Todo o equipamento necess\u00e1rio para a pesca de alto mar com apoio a bordo.<\/li>\n<\/ul>\n<h3>\ud83d\udea4 <strong>Escolha a dura\u00e7\u00e3o que melhor se adapta a si<\/strong><\/h3>\n<p>A Bellini oferece v\u00e1rias op\u00e7\u00f5es para que possa conceber o seu <strong>aluguer de barcos em Tenerife<\/strong>:<\/p>\n<ul>\n<li><strong>Fretamento de 3 horas:<\/strong> Uma curta escapadela de luxo com vistas espectaculares, bebidas e snacks a bordo.<\/li>\n<li><strong>Carta de 5 horas:<\/strong> Inclui tudo o que \u00e9 essencial, mais paella e tempo extra para desfrutar da \u00e1gua e da costa.<\/li>\n<li><strong>Carta de 8 horas:<\/strong> Um dia inteiro no mar para explorar Los Gigantes, Masca e muito mais! Ideal para aqueles que querem a experi\u00eancia completa do Bellini.<\/li>\n<\/ul>\n<h3>\u2705 <strong>O que est\u00e1 inclu\u00eddo no seu charter<\/strong><\/h3>\n<ul>\n<li>Prato de boas-vindas com fruta fresca<\/li>\n<li>5J Presunto ib\u00e9rico e charcutaria de primeira qualidade<\/li>\n<li>Bar aberto: cava, vinho, cerveja, \u00e1gua, sumos e refrigerantes<\/li>\n<li>Brinde de boas-vindas com Chandon Spritz.<\/li>\n<li>Paddle surf, snorkel, utiliza\u00e7\u00e3o de GoPro e Polaroid<\/li>\n<li>Paella gourmet (inclu\u00edda a partir da 5\u00aa hora)<\/li>\n<li>Acesso de bote \u00e0 praia<\/li>\n<li>Banhos de sol e zonas de sombra a bordo<\/li>\n<li>Tripula\u00e7\u00e3o experiente e multilingue<\/li>\n<\/ul>\n<h3>\ud83d\udccd <strong>Partida de Puerto de Los Gigantes<\/strong><\/h3>\n<p class=\"translation-block\">O Bellini parte da costa oeste de Tenerife, especificamente do <a href=\"https:\/\/maps.app.goo.gl\/Xq4LkTRqPjHQzRBE8\" target=\"_blank\" rel=\"noopener\">Puerto de Los Gigantes<\/a>. Esta localiza\u00e7\u00e3o oferece acesso de primeira linha \u00e0s majestosas fal\u00e9sias de Los Gigantes e \u00e0 deslumbrante costa de Masca, algumas das partes mais ic\u00f3nicas e remotas da ilha. O porto \u00e9 facilmente acess\u00edvel de carro e recomendamos que chegue 15 minutos antes da partida.<\/p>\n<h4>\ud83d\udcdc <strong>Reservas simples e pol\u00edtica de cancelamento flex\u00edvel<\/strong><\/h4>\n<p>Na CanaryVIP, queremos que a sua experi\u00eancia seja tranquila desde o in\u00edcio. As nossas condi\u00e7\u00f5es de cancelamento s\u00e3o claras e justas:<\/p>\n<ul>\n<li><strong>Garantia meteorol\u00f3gica:<\/strong> Se as condi\u00e7\u00f5es do mar n\u00e3o forem seguras, pode remarcar ou solicitar um reembolso total.<\/li>\n<li><strong>Cancelamentos gratuitos:<\/strong> Cancele ou remarque gratuitamente at\u00e9 4 dias antes da sua viagem. Os dep\u00f3sitos n\u00e3o s\u00e3o reembols\u00e1veis para cancelamentos efectuados nos 4 dias anteriores \u00e0 partida.<\/li>\n<\/ul>\n<h3>\ud83d\udd52 <strong>Op\u00e7\u00f5es de pernoita e de v\u00e1rios dias dispon\u00edveis<\/strong><\/h3>\n<p>A Bellini n\u00e3o \u00e9 apenas para os fretamentos de um dia - torne a sua escapadela ainda mais especial:<\/p>\n<ul>\n<li>Passe a noite a bordo e acorde com o som do oceano.<\/li>\n<li>Crie o seu itiner\u00e1rio personalizado para escapadelas rom\u00e2nticas, celebra\u00e7\u00f5es ou aventuras de navega\u00e7\u00e3o de v\u00e1rios dias.<\/li>\n<\/ul>\n<h3>\ud83d\udc68\u200d\u2708\ufe0f <strong>Antes de embarcar - Conselhos r\u00e1pidos<\/strong><\/h3>\n<p>Para tirar o m\u00e1ximo partido da sua viagem:<\/p>\n<ul>\n<li>Tenha a sua confirma\u00e7\u00e3o CanaryVIP pronta (impressa ou digital).<\/li>\n<li>Trazer fato de banho, toalha e protetor solar.<\/li>\n<li>Coma algo leve e evite o consumo de \u00e1lcool antes da viagem para evitar o enjoo.<\/li>\n<li>Escolha o seu local preferido - ao sol ou \u00e0 sombra - e prepare-se para relaxar.<\/li>\n<\/ul>\n<h3>\ud83d\udcac <strong>Reservar agora com CanaryVIP<\/strong><\/h3>\n<p>Na CanaryVIP, ligamos os viajantes a experi\u00eancias de topo em Tenerife. Se est\u00e1 \u00e0 procura de <strong>alugar um iate de luxo em Tenerife<\/strong> e descobrir Los Gigantes ou Masca em grande estilo, Bellini \u00e9 uma das melhores op\u00e7\u00f5es dispon\u00edveis.<br \/>\n\ud83d\udc49 <a href=\"https:\/\/canaryvip.com\/pt\/tenerife\/boat-hire-tenerife\/\">Verificar a disponibilidade e reservar o seu aluguer de iate agora<\/a> - a sua aventura de luxo est\u00e1 apenas a alguns cliques de dist\u00e2ncia.<\/p>","protected":false},"excerpt":{"rendered":"<p><strong>\ud83d\udd0d Bellini Yacht Charter:<\/strong><br \/>\n\u2705 Pagamento seguro.<br \/>\n\ud83d\udee5\ufe0f 14m Yacht Comfort.<br \/>\n\u23f3 Passeios di\u00e1rios de 3-8h.<br \/>\n\ud83d\udd59 Hor\u00e1rios de partida personaliz\u00e1veis.<br \/>\n\ud83c\udf74 Refei\u00e7\u00f5es e bebidas inclu\u00eddas.<br \/>\n\ud83d\udc65 At\u00e9 10 pessoas.<br \/>\n\ud83c\udfc4\u200d\u2640\ufe0f Inclui pranchas de paddle.<br \/>\n\ud83e\udd3f O equipamento de snorkel \u00e9 fornecido.<br \/>\n\ud83e\udd11 Melhor pre\u00e7o garantido.<br \/>\n\ud83d\udc6a  Descontos activados.<br \/>\n\ud83d\udd01 Cancelamento at\u00e9 4 dias.<br \/>\n\ud83c\udf0d Tripula\u00e7\u00e3o multilingue.<br \/>\n\ud83c\udf1f Reserve com anteced\u00eancia e poupe!<br \/>\n\ud83d\udccd Partida de <a href=\"https:\/\/maps.app.goo.gl\/Xq4LkTRqPjHQzRBE8\">Os Gigantes<\/a>.<\/p>","protected":false},"featured_media":15376,"comment_status":"open","ping_status":"closed","template":"","meta":{"_acf_changed":false},"product_brand":[],"product_cat":[47],"product_tag":[],"class_list":{"0":"post-15373","1":"product","2":"type-product","3":"status-publish","4":"has-post-thumbnail","6":"product_cat-boat-hire-tenerife","7":"wcpa_has_options","9":"first","10":"instock","11":"virtual","12":"purchasable","13":"product-type-simple"},"acf":[],"wcpa_form_fields":{"wcpaData":{"product":{"product_price":1060,"price_html":"From&nbsp;<span class=\"woocommerce-Price-amount amount\"><bdi>1.060,00&nbsp;<span class=\"woocommerce-Price-currencySymbol\">&euro;<\/span><\/bdi><\/span>","original_product_price":1060,"price_including_tax":1060,"price_excluding_tax":1060,"product_id":{"parent":15373,"variation":false},"is_variable":false,"stock_status":"instock","stock_quantity":null,"parent_sku":"CV15373","product_attributes":[],"custom_fields":[],"is_taxable":false,"product_name":"Bellini Luxury Yacht Tenerife","hasImage":false},"fields":{"sec_968949ba2884ff":{"extra":{"key":"sec_968949ba2884ff","section_id":"sec_968949ba2884ff","name":"Default","status":1,"cl_rule":"show","enableCl":false,"relations":[],"toggle":true,"title_tag":"h3","show_title":false,"showPrice":"default","form_id":15383,"form_rules":{"exclude_from_discount":true,"fee_label":"Fee","disp_hide_options_price":true,"disp_show_section_price":false,"disp_show_field_price":true,"layout_option":"standard","pric_use_as_fee":false,"process_fee_as":"woo_fee"},"layout_option":"standard"},"fields":[[{"label":"\ud83d\udcc5 Date","active":true,"required":true,"elementId":"date_868949ba288522","picker_type":"custom","picker_mode":"single","placeholder":"","description":"","tooltip":"","name":"date_868949ba288522","label_position":"default","desc_position":"default","enablePrice":false,"className":"","enableCl":false,"relations":[{"operator":"and","rules":[{"operator":"AND","rules":{"cl_field":"radio-group_565c78ffa81208","cl_relation":"is","cl_val":"3 Hour Trip"}}]}],"date_pic_inline":true,"date_pic_inline_hide":true,"min_date":{"type":"days","val":"1"},"max_date":{"type":"days","val":"365"},"date_pic_conf":{"disabledWeeks":[],"disabledDates":["2025-04-18 to 2025-04-24"]},"price":"","cl_rule":"show","col":6,"type":"date","error":false,"enableDesign":false,"LabelColor":"","isWeightTemplate":false,"isTemplate":false,"min_quantity":"1","quantity_decimal":false,"quantity_step":"1","quantity_label":"Quantity","repeater_field_label":"{field_label}","repeater_bind":"","gt_translate_keys":["label","placeholder","description","tooltip","repeater_field_label","quantity_label"],"price_dependency":false,"cl_dependency":false,"value":""}],[{"elementId":"separator_268949ba28853d","separatorType":"blank","className":"","height":"3","enableCl":false,"relations":false,"cl_rule":"show","col":6,"type":"separator","error":false,"gt_translate_keys":[],"price_dependency":false,"cl_dependency":false,"value":""}],[{"active":true,"col":6,"relations":[{"operator":false,"rules":[{"operator":"AND","rules":{"cl_field":"radio-group_565c78ffa81208","cl_relation":"is","cl_val":"3 Hour Trip"}}]}],"cl_rule":"show","enableCl":false,"price":"","enablePrice":false,"className":"","label_position":"default","desc_position":"default","type":"select","required":false,"elementId":"select_468949ba288577","label":"\u23f0 Departure Time","name":"select_468949ba288577","values":[{"label":"09:00","value":"09:00","selected":false,"tempId":"aco_1471","gt_translate_keys":["label"]},{"label":"10:00","value":"10:00","selected":false,"tempId":"aco_1472","gt_translate_keys":["label"]},{"label":"11:00","value":"11:00","selected":false,"tempId":"aco_1500","gt_translate_keys":["label"]},{"label":"12:00","value":"12:00","selected":false,"tempId":"aco_1510","gt_translate_keys":["label"]},{"label":"13:00 (1:00 PM)","value":"13:00","selected":false,"tempId":"aco_1520","gt_translate_keys":["label"]},{"label":"14:00 (2:00 PM)","value":"14:00","selected":false,"tempId":"aco_1728","gt_translate_keys":["label"]},{"label":"15:00 (3:00 PM)","value":"15:00","selected":false,"tempId":"aco_1738","gt_translate_keys":["label"]}],"dropdown_type":"basic","error":false,"placeholder":"Whichever Time is Best","isWeightTemplate":false,"isTemplate":false,"min_quantity":"1","quantity_decimal":false,"quantity_step":"1","quantity_label":"Quantity","repeater_field_label":"{field_label}","repeater_bind":"","gt_translate_keys":["label","placeholder","repeater_field_label","quantity_label"],"price_dependency":false,"cl_dependency":false,"value":""}],[{"active":true,"col":6,"relations":false,"cl_rule":"show","enableCl":false,"price":"","enablePrice":true,"className":"","label_position":"default","desc_position":"default","type":"select","required":true,"elementId":"select_1068949ba288548","label":"\u23f3 Trip Duration","name":"select_1068949ba288548","values":[{"label":"3 Hours (1.060\u20ac)","value":"3h","selected":false,"tempId":"aco_556","price":"1060","gt_translate_keys":["label"]},{"label":"4 Hours (1.275\u20ac)","value":"4H","selected":false,"tempId":"aco_181","price":"1275","gt_translate_keys":["label"]},{"label":"5 Hours (1.490\u20ac)","value":"5h","selected":false,"tempId":"aco_281","price":"1490","gt_translate_keys":["label"]},{"label":"6 Hours (1.700\u20ac)","value":"6h","selected":false,"tempId":"aco_605","price":"1700","gt_translate_keys":["label"]},{"label":"7 Hours (1.915\u20ac)","value":"7h","selected":false,"tempId":"aco_381","price":"1915","gt_translate_keys":["label"]},{"label":"8 Hours (2.130\u20ac)","value":"8h","selected":false,"tempId":"aco_724","price":"2130","gt_translate_keys":["label"]}],"dropdown_type":"basic","error":false,"placeholder":"Select Trip Duration","priceOptions":"different_for_all","pricingType":"fixed","is_show_price":false,"isWeightTemplate":false,"isTemplate":false,"min_quantity":"1","quantity_decimal":false,"quantity_step":"1","quantity_label":"Quantity","repeater_field_label":"{field_label}","repeater_bind":"","gt_translate_keys":["label","placeholder","repeater_field_label","quantity_label"],"price_dependency":false,"cl_dependency":false,"value":""}],[{"label":"\u2705 Number of People","active":true,"required":true,"elementId":"select_168949ba28858b","dropdown_type":"basic","placeholder":"Select Number of People","name":"select_168949ba28858b","label_position":"default","desc_position":"default","enablePrice":true,"className":"","enableCl":false,"relations":[{"operator":false,"rules":[{"operator":"AND","rules":{"cl_field":"radio-group_565c78ffa81208","cl_relation":"is","cl_val":"3 Hour Trip"}}]}],"values":[{"label":"1 person","value":"1","selected":false,"tempId":"aco_1471","price":"0","gt_translate_keys":["label"]},{"label":"2 people","value":"2","selected":false,"tempId":"aco_1472","price":"0","gt_translate_keys":["label"]},{"label":"3 people","value":"3","selected":false,"tempId":"aco_1500","price":"0","gt_translate_keys":["label"]},{"label":"4 people","value":"4","selected":false,"tempId":"aco_1510","price":"0","gt_translate_keys":["label"]},{"label":"5 people","value":"5","selected":false,"tempId":"aco_1520","price":"0","gt_translate_keys":["label"]},{"label":"6 people (+120\u20ac)","value":"6","selected":false,"tempId":"aco_1728","price":"120","gt_translate_keys":["label"]},{"label":"7 people (+240\u20ac)","value":"7","selected":false,"tempId":"aco_1738","price":"240","gt_translate_keys":["label"]},{"label":"8 people (+360\u20ac)","value":"8","selected":false,"tempId":"aco_1922","price":"360","gt_translate_keys":["label"]},{"label":"9 People (+480\u20ac)","value":"9","selected":false,"tempId":"aco_220","price":"480","gt_translate_keys":["label"]},{"label":"10 People (+600\u20ac)","value":"10","selected":false,"tempId":"aco_311","price":"600","gt_translate_keys":["label"]}],"price":"","cl_rule":"show","col":6,"type":"select","error":false,"isWeightTemplate":false,"isTemplate":false,"min_quantity":"1","quantity_decimal":false,"quantity_step":"1","quantity_label":"Quantity","repeater_field_label":"{field_label}","repeater_bind":"","priceOptions":"different_for_all","pricingType":"fixed","gt_translate_keys":["label","placeholder","repeater_field_label","quantity_label"],"price_dependency":false,"cl_dependency":false,"value":""}],[{"active":true,"col":6,"relations":false,"cl_rule":"show","enableCl":false,"price":"","enablePrice":true,"className":"","label_position":"default","desc_position":"default","type":"select","required":false,"elementId":"select_368949ba288551","label":"\ud83d\udca6 Add jet-skis?","name":"select_368949ba288551","values":[{"label":"1 JetSki for 1 Hour (345\u20ac)","value":"1 x Jetski for 1 Hour","selected":false,"tempId":"aco_2501","price":"345","gt_translate_keys":["label"]},{"label":"2 JetSkis for 1 Hour (690\u20ac)","value":"2 x JetSki for 1 Hour","selected":false,"tempId":"aco_2502","price":"690","gt_translate_keys":["label"]}],"dropdown_type":"basic","error":false,"description":"Private JetSki tour from the boat with a JetSki instructor.","placeholder":"None","priceOptions":"different_for_all","pricingType":"fixed","is_show_price":false,"isWeightTemplate":false,"isTemplate":false,"min_quantity":"1","quantity_decimal":false,"quantity_step":"1","quantity_label":"Quantity","repeater_field_label":"{field_label}","repeater_bind":"","gt_translate_keys":["label","placeholder","description","repeater_field_label","quantity_label"],"price_dependency":false,"cl_dependency":false,"value":""}]]}},"config":{"price_override":"always","enable_recaptcha":false,"bind_quantity":false,"quantity_bind_formula":false,"disp_summ_show_option_price":true,"disp_summ_show_product_price":false,"disp_summ_show_total_price":true,"disp_summ_show_fee":true,"disp_summ_show_discount":true,"summary_title":"","options_total_label":"Options Price","total_label":"Total Amount","options_product_label":"Product Price","fee_label":"Fee","discount_label":"Discount","has_price":true,"has_quantity_formula":false},"mc_unit":1,"tax_rate":1,"tax_rate_real":1,"discount":{"percentage":0,"fixed":0},"design":{"conf":{"LabelPosition":"above","DescPosition":"above","UploadField":"custom_1","QuantityFieldStyle":"custom_1"},"css":{"LeftLabelWidth":"120px"}},"formulas":{"fmla_1708360988969136756":"(({field.select_56638eb5b235ae.value}>=3)?(1200):(({field.select_56638eb5b235ae.value}>=2)?(850):(({field.select_56638eb5b235ae.value}>=1)?(540):(0))))","fmla_1708364241278155361":"(({field.select_5841412719.value}>=8)?({field.select_5841412719.price}):(({field.select_5841412719.value}>=5)?({field.select_5841412719.price}):(({field.select_5841412719.value}>=3)?({field.select_5841412719.price}):(0))))"},"lookuptables":[],"clones":false,"cartKey":false}},"_links":{"self":[{"href":"https:\/\/canaryvip.com\/pt\/wp-json\/wp\/v2\/product\/15373","targetHints":{"allow":["GET"]}}],"collection":[{"href":"https:\/\/canaryvip.com\/pt\/wp-json\/wp\/v2\/product"}],"about":[{"href":"https:\/\/canaryvip.com\/pt\/wp-json\/wp\/v2\/types\/product"}],"replies":[{"embeddable":true,"href":"https:\/\/canaryvip.com\/pt\/wp-json\/wp\/v2\/comments?post=15373"}],"wp:featuredmedia":[{"embeddable":true,"href":"https:\/\/canaryvip.com\/pt\/wp-json\/wp\/v2\/media\/15376"}],"wp:attachment":[{"href":"https:\/\/canaryvip.com\/pt\/wp-json\/wp\/v2\/media?parent=15373"}],"wp:term":[{"taxonomy":"product_brand","embeddable":true,"href":"https:\/\/canaryvip.com\/pt\/wp-json\/wp\/v2\/product_brand?post=15373"},{"taxonomy":"product_cat","embeddable":true,"href":"https:\/\/canaryvip.com\/pt\/wp-json\/wp\/v2\/product_cat?post=15373"},{"taxonomy":"product_tag","embeddable":true,"href":"https:\/\/canaryvip.com\/pt\/wp-json\/wp\/v2\/product_tag?post=15373"}],"curies":[{"name":"wp","href":"https:\/\/api.w.org\/{rel}","templated":true}]}}