{"id":14642,"date":"2025-05-26T18:12:56","date_gmt":"2025-05-26T17:12:56","guid":{"rendered":"https:\/\/canaryvip.com\/?post_type=product&#038;p=14642"},"modified":"2025-10-02T11:19:56","modified_gmt":"2025-10-02T10:19:56","slug":"skyline-boat-charter-tenerife","status":"publish","type":"product","link":"https:\/\/canaryvip.com\/pt\/shop\/skyline-boat-charter-tenerife\/","title":{"rendered":"Skyline Boat Charter Tenerife"},"content":{"rendered":"<h2>\ud83d\udea4 Aluguer de iates em Tenerife: Experi\u00eancia de Barco Skyline<\/h2>\n<p class=\"translation-block\">O <strong>Skyline Cruiser<\/strong> \u00e9 um <strong>iate exclusivo em Tenerife,<\/strong> que oferece uma experi\u00eancia de luxo a bordo de um iate a motor Fairline de 42 p\u00e9s. Com espa\u00e7o para at\u00e9 12 convidados, \u00e9 a escolha ideal para pequenos grupos que procuram privacidade, conforto e um ambiente descontra\u00eddo no Atl\u00e2ntico.<\/p>\n<p class=\"translation-block\">Partindo de Puerto Col\u00f3n, este <strong>barco Skyline Tenerife<\/strong> \u00e9 perfeito para aqueles que querem relaxar, explorar a costa sul da ilha ou desfrutar da observa\u00e7\u00e3o de golfinhos e baleias no seu habitat natural. \u00c9 uma das formas mais elegantes de <strong>alugar um barco em Tenerife<\/strong> e descobrir a ilha a partir do mar.<\/p>\n<h3>\ud83c\udf05 Escolha a sua hora de partida<\/h3>\n<p class=\"translation-block\"><strong>Tr\u00eas partidas di\u00e1rias<\/strong> est\u00e3o dispon\u00edveis para se adaptarem a diferentes hor\u00e1rios:<\/p>\n<ul>\n<li>\ud83d\udd58 9:45<\/li>\n<li>\ud83d\udd50 13:15<\/li>\n<li>\ud83d\udd5f 16:20<\/li>\n<\/ul>\n<p class=\"translation-block\">O embarque \u00e9 efectuado na <a href=\"https:\/\/maps.app.goo.gl\/f5R77mRQ2HgpADy77\" target=\"_blank\" rel=\"noopener\">marina Puerto Col\u00f3n na Costa Adeje.<\/a><\/p>\n<h3>O que esperar a bordo<\/h3>\n<ul>\n<li class=\"translation-block\"><strong>Observa\u00e7\u00e3o da vida selvagem:<\/strong> O barco navega a 3 milhas da costa para observar golfinhos, baleias e outras formas de vida marinha no oceano aberto.<\/li>\n<li class=\"translation-block\"><strong>Cruzeiro descontra\u00eddo:<\/strong> Os h\u00f3spedes podem descontrair na \u00e1rea de estar \u00e0 sombra ou apanhar banhos de sol na proa enquanto desfrutam de vistas panor\u00e2micas sobre o mar.<\/li>\n<li class=\"translation-block\"><strong>Paragem para nadar:<\/strong> Uma paragem tranquila na ba\u00eda permite tempo para nadar, fazer snorkeling ou simplesmente relaxar na \u00e1gua.<\/li>\n<li class=\"translation-block\"><strong>Retorno costeiro:<\/strong> A rota de retorno oferece vistas de pontos emblem\u00e1ticos, como as cavernas hippies e os penhascos vulc\u00e2nicos da costa sul.<\/li>\n<\/ul>\n<h3>Comida e bebidas inclu\u00eddas<\/h3>\n<p class=\"translation-block\">Este <strong>yacht rental Tenerife<\/strong> inclui uma variedade de snacks, tais como omelete espanhola, pizza, salsichas, queijo, tomate cereja com azeite e or\u00e9g\u00e3os, nozes e fruta fresca da \u00e9poca. As bebidas incluem \u00e1gua, refrigerantes, cerveja, vinho e cava.<\/p>\n<p>Podem ser organizados menus alternativos com aviso pr\u00e9vio para os h\u00f3spedes com restri\u00e7\u00f5es ou prefer\u00eancias diet\u00e9ticas.<\/p>\n<h3>Snorkeling e relaxamento<\/h3>\n<ul>\n<li class=\"translation-block\"><strong>Equipamento de mergulho e toalhas: <\/strong> Fornecido a bordo para que os h\u00f3spedes possam desfrutar da \u00e1gua confortavelmente e sem problemas.<\/li>\n<li class=\"translation-block\"><strong>Enseadas escondidas:<\/strong> As paradas s\u00e3o feitas em locais calmos e tranquilos, perfeitos para nadar e mergulhar com snorkel longe das multid\u00f5es.<\/li>\n<\/ul>\n<h3>Partida de Puerto Col\u00f3n<\/h3>\n<ul>\n<li><strong>Ponto de encontro:<\/strong> Marina de Puerto Col\u00f3n, Costa Adeje. <a href=\"https:\/\/maps.app.goo.gl\/f5R77mRQ2HgpADy77\" target=\"_blank\" rel=\"noopener\">Ver no Google Maps<\/a><\/li>\n<li><strong>Hora de chegada:<\/strong> Pede-se aos h\u00f3spedes que cheguem 30 minutos antes da partida para garantir um processo de check-in sem problemas.<\/li>\n<\/ul>\n<h3>\ud83d\udccb O que est\u00e1 inclu\u00eddo e o que trazer<\/h3>\n<ul>\n<li><strong>Inclu\u00eddo:<\/strong> Capit\u00e3o e tripula\u00e7\u00e3o, snacks, bebidas, toalhas, equipamento de snorkeling e seguro.<\/li>\n<li><strong>Recomendado para levar:<\/strong> Fato de banho, toalha, protetor solar, \u00f3culos de sol e um casaco leve para os dias mais frios.<\/li>\n<\/ul>\n<h3>\ud83d\udcb3 Detalhes da reserva e do pagamento<\/h3>\n<ul>\n<li><strong>Processo de reserva:<\/strong> O pagamento total \u00e9 exigido no momento da reserva.<\/li>\n<li><strong>Apoio ao cliente:<\/strong> O CanaryVIP presta assist\u00eancia antes e depois da reserva para garantir uma experi\u00eancia tranquila.<\/li>\n<\/ul>\n<h3>Pol\u00edtica de cancelamento<\/h3>\n<p>As condi\u00e7\u00f5es de cancelamento do Skyline Boat Tenerife s\u00e3o as seguintes<\/p>\n<ul>\n<li><strong>Mais de 5 dias antes da partida:<\/strong> Reembolso total.<\/li>\n<li><strong>3 a 5 dias antes:<\/strong> 50% do dep\u00f3sito reembolsado.<\/li>\n<li><strong>Menos de 72 horas antes:<\/strong> O dep\u00f3sito n\u00e3o \u00e9 reembols\u00e1vel.<\/li>\n<li><strong>N\u00e3o compar\u00eancia ou chegada tardia:<\/strong> N\u00e3o h\u00e1 reembolso.<\/li>\n<li><strong>Cancelamentos relacionados com as condi\u00e7\u00f5es meteorol\u00f3gicas:<\/strong> Se o capit\u00e3o considerar que as condi\u00e7\u00f5es n\u00e3o s\u00e3o seguras, ser\u00e1 efectuado um reembolso total ou um novo agendamento.<\/li>\n<\/ul>\n<h3>Porqu\u00ea reservar o Skyline Boat Tenerife com CanaryVIP?<\/h3>\n<ul>\n<li><strong>Experi\u00eancia de iate topo de gama:<\/strong> Um barco de luxo com capacidade limitada para um passeio mais pessoal e confort\u00e1vel.<\/li>\n<li><strong>Oferta com tudo inclu\u00eddo:<\/strong> Os snacks, as bebidas, o equipamento de snorkeling e as toalhas est\u00e3o inclu\u00eddos no pre\u00e7o.<\/li>\n<li><strong>Perfeito para ocasi\u00f5es especiais:<\/strong> \u00d3timo para anivers\u00e1rios, escapadelas rom\u00e2nticas ou para um dia de luxo no mar.<\/li>\n<\/ul>\n<h3>\ud83d\udccc Considera\u00e7\u00f5es finais<\/h3>\n<p class=\"translation-block\">Para os viajantes que procuram <strong>alugar um barco em Tenerife<\/strong> e desfrutar de uma experi\u00eancia relaxante e de alta qualidade no oceano, o <strong>Skyline Boat Tenerife<\/strong> \u00e9 uma das melhores op\u00e7\u00f5es dispon\u00edveis. Com partidas di\u00e1rias, servi\u00e7o com tudo inclu\u00eddo e vistas deslumbrantes, este <a href=\"https:\/\/canaryvip.com\/pt\/tenerife\/boat-hire-tenerife\/\" target=\"_self\"><strong> passeio de barco particular em Tenerife<\/strong><\/a> oferece conforto, beleza e mem\u00f3rias inesquec\u00edveis.<\/p>\n<p class=\"translation-block\">As reservas podem ser feitas facilmente atrav\u00e9s do <strong>CanaryVIP<\/strong>, o seu parceiro de confian\u00e7a para excurs\u00f5es premium nas Ilhas Can\u00e1rias.<\/p>","protected":false},"excerpt":{"rendered":"<p><strong>\ud83d\udd0d Skyline Boat Tenerife:<\/strong><br \/>\n<span>\u2705 Pagamento seguro.<\/span><br \/>\n<span>\ud83d\udc65 Passeios partilhados dispon\u00edveis.<br \/>\n\ud83d\udd10 Visitas privadas dispon\u00edveis.<\/span><br \/>\n<span>\ud83d\udc0b Avistamento de baleias e golfinhos.<\/span><br \/>\n<span>\ud83d\ude80 Passeios de 3h.<\/span><br \/>\n<span>\ud83d\udd59 9:45, 13:15, 16:20.<br \/>\n<\/span>\ud83c\udf05 Passeios ao p\u00f4r do sol dispon\u00edveis.<br \/>\n<span>\ud83e\uddc3 Lanches e bebidas inclu\u00eddos.<\/span><br \/>\n<span>\ud83d\udc65 At\u00e9 12 pessoas.<\/span><br \/>\n<span>\ud83e\udd3f Equipamento de snorkel fornecido.<\/span><br \/>\n<span>\ud83e\udd11 Melhor pre\u00e7o garantido.<\/span><br \/>\n<span>\ud83d\udc6a  Descontos activados.<\/span><br \/>\n<span>\ud83d\udd01 Cancelamento at\u00e9 5 dias.<\/span><br \/>\n<span>\ud83c\udf0d Guias multilingues.<\/span><br \/>\n<span>\ud83c\udf1f Reserve agora e poupe!<\/span><br \/>\n<span>\ud83d\udccd Partida de\u00a0<\/span><a href=\"https:\/\/www.google.com\/maps\/place\/Puerto+Col%C3%B3n\/@28.0783432,-16.7368735,18.52z\/data=!4m6!3m5!1s0xc6a9743509c9ebf:0xd62345524f768247!8m2!3d28.0789928!4d-16.7359737!16s%2Fg%2F11c6cqryw_?entry=tts\">Porto Colon<\/a><span>.<\/span><\/p>","protected":false},"featured_media":14645,"comment_status":"open","ping_status":"closed","template":"","meta":{"_acf_changed":false},"product_brand":[],"product_cat":[47,46],"product_tag":[],"class_list":{"0":"post-14642","1":"product","2":"type-product","3":"status-publish","4":"has-post-thumbnail","6":"product_cat-boat-hire-tenerife","7":"product_cat-boat-excursions","8":"wcpa_has_options","10":"first","11":"instock","12":"virtual","13":"purchasable","14":"product-type-simple"},"acf":[],"wcpa_form_fields":{"wcpaData":{"product":{"product_price":65,"price_html":"From&nbsp;<span class=\"woocommerce-Price-amount amount\"><bdi>65,00&nbsp;<span class=\"woocommerce-Price-currencySymbol\">&euro;<\/span><\/bdi><\/span>","original_product_price":65,"price_including_tax":65,"price_excluding_tax":65,"product_id":{"parent":14642,"variation":false},"is_variable":false,"stock_status":"instock","stock_quantity":null,"parent_sku":"CV14642","product_attributes":[],"custom_fields":[],"is_taxable":false,"product_name":"Skyline Boat Charter Tenerife","hasImage":false},"fields":{"sec_56836ef2832367":{"extra":{"key":"sec_56836ef2832367","section_id":"sec_56836ef2832367","name":"Trip Duration","status":1,"cl_rule":"show","enableCl":false,"relations":[],"toggle":true,"title_tag":"h4","show_title":false,"showPrice":"default","form_id":14657,"form_rules":{"exclude_from_discount":true,"fee_label":"Fee","disp_hide_options_price":true,"disp_show_section_price":false,"disp_show_field_price":true,"layout_option":"standard","pric_use_as_fee":false,"process_fee_as":"woo_fee"},"layout_option":"standard"},"fields":[[{"active":true,"col":6,"relations":false,"cl_rule":"show","enableCl":false,"price":"","enablePrice":false,"className":"","label_position":"default","desc_position":"default","type":"radio-group","required":false,"elementId":"radio-group_26836ef2832388","label":"\u231b\ufe0f Trip Duration","name":"radio-group_26836ef2832388","values":[{"label":"3 Hour Shared Trip (65\u20ac)","value":"Shared 3H","selected":false,"tempId":"aco_148","description":"Whale and dolphin sightings. Includes snacks, drinks, and snorkeling. Daily at 9:45.","gt_translate_keys":["label","description"]},{"label":"Private Charter (650\u20ac)","value":"Private Charter","selected":false,"tempId":"aco_149","description":"Sail Tenerife\u2019s coast on a private yacht. Spot dolphins and whales, Includes Spanish snacks, drinks, and snorkeling. 3 hour charters.","gt_translate_keys":["label","description"]}],"layOut":"","error":false,"checkUi":"toggle","options_description":true,"gt_translate_keys":["label"],"price_dependency":false,"cl_dependency":[false,false],"value":""}]]},"sec_36836ef2832389":{"extra":{"key":"sec_36836ef2832389","section_id":"sec_36836ef2832389","name":"Shared Trip","status":1,"cl_rule":"show","enableCl":true,"relations":[{"operator":false,"rules":[{"operator":"AND","rules":{"cl_field":"radio-group_26836ef2832388","cl_relation":"is","cl_val":"Shared 3H"}}]}],"toggle":true,"title_tag":"h4","show_title":false,"showPrice":"default","form_id":14657,"form_rules":{"exclude_from_discount":true,"fee_label":"Fee","disp_hide_options_price":true,"disp_show_section_price":false,"disp_show_field_price":true,"layout_option":"standard","pric_use_as_fee":false,"process_fee_as":"woo_fee"},"layout_option":"standard"},"fields":[[{"label":"\ud83d\udcc5 Date","active":true,"required":true,"elementId":"date_46836ef2832396","picker_type":"custom","picker_mode":"single","placeholder":"","description":"","tooltip":"","name":"date_46836ef2832396","label_position":"default","desc_position":"default","enablePrice":false,"className":"","enableCl":false,"relations":[{"operator":"and","rules":[{"operator":"AND","rules":{"cl_field":"radio-group_367e16bf8dd4f5","cl_relation":"is","cl_val":"3 Hour Trip"}}]}],"enableDesign":false,"LabelColor":"","date_pic_inline":true,"date_pic_inline_hide":true,"min_date":{"type":"days","val":""},"max_date":{"type":"days","val":"365"},"date_pic_conf":{"disabledWeeks":[],"disabledDates":["2025-12-01 to 2025-12-14"]},"price":"","cl_rule":"show","col":6,"type":"date","error":false,"isWeightTemplate":false,"isTemplate":false,"min_quantity":"1","quantity_decimal":false,"quantity_step":"1","quantity_label":"Quantity","repeater_field_label":"{field_label}","repeater_bind":"","date_conf_custom":{"minDate":"let d = new Date();\nif (d.getHours() >= 18) {\n  d.setDate(d.getDate() + 2);\n} else {\n  d.setDate(d.getDate() + 1);\n}\nreturn d;"},"gt_translate_keys":["label","placeholder","description","tooltip","repeater_field_label","quantity_label"],"price_dependency":false,"cl_dependency":false,"value":""}],[{"label":"\u23f0 Departure","active":true,"required":true,"elementId":"select_96836ef28323a1","dropdown_type":"basic","placeholder":"Select Departure Time","name":"select_96836ef28323a1","label_position":"default","desc_position":"default","enablePrice":false,"className":"","enableCl":false,"relations":[{"operator":false,"rules":[{"operator":"AND","rules":{"cl_field":"date_367e16bf8dd504","cl_relation":"week_day_is","cl_val":[1]}}]}],"values":[{"label":"9:45","value":"9:45","selected":true,"tempId":"aco_2695","gt_translate_keys":["label"]}],"price":"","cl_rule":"show","col":6,"type":"select","error":false,"gt_translate_keys":["label","placeholder"],"price_dependency":false,"cl_dependency":false,"value":""}],[{"active":true,"col":6,"relations":false,"cl_rule":"show","enableCl":false,"price":"","enablePrice":false,"className":"","label_position":"default","desc_position":"default","type":"separator","required":false,"elementId":"separator_106836ef28323ac","label":"Separator Field","height":"4","separatorType":"blank","error":false,"gt_translate_keys":["label"],"price_dependency":false,"cl_dependency":false,"value":""}],[{"active":true,"col":6,"relations":false,"cl_rule":"show","enableCl":false,"price":"65","enablePrice":true,"className":"","label_position":"default","desc_position":"default","type":"radio-group","required":false,"elementId":"radio-group_76836ef28323b7","label":"","name":"radio-group_76836ef28323b7","values":[{"label":"\ud83d\udc64 Adult (65\u20ac)","value":"Adult","selected":true,"tempId":"aco_2419","tooltip":"+12 Years","price":"50","gt_translate_keys":["label","tooltip"]}],"layOut":"","error":false,"checkUi":"button","options_description":true,"options_tooltip":true,"priceOptions":"fixed_for_all","pricingType":"fixed","is_show_price":false,"enable_quantity":true,"quantity_decimal":false,"quantity_step":"1","quantity_label":"","min_quantity":"0","max_quantity":"22","gt_translate_keys":["label","quantity_label"],"price_dependency":false,"cl_dependency":false,"value":""}],[{"label":"","active":true,"required":false,"elementId":"radio-group_26836ef28323c2","name":"radio-group_26836ef28323c2","label_position":"default","desc_position":"default","enablePrice":true,"className":"","enableCl":false,"relations":false,"enable_quantity":true,"quantity_label":"","quantity_step":"1","quantity_decimal":false,"min_quantity":"0","checkUi":"button","layOut":"","options_tooltip":true,"options_description":true,"values":[{"label":"\ud83d\udc66 Child (45\u20ac)","value":"Child","selected":true,"tempId":"aco_2419","tooltip":"2-12 Years","price":"40","gt_translate_keys":["label","tooltip"]}],"priceOptions":"fixed_for_all","pricingType":"fixed","price":"45","is_show_price":false,"cl_rule":"show","col":6,"type":"radio-group","error":false,"max_quantity":"22","gt_translate_keys":["label","quantity_label"],"price_dependency":false,"cl_dependency":false,"value":""}]]},"sec_06836ef28323e8":{"extra":{"key":"sec_06836ef28323e8","section_id":"sec_06836ef28323e8","name":"Private Charter","status":1,"cl_rule":"show","enableCl":true,"relations":[{"operator":false,"rules":[{"operator":"AND","rules":{"cl_field":"radio-group_26836ef2832388","cl_relation":"is","cl_val":"Private Charter"}}]}],"toggle":true,"title_tag":"h4","show_title":false,"showPrice":"default","form_id":14657,"form_rules":{"exclude_from_discount":true,"fee_label":"Fee","disp_hide_options_price":true,"disp_show_section_price":false,"disp_show_field_price":true,"layout_option":"standard","pric_use_as_fee":false,"process_fee_as":"woo_fee"},"layout_option":"standard"},"fields":[[{"label":"\ud83d\udcc5 Date","active":true,"required":true,"elementId":"date_36836ef28323f1","picker_type":"custom","picker_mode":"single","placeholder":"","description":"","tooltip":"","name":"date_36836ef28323f1","label_position":"default","desc_position":"default","enablePrice":false,"className":"","enableCl":false,"relations":[{"operator":"and","rules":[{"operator":"AND","rules":{"cl_field":"radio-group_367e16bf8dd4f5","cl_relation":"is","cl_val":"3 Hour Trip"}}]}],"enableDesign":false,"LabelColor":"","date_pic_inline":true,"date_pic_inline_hide":true,"min_date":"","max_date":{"type":"days","val":"365"},"date_pic_conf":{"disabledWeeks":[],"disabledDates":["2025-12-01 to 2025-12-14"]},"price":"","cl_rule":"show","col":6,"type":"date","error":false,"isWeightTemplate":false,"isTemplate":false,"min_quantity":"1","quantity_decimal":false,"quantity_step":"1","quantity_label":"Quantity","repeater_field_label":"{field_label}","repeater_bind":"","date_conf_custom":{"minDate":"let d = new Date();\nif (d.getHours() >= 18) {\n  d.setDate(d.getDate() + 2);\n} else {\n  d.setDate(d.getDate() + 1);\n}\nreturn d;"},"gt_translate_keys":["label","placeholder","description","tooltip","repeater_field_label","quantity_label"],"price_dependency":false,"cl_dependency":false,"value":""}],[{"label":"\u23f0 Departure","active":true,"required":true,"elementId":"select_86836ef28323fa","dropdown_type":"basic","placeholder":"Select Departure Time","name":"select_86836ef28323fa","label_position":"default","desc_position":"default","enablePrice":false,"className":"","enableCl":false,"relations":[{"operator":false,"rules":[{"operator":"AND","rules":{"cl_field":"date_367e16bf8dd504","cl_relation":"week_day_is","cl_val":[1]}}]}],"values":[{"label":"9:45","value":"9:45","selected":false,"tempId":"aco_2695","gt_translate_keys":["label"]},{"label":"13:15","value":"13:15","selected":false,"tempId":"aco_2329","gt_translate_keys":["label"]},{"label":"16:20","value":"16:20","selected":false,"tempId":"aco_2457","gt_translate_keys":["label"]}],"price":"","cl_rule":"show","col":6,"type":"select","error":false,"gt_translate_keys":["label","placeholder"],"price_dependency":false,"cl_dependency":false,"value":""}],[{"active":true,"col":6,"relations":false,"cl_rule":"show","enableCl":false,"price":"5","enablePrice":false,"className":"","label_position":"default","desc_position":"default","type":"number","required":false,"elementId":"number_26836ef2832403","label":"\ud83d\udc65 Amount of People","name":"number_26836ef2832403","value":"","error":false,"pricingType":"multiply","enable_quantity":false,"quantity_decimal":false,"quantity_step":"1","quantity_label":"Quantity","min":"1","max":"12","placeholder":"Up to 12 People","is_show_price":true,"gt_translate_keys":["label","placeholder","value","quantity_label"],"price_dependency":false,"cl_dependency":false}],[{"active":true,"col":6,"relations":false,"cl_rule":"show","enableCl":false,"price":"","enablePrice":true,"className":"","label_position":"default","desc_position":"default","type":"select","required":false,"elementId":"select_86836ef283240b","label":"\u231b\ufe0f Charter Duration (From 650\u20ac)","name":"select_86836ef283240b","values":[{"label":"3 Hours (650\u20ac)","value":"1","selected":true,"tempId":"aco_3241","price":"650","gt_translate_keys":["label"]}],"dropdown_type":"basic","error":false,"placeholder":"Select Duration Time","priceOptions":"different_for_all","pricingType":"fixed","is_show_price":false,"gt_translate_keys":["label","placeholder"],"price_dependency":false,"cl_dependency":false,"value":""}]]}},"config":{"price_override":"always","enable_recaptcha":false,"bind_quantity":false,"quantity_bind_formula":false,"disp_summ_show_option_price":true,"disp_summ_show_product_price":false,"disp_summ_show_total_price":true,"disp_summ_show_fee":true,"disp_summ_show_discount":true,"summary_title":"","options_total_label":"Options Price","total_label":"Total Amount Now","options_product_label":"Product Price","fee_label":"Fee","discount_label":"Discount","has_price":true,"has_quantity_formula":false},"mc_unit":1,"tax_rate":1,"tax_rate_real":1,"discount":{"percentage":0,"fixed":0},"design":{"conf":{"LabelPosition":"above","DescPosition":"above","UploadField":"custom_1","QuantityFieldStyle":"custom_1"},"css":{"LeftLabelWidth":"120px"}},"formulas":{"fmla_1708364241278155361":"(({field.select_267e16bf8dd55e.value}>=4)?(200+({field.number_8810219193.value}*5)):(({field.select_267e16bf8dd55e.value}>=3)?(100+({field.number_8810219193.value}*5)):(0)))","fmla_1742826688120818082":"(({field.select_267e16bf8dd55e.value}>=4)?(1250):(({field.select_267e16bf8dd55e.value}>=3)?(650):(0)))"},"lookuptables":[],"clones":false,"cartKey":false}},"_links":{"self":[{"href":"https:\/\/canaryvip.com\/pt\/wp-json\/wp\/v2\/product\/14642","targetHints":{"allow":["GET"]}}],"collection":[{"href":"https:\/\/canaryvip.com\/pt\/wp-json\/wp\/v2\/product"}],"about":[{"href":"https:\/\/canaryvip.com\/pt\/wp-json\/wp\/v2\/types\/product"}],"replies":[{"embeddable":true,"href":"https:\/\/canaryvip.com\/pt\/wp-json\/wp\/v2\/comments?post=14642"}],"wp:featuredmedia":[{"embeddable":true,"href":"https:\/\/canaryvip.com\/pt\/wp-json\/wp\/v2\/media\/14645"}],"wp:attachment":[{"href":"https:\/\/canaryvip.com\/pt\/wp-json\/wp\/v2\/media?parent=14642"}],"wp:term":[{"taxonomy":"product_brand","embeddable":true,"href":"https:\/\/canaryvip.com\/pt\/wp-json\/wp\/v2\/product_brand?post=14642"},{"taxonomy":"product_cat","embeddable":true,"href":"https:\/\/canaryvip.com\/pt\/wp-json\/wp\/v2\/product_cat?post=14642"},{"taxonomy":"product_tag","embeddable":true,"href":"https:\/\/canaryvip.com\/pt\/wp-json\/wp\/v2\/product_tag?post=14642"}],"curies":[{"name":"wp","href":"https:\/\/api.w.org\/{rel}","templated":true}]}}