{"id":14051,"date":"2025-03-24T11:55:25","date_gmt":"2025-03-24T11:55:25","guid":{"rendered":"https:\/\/canaryvip.com\/?post_type=product&#038;p=14051"},"modified":"2025-08-09T13:55:58","modified_gmt":"2025-08-09T12:55:58","slug":"jetski-gran-canaria-tour","status":"publish","type":"product","link":"https:\/\/canaryvip.com\/pt\/shop\/jetski-gran-canaria-tour\/","title":{"rendered":"Tour JetSki Gran Canaria"},"content":{"rendered":"<h2>JetSki Gran Canaria Safari Tour<\/h2>\n<p>Prepare-se para uma aventura oce\u00e2nica \u00fanica com a nossa emocionante <strong>jetski Gran Canaria<\/strong> experi\u00eancia. Esta visita guiada de 1 hora parte de <a href=\"https:\/\/maps.app.goo.gl\/wvmuLbrgqyykEXRA9\" target=\"_blank\" rel=\"noopener\">Praia de Mog\u00e1n<\/a> ou <a href=\"https:\/\/maps.app.goo.gl\/qQX9BVijLLwy2Ldn9\" target=\"_blank\" rel=\"noopener\">Playa de Taurito<\/a> e leva-o ao longo de algumas das paisagens costeiras mais espectaculares do sul da ilha. N\u00e3o \u00e9 necess\u00e1ria experi\u00eancia pr\u00e9via - basta trazer a sua energia, e n\u00f3s tratamos do resto!<\/p>\n<h3>\u23f1\ufe0f Safari de Jetski de 1 hora: Velocidade, natureza e vistas inesquec\u00edveis<\/h3>\n<ul>\n<li><strong>Percurso panor\u00e2mico:<\/strong> Passeie no seu pr\u00f3prio jetski ao longo de imponentes fal\u00e9sias vulc\u00e2nicas e explore grutas marinhas naturais como as de Tasartico (se as condi\u00e7\u00f5es do mar o permitirem), dirigindo-se at\u00e9 \u00e0 praia de Tasarte.<\/li>\n<li><strong>Observa\u00e7\u00e3o da vida marinha:<\/strong> Tartarugas, peixes voadores e at\u00e9 golfinhos s\u00e3o frequentemente vistos nesta rota - tornando-a mais do que apenas um passeio emocionante.<\/li>\n<li><strong>Divers\u00e3o e seguran\u00e7a para todos:<\/strong> N\u00e3o \u00e9 necess\u00e1ria carta de condu\u00e7\u00e3o ou experi\u00eancia. Os condutores devem ter mais de 16 anos para conduzir sozinhos. Os condutores com idades compreendidas entre os 16 e os 17 anos necessitam de uma autoriza\u00e7\u00e3o parental assinada e de um documento de identifica\u00e7\u00e3o v\u00e1lido.<\/li>\n<\/ul>\n<h3>\ud83d\udcf8 Mem\u00f3rias fotogr\u00e1ficas para guardar para sempre<\/h3>\n<p>O seu guia ir\u00e1 tirar fotografias de a\u00e7\u00e3o durante o passeio. Se desejar, pode compr\u00e1-las depois do passeio - uma forma perfeita de recordar o seu <strong>jetski safari Gran Canaria<\/strong>.<\/p>\n<h3>O que est\u00e1 inclu\u00eddo na experi\u00eancia Jetski Gran Canaria<\/h3>\n<ul>\n<li>1 hora <strong>jetski safari Gran Canaria<\/strong> com um guia profissional<\/li>\n<li>Instru\u00e7\u00f5es simples de seguran\u00e7a e de utiliza\u00e7\u00e3o do jetski<\/li>\n<li>Jet skis e coletes salva-vidas de alta qualidade<\/li>\n<li>Seguro completo inclu\u00eddo<\/li>\n<li>Utiliza\u00e7\u00e3o gratuita de cacifos para os seus objectos pessoais<\/li>\n<li>Servi\u00e7o opcional de fotografia profissional (dispon\u00edvel para compra ap\u00f3s a atividade)<\/li>\n<\/ul>\n<h3>\ud83c\udf26\ufe0f Importante: Condi\u00e7\u00f5es meteorol\u00f3gicas<\/h3>\n<p>A atividade est\u00e1 sujeita \u00e0s condi\u00e7\u00f5es mar\u00edtimas e meteorol\u00f3gicas. Em caso de mar agitado ou de mau tempo, o passeio pode ser adiado para sua seguran\u00e7a.<\/p>\n<h3>\u2696\ufe0f Pol\u00edtica de cancelamento<\/h3>\n<p>Os planos mudam - n\u00f3s compreendemos. \u00c9 por isso que oferecemos uma pol\u00edtica de cancelamento justa e transparente:<\/p>\n<ul>\n<li><strong>Com mais de 48 horas de anteced\u00eancia:<\/strong> Reembolso total do pagamento efectuado.<\/li>\n<li><strong>Entre 24 e 48 horas antes da atividade:<\/strong> 30% taxa de anula\u00e7\u00e3o.<\/li>\n<li><strong>Menos de 24 horas ou n\u00e3o compar\u00eancia:<\/strong> N\u00e3o ser\u00e1 efectuado qualquer reembolso.<\/li>\n<\/ul>\n<p>Recomendamos que efectue a sua reserva com anteced\u00eancia e que nos informe o mais rapidamente poss\u00edvel caso necessite de efetuar altera\u00e7\u00f5es \u00e0 sua reserva.<\/p>\n<h3>\ud83e\uddf3 O que levar e saber antes de ir<\/h3>\n<ul>\n<li><strong>Trazer consigo:<\/strong> Fato de banho, toalha e protetor solar s\u00e3o obrigat\u00f3rios. Uma m\u00e1quina fotogr\u00e1fica \u00e0 prova de \u00e1gua \u00e9 \u00f3ptima se quiser tirar as suas pr\u00f3prias fotografias!<\/li>\n<li><strong>Op\u00e7\u00f5es de conforto:<\/strong> Est\u00e3o dispon\u00edveis fatos de mergulho se pretender uma prote\u00e7\u00e3o extra, ou sinta-se \u00e0 vontade para andar com o seu fato de banho.<\/li>\n<li><strong>Cal\u00e7ado:<\/strong> Guardamos os seus sapatos em seguran\u00e7a enquanto estiver na \u00e1gua.<\/li>\n<\/ul>\n<h3>Porqu\u00ea reservar com o CanaryVIP?<\/h3>\n<p>Em <strong>CanaryVIP,<\/strong>\u00a0trabalhamos com os parceiros locais mais fi\u00e1veis e experientes das Ilhas Can\u00e1rias para lhe proporcionar experi\u00eancias seguras e de alta qualidade. Este <strong>jetski Gran Canaria<\/strong> A excurs\u00e3o \u00e9 operada por um fornecedor local certificado, cuidadosamente selecionado para garantir que tira o m\u00e1ximo partido da sua aventura.<\/p>\n<h3>Procura uma experi\u00eancia de mar mais exclusiva?<\/h3>\n<p>Quer levar o seu dia no oceano para o pr\u00f3ximo n\u00edvel? Veja o nosso <a href=\"https:\/\/canaryvip.com\/pt\/gran-canaria\/boat-hire-gran-canaria\/\" target=\"_blank\" rel=\"noopener\"><strong>aluguer de barcos privados Gran Canaria<\/strong><\/a> e <strong>aluguer de iates<\/strong> op\u00e7\u00f5es - ideal para casais, fam\u00edlias e grupos que desejam algo mais pessoal e luxuoso.<\/p>\n<ul>\n<li><strong>Aluguer de barcos privados:<\/strong> Explore praias escondidas e nade em \u00e1guas cristalinas com o seu pr\u00f3prio barco e skipper.<\/li>\n<li><strong>Aluguer de iates de luxo:<\/strong> Desfrute de servi\u00e7os de bordo de primeira qualidade, bebidas, snacks e relaxamento total em grande estilo.<\/li>\n<li><strong>Eventos especiais:<\/strong> Comemore anivers\u00e1rios, pedidos de casamento ou simplesmente desfrute de um dia \u00fanico no mar com as pessoas de quem gosta.<\/li>\n<\/ul>\n<p>Qualquer que seja a sua vibra\u00e7\u00e3o, <strong>CanaryVIP<\/strong> tem o barco perfeito para o seu dia inesquec\u00edvel no Atl\u00e2ntico.<\/p>\n<h3>Pronto para montar?<\/h3>\n<p>N\u00e3o perca a oportunidade de experimentar a emo\u00e7\u00e3o do <strong>jetski safari Gran Canaria<\/strong> e descobrir a costa de uma perspetiva totalmente nova. <strong>Reserve agora com <a href=\"https:\/\/canaryvip.com\/pt\/\" target=\"_blank\" rel=\"noopener\">CanaryVIP<\/a><\/strong> e tornar o seu tempo em Gran Canaria absolutamente inesquec\u00edvel. \ud83c\udf0a\ud83d\udca8<\/p>","protected":false},"excerpt":{"rendered":"<p><strong>JetSki Gran Canaria:<\/strong><br \/>\n\u2705 Pagamento seguro.<br \/>\n\ud83c\udf1f Experi\u00eancia inesquec\u00edvel.<br \/>\nPasseios de 1 hora.<br \/>\n\ud83d\udcc6 Passeios di\u00e1rios.<br \/>\n\ud83d\udd59 M\u00faltiplos per\u00edodos de tempo.<br \/>\n\ud83d\udc66 +7 Anos podem aderir.<br \/>\n\ud83d\udc64 +16 anos podem andar de carro.<br \/>\n\ud83e\udd11 Melhor pre\u00e7o garantido.<br \/>\nServi\u00e7o de transporte dispon\u00edvel.<br \/>\n\ud83d\udc6a  Descontos activados.<br \/>\n\ud83d\udd01 At\u00e9 48h Cancelamento.<br \/>\n\ud83c\udf0d Guias multilingues.<br \/>\n\ud83c\udf1f Reserve agora e poupe!<br \/>\nDe Mog\u00e1n &amp; Taurito.<\/p>","protected":false},"featured_media":14054,"comment_status":"open","ping_status":"closed","template":"","meta":{"_acf_changed":false},"product_brand":[],"product_cat":[135],"product_tag":[],"class_list":{"0":"post-14051","1":"product","2":"type-product","3":"status-publish","4":"has-post-thumbnail","6":"product_cat-watersports","7":"wcpa_has_options","9":"first","10":"instock","11":"virtual","12":"purchasable","13":"product-type-simple"},"acf":[],"wcpa_form_fields":{"wcpaData":{"product":{"product_price":130,"price_html":"From&nbsp;<span class=\"woocommerce-Price-amount amount\"><bdi>130,00&nbsp;<span class=\"woocommerce-Price-currencySymbol\">&euro;<\/span><\/bdi><\/span>","original_product_price":130,"price_including_tax":130,"price_excluding_tax":130,"product_id":{"parent":14051,"variation":false},"is_variable":false,"stock_status":"instock","stock_quantity":null,"parent_sku":"CV14051","product_attributes":[],"custom_fields":[],"is_taxable":false,"product_name":"JetSki Gran Canaria Tour","hasImage":false},"fields":{"sec_1067e15d3bd1502":{"extra":{"key":"sec_1067e15d3bd1502","section_id":"sec_1067e15d3bd1502","name":"Default","status":1,"cl_rule":"show","enableCl":false,"relations":[],"toggle":true,"title_tag":"h3","show_title":false,"showPrice":"default","form_id":14059,"form_rules":{"exclude_from_discount":true,"fee_label":"Fee","disp_hide_options_price":true,"disp_show_section_price":false,"disp_show_field_price":true,"layout_option":"standard","pric_use_as_fee":false,"process_fee_as":"woo_fee"},"layout_option":"standard"},"fields":[[{"label":"\ud83d\udcc5 Date","active":true,"required":true,"elementId":"date_267e15d3bd1546","picker_type":"custom","picker_mode":"single","placeholder":"","description":"","tooltip":"","name":"date_267e15d3bd1546","label_position":"default","desc_position":"default","enablePrice":false,"className":"","enableCl":false,"relations":[{"operator":"and","rules":[{"operator":"AND","rules":{"cl_field":"radio-group_667e15d3bd15b0","cl_relation":"is","cl_val":"3 Hour Trip"}}]}],"date_pic_inline":true,"date_pic_inline_hide":true,"min_date":{"type":"days","val":"0"},"max_date":{"type":"days","val":"365"},"date_pic_conf":{"disabledWeeks":[]},"price":"","cl_rule":"show","col":6,"type":"date","error":false,"enableDesign":false,"LabelColor":"","gt_translate_keys":["label","placeholder","description","tooltip"],"price_dependency":false,"cl_dependency":false,"value":""}],[{"active":true,"col":6,"relations":false,"cl_rule":"show","enableCl":false,"price":"","enablePrice":false,"className":"","label_position":"default","desc_position":"default","type":"select","required":false,"elementId":"select_167e15d3bd155d","label":"\ud83d\udccd Departure Point","name":"select_167e15d3bd155d","values":[{"label":"Mog\u00e1n Beach","value":"Mogan","selected":false,"tempId":"aco_481","gt_translate_keys":["label"]},{"label":"Taurito Beach","value":"Taurito","selected":false,"tempId":"aco_482","gt_translate_keys":["label"]}],"dropdown_type":"basic","error":false,"gt_translate_keys":["label"],"price_dependency":false,"cl_dependency":false,"value":""}],[{"active":true,"col":6,"relations":[{"operator":false,"rules":[{"operator":"AND","rules":{"cl_field":"radio-group_667e15d3bd15b0","cl_relation":"is","cl_val":"3 Hour Trip"}}]}],"cl_rule":"show","enableCl":false,"price":"","enablePrice":false,"className":"","label_position":"default","desc_position":"default","type":"select","required":true,"elementId":"select_867e15d3bd1593","label":"\u23f0 Departure Time","name":"select_867e15d3bd1593","values":[{"label":"9:00","value":"9:00","selected":false,"tempId":"aco_1450","gt_translate_keys":["label"]},{"label":"10:00","value":"10:00","selected":false,"tempId":"aco_37","gt_translate_keys":["label"]},{"label":"11:00","value":"11:00","selected":false,"tempId":"aco_281","gt_translate_keys":["label"]},{"label":"12:00","value":"12:00","selected":false,"tempId":"aco_381","gt_translate_keys":["label"]},{"label":"15:00","value":"15:00","selected":false,"tempId":"aco_444","gt_translate_keys":["label"]},{"label":"16:15","value":"16:15","selected":false,"tempId":"aco_454","gt_translate_keys":["label"]}],"dropdown_type":"basic","error":false,"placeholder":"Select Departure Time","priceOptions":"different_for_all","pricingType":"custom","isTemplate":false,"is_show_price":true,"gt_translate_keys":["label","placeholder"],"price_dependency":false,"cl_dependency":false,"value":""}]]},"sec_367e15d3bd15b1":{"extra":{"key":"sec_367e15d3bd15b1","section_id":"sec_367e15d3bd15b1","name":"1H Tour Gran Canaria","status":1,"cl_rule":"show","enableCl":false,"relations":[{"operator":false,"rules":[{"operator":"AND","rules":{"cl_field":"radio-group_667e15d3bd15b0","cl_relation":"is","cl_val":"1 Hour Trip"}}]}],"toggle":true,"title_tag":"h4","show_title":false,"showPrice":"default","form_id":14059,"form_rules":{"exclude_from_discount":true,"fee_label":"Fee","disp_hide_options_price":true,"disp_show_section_price":false,"disp_show_field_price":true,"layout_option":"standard","pric_use_as_fee":false,"process_fee_as":"woo_fee"},"layout_option":"standard"},"fields":[[{"contentType":"rich","active":true,"label":"","elementId":"content_967e15d3bd15e4","value":"<p>\ud83c\udf9f\ufe0f <strong>Reservation<\/strong>: Pay only a deposit now to reserve; the rest is due on the day of the activity upon arrival.<\/p>","inline":true,"name":"content_967e15d3bd15e4","enablePrice":false,"className":"","subtype":"div","enableCl":false,"relations":false,"price":"","cl_rule":"show","col":6,"type":"content","error":false,"show_in_checkout":true,"enableDesign":true,"LabelSize":"14px","DescSize":"14px","gt_translate_keys":["label","value"],"price_dependency":false,"cl_dependency":false}],[{"active":true,"col":6,"relations":false,"cl_rule":"show","enableCl":false,"price":"","enablePrice":false,"className":"","label_position":"default","desc_position":"default","type":"content","required":false,"elementId":"content_167e15d3bd15fc","label":"Number of Jet Skis for 1 Hour","name":"content_167e15d3bd15fc","contentType":"plain","value":"","error":false,"show_in_checkout":true,"inline":false,"gt_translate_keys":["label","value"],"price_dependency":false,"cl_dependency":false}],[{"active":true,"col":6,"relations":[{"operator":false,"rules":[{"operator":"AND","rules":{"cl_field":"","cl_relation":"","cl_val":""}}]}],"cl_rule":"show","enableCl":false,"price":"130","enablePrice":true,"className":"","label_position":"default","desc_position":"default","type":"radio-group","required":false,"elementId":"radio-group_967e15d3bd1618","label":"","name":"radio-group_967e15d3bd1618","values":[{"label":"\ud83d\udc64 Single JetSki (130\u20ac)","value":"Single JetSki","selected":true,"tempId":"aco_32","tooltip":"1 Person on the JetSki.","description":"","gt_translate_keys":["label","tooltip","description"]}],"layOut":"","error":false,"checkUi":"button","priceOptions":"fixed_for_all","pricingType":"fixed","enable_quantity":true,"quantity_label":"","min_quantity":"0","options_tooltip":true,"options_description":true,"is_show_price":true,"gt_translate_keys":["label","quantity_label"],"price_dependency":["content_167e15d3bd1666","content_267e15d3bd167e","content_667e15d3bd1696"],"cl_dependency":false,"value":""}],[{"label":"","active":true,"required":false,"elementId":"radio-group_067e15d3bd1635","name":"radio-group_067e15d3bd1635","label_position":"default","desc_position":"default","enablePrice":true,"className":"","enableCl":false,"relations":false,"enable_quantity":true,"quantity_label":"","min_quantity":"0","checkUi":"button","layOut":"","values":[{"label":"\ud83d\udc65 Double JetSki (150\u20ac)","value":"Double JetSki","selected":true,"tempId":"aco_32","tooltip":"2 People on the same JetSki.","description":"","gt_translate_keys":["label","tooltip","description"]}],"priceOptions":"fixed_for_all","pricingType":"fixed","price":"150","cl_rule":"show","col":6,"type":"radio-group","error":false,"options_tooltip":true,"options_description":true,"is_show_price":true,"quantity_decimal":false,"quantity_step":"1","gt_translate_keys":["label","quantity_label"],"price_dependency":["content_167e15d3bd1666","content_267e15d3bd167e","content_667e15d3bd1696"],"cl_dependency":false,"value":""}],[{"elementId":"separator_767e15d3bd164f","separatorType":"fill","separatorColor":"#66a6b6","className":"","height":"3","enableCl":false,"relations":false,"cl_rule":"show","col":6,"type":"separator","gt_translate_keys":[],"price_dependency":false,"cl_dependency":false,"value":""}],[{"active":true,"col":6,"relations":false,"cl_rule":"show","enableCl":false,"price":"({field.radio-group_967e15d3bd1618.price}*0.30) + ({field.radio-group_067e15d3bd1635.price}*0.30)","enablePrice":true,"className":"","label_position":"default","desc_position":"default","type":"content","required":false,"elementId":"content_167e15d3bd1666","label":"Deposit Now","name":"content_167e15d3bd1666","contentType":"plain","value":"","error":false,"pricingType":"custom","isTemplate":false,"is_show_price":false,"enableDesign":true,"scrollBar":false,"use_as_fee":false,"fee_label":"","inline":true,"show_in_checkout":true,"subtype":"div","LabelSize":"14px","LabelColor":"","gt_translate_keys":["label","value"],"price_dependency":false,"cl_dependency":false}],[{"contentType":"plain","active":true,"label":"Payment at Arrival","elementId":"content_267e15d3bd167e","value":"","inline":true,"show_in_checkout":true,"name":"content_267e15d3bd167e","enablePrice":true,"className":"","fee_label":"","subtype":"div","enableCl":false,"relations":[{"operator":false,"rules":[{"operator":"AND","rules":{"cl_field":"content_167e15d3bd1666","cl_relation":"is_not_empty","cl_val":""}}]}],"scrollBar":false,"enableDesign":true,"pricingType":"custom","isTemplate":false,"price":"({field.radio-group_967e15d3bd1618.price}*0.70) + ({field.radio-group_067e15d3bd1635.price}*0.70)","use_as_fee":false,"is_show_price":true,"cl_rule":"disable","col":6,"type":"content","error":false,"LabelSize":"14px","LabelColor":"","gt_translate_keys":["label","value"],"price_dependency":false,"cl_dependency":false}],[{"contentType":"plain","active":true,"label":"Total Amount","elementId":"content_667e15d3bd1696","value":"","inline":true,"show_in_checkout":true,"name":"content_667e15d3bd1696","enablePrice":true,"className":"","fee_label":"","subtype":"div","enableCl":false,"relations":[{"operator":false,"rules":[{"operator":"AND","rules":{"cl_field":"content_167e15d3bd1666","cl_relation":"is_not_empty","cl_val":""}}]}],"scrollBar":false,"enableDesign":true,"LabelColor":"","LabelSize":"14px","pricingType":"custom","isTemplate":false,"price":"({field.radio-group_967e15d3bd1618.price}) + ({field.radio-group_067e15d3bd1635.price})","use_as_fee":false,"is_show_price":true,"cl_rule":"disable","col":6,"type":"content","error":false,"gt_translate_keys":["label","value"],"price_dependency":false,"cl_dependency":false}]]},"sec_567e15d3bd1860":{"extra":{"key":"sec_567e15d3bd1860","section_id":"sec_567e15d3bd1860","name":"Pickup Location","status":1,"cl_rule":"show","enableCl":true,"relations":[{"operator":false,"rules":[{"operator":"AND","rules":{"cl_field":"radio-group_667e15d3bd15b0","cl_relation":"is_not","cl_val":"2.5 Hour Trip"}}]}],"toggle":true,"title_tag":"h4","show_title":false,"showPrice":"default","form_id":14059,"form_rules":{"exclude_from_discount":true,"fee_label":"Fee","disp_hide_options_price":true,"disp_show_section_price":false,"disp_show_field_price":true,"layout_option":"standard","pric_use_as_fee":false,"process_fee_as":"woo_fee"},"layout_option":"standard"},"fields":[[{"active":true,"col":6,"relations":false,"cl_rule":"show","enableCl":false,"price":"","enablePrice":false,"className":"","label_position":"default","desc_position":"default","type":"separator","required":false,"elementId":"separator_267e15d3bd187a","label":"Separator Field","height":"1","separatorType":"blank","error":false,"gt_translate_keys":["label"],"price_dependency":false,"cl_dependency":false,"value":""}],[{"active":true,"col":6,"relations":[{"operator":false,"rules":[{"operator":false,"rules":{"cl_field":"radio-group_667e15d3bd15b0","cl_relation":"is_not","cl_val":"4.5 Hour Trip from North Tenerife"}}]}],"cl_rule":"show","enableCl":false,"price":"","enablePrice":false,"className":"","label_position":"default","desc_position":"default","type":"text","subtype":"text","required":false,"elementId":"text_967e15d3bd188f","label":"\ud83d\ude8c Pickup Location","name":"text_967e15d3bd188f","value":"","error":false,"description":"Pick-up service in some locations. Simply provide your address or hotel name. (+2\u20ac\/person paid at pickup to the driver)","repeater":false,"repeater_field_label":"{field_label}","repeater_bind":"","gt_translate_keys":["label","description","value","repeater_field_label"],"price_dependency":false,"cl_dependency":false}]]}},"config":{"price_override":"always","enable_recaptcha":false,"bind_quantity":false,"quantity_bind_formula":false,"disp_summ_show_option_price":true,"disp_summ_show_product_price":false,"disp_summ_show_total_price":false,"disp_summ_show_fee":true,"disp_summ_show_discount":true,"summary_title":"","options_total_label":"Options Price","total_label":"Deposit Amount","options_product_label":"Product Price","fee_label":"Fee","discount_label":"Discount","has_price":true,"has_quantity_formula":false},"mc_unit":1,"tax_rate":1,"tax_rate_real":1,"discount":{"percentage":0,"fixed":0},"design":{"conf":{"LabelPosition":"above","DescPosition":"above","UploadField":"custom_1","QuantityFieldStyle":"custom_1"},"css":{"LeftLabelWidth":"120px"}},"formulas":[],"lookuptables":[],"clones":false,"cartKey":false}},"_links":{"self":[{"href":"https:\/\/canaryvip.com\/pt\/wp-json\/wp\/v2\/product\/14051","targetHints":{"allow":["GET"]}}],"collection":[{"href":"https:\/\/canaryvip.com\/pt\/wp-json\/wp\/v2\/product"}],"about":[{"href":"https:\/\/canaryvip.com\/pt\/wp-json\/wp\/v2\/types\/product"}],"replies":[{"embeddable":true,"href":"https:\/\/canaryvip.com\/pt\/wp-json\/wp\/v2\/comments?post=14051"}],"wp:featuredmedia":[{"embeddable":true,"href":"https:\/\/canaryvip.com\/pt\/wp-json\/wp\/v2\/media\/14054"}],"wp:attachment":[{"href":"https:\/\/canaryvip.com\/pt\/wp-json\/wp\/v2\/media?parent=14051"}],"wp:term":[{"taxonomy":"product_brand","embeddable":true,"href":"https:\/\/canaryvip.com\/pt\/wp-json\/wp\/v2\/product_brand?post=14051"},{"taxonomy":"product_cat","embeddable":true,"href":"https:\/\/canaryvip.com\/pt\/wp-json\/wp\/v2\/product_cat?post=14051"},{"taxonomy":"product_tag","embeddable":true,"href":"https:\/\/canaryvip.com\/pt\/wp-json\/wp\/v2\/product_tag?post=14051"}],"curies":[{"name":"wp","href":"https:\/\/api.w.org\/{rel}","templated":true}]}}