{"id":12949,"date":"2024-08-19T12:56:56","date_gmt":"2024-08-19T11:56:56","guid":{"rendered":"https:\/\/canaryvip.com\/?post_type=product&#038;p=12949"},"modified":"2025-08-09T13:58:46","modified_gmt":"2025-08-09T12:58:46","slug":"sunkiss-boat-charter-gran-canaria","status":"publish","type":"product","link":"https:\/\/canaryvip.com\/pt\/shop\/sunkiss-boat-charter-gran-canaria\/","title":{"rendered":"Aluguer de barcos Sunkiss<br\/>Gran Canaria"},"content":{"rendered":"<h2>\ud83d\udee5\ufe0f Sunkiss Boat Charter Gran Canaria<\/h2>\n<p>Experimente a beleza da Gran Canaria a partir do conforto do <strong>Aluguer de barcos Sunkiss<\/strong>O barco de recreio da ilha de S\u00e3o Miguel \u00e9 uma forma privada e luxuosa de explorar a deslumbrante costa sul da ilha. Com espa\u00e7o para at\u00e9 8 passageiros, este exclusivo <strong>aluguer de barcos na Gran Canaria<\/strong> \u00e9 perfeito para casais, fam\u00edlias ou pequenos grupos que procuram uma aventura \u00fanica e relaxante.<\/p>\n<p>No CanaryVIP, fazemos da reserva o seu <a href=\"https:\/\/canaryvip.com\/pt\/gran-canaria\/\"><strong>alugar um barco Puerto Mog\u00e1n<\/strong><\/a> A nossa experi\u00eancia \u00e9 f\u00e1cil e agrad\u00e1vel, assegurando que todos os pormenores s\u00e3o tratados para o seu dia perfeito na \u00e1gua.<\/p>\n<h3>\u2b50\ufe0f Porqu\u00ea escolher Sunkiss Boat Charter em Gran Canaria<\/h3>\n<p>Eis por que raz\u00e3o o <strong>Aluguer de barcos Sunkiss<\/strong> \u00e9 uma das melhores op\u00e7\u00f5es para um dia privado e inesquec\u00edvel no mar:<\/p>\n<h4><strong>Experi\u00eancia privada e \u00edntima<\/strong><\/h4>\n<p>Desfrute de uma viagem exclusiva apenas com o seu grupo. Com uma capacidade m\u00e1xima de 8 pessoas, este iate privado oferece um ambiente pessoal e tranquilo, ideal para ocasi\u00f5es especiais ou para uma escapadela relaxante.<\/p>\n<h4><strong>Conforto elegante<\/strong><\/h4>\n<p>Navegue a bordo de um iate de 12 metros muito bem conservado, com assentos confort\u00e1veis, \u00e1reas sombreadas e um espa\u00e7oso conv\u00e9s para banhos de sol. Aprecie as deslumbrantes vistas panor\u00e2micas da costa da Gran Canaria enquanto relaxa em grande estilo.<\/p>\n<h4><strong>Aventura de mergulho com snorkel<\/strong><\/h4>\n<p>Ancore numa enseada isolada para nadar em \u00e1guas cristalinas e praticar snorkeling com o equipamento fornecido. Descubra a vibrante vida marinha da Gran Canaria, ou simplesmente relaxe no conv\u00e9s e desfrute da atmosfera serena.<\/p>\n<h3>\ud83d\udea4 Op\u00e7\u00f5es de passeio de barco no Sunkiss<\/h3>\n<p>Escolha a dura\u00e7\u00e3o da viagem que se adapta ao seu hor\u00e1rio e aos seus desejos:<\/p>\n<ul>\n<li><strong>Charter privado de 3 horas:<\/strong> Uma escapadela perfeita para explorar a costa da Gran Canaria e desfrutar de um refrescante mergulho ou snorkel.<\/li>\n<li><strong>Aluguer privado de 6 horas:<\/strong> Mergulhe mais fundo na beleza natural da ilha, com mais tempo para relaxar e explorar locais escondidos.<\/li>\n<li><strong>Aluguer privado de 8 horas:<\/strong> Uma aventura de dia inteiro que lhe permite experimentar o m\u00e1ximo em relaxamento e explora\u00e7\u00e3o, com tempo extra para visitar v\u00e1rias enseadas e desfrutar do melhor da Gran Canaria.<\/li>\n<\/ul>\n<h3>\ud83e\udd42 O que est\u00e1 inclu\u00eddo na sua Carta Sunkiss<\/h3>\n<p>O seu <strong>aluguer de barcos na Gran Canaria<\/strong> inclui:<\/p>\n<ul>\n<li>Snacks, incluindo batatas fritas e frutos secos.<\/li>\n<li>Bebidas como cerveja, refrigerantes e \u00e1gua.<\/li>\n<li>Equipamento de snorkeling (m\u00e1scaras e barbatanas) para explorar o mundo subaqu\u00e1tico.<\/li>\n<li>Seguro para uma experi\u00eancia sem preocupa\u00e7\u00f5es.<\/li>\n<li>Transporte opcional de e para os hot\u00e9is no sul da Gran Canaria.<\/li>\n<li>Almo\u00e7o opcional (10 euros por pessoa, solicitar durante a reserva).<\/li>\n<\/ul>\n<h3>\ud83d\udccd Detalhes da partida<\/h3>\n<ul>\n<li><strong>Localiza\u00e7\u00e3o:<\/strong> <a href=\"https:\/\/maps.app.goo.gl\/Xhe545W98um3rx6W8\" target=\"_new\" rel=\"noopener\"><span>Porto<\/span><span> Mog\u00fancia<\/span><span>, Gran<\/span><span> Can\u00e1rias<\/span><\/a>.<\/li>\n<li><strong>Hor\u00e1rios de partida:<\/strong> 09:00, 12:00 e 15:00.<\/li>\n<li><strong>Transporte:<\/strong> Servi\u00e7o de recolha dispon\u00edvel para maior comodidade.<\/li>\n<\/ul>\n<p>Recomendamos que chegue pelo menos 15 minutos antes da partida para garantir um in\u00edcio tranquilo da sua aventura.<\/p>\n<h3>Pol\u00edtica de cancelamento transparente<\/h3>\n<p>Damos prioridade \u00e0 sua paz de esp\u00edrito com op\u00e7\u00f5es de cancelamento claras e flex\u00edveis:<\/p>\n<ul>\n<li><strong>Garantia meteorol\u00f3gica:<\/strong> Reagendar ou receber um reembolso total em caso de condi\u00e7\u00f5es climat\u00e9ricas inseguras.<\/li>\n<li><strong>Cancelamentos flex\u00edveis:<\/strong> Cancele ou remarque gratuitamente at\u00e9 8 dias antes da sua viagem. Os dep\u00f3sitos n\u00e3o s\u00e3o reembols\u00e1veis para cancelamentos efectuados nos 8 dias anteriores \u00e0 partida programada.<\/li>\n<\/ul>\n<h3>\ud83d\udc68\u200d\u2708\ufe0f Dicas para a sua aventura de barco Sunkiss<\/h3>\n<p>Tire o m\u00e1ximo partido do seu dia com estas dicas simples:<\/p>\n<ul>\n<li>Trazer fato de banho, protetor solar e uma toalha.<\/li>\n<li>Usar vestu\u00e1rio confort\u00e1vel e adequado \u00e0s condi\u00e7\u00f5es climat\u00e9ricas.<\/li>\n<li>Tenha o seu bilhete CanaryVIP pronto, no seu telem\u00f3vel ou impresso.<\/li>\n<li>Fazer uma refei\u00e7\u00e3o ligeira antes da partida para evitar o enjoo.<\/li>\n<\/ul>\n<h3>Porqu\u00ea reservar com o CanaryVIP<\/h3>\n<p>Na CanaryVIP, somos especialistas em oferecer o melhor <strong>alugar um barco Puerto Mog\u00e1n<\/strong> e <strong>aluguer de iates de luxo em Gran Canaria<\/strong>. Desde charters privados como o Sunkiss a experi\u00eancias personalizadas, garantimos que cada momento na \u00e1gua \u00e9 inesquec\u00edvel.<\/p>\n<p>Reserve o seu <strong>Aluguer de barcos Sunkiss<\/strong> hoje e desfrute de uma viagem cheia de descontra\u00e7\u00e3o, aventura e vistas deslumbrantes da Gran Canaria.<\/p>\n<p>\ud83d\udc49 <a href=\"https:\/\/canaryvip.com\/pt\/\" target=\"_new\" rel=\"noopener\"><span>Reserva<\/span><span> Agora<\/span><\/a> e crie mem\u00f3rias que durar\u00e3o uma vida inteira!<\/p>","protected":false},"excerpt":{"rendered":"<p><strong>\ud83d\udd0d Magic Island Gran Canaria:<\/strong><br \/>\n\u2705 Pagamento seguro.<br \/>\n\ud83d\udd10 Visitas privadas.<br \/>\n\ud83d\udee5\ufe0f 12m Yacht Comfort.<br \/>\nPasseios di\u00e1rios de 3H, 6H e 8H.<br \/>\nHor\u00e1rios de partida diferentes.<br \/>\n\ud83d\udc65 At\u00e9 8 pessoas.<br \/>\n\ud83e\udd3f O equipamento de snorkel \u00e9 fornecido.<br \/>\nRecolha e entrega.<br \/>\n\ud83e\udd11 Melhor pre\u00e7o garantido.<br \/>\n\ud83d\udc6a  Descontos activados.<br \/>\n\ud83d\udd01 Cancelamento at\u00e9 8 dias.<br \/>\n\ud83c\udf0d Tripula\u00e7\u00e3o multilingue.<br \/>\n\ud83c\udf1f Reserve com anteced\u00eancia e poupe!<br \/>\n\ud83d\udccd Partida de <a href=\"https:\/\/maps.app.goo.gl\/4TJkgAg6UBpnsyhm9\">Puerto de Mog\u00e1n<\/a>.<\/p>","protected":false},"featured_media":12950,"comment_status":"open","ping_status":"closed","template":"","meta":{"_acf_changed":false},"product_brand":[],"product_cat":[132],"product_tag":[],"class_list":{"0":"post-12949","1":"product","2":"type-product","3":"status-publish","4":"has-post-thumbnail","6":"product_cat-boat-hire-gran-canaria","7":"wcpa_has_options","9":"first","10":"instock","11":"virtual","12":"purchasable","13":"product-type-simple"},"acf":[],"wcpa_form_fields":{"wcpaData":{"product":{"product_price":399,"price_html":"From&nbsp;<span class=\"woocommerce-Price-amount amount\"><bdi>399,00&nbsp;<span class=\"woocommerce-Price-currencySymbol\">&euro;<\/span><\/bdi><\/span>","original_product_price":399,"price_including_tax":399,"price_excluding_tax":399,"product_id":{"parent":12949,"variation":false},"is_variable":false,"stock_status":"instock","stock_quantity":null,"parent_sku":"CV12949","product_attributes":[],"custom_fields":[],"is_taxable":false,"product_name":"Sunkiss Boat Charter<br\/>Gran Canaria","hasImage":false},"fields":{"sec_667811df8760f9":{"extra":{"key":"sec_667811df8760f9","section_id":"sec_667811df8760f9","name":"Default","status":1,"cl_rule":"show","enableCl":false,"relations":[],"toggle":true,"title_tag":"h3","show_title":false,"showPrice":"default","form_id":13536,"form_rules":{"exclude_from_discount":true,"fee_label":"Fee","disp_hide_options_price":true,"disp_show_section_price":false,"disp_show_field_price":true,"layout_option":"standard","pric_use_as_fee":false,"process_fee_as":"woo_fee"},"layout_option":"standard"},"fields":[[{"label":"\ud83d\udcc5 Date","active":true,"required":true,"elementId":"date_567811df876119","picker_type":"custom","picker_mode":"single","placeholder":"","description":"","tooltip":"","name":"date_567811df876119","label_position":"default","desc_position":"default","enablePrice":false,"className":"","enableCl":false,"relations":[{"operator":"and","rules":[{"operator":"AND","rules":{"cl_field":"radio-group_565c78ffa81208","cl_relation":"is","cl_val":"3 Hour Trip"}}]}],"date_pic_inline":true,"date_pic_inline_hide":true,"min_date":{"type":"days","val":"2"},"max_date":{"type":"days","val":"365"},"date_pic_conf":{"disabledWeeks":[]},"price":"","cl_rule":"show","col":6,"type":"date","error":false,"enableDesign":false,"LabelColor":"","gt_translate_keys":["label","placeholder","description","tooltip"],"price_dependency":false,"cl_dependency":false,"value":""}],[{"elementId":"separator_267811df876128","separatorType":"blank","className":"","height":"3","enableCl":false,"relations":false,"cl_rule":"show","col":6,"type":"separator","error":false,"gt_translate_keys":[],"price_dependency":false,"cl_dependency":false,"value":""}],[{"active":true,"col":6,"relations":false,"cl_rule":"show","enableCl":false,"price":"","enablePrice":true,"className":"","label_position":"default","desc_position":"default","type":"select","required":true,"elementId":"select_267811df876133","label":"\u23f3 Trip Duration","name":"select_267811df876133","values":[{"label":"3 Hours (399\u20ac)","value":"3","selected":false,"tempId":"aco_556","price":"399","gt_translate_keys":["label"]},{"label":"6 Hours (700\u20ac)","value":"6","selected":false,"tempId":"aco_122","price":"700","gt_translate_keys":["label"]},{"label":"8 Hours (900\u20ac)","value":"8","selected":false,"tempId":"aco_41","price":"900","gt_translate_keys":["label"]}],"dropdown_type":"basic","error":false,"placeholder":"Select Trip Duration","priceOptions":"different_for_all","pricingType":"fixed","is_show_price":false,"gt_translate_keys":["label","placeholder"],"price_dependency":false,"cl_dependency":false,"value":""}],[{"label":"\u2705 Number of People","active":true,"required":true,"elementId":"select_667811df87613d","dropdown_type":"basic","placeholder":"Select Number of People","name":"select_667811df87613d","label_position":"default","desc_position":"default","enablePrice":false,"className":"","enableCl":false,"relations":[{"operator":false,"rules":[{"operator":"AND","rules":{"cl_field":"radio-group_565c78ffa81208","cl_relation":"is","cl_val":"3 Hour Trip"}}]}],"values":[{"label":"1 person","value":"1","selected":false,"tempId":"aco_1471","price":"0","gt_translate_keys":["label"]},{"label":"2 people","value":"2","selected":false,"tempId":"aco_1472","price":"0","gt_translate_keys":["label"]},{"label":"3 people","value":"3","selected":false,"tempId":"aco_1500","price":"0","gt_translate_keys":["label"]},{"label":"4 people","value":"4","selected":false,"tempId":"aco_1510","price":"0","gt_translate_keys":["label"]},{"label":"5 people","value":"5","selected":false,"tempId":"aco_1520","price":"0","gt_translate_keys":["label"]},{"label":"6 people","value":"6","selected":false,"tempId":"aco_1728","price":"0","gt_translate_keys":["label"]},{"label":"7 people","value":"7","selected":false,"tempId":"aco_1738","price":"0","gt_translate_keys":["label"]},{"label":"8 people","value":"8","selected":false,"tempId":"aco_1748","price":"0","gt_translate_keys":["label"]}],"price":"","cl_rule":"show","col":6,"type":"select","error":false,"priceOptions":"different_for_all","pricingType":"fixed","is_show_price":false,"gt_translate_keys":["label","placeholder"],"price_dependency":["select_067811df876146"],"cl_dependency":false,"value":""}],[{"active":true,"col":6,"relations":false,"cl_rule":"show","enableCl":false,"price":"","enablePrice":true,"className":"","label_position":"default","desc_position":"default","type":"select","required":false,"elementId":"select_067811df876146","label":"\ud83c\udf57 Meal (+10\u20ac\/person)","name":"select_067811df876146","values":[{"label":"No","value":"No","selected":false,"tempId":"aco_2562","price":"","gt_translate_keys":["label"]},{"label":"Yes (+10\u20ac\/person)","value":"Yes","selected":false,"tempId":"aco_2563","price":"{field.select_667811df87613d.value}*10","gt_translate_keys":["label"]}],"dropdown_type":"basic","error":false,"description":"Snacks and drinks are included. If you want an extra meal, please select this option. The meal is marinated chicken with mojo potatoes and coleslaw. Payment due at arrival the day of the tour.","priceOptions":"different_for_all","pricingType":"custom","isTemplate":false,"is_show_price":true,"gt_translate_keys":["label","description"],"price_dependency":false,"cl_dependency":false,"value":""}]]},"sec_167811df876147":{"extra":{"key":"sec_167811df876147","section_id":"sec_167811df876147","name":"Pickup Location","status":1,"cl_rule":"show","enableCl":false,"relations":[],"toggle":true,"title_tag":"h4","show_title":false,"showPrice":"default","form_id":13536,"form_rules":{"exclude_from_discount":true,"fee_label":"Fee","disp_hide_options_price":true,"disp_show_section_price":false,"disp_show_field_price":true,"layout_option":"standard","pric_use_as_fee":false,"process_fee_as":"woo_fee"},"layout_option":"standard"},"fields":[[{"elementId":"separator_1067811df876152","separatorType":"blank","className":"","height":"3","enableCl":false,"relations":false,"cl_rule":"show","col":6,"type":"separator","error":false,"gt_translate_keys":[],"price_dependency":false,"cl_dependency":false,"value":""}],[{"active":true,"col":6,"relations":[{"operator":false,"rules":[{"operator":"AND","rules":{"cl_field":"radio-group_565c78ffa81208","cl_relation":"is","cl_val":"3 Hour Trip"}}]}],"cl_rule":"show","enableCl":false,"price":"","enablePrice":false,"className":"","label_position":"default","desc_position":"default","type":"select","required":false,"elementId":"select_667811df87615b","label":"\u23f0 Departure","name":"select_667811df87615b","values":[{"label":"09:00","value":"09:00","selected":false,"tempId":"aco_1471","gt_translate_keys":["label"]},{"label":"12:00","value":"12:00","selected":false,"tempId":"aco_1510","gt_translate_keys":["label"]},{"label":"15:00","value":"15:00","selected":false,"tempId":"aco_1738","gt_translate_keys":["label"]}],"dropdown_type":"basic","error":false,"placeholder":"Whichever Time is Best","gt_translate_keys":["label","placeholder"],"price_dependency":false,"cl_dependency":false,"value":""}],[{"elementId":"separator_767811df876165","separatorType":"blank","className":"","height":"1","enableCl":false,"relations":false,"cl_rule":"show","col":6,"type":"separator","gt_translate_keys":[],"price_dependency":false,"cl_dependency":false,"value":""}],[{"elementId":"separator_967811df876170","separatorType":"blank","className":"","height":"1","enableCl":false,"relations":false,"cl_rule":"show","col":6,"type":"separator","error":false,"gt_translate_keys":[],"price_dependency":false,"cl_dependency":false,"value":""}],[{"active":true,"col":6,"relations":false,"cl_rule":"show","enableCl":false,"price":"","enablePrice":false,"className":"","label_position":"default","desc_position":"default","type":"text","subtype":"text","required":false,"elementId":"text_967811df876178","label":"\ud83d\ude8c Pickup Location","name":"text_967811df876178","value":"","error":false,"description":"Pick-up service in some locations. Simply provide your address or hotel name. (+2\u20ac\/person paid at pickup to the driver)","gt_translate_keys":["label","description","value"],"price_dependency":false,"cl_dependency":false}]]}},"config":{"price_override":"always","enable_recaptcha":false,"bind_quantity":false,"quantity_bind_formula":false,"disp_summ_show_option_price":true,"disp_summ_show_product_price":false,"disp_summ_show_total_price":true,"disp_summ_show_fee":true,"disp_summ_show_discount":true,"summary_title":"","options_total_label":"Options Price","total_label":"Total Amount","options_product_label":"Product Price","fee_label":"Fee","discount_label":"Discount","has_price":true,"has_quantity_formula":false},"mc_unit":1,"tax_rate":1,"tax_rate_real":1,"discount":{"percentage":0,"fixed":0},"design":{"conf":{"LabelPosition":"above","DescPosition":"above","UploadField":"custom_1","QuantityFieldStyle":"custom_1"},"css":{"LeftLabelWidth":"120px"}},"formulas":{"fmla_1708364241278155361":"(({field.select_3666b1eb2b11fe.value}>=8)?(1400):(({field.select_3666b1eb2b11fe.value}>=7)?(1225):(({field.select_3666b1eb2b11fe.value}>=6)?(1050):(({field.select_3666b1eb2b11fe.value}>=5)?(875):(({field.select_3666b1eb2b11fe.value}>=4)?(700):(({field.select_3666b1eb2b11fe.value}>=3)?(500):(0)))))))","fmla_1718295979528641619":"(({field.select_3666b1eb2b11fe.value}>=8)?(280):(({field.select_3666b1eb2b11fe.value}>=7)?(205):(({field.select_3666b1eb2b11fe.value}>=6)?(150):(({field.select_3666b1eb2b11fe.value}>=5)?(175):(({field.select_3666b1eb2b11fe.value}>=4)?(200):(({field.select_3666b1eb2b11fe.value}>=3)?(150):(0)))))))"},"lookuptables":[],"clones":false,"cartKey":false}},"_links":{"self":[{"href":"https:\/\/canaryvip.com\/pt\/wp-json\/wp\/v2\/product\/12949","targetHints":{"allow":["GET"]}}],"collection":[{"href":"https:\/\/canaryvip.com\/pt\/wp-json\/wp\/v2\/product"}],"about":[{"href":"https:\/\/canaryvip.com\/pt\/wp-json\/wp\/v2\/types\/product"}],"replies":[{"embeddable":true,"href":"https:\/\/canaryvip.com\/pt\/wp-json\/wp\/v2\/comments?post=12949"}],"wp:featuredmedia":[{"embeddable":true,"href":"https:\/\/canaryvip.com\/pt\/wp-json\/wp\/v2\/media\/12950"}],"wp:attachment":[{"href":"https:\/\/canaryvip.com\/pt\/wp-json\/wp\/v2\/media?parent=12949"}],"wp:term":[{"taxonomy":"product_brand","embeddable":true,"href":"https:\/\/canaryvip.com\/pt\/wp-json\/wp\/v2\/product_brand?post=12949"},{"taxonomy":"product_cat","embeddable":true,"href":"https:\/\/canaryvip.com\/pt\/wp-json\/wp\/v2\/product_cat?post=12949"},{"taxonomy":"product_tag","embeddable":true,"href":"https:\/\/canaryvip.com\/pt\/wp-json\/wp\/v2\/product_tag?post=12949"}],"curies":[{"name":"wp","href":"https:\/\/api.w.org\/{rel}","templated":true}]}}