{"id":12784,"date":"2024-08-05T16:50:08","date_gmt":"2024-08-05T15:50:08","guid":{"rendered":"https:\/\/canaryvip.com\/?post_type=product&#038;p=12784"},"modified":"2025-08-09T14:08:37","modified_gmt":"2025-08-09T13:08:37","slug":"self-drive-boat-hire-tenerife","status":"publish","type":"product","link":"https:\/\/canaryvip.com\/pt\/shop\/self-drive-boat-hire-tenerife\/","title":{"rendered":"Aluguer de barcos com condutor Tenerife"},"content":{"rendered":"<h2>Alugar um barco aut\u00f3nomo sem licen\u00e7a em Tenerife<\/h2>\n<p>Embarque na sua aventura aqu\u00e1tica alugando um barco aut\u00f3nomo em <a href=\"https:\/\/canaryvip.com\/pt\/tenerife\/\">Tenerife<\/a>O sistema de navega\u00e7\u00e3o \u00e9 perfeito para aqueles que desejam a liberdade da auto-navega\u00e7\u00e3o.<\/p>\n<p>Parta da c\u00e9nica <a href=\"https:\/\/www.google.com\/maps\/place\/Puerto+Col%C3%B3n\/@28.078002,-16.7394902,1078m\/data=!3m2!1e3!4b1!4m6!3m5!1s0xc6a9743509c9ebf:0xd62345524f768247!8m2!3d28.078002!4d-16.7369153!16s%2Fg%2F11c6cqryw_?authuser=0&amp;entry=tts&amp;g_ep=EgoyMDI0MDgwNC4wKgBIAVAD\" target=\"_blank\" rel=\"noopener\">Puerto Col\u00f3n<\/a>onde ter\u00e1 a oportunidade de descobrir locais isolados, apanhar sol ou desfrutar de um piquenique na \u00e1gua, rodeado pelas ondas cristalinas do Atl\u00e2ntico.<\/p>\n<p>Imagine a emo\u00e7\u00e3o de assumir o leme, navegando nas deslumbrantes \u00e1guas de Tenerife. Sinta o vento no seu cabelo e o sol no seu rosto enquanto define o seu pr\u00f3prio rumo. Os nossos barcos podem acomodar at\u00e9 5 passageiros, o que os torna perfeitos para alugueres de meio dia ou aventuras de dia inteiro.<\/p>\n<h3>\ud83d\udea4 A tua viagem, o teu comando<\/h3>\n<ul>\n<li><strong>Design compacto:<\/strong> Desfrute de uma navega\u00e7\u00e3o elegante e confort\u00e1vel com os nossos barcos bem conservados.<\/li>\n<li><strong>Paisagens deslumbrantes:<\/strong> Navegue perto da bela La Caleta de Tenerife ou da praia Diego Hernandez, desfrutando da vibrante vida marinha \u00e0 sua volta.<\/li>\n<li><strong style=\"letter-spacing: 0em;\">Mergulhos privados:<\/strong><span style=\"letter-spacing: 0em;\"> Ancorar em enseadas escondidas ideais para nadar, mergulhar com tubo de respira\u00e7\u00e3o ou apanhar banhos de sol.<\/span><\/li>\n<li><strong>Petiscos no mar:<\/strong> A liberdade de trazer e desfrutar da sua pr\u00f3pria comida a bordo melhora esta experi\u00eancia pessoal de aluguer de barco em Tenerife.<\/li>\n<li><strong>Manuseamento sem esfor\u00e7o:<\/strong> Com um design de f\u00e1cil utiliza\u00e7\u00e3o e capacidades de cruzeiro est\u00e1veis, os nossos barcos tornam a navega\u00e7\u00e3o acess\u00edvel a todos.<\/li>\n<\/ul>\n<h3>Detalhes essenciais do seu aluguer de barco com condu\u00e7\u00e3o pr\u00f3pria<\/h3>\n<p><strong>Personalizado de acordo com as suas prefer\u00eancias:<\/strong> Perfeitos para um retiro a dois ou para um passeio em grupo, os nossos barcos, com capacidade para 5 pessoas, est\u00e3o prontos para qualquer evento. S\u00e3o fornecidas instru\u00e7\u00f5es completas para garantir uma experi\u00eancia segura e agrad\u00e1vel na \u00e1gua.<\/p>\n<p><strong>Uma escolha vers\u00e1til para todos:<\/strong> Ideal para fam\u00edlias, amigos ou exploradores a solo, os nossos barcos aut\u00f3nomos sem licen\u00e7a permitem-lhe experimentar uma mistura de autonomia e luxo paisag\u00edstico tendo como pano de fundo a costa de Tenerife.<\/p>\n<h3>\ud83d\udea4 Preparar-se para a sua excurs\u00e3o<\/h3>\n<p>Prepare-se para um dia inesquec\u00edvel no mar com artigos essenciais como fatos de banho e protetor solar. Todas as ferramentas de navega\u00e7\u00e3o necess\u00e1rias s\u00e3o fornecidas por n\u00f3s, para que se possa concentrar apenas no prazer da descoberta.<\/p>\n<p>N\u00e3o se esque\u00e7a da sua m\u00e1quina fotogr\u00e1fica para captar as vistas deslumbrantes das costas de Tenerife e da vida aqu\u00e1tica que floresce por baixo.<\/p>\n<h3>\ud83d\udcdc Pol\u00edticas de cancelamento e de bordo<\/h3>\n<p><strong>Aluguer de barco privado:<\/strong> Cancele gratuitamente at\u00e9 96 horas antes da partida. Se cancelar com menos de 72 horas de anteced\u00eancia, o seu dep\u00f3sito n\u00e3o ser\u00e1 reembolsado.<\/p>\n<p><strong>Viagem partilhada:<\/strong> Cancelamento gratuito at\u00e9 48 horas antes da partida prevista. Em caso de cancelamento tardio ou de n\u00e3o compar\u00eancia, o dep\u00f3sito ser\u00e1 perdido.<\/p>\n<p><strong>\ud83c\udf26\ufe0f Clima e n\u00famero m\u00ednimo de participantes:<\/strong> Em caso de mau tempo ou de n\u00e3o haver participantes suficientes, pode optar por um reembolso total ou remarcar a viagem para outra data.<\/p>\n<p><strong>Regras de bordo:<\/strong> Por favor, chegue a horas! N\u00e3o s\u00e3o efectuados reembolsos por chegadas tardias ou altera\u00e7\u00f5es de itiner\u00e1rio causadas por enjoos.<\/p>\n<h3>Ponto de partida e estacionamento<\/h3>\n<p><strong>Come\u00e7ar em <a href=\"https:\/\/www.google.com\/maps\/place\/Puerto+Col%C3%B3n\/@28.078002,-16.7394902,1078m\/data=!3m2!1e3!4b1!4m6!3m5!1s0xc6a9743509c9ebf:0xd62345524f768247!8m2!3d28.078002!4d-16.7369153!16s%2Fg%2F11c6cqryw_?authuser=0&amp;entry=tts&amp;g_ep=EgoyMDI0MDgwNC4wKgBIAVAD\" target=\"_blank\" rel=\"noopener\">Puerto Col\u00f3n<\/a>:<\/strong> A sua aventura mar\u00edtima come\u00e7a em <strong>Puerto Col\u00f3n<\/strong>O amplo estacionamento no porto facilita o in\u00edcio do seu dia. Chegue um pouco mais cedo para iniciar a sua viagem sem pressas.<\/p>\n<h3>\ud83c\udf1f Compromisso do CanaryVIP consigo<\/h3>\n<p>Na CanaryVIP, damos prioridade \u00e0 sua satisfa\u00e7\u00e3o acima de tudo. Desfrute de pol\u00edticas de cancelamento adapt\u00e1veis que oferecem seguran\u00e7a quando reserva o seu aluguer de barco aut\u00f3nomo. Comprometemo-nos a prestar um servi\u00e7o de excel\u00eancia, com um foco na seguran\u00e7a e um desejo de melhorar a sua experi\u00eancia nas majestosas \u00e1guas de Tenerife.<\/p>\n<p>Parta numa aventura com um barco aut\u00f3nomo sem licen\u00e7a, percorrendo os gloriosos mares de Tenerife e descobrindo as j\u00f3ias escondidas ao longo da costa de <strong>Puerto Col\u00f3n.<\/strong><\/p>\n<p>Reserve hoje uma aventura n\u00e1utica exclusiva que combina independ\u00eancia, conforto e a beleza imaculada das Ilhas Can\u00e1rias. Reserve agora e crie mem\u00f3rias duradouras no mar!<\/p>","protected":false},"excerpt":{"rendered":"<p><strong>\ud83d\udd0d Barco aut\u00f3nomo:<\/strong><br \/>\n<span>\u2705 Pagamento seguro.<\/span><br \/>\n<span>Sem licen\u00e7a de navega\u00e7\u00e3o.<\/span><br \/>\n<span>\ud83d\udee5\ufe0f 5 metros de comprimento.<\/span><br \/>\n<span>\u23f3 Aluguer di\u00e1rio de 2-8h.<br \/>\nGasolina inclu\u00edda<\/span><br \/>\n<span>\ud83d\udd59 Hor\u00e1rios de partida personaliz\u00e1veis.<\/span><br \/>\n<span>At\u00e9 5 pessoas.<\/span><br \/>\n<span>\ud83e\udd3f Equipamento de snorkeling.<\/span><br \/>\n<span>\ud83e\udd11 Melhor pre\u00e7o garantido.<\/span><br \/>\n<span>\ud83d\udc6a  Descontos activados.<\/span><br \/>\n<span>\ud83d\udd01 Cancelamento at\u00e9 4 dias.<\/span><br \/>\n<span>\ud83c\udf0d Suporte multilingue.<\/span><br \/>\n<span>\ud83c\udf1f Reserve com anteced\u00eancia e poupe!<br \/>\n\ud83d\udccd Partida de <a href=\"https:\/\/maps.app.goo.gl\/3EAT9KE3yNKvnqsz7\" target=\"_blank\" rel=\"noopener\">Puerto Col\u00f3n<\/a>.<br \/>\n<\/span><\/p>","protected":false},"featured_media":14654,"comment_status":"open","ping_status":"closed","template":"","meta":{"_acf_changed":false},"product_brand":[],"product_cat":[130],"product_tag":[],"class_list":{"0":"post-12784","1":"product","2":"type-product","3":"status-publish","4":"has-post-thumbnail","6":"product_cat-self-drive-boat-hire","7":"wcpa_has_options","9":"first","10":"instock","11":"sale","12":"virtual","13":"purchasable","14":"product-type-simple"},"acf":[],"wcpa_form_fields":{"wcpaData":{"product":{"product_price":180,"price_html":"From&nbsp;<del aria-hidden=\"true\"><span class=\"woocommerce-Price-amount amount\"><bdi>200,00&nbsp;<span class=\"woocommerce-Price-currencySymbol\">&euro;<\/span><\/bdi><\/span><\/del> <span class=\"screen-reader-text\">O pre\u00e7o original era: 200,00&nbsp;&euro;.<\/span><ins aria-hidden=\"true\"><span class=\"woocommerce-Price-amount amount\"><bdi>180,00&nbsp;<span class=\"woocommerce-Price-currencySymbol\">&euro;<\/span><\/bdi><\/span><\/ins><span class=\"screen-reader-text\">O pre\u00e7o atual \u00e9: 180,00&nbsp;&euro;.<\/span>","original_product_price":200,"price_including_tax":180,"price_excluding_tax":180,"product_id":{"parent":12784,"variation":false},"is_variable":false,"stock_status":"instock","stock_quantity":null,"parent_sku":"CV12784","product_attributes":[],"custom_fields":[],"is_taxable":false,"product_name":"Self Drive Boat Hire Tenerife","hasImage":false},"fields":{"sec_666b2beb820739":{"extra":{"key":"sec_666b2beb820739","section_id":"sec_666b2beb820739","name":"Default","status":1,"cl_rule":"show","enableCl":false,"relations":[],"toggle":true,"title_tag":"h3","show_title":false,"showPrice":"default","form_id":12811,"form_rules":{"exclude_from_discount":true,"fee_label":"Fee","disp_hide_options_price":true,"disp_show_section_price":false,"disp_show_field_price":true,"layout_option":"standard","pric_use_as_fee":false,"process_fee_as":"woo_fee"},"layout_option":"standard"},"fields":[[{"label":"\ud83d\udcc5 Date","active":true,"required":true,"elementId":"date_466b2beb820758","picker_type":"custom","picker_mode":"single","placeholder":"","description":"","tooltip":"","name":"date_466b2beb820758","label_position":"default","desc_position":"default","enablePrice":false,"className":"","enableCl":false,"relations":[{"operator":"and","rules":[{"operator":"AND","rules":{"cl_field":"radio-group_565c78ffa81208","cl_relation":"is","cl_val":"3 Hour Trip"}}]}],"date_pic_inline":true,"date_pic_inline_hide":true,"min_date":{"type":"days","val":"0"},"max_date":{"type":"days","val":"365"},"date_pic_conf":{"disabledWeeks":[],"disabledDates":[]},"price":"","cl_rule":"show","col":6,"type":"date","error":false,"enableDesign":false,"LabelColor":"","gt_translate_keys":["label","placeholder","description","tooltip"],"price_dependency":false,"cl_dependency":false,"value":""}],[{"contentType":"rich","active":true,"label":"","elementId":"content_466b2beb820766","value":"<p>\ud83c\udf9f\ufe0f <strong>Reservation<\/strong>: Pay only a deposit now to reserve; the rest is due on the day of the activity upon arrival.<\/p>","inline":false,"name":"content_466b2beb820766","enablePrice":false,"className":"","subtype":"p","enableCl":false,"relations":false,"price":"","cl_rule":"show","col":6,"type":"content","error":false,"pricingType":"custom","isTemplate":false,"is_show_price":true,"show_in_checkout":true,"gt_translate_keys":["label","value"],"price_dependency":false,"cl_dependency":false}],[{"active":true,"col":6,"relations":false,"cl_rule":"show","enableCl":false,"price":"","enablePrice":true,"className":"","label_position":"default","desc_position":"default","type":"select","required":true,"elementId":"select_366b2beb82077c","label":"\u23f3 Trip Duration","name":"select_366b2beb82077c","values":[{"label":"2 Hours (180\u20ac)","value":"2","selected":false,"tempId":"aco_85","price":"180","gt_translate_keys":["label"]},{"label":"3 Hours (250\u20ac)","value":"3","selected":false,"tempId":"aco_556","price":"250","gt_translate_keys":["label"]},{"label":"4 Hours (320\u20ac)","value":"4","selected":false,"tempId":"aco_605","price":"320","gt_translate_keys":["label"]},{"label":"5 Hours (390\u20ac)","value":"5","selected":false,"tempId":"aco_724","price":"390","gt_translate_keys":["label"]},{"label":"6 Hours (460\u20ac)","value":"6","selected":false,"tempId":"aco_401","price":"460","gt_translate_keys":["label"]}],"dropdown_type":"basic","error":false,"placeholder":"Select Trip Duration","priceOptions":"different_for_all","pricingType":"fixed","is_show_price":true,"gt_translate_keys":["label","placeholder"],"price_dependency":["content_266b2beb82078f","content_266b2beb820799"],"cl_dependency":false,"value":""}],[{"active":true,"col":6,"relations":false,"cl_rule":"show","enableCl":false,"price":"","enablePrice":false,"className":"","label_position":"default","desc_position":"default","type":"separator","required":false,"elementId":"separator_8240912106","label":"Separator Field","height":"3","separatorType":"fill","error":false,"separatorColor":"#66a5b6","gt_translate_keys":["label"],"price_dependency":false,"cl_dependency":false,"value":""}],[{"active":true,"col":6,"relations":false,"cl_rule":"show","enableCl":false,"price":"({field.select_366b2beb82077c.price}*0.2)+({field.select_166b2beb820786.price}*0.1)","enablePrice":true,"className":"","label_position":"default","desc_position":"default","type":"content","required":false,"elementId":"content_266b2beb82078f","label":"Deposit Payment","name":"content_266b2beb82078f","contentType":"plain","value":"","error":false,"pricingType":"custom","isTemplate":true,"is_show_price":false,"enableDesign":true,"scrollBar":false,"use_as_fee":false,"fee_label":"Payment Now","inline":true,"show_in_checkout":true,"subtype":"div","formulaId":"fmla_1708364241278155361","LabelSize":"14px","gt_translate_keys":["label","value"],"price_dependency":["content_466b2beb8207a2"],"cl_dependency":false}],[{"contentType":"plain","active":true,"label":"Payment at Arrival","elementId":"content_266b2beb820799","value":"","inline":true,"show_in_checkout":true,"name":"content_266b2beb820799","enablePrice":true,"className":"","fee_label":"Payment at Arrival","subtype":"div","enableCl":false,"relations":false,"scrollBar":false,"enableDesign":true,"pricingType":"custom","isTemplate":true,"price":"({field.select_366b2beb82077c.price}*0.8)+({field.select_166b2beb820786.price}*0.9)","use_as_fee":false,"is_show_price":true,"cl_rule":"show","col":6,"type":"content","error":false,"formulaId":"fmla_172299064258378161","LabelSize":"14px","gt_translate_keys":["label","value"],"price_dependency":["content_466b2beb8207a2"],"cl_dependency":false}],[{"contentType":"plain","active":true,"label":"Total Price","elementId":"content_466b2beb8207a2","value":"","inline":true,"show_in_checkout":true,"name":"content_466b2beb8207a2","enablePrice":true,"className":"","fee_label":"Payment at Arrival","subtype":"div","enableCl":false,"relations":false,"scrollBar":false,"enableDesign":true,"LabelSize":"14px","pricingType":"custom","isTemplate":false,"price":"({field.content_266b2beb82078f.price})+({field.content_266b2beb820799.price})","formulaId":"fmla_1708360988969136756","use_as_fee":false,"is_show_price":true,"cl_rule":"show","col":6,"type":"content","error":false,"gt_translate_keys":["label","value"],"price_dependency":false,"cl_dependency":false}],[{"elementId":"separator-8320172123","separatorType":"fill","separatorColor":"#66a5b6","className":"","height":"3","enableCl":false,"relations":false,"cl_rule":"show","col":6,"type":"separator","gt_translate_keys":[],"price_dependency":false,"cl_dependency":false,"value":""}],[{"active":true,"col":6,"relations":[{"operator":false,"rules":[{"operator":"AND","rules":{"cl_field":"radio-group_565c78ffa81208","cl_relation":"is","cl_val":"3 Hour Trip"}}]}],"cl_rule":"show","enableCl":false,"price":"","enablePrice":false,"className":"","label_position":"default","desc_position":"default","type":"select","required":false,"elementId":"select_866b2beb8207ab","label":"\u23f0 Departure Time","name":"select_866b2beb8207ab","values":[{"label":"9:30","value":"9:30","selected":false,"tempId":"aco_1471","gt_translate_keys":["label"]},{"label":"10:30","value":"10:30","selected":false,"tempId":"aco_1472","gt_translate_keys":["label"]},{"label":"11:30","value":"11:30","selected":false,"tempId":"aco_1500","gt_translate_keys":["label"]},{"label":"12:30","value":"12:30","selected":false,"tempId":"aco_1510","gt_translate_keys":["label"]},{"label":"13:30","value":"13:30","selected":false,"tempId":"aco_1520","gt_translate_keys":["label"]},{"label":"14:30","value":"14:30","selected":false,"tempId":"aco_1728","gt_translate_keys":["label"]},{"label":"15:30","value":"15:30","selected":false,"tempId":"aco_1738","gt_translate_keys":["label"]}],"dropdown_type":"basic","error":false,"placeholder":"Whichever Time is Best","gt_translate_keys":["label","placeholder"],"price_dependency":false,"cl_dependency":false,"value":""}],[{"elementId":"separator_266b2beb8207b5","separatorType":"blank","className":"","height":"1","enableCl":false,"relations":false,"cl_rule":"show","col":6,"type":"separator","gt_translate_keys":[],"price_dependency":false,"cl_dependency":false,"value":""}],[{"label":"\u2705 Number of People","active":true,"required":true,"elementId":"select_466b2beb8207be","dropdown_type":"basic","placeholder":"Select Number of People","name":"select_466b2beb8207be","label_position":"default","desc_position":"default","enablePrice":false,"className":"","enableCl":false,"relations":[{"operator":false,"rules":[{"operator":"AND","rules":{"cl_field":"radio-group_565c78ffa81208","cl_relation":"is","cl_val":"3 Hour Trip"}}]}],"values":[{"label":"1 person","value":"1","selected":false,"tempId":"aco_1471","gt_translate_keys":["label"]},{"label":"2 people","value":"2","selected":false,"tempId":"aco_1472","gt_translate_keys":["label"]},{"label":"3 people","value":"3","selected":false,"tempId":"aco_1500","gt_translate_keys":["label"]},{"label":"4 people","value":"4","selected":false,"tempId":"aco_1510","gt_translate_keys":["label"]},{"label":"5 people","value":"5","selected":false,"tempId":"aco_1520","gt_translate_keys":["label"]},{"label":"6 people","value":"6","selected":false,"tempId":"aco_2006","gt_translate_keys":["label"]}],"price":"","cl_rule":"show","col":6,"type":"select","error":false,"gt_translate_keys":["label","placeholder"],"price_dependency":false,"cl_dependency":false,"value":""}]]}},"config":{"price_override":"always","enable_recaptcha":false,"bind_quantity":false,"quantity_bind_formula":false,"disp_summ_show_option_price":true,"disp_summ_show_product_price":false,"disp_summ_show_total_price":false,"disp_summ_show_fee":true,"disp_summ_show_discount":true,"summary_title":"","options_total_label":"Options Price","total_label":"Total Amount","options_product_label":"Product Price","fee_label":"Fee","discount_label":"Discount","has_price":true,"has_quantity_formula":false},"mc_unit":1,"tax_rate":1,"tax_rate_real":1,"discount":{"percentage":0,"fixed":0},"design":{"conf":{"LabelPosition":"above","DescPosition":"above","UploadField":"custom_1","QuantityFieldStyle":"custom_1"},"css":{"LeftLabelWidth":"120px"}},"formulas":{"fmla_1708364241278155361":"(({field.select_366b2beb82077c.value}>=6)?(130):(({field.select_366b2beb82077c.value}>=5)?(110):(({field.select_366b2beb82077c.value}>=4)?(90):(({field.select_366b2beb82077c.value}>=3)?(70):(({field.select_366b2beb82077c.value}>=2)?(60):(0))))))","fmla_172299064258378161":"(({field.select_366b2beb82077c.value}>=6)?(330):(({field.select_366b2beb82077c.value}>=5)?(280):(({field.select_366b2beb82077c.value}>=4)?(230):(({field.select_366b2beb82077c.value}>=3)?(180):(({field.select_366b2beb82077c.value}>=2)?(120):(0))))))"},"lookuptables":[],"clones":false,"cartKey":false}},"_links":{"self":[{"href":"https:\/\/canaryvip.com\/pt\/wp-json\/wp\/v2\/product\/12784","targetHints":{"allow":["GET"]}}],"collection":[{"href":"https:\/\/canaryvip.com\/pt\/wp-json\/wp\/v2\/product"}],"about":[{"href":"https:\/\/canaryvip.com\/pt\/wp-json\/wp\/v2\/types\/product"}],"replies":[{"embeddable":true,"href":"https:\/\/canaryvip.com\/pt\/wp-json\/wp\/v2\/comments?post=12784"}],"wp:featuredmedia":[{"embeddable":true,"href":"https:\/\/canaryvip.com\/pt\/wp-json\/wp\/v2\/media\/14654"}],"wp:attachment":[{"href":"https:\/\/canaryvip.com\/pt\/wp-json\/wp\/v2\/media?parent=12784"}],"wp:term":[{"taxonomy":"product_brand","embeddable":true,"href":"https:\/\/canaryvip.com\/pt\/wp-json\/wp\/v2\/product_brand?post=12784"},{"taxonomy":"product_cat","embeddable":true,"href":"https:\/\/canaryvip.com\/pt\/wp-json\/wp\/v2\/product_cat?post=12784"},{"taxonomy":"product_tag","embeddable":true,"href":"https:\/\/canaryvip.com\/pt\/wp-json\/wp\/v2\/product_tag?post=12784"}],"curies":[{"name":"wp","href":"https:\/\/api.w.org\/{rel}","templated":true}]}}