{"id":12210,"date":"2024-07-03T15:52:34","date_gmt":"2024-07-03T14:52:34","guid":{"rendered":"https:\/\/canaryvip.com\/?post_type=product&#038;p=12210"},"modified":"2025-08-09T14:02:34","modified_gmt":"2025-08-09T13:02:34","slug":"magic-island-yacht-charter-gran-canaria","status":"publish","type":"product","link":"https:\/\/canaryvip.com\/pt\/shop\/magic-island-yacht-charter-gran-canaria\/","title":{"rendered":"Magic Island: Aluguer de iates<br\/> Gran Canaria"},"content":{"rendered":"<h2>\ud83d\udee5\ufe0f Magic Island Aluguer de iates Gran Canaria com CanaryVIP<\/h2>\n<p>Experimente a beleza das Ilhas Can\u00e1rias a partir do conforto de um <strong>iate de luxo<\/strong> com o nosso Aluguer de Iates Magic Island em Gran Canaria. Este <strong>passeio de barco privado<\/strong> ao longo da deslumbrante costa sudoeste da Gran Canaria \u00e9 perfeito para fam\u00edlias, amigos ou qualquer pessoa que procure uma aventura VIP. Na CanaryVIP, garantimos uma experi\u00eancia de reserva sem problemas para o seu dia de sonho no mar.<\/p>\n<h3>\u2b50\ufe0f Porqu\u00ea escolher o aluguer de iates Magic Island em Gran Canaria<\/h3>\n<p>Eis o que torna o iate Magic Island uma escolha de destaque para o seu pr\u00f3ximo <strong>aluguer de barcos em Gran Canaria<\/strong>:<\/p>\n<h4><strong>Experi\u00eancia privada exclusiva<\/strong><\/h4>\n<p>Desfrute das \u00e1guas cristalinas do Atl\u00e2ntico com toda a privacidade. Com espa\u00e7o para at\u00e9 12 convidados, o iate Magic Island \u00e9 ideal para celebra\u00e7\u00f5es, passeios em fam\u00edlia ou mesmo eventos de neg\u00f3cios.<\/p>\n<h4><strong>Conforto e estilo<\/strong><\/h4>\n<p>Relaxe no interior acolhedor e elegante, completo com um pequeno quarto, casa de banho, assentos confort\u00e1veis e uma \u00e1rea de refei\u00e7\u00f5es. Aproveite o sol das Can\u00e1rias no terra\u00e7o superior ou relaxe nas \u00e1reas com sombra enquanto navega ao longo da costa vulc\u00e2nica.<\/p>\n<h4><strong>Actividades aqu\u00e1ticas emocionantes<\/strong><\/h4>\n<p>Melhore a sua experi\u00eancia com actividades divertidas inclu\u00eddas na sua reserva:<\/p>\n<ul>\n<li><strong>Equipamento de snorkeling:<\/strong> Explore o mundo subaqu\u00e1tico com o equipamento fornecido a bordo.<\/li>\n<li><strong>Passeio de Banana Boat:<\/strong> Adicione alguma adrenalina \u00e0 sua viagem com esta atividade emocionante, inclu\u00edda sem custos adicionais.<\/li>\n<\/ul>\n<h3>\ud83d\udea4 Magic Island Op\u00e7\u00f5es de viagem de iate<\/h3>\n<p>Escolha entre duas dura\u00e7\u00f5es de viagem para se adaptar ao seu hor\u00e1rio e prefer\u00eancias:<\/p>\n<ul>\n<li><strong>Visita de 3 horas:<\/strong> Ideal para uma curta mas agrad\u00e1vel introdu\u00e7\u00e3o \u00e0 beleza costeira da Gran Canaria. Nadar, fazer snorkeling e apanhar sol.<\/li>\n<li><strong>Visita de 5 horas:<\/strong> Para uma experi\u00eancia mais envolvente, aproveite o tempo para explorar a costa, desfrutar de actividades aqu\u00e1ticas e relaxar a bordo com snacks e bebidas.<\/li>\n<\/ul>\n<h3>\ud83e\udd42 O que est\u00e1 inclu\u00eddo no aluguer do seu iate<\/h3>\n<p>O seu <strong>aluguer de iates em Gran Canaria<\/strong> inclui:<\/p>\n<ul>\n<li>Snacks como batatas fritas e frutos secos.<\/li>\n<li>Bebidas de um bar aberto, incluindo cerveja, refrigerantes, \u00e1gua e sumos.<\/li>\n<li>Equipamento de snorkeling e um divertido passeio de banana boat.<\/li>\n<li>Almo\u00e7o dispon\u00edvel mediante pedido (10 euros por pessoa, mencionar durante a reserva).<\/li>\n<li>Tripula\u00e7\u00e3o profissional fluente em ingl\u00eas e espanhol, garantindo o seu conforto e seguran\u00e7a durante toda a viagem.<\/li>\n<\/ul>\n<h3>\ud83d\udccd Detalhes da partida<\/h3>\n<ul>\n<li><strong>Localiza\u00e7\u00e3o:<\/strong> <a href=\"https:\/\/maps.app.goo.gl\/iZBybc3i384tdR816\" target=\"_blank\" rel=\"noopener\">Base de Porto Rico em Porto Rico<\/a>, Gran Canaria.<\/li>\n<li><strong>Hor\u00e1rios:<\/strong> Escolha entre as partidas das 9:00 ou das 14:00 horas.<\/li>\n<li><strong>Transporte:<\/strong> Servi\u00e7o de recolha opcional dispon\u00edvel por apenas 2 euros por pessoa.<\/li>\n<\/ul>\n<p>Recomendamos que chegue pelo menos 15 minutos antes da partida para garantir um in\u00edcio tranquilo da sua aventura.<\/p>\n<h3>Pol\u00edtica de cancelamento transparente<\/h3>\n<p>Compreendemos que os planos podem mudar, pelo que as nossas pol\u00edticas de cancelamento foram concebidas para o tranquilizar:<\/p>\n<ul>\n<li><strong>Garantia meteorol\u00f3gica:<\/strong> Se as condi\u00e7\u00f5es climat\u00e9ricas n\u00e3o forem seguras, ter\u00e1 a op\u00e7\u00e3o de remarcar ou receber um reembolso total.<\/li>\n<li><strong>Cancelamentos flex\u00edveis:<\/strong> Cancele ou remarque gratuitamente at\u00e9 8 dias antes da sua viagem. Os dep\u00f3sitos n\u00e3o s\u00e3o reembols\u00e1veis para cancelamentos efectuados nos 8 dias anteriores \u00e0 partida programada.<\/li>\n<\/ul>\n<h3>\ud83d\udc68\u200d\u2708\ufe0f Dicas para a sua aventura Magic Island<\/h3>\n<p>Tire o m\u00e1ximo partido do seu dia com estas dicas simples:<\/p>\n<ul>\n<li>Traga fato de banho, uma toalha e protetor solar.<\/li>\n<li>Usar vestu\u00e1rio confort\u00e1vel e adequado \u00e0s condi\u00e7\u00f5es climat\u00e9ricas.<\/li>\n<li>Tenha o seu bilhete CanaryVIP pronto no seu telem\u00f3vel ou impresso.<\/li>\n<li>Fazer uma refei\u00e7\u00e3o ligeira antes da partida para evitar o enjoo.<\/li>\n<\/ul>\n<h3>Porqu\u00ea reservar com o CanaryVIP<\/h3>\n<p>Na CanaryVIP, somos especialistas em fornecer as melhores op\u00e7\u00f5es para <a href=\"https:\/\/canaryvip.com\/pt\/gran-canaria\/\"><strong>aluguer de barcos na Gran Canaria<\/strong><\/a>. Desde iates de luxo como o Magic Island a outras excurs\u00f5es personalizadas, facilitamos-lhe a cria\u00e7\u00e3o de mem\u00f3rias inesquec\u00edveis na \u00e1gua.<\/p>\n<p>Reserve o seu <strong>Magic Island Aluguer de iates<\/strong> hoje e embarque num dia cheio de divers\u00e3o, relaxamento e vistas deslumbrantes da deslumbrante costa da Gran Canaria.<\/p>\n<p>\ud83d\udc49 <span>Reserva<\/span><span> Agora<\/span> e elevar a sua experi\u00eancia de f\u00e9rias!<\/p>","protected":false},"excerpt":{"rendered":"<p><strong>\ud83d\udd0d Magic Island Gran Canaria:<\/strong><br \/>\n\u2705 Pagamento seguro.<br \/>\n\ud83d\udd10 Visitas privadas.<br \/>\n\ud83d\udee5\ufe0f 18m Yacht Comfort.<br \/>\nPasseios di\u00e1rios de 3H e 5H.<br \/>\n\ud83d\udd59 Hor\u00e1rios de partida personaliz\u00e1veis.<br \/>\n\ud83d\udc65 At\u00e9 12 pessoas.<br \/>\n\ud83c\udfc4\u200d\u2640\ufe0f Inclui pranchas de paddle.<br \/>\n\ud83e\udd3f O equipamento de snorkel \u00e9 fornecido.<br \/>\n\ud83d\udd0a Reproduzir a sua m\u00fasica.<br \/>\nRecolha e entrega.<br \/>\n\ud83e\udd11 Melhor pre\u00e7o garantido.<br \/>\n\ud83d\udc6a  Descontos activados.<br \/>\n\ud83d\udd01 Cancelamento at\u00e9 8 dias.<br \/>\n\ud83c\udf0d Tripula\u00e7\u00e3o multilingue.<br \/>\n\ud83c\udf1f Reserve com anteced\u00eancia e poupe!<br \/>\n\ud83d\udccd Partida de <a href=\"https:\/\/maps.app.goo.gl\/836RSsqAzbptb2Qy5\">Base de Porto<\/a>.<\/p>","protected":false},"featured_media":12212,"comment_status":"open","ping_status":"closed","template":"","meta":{"_acf_changed":false},"product_brand":[],"product_cat":[132],"product_tag":[],"class_list":{"0":"post-12210","1":"product","2":"type-product","3":"status-publish","4":"has-post-thumbnail","6":"product_cat-boat-hire-gran-canaria","7":"wcpa_has_options","9":"first","10":"instock","11":"virtual","12":"purchasable","13":"product-type-simple"},"acf":[],"wcpa_form_fields":{"wcpaData":{"product":{"product_price":550,"price_html":"From&nbsp;<span class=\"woocommerce-Price-amount amount\"><bdi>550,00&nbsp;<span class=\"woocommerce-Price-currencySymbol\">&euro;<\/span><\/bdi><\/span>","original_product_price":550,"price_including_tax":550,"price_excluding_tax":550,"product_id":{"parent":12210,"variation":false},"is_variable":false,"stock_status":"instock","stock_quantity":null,"parent_sku":"CV12210","product_attributes":[],"custom_fields":[],"is_taxable":false,"product_name":"Magic Island: Yacht Hire<br\/> Gran Canaria","hasImage":false},"fields":{"sec_26686cb82841ff":{"extra":{"key":"sec_26686cb82841ff","section_id":"sec_26686cb82841ff","name":"Default","status":1,"cl_rule":"show","enableCl":false,"relations":[],"toggle":true,"title_tag":"h3","show_title":false,"showPrice":"default","form_id":12242,"form_rules":{"exclude_from_discount":true,"fee_label":"Fee","disp_hide_options_price":true,"disp_show_section_price":false,"disp_show_field_price":true,"layout_option":"standard","pric_use_as_fee":false,"process_fee_as":"woo_fee"},"layout_option":"standard"},"fields":[[{"label":"\ud83d\udcc5 Date","active":true,"required":true,"elementId":"date_56686cb8284220","picker_type":"custom","picker_mode":"single","placeholder":"","description":"","tooltip":"","name":"date_56686cb8284220","label_position":"default","desc_position":"default","enablePrice":false,"className":"","enableCl":false,"relations":[{"operator":"and","rules":[{"operator":"AND","rules":{"cl_field":"radio-group_565c78ffa81208","cl_relation":"is","cl_val":"3 Hour Trip"}}]}],"date_pic_inline":true,"date_pic_inline_hide":true,"min_date":{"type":"days","val":"2"},"max_date":{"type":"days","val":"365"},"date_pic_conf":{"disabledWeeks":[]},"price":"","cl_rule":"show","col":6,"type":"date","error":false,"enableDesign":false,"LabelColor":"","gt_translate_keys":["label","placeholder","description","tooltip"],"price_dependency":false,"cl_dependency":false,"value":""}],[{"elementId":"separator_26686cb828423c","separatorType":"blank","className":"","height":"3","enableCl":false,"relations":false,"cl_rule":"show","col":6,"type":"separator","error":false,"gt_translate_keys":[],"price_dependency":false,"cl_dependency":false,"value":""}],[{"active":true,"col":6,"relations":false,"cl_rule":"show","enableCl":false,"price":"","enablePrice":true,"className":"","label_position":"default","desc_position":"default","type":"select","required":true,"elementId":"select_36686cb8284247","label":"\u23f3 Trip Duration","name":"select_36686cb8284247","values":[{"label":"3 Hours (550\u20ac)","value":"3","selected":false,"tempId":"aco_556","price":"550","gt_translate_keys":["label"]},{"label":"5 Hours (995\u20ac)","value":"5","selected":false,"tempId":"aco_122","price":"995","gt_translate_keys":["label"]}],"dropdown_type":"basic","error":false,"placeholder":"Select Trip Duration","priceOptions":"different_for_all","pricingType":"fixed","is_show_price":false,"gt_translate_keys":["label","placeholder"],"price_dependency":false,"cl_dependency":false,"value":""}],[{"label":"\u2705 Number of People","active":true,"required":true,"elementId":"select_76686cb828429b","dropdown_type":"basic","placeholder":"Select Number of People","name":"select_76686cb828429b","label_position":"default","desc_position":"default","enablePrice":true,"className":"","enableCl":false,"relations":[{"operator":false,"rules":[{"operator":"AND","rules":{"cl_field":"radio-group_565c78ffa81208","cl_relation":"is","cl_val":"3 Hour Trip"}}]}],"values":[{"label":"1 person","value":"1","selected":false,"tempId":"aco_1471","price":"0","gt_translate_keys":["label"]},{"label":"2 people","value":"2","selected":false,"tempId":"aco_1472","price":"0","gt_translate_keys":["label"]},{"label":"3 people","value":"3","selected":false,"tempId":"aco_1500","price":"0","gt_translate_keys":["label"]},{"label":"4 people","value":"4","selected":false,"tempId":"aco_1510","price":"0","gt_translate_keys":["label"]},{"label":"5 people","value":"5","selected":false,"tempId":"aco_1520","price":"0","gt_translate_keys":["label"]},{"label":"6 people","value":"6","selected":false,"tempId":"aco_1728","price":"0","gt_translate_keys":["label"]},{"label":"7 people","value":"7","selected":false,"tempId":"aco_1738","price":"0","gt_translate_keys":["label"]},{"label":"8 people","value":"8","selected":false,"tempId":"aco_1748","price":"0","gt_translate_keys":["label"]},{"label":"9 people (+50\u20ac)","value":"9","selected":false,"tempId":"aco_1912","price":"50","gt_translate_keys":["label"]},{"label":"10 people (+100\u20ac)","value":"10","selected":false,"tempId":"aco_1922","price":"100","gt_translate_keys":["label"]},{"label":"11 people (+150\u20ac)","value":"11","selected":false,"tempId":"aco_84","price":"150","gt_translate_keys":["label"]},{"label":"12 people (+200\u20ac)","value":"12","selected":false,"tempId":"aco_94","price":"200","gt_translate_keys":["label"]}],"price":"","cl_rule":"show","col":6,"type":"select","error":false,"priceOptions":"different_for_all","pricingType":"fixed","is_show_price":false,"gt_translate_keys":["label","placeholder"],"price_dependency":["select_5959492541"],"cl_dependency":false,"value":""}],[{"active":true,"col":6,"relations":false,"cl_rule":"show","enableCl":false,"price":"","enablePrice":true,"className":"","label_position":"default","desc_position":"default","type":"select","required":false,"elementId":"select_5959492541","label":"\ud83c\udf57 Meal (+10\u20ac\/person)","name":"select_5959492541","values":[{"label":"No","value":"No","selected":false,"tempId":"aco_2562","price":"","gt_translate_keys":["label"]},{"label":"Yes (+10\u20ac\/person)","value":"Yes","selected":false,"tempId":"aco_2563","price":"{field.select_76686cb828429b.value}*10","gt_translate_keys":["label"]}],"dropdown_type":"basic","error":false,"description":"Snacks and drinks are included. For an extra meal, please select marinated chicken with mojo potatoes and coleslaw. Paella is available at a different price upon request. Meals are paid for on the day of the tour on the boat.","priceOptions":"different_for_all","pricingType":"custom","isTemplate":false,"is_show_price":true,"gt_translate_keys":["label","description"],"price_dependency":false,"cl_dependency":false,"value":""}]]},"sec_36686cb8284272":{"extra":{"key":"sec_36686cb8284272","section_id":"sec_36686cb8284272","name":"Pickup Location","status":1,"cl_rule":"show","enableCl":false,"relations":[],"toggle":true,"title_tag":"h4","show_title":false,"showPrice":"default","form_id":12242,"form_rules":{"exclude_from_discount":true,"fee_label":"Fee","disp_hide_options_price":true,"disp_show_section_price":false,"disp_show_field_price":true,"layout_option":"standard","pric_use_as_fee":false,"process_fee_as":"woo_fee"},"layout_option":"standard"},"fields":[[{"elementId":"separator_16686cb828427d","separatorType":"blank","className":"","height":"3","enableCl":false,"relations":false,"cl_rule":"show","col":6,"type":"separator","error":false,"gt_translate_keys":[],"price_dependency":false,"cl_dependency":false,"value":""}],[{"active":true,"col":6,"relations":[{"operator":false,"rules":[{"operator":"AND","rules":{"cl_field":"radio-group_565c78ffa81208","cl_relation":"is","cl_val":"3 Hour Trip"}}]}],"cl_rule":"show","enableCl":false,"price":"","enablePrice":false,"className":"","label_position":"default","desc_position":"default","type":"select","required":false,"elementId":"select_86686cb8284287","label":"\u23f0 Departure","name":"select_86686cb8284287","values":[{"label":"09:00","value":"09:00","selected":false,"tempId":"aco_1471","gt_translate_keys":["label"]},{"label":"12:00","value":"12:00","selected":false,"tempId":"aco_1510","gt_translate_keys":["label"]},{"label":"15:00","value":"15:00","selected":false,"tempId":"aco_1738","gt_translate_keys":["label"]}],"dropdown_type":"basic","error":false,"placeholder":"Whichever Time is Best","gt_translate_keys":["label","placeholder"],"price_dependency":false,"cl_dependency":false,"value":""}],[{"elementId":"separator_56686cb8284291","separatorType":"blank","className":"","height":"1","enableCl":false,"relations":false,"cl_rule":"show","col":6,"type":"separator","gt_translate_keys":[],"price_dependency":false,"cl_dependency":false,"value":""}],[{"elementId":"separator_76686cb82842a6","separatorType":"blank","className":"","height":"1","enableCl":false,"relations":false,"cl_rule":"show","col":6,"type":"separator","error":false,"gt_translate_keys":[],"price_dependency":false,"cl_dependency":false,"value":""}],[{"active":true,"col":6,"relations":false,"cl_rule":"show","enableCl":false,"price":"","enablePrice":false,"className":"","label_position":"default","desc_position":"default","type":"text","subtype":"text","required":false,"elementId":"text_06686cb82842af","label":"\ud83d\ude8c Pickup Location","name":"text_06686cb82842af","value":"","error":false,"description":"Pick-up service in some locations. Simply provide your address or hotel name. (+2\u20ac\/person paid at pickup to the driver)","gt_translate_keys":["label","description","value"],"price_dependency":false,"cl_dependency":false}]]}},"config":{"price_override":"always","enable_recaptcha":false,"bind_quantity":false,"quantity_bind_formula":false,"disp_summ_show_option_price":true,"disp_summ_show_product_price":false,"disp_summ_show_total_price":true,"disp_summ_show_fee":true,"disp_summ_show_discount":true,"summary_title":"","options_total_label":"Options Price","total_label":"Total Amount","options_product_label":"Product Price","fee_label":"Fee","discount_label":"Discount","has_price":true,"has_quantity_formula":false},"mc_unit":1,"tax_rate":1,"tax_rate_real":1,"discount":{"percentage":0,"fixed":0},"design":{"conf":{"LabelPosition":"above","DescPosition":"above","UploadField":"custom_1","QuantityFieldStyle":"custom_1"},"css":{"LeftLabelWidth":"120px"}},"formulas":{"fmla_1708364241278155361":"(({field.select_3666b1eb2b11fe.value}>=8)?(1400):(({field.select_3666b1eb2b11fe.value}>=7)?(1225):(({field.select_3666b1eb2b11fe.value}>=6)?(1050):(({field.select_3666b1eb2b11fe.value}>=5)?(875):(({field.select_3666b1eb2b11fe.value}>=4)?(700):(({field.select_3666b1eb2b11fe.value}>=3)?(500):(0)))))))","fmla_1718295979528641619":"(({field.select_3666b1eb2b11fe.value}>=8)?(280):(({field.select_3666b1eb2b11fe.value}>=7)?(205):(({field.select_3666b1eb2b11fe.value}>=6)?(150):(({field.select_3666b1eb2b11fe.value}>=5)?(175):(({field.select_3666b1eb2b11fe.value}>=4)?(200):(({field.select_3666b1eb2b11fe.value}>=3)?(150):(0)))))))"},"lookuptables":[],"clones":false,"cartKey":false}},"_links":{"self":[{"href":"https:\/\/canaryvip.com\/pt\/wp-json\/wp\/v2\/product\/12210","targetHints":{"allow":["GET"]}}],"collection":[{"href":"https:\/\/canaryvip.com\/pt\/wp-json\/wp\/v2\/product"}],"about":[{"href":"https:\/\/canaryvip.com\/pt\/wp-json\/wp\/v2\/types\/product"}],"replies":[{"embeddable":true,"href":"https:\/\/canaryvip.com\/pt\/wp-json\/wp\/v2\/comments?post=12210"}],"wp:featuredmedia":[{"embeddable":true,"href":"https:\/\/canaryvip.com\/pt\/wp-json\/wp\/v2\/media\/12212"}],"wp:attachment":[{"href":"https:\/\/canaryvip.com\/pt\/wp-json\/wp\/v2\/media?parent=12210"}],"wp:term":[{"taxonomy":"product_brand","embeddable":true,"href":"https:\/\/canaryvip.com\/pt\/wp-json\/wp\/v2\/product_brand?post=12210"},{"taxonomy":"product_cat","embeddable":true,"href":"https:\/\/canaryvip.com\/pt\/wp-json\/wp\/v2\/product_cat?post=12210"},{"taxonomy":"product_tag","embeddable":true,"href":"https:\/\/canaryvip.com\/pt\/wp-json\/wp\/v2\/product_tag?post=12210"}],"curies":[{"name":"wp","href":"https:\/\/api.w.org\/{rel}","templated":true}]}}