{"id":11971,"date":"2024-06-22T22:45:14","date_gmt":"2024-06-22T21:45:14","guid":{"rendered":"https:\/\/canaryvip.com\/?post_type=product&#038;p=11971"},"modified":"2025-08-09T14:04:29","modified_gmt":"2025-08-09T13:04:29","slug":"silvia-yacht-charter-gran-canaria","status":"publish","type":"product","link":"https:\/\/canaryvip.com\/pt\/shop\/silvia-yacht-charter-gran-canaria\/","title":{"rendered":"Silvia: Aluguer de iates<br\/>Gran Canaria"},"content":{"rendered":"<h2>\ud83d\udee5\ufe0f Silvia Yacht Charter Gran Canaria com CanaryVIP<\/h2>\n<p>Descubra a magia das Ilhas Can\u00e1rias a bordo do <strong>Aluguer do Iate Silvia<\/strong>O barco de luxo da Gran Canaria, uma forma exclusiva e luxuosa de explorar a deslumbrante costa da Gran Canaria. Com espa\u00e7o para at\u00e9 8 pessoas, este elegante <strong>aluguer de barcos privados na Gran Canaria<\/strong> oferece o ref\u00fagio perfeito para pequenos grupos que procuram relaxamento, aventura e mem\u00f3rias inesquec\u00edveis.<\/p>\n<p>Na CanaryVIP, facilitamos-lhe o acesso a esta <strong>alugar um iate Gran Canaria<\/strong> com um processo de reserva sem problemas e um servi\u00e7o excecional.<\/p>\n<h3>\u2b50\ufe0f Porqu\u00ea escolher Silvia Yacht Charter em Gran Canaria<\/h3>\n<p>Eis por que raz\u00e3o o <strong>Aluguer do Iate Silvia<\/strong> \u00e9 uma das melhores op\u00e7\u00f5es para a sua pr\u00f3xima aventura:<\/p>\n<h4><strong>Experi\u00eancia privada e exclusiva<\/strong><\/h4>\n<p>Com uma capacidade total de 8 pessoas, este iate privado \u00e9 perfeito para encontros \u00edntimos, quer se trate de um passeio em fam\u00edlia, de uma escapadela rom\u00e2ntica ou de uma celebra\u00e7\u00e3o especial.<\/p>\n<h4><strong>Conforto e sofistica\u00e7\u00e3o<\/strong><\/h4>\n<p>Relaxe neste espa\u00e7oso iate de 13 metros, com um interior bem conservado e elegante. Desfrute das vistas panor\u00e2micas a partir do sal\u00e3o, descontraia no conv\u00e9s ou apanhe banhos de sol enquanto est\u00e1 rodeado pela beleza deslumbrante da costa da Gran Canaria.<\/p>\n<h4><strong>Actividades aqu\u00e1ticas emocionantes<\/strong><\/h4>\n<p>O seu <strong>aluguer de barcos na Gran Canaria<\/strong> tem muitas op\u00e7\u00f5es para o manter entretido:<\/p>\n<ul>\n<li><strong>Equipamento de snorkeling:<\/strong> Descubra o mundo subaqu\u00e1tico com a m\u00e1scara e as barbatanas inclu\u00eddas.<\/li>\n<li><strong>Passeio de Banana Boat:<\/strong> Acrescente emo\u00e7\u00e3o ao seu dia com um passeio de banana boat gratuito.<\/li>\n<li><strong>\ud83c\udfc4\u200d\u2640\ufe0f Utiliza\u00e7\u00e3o de pranchas de paddle:<\/strong> Experimente o stand-up paddleboarding para uma forma divertida e relaxante de desfrutar das \u00e1guas calmas.<\/li>\n<li>Tamb\u00e9m est\u00e3o dispon\u00edveis descontos em desportos aqu\u00e1ticos adicionais para uma aventura completa.<\/li>\n<\/ul>\n<h3>\ud83d\udea4 Silvia Yacht Op\u00e7\u00f5es de viagem<\/h3>\n<p>Escolha entre duas dura\u00e7\u00f5es de viagem para se adaptar ao seu hor\u00e1rio e prefer\u00eancias:<\/p>\n<ul>\n<li><strong>Charter privado de 3 horas:<\/strong> Uma escapadela curta, mas luxuosa, com muito tempo para nadar, fazer snorkeling e relaxar.\n<ul>\n<li>Hor\u00e1rios de partida: 09:00-12:00, 12:00-15:00, ou 15:00-18:00.<\/li>\n<\/ul>\n<\/li>\n<li><strong>Aluguer privado de 6 horas:<\/strong> Uma viagem prolongada para mergulhar totalmente na beleza natural da Gran Canaria.\n<ul>\n<li>Hor\u00e1rios de partida: 09:00-15:00, 12:00-18:00, ou 15:00-21:00 (apenas na \u00e9poca de ver\u00e3o).<\/li>\n<\/ul>\n<\/li>\n<\/ul>\n<h3>\ud83e\udd42 O que est\u00e1 inclu\u00eddo no aluguer do seu iate<\/h3>\n<p>O seu <strong>alugar um iate Gran Canaria<\/strong> A experi\u00eancia inclui tudo o que \u00e9 necess\u00e1rio para um dia memor\u00e1vel no mar:<\/p>\n<ul>\n<li>Snacks como batatas fritas e frutos secos.<\/li>\n<li>Bebidas de um bar aberto, incluindo cerveja, refrigerantes e \u00e1gua.<\/li>\n<li>Equipamento de snorkeling, utiliza\u00e7\u00e3o de paddleboard e um passeio de banana boat gratuito.<\/li>\n<li>Transporte de e para os hot\u00e9is no sul da Gran Canaria (se solicitado).<\/li>\n<li>Seguro para a sua tranquilidade.<\/li>\n<li>Almo\u00e7o opcional (10 euros por pessoa, solicitar durante a reserva).<\/li>\n<\/ul>\n<h3>\ud83d\udccd Detalhes da partida<\/h3>\n<ul>\n<li><strong>Localiza\u00e7\u00e3o:<\/strong> <a href=\"https:\/\/maps.app.goo.gl\/Xhe545W98um3rx6W8\" target=\"_blank\" rel=\"noopener\">Puerto de Mog\u00e1n<\/a>, Gran Canaria.<\/li>\n<li><strong>Transporte:<\/strong> Servi\u00e7o de recolha opcional dispon\u00edvel para maior comodidade.<\/li>\n<li><strong>Hor\u00e1rios:<\/strong> V\u00e1rias partidas di\u00e1rias para se adaptar ao seu hor\u00e1rio.<\/li>\n<\/ul>\n<h3>Pol\u00edtica de cancelamento transparente<\/h3>\n<p>Damos prioridade \u00e0 sua paz de esp\u00edrito com pol\u00edticas de cancelamento claras e flex\u00edveis:<\/p>\n<ul>\n<li><strong>Garantia meteorol\u00f3gica:<\/strong> Em caso de condi\u00e7\u00f5es climat\u00e9ricas inseguras, pode reagendar ou receber um reembolso total.<\/li>\n<li><strong>Cancelamentos flex\u00edveis:<\/strong> Cancele ou remarque gratuitamente at\u00e9 8 dias antes da sua viagem. Os dep\u00f3sitos n\u00e3o s\u00e3o reembols\u00e1veis para cancelamentos efectuados nos 8 dias anteriores \u00e0 partida programada.<\/li>\n<\/ul>\n<h3>\ud83d\udc68\u200d\u2708\ufe0f Dicas para a sua aventura no iate Silvia<\/h3>\n<p>Maximize o seu dia no mar com estas dicas:<\/p>\n<ul>\n<li>Traga fato de banho, uma toalha e protetor solar.<\/li>\n<li>Usar vestu\u00e1rio confort\u00e1vel e adequado \u00e0s condi\u00e7\u00f5es climat\u00e9ricas.<\/li>\n<li>Tenha o seu bilhete CanaryVIP pronto, no seu telem\u00f3vel ou impresso.<\/li>\n<li>Fazer uma refei\u00e7\u00e3o ligeira antes da partida para evitar o enjoo.<\/li>\n<\/ul>\n<h3>Porqu\u00ea reservar com o CanaryVIP<\/h3>\n<p>Na CanaryVIP, somos apaixonados por criar experi\u00eancias inesquec\u00edveis na \u00e1gua. Quer esteja \u00e0 procura de uma <strong>iate de luxo em Gran Canaria<\/strong> ou uma aventura cheia de divers\u00e3o, oferecemos o melhor <a href=\"https:\/\/canaryvip.com\/pt\/shop\/magic-island-yacht-charter-gran-canaria\/\"><strong>aluguer de barcos na Gran Canaria<\/strong><\/a> op\u00e7\u00f5es, adaptadas \u00e0s suas necessidades.<\/p>\n<p>Reserve o seu <strong>Aluguer do Iate Silvia<\/strong> hoje e embarque numa viagem de relaxamento, aventura e vistas de cortar a respira\u00e7\u00e3o.<\/p>\n<p>\ud83d\udc49 <a href=\"https:\/\/canaryvip.com\/pt\/\" target=\"_new\" rel=\"noopener\"><span>Reserva<\/span><span> Agora<\/span><\/a> e elevar a sua experi\u00eancia de f\u00e9rias!<\/p>","protected":false},"excerpt":{"rendered":"<p><strong>\ud83d\udd0d Magic Island Gran Canaria:<\/strong><br \/>\n\u2705 Pagamento seguro.<br \/>\n\ud83d\udd10 Visitas privadas.<br \/>\n\ud83d\udee5\ufe0f 13m Yacht Comfort.<br \/>\nPasseios di\u00e1rios de 3H e 6H.<br \/>\nHor\u00e1rios de partida diferentes.<br \/>\n\ud83d\udc65 At\u00e9 12 pessoas.<br \/>\n\ud83e\udd3f O equipamento de snorkel \u00e9 fornecido.<br \/>\nRecolha e entrega.<br \/>\n\ud83e\udd11 Melhor pre\u00e7o garantido.<br \/>\n\ud83d\udc6a  Descontos activados.<br \/>\n\ud83d\udd01 Cancelamento at\u00e9 8 dias.<br \/>\n\ud83c\udf0d Tripula\u00e7\u00e3o multilingue.<br \/>\n\ud83c\udf1f Reserve com anteced\u00eancia e poupe!<br \/>\n\ud83d\udccd Partida de <a href=\"https:\/\/maps.app.goo.gl\/4TJkgAg6UBpnsyhm9\">Puerto de Mog\u00e1n<\/a>.<\/p>","protected":false},"featured_media":12219,"comment_status":"open","ping_status":"closed","template":"","meta":{"_acf_changed":false},"product_brand":[],"product_cat":[132],"product_tag":[],"class_list":{"0":"post-11971","1":"product","2":"type-product","3":"status-publish","4":"has-post-thumbnail","6":"product_cat-boat-hire-gran-canaria","7":"wcpa_has_options","9":"first","10":"instock","11":"virtual","12":"purchasable","13":"product-type-simple"},"acf":[],"wcpa_form_fields":{"wcpaData":{"product":{"product_price":450,"price_html":"From&nbsp;<span class=\"woocommerce-Price-amount amount\"><bdi>450,00&nbsp;<span class=\"woocommerce-Price-currencySymbol\">&euro;<\/span><\/bdi><\/span>","original_product_price":450,"price_including_tax":450,"price_excluding_tax":450,"product_id":{"parent":11971,"variation":false},"is_variable":false,"stock_status":"instock","stock_quantity":null,"parent_sku":"CV11971","product_attributes":[],"custom_fields":[],"is_taxable":false,"product_name":"Silvia: Yacht Charter<br\/>Gran Canaria","hasImage":false},"fields":{"sec_26687d4f04b1a4":{"extra":{"key":"sec_26687d4f04b1a4","section_id":"sec_26687d4f04b1a4","name":"Default","status":1,"cl_rule":"show","enableCl":false,"relations":[],"toggle":true,"title_tag":"h3","show_title":false,"showPrice":"default","form_id":12255,"form_rules":{"exclude_from_discount":true,"fee_label":"Fee","disp_hide_options_price":true,"disp_show_section_price":false,"disp_show_field_price":true,"layout_option":"standard","pric_use_as_fee":false,"process_fee_as":"woo_fee"},"layout_option":"standard"},"fields":[[{"label":"\ud83d\udcc5 Date","active":true,"required":true,"elementId":"date_106687d4f04b1c4","picker_type":"custom","picker_mode":"single","placeholder":"","description":"","tooltip":"","name":"date_106687d4f04b1c4","label_position":"default","desc_position":"default","enablePrice":false,"className":"","enableCl":false,"relations":[{"operator":"and","rules":[{"operator":"AND","rules":{"cl_field":"radio-group_565c78ffa81208","cl_relation":"is","cl_val":"3 Hour Trip"}}]}],"date_pic_inline":true,"date_pic_inline_hide":true,"min_date":{"type":"days","val":"2"},"max_date":{"type":"days","val":"365"},"date_pic_conf":{"disabledWeeks":[]},"price":"","cl_rule":"show","col":6,"type":"date","error":false,"enableDesign":false,"LabelColor":"","gt_translate_keys":["label","placeholder","description","tooltip"],"price_dependency":false,"cl_dependency":false,"value":""}],[{"elementId":"separator_76687d4f04b1e0","separatorType":"blank","className":"","height":"3","enableCl":false,"relations":false,"cl_rule":"show","col":6,"type":"separator","error":false,"gt_translate_keys":[],"price_dependency":false,"cl_dependency":false,"value":""}],[{"active":true,"col":6,"relations":false,"cl_rule":"show","enableCl":false,"price":"","enablePrice":true,"className":"","label_position":"default","desc_position":"default","type":"select","required":true,"elementId":"select_96687d4f04b1ea","label":"\u23f3 Trip Duration","name":"select_96687d4f04b1ea","values":[{"label":"3 Hours (450\u20ac)","value":"3","selected":false,"tempId":"aco_556","price":"450","gt_translate_keys":["label"]},{"label":"6 Hours (800\u20ac)","value":"6","selected":false,"tempId":"aco_122","price":"800","gt_translate_keys":["label"]}],"dropdown_type":"basic","error":false,"placeholder":"Select Trip Duration","priceOptions":"different_for_all","pricingType":"fixed","is_show_price":false,"gt_translate_keys":["label","placeholder"],"price_dependency":false,"cl_dependency":false,"value":""}],[{"label":"\u2705 Number of People","active":true,"required":true,"elementId":"select_86687d4f04b1f4","dropdown_type":"basic","placeholder":"Select Number of People","name":"select_86687d4f04b1f4","label_position":"default","desc_position":"default","enablePrice":false,"className":"","enableCl":false,"relations":[{"operator":false,"rules":[{"operator":"AND","rules":{"cl_field":"radio-group_565c78ffa81208","cl_relation":"is","cl_val":"3 Hour Trip"}}]}],"values":[{"label":"1 person","value":"1","selected":false,"tempId":"aco_1471","price":"0","gt_translate_keys":["label"]},{"label":"2 people","value":"2","selected":false,"tempId":"aco_1472","price":"0","gt_translate_keys":["label"]},{"label":"3 people","value":"3","selected":false,"tempId":"aco_1500","price":"0","gt_translate_keys":["label"]},{"label":"4 people","value":"4","selected":false,"tempId":"aco_1510","price":"0","gt_translate_keys":["label"]},{"label":"5 people","value":"5","selected":false,"tempId":"aco_1520","price":"0","gt_translate_keys":["label"]},{"label":"6 people","value":"6","selected":false,"tempId":"aco_1728","price":"0","gt_translate_keys":["label"]},{"label":"7 people","value":"7","selected":false,"tempId":"aco_1738","price":"0","gt_translate_keys":["label"]},{"label":"8 people","value":"8","selected":false,"tempId":"aco_1748","price":"0","gt_translate_keys":["label"]}],"price":"","cl_rule":"show","col":6,"type":"select","error":false,"priceOptions":"different_for_all","pricingType":"fixed","is_show_price":false,"gt_translate_keys":["label","placeholder"],"price_dependency":["select_86687d4f04b1fe"],"cl_dependency":false,"value":""}],[{"active":true,"col":6,"relations":false,"cl_rule":"show","enableCl":false,"price":"","enablePrice":true,"className":"","label_position":"default","desc_position":"default","type":"select","required":false,"elementId":"select_86687d4f04b1fe","label":"\ud83c\udf57 Meal (+10\u20ac\/person)","name":"select_86687d4f04b1fe","values":[{"label":"No","value":"No","selected":false,"tempId":"aco_2562","price":"","gt_translate_keys":["label"]},{"label":"Yes (+10\u20ac\/person)","value":"Yes","selected":false,"tempId":"aco_2563","price":"{field.select_86687d4f04b1f4.value}*10","gt_translate_keys":["label"]}],"dropdown_type":"basic","error":false,"description":"Snacks and drinks are included. If you want an extra meal, please select this option. The meal is marinated chicken with mojo potatoes and coleslaw.","priceOptions":"different_for_all","pricingType":"custom","isTemplate":false,"is_show_price":true,"gt_translate_keys":["label","description"],"price_dependency":false,"cl_dependency":false,"value":""}]]},"sec_106687d4f04b227":{"extra":{"key":"sec_106687d4f04b227","section_id":"sec_106687d4f04b227","name":"Pickup Location","status":1,"cl_rule":"show","enableCl":false,"relations":[],"toggle":true,"title_tag":"h4","show_title":false,"showPrice":"default","form_id":12255,"form_rules":{"exclude_from_discount":true,"fee_label":"Fee","disp_hide_options_price":true,"disp_show_section_price":false,"disp_show_field_price":true,"layout_option":"standard","pric_use_as_fee":false,"process_fee_as":"woo_fee"},"layout_option":"standard"},"fields":[[{"elementId":"separator_16687d4f04b232","separatorType":"blank","className":"","height":"3","enableCl":false,"relations":false,"cl_rule":"show","col":6,"type":"separator","error":false,"gt_translate_keys":[],"price_dependency":false,"cl_dependency":false,"value":""}],[{"active":true,"col":6,"relations":[{"operator":false,"rules":[{"operator":"AND","rules":{"cl_field":"radio-group_565c78ffa81208","cl_relation":"is","cl_val":"3 Hour Trip"}}]}],"cl_rule":"show","enableCl":false,"price":"","enablePrice":false,"className":"","label_position":"default","desc_position":"default","type":"select","required":false,"elementId":"select_66687d4f04b23c","label":"\u23f0 Departure","name":"select_66687d4f04b23c","values":[{"label":"09:00","value":"09:00","selected":false,"tempId":"aco_1471","gt_translate_keys":["label"]},{"label":"12:00","value":"12:00","selected":false,"tempId":"aco_1510","gt_translate_keys":["label"]},{"label":"15:00","value":"15:00","selected":false,"tempId":"aco_1738","gt_translate_keys":["label"]}],"dropdown_type":"basic","error":false,"placeholder":"Whichever Time is Best","gt_translate_keys":["label","placeholder"],"price_dependency":false,"cl_dependency":false,"value":""}],[{"elementId":"separator_86687d4f04b246","separatorType":"blank","className":"","height":"1","enableCl":false,"relations":false,"cl_rule":"show","col":6,"type":"separator","gt_translate_keys":[],"price_dependency":false,"cl_dependency":false,"value":""}],[{"elementId":"separator_86687d4f04b250","separatorType":"blank","className":"","height":"1","enableCl":false,"relations":false,"cl_rule":"show","col":6,"type":"separator","error":false,"gt_translate_keys":[],"price_dependency":false,"cl_dependency":false,"value":""}],[{"active":true,"col":6,"relations":false,"cl_rule":"show","enableCl":false,"price":"","enablePrice":false,"className":"","label_position":"default","desc_position":"default","type":"text","subtype":"text","required":false,"elementId":"text_66687d4f04b259","label":"\ud83d\ude8c Pickup Location","name":"text_66687d4f04b259","value":"","error":false,"description":"Pick-up service in some locations. Simply provide your address or hotel name. (+2\u20ac\/person paid at pickup to the driver)","gt_translate_keys":["label","description","value"],"price_dependency":false,"cl_dependency":false}]]}},"config":{"price_override":"always","enable_recaptcha":false,"bind_quantity":false,"quantity_bind_formula":false,"disp_summ_show_option_price":true,"disp_summ_show_product_price":false,"disp_summ_show_total_price":true,"disp_summ_show_fee":true,"disp_summ_show_discount":true,"summary_title":"","options_total_label":"Options Price","total_label":"Total Amount","options_product_label":"Product Price","fee_label":"Fee","discount_label":"Discount","has_price":true,"has_quantity_formula":false},"mc_unit":1,"tax_rate":1,"tax_rate_real":1,"discount":{"percentage":0,"fixed":0},"design":{"conf":{"LabelPosition":"above","DescPosition":"above","UploadField":"custom_1","QuantityFieldStyle":"custom_1"},"css":{"LeftLabelWidth":"120px"}},"formulas":{"fmla_1708364241278155361":"(({field.select_3666b1eb2b11fe.value}>=8)?(1400):(({field.select_3666b1eb2b11fe.value}>=7)?(1225):(({field.select_3666b1eb2b11fe.value}>=6)?(1050):(({field.select_3666b1eb2b11fe.value}>=5)?(875):(({field.select_3666b1eb2b11fe.value}>=4)?(700):(({field.select_3666b1eb2b11fe.value}>=3)?(500):(0)))))))","fmla_1718295979528641619":"(({field.select_3666b1eb2b11fe.value}>=8)?(280):(({field.select_3666b1eb2b11fe.value}>=7)?(205):(({field.select_3666b1eb2b11fe.value}>=6)?(150):(({field.select_3666b1eb2b11fe.value}>=5)?(175):(({field.select_3666b1eb2b11fe.value}>=4)?(200):(({field.select_3666b1eb2b11fe.value}>=3)?(150):(0)))))))"},"lookuptables":[],"clones":false,"cartKey":false}},"_links":{"self":[{"href":"https:\/\/canaryvip.com\/pt\/wp-json\/wp\/v2\/product\/11971","targetHints":{"allow":["GET"]}}],"collection":[{"href":"https:\/\/canaryvip.com\/pt\/wp-json\/wp\/v2\/product"}],"about":[{"href":"https:\/\/canaryvip.com\/pt\/wp-json\/wp\/v2\/types\/product"}],"replies":[{"embeddable":true,"href":"https:\/\/canaryvip.com\/pt\/wp-json\/wp\/v2\/comments?post=11971"}],"wp:featuredmedia":[{"embeddable":true,"href":"https:\/\/canaryvip.com\/pt\/wp-json\/wp\/v2\/media\/12219"}],"wp:attachment":[{"href":"https:\/\/canaryvip.com\/pt\/wp-json\/wp\/v2\/media?parent=11971"}],"wp:term":[{"taxonomy":"product_brand","embeddable":true,"href":"https:\/\/canaryvip.com\/pt\/wp-json\/wp\/v2\/product_brand?post=11971"},{"taxonomy":"product_cat","embeddable":true,"href":"https:\/\/canaryvip.com\/pt\/wp-json\/wp\/v2\/product_cat?post=11971"},{"taxonomy":"product_tag","embeddable":true,"href":"https:\/\/canaryvip.com\/pt\/wp-json\/wp\/v2\/product_tag?post=11971"}],"curies":[{"name":"wp","href":"https:\/\/api.w.org\/{rel}","templated":true}]}}