{"id":11626,"date":"2024-06-06T11:14:41","date_gmt":"2024-06-06T10:14:41","guid":{"rendered":"https:\/\/canaryvip.com\/?post_type=product&#038;p=11626"},"modified":"2026-04-10T14:33:12","modified_gmt":"2026-04-10T13:33:12","slug":"natural-pools-masca-los-gigantes-tour","status":"publish","type":"product","link":"https:\/\/canaryvip.com\/pt\/shop\/natural-pools-masca-los-gigantes-tour\/","title":{"rendered":"Tour Piscinas Naturais, Masca e Los Gigantes + Piquenique"},"content":{"rendered":"<h2>\ud83c\udf0a Sobre Masca, Piscinas Naturais e Tour Los Gigantes<\/h2>\n<p>Descubra uma das mais completas <strong>Visitas guiadas a Tenerife<\/strong> com esta experi\u00eancia inesquec\u00edvel que combina natureza, cultura local e vistas de cortar a respira\u00e7\u00e3o. Na CanaryVIP, oferecemos-lhe a oportunidade de explorar as j\u00f3ias escondidas da ilha nesta <strong>Visita guiada a Masca<\/strong>, incluindo fal\u00e9sias dram\u00e1ticas, aldeias tradicionais e a famosa <strong>piscinas naturais Tenerife<\/strong> \u00e9 conhecido por.<\/p>\n<p>Esta excurs\u00e3o foi concebida para os viajantes que querem ver um lado diferente de Tenerife num grupo pequeno, com uma atmosfera mais pessoal e descontra\u00edda.<\/p>\n<h3>Destaques da excurs\u00e3o: Masca, Piscinas Naturais e Los Gigantes<\/h3>\n<ul>\n<li>\ud83c\udf04 <strong>Ponto de vista panor\u00e2mico:<\/strong> Desfrute de vistas deslumbrantes sobre o Vale de Masca, uma das paisagens mais impressionantes de Tenerife.<\/li>\n<li>\ud83c\udfd8\ufe0f <strong>Aldeia de Masca:<\/strong> Passe cerca de 1 hora a explorar esta encantadora aldeia de montanha. Passeie pelas suas ruas estreitas, descubra os produtos locais e desfrute da sua atmosfera \u00fanica.<\/li>\n<li>\ud83c\udfd4\ufe0f <strong>Fal\u00e9sias de Los Gigantes:<\/strong> Visite as famosas fal\u00e9sias que se elevam at\u00e9 600 metros acima do oceano, um dos marcos naturais mais emblem\u00e1ticos da ilha.<\/li>\n<li>\ud83c\udfca <strong>Piscinas naturais vulc\u00e2nicas e piquenique:<\/strong> Refresque-se nas piscinas vulc\u00e2nicas naturais junto ao mar e desfrute de um piquenique relaxante num belo cen\u00e1rio costeiro.<\/li>\n<\/ul>\n<h3>O que est\u00e1 inclu\u00eddo na sua experi\u00eancia<\/h3>\n<ul>\n<li>\ud83e\uddd1\u200d\ud83c\udfeb Guia local especializado com um conhecimento profundo do territ\u00f3rio.<\/li>\n<li>\ud83d\udee0\ufe0f Todo o equipamento necess\u00e1rio para a atividade.<\/li>\n<li>\ud83d\udee1\ufe0f Seguro de actividades para a sua tranquilidade.<\/li>\n<li>Transporte de\/para o ponto de encontro numa confort\u00e1vel carrinha de 9 lugares.<\/li>\n<li>Fotos e v\u00eddeos da sua experi\u00eancia para levar para casa mem\u00f3rias inesquec\u00edveis.<\/li>\n<\/ul>\n<h3>Detalhes essenciais da excurs\u00e3o<\/h3>\n<ul>\n<li>\ud83d\udd52 <strong>Hora de in\u00edcio:<\/strong> inverno \u00e0s 15:00 | ver\u00e3o \u00e0s 16:00.<\/li>\n<li>\u23f3 <strong>Dura\u00e7\u00e3o:<\/strong> Cerca de 5 horas.<\/li>\n<li>\ud83d\udc65 <strong>Experi\u00eancia em pequenos grupos:<\/strong> Vagas limitadas dispon\u00edveis para uma visita mais personalizada.<\/li>\n<li>\ud83d\udccd <strong>Transporte:<\/strong> Viajar numa confort\u00e1vel carrinha de 9 lugares.<\/li>\n<li>\ud83e\udde5 <strong>O que trazer:<\/strong> Roupa confort\u00e1vel, fato de banho e uma toalha para as piscinas naturais.<\/li>\n<\/ul>\n<h3>Informa\u00e7\u00f5es e pol\u00edticas importantes<\/h3>\n<ul>\n<li>\ud83d\udd04 <strong>Pol\u00edtica de cancelamento:<\/strong> O cancelamento gratuito est\u00e1 dispon\u00edvel se solicitado com pelo menos 72 horas de anteced\u00eancia para reservas at\u00e9 2 pessoas. Para reservas de 3 a 7 pessoas, \u00e9 necess\u00e1rio um aviso pr\u00e9vio m\u00ednimo de 5 dias. Para grupos de mais de 7 pessoas, os cancelamentos devem ser efectuados com um m\u00ednimo de 10 dias de anteced\u00eancia. Devido \u00e0 disponibilidade limitada e \u00e0 dimens\u00e3o reduzida do grupo, os cancelamentos tardios ou a n\u00e3o compar\u00eancia podem estar sujeitos a encargos totais. Recomendamos sempre que confirme os seus planos com anteced\u00eancia.<\/li>\n<li>\ud83d\udd52 <strong>Pontualidade:<\/strong> \u00c9 favor chegar a horas ao ponto de encontro para garantir um in\u00edcio sem problemas para o grupo.<\/li>\n<li>\u26a0\ufe0f <strong>Disponibilidade limitada:<\/strong> Esta experi\u00eancia funciona com grupos pequenos, pelo que os lugares s\u00e3o muito limitados e tendem a esgotar-se rapidamente.<\/li>\n<\/ul>\n<h4>Apoio em digress\u00e3o<\/h4>\n<ul>\n<li>\u2714\ufe0f Na CanaryVIP, seleccionamos cuidadosamente as experi\u00eancias para garantir a qualidade e a seguran\u00e7a.<\/li>\n<li>\ud83d\udde3\ufe0f Durante a visita, pode sempre falar diretamente com o seu guia para qualquer assist\u00eancia.<\/li>\n<li>A nossa equipa est\u00e1 dispon\u00edvel antes e depois da sua reserva se precisar de ajuda ou tiver d\u00favidas.<\/li>\n<\/ul>\n<h3>\ud83c\udf0a\ud83c\udfd4\ufe0f Reserve hoje a sua excurs\u00e3o a Masca e \u00e0s piscinas naturais<\/h3>\n<p>Se est\u00e1 \u00e0 procura de um dos melhores <strong>Visitas guiadas a Tenerife<\/strong>, Esta experi\u00eancia combina tudo: montanhas, oceano, cultura e relaxamento. Desde o encanto \u00fanico da aldeia de Masca at\u00e9 ao refrescante <strong>piscinas naturais Tenerife<\/strong> oferece, cada momento \u00e9 concebido para ser memor\u00e1vel.<\/p>\n<p>No CanaryVIP, tornamos a reserva simples e fi\u00e1vel, para que se possa concentrar em desfrutar da sua viagem. Quer esteja a visitar Tenerife pela primeira vez ou a regressar para explorar mais, este <strong>Visita guiada a Masca<\/strong> \u00e9 uma experi\u00eancia imperd\u00edvel.<\/p>\n<p>Garanta j\u00e1 o seu lugar e descubra Tenerife de uma forma diferente.<\/p>","protected":false},"excerpt":{"rendered":"<p><strong>\ud83d\udd0d Detalhes da visita:<\/strong><br \/>\n\u2705 Pagamento seguro.<br \/>\nExplorar a aldeia de Masca.<br \/>\n\ud83d\udca6 Descobrir as piscinas naturais.<br \/>\n\ud83c\udfd4\ufe0f Visita \u00e0 fal\u00e9sia de Los Gigantes.<br \/>\n\ud83e\udd6a Piquenique inclu\u00eddo.<br \/>\n\ud83d\udcc5 Todos os dias.<br \/>\nDura\u00e7\u00e3o Cerca de 5h.<br \/>\nVAN at\u00e9 9 pessoas.<br \/>\nRecolha e entrega no hotel.<br \/>\n\ud83d\udd04 Cancelamento gratuito de 72 horas.<br \/>\n\ud83e\udd11 Melhor pre\u00e7o garantido.<br \/>\n\ud83c\udf81 Descontos para grupos dispon\u00edveis.<br \/>\n\ud83c\udf1f Reserve agora e poupe!<\/p>","protected":false},"featured_media":16977,"comment_status":"open","ping_status":"closed","template":"","meta":{"_acf_changed":false},"product_brand":[],"product_cat":[52],"product_tag":[],"class_list":{"0":"post-11626","1":"product","2":"type-product","3":"status-publish","4":"has-post-thumbnail","6":"product_cat-bus-tours","7":"wcpa_has_options","9":"first","10":"instock","11":"sale","12":"virtual","13":"purchasable","14":"product-type-simple"},"acf":[],"wcpa_form_fields":{"wcpaData":{"product":{"product_price":85,"price_html":"From&nbsp;<del aria-hidden=\"true\"><span class=\"woocommerce-Price-amount amount\"><bdi>90,00&nbsp;<span class=\"woocommerce-Price-currencySymbol\">&euro;<\/span><\/bdi><\/span><\/del> <span class=\"screen-reader-text\">O pre\u00e7o original era: 90,00&nbsp;&euro;.<\/span><ins aria-hidden=\"true\"><span class=\"woocommerce-Price-amount amount\"><bdi>85,00&nbsp;<span class=\"woocommerce-Price-currencySymbol\">&euro;<\/span><\/bdi><\/span><\/ins><span class=\"screen-reader-text\">O pre\u00e7o atual \u00e9: 85,00&nbsp;&euro;.<\/span>","original_product_price":90,"price_including_tax":85,"price_excluding_tax":85,"product_id":{"parent":11626,"variation":false},"is_variable":false,"stock_status":"instock","stock_quantity":null,"parent_sku":"CV11626","product_attributes":[],"custom_fields":[],"is_taxable":false,"product_name":"Natural Pools, Masca & Los Gigantes Tour + Picnic","hasImage":false},"fields":{"sec_169cd3c7b1d53f":{"extra":{"key":"sec_169cd3c7b1d53f","section_id":"sec_169cd3c7b1d53f","name":"South Tenerife","status":1,"cl_rule":"show","enableCl":false,"relations":[{"operator":false,"rules":[{"operator":"AND","rules":{"cl_field":"radio-group_665df45fcbc30b","cl_relation":"is","cl_val":"Siam Park Regular Tickets"}}]}],"toggle":true,"title_tag":"h4","show_title":false,"showPrice":"default","form_id":16980,"form_rules":{"exclude_from_discount":true,"fee_label":"Fee","disp_hide_options_price":true,"disp_show_section_price":false,"disp_show_field_price":true,"layout_option":"standard","pric_use_as_fee":false,"process_fee_as":"woo_fee"},"layout_option":"standard"},"fields":[[{"label":"\ud83d\udcc5 Date","active":true,"required":true,"elementId":"date_869cd3c7b1d560","picker_type":"custom","picker_mode":"single","placeholder":"","description":"","tooltip":"","name":"date_869cd3c7b1d560","label_position":"default","desc_position":"default","enablePrice":false,"className":"","enableCl":false,"relations":[{"operator":"and","rules":[{"operator":"AND","rules":{"cl_field":"radio-group_665df45fcbc30b","cl_relation":"is","cl_val":"3 Hour Trip"}}]}],"date_pic_inline":true,"date_pic_inline_hide":true,"min_date":{"type":"days","val":"2"},"max_date":{"type":"days","val":"180"},"date_pic_conf":{"disabledWeeks":[],"enabledDates":[]},"price":"","cl_rule":"show","col":6,"type":"date","error":false,"enableDesign":false,"LabelColor":"","value":"2024-07-04","isWeightTemplate":false,"isTemplate":false,"min_quantity":"1","quantity_decimal":false,"quantity_step":"1","quantity_label":"Quantity","repeater_field_label":"{field_label}","repeater_bind":"","gt_translate_keys":["label","placeholder","description","value","tooltip","repeater_field_label","quantity_label"],"price_dependency":false,"cl_dependency":false}],[{"elementId":"separator_569cd3c7b1d57a","separatorType":"blank","className":"","height":"10","enableCl":false,"relations":false,"cl_rule":"show","col":6,"type":"separator","gt_translate_keys":[],"price_dependency":false,"cl_dependency":false,"value":""}],[{"active":true,"col":6,"relations":false,"cl_rule":"show","enableCl":false,"price":"","enablePrice":false,"className":"","label_position":"default","desc_position":"default","type":"content","required":false,"elementId":"content_369cd3c7b1d585","label":"People","name":"content_369cd3c7b1d585","contentType":"plain","value":"","error":false,"show_in_checkout":true,"inline":false,"gt_translate_keys":["label","value"],"price_dependency":false,"cl_dependency":false}],[{"active":true,"col":6,"relations":[{"operator":false,"rules":[{"operator":"AND","rules":{"cl_field":"","cl_relation":"","cl_val":""}}]}],"cl_rule":"show","enableCl":true,"price":"85","enablePrice":true,"className":"","label_position":"default","desc_position":"default","type":"radio-group","required":false,"elementId":"radio-group_969cd3c7b1d590","label":"","name":"radio-group_969cd3c7b1d590","values":[{"label":"\ud83d\udc64 People (85\u20ac)","value":"Adult","selected":true,"tempId":"aco_32","tooltip":"+12 Years","description":"","gt_translate_keys":["label","tooltip","description"]}],"layOut":"","error":false,"checkUi":"button","priceOptions":"fixed_for_all","pricingType":"fixed","enable_quantity":true,"quantity_label":"","min_quantity":"0","options_tooltip":true,"options_description":true,"isWeightTemplate":false,"isTemplate":false,"quantity_decimal":false,"quantity_step":"1","repeater_field_label":"{field_label}","repeater_bind":"","gt_translate_keys":["label","repeater_field_label","quantity_label"],"price_dependency":false,"cl_dependency":false,"value":""}],[{"active":true,"col":6,"relations":false,"cl_rule":"show","enableCl":false,"price":"","enablePrice":false,"className":"","label_position":"default","desc_position":"default","type":"separator","required":false,"elementId":"separator_269cd3c7b1d5af","label":"Separator Field","height":"7","separatorType":"blank","error":false,"gt_translate_keys":["label"],"price_dependency":false,"cl_dependency":false,"value":""}],[{"active":true,"col":6,"relations":false,"cl_rule":"show","enableCl":false,"price":"","enablePrice":false,"className":"","label_position":"default","desc_position":"default","type":"text","subtype":"text","required":false,"elementId":"text_369cd3c7b1d5b8","label":"\ud83d\ude8c Pickup Location","name":"text_369cd3c7b1d5b8","value":"","description":"Pick-up service in South Tenerife. Simply provide your address or hotel name.","error":false,"isWeightTemplate":false,"isTemplate":false,"min_quantity":"1","quantity_decimal":false,"quantity_step":"1","quantity_label":"Quantity","repeater_field_label":"{field_label}","repeater_bind":"","gt_translate_keys":["label","description","value","repeater_field_label","quantity_label"],"price_dependency":false,"cl_dependency":false}]]}},"config":{"price_override":"always","enable_recaptcha":false,"bind_quantity":false,"quantity_bind_formula":false,"disp_summ_show_option_price":true,"disp_summ_show_product_price":false,"disp_summ_show_total_price":true,"disp_summ_show_fee":true,"disp_summ_show_discount":true,"summary_title":"","options_total_label":"Options Price","total_label":"Total Amount","options_product_label":"Product Price","fee_label":"Fee","discount_label":"Discount","has_price":true,"has_quantity_formula":false},"mc_unit":1,"tax_rate":1,"tax_rate_real":1,"discount":{"percentage":0,"fixed":0},"design":{"conf":{"LabelPosition":"above","DescPosition":"above","UploadField":"custom_1","QuantityFieldStyle":"custom_1"},"css":{"LeftLabelWidth":"120px"}},"formulas":[],"lookuptables":[],"clones":false,"cartKey":false}},"_links":{"self":[{"href":"https:\/\/canaryvip.com\/pt\/wp-json\/wp\/v2\/product\/11626","targetHints":{"allow":["GET"]}}],"collection":[{"href":"https:\/\/canaryvip.com\/pt\/wp-json\/wp\/v2\/product"}],"about":[{"href":"https:\/\/canaryvip.com\/pt\/wp-json\/wp\/v2\/types\/product"}],"replies":[{"embeddable":true,"href":"https:\/\/canaryvip.com\/pt\/wp-json\/wp\/v2\/comments?post=11626"}],"wp:featuredmedia":[{"embeddable":true,"href":"https:\/\/canaryvip.com\/pt\/wp-json\/wp\/v2\/media\/16977"}],"wp:attachment":[{"href":"https:\/\/canaryvip.com\/pt\/wp-json\/wp\/v2\/media?parent=11626"}],"wp:term":[{"taxonomy":"product_brand","embeddable":true,"href":"https:\/\/canaryvip.com\/pt\/wp-json\/wp\/v2\/product_brand?post=11626"},{"taxonomy":"product_cat","embeddable":true,"href":"https:\/\/canaryvip.com\/pt\/wp-json\/wp\/v2\/product_cat?post=11626"},{"taxonomy":"product_tag","embeddable":true,"href":"https:\/\/canaryvip.com\/pt\/wp-json\/wp\/v2\/product_tag?post=11626"}],"curies":[{"name":"wp","href":"https:\/\/api.w.org\/{rel}","templated":true}]}}