{"id":11582,"date":"2024-06-03T16:40:35","date_gmt":"2024-06-03T15:40:35","guid":{"rendered":"https:\/\/canaryvip.com\/?post_type=product&#038;p=11582"},"modified":"2025-12-11T18:13:25","modified_gmt":"2025-12-11T18:13:25","slug":"stargazing-tenerife-teide-by-night","status":"publish","type":"product","link":"https:\/\/canaryvip.com\/pt\/shop\/stargazing-tenerife-teide-by-night\/","title":{"rendered":"Star Tour Tenerife:<br\/>Teide \u00e0 noite + Jantar"},"content":{"rendered":"<h2>\ud83d\ude8c Sobre a observa\u00e7\u00e3o de estrelas em Tenerife: Teide \u00e0 noite<\/h2>\n<p>O <strong>Teide \u00e0 noite<\/strong> A excurs\u00e3o, dispon\u00edvel atrav\u00e9s da CanaryVIP, \u00e9 uma das formas mais especiais de conhecer o Monte Teide ap\u00f3s o p\u00f4r do sol. Uma operadora local organiza esta excurs\u00e3o, combinando uma bela paragem para apreciar o p\u00f4r do sol, paisagens vulc\u00e2nicas e uma sess\u00e3o relaxante de observa\u00e7\u00e3o das estrelas num dos c\u00e9us mais l\u00edmpidos da Europa. O Parque Nacional do Teide \u00e9 certificado como um Destino Starlight, o que significa que o seu c\u00e9u \u00e9 excepcionalmente limpo e livre de polui\u00e7\u00e3o luminosa.<\/p>\n<h3>Destaques do passeio: Teide \u00e0 noite<\/h3>\n<ul>\n<li>\ud83c\udf04 <strong>Paragem ao p\u00f4r do sol<\/strong>A experi\u00eancia come\u00e7a com uma paragem para apreciar o p\u00f4r do sol a partir de um dos miradouros dentro do Parque Nacional. As cores mut\u00e1veis do c\u00e9u criam um momento calmo e memor\u00e1vel, ideal para tirar fotos antes da parte da noite dedicada \u00e0 observa\u00e7\u00e3o das estrelas.<\/li>\n<li>\ud83d\udd2d <strong>Experi\u00eancia de observa\u00e7\u00e3o de estrelas em Tenerife<\/strong>: Quando escurece, o guia explica as constela\u00e7\u00f5es de forma clara e amig\u00e1vel, usando um apontador laser. H\u00e1 um telesc\u00f3pio dispon\u00edvel para que os visitantes possam observar estrelas, planetas e objetos do c\u00e9u profundo enquanto aprendem hist\u00f3rias interessantes relacionadas ao c\u00e9u noturno.<\/li>\n<li>\ud83c\udfd4\ufe0f <strong>Monte Teide<\/strong>Com 3.715 metros de altura, o Monte Teide \u00e9 o pico mais alto de Espanha e um <a href=\"https:\/\/whc.unesco.org\/en\/list\/1258\/\" target=\"_blank\" rel=\"noopener\">Patrim\u00f3nio Mundial da UNESCO<\/a> site. As suas paisagens vulc\u00e2nicas parecem quase sobrenaturais e t\u00eam sido utilizadas como locais de filmagem para v\u00e1rias produ\u00e7\u00f5es internacionais.<\/li>\n<li>\ud83c\udf7d\ufe0f <strong>Jantar<\/strong>: O jantar est\u00e1 inclu\u00eddo e \u00e9 normalmente servido num restaurante can\u00e1rio, como o Casa Sira, embora o restaurante exato possa variar dependendo da disponibilidade. A refei\u00e7\u00e3o \u00e9 simples e local, adequada antes de continuar com a parte da noite dedicada \u00e0 observa\u00e7\u00e3o das estrelas. Geralmente, est\u00e3o dispon\u00edveis op\u00e7\u00f5es diet\u00e9ticas.<\/li>\n<\/ul>\n<h3>O seu Stargazing Tenerife inclui<\/h3>\n<ul>\n<li>\ud83d\ude8c Recolha e entrega no seu hotel.<\/li>\n<li>\ud83d\udde3\ufe0f Guias que falam ingl\u00eas oferecem explica\u00e7\u00f5es durante toda a experi\u00eancia.<\/li>\n<li>\ud83d\udcf8 V\u00e1rias paragens para tirar fotos, especialmente durante o p\u00f4r do sol.<\/li>\n<li>\ud83d\udcdc Uma noite completa a explorar as paisagens e o c\u00e9u noturno do Teide.<\/li>\n<li>\ud83d\udcb0 Garantia do melhor pre\u00e7o e pol\u00edtica de cancelamento flex\u00edvel.<\/li>\n<\/ul>\n<h3>Detalhes da excurs\u00e3o Essential Stargazing Tenerife<\/h3>\n<ul>\n<li>\ud83c\udf9f\ufe0f Traga o seu bilhete digital CanaryVIP.<\/li>\n<li>\ud83d\udeab O autocarro n\u00e3o tem casa de banho a bordo e n\u00e3o est\u00e1 adaptado para acesso de cadeiras de rodas.<\/li>\n<li>\ud83c\udf7d\ufe0f O jantar est\u00e1 inclu\u00eddo.<\/li>\n<li>\u23f3 O passeio dura aproximadamente 6 horas.<\/li>\n<li>\ud83e\udde5 \u00c9 essencial levar roupas quentes, pois as temperaturas caem significativamente \u00e0 noite.<\/li>\n<li>\ud83d\udccc Forne\u00e7a os dados exatos do hotel para garantir que os preparativos para o transporte sejam feitos corretamente.<\/li>\n<li>\ud83c\udf25\ufe0f <strong>Aviso meteorol\u00f3gico<\/strong>: A visibilidade para observa\u00e7\u00e3o das estrelas depende das condi\u00e7\u00f5es meteorol\u00f3gicas e n\u00e3o pode ser totalmente garantida. O operador far\u00e1 sempre o poss\u00edvel para proporcionar a experi\u00eancia.<\/li>\n<\/ul>\n<h3>Etiqueta e pol\u00edticas da excurs\u00e3o<\/h3>\n<ul>\n<li>\ud83d\udd04 <strong>Cancelamento flex\u00edvel<\/strong>: Cancelamento gratuito at\u00e9 48 horas antes da experi\u00eancia. Grupos t\u00eam condi\u00e7\u00f5es especiais: grupos de 5 a 7 pessoas podem cancelar com at\u00e9 72 horas de anteced\u00eancia. Grupos de 8 a 14 pessoas precisam avisar com 4 dias de anteced\u00eancia. Grupos de 15 ou mais pessoas devem cancelar com pelo menos 6 dias de anteced\u00eancia.<\/li>\n<li>\ud83d\udd52 <strong>Atualidade<\/strong>: Esteja pronto no ponto de recolha designado para evitar atrasos para o resto do grupo.<\/li>\n<li>\ud83d\udce2 <strong>Cumprir o calend\u00e1rio<\/strong>: Os visitantes devem seguir as instru\u00e7\u00f5es do guia para garantir uma experi\u00eancia agrad\u00e1vel e tranquila para todos.<\/li>\n<\/ul>\n<h4>Assist\u00eancia e responsabilidade durante a viagem<\/h4>\n<ul>\n<li>\u2714\ufe0f <strong>Compromisso de servi\u00e7o<\/strong>: A CanaryVIP garante um processo de reserva tranquilo e uma comunica\u00e7\u00e3o clara antes do passeio. A atividade em si \u00e9 realizada por um operador local licenciado.<\/li>\n<li>\ud83d\udde3\ufe0f <strong>Assist\u00eancia durante a excurs\u00e3o<\/strong>: Quaisquer d\u00favidas ou preocupa\u00e7\u00f5es durante a experi\u00eancia podem ser esclarecidas diretamente com o guia, que estar\u00e1 no local para ajudar.<\/li>\n<li>\ud83d\udcb0 <strong>Pol\u00edtica de reembolso para problemas relacionados com excurs\u00f5es<\/strong>: Se algo inesperado ocorrer durante a atividade, os reembolsos seguir\u00e3o a pol\u00edtica estabelecida, sempre priorizando a transpar\u00eancia e a satisfa\u00e7\u00e3o do h\u00f3spede.<\/li>\n<\/ul>\n<h3>\ud83c\udf0b\ud83d\ude8c\ud83c\udfde\ufe0f Reserve j\u00e1 a sua excurs\u00e3o ao Teide<\/h3>\n<p>Teide by Night \u00e9 uma forma tranquila e memor\u00e1vel de descobrir um dos locais mais emblem\u00e1ticos de Tenerife. Assistir ao p\u00f4r do sol no Parque Nacional e depois observar o c\u00e9u noturno torna este passeio um dos favoritos para casais, fam\u00edlias e qualquer pessoa que queira conhecer o Teide sob uma nova perspetiva.<\/p>\n<p>Se tamb\u00e9m quiser explorar o parque durante o dia, pode consultar o nosso <a href=\"https:\/\/canaryvip.com\/pt\/shop\/teide-guided-bus-tour\/\">Excurs\u00e3o de autocarro de meio dia ao Teide<\/a>. Esta op\u00e7\u00e3o diurna abrange paisagens vulc\u00e2nicas, miradouros, a aldeia de Vilaflor e os Roques de Garc\u00eda, com um passeio opcional de telef\u00e9rico dispon\u00edvel quando o tempo o permite.<\/p>\n<p>Ao reservar ambas as excurs\u00f5es atrav\u00e9s da CanaryVIP, poder\u00e1 desfrutar de todo o contraste do Teide, desde as suas cores vivas durante o dia at\u00e9 \u00e0s suas tranquilas noites estreladas.<\/p>\n<p>A sua aventura no Teide est\u00e1 pronta quando voc\u00ea estiver.<\/p>","protected":false},"excerpt":{"rendered":"<p><strong>\ud83d\udd0d Teide \u00e0 noite:<\/strong><br \/>\n\u2705 Pagamento seguro.<br \/>\n\ud83d\uddfb Visitar o Parque Nacional de Teide.<br \/>\n\ud83d\udd2d Telesc\u00f3pios profissionais.<br \/>\n\ud83c\udf20 Ver Estrelas e Constela\u00e7\u00f5es.<br \/>\n\ud83c\udf7d\ufe0f Refei\u00e7\u00e3o can\u00e1ria inclu\u00edda.<br \/>\n\ud83e\uddc3 Bebidas inclu\u00eddas.<br \/>\n\ud83d\udcc5 Ter\u00e7a-feira, Quarta-feira, Quinta-feira, Sexta-feira, Domingo.<br \/>\nDura\u00e7\u00e3o Cerca de 6h.<br \/>\n\ud83d\ude8c Recolha e entrega no hotel.<br \/>\n\ud83d\udd04 Cancelamento gratuito de 48 horas.<br \/>\n\ud83e\udd11 Melhor pre\u00e7o garantido.<br \/>\n\ud83c\udf81 Descontos para grupos dispon\u00edveis.<br \/>\n\ud83c\udf0d Guias nas vossas l\u00ednguas.<br \/>\n\ud83c\udf1f Reserve agora e poupe!<\/p>","protected":false},"featured_media":11584,"comment_status":"open","ping_status":"closed","template":"","meta":{"_acf_changed":false},"product_brand":[],"product_cat":[52],"product_tag":[],"class_list":{"0":"post-11582","1":"product","2":"type-product","3":"status-publish","4":"has-post-thumbnail","6":"product_cat-bus-tours","7":"wcpa_has_options","9":"first","10":"instock","11":"sale","12":"virtual","13":"purchasable","14":"product-type-simple"},"acf":[],"wcpa_form_fields":{"wcpaData":{"product":{"product_price":79,"price_html":"From&nbsp;<del aria-hidden=\"true\"><span class=\"woocommerce-Price-amount amount\"><bdi>89,00&nbsp;<span class=\"woocommerce-Price-currencySymbol\">&euro;<\/span><\/bdi><\/span><\/del> <span class=\"screen-reader-text\">O pre\u00e7o original era: 89,00&nbsp;&euro;.<\/span><ins aria-hidden=\"true\"><span class=\"woocommerce-Price-amount amount\"><bdi>79,00&nbsp;<span class=\"woocommerce-Price-currencySymbol\">&euro;<\/span><\/bdi><\/span><\/ins><span class=\"screen-reader-text\">O pre\u00e7o atual \u00e9: 79,00&nbsp;&euro;.<\/span>","original_product_price":89,"price_including_tax":79,"price_excluding_tax":79,"product_id":{"parent":11582,"variation":false},"is_variable":false,"stock_status":"instock","stock_quantity":null,"parent_sku":"CV11582","product_attributes":[],"custom_fields":[],"is_taxable":false,"product_name":"Star Tour Tenerife:<br\/>Teide by Night + Dinner","hasImage":false},"fields":{"sec_2665e36bde09f4":{"extra":{"key":"sec_2665e36bde09f4","section_id":"sec_2665e36bde09f4","name":"South Tenerife","status":1,"cl_rule":"show","enableCl":false,"relations":[{"operator":false,"rules":[{"operator":"AND","rules":{"cl_field":"radio-group_665df45fcbc30b","cl_relation":"is","cl_val":"Siam Park Regular Tickets"}}]}],"toggle":true,"title_tag":"h4","show_title":false,"showPrice":"default","form_id":11592,"form_rules":{"exclude_from_discount":true,"fee_label":"Fee","disp_hide_options_price":true,"disp_show_section_price":false,"disp_show_field_price":true,"layout_option":"standard","pric_use_as_fee":false,"process_fee_as":"woo_fee"},"layout_option":"standard"},"fields":[[{"label":"\ud83d\udcc5 Date","active":true,"required":true,"elementId":"date_10665e36bde0a12","picker_type":"custom","picker_mode":"single","placeholder":"","description":"","tooltip":"","name":"date_10665e36bde0a12","label_position":"default","desc_position":"default","enablePrice":false,"className":"","enableCl":false,"relations":[{"operator":"and","rules":[{"operator":"AND","rules":{"cl_field":"radio-group_665df45fcbc30b","cl_relation":"is","cl_val":"3 Hour Trip"}}]}],"date_pic_inline":true,"date_pic_inline_hide":true,"min_date":{"type":"days","val":"1"},"max_date":{"type":"days","val":"365"},"date_pic_conf":{"disabledWeeks":[1]},"price":"","cl_rule":"show","col":6,"type":"date","error":false,"enableDesign":false,"LabelColor":"","isWeightTemplate":false,"isTemplate":false,"min_quantity":"1","quantity_decimal":false,"quantity_step":"1","quantity_label":"Quantity","repeater_field_label":"{field_label}","repeater_bind":"","gt_translate_keys":["label","placeholder","description","tooltip","repeater_field_label","quantity_label"],"price_dependency":false,"cl_dependency":false,"value":""}],[{"elementId":"separator_8665e36bde0a21","separatorType":"blank","className":"","height":"10","enableCl":false,"relations":false,"cl_rule":"show","col":6,"type":"separator","gt_translate_keys":[],"price_dependency":false,"cl_dependency":false,"value":""}],[{"active":true,"col":6,"relations":false,"cl_rule":"show","enableCl":false,"price":"","enablePrice":false,"className":"","label_position":"default","desc_position":"default","type":"content","required":false,"elementId":"content_9665e36bde0a2d","label":"People","name":"content_9665e36bde0a2d","contentType":"plain","value":"","error":false,"show_in_checkout":true,"inline":false,"gt_translate_keys":["label","value"],"price_dependency":false,"cl_dependency":false}],[{"active":true,"col":6,"relations":[{"operator":false,"rules":[{"operator":"AND","rules":{"cl_field":"","cl_relation":"","cl_val":""}}]}],"cl_rule":"show","enableCl":true,"price":"79","enablePrice":true,"className":"","label_position":"default","desc_position":"default","type":"radio-group","required":false,"elementId":"radio-group_10665e36bde0a38","label":"","name":"radio-group_10665e36bde0a38","values":[{"label":"\ud83d\udc64 Adult (79\u20ac)","value":"Adult","selected":true,"tempId":"aco_32","tooltip":"+14 Years","description":"","gt_translate_keys":["label","tooltip","description"]}],"layOut":"","error":false,"checkUi":"button","priceOptions":"fixed_for_all","pricingType":"fixed","enable_quantity":true,"quantity_label":"","min_quantity":"0","options_tooltip":true,"options_description":true,"gt_translate_keys":["label","quantity_label"],"price_dependency":false,"cl_dependency":false,"value":""}],[{"label":"","active":true,"required":false,"elementId":"radio-group_10665e36bde0a43","name":"radio-group_10665e36bde0a43","label_position":"default","desc_position":"default","enablePrice":true,"className":"","enableCl":false,"relations":false,"enable_quantity":true,"quantity_label":"","min_quantity":"0","checkUi":"button","layOut":"","values":[{"label":"\ud83d\udc66 Child (49\u20ac)","value":"Child","selected":true,"tempId":"aco_32","tooltip":"4-13 Years","description":"","gt_translate_keys":["label","tooltip","description"]}],"priceOptions":"fixed_for_all","pricingType":"fixed","price":"49","cl_rule":"show","col":6,"type":"radio-group","error":false,"options_tooltip":true,"options_description":true,"gt_translate_keys":["label","quantity_label"],"price_dependency":false,"cl_dependency":false,"value":""}],[{"label":"","active":true,"required":false,"elementId":"radio-group-0497504259","name":"radio-group-0497504259","label_position":"default","desc_position":"default","enablePrice":true,"className":"","enableCl":false,"relations":false,"enable_quantity":true,"quantity_label":"","min_quantity":"0","checkUi":"button","layOut":"","options_tooltip":true,"options_description":true,"values":[{"label":"\ud83d\udc76 Infant (Free)","value":"Infant","selected":true,"tempId":"aco_32","tooltip":"0-3 Years","description":"","gt_translate_keys":["label","tooltip","description"]}],"priceOptions":"fixed_for_all","pricingType":"fixed","price":"0","cl_rule":"show","col":6,"type":"radio-group","error":false,"gt_translate_keys":["label","quantity_label"],"price_dependency":false,"cl_dependency":false,"value":""}],[{"active":true,"col":6,"relations":false,"cl_rule":"show","enableCl":false,"price":"","enablePrice":false,"className":"","label_position":"default","desc_position":"default","type":"select","required":false,"elementId":"select_5665e36bde0a4d","label":"\ud83c\udf0e Language","name":"select_5665e36bde0a4d","values":[{"label":"English","value":"English","selected":false,"tempId":"aco_389","gt_translate_keys":["label"]},{"label":"Spanish","value":"Spanish","selected":false,"tempId":"aco_390","gt_translate_keys":["label"]},{"label":"Deutsch","value":"Deutsch","selected":false,"tempId":"aco_409","gt_translate_keys":["label"]},{"label":"French","value":"French","selected":false,"tempId":"aco_581","gt_translate_keys":["label"]},{"label":"Dutch","value":"Dutch","selected":false,"tempId":"aco_672","gt_translate_keys":["label"]},{"label":"Italian","value":"Italian","selected":false,"tempId":"aco_700","gt_translate_keys":["label"]}],"dropdown_type":"basic","error":false,"isWeightTemplate":false,"isTemplate":false,"min_quantity":"1","quantity_decimal":false,"quantity_step":"1","quantity_label":"Quantity","repeater_field_label":"{field_label}","repeater_bind":"","placeholder":"Select Language","gt_translate_keys":["label","placeholder","repeater_field_label","quantity_label"],"price_dependency":false,"cl_dependency":false,"value":""}],[{"active":true,"col":6,"relations":false,"cl_rule":"show","enableCl":false,"price":"","enablePrice":false,"className":"","label_position":"default","desc_position":"default","type":"separator","required":false,"elementId":"separator_4665e36bde0a57","label":"Separator Field","height":"7","separatorType":"blank","error":false,"gt_translate_keys":["label"],"price_dependency":false,"cl_dependency":false,"value":""}],[{"active":true,"col":6,"relations":false,"cl_rule":"show","enableCl":false,"price":"","enablePrice":false,"className":"","label_position":"default","desc_position":"default","type":"text","subtype":"text","required":false,"elementId":"text_10665e36bde0a60","label":"\ud83d\ude8c Pickup Location","name":"text_10665e36bde0a60","value":"","description":"Included Pick-up service in South Tenerife. Simply provide your address or hotel name.","error":false,"gt_translate_keys":["label","description","value"],"price_dependency":false,"cl_dependency":false}]]}},"config":{"price_override":"always","enable_recaptcha":false,"bind_quantity":false,"quantity_bind_formula":false,"disp_summ_show_option_price":true,"disp_summ_show_product_price":false,"disp_summ_show_total_price":true,"disp_summ_show_fee":true,"disp_summ_show_discount":true,"summary_title":"","options_total_label":"Options Price","total_label":"Total Amount","options_product_label":"Product Price","fee_label":"Fee","discount_label":"Discount","has_price":true,"has_quantity_formula":false},"mc_unit":1,"tax_rate":1,"tax_rate_real":1,"discount":{"percentage":0,"fixed":0},"design":{"conf":{"LabelPosition":"above","DescPosition":"above","UploadField":"custom_1","QuantityFieldStyle":"custom_1"},"css":{"LeftLabelWidth":"120px"}},"formulas":[],"lookuptables":[],"clones":false,"cartKey":false}},"_links":{"self":[{"href":"https:\/\/canaryvip.com\/pt\/wp-json\/wp\/v2\/product\/11582","targetHints":{"allow":["GET"]}}],"collection":[{"href":"https:\/\/canaryvip.com\/pt\/wp-json\/wp\/v2\/product"}],"about":[{"href":"https:\/\/canaryvip.com\/pt\/wp-json\/wp\/v2\/types\/product"}],"replies":[{"embeddable":true,"href":"https:\/\/canaryvip.com\/pt\/wp-json\/wp\/v2\/comments?post=11582"}],"wp:featuredmedia":[{"embeddable":true,"href":"https:\/\/canaryvip.com\/pt\/wp-json\/wp\/v2\/media\/11584"}],"wp:attachment":[{"href":"https:\/\/canaryvip.com\/pt\/wp-json\/wp\/v2\/media?parent=11582"}],"wp:term":[{"taxonomy":"product_brand","embeddable":true,"href":"https:\/\/canaryvip.com\/pt\/wp-json\/wp\/v2\/product_brand?post=11582"},{"taxonomy":"product_cat","embeddable":true,"href":"https:\/\/canaryvip.com\/pt\/wp-json\/wp\/v2\/product_cat?post=11582"},{"taxonomy":"product_tag","embeddable":true,"href":"https:\/\/canaryvip.com\/pt\/wp-json\/wp\/v2\/product_tag?post=11582"}],"curies":[{"name":"wp","href":"https:\/\/api.w.org\/{rel}","templated":true}]}}