{"id":11531,"date":"2024-05-21T11:43:07","date_gmt":"2024-05-21T10:43:07","guid":{"rendered":"https:\/\/canaryvip.com\/?post_type=product&#038;p=11531"},"modified":"2025-06-29T00:06:38","modified_gmt":"2025-06-28T23:06:38","slug":"history-music-tenerife","status":"publish","type":"product","link":"https:\/\/canaryvip.com\/pt\/shop\/history-music-tenerife\/","title":{"rendered":"Hist\u00f3ria, A evolu\u00e7\u00e3o da m\u00fasica:<br\/>Espet\u00e1culo noturno de Tenerife"},"content":{"rendered":"<h2>\ud83c\udfb6 Descobrir a hist\u00f3ria, a evolu\u00e7\u00e3o da m\u00fasica em Tenerife<\/h2>\n<p>Mergulhe numa viagem musical inesquec\u00edvel no \"History: The Evolution of Music Show\" em Tenerife, orgulhosamente apresentado pelo Auditorio Pir\u00e2mide de Arona. Este evento espetacular, dispon\u00edvel atrav\u00e9s do CanaryVIP, apresenta os momentos mais emblem\u00e1ticos da hist\u00f3ria da m\u00fasica, com um conjunto diversificado de 30 artistas talentosos de 15 pa\u00edses diferentes.<\/p>\n<p>Experimente uma noite cativante de m\u00fasica ao vivo, dan\u00e7a vibrante e coreografias deslumbrantes que prestam homenagem a lendas musicais de Mozart a Michael Jackson. Este espet\u00e1culo de 2 horas, com um intervalo de 15 minutos, promete uma noite repleta de ritmos e sons que moldaram o nosso mundo.<\/p>\n<h3>\ud83c\udf1f Uma viagem atrav\u00e9s de eras musicais<\/h3>\n<p><strong>A evolu\u00e7\u00e3o da m\u00fasica:<\/strong> Este espet\u00e1culo leva-o numa viagem hipnotizante atrav\u00e9s do tempo, celebrando as obras de Beethoven, Caruso, Elvis, The Beatles, Queen, ABBA, Pink Floyd, e muitos mais. Desde a Idade M\u00e9dia at\u00e9 aos \u00eaxitos actuais, cada \u00e9poca \u00e9 trazida \u00e0 vida com audiovisuais de cortar a respira\u00e7\u00e3o e figurinos deslumbrantes.<\/p>\n<p><strong>Desempenho din\u00e2mico:<\/strong> Combinando m\u00fasica ao vivo, dan\u00e7a, teatro e acrobacias, o espet\u00e1culo cria uma experi\u00eancia din\u00e2mica e envolvente adequada a todas as idades. Os espect\u00e1culos deslumbrantes e as interpreta\u00e7\u00f5es ao vivo de bandas sonoras famosas e \u00eaxitos da Broadway garantem uma noite memor\u00e1vel para todos os participantes.<\/p>\n<h3>\ud83d\udccd Local e hor\u00e1rio<\/h3>\n<p><strong>Localiza\u00e7\u00e3o:<\/strong> O espet\u00e1culo realiza-se no elegante <a href=\"https:\/\/www.google.com\/maps\/place\/Pir%C3%A1mide+de+Arona\/@28.05472,-16.7337319,17z\/data=!3m1!4b1!4m6!3m5!1s0xc6a977926d44d3d:0x16c097dc6a370b29!8m2!3d28.05472!4d-16.731157!16s%2Fg%2F1vyxknvw?entry=tts&amp;g_ep=EgoyMDI0MDUxOC4wKgBIAVAD\" target=\"_blank\" rel=\"noopener\">Audit\u00f3rio Pir\u00e1mide de Arona<\/a>O hotel est\u00e1 localizado em Playa de las Am\u00e9ricas, Tenerife. Est\u00e1 dispon\u00edvel um amplo parque de estacionamento subterr\u00e2neo no Centro Comercial Oasis, mesmo em frente ao local.<\/p>\n<p><strong>Hor\u00e1rio:<\/strong> O espet\u00e1culo \u00e9 apresentado todos os s\u00e1bados, com abertura de portas \u00e0s 20:00 e in\u00edcio do espet\u00e1culo \u00e0s 21:00. Os lugares n\u00e3o s\u00e3o atribu\u00eddos, por isso \u00e9 o primeiro a chegar, primeiro a ser servido.<\/p>\n<h3>\ud83c\udf9f\ufe0f Op\u00e7\u00f5es de bilhetes e pre\u00e7os<\/h3>\n<p>Na CanaryVIP, oferecemos bilhetes para o \"History: The Evolution of Music Show\" com a garantia do melhor pre\u00e7o. O pre\u00e7o dos bilhetes \u00e9 de 49 euros por pessoa. Aproveite os descontos para grupos para uma experi\u00eancia mais acess\u00edvel, tornando-a perfeita para fam\u00edlias, amigos e ocasi\u00f5es especiais. Reserve agora para garantir o seu lugar para uma noite inesquec\u00edvel.<\/p>\n<h3>Pol\u00edtica de reserva e cancelamento flex\u00edvel<\/h3>\n<p><strong>Cancelamentos gratuitos:<\/strong> Cancele at\u00e9 24 horas antes do espet\u00e1culo para obter um reembolso total. Se n\u00e3o cancelar ou n\u00e3o comparecer, n\u00e3o ter\u00e1 direito a reembolso.<\/p>\n<p><strong>Espect\u00e1culos privados:<\/strong> Tamb\u00e9m oferecemos a op\u00e7\u00e3o de reservar espect\u00e1culos privados para sa\u00eddas de empresas e eventos especiais. <a href=\"https:\/\/canaryvip.com\/pt\/contact\/\">Contactar-nos<\/a> para obter mais informa\u00e7\u00f5es sobre como organizar um evento personalizado.<\/p>\n<h3>C\u00f3digo de vestu\u00e1rio e informa\u00e7\u00f5es adicionais<\/h3>\n<p><strong>C\u00f3digo de vestu\u00e1rio:<\/strong> Recomenda-se o uso de vestu\u00e1rio casual inteligente para complementar o ambiente elegante. Cal\u00e7as de ganga e uma t-shirt bonita s\u00e3o aceit\u00e1veis, mas o vestu\u00e1rio desportivo e os cal\u00e7\u00f5es s\u00e3o desaconselhados para manter o ambiente sofisticado do espet\u00e1culo.<\/p>\n<p><strong>Entrada do espet\u00e1culo:<\/strong> Para um acesso conveniente ao \"History: The Evolution of Music Show\", por favor, use a entrada designada localizada no lado esquerdo da entrada principal do hotel. Esta entrada \u00e9 reservada especificamente para os participantes do espet\u00e1culo, garantindo uma entrada tranquila e sem problemas no local.<\/p>\n<h3>Junte-se a n\u00f3s para uma noite inesquec\u00edvel<\/h3>\n<p>Viva a magia do \"History: O espet\u00e1culo da evolu\u00e7\u00e3o da m\u00fasica\" com o CanaryVIP. Deixe-nos lev\u00e1-lo numa viagem atrav\u00e9s da rica hist\u00f3ria da m\u00fasica, com actua\u00e7\u00f5es ao vivo que ir\u00e3o encantar e inspirar.<\/p>\n<p>Garanta j\u00e1 os seus bilhetes para uma noite de eleg\u00e2ncia, entretenimento e imers\u00e3o cultural no cora\u00e7\u00e3o de Tenerife.<\/p>\n<p>Reserve hoje os seus bilhetes para este espet\u00e1culo noturno imperd\u00edvel em Tenerife! \ud83c\udf1f\ud83c\udfb6<\/p>","protected":false},"excerpt":{"rendered":"<p><strong>\ud83d\udd0d Programa de m\u00fasica \"History\":<\/strong><br \/>\n\u2705 Pagamento seguro.<br \/>\n\ud83c\udfa4 Espet\u00e1culo de m\u00fasica.<br \/>\n\ud83c\udfb6 +30 Artistas Talentosos.<br \/>\n\ud83d\udcc6 Todos os s\u00e1bados.<br \/>\n\u23f0 A porta abre \u00e0s 20:00.<br \/>\n\ud83d\udd58 O espet\u00e1culo come\u00e7a \u00e0s 21:00.<br \/>\n\u23f3 Dura\u00e7\u00e3o \u2248 2:15h<br \/>\n\ud83c\udf0d Anfitri\u00e3o ingl\u00eas.<br \/>\n\ud83d\ude80 Novo espet\u00e1culo em Tenerife!<br \/>\n\ud83e\udd11 Melhor pre\u00e7o garantido.<br \/>\n\ud83d\udc6a Descontos para grupos.<br \/>\n\ud83d\udd01 Cancelamento gratuito at\u00e9 24h.<br \/>\n\ud83d\udccd Local em <a href=\"https:\/\/www.google.com\/maps\/place\/Pir%C3%A1mide+de+Arona\/@28.05472,-16.7337319,17z\/data=!3m1!4b1!4m6!3m5!1s0xc6a977926d44d3d:0x16c097dc6a370b29!8m2!3d28.05472!4d-16.731157!16s%2Fg%2F1vyxknvw?entry=tts&amp;g_ep=EgoyMDI0MDUxOC4wKgBIAVAD\">Pir\u00e1mide de Arona.<\/a><\/p>","protected":false},"featured_media":11532,"comment_status":"open","ping_status":"closed","template":"","meta":{"_acf_changed":false},"product_brand":[],"product_cat":[59],"product_tag":[],"class_list":{"0":"post-11531","1":"product","2":"type-product","3":"status-publish","4":"has-post-thumbnail","6":"product_cat-evening-shows","7":"wcpa_has_options","9":"first","10":"instock","11":"virtual","12":"purchasable","13":"product-type-simple"},"acf":[],"wcpa_form_fields":{"wcpaData":{"product":{"product_price":49,"price_html":"From&nbsp;<span class=\"woocommerce-Price-amount amount\"><bdi>49,00&nbsp;<span class=\"woocommerce-Price-currencySymbol\">&euro;<\/span><\/bdi><\/span>","original_product_price":49,"price_including_tax":49,"price_excluding_tax":49,"product_id":{"parent":11531,"variation":false},"is_variable":false,"stock_status":"instock","stock_quantity":null,"parent_sku":"CV11531","product_attributes":[],"custom_fields":[],"is_taxable":false,"product_name":"History, The Evolution of Music:<br\/>Tenerife Night Show","hasImage":false},"fields":{"sec_10664c7e1fdf7bf":{"extra":{"key":"sec_10664c7e1fdf7bf","section_id":"sec_10664c7e1fdf7bf","name":"Tickets","status":1,"cl_rule":"show","enableCl":false,"relations":[{"operator":false,"rules":[{"operator":"AND","rules":{"cl_field":"radio-group_5664c7e1fdf7be","cl_relation":"is","cl_val":"Gold Entrance"}}]}],"toggle":true,"title_tag":"h4","show_title":false,"showPrice":"default","form_id":11537,"form_rules":{"exclude_from_discount":true,"fee_label":"Fee","disp_hide_options_price":true,"disp_show_section_price":false,"disp_show_field_price":true,"layout_option":"standard","pric_use_as_fee":false,"process_fee_as":"woo_fee"},"layout_option":"standard"},"fields":[[{"label":"\ud83d\udcc5 Date","active":true,"required":true,"elementId":"date_7664c7e1fdf7ad","picker_type":"custom","picker_mode":"single","placeholder":"","description":"","tooltip":"","name":"date_7664c7e1fdf7ad","label_position":"default","desc_position":"default","enablePrice":false,"className":"","enableCl":false,"relations":[{"operator":"and","rules":[{"operator":"AND","rules":{"cl_field":"radio-group_5664c7e1fdf7be","cl_relation":"is_not_empty","cl_val":"3 Hour Trip"}}]}],"date_pic_inline":true,"date_pic_inline_hide":true,"min_date":{"type":"days","val":"0"},"max_date":{"type":"days","val":"365"},"date_pic_conf":{"disabledWeeks":[0,1,2,3,4,5],"disabledDates":["2025-09-20","2025-09-29","2025-10-04","2025-11-13 to 2025-12-13","2026-09-26","2026-10-10","2026-10-17"]},"price":"","cl_rule":"show","col":6,"type":"date","error":false,"enableDesign":false,"LabelColor":"","date_conf_custom":{"minDate":"let d = new Date();\nif (d.getHours() >= 21) {\n  d.setDate(d.getDate() + 1);\n} else {\n  d.setDate(d.getDate() + 0);\n}\nreturn d;"},"isWeightTemplate":false,"isTemplate":false,"min_quantity":"1","quantity_decimal":false,"quantity_step":"1","quantity_label":"Quantity","repeater_field_label":"{field_label}","repeater_bind":"","gt_translate_keys":["label","placeholder","description","tooltip","repeater_field_label","quantity_label"],"price_dependency":false,"cl_dependency":false,"value":""}],[{"active":true,"col":6,"relations":false,"cl_rule":"show","enableCl":false,"price":"","enablePrice":false,"className":"","label_position":"default","desc_position":"default","type":"separator","required":false,"elementId":"separator_7664c7e1fdf7cc","label":"Separator Field","height":"8","separatorType":"blank","error":false,"gt_translate_keys":["label"],"price_dependency":false,"cl_dependency":false,"value":""}],[{"active":true,"col":6,"relations":false,"cl_rule":"show","enableCl":false,"price":"","enablePrice":false,"className":"","label_position":"default","desc_position":"default","type":"content","required":false,"elementId":"content_1664c7e1fdf7d8","label":"People","name":"content_1664c7e1fdf7d8","contentType":"plain","value":"","error":false,"show_in_checkout":true,"inline":false,"gt_translate_keys":["label","value"],"price_dependency":false,"cl_dependency":false}],[{"active":true,"col":6,"relations":[{"operator":false,"rules":[{"operator":"AND","rules":{"cl_field":"","cl_relation":"","cl_val":""}}]}],"cl_rule":"show","enableCl":true,"price":"49","enablePrice":true,"className":"","label_position":"default","desc_position":"default","type":"radio-group","required":false,"elementId":"radio-group_9664c7e1fdf7e3","label":"","name":"radio-group_9664c7e1fdf7e3","values":[{"label":"\ud83d\udc64 Adult (49\u20ac)","value":"Adult (49\u20ac)","selected":true,"tempId":"aco_32","tooltip":"+16 Years","description":"","gt_translate_keys":["label","tooltip","description"]}],"layOut":"","error":false,"checkUi":"button","priceOptions":"fixed_for_all","pricingType":"fixed","enable_quantity":true,"quantity_label":"","min_quantity":"0","options_tooltip":true,"options_description":true,"gt_translate_keys":["label","quantity_label"],"price_dependency":false,"cl_dependency":false,"value":""}],[{"label":"","active":true,"required":false,"elementId":"radio-group_3664c7e1fdf7ef","name":"radio-group_3664c7e1fdf7ef","label_position":"default","desc_position":"default","enablePrice":true,"className":"","enableCl":true,"relations":[{"operator":false,"rules":[{"operator":"AND","rules":{"cl_field":"","cl_relation":"","cl_val":""}}]}],"enable_quantity":true,"quantity_label":"","min_quantity":"0","checkUi":"button","layOut":"","options_tooltip":true,"options_description":true,"values":[{"label":"\ud83d\udc66 Child (25\u20ac)","value":"Child","selected":true,"tempId":"aco_32","tooltip":"5-15 Years","description":"","gt_translate_keys":["label","tooltip","description"]}],"priceOptions":"fixed_for_all","pricingType":"fixed","price":"25","cl_rule":"show","col":6,"type":"radio-group","error":false,"gt_translate_keys":["label","quantity_label"],"price_dependency":false,"cl_dependency":false,"value":""}],[{"label":"","active":true,"required":false,"elementId":"radio-group-9164063374","name":"radio-group-9164063374","label_position":"default","desc_position":"default","enablePrice":true,"className":"","enableCl":true,"relations":[{"operator":false,"rules":[{"operator":"AND","rules":{"cl_field":"","cl_relation":"","cl_val":""}}]}],"enable_quantity":true,"quantity_label":"","min_quantity":"0","checkUi":"button","layOut":"","options_tooltip":true,"options_description":true,"values":[{"label":"\ud83d\udc76 Toddler (Free)","value":"Toddler","selected":true,"tempId":"aco_32","tooltip":"0-4 Years","description":"","gt_translate_keys":["label","tooltip","description"]}],"priceOptions":"fixed_for_all","pricingType":"fixed","price":"0","cl_rule":"show","col":6,"type":"radio-group","error":false,"gt_translate_keys":["label","quantity_label"],"price_dependency":false,"cl_dependency":false,"value":""}]]}},"config":{"price_override":"always","enable_recaptcha":false,"bind_quantity":false,"quantity_bind_formula":false,"disp_summ_show_option_price":true,"disp_summ_show_product_price":false,"disp_summ_show_total_price":true,"disp_summ_show_fee":true,"disp_summ_show_discount":true,"summary_title":"","options_total_label":"Options Price","total_label":"Total Amount","options_product_label":"Product Price","fee_label":"Fee","discount_label":"Discount","has_price":true,"has_quantity_formula":false},"mc_unit":1,"tax_rate":1,"tax_rate_real":1,"discount":{"percentage":0,"fixed":0},"design":{"conf":{"LabelPosition":"above","DescPosition":"above","UploadField":"custom_1","QuantityFieldStyle":"custom_1"},"css":{"LeftLabelWidth":"120px"}},"formulas":[],"lookuptables":[],"clones":false,"cartKey":false}},"_links":{"self":[{"href":"https:\/\/canaryvip.com\/pt\/wp-json\/wp\/v2\/product\/11531","targetHints":{"allow":["GET"]}}],"collection":[{"href":"https:\/\/canaryvip.com\/pt\/wp-json\/wp\/v2\/product"}],"about":[{"href":"https:\/\/canaryvip.com\/pt\/wp-json\/wp\/v2\/types\/product"}],"replies":[{"embeddable":true,"href":"https:\/\/canaryvip.com\/pt\/wp-json\/wp\/v2\/comments?post=11531"}],"wp:featuredmedia":[{"embeddable":true,"href":"https:\/\/canaryvip.com\/pt\/wp-json\/wp\/v2\/media\/11532"}],"wp:attachment":[{"href":"https:\/\/canaryvip.com\/pt\/wp-json\/wp\/v2\/media?parent=11531"}],"wp:term":[{"taxonomy":"product_brand","embeddable":true,"href":"https:\/\/canaryvip.com\/pt\/wp-json\/wp\/v2\/product_brand?post=11531"},{"taxonomy":"product_cat","embeddable":true,"href":"https:\/\/canaryvip.com\/pt\/wp-json\/wp\/v2\/product_cat?post=11531"},{"taxonomy":"product_tag","embeddable":true,"href":"https:\/\/canaryvip.com\/pt\/wp-json\/wp\/v2\/product_tag?post=11531"}],"curies":[{"name":"wp","href":"https:\/\/api.w.org\/{rel}","templated":true}]}}