{"id":11493,"date":"2024-05-14T14:46:09","date_gmt":"2024-05-14T13:46:09","guid":{"rendered":"https:\/\/canaryvip.com\/?post_type=product&#038;p=11493"},"modified":"2025-08-09T14:10:34","modified_gmt":"2025-08-09T13:10:34","slug":"scuba-diving-open-water-course-tenerife","status":"publish","type":"product","link":"https:\/\/canaryvip.com\/pt\/shop\/scuba-diving-open-water-course-tenerife\/","title":{"rendered":"Mergulho PADI: Curso Open Water Tenerife"},"content":{"rendered":"<h2><strong>\ud83e\udd3f Curso de mergulho em \u00e1guas abertas PADI Tenerife<\/strong><\/h2>\n<p>Descubra a derradeira experi\u00eancia de mergulho com o nosso Curso PADI Scuba Diving Open Water em Tenerife. Obtenha a sua licen\u00e7a de mergulho e explore as maravilhas do mundo subaqu\u00e1tico de Tenerife. Os nossos cursos foram concebidos para o preparar para mergulhar em quaisquer condi\u00e7\u00f5es, tornando Tenerife o local perfeito para come\u00e7ar a sua viagem de mergulho.<\/p>\n<h3><strong>\u23f1\ufe0f Curso de Mergulho PADI Open Water: N\u00e3o precisa de experi\u00eancia!<\/strong><\/h3>\n<ul>\n<li><strong>Certifica\u00e7\u00e3o:<\/strong> Obtenha o seu certificado PADI Open Water em Tenerife, permitindo-lhe mergulhar em qualquer parte do mundo, incluindo outros pa\u00edses.<\/li>\n<li><strong>Localiza\u00e7\u00e3o:<\/strong> Os nossos cursos s\u00e3o realizados numa escola de mergulho profissional em Los Cristianos.<\/li>\n<li><strong>Dura\u00e7\u00e3o:<\/strong> O curso tem a dura\u00e7\u00e3o de 2-3 dias, incluindo 4 mergulhos e aulas te\u00f3ricas completas.<\/li>\n<\/ul>\n<h3><strong>\ud83c\udf0a Aulas de mergulho completas em Tenerife<\/strong><\/h3>\n<ul>\n<li><strong>Forma\u00e7\u00e3o:<\/strong> Aprenda a mergulhar com um instrutor PADI altamente treinado, mergulhando at\u00e9 uma profundidade m\u00e1xima de 18 metros. Experimente o mundo subaqu\u00e1tico como nunca antes, compreendendo as correntes oce\u00e2nicas, a vida marinha e as leis subaqu\u00e1ticas.<\/li>\n<li><strong>Curso para crian\u00e7as:<\/strong> Os jovens mergulhadores com idades compreendidas entre os 10 e os 14 anos tamb\u00e9m podem obter o seu certificado Junior PADI Open Water, com mergulhos at\u00e9 12 metros.<\/li>\n<li>Equipamento completo inclu\u00eddo.<\/li>\n<\/ul>\n<h3><strong>\ud83d\udc22 Condi\u00e7\u00f5es de mergulho em Tenerife<\/strong><\/h3>\n<ul>\n<li><strong>Temperatura da \u00e1gua:<\/strong> Desfrute de condi\u00e7\u00f5es de mergulho confort\u00e1veis durante todo o ano, com temperaturas que variam entre 18-25\u00b0C (64-77\u00b0F).<\/li>\n<li><strong>Visibilidade:<\/strong> Experimente a visibilidade subaqu\u00e1tica de 15-30 metros, ideal para observar a vida marinha diversificada, como raias, tartarugas, polvos e muito mais.<\/li>\n<li><strong>Localiza\u00e7\u00e3o conveniente:<\/strong> A escola de mergulho est\u00e1 localizada em Los Cristianos, com f\u00e1cil acesso aos principais locais de mergulho e servi\u00e7o de recolha opcional no sul de Tenerife.<\/li>\n<\/ul>\n<h3><strong>O que est\u00e1 inclu\u00eddo no seu curso PADI em Tenerife?<\/strong><\/h3>\n<ul>\n<li>Servi\u00e7o opcional de recolha e entrega.<\/li>\n<li>Aulas de mergulho guiadas por instrutores experientes.<\/li>\n<li>Cacifos para os objectos pessoais.<\/li>\n<li>20-45 minutos de mergulho por sess\u00e3o.<\/li>\n<li>Guias multilingues para uma instru\u00e7\u00e3o clara.<\/li>\n<\/ul>\n<h3><strong>\u2696\ufe0f Pol\u00edtica de reserva e cancelamento para mergulho em Tenerife<\/strong><\/h3>\n<ul>\n<li><strong>Cancelamentos flex\u00edveis:<\/strong> Cancele at\u00e9 48 horas antes do seu mergulho para um reembolso total. Compreendemos que os planos podem mudar.<\/li>\n<li><strong>Depende do tempo:<\/strong> Em caso de mau tempo, pode remarcar ou receber um reembolso total. Inform\u00e1-lo-emos com, pelo menos, uma hora de anteced\u00eancia.<\/li>\n<li><strong>Requisitos m\u00e9dicos:<\/strong> Antes de mergulhar, deve ser preenchido um formul\u00e1rio m\u00e9dico para garantir que est\u00e1 apto para mergulhar.<\/li>\n<\/ul>\n<h3><strong>\ud83c\udf92 Preparar a sua aventura de mergulho<\/strong><\/h3>\n<ul>\n<li><strong>O que trazer:<\/strong> Fato de banho, chinelos de dedo, toalha e o seu bilhete CanaryVIP (impresso ou no telem\u00f3vel).<\/li>\n<li><strong>Sa\u00fade e seguran\u00e7a:<\/strong> O mergulho n\u00e3o \u00e9 recomendado para gr\u00e1vidas com mais de 5 meses. Os participantes devem sentir-se \u00e0 vontade na \u00e1gua e saber nadar.<\/li>\n<li><strong>Equipamento:<\/strong> Todo o equipamento de mergulho necess\u00e1rio \u00e9 fornecido. Se trouxer o seu equipamento pessoal, pode aumentar o seu conforto.<\/li>\n<\/ul>\n<h3>\u2753 <strong>FAQs: Respostas \u00e0s suas perguntas sobre mergulho<\/strong><\/h3>\n<ul>\n<li><strong>\u00c9 necess\u00e1rio ter experi\u00eancia pr\u00e9via de mergulho?<\/strong> N\u00e3o, os nossos cursos s\u00e3o concebidos para principiantes. Basta estar preparado para uma emocionante aventura subaqu\u00e1tica.<\/li>\n<li><strong>O que \u00e9 que devo vestir?<\/strong> Fornecemos todo o equipamento de seguran\u00e7a e de mergulho necess\u00e1rio.<\/li>\n<li><strong>Existem restri\u00e7\u00f5es de idade?<\/strong> Adequado para idades a partir dos 10 anos. As crian\u00e7as dos 10 aos 14 anos podem inscrever-se no curso Junior Open Water.<\/li>\n<li><strong>E se eu n\u00e3o vir tartarugas ou raias?<\/strong> Embora os avistamentos sejam comuns, n\u00e3o podem ser garantidos, pois dependem da natureza.<\/li>\n<\/ul>\n<h3><strong>\ud83d\udcc5 Detalhes do curso<\/strong><\/h3>\n<ul>\n<li><strong>Dura\u00e7\u00e3o:<\/strong> O curso tem a dura\u00e7\u00e3o de 2-3 dias, com 4 mergulhos e aulas te\u00f3ricas.<\/li>\n<li><strong>Idade m\u00ednima:<\/strong> 10 anos. Os mergulhadores juniores (10-14 anos) s\u00e3o certificados para mergulhar at\u00e9 12 metros.<\/li>\n<li><strong>Certifica\u00e7\u00e3o:<\/strong> Ap\u00f3s a conclus\u00e3o, receber\u00e1 um certificado PADI Open Water Diver, que lhe permitir\u00e1 mergulhar at\u00e9 18 metros em qualquer parte do mundo, sempre com um parceiro.<\/li>\n<li><strong>Estrutura do curso:<\/strong>\n<ul>\n<li><strong>Teoria:<\/strong> Aprenda sobre equipamento, seguran\u00e7a e navega\u00e7\u00e3o subaqu\u00e1tica, que pode ser completada online antes do in\u00edcio do curso.<\/li>\n<li><strong>Exerc\u00edcios pr\u00e1ticos:<\/strong> Ganhe confian\u00e7a com o seu equipamento atrav\u00e9s de exerc\u00edcios subaqu\u00e1ticos e de superf\u00edcie.<\/li>\n<li><strong>Mergulhos:<\/strong> Completar 4 mergulhos - 2 at\u00e9 12 metros e 2 at\u00e9 18 metros, praticando os conhecimentos adquiridos nas sess\u00f5es te\u00f3ricas e pr\u00e1ticas.<\/li>\n<\/ul>\n<\/li>\n<li><strong>Equipamento:<\/strong> Todo o material necess\u00e1rio est\u00e1 inclu\u00eddo no pre\u00e7o do curso.<\/li>\n<li><strong>Certifica\u00e7\u00e3o para juniores:<\/strong> As crian\u00e7as dos 10 aos 14 anos recebem uma certifica\u00e7\u00e3o Junior Open Water Diver, que permite mergulhos at\u00e9 12 metros.<\/li>\n<\/ul>\n<h4><strong>Pronto para mergulhar?<\/strong><\/h4>\n<p>Embarque numa inesquec\u00edvel viagem PADI <a href=\"https:\/\/canaryvip.com\/pt\/shop\/scuba-diving-tenerife\/\">Mergulho<\/a> Curso Open Water em Tenerife. Quer esteja a mergulhar em Los Cristianos, a observar tartarugas ou a explorar a vibrante vida marinha, a sua aventura com o CanaryVIP promete emo\u00e7\u00e3o e mem\u00f3rias duradouras.<\/p>\n<p>Reserve seu lugar hoje e mergulhe nas maravilhas do oceano com CanaryVIP! \ud83e\udd3f\ud83d\udc22\ud83c\udf0a<\/p>","protected":false},"excerpt":{"rendered":"<p><strong>\ud83d\udd0d Curso PADI em Tenerife:<\/strong><br \/>\n\u2705 Pagamento seguro.<br \/>\n\ud83c\udfab Obter o certificado PADI.<br \/>\n\ud83d\udc20 Avistamentos de vida marinha.<br \/>\n\ud83d\ude80 2-3 dias Dura\u00e7\u00e3o do curso.<br \/>\n\ud83e\udd3f Equipamento fornecido.<br \/>\n\ud83d\udd59 Partida de manh\u00e3.<br \/>\n\ud83d\udcc5 Dispon\u00edvel diariamente.<br \/>\n\ud83d\ude0e N\u00e3o \u00e9 necess\u00e1rio ter experi\u00eancia de mergulho.<br \/>\n\ud83c\udfca\ud83c\udffc Nata\u00e7\u00e3o b\u00e1sica necess\u00e1ria.<br \/>\n\ud83e\udd11 Melhor pre\u00e7o garantido.<br \/>\n\ud83d\ude8d Servi\u00e7o de transporte opcional.<br \/>\n\ud83d\udc6a Descontos para grupos.<br \/>\n\ud83d\udd01 48 Pol\u00edtica de cancelamento.<br \/>\n\ud83c\udf0d Guias em ingl\u00eas e espanhol.<br \/>\n\ud83c\udf1f Reserve com anteced\u00eancia e poupe.<br \/>\n\ud83d\udccd Partida de\u00a0<a href=\"https:\/\/maps.app.goo.gl\/g9c9rZaJv7igjr3t8\">Los Cristianos<\/a>.<\/p>","protected":false},"featured_media":11503,"comment_status":"open","ping_status":"closed","template":"","meta":{"_acf_changed":false},"product_brand":[],"product_cat":[53],"product_tag":[],"class_list":{"0":"post-11493","1":"product","2":"type-product","3":"status-publish","4":"has-post-thumbnail","6":"product_cat-water-sports","7":"wcpa_has_options","9":"first","10":"instock","11":"virtual","12":"purchasable","13":"product-type-simple"},"acf":[],"wcpa_form_fields":{"wcpaData":{"product":{"product_price":370,"price_html":"From&nbsp;<span class=\"woocommerce-Price-amount amount\"><bdi>370,00&nbsp;<span class=\"woocommerce-Price-currencySymbol\">&euro;<\/span><\/bdi><\/span>","original_product_price":370,"price_including_tax":370,"price_excluding_tax":370,"product_id":{"parent":11493,"variation":false},"is_variable":false,"stock_status":"instock","stock_quantity":null,"parent_sku":"CV11493","product_attributes":[],"custom_fields":[],"is_taxable":false,"product_name":"PADI Scuba Diving: Open Water Course Tenerife","hasImage":false},"fields":{"sec_46644afc54864b":{"extra":{"key":"sec_46644afc54864b","section_id":"sec_46644afc54864b","name":"Default","status":1,"cl_rule":"show","enableCl":false,"relations":[],"toggle":true,"title_tag":"h3","show_title":false,"showPrice":"default","form_id":11507,"form_rules":{"exclude_from_discount":true,"fee_label":"Fee","disp_hide_options_price":true,"disp_show_section_price":false,"disp_show_field_price":true,"layout_option":"standard","pric_use_as_fee":false,"process_fee_as":"woo_fee"},"layout_option":"standard"},"fields":[[{"label":"\ud83d\udcc5 Date","active":true,"required":true,"elementId":"date_96644afc54866b","picker_type":"custom","picker_mode":"single","placeholder":"","description":"","tooltip":"","name":"date_96644afc54866b","label_position":"default","desc_position":"default","enablePrice":false,"className":"","enableCl":false,"relations":[{"operator":"and","rules":[{"operator":"AND","rules":{"cl_field":"radio-group_4664295c2b9c39","cl_relation":"is","cl_val":"3 Hour Trip"}}]}],"date_pic_inline":true,"date_pic_inline_hide":true,"min_date":{"type":"days","val":"1"},"max_date":{"type":"days","val":"365"},"date_pic_conf":{"disabledWeeks":[]},"price":"","cl_rule":"show","col":6,"type":"date","error":false,"enableDesign":false,"LabelColor":"","gt_translate_keys":["label","placeholder","description","tooltip"],"price_dependency":false,"cl_dependency":false,"value":""}],[{"active":true,"col":6,"relations":false,"cl_rule":"show","enableCl":false,"price":"","enablePrice":false,"className":"","label_position":"default","desc_position":"default","type":"separator","required":false,"elementId":"separator_76644afc54867a","label":"Separator Field","height":"2","separatorType":"blank","error":false,"gt_translate_keys":["label"],"price_dependency":false,"cl_dependency":false,"value":""}]]},"sec_06644afc54875a":{"extra":{"key":"sec_06644afc54875a","section_id":"sec_06644afc54875a","name":"Dive with a License","status":1,"cl_rule":"show","enableCl":false,"relations":[{"operator":false,"rules":[{"operator":"AND","rules":{"cl_field":"radio-group_26644afc548687","cl_relation":"is","cl_val":"Dive with a License"}}]}],"toggle":true,"title_tag":"h4","show_title":false,"showPrice":"default","form_id":11507,"form_rules":{"exclude_from_discount":true,"fee_label":"Fee","disp_hide_options_price":true,"disp_show_section_price":false,"disp_show_field_price":true,"layout_option":"standard","pric_use_as_fee":false,"process_fee_as":"woo_fee"},"layout_option":"standard"},"fields":[[{"contentType":"rich","active":true,"label":"","elementId":"content_46644afc54876d","value":"<p>\ud83c\udf9f\ufe0f <strong>Reservation<\/strong>: Pay only a deposit now to reserve; the rest is due on the day of the activity upon arrival.<\/p>","inline":true,"show_in_checkout":true,"name":"content_46644afc54876d","enablePrice":false,"className":"","subtype":"div","enableCl":false,"relations":false,"price":"","cl_rule":"show","col":6,"type":"content","gt_translate_keys":["label","value"],"price_dependency":false,"cl_dependency":false}],[{"active":true,"col":6,"relations":false,"cl_rule":"show","enableCl":false,"price":"","enablePrice":true,"className":"","label_position":"default","desc_position":"default","type":"select","required":false,"elementId":"select_96644afc548776","label":"\ud83e\udeaa PADI Open Water Course","name":"select_96644afc548776","values":[{"label":"1 Person (370\u20ac)","value":"1","selected":false,"tempId":"aco_6352","price":"370","gt_translate_keys":["label"]},{"label":"2 People (740\u20ac)","value":"2","selected":false,"tempId":"aco_6353","price":"740","gt_translate_keys":["label"]},{"label":"3 People (1.110\u20ac)","value":"3","selected":false,"tempId":"aco_6354","price":"1110","gt_translate_keys":["label"]},{"label":"4 People (1.480\u20ac)","value":"4","selected":false,"tempId":"aco_922","price":"1480","gt_translate_keys":["label"]}],"dropdown_type":"basic","error":false,"priceOptions":"different_for_all","pricingType":"fixed","placeholder":"Select Amount of People","is_show_price":true,"gt_translate_keys":["label","placeholder"],"price_dependency":["content_106644afc548789","content_46644afc548793","content_76644afc54879c"],"cl_dependency":false,"value":""}],[{"elementId":"separator_106644afc548780","separatorType":"fill","separatorColor":"#66a6b6","className":"","height":"6","enableCl":false,"relations":false,"cl_rule":"show","col":6,"type":"separator","gt_translate_keys":[],"price_dependency":false,"cl_dependency":false,"value":""}],[{"contentType":"plain","active":true,"label":"Deposit Now","elementId":"content_106644afc548789","value":"","inline":true,"show_in_checkout":true,"name":"content_106644afc548789","enablePrice":true,"className":"","fee_label":"","subtype":"div","enableCl":false,"relations":false,"scrollBar":false,"enableDesign":true,"LabelColor":"","LabelSize":"14px","pricingType":"custom","isTemplate":false,"price":"{field.select_96644afc548776.price}*0.1581081","use_as_fee":false,"is_show_price":false,"cl_rule":"show","col":6,"type":"content","error":false,"formulaId":"fmla_1715641843927697789","gt_translate_keys":["label","value"],"price_dependency":false,"cl_dependency":false}],[{"contentType":"plain","active":true,"label":"Payment at Arrival","elementId":"content_46644afc548793","value":"","inline":true,"show_in_checkout":true,"name":"content_46644afc548793","enablePrice":true,"className":"","fee_label":"","subtype":"div","enableCl":false,"relations":[{"operator":false,"rules":[{"operator":"AND","rules":{"cl_field":"content_86644afc5486bd","cl_relation":"is_not_empty","cl_val":""}}]}],"scrollBar":false,"enableDesign":true,"LabelColor":"","LabelSize":"14px","pricingType":"custom","isTemplate":false,"price":"{field.select_96644afc548776.price}*0.8418919","use_as_fee":false,"is_show_price":true,"cl_rule":"disable","col":6,"type":"content","error":false,"formulaId":"fmla_1715642020961697970","gt_translate_keys":["label","value"],"price_dependency":false,"cl_dependency":false}],[{"contentType":"plain","active":true,"label":"Total Amount","elementId":"content_76644afc54879c","value":"","inline":true,"show_in_checkout":true,"name":"content_76644afc54879c","enablePrice":true,"className":"","fee_label":"","subtype":"div","enableCl":false,"relations":[{"operator":false,"rules":[{"operator":"AND","rules":{"cl_field":"content_86644afc5486bd","cl_relation":"is_not_empty","cl_val":""}}]}],"scrollBar":false,"enableDesign":true,"LabelColor":"","LabelSize":"14px","pricingType":"custom","isTemplate":false,"price":"{field.select_96644afc548776.price}","use_as_fee":false,"is_show_price":true,"cl_rule":"disable","col":6,"type":"content","error":false,"gt_translate_keys":["label","value"],"price_dependency":false,"cl_dependency":false}]]},"sec_16644afc54879d":{"extra":{"key":"sec_16644afc54879d","section_id":"sec_16644afc54879d","name":"Pickup Location","status":1,"cl_rule":"show","enableCl":false,"relations":[],"toggle":true,"title_tag":"h4","show_title":false,"showPrice":"default","form_id":11507,"form_rules":{"exclude_from_discount":true,"fee_label":"Fee","disp_hide_options_price":true,"disp_show_section_price":false,"disp_show_field_price":true,"layout_option":"standard","pric_use_as_fee":false,"process_fee_as":"woo_fee"},"layout_option":"standard"},"fields":[[{"active":true,"col":6,"relations":[{"operator":false,"rules":[{"operator":"AND","rules":{"cl_field":"radio-group_4664295c2b9c39","cl_relation":"is","cl_val":"3 Hour Trip"}}]}],"cl_rule":"show","enableCl":false,"price":"","enablePrice":false,"className":"","label_position":"default","desc_position":"default","type":"select","required":true,"elementId":"select_106644afc5487a6","label":"\u23f0 Departure Time","name":"select_106644afc5487a6","values":[{"label":"9:00 AM","value":"9:00","selected":true,"tempId":"aco_1450","gt_translate_keys":["label"]}],"dropdown_type":"basic","error":false,"placeholder":"","gt_translate_keys":["label","placeholder"],"price_dependency":false,"cl_dependency":false,"value":""}],[{"active":true,"col":6,"relations":false,"cl_rule":"show","enableCl":false,"price":"","enablePrice":false,"className":"","label_position":"default","desc_position":"default","type":"separator","required":false,"elementId":"separator_46644afc5487b0","label":"Separator Field","height":"1","separatorType":"blank","error":false,"gt_translate_keys":["label"],"price_dependency":false,"cl_dependency":false,"value":""}],[{"active":true,"col":6,"relations":[{"operator":false,"rules":[{"operator":false,"rules":{"cl_field":"radio-group_4664295c2b9c39","cl_relation":"is_not","cl_val":"4.5 Hour Trip from North Tenerife"}}]}],"cl_rule":"show","enableCl":false,"price":"","enablePrice":false,"className":"","label_position":"default","desc_position":"default","type":"text","subtype":"text","required":false,"elementId":"text_66644afc5487b9","label":"\ud83d\ude8c Pickup Location","name":"text_66644afc5487b9","value":"","error":false,"description":"Pick-up service in Tenerife South available for an extra 2\u20ac per person, to be paid on arrival. Please provide your address or hotel name to book the shuttle service; if not needed, leave it blank. | For Callao Salvaje and Palm-Mar, the extra cost is 4\u20ac per person | El M\u00e9dano: 15\u20ac per car | Golf del Sur: 10\u20ac per car.","repeater":false,"repeater_field_label":"{field_label}","repeater_bind":"","gt_translate_keys":["label","description","value","repeater_field_label"],"price_dependency":false,"cl_dependency":false}]]}},"config":{"price_override":"always","enable_recaptcha":false,"bind_quantity":false,"quantity_bind_formula":false,"disp_summ_show_option_price":true,"disp_summ_show_product_price":false,"disp_summ_show_total_price":false,"disp_summ_show_fee":true,"disp_summ_show_discount":true,"summary_title":"","options_total_label":"Options Price","total_label":"Deposit Amount","options_product_label":"Product Price","fee_label":"Fee","discount_label":"Discount","has_price":true,"has_quantity_formula":false},"mc_unit":1,"tax_rate":1,"tax_rate_real":1,"discount":{"percentage":0,"fixed":0},"design":{"conf":{"LabelPosition":"above","DescPosition":"above","UploadField":"custom_1","QuantityFieldStyle":"custom_1"},"css":{"LeftLabelWidth":"120px"}},"formulas":{"fmla_1715641843927697789":"(({field.select_5483136313.value}>=3)?(24):(({field.select_5483136313.value}>=2)?(38):(({field.select_5483136313.value}>=1)?(52):(0))))","fmla_1715642020961697970":"(({field.select_5483136313.value}>=3)?(56):(({field.select_5483136313.value}>=2)?(112):(({field.select_5483136313.value}>=1)?(168):(0))))"},"lookuptables":[],"clones":false,"cartKey":false}},"_links":{"self":[{"href":"https:\/\/canaryvip.com\/pt\/wp-json\/wp\/v2\/product\/11493","targetHints":{"allow":["GET"]}}],"collection":[{"href":"https:\/\/canaryvip.com\/pt\/wp-json\/wp\/v2\/product"}],"about":[{"href":"https:\/\/canaryvip.com\/pt\/wp-json\/wp\/v2\/types\/product"}],"replies":[{"embeddable":true,"href":"https:\/\/canaryvip.com\/pt\/wp-json\/wp\/v2\/comments?post=11493"}],"wp:featuredmedia":[{"embeddable":true,"href":"https:\/\/canaryvip.com\/pt\/wp-json\/wp\/v2\/media\/11503"}],"wp:attachment":[{"href":"https:\/\/canaryvip.com\/pt\/wp-json\/wp\/v2\/media?parent=11493"}],"wp:term":[{"taxonomy":"product_brand","embeddable":true,"href":"https:\/\/canaryvip.com\/pt\/wp-json\/wp\/v2\/product_brand?post=11493"},{"taxonomy":"product_cat","embeddable":true,"href":"https:\/\/canaryvip.com\/pt\/wp-json\/wp\/v2\/product_cat?post=11493"},{"taxonomy":"product_tag","embeddable":true,"href":"https:\/\/canaryvip.com\/pt\/wp-json\/wp\/v2\/product_tag?post=11493"}],"curies":[{"name":"wp","href":"https:\/\/api.w.org\/{rel}","templated":true}]}}