{"id":11456,"date":"2024-05-12T23:05:18","date_gmt":"2024-05-12T22:05:18","guid":{"rendered":"https:\/\/canaryvip.com\/?post_type=product&#038;p=11456"},"modified":"2026-03-05T17:06:36","modified_gmt":"2026-03-05T17:06:36","slug":"party-boat-tenerife","status":"publish","type":"product","link":"https:\/\/canaryvip.com\/pt\/shop\/party-boat-tenerife\/","title":{"rendered":"Utopia Boat Party Tenerife"},"content":{"rendered":"<h2>Barco de festa Tenerife com CanaryVIP<\/h2>\n<p><strong>Experimente uma divers\u00e3o inesquec\u00edvel com o CanaryVIP:<\/strong> Mergulhe numa aventura extraordin\u00e1ria com os nossos bilhetes para o Party Boat Tenerife. Com in\u00edcio em Puerto Col\u00f3n, esta viagem emocionante apresenta m\u00fasica vibrante, sol deslumbrante e uma multid\u00e3o cosmopolita.<\/p>\n<p><strong>CanaryVIP<\/strong> A CanaryVIP oferece bilhetes para as festas de barco mais emocionantes de Tenerife, prometendo uma experi\u00eancia \u00fanica e inesquec\u00edvel, misturando uma emocionante pr\u00e9-festa, um passeio de barco en\u00e9rgico e uma emocionante p\u00f3s-festa.<\/p>\n<p><strong>A melhor experi\u00eancia de festa:<\/strong>\u00a0: Junte-se a n\u00f3s a bordo desta celebra\u00e7\u00e3o sem igual. Uma mistura not\u00e1vel de House, RnB, Hip Hop, DnB, EDM e Reggaeton, tudo isto alimentado por um sistema de som de topo. DJs e MCs profissionais asseguram um entretenimento ininterrupto, fazendo deste barco a derradeira experi\u00eancia de festa em Tenerife.<\/p>\n<h3>\ud83c\udf9f\ufe0f Op\u00e7\u00f5es de bilhetes<\/h3>\n<p>Todos os bilhetes incluem acesso a uma lend\u00e1ria festa de barco de 3 horas com m\u00fasica House, RnB, Hip Hop, DnB, EDM e Reggaeton dos melhores DJs e MCs residentes, um enorme sistema de som Utopia de 15 000 watts e fotografias profissionais gratuitas online. Escolha entre as seguintes op\u00e7\u00f5es de ingressos:<\/p>\n<ul>\n<li><strong>Bilhete b\u00e1sico:<\/strong> Inclui 4 bebidas de uma sele\u00e7\u00e3o de bebidas espirituosas locais (rum, whisky, gin, vodka, licor de coco, amaretto), cerveja Victoria M\u00e1laga ou refrigerantes (cola, laranja, lim\u00e3o, sprite).<\/li>\n<li><strong>Bilhete normal de bar aberto:<\/strong> Inclui um bar aberto ilimitado de 3 horas com cerveja local, bebidas espirituosas e misturas.<\/li>\n<li><strong>Bilhete de Bebidas Premium:<\/strong> Inclui bebidas espirituosas de marca premium ilimitadas, como Absolut Vodka, Bacardi, Havana, Beefeater Gin (normal e rosa), Disaronno, Malibu, Jim Beam, whisky Ballantine's, bem como Red Bull e misturadores premium.<\/li>\n<li><strong>Bilhete VIP:<\/strong> Inclui todas as vantagens Premium, para al\u00e9m de embarque priorit\u00e1rio e acesso exclusivo a uma \u00e1rea VIP privada e a um bar a bordo.<\/li>\n<\/ul>\n<h3>Detalhes do Party Boat Tenerife<\/h3>\n<p><strong>Pacote de festa completo:<\/strong> A sua viagem come\u00e7a com uma animada pr\u00e9-festa no <a href=\"https:\/\/maps.app.goo.gl\/Vt7HqjMeKHLczpy69\" target=\"_blank\" rel=\"noopener\">Barra Black Pearl,<\/a> onde poder\u00e1 saborear uma bebida de cortesia e conhecer outros festeiros. O evento principal \u00e9 um <strong>Cruzeiro de 3 horas<\/strong> a bordo do <strong>Barco de festa Utopia,<\/strong>\u00a0com um bar aberto e uma cena musical din\u00e2mica, seguida de uma after-party no bar Black Pearl com ofertas exclusivas.<\/p>\n<p><strong>Inclus\u00e3o para todos:<\/strong> Esta atividade destina-se a todos os entusiastas de festas, garantindo uma mistura equilibrada de divers\u00e3o, m\u00fasica e intera\u00e7\u00e3o social. \u00c9 a melhor escolha para quem procura uma festa vibrante e memor\u00e1vel. <a href=\"https:\/\/canaryvip.com\/pt\/tenerife\/boat-excursions\/\">experi\u00eancia de passeio de barco.<\/a><\/p>\n<h3>\ud83c\udf0a O que esperar da sua aventura numa festa de barco em Tenerife<\/h3>\n<ul>\n<li><strong>M\u00fasica e entretenimento emocionantes:<\/strong>\u00a0: Dance ao som de House, RnB, Hip Hop, DnB, EDM e Reggaeton neste barco de festa em Tenerife totalmente equipado.<\/li>\n<li><strong>Bar aberto:<\/strong>\u00a0: Desfrute de um bar aberto de 3 horas com uma sele\u00e7\u00e3o de cerveja, bebidas espirituosas locais e misturadores durante a sua viagem de barco de festa em Tenerife.<\/li>\n<li><strong>Conforto e comodidades:<\/strong>\u00a0: Relaxe com assentos confort\u00e1veis, instala\u00e7\u00f5es limpas e uma atmosfera animada.<\/li>\n<li><strong>Beleza c\u00e9nica: <\/strong>: Capture vistas deslumbrantes da costa de Tenerife enquanto se diverte nas ondas.<\/li>\n<li><strong>Seguran\u00e7a em primeiro lugar: <\/strong>: A tripula\u00e7\u00e3o d\u00e1 prioridade \u00e0 sua seguran\u00e7a com directrizes claras e apoio multilingue.<\/li>\n<\/ul>\n<h3>\ud83d\udee5\ufe0f Preparar a sua aventura no Party Boat Tenerife<\/h3>\n<p>Para garantir uma experi\u00eancia tranquila, traga o seu fato de banho, protetor solar e <strong>CanaryVIP<\/strong> bilhete, em formato digital ou impresso. Recomendamos que fa\u00e7a uma refei\u00e7\u00e3o antes da partida e que evite o consumo de \u00e1lcool para reduzir o risco de enjoo. Considere tomar um comprimido contra o enjoo antes da partida para uma viagem confort\u00e1vel.<\/p>\n<h3>\ud83d\udea4 Barco de festa em Tenerife: A sua derradeira celebra\u00e7\u00e3o<\/h3>\n<p>Escolha CanaryVIP para o seu <strong>Barco de festa Tenerife<\/strong> bilhetes, oferecendo um valor imbat\u00edvel e um servi\u00e7o excecional.<br \/>\nJunte-se a n\u00f3s para a melhor experi\u00eancia de festa de barco:<\/p>\n<ul>\n<li><strong>Melhores pre\u00e7os garantidos:<\/strong> Desfrute de pre\u00e7os competitivos para uma experi\u00eancia inesquec\u00edvel num barco de festa em Tenerife.<\/li>\n<li><strong>Descontos para grupos:<\/strong> Poupe mais com as nossas tarifas especiais para grupos no nosso barco de festa em Tenerife.<\/li>\n<li><strong>Reservas antecipadas:<\/strong> Garanta o seu lugar com anteced\u00eancia para n\u00e3o perder este barco de festa exclusivo em Tenerife!<\/li>\n<li><strong>Pol\u00edtica de cancelamento flex\u00edvel:<\/strong> Beneficie das nossas condi\u00e7\u00f5es de cancelamento favor\u00e1veis ao cliente.<\/li>\n<li><strong>Operador de confian\u00e7a:<\/strong> Como fornecedor l\u00edder de bilhetes nas Ilhas Can\u00e1rias, <strong>CanaryVIP<\/strong> \u00e9 a escolha preferida dos entusiastas dos barcos de festa de Tenerife.<\/li>\n<\/ul>\n<h3>\ud83d\ude99 Ponto de encontro e estacionamento<\/h3>\n<p><strong>Junte-se a n\u00f3s em Puerto Col\u00f3n:<\/strong> Encontre-se connosco no Bar P\u00e9rola Negra para a sua aventura num barco de festa em Tenerife. Cheguem pelo menos 15 minutos antes da partida para garantir um embarque tranquilo. H\u00e1 um amplo estacionamento dispon\u00edvel no porto, tornando-o conveniente para aqueles que se juntam ao nosso barco de festa em Tenerife.<\/p>\n<h3>Termos e condi\u00e7\u00f5es do CanaryVIP<\/h3>\n<p>Desfrute de paz de esp\u00edrito com as nossas ap\u00f3lices abrangentes para a sua aventura. Eis o que precisa de saber:<\/p>\n<ul>\n<li><strong>Planos de conting\u00eancia clim\u00e1ticos:<\/strong> Em caso de condi\u00e7\u00f5es climat\u00e9ricas adversas, ser\u00e3o oferecidas op\u00e7\u00f5es de reagendamento ou de reembolso total.<\/li>\n<li><strong>Pol\u00edtica de cancelamento flex\u00edvel:<\/strong>\n<ul>\n<li>Cancelamento ou reagendamento gratuito at\u00e9 7 dias de anteced\u00eancia para reservas individuais.<\/li>\n<li>Para grupos de mais de 10 pessoas, cancelamento gratuito at\u00e9 12 dias antes do evento.<\/li>\n<li>Para grupos com mais de 20 pessoas, cancelamento gratuito at\u00e9 16 dias antes do evento.<\/li>\n<li>\u00c9 necess\u00e1rio <a href=\"https:\/\/canaryvip.com\/pt\/contact\/\">contactar-nos<\/a> para pedidos de cancelamento.<\/li>\n<\/ul>\n<\/li>\n<li><strong>N\u00e3o compar\u00eancia e chegada tardia:<\/strong> N\u00e3o s\u00e3o efectuados reembolsos em caso de n\u00e3o compar\u00eancia ou de chegada tardia. Certifique-se de que chega a tempo, uma vez que a festa de barco est\u00e1 normalmente totalmente reservada.<\/li>\n<li><strong>Comportamento a bordo:<\/strong> Espera-se que os h\u00f3spedes mantenham um ambiente divertido e seguro. O mau comportamento pode resultar na retirada do barco sem direito a reembolso.<\/li>\n<li><strong>Enjoos e altera\u00e7\u00f5es do itiner\u00e1rio:<\/strong> Em caso de enjoo e de altera\u00e7\u00e3o do itiner\u00e1rio, n\u00e3o ser\u00e1 efectuado qualquer reembolso.<\/li>\n<li><strong>Queixas:<\/strong> Quaisquer quest\u00f5es devem ser tratadas com o pessoal do barco no dia do evento, uma vez que o pessoal do CanaryVIP n\u00e3o est\u00e1 presente no barco.<\/li>\n<\/ul>\n<p>Reserve j\u00e1 e junte-se a n\u00f3s para uma festa inesquec\u00edvel nas ondas de Tenerife!<\/p>","protected":false},"excerpt":{"rendered":"<p><strong>\ud83d\udd0d Festa de barco em Tenerife:<\/strong><br \/>\n\u2705 Pagamento seguro.<br \/>\n\ud83d\ude80 Passeio de barco de 3h.<br \/>\n\ud83c\udf7b 3h OPEN BAR Inclu\u00eddo.<br \/>\n\ud83d\udcc6 S\u00e1bados \u00e0s 12:30.<br \/>\n\ud83c\udfb6 DJs e m\u00fasica.<br \/>\n\ud83d\udeab APENAS +18 Anos.<br \/>\n\ud83e\udd11 Melhor pre\u00e7o garantido.<br \/>\n\ud83c\udf1f Reserve agora e poupe!<br \/>\n\ud83d\udccd Partida de\u00a0<a href=\"https:\/\/www.google.com\/maps\/place\/Puerto+Col%C3%B3n\/@28.0783432,-16.7368735,18.52z\/data=!4m6!3m5!1s0xc6a9743509c9ebf:0xd62345524f768247!8m2!3d28.0789928!4d-16.7359737!16s%2Fg%2F11c6cqryw_?entry=tts\">Porto Colon<\/a>.<\/p>","protected":false},"featured_media":11461,"comment_status":"open","ping_status":"closed","template":"","meta":{"_acf_changed":false},"product_brand":[],"product_cat":[46],"product_tag":[],"class_list":{"0":"post-11456","1":"product","2":"type-product","3":"status-publish","4":"has-post-thumbnail","6":"product_cat-boat-excursions","7":"wcpa_has_options","9":"first","10":"instock","11":"sale","12":"virtual","13":"purchasable","14":"product-type-simple"},"acf":[],"wcpa_form_fields":{"wcpaData":{"product":{"product_price":70,"price_html":"From&nbsp;<del aria-hidden=\"true\"><span class=\"woocommerce-Price-amount amount\"><bdi>75,00&nbsp;<span class=\"woocommerce-Price-currencySymbol\">&euro;<\/span><\/bdi><\/span><\/del> <span class=\"screen-reader-text\">O pre\u00e7o original era: 75,00&nbsp;&euro;.<\/span><ins aria-hidden=\"true\"><span class=\"woocommerce-Price-amount amount\"><bdi>70,00&nbsp;<span class=\"woocommerce-Price-currencySymbol\">&euro;<\/span><\/bdi><\/span><\/ins><span class=\"screen-reader-text\">O pre\u00e7o atual \u00e9: 70,00&nbsp;&euro;.<\/span>","original_product_price":75,"price_including_tax":70,"price_excluding_tax":70,"product_id":{"parent":11456,"variation":false},"is_variable":false,"stock_status":"instock","stock_quantity":null,"parent_sku":"CV11456","product_attributes":[],"custom_fields":[],"is_taxable":false,"product_name":"Utopia Boat Party Tenerife","hasImage":false},"fields":{"sec_06641441f5ff23":{"extra":{"key":"sec_06641441f5ff23","section_id":"sec_06641441f5ff23","name":"Default","status":1,"cl_rule":"show","enableCl":false,"relations":[],"toggle":true,"title_tag":"h3","show_title":false,"showPrice":"default","form_id":11462,"form_rules":{"exclude_from_discount":true,"fee_label":"Fee","disp_hide_options_price":true,"disp_show_section_price":false,"disp_show_field_price":true,"layout_option":"standard","pric_use_as_fee":false,"process_fee_as":"woo_fee"},"layout_option":"standard"},"fields":[[{"active":true,"col":6,"relations":false,"cl_rule":"show","enableCl":false,"price":"","enablePrice":false,"className":"oferta-especial","label_position":"default","desc_position":"default","type":"content","required":false,"elementId":"content_1421636141","label":"","name":"content_1421636141","contentType":"rich","value":"<p><strong>\ud83d\udd25 Utopia Boat Party Limited Time Offer!<br>\n<\/strong>Exclusive 5% discount automatically applied at checkout.<\/p>","error":false,"isTemplate":false,"gt_translate_keys":["label","value"],"price_dependency":false,"cl_dependency":false}],[{"label":"\ud83d\udcc5 Date","active":true,"required":true,"elementId":"date_66641441f5ff41","picker_type":"custom","picker_mode":"single","placeholder":"","description":"","tooltip":"","name":"date_66641441f5ff41","label_position":"default","desc_position":"default","enablePrice":false,"className":"","enableCl":false,"relations":[{"operator":"and","rules":[{"operator":"AND","rules":{"cl_field":"radio-group_56641441f5ff51","cl_relation":"is_not_empty","cl_val":"3 Hour Trip"}}]}],"date_pic_inline":true,"date_pic_inline_hide":true,"min_date":{"type":"days","val":"1"},"max_date":"","date_pic_conf":{"disabledWeeks":[1,2,3,4,5,0],"disabledDates":["2024-05-19","2024-05-26","2025-04-06","2025-04-13","2025-04-16","2025-04-20","2025-04-27","2025-09-01 to 2025-09-30"]},"price":"","cl_rule":"show","col":6,"type":"date","error":false,"enableDesign":false,"LabelColor":"","isWeightTemplate":false,"isTemplate":false,"min_quantity":"1","quantity_decimal":false,"quantity_step":"1","quantity_label":"Quantity","repeater_field_label":"{field_label}","repeater_bind":"","gt_translate_keys":["label","placeholder","description","tooltip","repeater_field_label","quantity_label"],"price_dependency":false,"cl_dependency":false,"value":""}],[{"active":true,"col":6,"relations":[{"operator":false,"rules":[{"operator":"AND","rules":{"cl_field":"","cl_relation":"","cl_val":""}}]}],"cl_rule":"show","enableCl":true,"price":"70","enablePrice":true,"className":"","label_position":"default","desc_position":"below","type":"radio-group","required":false,"elementId":"radio-group_86641441f5ff75","label":"","name":"radio-group_86641441f5ff75","values":[{"label":"\ud83d\udfe2 Basic Ticket (70\u20ac)","value":"Basic Ticket","selected":true,"tempId":"aco_32","tooltip":"","description":"","gt_translate_keys":["label","tooltip","description"]}],"layOut":"","error":false,"checkUi":"button","priceOptions":"fixed_for_all","pricingType":"fixed","enable_quantity":true,"quantity_label":"","min_quantity":"0","options_tooltip":true,"options_description":true,"description":"Ideal for budget-friendly fun. Includes a drinks package with 4 beverages at a discounted price.","enableDesign":false,"gt_translate_keys":["label","description","quantity_label"],"price_dependency":false,"cl_dependency":false,"value":""}],[{"active":true,"col":6,"relations":false,"cl_rule":"show","enableCl":false,"price":"","enablePrice":false,"className":"","label_position":"default","desc_position":"default","type":"separator","required":false,"elementId":"separator_1097273251","label":"Separator Field","height":"3","separatorType":"fill","error":false,"separatorColor":"#4a90e2","gt_translate_keys":["label"],"price_dependency":false,"cl_dependency":false,"value":""}],[{"label":"","active":true,"required":false,"elementId":"radio-group-0169646210","description":"Open bar with unlimited beer, local spirits, and mixers. Perfect for music and drink lovers.","name":"radio-group-0169646210","label_position":"default","desc_position":"below","enablePrice":true,"className":"","enableCl":true,"relations":[{"operator":false,"rules":[{"operator":"AND","rules":{"cl_field":"","cl_relation":"","cl_val":""}}]}],"enableDesign":false,"enable_quantity":true,"quantity_label":"","min_quantity":"0","checkUi":"button","layOut":"","options_tooltip":true,"options_description":true,"values":[{"label":"\ud83c\udf9f\ufe0f Standard Ticket (90\u20ac)","value":"Standard Ticket","selected":true,"tempId":"aco_32","tooltip":"","description":"","gt_translate_keys":["label","tooltip","description"]}],"priceOptions":"fixed_for_all","pricingType":"fixed","price":"90","cl_rule":"show","col":6,"type":"radio-group","error":false,"gt_translate_keys":["label","description","quantity_label"],"price_dependency":false,"cl_dependency":false,"value":""}],[{"elementId":"separator-0973524418","separatorType":"fill","separatorColor":"#4a90e2","className":"","height":"3","enableCl":false,"relations":false,"cl_rule":"show","col":6,"type":"separator","gt_translate_keys":[],"price_dependency":false,"cl_dependency":false,"value":""}],[{"label":"","active":true,"required":false,"elementId":"radio-group_56641441f5ffa1","name":"radio-group_56641441f5ffa1","label_position":"default","desc_position":"below","enablePrice":true,"className":"","enableCl":false,"relations":[{"operator":false,"rules":[{"operator":"AND","rules":{"cl_field":"","cl_relation":"","cl_val":""}}]}],"enable_quantity":true,"quantity_label":"","min_quantity":"0","checkUi":"button","layOut":"","options_tooltip":true,"values":[{"label":"\u2b50\ufe0f Premium Ticket (110\u20ac)","value":"Premium Ticket (95\u20ac)","selected":true,"tempId":"aco_32","tooltip":"","description":"","gt_translate_keys":["label","tooltip","description"]}],"priceOptions":"fixed_for_all","pricingType":"fixed","price":"110","cl_rule":"show","col":6,"type":"radio-group","error":false,"description":"Upgrade your experience with premium spirits like Absolut, Bacardi, Havana, and more, plus Red Bull and premium mixers.","options_description":true,"gt_translate_keys":["label","description","quantity_label"],"price_dependency":false,"cl_dependency":false,"value":""}],[{"elementId":"separator-0973774727","separatorType":"fill","separatorColor":"#4a90e2","className":"","height":"3","enableCl":false,"relations":false,"cl_rule":"show","col":6,"type":"separator","gt_translate_keys":[],"price_dependency":false,"cl_dependency":false,"value":""}],[{"label":"","active":true,"required":false,"elementId":"radio-group-1821003227","description":"The ultimate luxury experience. Access the VIP area with open bar featuring premium spirits, Red Bull, and exclusive vibes.","name":"radio-group-1821003227","label_position":"default","desc_position":"below","enablePrice":true,"className":"","enableCl":false,"relations":[{"operator":false,"rules":[{"operator":"AND","rules":{"cl_field":"","cl_relation":"","cl_val":""}}]}],"enable_quantity":true,"quantity_label":"","min_quantity":"0","checkUi":"button","layOut":"","options_tooltip":true,"options_description":true,"values":[{"label":"\ud83d\udc8e VIP Ticket (130\u20ac)","value":"VIP Ticket","selected":true,"tempId":"aco_32","tooltip":"","description":"","gt_translate_keys":["label","tooltip","description"]}],"priceOptions":"fixed_for_all","pricingType":"fixed","price":"130","cl_rule":"show","col":6,"type":"radio-group","error":false,"gt_translate_keys":["label","description","quantity_label"],"price_dependency":false,"cl_dependency":false,"value":""}],[{"elementId":"separator-0974175336","separatorType":"fill","separatorColor":"#4a90e2","className":"","height":"3","enableCl":false,"relations":false,"cl_rule":"show","col":6,"type":"separator","gt_translate_keys":[],"price_dependency":false,"cl_dependency":false,"value":""}]]}},"config":{"price_override":"always","enable_recaptcha":false,"bind_quantity":false,"quantity_bind_formula":false,"disp_summ_show_option_price":true,"disp_summ_show_product_price":false,"disp_summ_show_total_price":true,"disp_summ_show_fee":true,"disp_summ_show_discount":true,"summary_title":"","options_total_label":"Options Price","total_label":"Total Amount","options_product_label":"Product Price","fee_label":"Fee","discount_label":"Discount","has_price":true,"has_quantity_formula":false},"mc_unit":1,"tax_rate":1,"tax_rate_real":1,"discount":{"percentage":0,"fixed":0},"design":{"conf":{"LabelPosition":"above","DescPosition":"above","UploadField":"custom_1","QuantityFieldStyle":"custom_1"},"css":{"LeftLabelWidth":"120px"}},"formulas":[],"lookuptables":[],"clones":false,"cartKey":false}},"_links":{"self":[{"href":"https:\/\/canaryvip.com\/pt\/wp-json\/wp\/v2\/product\/11456","targetHints":{"allow":["GET"]}}],"collection":[{"href":"https:\/\/canaryvip.com\/pt\/wp-json\/wp\/v2\/product"}],"about":[{"href":"https:\/\/canaryvip.com\/pt\/wp-json\/wp\/v2\/types\/product"}],"replies":[{"embeddable":true,"href":"https:\/\/canaryvip.com\/pt\/wp-json\/wp\/v2\/comments?post=11456"}],"wp:featuredmedia":[{"embeddable":true,"href":"https:\/\/canaryvip.com\/pt\/wp-json\/wp\/v2\/media\/11461"}],"wp:attachment":[{"href":"https:\/\/canaryvip.com\/pt\/wp-json\/wp\/v2\/media?parent=11456"}],"wp:term":[{"taxonomy":"product_brand","embeddable":true,"href":"https:\/\/canaryvip.com\/pt\/wp-json\/wp\/v2\/product_brand?post=11456"},{"taxonomy":"product_cat","embeddable":true,"href":"https:\/\/canaryvip.com\/pt\/wp-json\/wp\/v2\/product_cat?post=11456"},{"taxonomy":"product_tag","embeddable":true,"href":"https:\/\/canaryvip.com\/pt\/wp-json\/wp\/v2\/product_tag?post=11456"}],"curies":[{"name":"wp","href":"https:\/\/api.w.org\/{rel}","templated":true}]}}