{"id":11438,"date":"2024-05-11T22:23:40","date_gmt":"2024-05-11T21:23:40","guid":{"rendered":"https:\/\/canaryvip.com\/?post_type=product&#038;p=11438"},"modified":"2025-11-04T12:52:18","modified_gmt":"2025-11-04T12:52:18","slug":"ole-flamenco-show-tenerife","status":"publish","type":"product","link":"https:\/\/canaryvip.com\/pt\/shop\/ole-flamenco-show-tenerife\/","title":{"rendered":"OL\u00c9 Flamenco Show Tenerife"},"content":{"rendered":"<h2>\ud83c\udfad Descubra o melhor espet\u00e1culo de flamenco de Tenerife<\/h2>\n<p>Mergulhe no esp\u00edrito vibrante de Espanha no Ol\u00e9 Flamenco Show Tenerife, um espet\u00e1culo de flamenco de primeira <a href=\"https:\/\/canaryvip.com\/pt\/tenerife\/evening-shows\/\">espet\u00e1culo em Tenerife.<\/a> Experimente uma noite cativante de m\u00fasica apaixonada, dan\u00e7a eletrizante e rica express\u00e3o cultural sob a dire\u00e7\u00e3o especializada do famoso Fran Chafino.<\/p>\n<p>Este espet\u00e1culo de 90 minutos promete uma noite inesquec\u00edvel, misturando estilos tradicionais de flamenco com um toque contempor\u00e2neo, tudo isto tendo como pano de fundo o luxuoso GF Victoria Hotel.<\/p>\n<p>Desde o trabalho de p\u00e9s r\u00edtmico at\u00e9 \u00e0 guitarra cheia de alma e \u00e0s vozes expressivas, todos os elementos do espet\u00e1culo foram concebidos para encantar e inspirar, tornando-o imperd\u00edvel tanto para os habitantes locais como para os visitantes que procuram uma aut\u00eantica experi\u00eancia espanhola.<\/p>\n<h3>\ud83c\udf7d\ufe0f Local de luxo no GF Victoria Hotel<\/h3>\n<p><strong>Localiza\u00e7\u00e3o:<\/strong> O elegante <a href=\"https:\/\/www.google.com\/maps\/place\/GF+Victoria\/@28.0917871,-16.7412967,17z\/data=!3m1!4b1!4m9!3m8!1s0xc6a974d01c4268f:0x3c0e40669a61bb47!5m2!4m1!1i2!8m2!3d28.0917871!4d-16.7387218!16s%2Fg%2F11bvv59vv2?entry=ttu\" target=\"_new\" rel=\"noreferrer noopener\">Hotel GF Victoria<\/a> na Costa Adeje acolhe este evento encantador, proporcionando um ambiente sofisticado para um espet\u00e1culo de flamenco memor\u00e1vel em Tenerife.<\/p>\n<p><strong>Hor\u00e1rio:<\/strong> O espet\u00e1culo come\u00e7a \u00e0s 21:00, com abertura de portas \u00e0s 20:15. H\u00e1 um intervalo de 15 minutos e o espet\u00e1culo termina \u00e0s 22:30.<\/p>\n<h3>\ud83c\udf9f\ufe0f Escolha a sua noite perfeita<\/h3>\n<p><strong>Bilhetes Gold:<\/strong> Por 49 euros por pessoa, desfrute da entrada no espet\u00e1culo. Estes lugares oferecem uma excelente vista do palco e uma experi\u00eancia animada para 140 convidados.<\/p>\n<p><strong>Bilhetes de Platina:<\/strong> Por 59 euros por pessoa, esta op\u00e7\u00e3o inclui entrada, um copo de vinho e refei\u00e7\u00f5es ligeiras. A zona Platinum, mais pr\u00f3xima do palco, proporciona um ambiente \u00edntimo para 80 convidados.<\/p>\n<h3>\ud83c\udf1f Experimente o Flamenco aut\u00eantico<\/h3>\n<p><strong>Apresento-vos Fran Chafino:<\/strong> A estrela do espet\u00e1culo, Fran Chafino, \u00e9 c\u00e9lebre pelo seu extraordin\u00e1rio talento e d\u00e1 vida ao aut\u00eantico flamenco, assegurando que todos os convidados ficam hipnotizados pela atua\u00e7\u00e3o.<\/p>\n<p><strong>Grande variedade de actos:<\/strong> De buler\u00edas a alegr\u00edas, o espet\u00e1culo apresenta uma mistura din\u00e2mica de canto, guitarra e dan\u00e7a, cativando o p\u00fablico com cada atua\u00e7\u00e3o \u00fanica.<\/p>\n<p><strong>Atmosfera interactiva:<\/strong> Embora a participa\u00e7\u00e3o do p\u00fablico na dan\u00e7a n\u00e3o esteja inclu\u00edda, o envolvimento dos artistas cria uma experi\u00eancia \u00edntima e en\u00e9rgica.<\/p>\n<h3><a href=\"https:\/\/canaryvip.com\/pt\/contact\/?swcfpc=1\">\ud83d\udd70\ufe0f<\/a> Informa\u00e7\u00f5es essenciais<\/h3>\n<p><strong>C\u00f3digo de vestu\u00e1rio:<\/strong> Recomenda-se o uso de vestu\u00e1rio casual inteligente para complementar o ambiente elegante. Cal\u00e7as de ganga e uma t-shirt bonita s\u00e3o aceit\u00e1veis, mas o vestu\u00e1rio desportivo e os cal\u00e7\u00f5es s\u00e3o desaconselhados para manter o ambiente sofisticado do espet\u00e1culo.<\/p>\n<p><strong>Informa\u00e7\u00f5es sobre estacionamento:<\/strong> Est\u00e1 dispon\u00edvel um amplo estacionamento no Centro Comercial Plaza del Duque, a uma curta caminhada do local.<\/p>\n<p><strong>Entrada do espet\u00e1culo:<\/strong> Entre pela entrada designada no lado esquerdo da entrada principal do hotel para aceder facilmente \u00e0 sala de espect\u00e1culos Las Olas.<\/p>\n<h3>\u2696\ufe0f Pol\u00edtica de reserva e cancelamento flex\u00edvel<\/h3>\n<p><strong>Benef\u00edcios da reserva antecipada:<\/strong> Garanta as melhores tarifas e simplifique o seu planeamento reservando com anteced\u00eancia.<\/p>\n<p><strong>Cancelamentos gratuitos:<\/strong> Cancelar at\u00e9 48 horas antes do espet\u00e1culo para um reembolso total.<\/p>\n<p><strong>Reservas de grupos:<\/strong> Para grupos com mais de seis pessoas, cancele com at\u00e9 quatro dias de anteced\u00eancia sem custos. Os cancelamentos efectuados 2-4 dias antes do evento recebem um reembolso de 50%.<\/p>\n<p><strong>Pol\u00edtica de n\u00e3o compar\u00eancia:<\/strong> N\u00e3o s\u00e3o efectuados reembolsos em caso de n\u00e3o compar\u00eancia ou de cancelamento nas 48 horas anteriores ao evento.<\/p>\n<h3>\ud83c\udf89 Eventos privados de Flamenco<\/h3>\n<p><strong>Celebra\u00e7\u00f5es exclusivas:<\/strong> CanaryVIP pode organizar espect\u00e1culos privados de flamenco \u00e0 medida para anivers\u00e1rios, eventos empresariais e reuni\u00f5es especiais, assegurando uma ocasi\u00e3o personalizada e memor\u00e1vel. <a href=\"https:\/\/canaryvip.com\/pt\/contact\/?swcfpc=1\">Contacte-nos para mais informa\u00e7\u00f5es.<\/a><\/p>\n<h3>\ud83c\udfb6 Descubra a Hist\u00f3ria e a Paix\u00e3o do Flamenco<\/h3>\n<p><strong>Uma viagem pelo rico patrim\u00f3nio do flamenco:<\/strong> O Ol\u00e9 Flamenco Show Tenerife n\u00e3o s\u00f3 entret\u00e9m como tamb\u00e9m oferece um mergulho profundo na hist\u00f3ria e na paix\u00e3o do flamenco. Origin\u00e1rio da regi\u00e3o andaluza de Espanha, o flamenco \u00e9 uma forma de arte din\u00e2mica que combina o canto (cante), o toque da guitarra (toque) e a dan\u00e7a (baile). Esta tradi\u00e7\u00e3o centen\u00e1ria \u00e9 conhecida pela sua intensidade emocional e pela narra\u00e7\u00e3o expressiva de hist\u00f3rias, reflectindo a tape\u00e7aria cultural de Espanha.<\/p>\n<p><strong>A vis\u00e3o art\u00edstica de Fran Chafino:<\/strong> Sob a orienta\u00e7\u00e3o magistral de Fran Chafino, o Ol\u00e9 Flamenco Show Tenerife d\u00e1 vida a esta rica heran\u00e7a com um toque moderno. A coreografia de Fran \u00e9 uma mistura de t\u00e9cnicas tradicionais e elementos contempor\u00e2neos, criando um espet\u00e1culo \u00fanico que honra as ra\u00edzes do flamenco enquanto cativa o p\u00fablico moderno.<\/p>\n<p><strong>Diversos estilos de flamenco:<\/strong> O espet\u00e1culo apresenta uma variedade de estilos de flamenco, como as buler\u00edas r\u00e1pidas e as alegr\u00edas alegres, cada uma com o seu pr\u00f3prio ritmo e disposi\u00e7\u00e3o. Esta diversidade garante uma experi\u00eancia vibrante e envolvente, mostrando todo o espetro da gama emocional e musical do flamenco.<\/p>\n<h3>\ud83c\udf1f Junte-se a n\u00f3s para uma noite inesquec\u00edvel<\/h3>\n<p>Experimente a magia do espet\u00e1culo de flamenco em Tenerife com o CanaryVIP. Mergulhe numa mistura hipnotizante de m\u00fasica apaixonada, dan\u00e7a vibrante e rica cultura espanhola no luxuoso GF Victoria Hotel.<\/p>\n<p>Este espet\u00e1culo cativante, dirigido pelo aclamado Fran Chafino, promete uma noite inesquec\u00edvel, repleta de aut\u00eanticos estilos de flamenco e de um toque moderno. Garanta j\u00e1 os seus bilhetes para uma noite de eleg\u00e2ncia e entretenimento, e deixe-se encantar pelas batidas r\u00edtmicas e actua\u00e7\u00f5es expressivas. N\u00e3o perca esta experi\u00eancia cultural \u00fanica no cora\u00e7\u00e3o de Tenerife.<\/p>\n<p>Reserve hoje os seus bilhetes para o Flamenco Show Tenerife! \ud83c\udf0c\ud83d\udc83<\/p>","protected":false},"excerpt":{"rendered":"<p><strong>\ud83d\udd0d Espet\u00e1culo de Flamenco em Tenerife:<\/strong><br \/>\n\u2705 Pagamento seguro.<br \/>\n\ud83d\udc83 Aut\u00eantico espet\u00e1culo de flamenco.<br \/>\n\ud83d\udd59 Todas as quintas-feiras \u00e0s 20:15.<br \/>\n\u23f3 Dura\u00e7\u00e3o \u2248 2h<br \/>\n\ud83d\ude80 Muito popular!<br \/>\n\ud83e\udd11 Melhor pre\u00e7o garantido.<br \/>\n\ud83d\udc6a Descontos para reservas de grupos.<br \/>\n\ud83d\udd01 Cancelamento gratuito at\u00e9 48h.<br \/>\n\ud83c\udf1f Reservar cedo, enche depressa!<br \/>\n\ud83d\udccd Local em\u00a0<a href=\"https:\/\/maps.app.goo.gl\/boB3JcWYHb8AiGY58\">Hotel GF Victoria<\/a>.<\/p>","protected":false},"featured_media":11440,"comment_status":"open","ping_status":"closed","template":"","meta":{"_acf_changed":false},"product_brand":[],"product_cat":[59],"product_tag":[],"class_list":{"0":"post-11438","1":"product","2":"type-product","3":"status-publish","4":"has-post-thumbnail","6":"product_cat-evening-shows","7":"wcpa_has_options","9":"first","10":"instock","11":"virtual","12":"purchasable","13":"product-type-simple"},"acf":[],"wcpa_form_fields":{"wcpaData":{"product":{"product_price":51,"price_html":"From&nbsp;<span class=\"woocommerce-Price-amount amount\"><bdi>51,00&nbsp;<span class=\"woocommerce-Price-currencySymbol\">&euro;<\/span><\/bdi><\/span>","original_product_price":51,"price_including_tax":51,"price_excluding_tax":51,"product_id":{"parent":11438,"variation":false},"is_variable":false,"stock_status":"instock","stock_quantity":null,"parent_sku":"CV11438","product_attributes":[],"custom_fields":[],"is_taxable":false,"product_name":"OL\u00c9 Flamenco Show Tenerife","hasImage":false},"fields":{"sec_5663fdb09e5296":{"extra":{"key":"sec_5663fdb09e5296","section_id":"sec_5663fdb09e5296","name":"Default","status":1,"cl_rule":"show","enableCl":false,"relations":[],"toggle":true,"title_tag":"h3","show_title":false,"showPrice":"default","form_id":11439,"form_rules":{"exclude_from_discount":true,"fee_label":"Fee","disp_hide_options_price":true,"disp_show_section_price":false,"disp_show_field_price":true,"layout_option":"standard","pric_use_as_fee":false,"process_fee_as":"woo_fee"},"layout_option":"standard"},"fields":[[{"label":"\ud83d\udcc5 Date","active":true,"required":true,"elementId":"date_2663fdb09e52b5","picker_type":"custom","picker_mode":"single","placeholder":"","description":"","tooltip":"","name":"date_2663fdb09e52b5","label_position":"default","desc_position":"default","enablePrice":false,"className":"","enableCl":false,"relations":[{"operator":"and","rules":[{"operator":"AND","rules":{"cl_field":"radio-group_4663fdb09e52c5","cl_relation":"is_not_empty","cl_val":"3 Hour Trip"}}]}],"date_pic_inline":true,"date_pic_inline_hide":true,"min_date":{"type":"days","val":"1"},"max_date":{"type":"days","val":"180"},"date_pic_conf":{"disabledWeeks":[0,1,3,5,6,2],"disabledDates":["2025-02-06","2025-06-27 to 2025-07-01","2026-01-01 to 2026-01-14","2026-03-12","2026-03-19"]},"price":"","cl_rule":"show","col":6,"type":"date","error":false,"enableDesign":false,"LabelColor":"","isWeightTemplate":false,"isTemplate":false,"min_quantity":"1","quantity_decimal":false,"quantity_step":"1","quantity_label":"Quantity","repeater_field_label":"{field_label}","repeater_bind":"","gt_translate_keys":["label","placeholder","description","tooltip","repeater_field_label","quantity_label"],"price_dependency":false,"cl_dependency":["radio-group_4663fdb09e52c5"],"value":""}],[{"active":true,"col":6,"relations":[{"operator":false,"rules":[{"operator":"AND","rules":{"cl_field":"","cl_relation":"","cl_val":""}}]}],"cl_rule":"show","enableCl":false,"price":"","enablePrice":false,"className":"","label_position":"default","desc_position":"default","type":"radio-group","required":true,"elementId":"radio-group_4663fdb09e52c5","label":"\ud83c\udf1f Type of Ticket","name":"radio-group_4663fdb09e52c5","values":[{"label":"Gold Entrance (51\u20ac)","value":"Gold Entrance","selected":false,"tempId":"aco_28","description":"Enjoy the live show.","options_cl":false,"relations":[{"operator":false,"rules":[{"operator":"AND","rules":{"cl_field":"","cl_relation":"","cl_val":""}}]}],"cl_rule":"show","gt_translate_keys":["label","description"]},{"label":"Platinum Entrance (61\u20ac)","value":"Platinum Entrance","selected":false,"tempId":"aco_29","description":"Enjoy the live show, wine, snacks and better seating.","options_cl":true,"relations":[{"operator":false,"rules":[{"operator":"AND","rules":{"cl_field":"date_2663fdb09e52b5","cl_relation":"is","cl_val":"2026-04-09"}}]}],"cl_rule":"hide","gt_translate_keys":["label","description"]}],"layOut":"","error":false,"checkUi":"toggle","enableDesign":false,"scrollBar":false,"description":"","other":false,"options_description":true,"show_selected_option":false,"isWeightTemplate":false,"isTemplate":false,"min_quantity":"1","quantity_decimal":false,"quantity_step":"1","quantity_label":"Quantity","repeater_field_label":"{field_label}","repeater_bind":"","gt_translate_keys":["label","description","repeater_field_label","quantity_label"],"price_dependency":false,"cl_dependency":[false,false],"value":""}]]},"sec_1663fdb09e52c7":{"extra":{"key":"sec_1663fdb09e52c7","section_id":"sec_1663fdb09e52c7","name":"Gold","status":1,"cl_rule":"show","enableCl":true,"relations":[{"operator":false,"rules":[{"operator":"AND","rules":{"cl_field":"radio-group_4663fdb09e52c5","cl_relation":"is","cl_val":"Gold Entrance"}}]}],"toggle":true,"title_tag":"h4","show_title":false,"showPrice":"default","form_id":11439,"form_rules":{"exclude_from_discount":true,"fee_label":"Fee","disp_hide_options_price":true,"disp_show_section_price":false,"disp_show_field_price":true,"layout_option":"standard","pric_use_as_fee":false,"process_fee_as":"woo_fee"},"layout_option":"standard"},"fields":[[{"active":true,"col":6,"relations":false,"cl_rule":"show","enableCl":false,"price":"","enablePrice":false,"className":"","label_position":"default","desc_position":"default","type":"separator","required":false,"elementId":"separator_6663fdb09e52d3","label":"Separator Field","height":"8","separatorType":"blank","error":false,"gt_translate_keys":["label"],"price_dependency":false,"cl_dependency":false,"value":""}],[{"active":true,"col":6,"relations":false,"cl_rule":"show","enableCl":false,"price":"","enablePrice":false,"className":"","label_position":"default","desc_position":"default","type":"content","required":false,"elementId":"content_6663fdb09e5310","label":"People","name":"content_6663fdb09e5310","contentType":"plain","value":"","error":false,"show_in_checkout":true,"inline":false,"gt_translate_keys":["label","value"],"price_dependency":false,"cl_dependency":false}],[{"active":true,"col":6,"relations":[{"operator":false,"rules":[{"operator":"AND","rules":{"cl_field":"","cl_relation":"","cl_val":""}}]}],"cl_rule":"show","enableCl":true,"price":"51","enablePrice":true,"className":"","label_position":"default","desc_position":"default","type":"radio-group","required":false,"elementId":"radio-group_0663fdb09e531c","label":"","name":"radio-group_0663fdb09e531c","values":[{"label":"\ud83d\udc64 Adult (51\u20ac)","value":"Adult","selected":true,"tempId":"aco_32","tooltip":"+13 Years","description":"","gt_translate_keys":["label","tooltip","description"]}],"layOut":"","error":false,"checkUi":"button","priceOptions":"fixed_for_all","pricingType":"fixed","enable_quantity":true,"quantity_label":"","min_quantity":"0","options_tooltip":true,"options_description":true,"gt_translate_keys":["label","quantity_label"],"price_dependency":false,"cl_dependency":false,"value":""}],[{"label":"","active":true,"required":false,"elementId":"radio-group-0980466659","name":"radio-group-0980466659","label_position":"default","desc_position":"default","enablePrice":true,"className":"","enableCl":true,"relations":[{"operator":false,"rules":[{"operator":"AND","rules":{"cl_field":"","cl_relation":"","cl_val":""}}]}],"enable_quantity":true,"quantity_label":"","min_quantity":"0","checkUi":"button","layOut":"","options_tooltip":true,"options_description":true,"values":[{"label":"\ud83d\udc66 Child (25,50\u20ac)","value":"Child","selected":true,"tempId":"aco_32","tooltip":"3-12 Years","description":"","gt_translate_keys":["label","tooltip","description"]}],"priceOptions":"fixed_for_all","pricingType":"fixed","price":"25,50","cl_rule":"show","col":6,"type":"radio-group","error":false,"gt_translate_keys":["label","quantity_label"],"price_dependency":false,"cl_dependency":false,"value":""}]]},"sec_2663fdb09e531d":{"extra":{"key":"sec_2663fdb09e531d","section_id":"sec_2663fdb09e531d","name":"Platinum","status":1,"cl_rule":"show","enableCl":true,"relations":[{"operator":false,"rules":[{"operator":"AND","rules":{"cl_field":"radio-group_4663fdb09e52c5","cl_relation":"is","cl_val":"Platinum Entrance"}}]}],"toggle":true,"title_tag":"h4","show_title":false,"showPrice":"default","form_id":11439,"form_rules":{"exclude_from_discount":true,"fee_label":"Fee","disp_hide_options_price":true,"disp_show_section_price":false,"disp_show_field_price":true,"layout_option":"standard","pric_use_as_fee":false,"process_fee_as":"woo_fee"},"layout_option":"standard"},"fields":[[{"elementId":"separator_6663fdb09e5327","separatorType":"blank","className":"","height":"8","enableCl":false,"relations":false,"cl_rule":"show","col":6,"type":"separator","error":false,"gt_translate_keys":[],"price_dependency":false,"cl_dependency":false,"value":""}],[{"contentType":"plain","active":true,"label":"People","elementId":"content_0663fdb09e5331","value":"","inline":false,"show_in_checkout":true,"name":"content_0663fdb09e5331","enablePrice":false,"className":"","enableCl":false,"relations":false,"price":"","cl_rule":"show","col":6,"type":"content","gt_translate_keys":["label","value"],"price_dependency":false,"cl_dependency":false}],[{"label":"","active":true,"required":false,"elementId":"radio-group_9663fdb09e533c","name":"radio-group_9663fdb09e533c","label_position":"default","desc_position":"default","enablePrice":true,"className":"","enableCl":false,"relations":[{"operator":false,"rules":[{"operator":"AND","rules":{"cl_field":"","cl_relation":"","cl_val":""}}]}],"enable_quantity":true,"quantity_label":"","min_quantity":"0","checkUi":"button","layOut":"","options_tooltip":true,"values":[{"label":"\ud83d\udc64 Adult (61\u20ac)","value":"Adult","selected":true,"tempId":"aco_32","tooltip":"+13 Years","gt_translate_keys":["label","tooltip"]}],"priceOptions":"fixed_for_all","pricingType":"fixed","price":"61","cl_rule":"show","col":6,"type":"radio-group","error":false,"gt_translate_keys":["label","quantity_label"],"price_dependency":false,"cl_dependency":false,"value":""}],[{"label":"","active":true,"required":false,"elementId":"radio-group-1037099900","name":"radio-group-1037099900","label_position":"default","desc_position":"default","enablePrice":true,"className":"","enableCl":true,"relations":[{"operator":false,"rules":[{"operator":"AND","rules":{"cl_field":"","cl_relation":"","cl_val":""}}]}],"enable_quantity":true,"quantity_label":"","min_quantity":"0","checkUi":"button","layOut":"","options_tooltip":true,"options_description":true,"values":[{"label":"\ud83d\udc66 Child (30,50\u20ac)","value":"Child","selected":true,"tempId":"aco_32","tooltip":"3-12 Years","description":"","gt_translate_keys":["label","tooltip","description"]}],"priceOptions":"fixed_for_all","pricingType":"fixed","price":"30,50","cl_rule":"show","col":6,"type":"radio-group","error":false,"gt_translate_keys":["label","quantity_label"],"price_dependency":false,"cl_dependency":false,"value":""}]]}},"config":{"price_override":"always","enable_recaptcha":false,"bind_quantity":false,"quantity_bind_formula":false,"disp_summ_show_option_price":true,"disp_summ_show_product_price":false,"disp_summ_show_total_price":true,"disp_summ_show_fee":true,"disp_summ_show_discount":true,"summary_title":"","options_total_label":"Options Price","total_label":"Total Amount","options_product_label":"Product Price","fee_label":"Fee","discount_label":"Discount","has_price":true,"has_quantity_formula":false},"mc_unit":1,"tax_rate":1,"tax_rate_real":1,"discount":{"percentage":0,"fixed":0},"design":{"conf":{"LabelPosition":"above","DescPosition":"above","UploadField":"custom_1","QuantityFieldStyle":"custom_1"},"css":{"LeftLabelWidth":"120px"}},"formulas":[],"lookuptables":[],"clones":false,"cartKey":false}},"_links":{"self":[{"href":"https:\/\/canaryvip.com\/pt\/wp-json\/wp\/v2\/product\/11438","targetHints":{"allow":["GET"]}}],"collection":[{"href":"https:\/\/canaryvip.com\/pt\/wp-json\/wp\/v2\/product"}],"about":[{"href":"https:\/\/canaryvip.com\/pt\/wp-json\/wp\/v2\/types\/product"}],"replies":[{"embeddable":true,"href":"https:\/\/canaryvip.com\/pt\/wp-json\/wp\/v2\/comments?post=11438"}],"wp:featuredmedia":[{"embeddable":true,"href":"https:\/\/canaryvip.com\/pt\/wp-json\/wp\/v2\/media\/11440"}],"wp:attachment":[{"href":"https:\/\/canaryvip.com\/pt\/wp-json\/wp\/v2\/media?parent=11438"}],"wp:term":[{"taxonomy":"product_brand","embeddable":true,"href":"https:\/\/canaryvip.com\/pt\/wp-json\/wp\/v2\/product_brand?post=11438"},{"taxonomy":"product_cat","embeddable":true,"href":"https:\/\/canaryvip.com\/pt\/wp-json\/wp\/v2\/product_cat?post=11438"},{"taxonomy":"product_tag","embeddable":true,"href":"https:\/\/canaryvip.com\/pt\/wp-json\/wp\/v2\/product_tag?post=11438"}],"curies":[{"name":"wp","href":"https:\/\/api.w.org\/{rel}","templated":true}]}}