{"id":11406,"date":"2024-05-07T16:37:07","date_gmt":"2024-05-07T15:37:07","guid":{"rendered":"https:\/\/canaryvip.com\/?post_type=product&#038;p=11406"},"modified":"2025-09-29T11:35:59","modified_gmt":"2025-09-29T10:35:59","slug":"seaduction-luxury-yacht-tenerife","status":"publish","type":"product","link":"https:\/\/canaryvip.com\/pt\/shop\/seaduction-luxury-yacht-tenerife\/","title":{"rendered":"Iate de luxo Seaduction Tenerife"},"content":{"rendered":"<h2><strong>\ud83d\udee5\ufe0f Experimente o luxo com o aluguer de iates Seaduction em Tenerife<\/strong><\/h2>\n<p>Embarque numa viagem mar\u00edtima de qualidade superior com a Seaduction Yacht Tenerife. Situado na bela marina de <a href=\"https:\/\/www.google.com\/maps\/place\/Puerto+Col%C3%B3n\/@28.078002,-16.7394902,17z\/data=!3m2!4b1!5s0xc6a97433884bdf9:0x76d293b7b99db23a!4m6!3m5!1s0xc6a9743509c9ebf:0xd62345524f768247!8m2!3d28.078002!4d-16.7369153!16s%2Fg%2F11c6cqryw_?entry=tts&amp;g_ep=EgoyMDI0MDUwNS4wKgBIAVAD\" target=\"_blank\" rel=\"noopener\">Puerto Col\u00f3n<\/a>A Seaduction oferece um escape exclusivo dos passeios de barco t\u00edpicos. Cada viagem \u00e9 um barco privado, garantindo que a sua experi\u00eancia \u00e9 \u00fanica e \u00edntima.<\/p>\n<h3>\u2b50\ufe0f <strong>Porque \u00e9 que o Seaduction Yacht se destaca em Tenerife<\/strong><\/h3>\n<p><span style=\"text-decoration: underline;\"><strong>Principais raz\u00f5es para escolher a Seaduction:<\/strong><\/span><\/p>\n<p><strong>Visitas privadas exclusivas:<\/strong> Ao contr\u00e1rio das excurs\u00f5es regulares, a Seaduction assegura um toque pessoal em cada viagem, criando uma experi\u00eancia personalizada que vai ao encontro das suas prefer\u00eancias e garante privacidade e exclusividade.<\/p>\n<p><strong>Conforto luxuoso:<\/strong> Relaxe em v\u00e1rios locais acolhedores do iate, quer esteja a apanhar sol no espa\u00e7oso terra\u00e7o ou a desfrutar de uma bebida refrescante na \u00e1rea de estar confortavelmente sombreada.<\/p>\n<p><strong>Actividades divertidas inclu\u00eddas:<\/strong> Melhore a sua aventura com uma s\u00e9rie de actividades emocionantes. Seaduction n\u00e3o se trata apenas de velejar; trata-se de interagir com o mar de forma emocionante e agrad\u00e1vel.<\/p>\n<ul>\n<li><strong>\ud83c\udfca Scooters subaqu\u00e1ticas Seabob:<\/strong> Deslize pelas \u00e1guas cristalinas de Tenerife com os Seabobs. S\u00e3o uma forma \u00fanica de explorar o fundo das ondas, perfeita para os aventureiros que procuram adicionar um pouco de emo\u00e7\u00e3o \u00e0 sua experi\u00eancia no mar.<\/li>\n<li><strong>\ud83c\udfc4\u200d\u2640\ufe0f Paddle Boards:<\/strong> O stand-up paddle boarding \u00e9 uma forma divertida e relaxante de desfrutar do oceano enquanto faz um pouco de exerc\u00edcio. Quer seja um principiante ou um remador experiente, vai achar que \u00e9 uma parte deliciosa do seu aluguer de iate.<\/li>\n<li><strong>Insufl\u00e1veis divertidos:<\/strong> A nossa sele\u00e7\u00e3o de insufl\u00e1veis proporciona uma divers\u00e3o sem fim para todas as idades. S\u00e3o um sucesso durante qualquer aluguer e s\u00e3o perfeitos para a divers\u00e3o em fam\u00edlia ou apenas para relaxar na \u00e1gua.<\/li>\n<li><strong>\ud83e\udd3f Equipamento de snorkeling:<\/strong> Descubra o vibrante mundo subaqu\u00e1tico de Tenerife com o nosso equipamento de snorkeling. As \u00e1guas \u00e0 volta da ilha est\u00e3o repletas de vida marinha, oferecendo-lhe um vislumbre de um ecossistema subaqu\u00e1tico encantador.<\/li>\n<li><strong>Canas de pesca:<\/strong> Experimente a sua m\u00e3o na pesca com as nossas canas de pesca equipadas. Quer seja um principiante ou um pescador experiente, pescar no conv\u00e9s do Seaduction pode ser uma forma serena e gratificante de passar o seu tempo.<\/li>\n<li><strong>Reproduzir a sua m\u00fasica:<\/strong> Ligue a sua lista de reprodu\u00e7\u00e3o atrav\u00e9s do nosso sistema de som com Bluetooth e defina a banda sonora para a sua aventura mar\u00edtima. Quer se trate de melodias relaxantes ou de uma batida animada, a sua m\u00fasica ir\u00e1 melhorar o ambiente enquanto navega.<\/li>\n<\/ul>\n<p>O Seaduction Yacht Tenerife proporciona uma experi\u00eancia de fretamento de destaque com as suas comodidades luxuosas e um conjunto de actividades envolventes. Cada aspeto da sua viagem foi concebido para oferecer relaxamento e entretenimento, garantindo uma aventura memor\u00e1vel nas \u00e1guas de Tenerife.<\/p>\n<h4>\ud83d\udea4 <strong>Op\u00e7\u00f5es de aluguer de barcos de mar<\/strong><\/h4>\n<p>O Seaduction Yacht oferece uma variedade de comprimentos de aluguer, cada um concebido para satisfazer diferentes desejos e per\u00edodos de tempo:<\/p>\n<ul>\n<li><strong>Explorador costeiro de 3 horas:<\/strong> Uma introdu\u00e7\u00e3o perfeita \u00e0 costa sul de Tenerife. Nade em ba\u00edas serenas e saboreie a nossa sele\u00e7\u00e3o de bebidas e snacks. Ideal para quem procura uma fuga mar\u00edtima r\u00e1pida mas refrescante.<\/li>\n<li><strong>Safari mar\u00edtimo de 4 horas:<\/strong> Aventure-se mais longe para ver golfinhos e baleias. Relaxe ou nade em belas ba\u00edas e delicie-se com a nossa paella de marisco e frango preparada na hora. Este charter de m\u00e9dia dura\u00e7\u00e3o \u00e9 perfeito para os amantes da natureza e da vida selvagem marinha.<\/li>\n<li><strong>Grande circuito de 6 horas:<\/strong> Experimente os deslumbrantes penhascos de Los Gigantes e a isolada Ba\u00eda de Masca. Refresque-se nas \u00e1guas cristalinas com vistas panor\u00e2micas da vizinha Ilha de La Gomera. Mergulhe mais profundamente na beleza natural de Tenerife com tempo alargado para explorar e relaxar.<\/li>\n<li><strong>Aventura de dia inteiro de 8 horas:<\/strong> Mergulhe na derradeira experi\u00eancia de navega\u00e7\u00e3o com um dia inteiro a bordo do Seaduction. Este extenso charter permite-lhe explorar totalmente as diversas paisagens costeiras e os ricos ambientes marinhos de Tenerife. Desfrute de paragens prolongadas para fazer snorkeling, paddle-boarding e talvez at\u00e9 uma celebra\u00e7\u00e3o do p\u00f4r do sol. Com mais tempo a bordo, delicie-se com uma vasta gama das nossas ofertas gourmet, garantindo um dia de relaxamento e aventura luxuosos.<\/li>\n<\/ul>\n<p>Cada op\u00e7\u00e3o foi concebida para proporcionar uma experi\u00eancia \u00fanica e memor\u00e1vel, permitindo-lhe escolher a dura\u00e7\u00e3o perfeita para a sua aventura mar\u00edtima em Tenerife. Quer esteja \u00e0 procura de uma breve introdu\u00e7\u00e3o \u00e0s \u00e1guas da ilha ou de uma viagem de um dia inteiro, o Seaduction Yacht oferece a flexibilidade e o luxo para tornar o seu tempo no mar inesquec\u00edvel.<\/p>\n<h3>\u2705 <strong>Amenidades completas para um dia perfeito no mar<\/strong><\/h3>\n<p>Seaduction n\u00e3o se trata apenas de locais; trata-se de toda uma experi\u00eancia de luxo:<\/p>\n<ul>\n<li>Desfrute de acesso ilimitado a uma variedade de bebidas, incluindo refrigerantes, cervejas, vinhos e cava.<\/li>\n<li>Saboreie uma variedade de snacks gourmet ou uma refei\u00e7\u00e3o completa, consoante a dura\u00e7\u00e3o da sua viagem.<\/li>\n<li>O nosso sistema de som topo de gama \u00e9 compat\u00edvel com Bluetooth, permitindo-lhe desfrutar das suas listas de reprodu\u00e7\u00e3o favoritas enquanto navega.<\/li>\n<li>O iate possui \u00e1reas para banhos de sol na frente e assentos confort\u00e1veis no flybridge.<\/li>\n<li>Uma tripula\u00e7\u00e3o experiente e multilingue garante a sua seguran\u00e7a e conforto durante toda a viagem.<\/li>\n<\/ul>\n<h3>\ud83d\udccd <strong>Partida de Puerto Col\u00f3n<\/strong><\/h3>\n<p>Comece a sua aventura mar\u00edtima no cora\u00e7\u00e3o da Costa Adeje, com f\u00e1cil acesso e estacionamento conveniente dispon\u00edvel no porto. Para garantir um in\u00edcio tranquilo, recomendamos que chegue 15 minutos antes da partida programada.<\/p>\n<h4>\ud83d\udcdc <strong>Pol\u00edticas de reserva simples e de cancelamento transparentes<\/strong><\/h4>\n<p>Reservar a sua experi\u00eancia Seaduction \u00e9 f\u00e1cil, e a nossa pol\u00edtica de cancelamento clara garante tranquilidade:<\/p>\n<ul>\n<li><strong>Garantia meteorol\u00f3gica:<\/strong> Monitorizamos de perto as condi\u00e7\u00f5es meteorol\u00f3gicas. Em caso de cancelamento devido a condi\u00e7\u00f5es climat\u00e9ricas inseguras, pode remarcar ou optar por um reembolso total, garantindo a sua seguran\u00e7a e satisfa\u00e7\u00e3o.<\/li>\n<li><strong>Cancelamento flex\u00edvel:<\/strong> Os planos mudam, e n\u00f3s compreendemos isso. Cancele ou remarque gratuitamente at\u00e9 4 dias antes da sua viagem. Os dep\u00f3sitos n\u00e3o s\u00e3o reembols\u00e1veis se o cancelamento ocorrer a menos de 4 dias da partida programada.<\/li>\n<\/ul>\n<p><strong>Reserve hoje o seu lugar no Seaduction atrav\u00e9s do CanaryVIP e embarque num dia repleto de luxo, conforto e aventuras mar\u00edtimas inesquec\u00edveis.<\/strong><\/p>\n<h3>\ud83d\udd52 <strong>Op\u00e7\u00f5es alargadas e de pernoita dispon\u00edveis<\/strong><\/h3>\n<p>Para aqueles que procuram uma aventura prolongada ou uma ocasi\u00e3o especial, a Seaduction est\u00e1 dispon\u00edvel para mais do que apenas viagens de um dia:<\/p>\n<ul>\n<li>Passe uma noite ou mais a bordo, transformando o seu charter numa experi\u00eancia de luxo de v\u00e1rios dias.<\/li>\n<li>Fale connosco sobre viagens personalizadas e pedidos especiais - o nosso objetivo \u00e9 tornar os seus sonhos mar\u00edtimos realidade.<\/li>\n<\/ul>\n<h3>\ud83d\udc68\u200d\u2708\ufe0f <strong>Pronto para o embarque: A sua lista de verifica\u00e7\u00e3o antes da viagem<\/strong><\/h3>\n<p>Antes de embarcar, certifique-se de que:<\/p>\n<ul>\n<li>Tenha o seu bilhete CanaryVIP pronto, no seu telem\u00f3vel ou impresso.<\/li>\n<li>Traga fato de banho, uma toalha e protetor solar para desfrutar do sol em seguran\u00e7a.<\/li>\n<li>Coma algo leve para evitar o enjoo e limite a ingest\u00e3o de \u00e1lcool antes da viagem.<\/li>\n<li>Escolha o seu lugar ideal no conv\u00e9s, quer queira apanhar sol ou relaxar \u00e0 sombra.<\/li>\n<\/ul>\n<p>Reserve a sua aventura hoje e transforme as suas f\u00e9rias numa experi\u00eancia inesquec\u00edvel com este <a href=\"https:\/\/canaryvip.com\/pt\/tenerife\/boat-hire-tenerife\/?swcfpc=1\">aluguer exclusivo de barcos em Tenerife<\/a>.<\/p>","protected":false},"excerpt":{"rendered":"<p>\ud83d\udd0d\u00a0<strong>Detalhes da sele\u00e7\u00e3o:<\/strong><br \/>\n\u2705 Pagamento seguro.<br \/>\n\ud83d\udd10 Visitas privadas.<br \/>\n\ud83d\udee5\ufe0f Iate de 14 metros.<br \/>\n\u23f3 Passeios di\u00e1rios de 3-8h.<br \/>\n\ud83d\udd59 Hor\u00e1rios de partida personaliz\u00e1veis.<br \/>\n\ud83c\udf74 Refei\u00e7\u00f5es e bebidas inclu\u00eddas.<br \/>\n\ud83d\udc65 At\u00e9 12 pessoas.<br \/>\n\ud83c\udfca Scooters subaqu\u00e1ticas.<br \/>\n\ud83c\udfc4\u200d\u2640\ufe0f Inclui pranchas de paddle.<br \/>\n\ud83e\udd29 Insufl\u00e1veis divertidos.<br \/>\n\ud83e\udd3f Equipamento de snorkeling.<br \/>\nCanas de pesca.<br \/>\n\ud83d\udd0a Reproduzir a sua m\u00fasica.<br \/>\n\ud83e\udd11 Melhor pre\u00e7o garantido.<br \/>\n\ud83d\udc6a  Descontos activados.<br \/>\n\ud83d\udd01 Cancelamento at\u00e9 4 dias.<br \/>\n\ud83c\udf0d Tripula\u00e7\u00e3o multilingue.<br \/>\n\ud83c\udf1f Reserve com anteced\u00eancia e poupe!<br \/>\n\ud83d\udccd Partida de\u00a0<a href=\"https:\/\/www.google.com\/maps\/place\/Puerto+Col%C3%B3n\/@28.078002,-16.7394902,17z\/data=!3m2!4b1!5s0xc6a97433884bdf9:0x76d293b7b99db23a!4m6!3m5!1s0xc6a9743509c9ebf:0xd62345524f768247!8m2!3d28.078002!4d-16.7369153!16s%2Fg%2F11c6cqryw_?entry=tts&amp;g_ep=EgoyMDI0MDUwNS4wKgBIAVAD\">Puerto Col\u00f3n<\/a>.<\/p>","protected":false},"featured_media":11413,"comment_status":"open","ping_status":"closed","template":"","meta":{"_acf_changed":false},"product_brand":[],"product_cat":[47],"product_tag":[],"class_list":{"0":"post-11406","1":"product","2":"type-product","3":"status-publish","4":"has-post-thumbnail","6":"product_cat-boat-hire-tenerife","7":"wcpa_has_options","9":"first","10":"instock","11":"sale","12":"virtual","13":"purchasable","14":"product-type-simple"},"acf":[],"wcpa_form_fields":{"wcpaData":{"product":{"product_price":855.6,"price_html":"From&nbsp;<del aria-hidden=\"true\"><span class=\"woocommerce-Price-amount amount\"><bdi>930,00&nbsp;<span class=\"woocommerce-Price-currencySymbol\">&euro;<\/span><\/bdi><\/span><\/del> <span class=\"screen-reader-text\">O pre\u00e7o original era: 930,00&nbsp;&euro;.<\/span><ins aria-hidden=\"true\"><span class=\"woocommerce-Price-amount amount\"><bdi>855,60&nbsp;<span class=\"woocommerce-Price-currencySymbol\">&euro;<\/span><\/bdi><\/span><\/ins><span class=\"screen-reader-text\">O pre\u00e7o atual \u00e9: 855,60&nbsp;&euro;.<\/span>","original_product_price":930,"price_including_tax":855.6,"price_excluding_tax":855.6,"product_id":{"parent":11406,"variation":false},"is_variable":false,"stock_status":"instock","stock_quantity":null,"parent_sku":"CV11406","product_attributes":[],"custom_fields":[],"is_taxable":false,"product_name":"Seaduction Luxury Yacht Tenerife","hasImage":false},"fields":{"sec_2663a48fe62c13":{"extra":{"key":"sec_2663a48fe62c13","section_id":"sec_2663a48fe62c13","name":"Default","status":1,"cl_rule":"show","enableCl":false,"relations":[],"toggle":true,"title_tag":"h3","show_title":false,"showPrice":"default","form_id":11407,"form_rules":{"exclude_from_discount":true,"fee_label":"Fee","disp_hide_options_price":true,"disp_show_section_price":false,"disp_show_field_price":true,"layout_option":"standard","pric_use_as_fee":false,"process_fee_as":"woo_fee"},"layout_option":"standard"},"fields":[[{"active":true,"col":6,"relations":false,"cl_rule":"show","enableCl":false,"price":"","enablePrice":false,"className":"oferta-especial","label_position":"default","desc_position":"default","type":"content","required":false,"elementId":"content_0215801483","label":"","name":"content_0215801483","contentType":"rich","value":"<p><strong>\u26a1\ufe0f Exclusive Offer Applied! Available for a limited time only! \u26a1\ufe0f<\/strong><\/p>","isTemplate":false,"error":false,"gt_translate_keys":["label","value"],"price_dependency":false,"cl_dependency":false}],[{"label":"\ud83d\udcc5 Date","active":true,"required":true,"elementId":"date_0663a48fe62c36","picker_type":"custom","picker_mode":"single","placeholder":"","description":"","tooltip":"","name":"date_0663a48fe62c36","label_position":"default","desc_position":"default","enablePrice":false,"className":"","enableCl":false,"relations":[{"operator":"and","rules":[{"operator":"AND","rules":{"cl_field":"radio-group_565c78ffa81208","cl_relation":"is","cl_val":"3 Hour Trip"}}]}],"date_pic_inline":true,"date_pic_inline_hide":true,"min_date":{"type":"days","val":"2"},"max_date":{"type":"days","val":"365"},"date_pic_conf":{"disabledWeeks":[]},"price":"","cl_rule":"show","col":6,"type":"date","error":false,"enableDesign":false,"LabelColor":"","date_conf_custom":{"minDate":"let d = new Date();\nif (d.getHours() >= 18) {\n  d.setDate(d.getDate() + 2);\n} else {\n  d.setDate(d.getDate() + 1);\n}\nreturn d;"},"isWeightTemplate":false,"isTemplate":false,"min_quantity":"1","quantity_decimal":false,"quantity_step":"1","quantity_label":"Quantity","repeater_field_label":"{field_label}","repeater_bind":"","gt_translate_keys":["label","placeholder","description","tooltip","repeater_field_label","quantity_label"],"price_dependency":false,"cl_dependency":false,"value":""}],[{"contentType":"rich","active":true,"label":"","elementId":"content_5663a48fe62c45","value":"<p>\ud83c\udf9f\ufe0f <strong>Reservation<\/strong>: Pay only a deposit now to reserve; the rest is due on the day of the activity upon arrival.<\/p>","inline":false,"name":"content_5663a48fe62c45","enablePrice":false,"className":"","subtype":"p","enableCl":false,"relations":false,"price":"","cl_rule":"show","col":6,"type":"content","error":false,"pricingType":"custom","isTemplate":false,"is_show_price":true,"show_in_checkout":true,"gt_translate_keys":["label","value"],"price_dependency":false,"cl_dependency":false}],[{"elementId":"separator_7663a48fe62c51","separatorType":"blank","className":"","height":"3","enableCl":false,"relations":false,"cl_rule":"show","col":6,"type":"separator","error":false,"gt_translate_keys":[],"price_dependency":false,"cl_dependency":false,"value":""}],[{"active":true,"col":6,"relations":false,"cl_rule":"show","enableCl":false,"price":"","enablePrice":true,"className":"","label_position":"default","desc_position":"default","type":"select","required":true,"elementId":"select_8663a48fe62c5c","label":"\u23f3 Trip Duration","name":"select_8663a48fe62c5c","values":[{"label":"3 Hours (930\u20ac | DISCOUNT NOW 855,60\u20ac)","value":"3","selected":false,"tempId":"aco_556","price":"930","gt_translate_keys":["label"]},{"label":"4 Hours (1.150\u20ac |\u00a0DISCOUNT NOW 1.058\u20ac)","value":"4","selected":false,"tempId":"aco_640","price":"1150","gt_translate_keys":["label"]},{"label":"6 Hours (1.550\u20ac | DISCOUNT NOW 1.426\u20ac)","value":"6","selected":false,"tempId":"aco_660","price":"1550","gt_translate_keys":["label"]},{"label":"8 Hours (1.850\u20ac | DISCOUNT NOW 1.702\u20ac)","value":"8","selected":false,"tempId":"aco_19","price":"1850","gt_translate_keys":["label"]}],"dropdown_type":"basic","error":false,"placeholder":"Select Trip Duration","priceOptions":"different_for_all","pricingType":"fixed","is_show_price":true,"isWeightTemplate":false,"isTemplate":false,"min_quantity":"1","quantity_decimal":false,"quantity_step":"1","quantity_label":"Quantity","repeater_field_label":"{field_label}","repeater_bind":"","gt_translate_keys":["label","placeholder","repeater_field_label","quantity_label"],"price_dependency":["content_6663a48fe62c7b","content_3663a48fe62c85"],"cl_dependency":false,"value":""}],[{"label":"\u2705 Number of People","active":true,"required":true,"elementId":"select_4663a48fe62c66","dropdown_type":"basic","placeholder":"Select Number of People","name":"select_4663a48fe62c66","label_position":"default","desc_position":"default","enablePrice":false,"className":"","enableCl":false,"relations":[{"operator":false,"rules":[{"operator":"AND","rules":{"cl_field":"radio-group_565c78ffa81208","cl_relation":"is","cl_val":"3 Hour Trip"}}]}],"values":[{"label":"1 person","value":"1","selected":false,"tempId":"aco_1471","price":"0","gt_translate_keys":["label"]},{"label":"2 people","value":"2","selected":false,"tempId":"aco_1472","price":"0","gt_translate_keys":["label"]},{"label":"3 people","value":"3","selected":false,"tempId":"aco_1500","price":"0","gt_translate_keys":["label"]},{"label":"4 people","value":"4","selected":false,"tempId":"aco_1510","price":"0","gt_translate_keys":["label"]},{"label":"5 people","value":"5","selected":false,"tempId":"aco_1520","price":"0","gt_translate_keys":["label"]},{"label":"6 people","value":"6","selected":false,"tempId":"aco_1728","price":"0","gt_translate_keys":["label"]},{"label":"7 people","value":"7","selected":false,"tempId":"aco_1738","price":"20","gt_translate_keys":["label"]},{"label":"8 people","value":"8","selected":false,"tempId":"aco_1748","price":"40","gt_translate_keys":["label"]},{"label":"9 people","value":"9","selected":false,"tempId":"aco_1912","price":"60","gt_translate_keys":["label"]},{"label":"10 people","value":"10","selected":false,"tempId":"aco_1922","price":"80","gt_translate_keys":["label"]},{"label":"11 people","value":"11","selected":false,"tempId":"aco_705","price":"100","gt_translate_keys":["label"]},{"label":"12 People","value":"12","selected":false,"tempId":"aco_85","gt_translate_keys":["label"]}],"price":"","cl_rule":"show","col":6,"type":"select","error":false,"priceOptions":"different_for_all","pricingType":"fixed","is_show_price":true,"isWeightTemplate":false,"isTemplate":false,"min_quantity":"1","quantity_decimal":false,"quantity_step":"1","quantity_label":"Quantity","repeater_field_label":"{field_label}","repeater_bind":"","gt_translate_keys":["label","placeholder","repeater_field_label","quantity_label"],"price_dependency":false,"cl_dependency":false,"value":""}],[{"elementId":"separator_7663a48fe62c71","separatorType":"fill","className":"","height":"6","enableCl":false,"relations":false,"cl_rule":"show","col":6,"type":"separator","error":false,"separatorColor":"#66a6b6","gt_translate_keys":[],"price_dependency":false,"cl_dependency":false,"value":""}],[{"active":true,"col":6,"relations":false,"cl_rule":"show","enableCl":false,"price":"({field.select_8663a48fe62c5c.price})*0.20","enablePrice":true,"className":"","label_position":"default","desc_position":"default","type":"content","required":false,"elementId":"content_6663a48fe62c7b","label":"Deposit Payment","name":"content_6663a48fe62c7b","contentType":"plain","value":"","error":false,"pricingType":"custom","isTemplate":false,"is_show_price":false,"enableDesign":true,"scrollBar":false,"use_as_fee":false,"fee_label":"Payment Now","inline":true,"show_in_checkout":true,"subtype":"div","formulaId":"fmla_1708364241278155361","LabelSize":"14px","gt_translate_keys":["label","value"],"price_dependency":["content_8663a48fe62c8f"],"cl_dependency":false}],[{"contentType":"plain","active":true,"label":"Payment at Arrival","elementId":"content_3663a48fe62c85","value":"","inline":true,"show_in_checkout":true,"name":"content_3663a48fe62c85","enablePrice":true,"className":"","fee_label":"Payment at Arrival","subtype":"div","enableCl":false,"relations":false,"scrollBar":false,"enableDesign":true,"pricingType":"custom","isTemplate":false,"price":"(({field.select_8663a48fe62c5c.price})*0.80)*0.90","use_as_fee":false,"is_show_price":true,"cl_rule":"show","col":6,"type":"content","error":false,"formulaId":"fmla_1708360988969136756","LabelSize":"14px","gt_translate_keys":["label","value"],"price_dependency":["content_8663a48fe62c8f"],"cl_dependency":false}],[{"contentType":"plain","active":true,"label":"Total Price","elementId":"content_8663a48fe62c8f","value":"","inline":true,"show_in_checkout":true,"name":"content_8663a48fe62c8f","enablePrice":true,"className":"","fee_label":"Payment at Arrival","subtype":"div","enableCl":false,"relations":false,"scrollBar":false,"enableDesign":true,"LabelSize":"14px","pricingType":"custom","isTemplate":false,"price":"({field.content_6663a48fe62c7b.price}) + ({field.content_3663a48fe62c85.price})","formulaId":"fmla_1708360988969136756","use_as_fee":false,"is_show_price":true,"cl_rule":"show","col":6,"type":"content","error":false,"gt_translate_keys":["label","value"],"price_dependency":false,"cl_dependency":false}],[{"elementId":"separator_0663a48fe62c99","separatorType":"blank","className":"","height":"3","enableCl":false,"relations":false,"cl_rule":"show","col":6,"type":"separator","error":false,"gt_translate_keys":[],"price_dependency":false,"cl_dependency":false,"value":""}],[{"active":true,"col":6,"relations":[{"operator":false,"rules":[{"operator":"AND","rules":{"cl_field":"radio-group_565c78ffa81208","cl_relation":"is","cl_val":"3 Hour Trip"}}]}],"cl_rule":"show","enableCl":false,"price":"","enablePrice":false,"className":"","label_position":"default","desc_position":"default","type":"select","required":false,"elementId":"select_8663a48fe62ca3","label":"\u23f0 Departure","name":"select_8663a48fe62ca3","values":[{"label":"09:00","value":"09:00","selected":false,"tempId":"aco_1471","gt_translate_keys":["label"]},{"label":"10:00","value":"10:00","selected":false,"tempId":"aco_1472","gt_translate_keys":["label"]},{"label":"11:00","value":"11:00","selected":false,"tempId":"aco_1500","gt_translate_keys":["label"]},{"label":"12:00","value":"12:00","selected":false,"tempId":"aco_1510","gt_translate_keys":["label"]},{"label":"13:30 (1:30 PM)","value":"13:30","selected":false,"tempId":"aco_1520","gt_translate_keys":["label"]},{"label":"14:00 (2:00 PM)","value":"14:00","selected":false,"tempId":"aco_1728","gt_translate_keys":["label"]},{"label":"15:00 (3:00 PM)","value":"15:00","selected":false,"tempId":"aco_1738","gt_translate_keys":["label"]}],"dropdown_type":"basic","error":false,"placeholder":"Whichever Time is Best","isWeightTemplate":false,"isTemplate":false,"min_quantity":"1","quantity_decimal":false,"quantity_step":"1","quantity_label":"Quantity","repeater_field_label":"{field_label}","repeater_bind":"","gt_translate_keys":["label","placeholder","repeater_field_label","quantity_label"],"price_dependency":false,"cl_dependency":false,"value":""}],[{"elementId":"separator_4663a48fe62cad","separatorType":"blank","className":"","height":"1","enableCl":false,"relations":false,"cl_rule":"show","col":6,"type":"separator","error":false,"gt_translate_keys":[],"price_dependency":false,"cl_dependency":false,"value":""}]]}},"config":{"price_override":"always","enable_recaptcha":false,"bind_quantity":false,"quantity_bind_formula":false,"disp_summ_show_option_price":true,"disp_summ_show_product_price":false,"disp_summ_show_total_price":false,"disp_summ_show_fee":true,"disp_summ_show_discount":true,"summary_title":"","options_total_label":"Options Price","total_label":"Deposit Amount","options_product_label":"Product Price","fee_label":"Fee","discount_label":"Discount","has_price":true,"has_quantity_formula":false},"mc_unit":1,"tax_rate":1,"tax_rate_real":1,"discount":{"percentage":0,"fixed":0},"design":{"conf":{"LabelPosition":"above","DescPosition":"above","UploadField":"custom_1","QuantityFieldStyle":"custom_1"},"css":{"LeftLabelWidth":"120px"}},"formulas":{"fmla_1708360988969136756":"(({field.select_2663a0ecdc488f.value}>=5)?(640):(({field.select_2663a0ecdc488f.value}>=4)?(520):(({field.select_2663a0ecdc488f.value}>=3)?(440):(0))))","fmla_1708364241278155361":"(({field.select_5841412719.value}>=8)?({field.select_5841412719.price}):(({field.select_5841412719.value}>=5)?({field.select_5841412719.price}):(({field.select_5841412719.value}>=3)?({field.select_5841412719.price}):(0))))"},"lookuptables":[],"clones":false,"cartKey":false}},"_links":{"self":[{"href":"https:\/\/canaryvip.com\/pt\/wp-json\/wp\/v2\/product\/11406","targetHints":{"allow":["GET"]}}],"collection":[{"href":"https:\/\/canaryvip.com\/pt\/wp-json\/wp\/v2\/product"}],"about":[{"href":"https:\/\/canaryvip.com\/pt\/wp-json\/wp\/v2\/types\/product"}],"replies":[{"embeddable":true,"href":"https:\/\/canaryvip.com\/pt\/wp-json\/wp\/v2\/comments?post=11406"}],"wp:featuredmedia":[{"embeddable":true,"href":"https:\/\/canaryvip.com\/pt\/wp-json\/wp\/v2\/media\/11413"}],"wp:attachment":[{"href":"https:\/\/canaryvip.com\/pt\/wp-json\/wp\/v2\/media?parent=11406"}],"wp:term":[{"taxonomy":"product_brand","embeddable":true,"href":"https:\/\/canaryvip.com\/pt\/wp-json\/wp\/v2\/product_brand?post=11406"},{"taxonomy":"product_cat","embeddable":true,"href":"https:\/\/canaryvip.com\/pt\/wp-json\/wp\/v2\/product_cat?post=11406"},{"taxonomy":"product_tag","embeddable":true,"href":"https:\/\/canaryvip.com\/pt\/wp-json\/wp\/v2\/product_tag?post=11406"}],"curies":[{"name":"wp","href":"https:\/\/api.w.org\/{rel}","templated":true}]}}