{"id":11400,"date":"2024-05-07T12:18:46","date_gmt":"2024-05-07T11:18:46","guid":{"rendered":"https:\/\/canaryvip.com\/?post_type=product&#038;p=11400"},"modified":"2025-08-09T12:37:17","modified_gmt":"2025-08-09T11:37:17","slug":"white-heaven-tenerife","status":"publish","type":"product","link":"https:\/\/canaryvip.com\/pt\/shop\/white-heaven-tenerife\/","title":{"rendered":"Barco White Heaven Tenerife"},"content":{"rendered":"<h2><strong>\ud83d\udee5\ufe0f White Heaven Alugar um barco em Tenerife<\/strong><\/h2>\n<p>Experimente a eleg\u00e2ncia e a emo\u00e7\u00e3o das \u00e1guas de Tenerife com o nosso White Heaven Boat Charter, um destaque nos nossos luxuosos alugueres de barcos a motor dispon\u00edveis a partir de <a href=\"https:\/\/www.google.com\/maps\/place\/Puerto+Col%C3%B3n\/@28.078002,-16.7394902,17z\/data=!3m2!4b1!5s0xc6a97433884bdf9:0x76d293b7b99db23a!4m6!3m5!1s0xc6a9743509c9ebf:0xd62345524f768247!8m2!3d28.078002!4d-16.7369153!16s%2Fg%2F11c6cqryw_?entry=tts&amp;g_ep=EgoyMDI0MDUwNS4wKgBIAVAD\" target=\"_blank\" rel=\"noopener\">Puerto Col\u00f3n<\/a>. Perfeito tanto para celebra\u00e7\u00f5es animadas como para passeios tranquilos em fam\u00edlia, o White Heaven foi concebido para proporcionar uma mistura perfeita de velocidade, conforto e momentos inesquec\u00edveis na \u00e1gua, tornando-o a escolha ideal para quem procura <a href=\"https:\/\/canaryvip.com\/pt\/tenerife\/boat-hire-tenerife\/?swcfpc=1\">alugar um barco em Tenerife<\/a>.<\/p>\n<h3>\u2b50\ufe0f <strong>Luxo e emo\u00e7\u00f5es a bordo do White Heaven<\/strong><\/h3>\n<p><span style=\"text-decoration: underline;\"><strong>Principais caracter\u00edsticas do White Heaven:<\/strong><\/span><\/p>\n<ul>\n<li>Equipado com um robusto motor de 700 CV para um cruzeiro r\u00e1pido e eficiente.<\/li>\n<li>Assentos luxuosamente confort\u00e1veis e uma \u00e1rea \u00e0 sombra para desfrutar da brisa do mar sem a luz direta do sol.<\/li>\n<li>Petiscos gourmet saborosos e uma sele\u00e7\u00e3o de bebidas frescas para o manter refrescado.<\/li>\n<li>Um capit\u00e3o e uma tripula\u00e7\u00e3o experientes garantem uma experi\u00eancia segura e agrad\u00e1vel para todos.<\/li>\n<\/ul>\n<h4>\ud83d\udea4 <strong>Comece a sua aventura mar\u00edtima<\/strong><\/h4>\n<p>Embarque na sua viagem a partir de Puerto Col\u00f3n, na Costa Adeje, onde o elegante barco de aluguer White Heaven em Tenerife o aguarda. Concebido para grupos \u00edntimos, este aluguer limita os seus convidados a 11, garantindo uma experi\u00eancia pessoal e exclusiva atrav\u00e9s das belas \u00e1guas de Tenerife. Isto torna-o uma escolha de topo para aqueles que procuram alugar um barco em Tenerife.<\/p>\n<h4>\ud83c\udf0a <strong>Descubra a beleza das \u00e1guas de Tenerife<\/strong><\/h4>\n<p>Uma vez a bordo, descobrir\u00e1 que as encantadoras \u00e1guas azuis de Tenerife oferecem mais do que apenas uma vista - s\u00e3o um parque de divers\u00f5es para os aventureiros e para os que procuram relaxar. Quer esteja a apanhar sol no espa\u00e7oso conv\u00e9s ou a procurar conforto nas \u00e1reas sombreadas, todos os momentos a bordo do White Heaven foram concebidos para encantar e inspirar.<\/p>\n<h4>\ud83d\udc2c <strong>Eleg\u00e2ncia e valor combinados<\/strong><\/h4>\n<p>Na CanaryVIP, melhoramos a sua experi\u00eancia de aluguer de barcos em Tenerife, combinando comodidades de luxo com um valor excecional. Explore as pitorescas costas de Tenerife a bordo do White Heaven, onde cada detalhe, desde a seguran\u00e7a ao entretenimento, \u00e9 meticulosamente gerido para garantir que tenha um passeio de barco inesquec\u00edvel em Tenerife.<\/p>\n<h3>\ud83d\udd52 <strong>Escolha a dura\u00e7\u00e3o da sua viagem preferida<\/strong><\/h3>\n<ul>\n<li><strong>Excurs\u00e3o de 3 horas ao tesouro costeiro<\/strong>: Parta para um passeio de iate de luxo de tr\u00eas horas ao longo da costa sul de Tenerife. Mergulhe nas \u00e1guas cristalinas para fazer snorkeling, ou relaxe e absorva as vistas panor\u00e2micas. Este pequeno aluguer inclui snacks, bebidas e todo o equipamento de snorkeling necess\u00e1rio, oferecendo um vislumbre encantador do para\u00edso, perfeito para um r\u00e1pido passeio de barco em Tenerife.<\/li>\n<li><strong>Excurs\u00e3o de 4 horas \u00e0 costa sul<\/strong>: Mergulhe no luxo e na aventura com a nossa viagem de iate de quatro horas. Explore a bela costa sul, desfrute de snorkeling nas profundezas do oceano e aprecie as vistas deslumbrantes de uma perspetiva \u00fanica. Este charter inclui todas as refei\u00e7\u00f5es, bebidas e equipamento de snorkeling, perfeito para aqueles que procuram elevar a sua escapadela.<\/li>\n<li><strong>Viagem de descoberta de 5 horas<\/strong>: Embarque numa aventura verdadeiramente \u00e9pica com a nossa excurs\u00e3o de iate de cinco horas. Viaje ao longo da pitoresca costa sul de Tenerife, participe em emocionantes sess\u00f5es de mergulho com tubo de respira\u00e7\u00e3o e experimente o majestoso oceano em toda a sua gl\u00f3ria. Este aluguer completo inclui refei\u00e7\u00f5es, bebidas e equipamento de snorkel com tudo inclu\u00eddo, tornando-o ideal para um dia inesquec\u00edvel nas \u00e1guas de Tenerife.<\/li>\n<\/ul>\n<p>Cada op\u00e7\u00e3o de excurs\u00e3o foi concebida para acomodar at\u00e9 seis pessoas, com a possibilidade de adicionar mais participantes por uma taxa adicional de 20 euros por pessoa, at\u00e9 um m\u00e1ximo de onze pessoas. Esta flexibilidade garante que, quer esteja \u00e0 procura de uma breve escapadela ou de uma explora\u00e7\u00e3o prolongada, a sua experi\u00eancia ser\u00e1 confort\u00e1vel, luxuosa e memor\u00e1vel.<\/p>\n<h3>\u2705 <strong>Tudo o que precisa para um dia perfeito no mar<\/strong><\/h3>\n<ul>\n<li>Desfrute de petiscos e bebidas gourmet ilimitados, que satisfazem todas as prefer\u00eancias e necessidades diet\u00e9ticas.<\/li>\n<li>Uma tripula\u00e7\u00e3o multilingue e experiente pronta a satisfazer as suas necessidades, garantindo uma viagem segura e sem problemas.<\/li>\n<\/ul>\n<h3>\ud83d\udccd <strong>Partida de Puerto Col\u00f3n<\/strong><\/h3>\n<p>A sua aventura num passeio de barco em Tenerife come\u00e7a no cora\u00e7\u00e3o da Costa Adeje, com o White Heaven a partir de Puerto Col\u00f3n. Recomendamos que chegue 15 minutos antes da partida para garantir um in\u00edcio de dia sem stress. O porto disp\u00f5e de estacionamento conveniente, facilitando o acesso ao seu charter exclusivo.<\/p>\n<h4>\ud83d\udcdc <strong>Pol\u00edticas de reserva e cancelamento claras e sem problemas<\/strong><\/h4>\n<p>Garantir o seu lugar no White Heaven \u00e9 simples, com o nosso sistema de reservas de f\u00e1cil utiliza\u00e7\u00e3o e pol\u00edticas claras:<\/p>\n<ul>\n<li><strong>Garantia meteorol\u00f3gica<\/strong>: Monitorizamos as condi\u00e7\u00f5es para garantir uma navega\u00e7\u00e3o tranquila. Em caso de cancelamento devido a condi\u00e7\u00f5es climat\u00e9ricas adversas, escolha entre o reagendamento ou o reembolso total, dando prioridade \u00e0 sua seguran\u00e7a e satisfa\u00e7\u00e3o.<\/li>\n<li><strong>Cancelamento flex\u00edvel<\/strong>: A vida \u00e9 imprevis\u00edvel. Cancele a sua reserva at\u00e9 4 dias de anteced\u00eancia para um reembolso total. No prazo de 4 dias, o montante total n\u00e3o \u00e9 reembols\u00e1vel.<\/li>\n<li><strong>Bilhetes digitais<\/strong>: Aceda facilmente aos seus cart\u00f5es de embarque atrav\u00e9s do seu telem\u00f3vel ou de uma c\u00f3pia impressa para maior comodidade.<\/li>\n<\/ul>\n<p><strong>Reserve hoje mesmo a sua viagem memor\u00e1vel no White Heaven com a CanaryVIP e navegue para um dia repleto de luxo, conforto e aventuras mar\u00edtimas inesquec\u00edveis.<\/strong><\/p>","protected":false},"excerpt":{"rendered":"<p>\ud83d\udd0d <strong>Detalhes do c\u00e9u branco:<\/strong><br \/>\n\u2705 Pagamento seguro.<br \/>\n\ud83d\udd10 Visitas privadas.<br \/>\n\ud83d\udee5\ufe0f Barco de 11 metros.<br \/>\n\u23f3 Passeios di\u00e1rios de 3-5h.<br \/>\n\ud83d\udd59 Hor\u00e1rios de partida personaliz\u00e1veis.<br \/>\n\ud83c\udf74 Refei\u00e7\u00f5es e bebidas inclu\u00eddas.<br \/>\n\ud83d\udc65 At\u00e9 11 pessoas.<br \/>\n\ud83e\udd3f O equipamento de snorkel \u00e9 fornecido.<br \/>\n\ud83e\udd11 Melhor pre\u00e7o garantido.<br \/>\n\ud83d\udc6a  Descontos activados.<br \/>\n\ud83d\udd01 Cancelamento at\u00e9 4 dias.<br \/>\n\ud83c\udf0d Tripula\u00e7\u00e3o multilingue.<br \/>\n\ud83c\udf1f Reserve com anteced\u00eancia e poupe!<br \/>\n\ud83d\udccd Partida de <a href=\"https:\/\/www.google.com\/maps\/place\/Puerto+Col%C3%B3n\/@28.078002,-16.7394902,17z\/data=!3m2!4b1!5s0xc6a97433884bdf9:0x76d293b7b99db23a!4m6!3m5!1s0xc6a9743509c9ebf:0xd62345524f768247!8m2!3d28.078002!4d-16.7369153!16s%2Fg%2F11c6cqryw_?entry=tts&amp;g_ep=EgoyMDI0MDUwNS4wKgBIAVAD\">Puerto Col\u00f3n<\/a>.<\/p>","protected":false},"featured_media":11401,"comment_status":"open","ping_status":"closed","template":"","meta":{"_acf_changed":false},"product_brand":[],"product_cat":[47],"product_tag":[],"class_list":{"0":"post-11400","1":"product","2":"type-product","3":"status-publish","4":"has-post-thumbnail","6":"product_cat-boat-hire-tenerife","7":"wcpa_has_options","9":"first","10":"instock","11":"virtual","12":"purchasable","13":"product-type-simple"},"acf":[],"wcpa_form_fields":{"wcpaData":{"product":{"product_price":600,"price_html":"From&nbsp;<span class=\"woocommerce-Price-amount amount\"><bdi>600,00&nbsp;<span class=\"woocommerce-Price-currencySymbol\">&euro;<\/span><\/bdi><\/span>","original_product_price":600,"price_including_tax":600,"price_excluding_tax":600,"product_id":{"parent":11400,"variation":false},"is_variable":false,"stock_status":"instock","stock_quantity":null,"parent_sku":"CV11400","product_attributes":[],"custom_fields":[],"is_taxable":false,"product_name":"White Heaven Boat Tenerife","hasImage":false},"fields":{"sec_4663a0ecdc484d":{"extra":{"key":"sec_4663a0ecdc484d","section_id":"sec_4663a0ecdc484d","name":"Default","status":1,"cl_rule":"show","enableCl":false,"relations":[],"toggle":true,"title_tag":"h3","show_title":false,"showPrice":"default","form_id":11405,"form_rules":{"exclude_from_discount":true,"fee_label":"Fee","disp_hide_options_price":true,"disp_show_section_price":false,"disp_show_field_price":true,"layout_option":"standard","pric_use_as_fee":false,"process_fee_as":"woo_fee"},"layout_option":"standard"},"fields":[[{"label":"\ud83d\udcc5 Date","active":true,"required":true,"elementId":"date_6663a0ecdc486b","picker_type":"custom","picker_mode":"single","placeholder":"","description":"","tooltip":"","name":"date_6663a0ecdc486b","label_position":"default","desc_position":"default","enablePrice":false,"className":"","enableCl":false,"relations":[{"operator":"and","rules":[{"operator":"AND","rules":{"cl_field":"radio-group_565c78ffa81208","cl_relation":"is","cl_val":"3 Hour Trip"}}]}],"date_pic_inline":true,"date_pic_inline_hide":true,"min_date":{"type":"days","val":"2"},"max_date":{"type":"days","val":"365"},"date_pic_conf":{"disabledWeeks":[]},"price":"","cl_rule":"show","col":6,"type":"date","error":false,"enableDesign":false,"LabelColor":"","gt_translate_keys":["label","placeholder","description","tooltip"],"price_dependency":false,"cl_dependency":false,"value":""}],[{"contentType":"rich","active":true,"label":"","elementId":"content_2663a0ecdc4879","value":"<p>\ud83c\udf9f\ufe0f <strong>Reservation<\/strong>: Pay only a deposit now to reserve; the rest is due on the day of the activity upon arrival.<\/p>","inline":false,"name":"content_2663a0ecdc4879","enablePrice":false,"className":"","subtype":"p","enableCl":false,"relations":false,"price":"","cl_rule":"show","col":6,"type":"content","error":false,"pricingType":"custom","isTemplate":false,"is_show_price":true,"show_in_checkout":true,"gt_translate_keys":["label","value"],"price_dependency":false,"cl_dependency":false}],[{"elementId":"separator_5663a0ecdc4885","separatorType":"blank","className":"","height":"3","enableCl":false,"relations":false,"cl_rule":"show","col":6,"type":"separator","error":false,"gt_translate_keys":[],"price_dependency":false,"cl_dependency":false,"value":""}],[{"active":true,"col":6,"relations":false,"cl_rule":"show","enableCl":false,"price":"","enablePrice":true,"className":"","label_position":"default","desc_position":"default","type":"select","required":true,"elementId":"select_2663a0ecdc488f","label":"\u23f3 Trip Duration","name":"select_2663a0ecdc488f","values":[{"label":"3 Hours (600\u20ac)","value":"3","selected":false,"tempId":"aco_556","price":"600","gt_translate_keys":["label"]},{"label":"4 Hours (800\u20ac)","value":"4","selected":false,"tempId":"aco_640","price":"800","gt_translate_keys":["label"]},{"label":"5 Hours (1000\u20ac)","value":"5","selected":false,"tempId":"aco_660","price":"1000","gt_translate_keys":["label"]}],"dropdown_type":"basic","error":false,"placeholder":"Select Trip Duration","priceOptions":"different_for_all","pricingType":"fixed","is_show_price":true,"gt_translate_keys":["label","placeholder"],"price_dependency":["content_8663a0ecdc48a2","content_9663a0ecdc48ab"],"cl_dependency":false,"value":""}],[{"label":"\u2705 Number of People","active":true,"required":true,"elementId":"select_6663a0ecdc48db","dropdown_type":"basic","placeholder":"Select Number of People","name":"select_6663a0ecdc48db","label_position":"default","desc_position":"default","enablePrice":true,"className":"","enableCl":false,"relations":[{"operator":false,"rules":[{"operator":"AND","rules":{"cl_field":"radio-group_565c78ffa81208","cl_relation":"is","cl_val":"3 Hour Trip"}}]}],"values":[{"label":"1 person","value":"1","selected":false,"tempId":"aco_1471","price":"0","gt_translate_keys":["label"]},{"label":"2 people","value":"2","selected":false,"tempId":"aco_1472","price":"0","gt_translate_keys":["label"]},{"label":"3 people","value":"3","selected":false,"tempId":"aco_1500","price":"0","gt_translate_keys":["label"]},{"label":"4 people","value":"4","selected":false,"tempId":"aco_1510","price":"0","gt_translate_keys":["label"]},{"label":"5 people","value":"5","selected":false,"tempId":"aco_1520","price":"0","gt_translate_keys":["label"]},{"label":"6 people","value":"6","selected":false,"tempId":"aco_1728","price":"0","gt_translate_keys":["label"]},{"label":"7 people (+20\u20ac)","value":"7","selected":false,"tempId":"aco_1738","price":"20","gt_translate_keys":["label"]},{"label":"8 people (+40\u20ac)","value":"8","selected":false,"tempId":"aco_1748","price":"40","gt_translate_keys":["label"]},{"label":"9 people (+60\u20ac)","value":"9","selected":false,"tempId":"aco_1912","price":"60","gt_translate_keys":["label"]},{"label":"10 people (+80\u20ac)","value":"10","selected":false,"tempId":"aco_1922","price":"80","gt_translate_keys":["label"]},{"label":"11 people (+100\u20ac)","value":"11","selected":false,"tempId":"aco_705","price":"100","gt_translate_keys":["label"]}],"price":"","cl_rule":"show","col":6,"type":"select","error":false,"priceOptions":"different_for_all","pricingType":"fixed","is_show_price":true,"gt_translate_keys":["label","placeholder"],"price_dependency":["content_8663a0ecdc48a2","content_9663a0ecdc48ab"],"cl_dependency":false,"value":""}],[{"elementId":"separator_6663a0ecdc4899","separatorType":"fill","className":"","height":"6","enableCl":false,"relations":false,"cl_rule":"show","col":6,"type":"separator","error":false,"separatorColor":"#66a6b6","gt_translate_keys":[],"price_dependency":false,"cl_dependency":false,"value":""}],[{"active":true,"col":6,"relations":false,"cl_rule":"show","enableCl":false,"price":"({field.select_2663a0ecdc488f.price} + {field.select_6663a0ecdc48db.price})*0.20","enablePrice":true,"className":"","label_position":"default","desc_position":"default","type":"content","required":false,"elementId":"content_8663a0ecdc48a2","label":"Deposit Payment","name":"content_8663a0ecdc48a2","contentType":"plain","value":"","error":false,"pricingType":"custom","isTemplate":false,"is_show_price":false,"enableDesign":true,"scrollBar":false,"use_as_fee":false,"fee_label":"Payment Now","inline":true,"show_in_checkout":true,"subtype":"div","formulaId":"fmla_1708364241278155361","LabelSize":"14px","gt_translate_keys":["label","value"],"price_dependency":["content_8663a0ecdc48b4"],"cl_dependency":false}],[{"contentType":"plain","active":true,"label":"Payment at Arrival","elementId":"content_9663a0ecdc48ab","value":"","inline":true,"show_in_checkout":true,"name":"content_9663a0ecdc48ab","enablePrice":true,"className":"","fee_label":"Payment at Arrival","subtype":"div","enableCl":false,"relations":false,"scrollBar":false,"enableDesign":true,"pricingType":"custom","isTemplate":false,"price":"({field.select_2663a0ecdc488f.price} + {field.select_6663a0ecdc48db.price})*0.80","use_as_fee":false,"is_show_price":true,"cl_rule":"show","col":6,"type":"content","error":false,"formulaId":"fmla_1708360988969136756","LabelSize":"14px","gt_translate_keys":["label","value"],"price_dependency":["content_8663a0ecdc48b4"],"cl_dependency":false}],[{"contentType":"plain","active":true,"label":"Total Price","elementId":"content_8663a0ecdc48b4","value":"","inline":true,"show_in_checkout":true,"name":"content_8663a0ecdc48b4","enablePrice":true,"className":"","fee_label":"Payment at Arrival","subtype":"div","enableCl":false,"relations":false,"scrollBar":false,"enableDesign":true,"LabelSize":"14px","pricingType":"custom","isTemplate":false,"price":"({field.content_8663a0ecdc48a2.price}) + ({field.content_9663a0ecdc48ab.price})","formulaId":"fmla_1708360988969136756","use_as_fee":false,"is_show_price":true,"cl_rule":"show","col":6,"type":"content","error":false,"gt_translate_keys":["label","value"],"price_dependency":false,"cl_dependency":false}],[{"elementId":"separator_1663a0ecdc48bf","separatorType":"blank","className":"","height":"3","enableCl":false,"relations":false,"cl_rule":"show","col":6,"type":"separator","error":false,"gt_translate_keys":[],"price_dependency":false,"cl_dependency":false,"value":""}],[{"active":true,"col":6,"relations":[{"operator":false,"rules":[{"operator":"AND","rules":{"cl_field":"radio-group_565c78ffa81208","cl_relation":"is","cl_val":"3 Hour Trip"}}]}],"cl_rule":"show","enableCl":false,"price":"","enablePrice":false,"className":"","label_position":"default","desc_position":"default","type":"select","required":false,"elementId":"select_7663a0ecdc48c8","label":"\u23f0 Departure","name":"select_7663a0ecdc48c8","values":[{"label":"09:00","value":"09:00","selected":false,"tempId":"aco_1471","gt_translate_keys":["label"]},{"label":"10:00","value":"10:00","selected":false,"tempId":"aco_1472","gt_translate_keys":["label"]},{"label":"11:00","value":"11:00","selected":false,"tempId":"aco_1500","gt_translate_keys":["label"]},{"label":"12:00","value":"12:00","selected":false,"tempId":"aco_1510","gt_translate_keys":["label"]},{"label":"13:00 (1:00 PM)","value":"13:00","selected":false,"tempId":"aco_1520","gt_translate_keys":["label"]},{"label":"14:00 (2:00 PM)","value":"14:00","selected":false,"tempId":"aco_1728","gt_translate_keys":["label"]},{"label":"15:00 (3:00 PM)","value":"15:00","selected":false,"tempId":"aco_1738","gt_translate_keys":["label"]}],"dropdown_type":"basic","error":false,"placeholder":"Whichever Time is Best","gt_translate_keys":["label","placeholder"],"price_dependency":false,"cl_dependency":false,"value":""}],[{"elementId":"separator_0663a0ecdc48d2","separatorType":"blank","className":"","height":"1","enableCl":false,"relations":false,"cl_rule":"show","col":6,"type":"separator","error":false,"gt_translate_keys":[],"price_dependency":false,"cl_dependency":false,"value":""}]]}},"config":{"price_override":"always","enable_recaptcha":false,"bind_quantity":false,"quantity_bind_formula":false,"disp_summ_show_option_price":true,"disp_summ_show_product_price":false,"disp_summ_show_total_price":false,"disp_summ_show_fee":true,"disp_summ_show_discount":true,"summary_title":"","options_total_label":"Options Price","total_label":"Deposit Amount","options_product_label":"Product Price","fee_label":"Fee","discount_label":"Discount","has_price":true,"has_quantity_formula":false},"mc_unit":1,"tax_rate":1,"tax_rate_real":1,"discount":{"percentage":0,"fixed":0},"design":{"conf":{"LabelPosition":"above","DescPosition":"above","UploadField":"custom_1","QuantityFieldStyle":"custom_1"},"css":{"LeftLabelWidth":"120px"}},"formulas":{"fmla_1708360988969136756":"(({field.select_2663a0ecdc488f.value}>=5)?(640):(({field.select_2663a0ecdc488f.value}>=4)?(520):(({field.select_2663a0ecdc488f.value}>=3)?(440):(0))))","fmla_1708364241278155361":"(({field.select_5841412719.value}>=8)?({field.select_5841412719.price}):(({field.select_5841412719.value}>=5)?({field.select_5841412719.price}):(({field.select_5841412719.value}>=3)?({field.select_5841412719.price}):(0))))"},"lookuptables":[],"clones":false,"cartKey":false}},"_links":{"self":[{"href":"https:\/\/canaryvip.com\/pt\/wp-json\/wp\/v2\/product\/11400","targetHints":{"allow":["GET"]}}],"collection":[{"href":"https:\/\/canaryvip.com\/pt\/wp-json\/wp\/v2\/product"}],"about":[{"href":"https:\/\/canaryvip.com\/pt\/wp-json\/wp\/v2\/types\/product"}],"replies":[{"embeddable":true,"href":"https:\/\/canaryvip.com\/pt\/wp-json\/wp\/v2\/comments?post=11400"}],"wp:featuredmedia":[{"embeddable":true,"href":"https:\/\/canaryvip.com\/pt\/wp-json\/wp\/v2\/media\/11401"}],"wp:attachment":[{"href":"https:\/\/canaryvip.com\/pt\/wp-json\/wp\/v2\/media?parent=11400"}],"wp:term":[{"taxonomy":"product_brand","embeddable":true,"href":"https:\/\/canaryvip.com\/pt\/wp-json\/wp\/v2\/product_brand?post=11400"},{"taxonomy":"product_cat","embeddable":true,"href":"https:\/\/canaryvip.com\/pt\/wp-json\/wp\/v2\/product_cat?post=11400"},{"taxonomy":"product_tag","embeddable":true,"href":"https:\/\/canaryvip.com\/pt\/wp-json\/wp\/v2\/product_tag?post=11400"}],"curies":[{"name":"wp","href":"https:\/\/api.w.org\/{rel}","templated":true}]}}