{"id":11386,"date":"2024-05-06T14:37:45","date_gmt":"2024-05-06T13:37:45","guid":{"rendered":"https:\/\/canaryvip.com\/?post_type=product&#038;p=11386"},"modified":"2025-08-09T12:38:08","modified_gmt":"2025-08-09T11:38:08","slug":"valkyrie-yacht-hire-tenerife","status":"publish","type":"product","link":"https:\/\/canaryvip.com\/pt\/shop\/valkyrie-yacht-hire-tenerife\/","title":{"rendered":"Aluguer de barcos Valkyrie em Tenerife"},"content":{"rendered":"<h2>\ud83d\udee5\ufe0f Valkyrie Yacht Charter Tenerife<\/h2>\n<p>Embarque numa aventura num iate privado em Tenerife com o Valkyrie Yacht da CanaryVIP, que combina luxo, descontra\u00e7\u00e3o e emo\u00e7\u00e3o <a href=\"https:\/\/canaryvip.com\/pt\/tenerife\/boat-hire-tenerife\/\">aluguer de barcos<\/a> ao longo da deslumbrante costa de Tenerife. Este requintado barco de 15 metros <em>Modelo Princess 45 Fly<\/em> foi concebido para proporcionar conforto e estilo, oferecendo um aluguer de iate \u00edntimo para um m\u00e1ximo de 10 h\u00f3spedes.<\/p>\n<h3>\u2b50\ufe0f <strong>Luxo e conforto inigual\u00e1veis a bordo<\/strong><\/h3>\n<p><span style=\"text-decoration: underline;\"><strong>Explore as caracter\u00edsticas not\u00e1veis da Valkyrie:<\/strong><\/span><\/p>\n<ul>\n<li>Amplo deck concebido para relaxamento e vistas panor\u00e2micas.<\/li>\n<li>WiFi, altifalantes Bluetooth e uma conveniente plataforma de banho.<\/li>\n<li>Cabinas com duche e casa de banho privativos, ideais para mudar de roupa ou descansar.<\/li>\n<li>Equipamento de snorkeling, barbatanas de nata\u00e7\u00e3o e uma prancha de paddle para actividades aqu\u00e1ticas.<\/li>\n<\/ul>\n<h3>\ud83d\udea4 <strong>Escolha o seu passeio de barco ideal em Tenerife<\/strong><\/h3>\n<h4>Viagem de 3 horas<\/h4>\n<p>Ideal para fam\u00edlias e grupos que procuram um passeio de barco privado r\u00e1pido mas memor\u00e1vel em Tenerife.<\/p>\n<ul>\n<li>Navegue ao longo da deslumbrante costa de Tenerife com oportunidades de avistar golfinhos e baleias.<\/li>\n<li>Ancorar para nadar, fazer snorkeling e paddle-boarding nas \u00e1guas l\u00edmpidas.<\/li>\n<li>Desfrute de um bar aberto com uma sele\u00e7\u00e3o de bebidas alco\u00f3licas, incluindo cava, bebidas espirituosas, bebidas mistas e cervejas, juntamente com uma variedade de bebidas n\u00e3o alco\u00f3licas, tanto quentes como frias.<\/li>\n<li>Prove pizzas assadas, tortilhas e paellas quentes a pedido, complementadas por uma variedade de snacks ligeiros e aperitivos.<\/li>\n<\/ul>\n<h4>Explora\u00e7\u00e3o de 5 horas<\/h4>\n<p>Descubra mais da beleza costeira de Tenerife com tempo extra para actividades aqu\u00e1ticas.<\/p>\n<ul>\n<li>Navegue pela not\u00e1vel costa de Tenerife, mantendo-se atento \u00e0 vida marinha.<\/li>\n<li>Ancorar perto da Ba\u00eda de Arme\u00f1ime para fazer snorkeling, nadar ou relaxar no conv\u00e9s.<\/li>\n<li>Delicie-se com snacks gourmet, incluindo pizzas, tortilhas e paellas quentes personalizadas, juntamente com bandejas de refei\u00e7\u00f5es ligeiras e aperitivos.<\/li>\n<li>Saboreie um bar aberto completo com bebidas alco\u00f3licas e n\u00e3o alco\u00f3licas, al\u00e9m de caf\u00e9 quente servido durante toda a viagem.<\/li>\n<\/ul>\n<h4>Grande circuito de 8 horas<\/h4>\n<p>Mergulhe profundamente nas maravilhas costeiras de Tenerife, viajando at\u00e9 Los Gigantes e Masca.<\/p>\n<ul>\n<li>Navegue por penhascos e enseadas dram\u00e1ticas com v\u00e1rias paragens para actividades aqu\u00e1ticas.<\/li>\n<li>Ancore em locais deslumbrantes para nadar, jantar e apreciar as incr\u00edveis paisagens de Tenerife.<\/li>\n<li>Desfrute de uma experi\u00eancia gastron\u00f3mica abrangente com pizzas assadas, tortilhas, paellas quentes feitas por encomenda e uma variedade de tabuleiros repletos de snacks ligeiros e aperitivos.<\/li>\n<li>Desfrute de uma vasta sele\u00e7\u00e3o de bebidas do bar aberto, garantindo uma experi\u00eancia refrescante durante toda a sua aventura.<\/li>\n<\/ul>\n<h3>\u2705 <strong>Servi\u00e7o com tudo inclu\u00eddo para a sua aventura num iate privado em Tenerife<\/strong><\/h3>\n<ul>\n<li>Bebidas ilimitadas e snacks gourmet para todas as idades.<\/li>\n<li>Uma tripula\u00e7\u00e3o simp\u00e1tica e multilingue pronta a ajudar, incluindo um capit\u00e3o e uma empregada de mesa.<\/li>\n<li>Equipamento de snorkeling de alta qualidade e pranchas de paddle para uma divers\u00e3o sem fim.<\/li>\n<\/ul>\n<h3>\ud83d\udccd <strong>Comece a sua aventura de aluguer de barcos em Tenerife em Las Galletas<\/strong><\/h3>\n<p><a href=\"https:\/\/www.google.com\/maps\/place\/Marina+del+Sur+Tenerife.+Puerto+de+Las+Galletas.\/@28.0069667,-16.6636839,16z\/data=!3m1!4b1!4m6!3m5!1s0xc6aa271048d957b:0x66913daf70f663b3!8m2!3d28.006962!4d-16.661109!16s%2Fg%2F1tfzyr98?entry=tts\" target=\"_blank\" rel=\"noopener\">Las Galletas<\/a> \u00e9 a sua porta de entrada para a derradeira viagem de iate privado em Tenerife, oferecendo um amplo estacionamento para uma experi\u00eancia sem stress.<\/p>\n<h4>\ud83d\udcdc <strong>Reservas sem esfor\u00e7o e pol\u00edticas claras<\/strong><\/h4>\n<p>O CanaryVIP garante um processo de reserva sem problemas com pol\u00edticas transparentes:<\/p>\n<ul>\n<li><strong>Garantia meteorol\u00f3gica:<\/strong> Reagendar ou receber um reembolso total se o tempo n\u00e3o for adequado.<\/li>\n<li><strong>Cancelamento flex\u00edvel:<\/strong> Cancele at\u00e9 5 dias antes da viagem para um reembolso total, 3-5 dias para 70% e 1-3 dias para 35%.<\/li>\n<li><strong>Bilhetes de acesso f\u00e1cil:<\/strong> Mantenha o seu cart\u00e3o de embarque \u00e0 m\u00e3o no seu telem\u00f3vel para um embarque sem complica\u00e7\u00f5es.<\/li>\n<li><strong>Cuidados abrangentes:<\/strong> Se necessitar de terminar a viagem mais cedo, a tripula\u00e7\u00e3o prestar\u00e1 assist\u00eancia (embora n\u00e3o haja lugar a reembolsos).<\/li>\n<li><strong>Flexibilidade de pagamento:<\/strong> Escolha a op\u00e7\u00e3o de pagamento que mais lhe conv\u00e9m.<\/li>\n<\/ul>\n<p>Reserve hoje mesmo o seu cruzeiro no iate Valkyrie com a CanaryVIP para alugar um barco em Tenerife e experimente um aluguer de iate privado como nunca antes, desbloqueando momentos inesquec\u00edveis no mar.<\/p>","protected":false},"excerpt":{"rendered":"<p>\ud83d\udd0d <strong>Aluguer de iates Valkyrie:<\/strong><br \/>\n\u2705 Pagamento seguro.<br \/>\n\ud83d\udd10 Visitas privadas.<br \/>\n\ud83d\udee5\ufe0f Iate de 15 metros.<br \/>\n\u23f3 Passeios di\u00e1rios de 3-8h.<br \/>\n\ud83d\udd59 Hor\u00e1rios de partida personaliz\u00e1veis.<br \/>\n\ud83c\udf74 Refei\u00e7\u00f5es e bebidas inclu\u00eddas.<br \/>\n\ud83d\udc65 At\u00e9 10 pessoas.<br \/>\n\ud83c\udfc4\u200d\u2640\ufe0f Inclui pranchas de paddle.<br \/>\n\ud83e\udd3f O equipamento de snorkel \u00e9 fornecido.<br \/>\n\ud83d\udd0a Reproduzir a sua m\u00fasica.<br \/>\n\ud83d\ude97 Servi\u00e7o de transporte inclu\u00eddo.<br \/>\n\ud83e\udd11 Melhor pre\u00e7o garantido.<br \/>\n\ud83d\udc6a  Descontos activados.<br \/>\n\ud83d\udd01 Cancelamento at\u00e9 5 dias.<br \/>\n\ud83c\udf0d Tripula\u00e7\u00e3o multilingue.<br \/>\n\ud83c\udf1f Reserve com anteced\u00eancia e poupe!<br \/>\n\ud83d\udccd Partida de <a href=\"https:\/\/www.google.com\/maps\/place\/Marina+del+Sur+Tenerife.+Puerto+de+Las+Galletas.\/@28.0069667,-16.6636839,16z\/data=!3m1!4b1!4m6!3m5!1s0xc6aa271048d957b:0x66913daf70f663b3!8m2!3d28.006962!4d-16.661109!16s%2Fg%2F1tfzyr98?entry=tts\">Las Galletas<\/a>.<\/p>","protected":false},"featured_media":11387,"comment_status":"open","ping_status":"closed","template":"","meta":{"_acf_changed":false},"product_brand":[],"product_cat":[47],"product_tag":[],"class_list":{"0":"post-11386","1":"product","2":"type-product","3":"status-publish","4":"has-post-thumbnail","6":"product_cat-boat-hire-tenerife","7":"wcpa_has_options","9":"first","10":"instock","11":"virtual","12":"purchasable","13":"product-type-simple"},"acf":[],"wcpa_form_fields":{"wcpaData":{"product":{"product_price":750,"price_html":"From&nbsp;<span class=\"woocommerce-Price-amount amount\"><bdi>750,00&nbsp;<span class=\"woocommerce-Price-currencySymbol\">&euro;<\/span><\/bdi><\/span>","original_product_price":750,"price_including_tax":750,"price_excluding_tax":750,"product_id":{"parent":11386,"variation":false},"is_variable":false,"stock_status":"instock","stock_quantity":null,"parent_sku":"CV11386","product_attributes":[],"custom_fields":[],"is_taxable":false,"product_name":"Valkyrie Boat Hire Tenerife","hasImage":false},"fields":{"sec_16638eb5b2356a":{"extra":{"key":"sec_16638eb5b2356a","section_id":"sec_16638eb5b2356a","name":"Default","status":1,"cl_rule":"show","enableCl":false,"relations":[],"toggle":true,"title_tag":"h3","show_title":false,"showPrice":"default","form_id":11397,"form_rules":{"exclude_from_discount":true,"fee_label":"Fee","disp_hide_options_price":true,"disp_show_section_price":false,"disp_show_field_price":true,"layout_option":"standard","pric_use_as_fee":false,"process_fee_as":"woo_fee"},"layout_option":"standard"},"fields":[[{"label":"\ud83d\udcc5 Date","active":true,"required":true,"elementId":"date_06638eb5b2358a","picker_type":"custom","picker_mode":"single","placeholder":"","description":"","tooltip":"","name":"date_06638eb5b2358a","label_position":"default","desc_position":"default","enablePrice":false,"className":"","enableCl":false,"relations":[{"operator":"and","rules":[{"operator":"AND","rules":{"cl_field":"radio-group_565c78ffa81208","cl_relation":"is","cl_val":"3 Hour Trip"}}]}],"date_pic_inline":true,"date_pic_inline_hide":true,"min_date":{"type":"days","val":"2"},"max_date":{"type":"days","val":"365"},"date_pic_conf":{"disabledWeeks":[]},"price":"","cl_rule":"show","col":6,"type":"date","error":false,"enableDesign":false,"LabelColor":"","gt_translate_keys":["label","placeholder","description","tooltip"],"price_dependency":false,"cl_dependency":false,"value":""}],[{"contentType":"rich","active":true,"label":"","elementId":"content_86638eb5b23598","value":"<p>\ud83c\udf9f\ufe0f <strong>Reservation<\/strong>: Pay only a deposit now to reserve; the rest is due on the day of the activity upon arrival.<\/p>","inline":false,"name":"content_86638eb5b23598","enablePrice":false,"className":"","subtype":"p","enableCl":false,"relations":false,"price":"","cl_rule":"show","col":6,"type":"content","error":false,"pricingType":"custom","isTemplate":false,"is_show_price":true,"show_in_checkout":true,"gt_translate_keys":["label","value"],"price_dependency":false,"cl_dependency":false}],[{"elementId":"separator_56638eb5b235a4","separatorType":"blank","className":"","height":"3","enableCl":false,"relations":false,"cl_rule":"show","col":6,"type":"separator","error":false,"gt_translate_keys":[],"price_dependency":false,"cl_dependency":false,"value":""}],[{"active":true,"col":6,"relations":false,"cl_rule":"show","enableCl":false,"price":"","enablePrice":true,"className":"","label_position":"default","desc_position":"default","type":"select","required":true,"elementId":"select_56638eb5b235ae","label":"\u23f3 Trip Duration","name":"select_56638eb5b235ae","values":[{"label":"3 Hours (750\u20ac)","value":"1","selected":false,"tempId":"aco_556","price":"750","gt_translate_keys":["label"]},{"label":"5 Hours (1.150\u20ac)","value":"2","selected":false,"tempId":"aco_640","price":"1150","gt_translate_keys":["label"]},{"label":"8 Hours (1.600\u20ac)","value":"3","selected":false,"tempId":"aco_660","price":"1600","gt_translate_keys":["label"]}],"dropdown_type":"basic","error":false,"placeholder":"Select Trip Duration","priceOptions":"different_for_all","pricingType":"fixed","is_show_price":true,"gt_translate_keys":["label","placeholder"],"price_dependency":["content_86638eb5b235c3"],"cl_dependency":false,"value":""}],[{"elementId":"separator_86638eb5b235b9","separatorType":"fill","className":"","height":"6","enableCl":false,"relations":false,"cl_rule":"show","col":6,"type":"separator","error":false,"separatorColor":"#66a6b6","gt_translate_keys":[],"price_dependency":false,"cl_dependency":false,"value":""}],[{"active":true,"col":6,"relations":false,"cl_rule":"show","enableCl":false,"price":"{field.select_56638eb5b235ae.price}","enablePrice":true,"className":"","label_position":"default","desc_position":"default","type":"content","required":false,"elementId":"content_86638eb5b235c3","label":"Deposit Payment","name":"content_86638eb5b235c3","contentType":"plain","value":"","error":false,"pricingType":"custom","isTemplate":true,"is_show_price":false,"enableDesign":true,"scrollBar":false,"use_as_fee":false,"fee_label":"Payment Now","inline":true,"show_in_checkout":true,"subtype":"div","formulaId":"fmla_1718295979528641619","LabelSize":"14px","gt_translate_keys":["label","value"],"price_dependency":["content_36638eb5b235d5"],"cl_dependency":false}],[{"contentType":"plain","active":true,"label":"Payment at Arrival","elementId":"content_36638eb5b235cc","value":"","inline":true,"show_in_checkout":true,"name":"content_36638eb5b235cc","enablePrice":true,"className":"","fee_label":"Payment at Arrival","subtype":"div","enableCl":false,"relations":false,"scrollBar":false,"enableDesign":true,"pricingType":"custom","isTemplate":true,"price":"({field.radio-group_965c78ffa8129a.quantity}*22) + ({field.radio-group_865c78ffa812a3.quantity}*11)","use_as_fee":false,"is_show_price":true,"cl_rule":"show","col":6,"type":"content","error":false,"formulaId":"fmla_1718296441738487083","LabelSize":"14px","gt_translate_keys":["label","value"],"price_dependency":["content_36638eb5b235d5"],"cl_dependency":false}],[{"contentType":"plain","active":true,"label":"Total Price","elementId":"content_36638eb5b235d5","value":"","inline":true,"show_in_checkout":true,"name":"content_36638eb5b235d5","enablePrice":true,"className":"","fee_label":"Payment at Arrival","subtype":"div","enableCl":false,"relations":false,"scrollBar":false,"enableDesign":true,"LabelSize":"14px","pricingType":"custom","isTemplate":false,"price":"({field.content_86638eb5b235c3.price}) + ({field.content_36638eb5b235cc.price})","formulaId":"fmla_1708360988969136756","use_as_fee":false,"is_show_price":true,"cl_rule":"show","col":6,"type":"content","error":false,"gt_translate_keys":["label","value"],"price_dependency":false,"cl_dependency":false}]]},"sec_26638eb5b235d6":{"extra":{"key":"sec_26638eb5b235d6","section_id":"sec_26638eb5b235d6","name":"Pickup Location","status":1,"cl_rule":"show","enableCl":false,"relations":[],"toggle":true,"title_tag":"h4","show_title":false,"showPrice":"default","form_id":11397,"form_rules":{"exclude_from_discount":true,"fee_label":"Fee","disp_hide_options_price":true,"disp_show_section_price":false,"disp_show_field_price":true,"layout_option":"standard","pric_use_as_fee":false,"process_fee_as":"woo_fee"},"layout_option":"standard"},"fields":[[{"elementId":"separator_36638eb5b235e0","separatorType":"blank","className":"","height":"3","enableCl":false,"relations":false,"cl_rule":"show","col":6,"type":"separator","error":false,"gt_translate_keys":[],"price_dependency":false,"cl_dependency":false,"value":""}],[{"active":true,"col":6,"relations":[{"operator":false,"rules":[{"operator":"AND","rules":{"cl_field":"radio-group_565c78ffa81208","cl_relation":"is","cl_val":"3 Hour Trip"}}]}],"cl_rule":"show","enableCl":false,"price":"","enablePrice":false,"className":"","label_position":"default","desc_position":"default","type":"select","required":false,"elementId":"select_36638eb5b235e9","label":"\u23f0 Departure","name":"select_36638eb5b235e9","values":[{"label":"09:00","value":"09:00","selected":false,"tempId":"aco_1471","gt_translate_keys":["label"]},{"label":"10:00","value":"10:00","selected":false,"tempId":"aco_1472","gt_translate_keys":["label"]},{"label":"11:00","value":"11:00","selected":false,"tempId":"aco_1500","gt_translate_keys":["label"]},{"label":"12:00","value":"12:00","selected":false,"tempId":"aco_1510","gt_translate_keys":["label"]},{"label":"13:00 (1:00 PM)","value":"13:00","selected":false,"tempId":"aco_1520","gt_translate_keys":["label"]},{"label":"14:00 (2:00 PM)","value":"14:00","selected":false,"tempId":"aco_1728","gt_translate_keys":["label"]},{"label":"15:00 (3:00 PM)","value":"15:00","selected":false,"tempId":"aco_1738","gt_translate_keys":["label"]}],"dropdown_type":"basic","error":false,"placeholder":"Whichever Time is Best","gt_translate_keys":["label","placeholder"],"price_dependency":false,"cl_dependency":false,"value":""}],[{"elementId":"separator-9240792349","separatorType":"blank","className":"","height":"1","enableCl":false,"relations":false,"cl_rule":"show","col":6,"type":"separator","gt_translate_keys":[],"price_dependency":false,"cl_dependency":false,"value":""}],[{"label":"\u2705 Number of People","active":true,"required":true,"elementId":"select-6395569238","dropdown_type":"basic","placeholder":"Select Number of People","name":"select-6395569238","label_position":"default","desc_position":"default","enablePrice":false,"className":"","enableCl":false,"relations":[{"operator":false,"rules":[{"operator":"AND","rules":{"cl_field":"radio-group_565c78ffa81208","cl_relation":"is","cl_val":"3 Hour Trip"}}]}],"values":[{"label":"1 person","value":"1","selected":false,"tempId":"aco_1471","gt_translate_keys":["label"]},{"label":"2 people","value":"2","selected":false,"tempId":"aco_1472","gt_translate_keys":["label"]},{"label":"3 people","value":"3","selected":false,"tempId":"aco_1500","gt_translate_keys":["label"]},{"label":"4 people","value":"4","selected":false,"tempId":"aco_1510","gt_translate_keys":["label"]},{"label":"5 people","value":"5","selected":false,"tempId":"aco_1520","gt_translate_keys":["label"]},{"label":"6 people","value":"6","selected":false,"tempId":"aco_1728","gt_translate_keys":["label"]},{"label":"7 people","value":"7","selected":false,"tempId":"aco_1738","gt_translate_keys":["label"]},{"label":"8 people","value":"8","selected":false,"tempId":"aco_1748","gt_translate_keys":["label"]},{"label":"9 people","value":"9","selected":false,"tempId":"aco_1912","gt_translate_keys":["label"]},{"label":"10 people","value":"10","selected":false,"tempId":"aco_1922","gt_translate_keys":["label"]}],"price":"","cl_rule":"show","col":6,"type":"select","error":false,"gt_translate_keys":["label","placeholder"],"price_dependency":false,"cl_dependency":false,"value":""}],[{"elementId":"separator-8246171731","separatorType":"blank","className":"","height":"1","enableCl":false,"relations":false,"cl_rule":"show","col":6,"type":"separator","error":false,"gt_translate_keys":[],"price_dependency":false,"cl_dependency":false,"value":""}],[{"active":true,"col":6,"relations":false,"cl_rule":"show","enableCl":false,"price":"","enablePrice":false,"className":"","label_position":"default","desc_position":"default","type":"text","subtype":"text","required":false,"elementId":"text_1786063067","label":"\ud83d\ude8c Pickup Location","name":"text_1786063067","value":"","error":false,"description":"Free pick-up service in Tenerife South. Simply provide your address or hotel name.","gt_translate_keys":["label","description","value"],"price_dependency":false,"cl_dependency":false}]]}},"config":{"price_override":"always","enable_recaptcha":false,"bind_quantity":false,"quantity_bind_formula":false,"disp_summ_show_option_price":true,"disp_summ_show_product_price":false,"disp_summ_show_total_price":false,"disp_summ_show_fee":true,"disp_summ_show_discount":true,"summary_title":"","options_total_label":"Options Price","total_label":"Deposit Amount","options_product_label":"Product Price","fee_label":"Fee","discount_label":"Discount","has_price":true,"has_quantity_formula":false},"mc_unit":1,"tax_rate":1,"tax_rate_real":1,"discount":{"percentage":0,"fixed":0},"design":{"conf":{"LabelPosition":"above","DescPosition":"above","UploadField":"custom_1","QuantityFieldStyle":"custom_1"},"css":{"LeftLabelWidth":"120px"}},"formulas":{"fmla_1718295979528641619":"(({field.select_56638eb5b235ae.value}>=3)?(400):(({field.select_56638eb5b235ae.value}>=2)?(300):(({field.select_56638eb5b235ae.value}>=1)?(210):(0))))","fmla_1718296441738487083":"(({field.select_56638eb5b235ae.value}>=3)?(1200):(({field.select_56638eb5b235ae.value}>=2)?(850):(({field.select_56638eb5b235ae.value}>=1)?(540):(0))))"},"lookuptables":[],"clones":false,"cartKey":false}},"_links":{"self":[{"href":"https:\/\/canaryvip.com\/pt\/wp-json\/wp\/v2\/product\/11386","targetHints":{"allow":["GET"]}}],"collection":[{"href":"https:\/\/canaryvip.com\/pt\/wp-json\/wp\/v2\/product"}],"about":[{"href":"https:\/\/canaryvip.com\/pt\/wp-json\/wp\/v2\/types\/product"}],"replies":[{"embeddable":true,"href":"https:\/\/canaryvip.com\/pt\/wp-json\/wp\/v2\/comments?post=11386"}],"wp:featuredmedia":[{"embeddable":true,"href":"https:\/\/canaryvip.com\/pt\/wp-json\/wp\/v2\/media\/11387"}],"wp:attachment":[{"href":"https:\/\/canaryvip.com\/pt\/wp-json\/wp\/v2\/media?parent=11386"}],"wp:term":[{"taxonomy":"product_brand","embeddable":true,"href":"https:\/\/canaryvip.com\/pt\/wp-json\/wp\/v2\/product_brand?post=11386"},{"taxonomy":"product_cat","embeddable":true,"href":"https:\/\/canaryvip.com\/pt\/wp-json\/wp\/v2\/product_cat?post=11386"},{"taxonomy":"product_tag","embeddable":true,"href":"https:\/\/canaryvip.com\/pt\/wp-json\/wp\/v2\/product_tag?post=11386"}],"curies":[{"name":"wp","href":"https:\/\/api.w.org\/{rel}","templated":true}]}}