{"id":11308,"date":"2024-04-16T23:45:59","date_gmt":"2024-04-16T22:45:59","guid":{"rendered":"https:\/\/canaryvip.com\/?post_type=product&#038;p=11308"},"modified":"2025-08-09T12:39:52","modified_gmt":"2025-08-09T11:39:52","slug":"banana-boat-tenerife","status":"publish","type":"product","link":"https:\/\/canaryvip.com\/pt\/shop\/banana-boat-tenerife\/","title":{"rendered":"Banana Boat Tenerife"},"content":{"rendered":"<h2><strong>Banana Boat Tenerife - Ondas selvagens e gargalhadas<\/strong><\/h2>\n<p>Prepare-se para um mergulho de divers\u00e3o com o nosso <strong>Banana Boat Tenerife<\/strong> passeios! Ideal para fam\u00edlias e grupos, estes passeios combinam velocidade, salpicos e gargalhadas para um dia memor\u00e1vel na \u00e1gua. Os nossos <strong>Excurs\u00f5es de Banana Boat<\/strong> s\u00e3o uma forma intemporal de viver a emo\u00e7\u00e3o do mar na Costa Adeje.<\/p>\n<h3><strong>\ud83c\udf0a Comece a sua aventura em Puerto Col\u00f3n<\/strong><\/h3>\n<ul>\n<li><strong>Lan\u00e7amento emocionante:<\/strong> A sua viagem de banana boat come\u00e7a em <a href=\"https:\/\/maps.app.goo.gl\/bkqEhAxsobcjz9wG9\" target=\"_blank\" rel=\"noopener\">Puerto Col\u00f3n,<\/a> onde os nossos guias entusiastas lhe dar\u00e3o as boas-vindas e lhe dar\u00e3o uma r\u00e1pida informa\u00e7\u00e3o de seguran\u00e7a antes de subir para a ic\u00f3nica jangada amarela.<\/li>\n<li><strong>Passeio emocionante:<\/strong> Suba a bordo da banana insufl\u00e1vel e segure-se bem enquanto a lancha o puxa ao longo das ondas. Prepara-te para as quedas e os solavancos enquanto te ris e gritas de prazer com os teus amigos e a tua fam\u00edlia!<\/li>\n<\/ul>\n<h3><strong>O que torna os nossos passeios de banana boat especiais?<\/strong><\/h3>\n<ul>\n<li><strong>Divers\u00e3o acess\u00edvel:<\/strong> Apenas 15 euros por pessoa garantem um lugar neste popular desporto aqu\u00e1tico, perfeito tamb\u00e9m para grupos. \u00c9 um passeio acess\u00edvel e emocionante para todos!<\/li>\n<li><strong>Elogios consistentes:<\/strong> Orgulhamo-nos da alegria e das gargalhadas que os nossos passeios proporcionam, o que se reflecte nas excelentes cr\u00edticas dos nossos clientes. A sua divers\u00e3o \u00e9 a nossa prioridade!<\/li>\n<li><strong>Reservas flex\u00edveis:<\/strong> Mudan\u00e7a de planos? Pode cancelar com at\u00e9 24 horas de anteced\u00eancia para obter um reembolso total - o nosso compromisso de acomodar as suas necessidades de f\u00e9rias.<\/li>\n<\/ul>\n<h3><strong>\ud83d\ude80 Andar de Banana Boat em Tenerife<\/strong><\/h3>\n<ul>\n<li><strong>Din\u00e2mica de grupo:<\/strong> Experimente a emo\u00e7\u00e3o com um m\u00e1ximo de 12 cavaleiros. O entusiasmo coletivo e as reac\u00e7\u00f5es partilhadas tornam a aventura inesquec\u00edvel.<\/li>\n<li><strong>S\u00e3 e salva:<\/strong> A nossa tripula\u00e7\u00e3o especializada garante uma viagem segura do in\u00edcio ao fim, gerindo o barco com cuidado especializado para maximizar a sua divers\u00e3o e seguran\u00e7a.<\/li>\n<\/ul>\n<h3><strong>\ud83c\udf1f Mais do que apenas barcos de banana<\/strong><\/h3>\n<ul>\n<li>Expanda as suas aventuras de desportos aqu\u00e1ticos com op\u00e7\u00f5es como <a href=\"https:\/\/canaryvip.com\/pt\/shop\/jetski-tenerife\/\">jet ski Tenerife<\/a>, <a href=\"https:\/\/canaryvip.com\/pt\/shop\/parasailing-tenerife\/\">parasailing Tenerife<\/a>e at\u00e9 <a href=\"https:\/\/canaryvip.com\/pt\/tenerife\/boat-excursions\/\">passeios de observa\u00e7\u00e3o de baleias<\/a>, tudo a partir do mesmo local vibrante em Puerto Col\u00f3n.<\/li>\n<\/ul>\n<h3>\ud83d\udcc5 <strong>Reserve hoje o seu passeio de Banana Boat em Tenerife<\/strong><\/h3>\n<p>Quer esteja \u00e0 procura de emo\u00e7\u00e3o ou de uma atividade de grupo divertida, os nossos passeios de Banana Boat oferecem a combina\u00e7\u00e3o perfeita de ambos. Garanta o seu lugar hoje e prepare-se para uma experi\u00eancia emocionante na \u00e1gua.<\/p>\n<h3>\u2705 <strong>O que est\u00e1 inclu\u00eddo no seu passeio de Banana Boat?<\/strong><\/h3>\n<ul>\n<li>Instru\u00e7\u00f5es de seguran\u00e7a completas e coletes salva-vidas para todos os passageiros.<\/li>\n<li>Um passeio emocionante de 10 minutos.<\/li>\n<li>Fotografias da sua aventura dispon\u00edveis para compra, para registar os momentos de divers\u00e3o.<\/li>\n<\/ul>\n<h3><strong>\u2696\ufe0f Reserva fi\u00e1vel e cancelamento f\u00e1cil<\/strong><\/h3>\n<ul>\n<li><strong>Reservas sem esfor\u00e7o:<\/strong> Reserve com facilidade e saiba que pode cancelar at\u00e9 24 horas de anteced\u00eancia com um reembolso total se os seus planos mudarem.<\/li>\n<li><strong>Todos est\u00e3o convidados:<\/strong> Adequado para os amantes da emo\u00e7\u00e3o com idades compreendidas entre os 10 e os 65 anos. As nossas atrac\u00e7\u00f5es s\u00e3o concebidas para serem inclusivas e agrad\u00e1veis para todos.<\/li>\n<\/ul>\n<h3><strong>\ud83c\udf92 Preparar a viagem<\/strong><\/h3>\n<ul>\n<li><strong>Usar equipamento adequado:<\/strong> Venha vestido com o seu fato de banho e esteja pronto para se molhar! N\u00e3o se esque\u00e7a de trazer uma toalha e um pouco de protetor solar para se proteger do sol.<\/li>\n<li><strong>Mantenha os objectos de valor seguros:<\/strong> Deixe os seus sapatos e objectos antiderrapantes nas nossas caixas de armazenamento seguras no cais. Traga uma m\u00e1quina fotogr\u00e1fica \u00e0 prova de \u00e1gua se desejar tirar fotografias pessoais.<\/li>\n<li><strong>Sa\u00fade e seguran\u00e7a:<\/strong> A nossa atividade n\u00e3o \u00e9 adequada para pessoas gr\u00e1vidas, mas \u00e9 fant\u00e1stica para quase todas as outras pessoas! Certifique-se de que est\u00e1 preparado para um passeio f\u00edsico.<\/li>\n<\/ul>\n<h3>\u2753 <strong>Perguntas mais frequentes<\/strong><\/h3>\n<ul>\n<li><strong>Qualquer pessoa pode participar num passeio de Banana Boat?<\/strong> Sim! Os nossos passeios de Banana Boat s\u00e3o perfeitos para qualquer pessoa entre os 10 e os 65 anos. N\u00e3o s\u00e3o necess\u00e1rios conhecimentos pr\u00e9vios de nata\u00e7\u00e3o, uma vez que todos os participantes estar\u00e3o equipados com coletes salva-vidas.<\/li>\n<li><strong>O que devo esperar durante a viagem?<\/strong> Espere ser pulverizado, salpicado e rir-se dele (com bom esp\u00edrito)! \u00c9 tudo uma quest\u00e3o de divers\u00e3o e de experimentar a emo\u00e7\u00e3o do oceano.<\/li>\n<\/ul>\n<h4><strong>Pronto para montar?<\/strong><\/h4>\n<p>Mergulhe na divers\u00e3o com os nossos passeios de Banana Boat em <strong>CanaryVIP.<\/strong> Reserve agora e prepare-se para fazer ondas nos belos mares de Tenerife!<\/p>","protected":false},"excerpt":{"rendered":"<p>\ud83d\udd0d <strong>Banana Boat Tenerife:<br \/>\n<\/strong>\u2705 Pagamento seguro.<br \/>\n\ud83d\udc65 At\u00e9 12 passageiros por viagem.<br \/>\n\ud83d\ude80 As viagens duram 10 minutos.<br \/>\n\ud83c\udfde\ufe0f Passeios a alta velocidade.<br \/>\n\ud83d\udd59 Ao longo do dia.<br \/>\n\ud83d\udcc5 Dispon\u00edvel diariamente.<br \/>\n\ud83e\udd11 Melhor pre\u00e7o garantido.<br \/>\n\ud83d\udc6a Descontos para grupos.<br \/>\n\ud83d\udd01 Pol\u00edtica de cancelamento de 24 horas.<br \/>\n\ud83c\udf0d Suporte para v\u00e1rios idiomas.<br \/>\n\ud83c\udf1f Reserve com anteced\u00eancia para poupar.<br \/>\n\ud83d\udccd Partida de <a href=\"https:\/\/maps.app.goo.gl\/bkqEhAxsobcjz9wG9\">Puerto Col\u00f3n<\/a>.<\/p>","protected":false},"featured_media":11311,"comment_status":"open","ping_status":"closed","template":"","meta":{"_acf_changed":false},"product_brand":[],"product_cat":[53],"product_tag":[],"class_list":{"0":"post-11308","1":"product","2":"type-product","3":"status-publish","4":"has-post-thumbnail","6":"product_cat-water-sports","7":"wcpa_has_options","9":"first","10":"instock","11":"virtual","12":"purchasable","13":"product-type-simple"},"acf":[],"wcpa_form_fields":{"wcpaData":{"product":{"product_price":18,"price_html":"From&nbsp;<span class=\"woocommerce-Price-amount amount\"><bdi>18,00&nbsp;<span class=\"woocommerce-Price-currencySymbol\">&euro;<\/span><\/bdi><\/span>","original_product_price":18,"price_including_tax":18,"price_excluding_tax":18,"product_id":{"parent":11308,"variation":false},"is_variable":false,"stock_status":"instock","stock_quantity":null,"parent_sku":"CV11308","product_attributes":[],"custom_fields":[],"is_taxable":false,"product_name":"Banana Boat Tenerife","hasImage":false},"fields":{"sec_7661f1665d94fb":{"extra":{"key":"sec_7661f1665d94fb","section_id":"sec_7661f1665d94fb","name":"Default","status":1,"cl_rule":"show","enableCl":false,"relations":[],"toggle":true,"title_tag":"h3","show_title":false,"showPrice":"default","form_id":11314,"form_rules":{"exclude_from_discount":true,"fee_label":"Fee","disp_hide_options_price":true,"disp_show_section_price":false,"disp_show_field_price":true,"layout_option":"standard","pric_use_as_fee":false,"process_fee_as":"woo_fee"},"layout_option":"standard"},"fields":[[{"label":"\ud83d\udcc5 Date","active":true,"required":true,"elementId":"date_3661f1665d951b","picker_type":"custom","picker_mode":"single","placeholder":"","description":"","tooltip":"","name":"date_3661f1665d951b","label_position":"default","desc_position":"default","enablePrice":false,"className":"","enableCl":false,"relations":[{"operator":"and","rules":[{"operator":"AND","rules":{"cl_field":"radio-group_5661bc90f5e8f5","cl_relation":"is_not_empty","cl_val":"3 Hour Trip"}}]}],"date_pic_inline":true,"date_pic_inline_hide":true,"min_date":{"type":"days","val":"1"},"max_date":{"type":"days","val":"365"},"date_pic_conf":{"disabledWeeks":[]},"price":"","cl_rule":"show","col":6,"type":"date","error":false,"enableDesign":false,"LabelColor":"","gt_translate_keys":["label","placeholder","description","tooltip"],"price_dependency":false,"cl_dependency":false,"value":""}],[{"active":true,"col":6,"relations":false,"cl_rule":"show","enableCl":false,"price":"","enablePrice":false,"className":"","label_position":"default","desc_position":"default","type":"select","required":true,"elementId":"select_3477053266","label":"\u23f0 Departure Time","name":"select_3477053266","values":[{"label":"Whichever Time is Best","value":"Whichever Time is Best","selected":false,"tempId":"aco_312","gt_translate_keys":["label"]},{"label":"10:30","value":"10:30","selected":false,"tempId":"aco_313","gt_translate_keys":["label"]},{"label":"11:30","value":"11:30","selected":false,"tempId":"aco_314","gt_translate_keys":["label"]},{"label":"12:30 ","value":"12:30","selected":false,"tempId":"aco_711","gt_translate_keys":["label"]},{"label":"13:30","value":"13:30","selected":false,"tempId":"aco_721","gt_translate_keys":["label"]},{"label":"14:30","value":"14:30","selected":false,"tempId":"aco_983","gt_translate_keys":["label"]},{"label":"15:30","value":"15:30","selected":false,"tempId":"aco_993","gt_translate_keys":["label"]},{"label":"16:30","value":"16:30","selected":false,"tempId":"aco_1183","gt_translate_keys":["label"]}],"dropdown_type":"basic","error":false,"multiple":false,"placeholder":"None","gt_translate_keys":["label","placeholder"],"price_dependency":false,"cl_dependency":false,"value":""}],[{"active":true,"col":6,"relations":[{"operator":false,"rules":[{"operator":"AND","rules":{"cl_field":"","cl_relation":"","cl_val":""}}]}],"cl_rule":"show","enableCl":true,"price":"18","enablePrice":true,"className":"","label_position":"default","desc_position":"default","type":"radio-group","required":false,"elementId":"radio-group_0661f1665d9537","label":"","name":"radio-group_0661f1665d9537","values":[{"label":"\ud83d\udc64 People (18\u20ac)","value":"People","selected":true,"tempId":"aco_32","tooltip":"","description":"","gt_translate_keys":["label","tooltip","description"]}],"layOut":"","error":false,"checkUi":"button","priceOptions":"fixed_for_all","pricingType":"fixed","enable_quantity":true,"quantity_label":"","min_quantity":"0","options_tooltip":true,"options_description":true,"is_show_price":true,"gt_translate_keys":["label","quantity_label"],"price_dependency":["content_2802764779","content-8155931385","content-8167489432"],"cl_dependency":false,"value":""}],[{"active":true,"col":6,"relations":false,"cl_rule":"show","enableCl":false,"price":"","enablePrice":false,"className":"","label_position":"default","desc_position":"default","type":"separator","required":false,"elementId":"separator_2804989181","label":"Separator Field","height":"6","separatorType":"fill","error":false,"separatorColor":"#66a5b6","gt_translate_keys":["label"],"price_dependency":false,"cl_dependency":false,"value":""}],[{"active":true,"col":6,"relations":false,"cl_rule":"show","enableCl":false,"price":"{field.radio-group_0661f1665d9537.price}*0.30","enablePrice":true,"className":"","label_position":"default","desc_position":"default","type":"content","required":false,"elementId":"content_2802764779","label":"Deposit Now","name":"content_2802764779","contentType":"plain","value":"","error":false,"subtype":"div","inline":true,"show_in_checkout":true,"pricingType":"custom","isTemplate":false,"gt_translate_keys":["label","value"],"price_dependency":false,"cl_dependency":false}],[{"contentType":"plain","active":true,"label":"Payment at Arrival","elementId":"content-8155931385","value":"","inline":true,"show_in_checkout":true,"name":"content-8155931385","enablePrice":true,"className":"","subtype":"div","enableCl":false,"relations":false,"pricingType":"custom","isTemplate":false,"price":"{field.radio-group_0661f1665d9537.price}*0.70","is_show_price":true,"cl_rule":"show","col":6,"type":"content","error":false,"gt_translate_keys":["label","value"],"price_dependency":false,"cl_dependency":false}],[{"contentType":"plain","active":true,"label":"Total Price","elementId":"content-8167489432","value":"","inline":true,"show_in_checkout":true,"name":"content-8167489432","enablePrice":true,"className":"","subtype":"div","enableCl":false,"relations":false,"pricingType":"custom","isTemplate":false,"price":"{field.radio-group_0661f1665d9537.price}","is_show_price":true,"cl_rule":"show","col":6,"type":"content","error":false,"gt_translate_keys":["label","value"],"price_dependency":false,"cl_dependency":false}]]}},"config":{"price_override":"always","enable_recaptcha":false,"bind_quantity":false,"quantity_bind_formula":false,"disp_summ_show_option_price":true,"disp_summ_show_product_price":false,"disp_summ_show_total_price":true,"disp_summ_show_fee":true,"disp_summ_show_discount":true,"summary_title":"","options_total_label":"Options Price","total_label":"Total Amount","options_product_label":"Product Price","fee_label":"Fee","discount_label":"Discount","has_price":true,"has_quantity_formula":false},"mc_unit":1,"tax_rate":1,"tax_rate_real":1,"discount":{"percentage":0,"fixed":0},"design":{"conf":{"LabelPosition":"above","DescPosition":"above","UploadField":"custom_1","QuantityFieldStyle":"custom_1"},"css":{"LeftLabelWidth":"120px"}},"formulas":[],"lookuptables":[],"clones":false,"cartKey":false}},"_links":{"self":[{"href":"https:\/\/canaryvip.com\/pt\/wp-json\/wp\/v2\/product\/11308","targetHints":{"allow":["GET"]}}],"collection":[{"href":"https:\/\/canaryvip.com\/pt\/wp-json\/wp\/v2\/product"}],"about":[{"href":"https:\/\/canaryvip.com\/pt\/wp-json\/wp\/v2\/types\/product"}],"replies":[{"embeddable":true,"href":"https:\/\/canaryvip.com\/pt\/wp-json\/wp\/v2\/comments?post=11308"}],"wp:featuredmedia":[{"embeddable":true,"href":"https:\/\/canaryvip.com\/pt\/wp-json\/wp\/v2\/media\/11311"}],"wp:attachment":[{"href":"https:\/\/canaryvip.com\/pt\/wp-json\/wp\/v2\/media?parent=11308"}],"wp:term":[{"taxonomy":"product_brand","embeddable":true,"href":"https:\/\/canaryvip.com\/pt\/wp-json\/wp\/v2\/product_brand?post=11308"},{"taxonomy":"product_cat","embeddable":true,"href":"https:\/\/canaryvip.com\/pt\/wp-json\/wp\/v2\/product_cat?post=11308"},{"taxonomy":"product_tag","embeddable":true,"href":"https:\/\/canaryvip.com\/pt\/wp-json\/wp\/v2\/product_tag?post=11308"}],"curies":[{"name":"wp","href":"https:\/\/api.w.org\/{rel}","templated":true}]}}