{"id":11303,"date":"2024-04-16T23:11:21","date_gmt":"2024-04-16T22:11:21","guid":{"rendered":"https:\/\/canaryvip.com\/?post_type=product&#038;p=11303"},"modified":"2025-08-09T12:40:39","modified_gmt":"2025-08-09T11:40:39","slug":"flyfish-tenerife","status":"publish","type":"product","link":"https:\/\/canaryvip.com\/pt\/shop\/flyfish-tenerife\/","title":{"rendered":"FlyFish Tenerife"},"content":{"rendered":"<h2><strong>\ud83c\udf0a FlyFish Tenerife - Passeio nas ondas do mar<\/strong><\/h2>\n<p>Prepare-se para uma experi\u00eancia cheia de adrenalina com o nosso <strong>FlyFish Tenerife<\/strong> aventura! Sinta a adrenalina de voar sobre o mar enquanto se agarra \u00e0 nossa jangada insufl\u00e1vel especialmente concebida para o efeito. A nossa <strong>Excurs\u00f5es FlyFish<\/strong> prometa um dia inesquec\u00edvel de desportos aqu\u00e1ticos de alta velocidade no belo cen\u00e1rio da Costa Adeje.<\/p>\n<h3><strong>\ud83d\udea4 Come\u00e7ar a sua aventura de pesca com mosca<\/strong><\/h3>\n<ul>\n<li><strong>A aventura come\u00e7a:<\/strong> A sua viagem come\u00e7a diretamente em <a href=\"https:\/\/maps.app.goo.gl\/bkqEhAxsobcjz9wG9\" target=\"_blank\" rel=\"noopener\">Puerto Col\u00f3n,<\/a>\u00a0o ponto de partida oficial para a sua aventura FlyFish. \u00c0 chegada, ser-lhe-\u00e1 apresentado o excitante mundo do FlyFish, receber\u00e1 um briefing de seguran\u00e7a completo e ficar\u00e1 equipado para a emocionante viagem que o espera.<\/li>\n<li><strong>A experi\u00eancia FlyFish:<\/strong> Aperte os cintos e segure-se bem enquanto o barco a motor o leva atrav\u00e9s das ondas. Desfrute dos salpicos da \u00e1gua do mar e do vento no seu rosto neste passeio emocionante.<\/li>\n<\/ul>\n<p>&nbsp;<\/p>\n<h3><strong>Porqu\u00ea escolher o CanaryVIP para a sua experi\u00eancia de pesca com mosca?<\/strong><\/h3>\n<ul>\n<li><strong>Pre\u00e7os competitivos:<\/strong> Suba a bordo por apenas 45 euros por pessoa, com tarifas fant\u00e1sticas para grupos e espectadores. Qualidade e emo\u00e7\u00e3o a um pre\u00e7o imbat\u00edvel!<\/li>\n<li><strong>Elogios dos clientes:<\/strong> Reconhecidos pelo nosso servi\u00e7o excecional, orgulhamo-nos das excelentes cr\u00edticas dos nossos h\u00f3spedes. A sua excelente experi\u00eancia \u00e9 o nosso objetivo!<\/li>\n<li><strong>Flexibilidade de reserva:<\/strong> Os planos mudaram? N\u00e3o se preocupe - cancele at\u00e9 24 horas antes da sua viagem para obter um reembolso total com a nossa pol\u00edtica de cancelamento flex\u00edvel.<\/li>\n<\/ul>\n<h3><strong>Voar alto com a FlyFish Tenerife<\/strong><\/h3>\n<ul>\n<li><strong>Passeios emocionantes:<\/strong> O FlyFish lev\u00e1-lo-\u00e1 num passeio selvagem sobre as \u00e1guas da Playa de Las Am\u00e9ricas, subindo e mergulhando com as ondas durante cerca de 10 minutos emocionantes.<\/li>\n<li><strong>Orienta\u00e7\u00e3o especializada:<\/strong> Os nossos instrutores qualificados asseguram uma experi\u00eancia segura e memor\u00e1vel, guiando-o sem problemas do in\u00edcio ao fim.<\/li>\n<\/ul>\n<h3><strong>\ud83c\udf1f Mais do que apenas FlyFish<\/strong><\/h3>\n<ul>\n<li>Procura mais? Oferecemos uma vasta gama de <a href=\"https:\/\/canaryvip.com\/pt\/tenerife\/water-sports\/\">actividades aqu\u00e1ticas em Tenerife,<\/a>\u00a0de <a href=\"https:\/\/canaryvip.com\/pt\/shop\/jetski-tenerife\/\">jet ski<\/a> ao parasailing, garantindo que h\u00e1 sempre algo novo para experimentar.<\/li>\n<li>As nossas aventuras n\u00e3o se limitam a Tenerife - veja as nossas ofertas em Gran Canaria para ainda mais divers\u00e3o aqu\u00e1tica!<\/li>\n<\/ul>\n<h3>\ud83d\udcc5 <strong>Reserve hoje a sua experi\u00eancia de pesca com mosca<\/strong><\/h3>\n<p>N\u00e3o perca esta aventura \u00fanica. Perfeita para os amantes da adrenalina e das emo\u00e7\u00f5es fortes que procuram fazer um mergulho. Reserve j\u00e1 o seu passeio de FlyFish e adicione uma pitada de emo\u00e7\u00e3o \u00e0s suas f\u00e9rias em Tenerife.<\/p>\n<h3>\u2705 <strong>O que est\u00e1 inclu\u00eddo no seu passeio de FlyFish?<\/strong><\/h3>\n<ul>\n<li>Todo o equipamento de seguran\u00e7a e um briefing completo antes da partida.<\/li>\n<li>Um passeio de FlyFish de 10 minutos que promete elevar a sua adrenalina.<\/li>\n<li>Supervis\u00e3o profissional e oportunidades fotogr\u00e1ficas para registar as suas fa\u00e7anhas ousadas (fotografias dispon\u00edveis para compra).<\/li>\n<\/ul>\n<h3><strong>\u2696\ufe0f Op\u00e7\u00f5es de reserva e cancelamento fi\u00e1veis<\/strong><\/h3>\n<ul>\n<li><strong>Reserva f\u00e1cil:<\/strong> Reserve o seu lugar com facilidade e confian\u00e7a, sabendo que pode cancelar com at\u00e9 24 horas de anteced\u00eancia para obter um reembolso total.<\/li>\n<li><strong>Experi\u00eancia inclusiva:<\/strong> Damos as boas-vindas a todos, desde viajantes solit\u00e1rios em busca de emo\u00e7\u00e3o a grupos que procuram um passeio emocionante. Diga-nos quais s\u00e3o as suas prefer\u00eancias e n\u00f3s adaptamos o passeio a si.<\/li>\n<\/ul>\n<h3><strong>\ud83c\udf92 Preparar a sua aventura de pesca com mosca<\/strong><\/h3>\n<ul>\n<li><strong>Prepare-se para se molhar:<\/strong> Vista o seu fato de banho, traga uma toalha e aplique protetor solar. Vai ser uma viagem cheia de salpicos!<\/li>\n<li><strong>Essenciais da c\u00e2mara:<\/strong> Traga uma c\u00e2mara \u00e0 prova de \u00e1gua ou um telem\u00f3vel com uma capa protetora para captar os seus momentos de FlyFish. Mantenha as m\u00e3os livres para acenar e agarrar com for\u00e7a!<\/li>\n<li><strong>Acessibilidade:<\/strong> Esta atividade \u00e9 ideal para todas as pessoas com idades compreendidas entre os 10 e os 65 anos. Aten\u00e7\u00e3o, n\u00e3o \u00e9 adequada para mulheres gr\u00e1vidas ou pessoas que n\u00e3o se sintam confort\u00e1veis na \u00e1gua.<\/li>\n<\/ul>\n<h3>\u2753 <strong>Perguntas mais frequentes<\/strong><\/h3>\n<ul>\n<li><strong>Quem pode participar no FlyFish Tenerife?<\/strong> Os aventureiros dos 10 aos 65 anos s\u00e3o bem-vindos! Por raz\u00f5es de seguran\u00e7a, \u00e9 necess\u00e1rio ter conhecimentos b\u00e1sicos de nata\u00e7\u00e3o.<\/li>\n<li><strong>Qu\u00e3o seguro \u00e9 o FlyFish?<\/strong> A seguran\u00e7a \u00e9 a nossa prioridade. Todos os participantes est\u00e3o equipados com coletes salva-vidas e a nossa equipa experiente est\u00e1 presente para garantir uma experi\u00eancia segura e agrad\u00e1vel.<\/li>\n<\/ul>\n<h4><strong>Pronto para dar um mergulho?<\/strong><\/h4>\n<p>Experimente a emo\u00e7\u00e3o do FlyFish em Tenerife com <strong>CanaryVIP.<\/strong> Reserve a sua aventura hoje e prepare-se para um inesquec\u00edvel passeio a alta velocidade sobre a superf\u00edcie do oceano!<\/p>","protected":false},"excerpt":{"rendered":"<p>\ud83d\udd0d <strong>FlyFish Tenerife:<\/strong><br \/>\n\u2705 Pagamento seguro.<br \/>\nAt\u00e9 3 passageiros por viagem.<br \/>\nOs passeios duram cerca de 10 minutos.<br \/>\n\ud83c\udfde\ufe0f A\u00e7\u00e3o da \u00e1gua a alta velocidade.<br \/>\nDispon\u00edvel durante todo o dia.<br \/>\nPasseios dispon\u00edveis diariamente.<br \/>\n\ud83e\udd11 Melhor pre\u00e7o garantido.<br \/>\n\ud83d\udc6a Descontos para grupos.<br \/>\n\ud83d\udd01 Pol\u00edtica de cancelamento de 24 horas.<br \/>\n\ud83c\udf0d Suporte para v\u00e1rios idiomas.<br \/>\n\ud83c\udf1f Reserve com anteced\u00eancia para poupar.<br \/>\n\ud83d\udccd Partida de <a href=\"https:\/\/maps.app.goo.gl\/bkqEhAxsobcjz9wG9\">Puerto Col\u00f3n.<\/a><\/p>","protected":false},"featured_media":11317,"comment_status":"open","ping_status":"closed","template":"","meta":{"_acf_changed":false},"product_brand":[],"product_cat":[53],"product_tag":[],"class_list":{"0":"post-11303","1":"product","2":"type-product","3":"status-publish","4":"has-post-thumbnail","6":"product_cat-water-sports","7":"wcpa_has_options","9":"first","10":"instock","11":"virtual","12":"purchasable","13":"product-type-simple"},"acf":[],"wcpa_form_fields":{"wcpaData":{"product":{"product_price":18,"price_html":"From&nbsp;<span class=\"woocommerce-Price-amount amount\"><bdi>18,00&nbsp;<span class=\"woocommerce-Price-currencySymbol\">&euro;<\/span><\/bdi><\/span>","original_product_price":18,"price_including_tax":18,"price_excluding_tax":18,"product_id":{"parent":11303,"variation":false},"is_variable":false,"stock_status":"instock","stock_quantity":null,"parent_sku":"CV11303","product_attributes":[],"custom_fields":[],"is_taxable":false,"product_name":"FlyFish Tenerife","hasImage":false},"fields":{"sec_7661f1665d94fb":{"extra":{"key":"sec_7661f1665d94fb","section_id":"sec_7661f1665d94fb","name":"Default","status":1,"cl_rule":"show","enableCl":false,"relations":[],"toggle":true,"title_tag":"h3","show_title":false,"showPrice":"default","form_id":11314,"form_rules":{"exclude_from_discount":true,"fee_label":"Fee","disp_hide_options_price":true,"disp_show_section_price":false,"disp_show_field_price":true,"layout_option":"standard","pric_use_as_fee":false,"process_fee_as":"woo_fee"},"layout_option":"standard"},"fields":[[{"label":"\ud83d\udcc5 Date","active":true,"required":true,"elementId":"date_3661f1665d951b","picker_type":"custom","picker_mode":"single","placeholder":"","description":"","tooltip":"","name":"date_3661f1665d951b","label_position":"default","desc_position":"default","enablePrice":false,"className":"","enableCl":false,"relations":[{"operator":"and","rules":[{"operator":"AND","rules":{"cl_field":"radio-group_5661bc90f5e8f5","cl_relation":"is_not_empty","cl_val":"3 Hour Trip"}}]}],"date_pic_inline":true,"date_pic_inline_hide":true,"min_date":{"type":"days","val":"1"},"max_date":{"type":"days","val":"365"},"date_pic_conf":{"disabledWeeks":[]},"price":"","cl_rule":"show","col":6,"type":"date","error":false,"enableDesign":false,"LabelColor":"","gt_translate_keys":["label","placeholder","description","tooltip"],"price_dependency":false,"cl_dependency":false,"value":""}],[{"active":true,"col":6,"relations":false,"cl_rule":"show","enableCl":false,"price":"","enablePrice":false,"className":"","label_position":"default","desc_position":"default","type":"select","required":true,"elementId":"select_3477053266","label":"\u23f0 Departure Time","name":"select_3477053266","values":[{"label":"Whichever Time is Best","value":"Whichever Time is Best","selected":false,"tempId":"aco_312","gt_translate_keys":["label"]},{"label":"10:30","value":"10:30","selected":false,"tempId":"aco_313","gt_translate_keys":["label"]},{"label":"11:30","value":"11:30","selected":false,"tempId":"aco_314","gt_translate_keys":["label"]},{"label":"12:30 ","value":"12:30","selected":false,"tempId":"aco_711","gt_translate_keys":["label"]},{"label":"13:30","value":"13:30","selected":false,"tempId":"aco_721","gt_translate_keys":["label"]},{"label":"14:30","value":"14:30","selected":false,"tempId":"aco_983","gt_translate_keys":["label"]},{"label":"15:30","value":"15:30","selected":false,"tempId":"aco_993","gt_translate_keys":["label"]},{"label":"16:30","value":"16:30","selected":false,"tempId":"aco_1183","gt_translate_keys":["label"]}],"dropdown_type":"basic","error":false,"multiple":false,"placeholder":"None","gt_translate_keys":["label","placeholder"],"price_dependency":false,"cl_dependency":false,"value":""}],[{"active":true,"col":6,"relations":[{"operator":false,"rules":[{"operator":"AND","rules":{"cl_field":"","cl_relation":"","cl_val":""}}]}],"cl_rule":"show","enableCl":true,"price":"18","enablePrice":true,"className":"","label_position":"default","desc_position":"default","type":"radio-group","required":false,"elementId":"radio-group_0661f1665d9537","label":"","name":"radio-group_0661f1665d9537","values":[{"label":"\ud83d\udc64 People (18\u20ac)","value":"People","selected":true,"tempId":"aco_32","tooltip":"","description":"","gt_translate_keys":["label","tooltip","description"]}],"layOut":"","error":false,"checkUi":"button","priceOptions":"fixed_for_all","pricingType":"fixed","enable_quantity":true,"quantity_label":"","min_quantity":"0","options_tooltip":true,"options_description":true,"is_show_price":true,"gt_translate_keys":["label","quantity_label"],"price_dependency":["content_2802764779","content-8155931385","content-8167489432"],"cl_dependency":false,"value":""}],[{"active":true,"col":6,"relations":false,"cl_rule":"show","enableCl":false,"price":"","enablePrice":false,"className":"","label_position":"default","desc_position":"default","type":"separator","required":false,"elementId":"separator_2804989181","label":"Separator Field","height":"6","separatorType":"fill","error":false,"separatorColor":"#66a5b6","gt_translate_keys":["label"],"price_dependency":false,"cl_dependency":false,"value":""}],[{"active":true,"col":6,"relations":false,"cl_rule":"show","enableCl":false,"price":"{field.radio-group_0661f1665d9537.price}*0.30","enablePrice":true,"className":"","label_position":"default","desc_position":"default","type":"content","required":false,"elementId":"content_2802764779","label":"Deposit Now","name":"content_2802764779","contentType":"plain","value":"","error":false,"subtype":"div","inline":true,"show_in_checkout":true,"pricingType":"custom","isTemplate":false,"gt_translate_keys":["label","value"],"price_dependency":false,"cl_dependency":false}],[{"contentType":"plain","active":true,"label":"Payment at Arrival","elementId":"content-8155931385","value":"","inline":true,"show_in_checkout":true,"name":"content-8155931385","enablePrice":true,"className":"","subtype":"div","enableCl":false,"relations":false,"pricingType":"custom","isTemplate":false,"price":"{field.radio-group_0661f1665d9537.price}*0.70","is_show_price":true,"cl_rule":"show","col":6,"type":"content","error":false,"gt_translate_keys":["label","value"],"price_dependency":false,"cl_dependency":false}],[{"contentType":"plain","active":true,"label":"Total Price","elementId":"content-8167489432","value":"","inline":true,"show_in_checkout":true,"name":"content-8167489432","enablePrice":true,"className":"","subtype":"div","enableCl":false,"relations":false,"pricingType":"custom","isTemplate":false,"price":"{field.radio-group_0661f1665d9537.price}","is_show_price":true,"cl_rule":"show","col":6,"type":"content","error":false,"gt_translate_keys":["label","value"],"price_dependency":false,"cl_dependency":false}]]}},"config":{"price_override":"always","enable_recaptcha":false,"bind_quantity":false,"quantity_bind_formula":false,"disp_summ_show_option_price":true,"disp_summ_show_product_price":false,"disp_summ_show_total_price":true,"disp_summ_show_fee":true,"disp_summ_show_discount":true,"summary_title":"","options_total_label":"Options Price","total_label":"Total Amount","options_product_label":"Product Price","fee_label":"Fee","discount_label":"Discount","has_price":true,"has_quantity_formula":false},"mc_unit":1,"tax_rate":1,"tax_rate_real":1,"discount":{"percentage":0,"fixed":0},"design":{"conf":{"LabelPosition":"above","DescPosition":"above","UploadField":"custom_1","QuantityFieldStyle":"custom_1"},"css":{"LeftLabelWidth":"120px"}},"formulas":[],"lookuptables":[],"clones":false,"cartKey":false}},"_links":{"self":[{"href":"https:\/\/canaryvip.com\/pt\/wp-json\/wp\/v2\/product\/11303","targetHints":{"allow":["GET"]}}],"collection":[{"href":"https:\/\/canaryvip.com\/pt\/wp-json\/wp\/v2\/product"}],"about":[{"href":"https:\/\/canaryvip.com\/pt\/wp-json\/wp\/v2\/types\/product"}],"replies":[{"embeddable":true,"href":"https:\/\/canaryvip.com\/pt\/wp-json\/wp\/v2\/comments?post=11303"}],"wp:featuredmedia":[{"embeddable":true,"href":"https:\/\/canaryvip.com\/pt\/wp-json\/wp\/v2\/media\/11317"}],"wp:attachment":[{"href":"https:\/\/canaryvip.com\/pt\/wp-json\/wp\/v2\/media?parent=11303"}],"wp:term":[{"taxonomy":"product_brand","embeddable":true,"href":"https:\/\/canaryvip.com\/pt\/wp-json\/wp\/v2\/product_brand?post=11303"},{"taxonomy":"product_cat","embeddable":true,"href":"https:\/\/canaryvip.com\/pt\/wp-json\/wp\/v2\/product_cat?post=11303"},{"taxonomy":"product_tag","embeddable":true,"href":"https:\/\/canaryvip.com\/pt\/wp-json\/wp\/v2\/product_tag?post=11303"}],"curies":[{"name":"wp","href":"https:\/\/api.w.org\/{rel}","templated":true}]}}