{"id":11288,"date":"2024-04-16T15:31:07","date_gmt":"2024-04-16T14:31:07","guid":{"rendered":"https:\/\/canaryvip.com\/?post_type=product&#038;p=11288"},"modified":"2026-04-09T12:33:18","modified_gmt":"2026-04-09T11:33:18","slug":"helicopter-tour-tenerife","status":"publish","type":"product","link":"https:\/\/canaryvip.com\/pt\/shop\/helicopter-tour-tenerife\/","title":{"rendered":"Passeio de helic\u00f3ptero em Tenerife"},"content":{"rendered":"<h2><strong>Passeios de Helic\u00f3ptero em Tenerife - Voe sobre a paisagem<\/strong><\/h2>\n<p>Embarque numa espetacular viagem a\u00e9rea com o nosso <strong>Passeio de helic\u00f3ptero em Tenerife<\/strong>. Quer esteja a voar sozinho, em fam\u00edlia ou a criar mem\u00f3rias com amigos, estas excurs\u00f5es oferecem uma perspetiva \u00fanica das paisagens da ilha a partir do c\u00e9u. Desde viagens panor\u00e2micas r\u00e1pidas a explora\u00e7\u00f5es extensas, cada voo \u00e9 uma aventura a n\u00e3o perder.<\/p>\n<h3><strong>\ud83d\ude80 Comece a sua aventura a\u00e9rea em Tenerife<\/strong><\/h3>\n<ul>\n<li><strong>Come\u00e7ar a trabalhar:<\/strong> O nosso ponto de encontro est\u00e1 convenientemente localizado em Adeje, de f\u00e1cil acesso para todos os nossos h\u00f3spedes. \u00c0 chegada, passar\u00e1 por uma breve mas completa orienta\u00e7\u00e3o para o preparar para o seu voo. N\u00e3o se esque\u00e7a de trazer um documento de identifica\u00e7\u00e3o v\u00e1lido.<\/li>\n<li><strong>Op\u00e7\u00f5es de visita:<\/strong> A CanaryVIP oferece uma variedade de passeios de helic\u00f3ptero, a partir de apenas 98 euros por pessoa. Cada voo foi concebido para proporcionar uma vista a\u00e9rea inesquec\u00edvel de Tenerife sem quaisquer custos ocultos.<\/li>\n<li><strong>Add-ons memor\u00e1veis:<\/strong> Melhore a sua experi\u00eancia optando pelo pacote fotogr\u00e1fico, a partir de 35 euros, para captar as paisagens deslumbrantes que ir\u00e1 encontrar. Tamb\u00e9m temos o prazer de oferecer medidas de conforto adicionais para os nossos clientes de tamanho grande.<\/li>\n<\/ul>\n<h3><strong>Explore as deslumbrantes paisagens de Tenerife a partir de cima<\/strong><\/h3>\n<ul>\n<li><strong>Escolha a sua vista:<\/strong> A nossa gama de passeios de helic\u00f3ptero inclui tudo, desde um voo costeiro de 20 quil\u00f3metros a uma extensa aventura de 120 quil\u00f3metros \u00e0 volta da majestosa <a href=\"https:\/\/www.google.com\/maps\/place\/Acantilados+de+Los+Gigantes,+Santa+Cruz+de+Tenerife\/@28.244027,-16.8456497,15z\/data=!3m1!4b1!4m6!3m5!1s0xc6a8c153fdc6811:0xa0340f674cf6610!8m2!3d28.2408828!4d-16.8377834!16s%2Fm%2F026dqlb?entry=ttu\" target=\"_blank\" rel=\"noopener\">Os Gigantes<\/a> e <a href=\"https:\/\/canaryvip.com\/pt\/discover-the-teide-the-ultimate-guide-iconic-volcano\/\">El Teide.<\/a> Encontre a visita perfeita de acordo com os seus interesses e hor\u00e1rios.<\/li>\n<li><strong>Detalhes da partida:<\/strong> Todos os passeios partem de manh\u00e3 (10h-11h) para aproveitar as condi\u00e7\u00f5es \u00f3ptimas de luz, proporcionando a melhor visibilidade sobre o terreno variado de Tenerife.<\/li>\n<li><strong>Privado e personalizado:<\/strong> Procura uma experi\u00eancia mais personalizada? Oferecemos visitas privadas que podem ser personalizadas para satisfazer os seus desejos e necessidades espec\u00edficas.<\/li>\n<\/ul>\n<h3><strong>\ud83c\udf1f O que esperar do seu passeio de helic\u00f3ptero<\/strong><\/h3>\n<ul>\n<li><strong>A seguran\u00e7a \u00e9 uma prioridade:<\/strong> A sua seguran\u00e7a \u00e9 a nossa principal preocupa\u00e7\u00e3o. Cumprimos protocolos de seguran\u00e7a rigorosos, incluindo instru\u00e7\u00f5es completas antes do voo e verifica\u00e7\u00f5es meticulosas do equipamento para garantir uma experi\u00eancia segura e agrad\u00e1vel.<\/li>\n<li><strong>Sem barreiras lingu\u00edsticas:<\/strong> Voe com confian\u00e7a enquanto os nossos pilotos especializados fornecem coment\u00e1rios em ingl\u00eas e espanhol, tornando a sua viagem informativa e envolvente.<\/li>\n<li><strong>Pilotos experientes:<\/strong> Os nossos pilotos n\u00e3o s\u00f3 s\u00e3o treinados de acordo com os mais elevados padr\u00f5es, como tamb\u00e9m possuem um vasto conhecimento local para enriquecer a sua experi\u00eancia de voo.<\/li>\n<\/ul>\n<h3>\ud83d\udcc5 <strong>Reserve j\u00e1 a sua excurs\u00e3o de helic\u00f3ptero em Tenerife<\/strong><\/h3>\n<p>N\u00e3o perca esta oportunidade \u00fanica de ver Tenerife a partir dos melhores lugares no c\u00e9u. Com <strong>CanaryVIP<\/strong>Com o nosso helic\u00f3ptero, tem a garantia de vistas de cortar a respira\u00e7\u00e3o e de uma experi\u00eancia inesquec\u00edvel. Garanta hoje mesmo o seu lugar numa das nossas exclusivas excurs\u00f5es de helic\u00f3ptero e veja a ilha como nunca a viu antes.<\/p>\n<h3>\u2705 <strong>O que est\u00e1 inclu\u00eddo no seu passeio de helic\u00f3ptero?<\/strong><\/h3>\n<ul>\n<li>Visitas p\u00fablicas e privadas dispon\u00edveis, adaptadas \u00e0s suas prefer\u00eancias.<\/li>\n<li>Diversas dura\u00e7\u00f5es de viagens concebidas para satisfazer diferentes gostos e disponibilidades de tempo.<\/li>\n<li>Todo o equipamento de seguran\u00e7a necess\u00e1rio \u00e9 fornecido, garantindo um voo confort\u00e1vel e seguro.<\/li>\n<\/ul>\n<h3><strong>\u2696\ufe0f Reservas e pol\u00edtica de cancelamento flex\u00edvel<\/strong><\/h3>\n<ul>\n<li style=\"text-align: left;\"><strong>Planear a sua viagem:<\/strong> Reserve com anteced\u00eancia para garantir o seu lugar.<\/li>\n<li><strong>Cancelamentos flex\u00edveis:<\/strong> A vida \u00e9 imprevis\u00edvel - n\u00f3s compreendemos isso. \u00c9 por isso que pode cancelar a sua reserva com at\u00e9 7 dias de anteced\u00eancia para obter um reembolso total.<\/li>\n<li><strong>Acessibilidade e conforto:<\/strong> As nossas excurs\u00f5es foram concebidas para serem acess\u00edveis a um vasto leque de visitantes. Por favor, informe-se sobre quaisquer necessidades espec\u00edficas ou restri\u00e7\u00f5es de peso aquando da reserva.<\/li>\n<\/ul>\n<h3>\u2753 <strong>Perguntas frequentes sobre os nossos passeios de helic\u00f3ptero<\/strong><\/h3>\n<ul>\n<li><strong>O que est\u00e1 inclu\u00eddo no passeio de helic\u00f3ptero?<\/strong> Cada pacote de voo inclui o passeio de helic\u00f3ptero, coment\u00e1rios do piloto (dispon\u00edveis em ingl\u00eas e espanhol) e todo o equipamento de seguran\u00e7a necess\u00e1rio. Est\u00e3o dispon\u00edveis pacotes opcionais de fotografia e v\u00eddeo para registar a sua experi\u00eancia.<\/li>\n<li><strong>O que devo levar para o meu passeio de helic\u00f3ptero?<\/strong> Recomendamos o uso de roupa confort\u00e1vel e adequada \u00e0s condi\u00e7\u00f5es climat\u00e9ricas do dia do voo, sapatos fechados e \u00f3culos de sol. N\u00e3o se esque\u00e7a da sua m\u00e1quina fotogr\u00e1fica ou smartphone para tirar fotografias das vistas deslumbrantes!<\/li>\n<li><strong>Existem restri\u00e7\u00f5es de idade ou de peso?<\/strong> Os nossos passeios de helic\u00f3ptero s\u00e3o adequados para todas as idades. Por raz\u00f5es de seguran\u00e7a, existe um limite de peso de 110 quilos por passageiro. Se um passageiro exceder este peso, poder\u00e1 ter de reservar um lugar adicional.<\/li>\n<li><strong>Posso pedir um itiner\u00e1rio espec\u00edfico ou personalizar a minha excurs\u00e3o?<\/strong> Sim, oferecemos excurs\u00f5es personalizadas em que pode escolher os locais espec\u00edficos que deseja ver. Contacte-nos para discutir as suas prefer\u00eancias e faremos o nosso melhor para satisfazer os seus pedidos.<\/li>\n<li><strong>O que acontece se o tempo estiver mau no dia do passeio?<\/strong> A seguran\u00e7a \u00e9 a nossa principal prioridade. Em caso de m\u00e1s condi\u00e7\u00f5es climat\u00e9ricas, as excurs\u00f5es podem ser adiadas ou canceladas. Se cancelarmos uma excurs\u00e3o, ser-lhe-\u00e1 oferecido um reembolso total ou a op\u00e7\u00e3o de reservar noutra data.<\/li>\n<li><strong>Qu\u00e3o seguras s\u00e3o as viagens de helic\u00f3ptero?<\/strong> A seguran\u00e7a \u00e9 fundamental na <strong>CanaryVIP.<\/strong> Os pilotos s\u00e3o altamente qualificados e os helic\u00f3pteros s\u00e3o mantidos de acordo com normas regulamentares rigorosas. Antes de cada voo, efectuamos uma forma\u00e7\u00e3o completa sobre seguran\u00e7a.<\/li>\n<\/ul>\n<h4><strong>Pronto para voar?<\/strong><\/h4>\n<p>Experimente a derradeira aventura com <strong>CanaryVIP's<\/strong> passeios de helic\u00f3ptero. Quer esteja a captar a costa, a explorar as vistas das montanhas ou a procurar uma forma \u00fanica de celebrar uma ocasi\u00e3o especial, temos o voo perfeito \u00e0 sua espera.<\/p>\n<p>Reserve hoje mesmo a sua excurs\u00e3o e suba aos c\u00e9us para uma experi\u00eancia verdadeiramente inesquec\u00edvel em Tenerife.<\/p>","protected":false},"excerpt":{"rendered":"<p>\ud83d\udd0d <strong>Passeio de Helic\u00f3ptero em Tenerife:<br \/>\n<\/strong>\u2705 Pagamento seguro.<br \/>\n\ud83d\udc65 At\u00e9 4 pessoas por voo.<br \/>\n\ud83d\ude80 De 8 a 50 min Voos.<br \/>\n\ud83c\udfde\ufe0f Sobrevoo de praias e vulc\u00f5es.<br \/>\n\ud83d\udd59 Partida \u00e0s 10-11 horas.<br \/>\nVoos dispon\u00edveis diariamente.<br \/>\n\ud83e\udd47 Op\u00e7\u00f5es de voo privado.<br \/>\n\ud83e\udd11 Pre\u00e7os competitivos.<br \/>\n\ud83d\udc6a Adequado para fam\u00edlias e grupos.<br \/>\n\ud83d\udd01 Pol\u00edtica de cancelamento de 7 dias.<br \/>\n\ud83c\udf0d Guia em ingl\u00eas e espanhol.<br \/>\n\ud83c\udf1f Reserve com anteced\u00eancia e poupe!<br \/>\n\ud83d\udccd Descolagem de <a href=\"https:\/\/maps.app.goo.gl\/JeZ8mY9P1jTF557e8\">Adeje<\/a>.<\/p>","protected":false},"featured_media":11296,"comment_status":"open","ping_status":"closed","template":"","meta":{"_acf_changed":false},"product_brand":[],"product_cat":[82],"product_tag":[],"class_list":{"0":"post-11288","1":"product","2":"type-product","3":"status-publish","4":"has-post-thumbnail","6":"product_cat-fun-activities","7":"wcpa_has_options","9":"first","10":"instock","11":"virtual","12":"purchasable","13":"product-type-simple"},"acf":[],"wcpa_form_fields":{"wcpaData":{"product":{"product_price":110,"price_html":"From&nbsp;<span class=\"woocommerce-Price-amount amount\"><bdi>110,00&nbsp;<span class=\"woocommerce-Price-currencySymbol\">&euro;<\/span><\/bdi><\/span>","original_product_price":110,"price_including_tax":110,"price_excluding_tax":110,"product_id":{"parent":11288,"variation":false},"is_variable":false,"stock_status":"instock","stock_quantity":null,"parent_sku":"CV11288","product_attributes":[],"custom_fields":[],"is_taxable":false,"product_name":"Helicopter Tour Tenerife","hasImage":false},"fields":{"sec_06627d7baa7f97":{"extra":{"key":"sec_06627d7baa7f97","section_id":"sec_06627d7baa7f97","name":"Default","status":1,"cl_rule":"show","enableCl":false,"relations":[],"toggle":true,"title_tag":"h3","show_title":false,"showPrice":"default","form_id":11343,"form_rules":{"exclude_from_discount":true,"fee_label":"Fee","disp_hide_options_price":true,"disp_show_section_price":false,"disp_show_field_price":true,"layout_option":"standard","pric_use_as_fee":false,"process_fee_as":"woo_fee"},"layout_option":"standard"},"fields":[[{"label":"\ud83d\udcc5 Date","active":true,"required":true,"elementId":"date_76627d7baa7fb8","picker_type":"custom","picker_mode":"single","placeholder":"","description":"","tooltip":"","name":"date_76627d7baa7fb8","label_position":"default","desc_position":"default","enablePrice":false,"className":"","enableCl":false,"relations":[{"operator":"and","rules":[{"operator":"AND","rules":{"cl_field":"radio-group_106627d7baa7fc7","cl_relation":"is","cl_val":"3 Hour Trip"}}]}],"date_pic_inline":true,"date_pic_inline_hide":true,"min_date":{"type":"days","val":"1"},"max_date":{"type":"days","val":"365"},"date_pic_conf":{"disabledWeeks":[0],"disabledDates":["2024-05-23 to 2024-06-02","2025-03-18 to 2025-03-20","2025-09-17 to 2025-09-19"]},"price":"","cl_rule":"show","col":6,"type":"date","error":false,"enableDesign":false,"LabelColor":"","date_conf_custom":{"minDate":"let d = new Date();\nd.setHours(0, 0, 0, 0);\nif (new Date().getHours() >= 17) {\n  d.setDate(d.getDate() + 2);\n} else {\n  d.setDate(d.getDate() + 1);\n}\nreturn d;"},"isWeightTemplate":false,"isTemplate":false,"min_quantity":"1","quantity_decimal":false,"quantity_step":"1","quantity_label":"Quantity","repeater_field_label":"{field_label}","repeater_bind":"","gt_translate_keys":["label","placeholder","description","tooltip","repeater_field_label","quantity_label"],"price_dependency":false,"cl_dependency":["textarea_5613841028"],"value":""}]]},"sec_h20481d279":{"extra":{"key":"sec_h20481d279","section_id":"sec_h20481d279","name":"DESDE 1 DE MAYO 2026","status":1,"cl_rule":"show","enableCl":false,"relations":[{"operator":false,"rules":[{"operator":"AND","rules":{"cl_field":"date_76627d7baa7fb8","cl_relation":"is_greater_or_equal","cl_val":"2026-05-01"}}]}],"toggle":true,"title_tag":"h3","show_title":false,"showPrice":"default","repeater_section_field_label":"{field_label}","repeater_section_label":"{section_name}","repeater_bind":"","form_id":11343,"form_rules":{"exclude_from_discount":true,"fee_label":"Fee","disp_hide_options_price":true,"disp_show_section_price":false,"disp_show_field_price":true,"layout_option":"standard","pric_use_as_fee":false,"process_fee_as":"woo_fee"},"layout_option":"standard"},"fields":[[{"label":"\u231b\ufe0f Trip Duration","active":true,"required":true,"elementId":"radio-group-0408498022","description":"","name":"radio-group-0408498022","label_position":"default","desc_position":"default","enablePrice":false,"className":"","enableCl":false,"relations":[{"operator":false,"rules":[{"operator":"AND","rules":{"cl_field":"","cl_relation":"","cl_val":""}}]}],"enableDesign":false,"checkUi":"toggle","layOut":"","options_description":true,"show_selected_option":false,"other":false,"scrollBar":false,"values":[{"label":"Souther Coasts - 20km (110\u20ac)","value":"Souther Coasts","selected":false,"tempId":"aco_32","description":"Explore top sights in just 8 minutes, including El Puertito de Arme\u00f1ime, La Caleta, Puerto Col\u00f3n, Playa de las Am\u00e9ricas, and Playa de los Cristianos. Experience vibrant marinas, serene beaches, and stunning views.","gt_translate_keys":["label","description"]},{"label":"Beaches and Ravines - 30km (159\u20ac)","value":"Beaches and Ravines","selected":false,"tempId":"aco_33","description":"Embark on a 12-minute journey to discover La Caleta, Puerto Col\u00f3n, Playa de las Am\u00e9ricas, Playa de los Cristianos, thrilling water parks, Roque del Conde, Los Dedos de Ifonche, and Barranco del Agua. Enjoy a mix of beaches, natural landmarks, and adventure spots.","gt_translate_keys":["label","description"]},{"label":"Los Gigantes - 50km (295\u20ac)","value":"Los Gigantes","selected":false,"tempId":"aco_838","description":"In 20 minutes, explore a range of attractions from Golf Costa Adeje to La Caleta, Playa San Juan, Alcal\u00e1, and Port of Santiago. Continue to Los Gigantes, Tamaimo, and enjoy spectacular views of the Teide volcano before concluding with a scenic coastal return.","gt_translate_keys":["label","description"]},{"label":"Lower Island - 85km (430\u20ac)","value":"Lower Island","selected":false,"tempId":"aco_1271","description":"Over a 30-minute helicopter tour, soar above beautiful spots such as Golf Costa Adeje, La Caleta, and Playa San Juan, continue over Alcal\u00e1 and Puerto Santiago, and admire the majestic cliffs at Los Gigantes. Fly through Santiago del Teide, Buenavista del Norte, and Garachico to view Chinyero Volcano, concluding with a scenic flight through the lush Corona Forestal.","gt_translate_keys":["label","description"]},{"label":"Teide Luxury - 120km (545\u20ac)","value":"Teide Luxury","selected":false,"tempId":"aco_1668","description":"Enjoy a 45-minute helicopter tour featuring iconic destinations like Golf Costa Adeje, La Caleta, and San Juan. Fly over Alcal\u00e1 Beach and Puerto Santiago, then on to Santiago del Teide. Take in stunning views of Teno before heading to Buenavista del Norte and Garachico. Conclude your aerial adventure with a return flight through the verdant Corona Forestal.","gt_translate_keys":["label","description"]}],"price":"","cl_rule":"show","col":6,"type":"radio-group","isWeightTemplate":false,"error":false,"isTemplate":false,"min_quantity":"1","quantity_decimal":false,"quantity_step":"1","quantity_label":"Quantity","repeater_field_label":"{field_label}","repeater_bind":"","gt_translate_keys":["label","description","repeater_field_label","quantity_label"],"price_dependency":false,"cl_dependency":["radio-group-0408498034","radio-group-0408498035","radio-group-0408498046","radio-group-0408498057","radio-group-0408498058"],"value":""}],[{"elementId":"separator-0408498023","separatorType":"blank","className":"","height":"10","enableCl":false,"relations":false,"cl_rule":"show","col":6,"type":"separator","gt_translate_keys":[],"price_dependency":false,"cl_dependency":false,"value":""}],[{"label":"","active":true,"required":true,"elementId":"radio-group-0408498034","name":"radio-group-0408498034","label_position":"default","desc_position":"default","enablePrice":true,"className":"","enableCl":true,"relations":[{"operator":false,"rules":[{"operator":"AND","rules":{"cl_field":"radio-group-0408498022","cl_relation":"is","cl_val":"Souther Coasts"}}]}],"enable_quantity":true,"quantity_label":"","min_quantity":"0","checkUi":"button","layOut":"","options_tooltip":true,"options_description":true,"values":[{"label":"\ud83d\udc64 People (110\u20ac)","value":"People (98\u20ac)","selected":true,"tempId":"aco_32","tooltip":"","description":"","gt_translate_keys":["label","tooltip","description"]}],"priceOptions":"fixed_for_all","pricingType":"fixed","price":"110","cl_rule":"show","col":6,"type":"radio-group","isWeightTemplate":false,"error":false,"isTemplate":false,"quantity_decimal":false,"quantity_step":"1","repeater_field_label":"{field_label}","repeater_bind":"","gt_translate_keys":["label","repeater_field_label","quantity_label"],"price_dependency":false,"cl_dependency":false,"value":""}],[{"label":"","active":true,"required":true,"elementId":"radio-group-0408498035","name":"radio-group-0408498035","label_position":"default","desc_position":"default","enablePrice":true,"className":"","enableCl":true,"relations":[{"operator":false,"rules":[{"operator":"AND","rules":{"cl_field":"radio-group-0408498022","cl_relation":"is","cl_val":"Beaches and Ravines"}}]}],"enable_quantity":true,"quantity_label":"","min_quantity":"0","checkUi":"button","layOut":"","options_tooltip":true,"options_description":true,"values":[{"label":"\ud83d\udc64 People (159\u20ac)","value":"People (145\u20ac)","selected":true,"tempId":"aco_32","tooltip":"","description":"","gt_translate_keys":["label","tooltip","description"]}],"priceOptions":"fixed_for_all","pricingType":"fixed","price":"159","cl_rule":"show","col":6,"type":"radio-group","isWeightTemplate":false,"error":false,"isTemplate":false,"quantity_decimal":false,"quantity_step":"1","repeater_field_label":"{field_label}","repeater_bind":"","gt_translate_keys":["label","repeater_field_label","quantity_label"],"price_dependency":false,"cl_dependency":false,"value":""}],[{"label":"","active":true,"required":true,"elementId":"radio-group-0408498046","name":"radio-group-0408498046","label_position":"default","desc_position":"default","enablePrice":true,"className":"","enableCl":true,"relations":[{"operator":false,"rules":[{"operator":"AND","rules":{"cl_field":"radio-group-0408498022","cl_relation":"is","cl_val":"Los Gigantes"}}]}],"enable_quantity":true,"quantity_label":"","min_quantity":"0","checkUi":"button","layOut":"","options_tooltip":true,"options_description":true,"values":[{"label":"\ud83d\udc64 People (295\u20ac)","value":"People (279\u20ac)","selected":true,"tempId":"aco_32","tooltip":"","description":"","gt_translate_keys":["label","tooltip","description"]}],"priceOptions":"fixed_for_all","pricingType":"fixed","price":"295","cl_rule":"show","col":6,"type":"radio-group","isWeightTemplate":false,"error":false,"isTemplate":false,"quantity_decimal":false,"quantity_step":"1","repeater_field_label":"{field_label}","repeater_bind":"","gt_translate_keys":["label","repeater_field_label","quantity_label"],"price_dependency":false,"cl_dependency":false,"value":""}],[{"label":"","active":true,"required":true,"elementId":"radio-group-0408498057","name":"radio-group-0408498057","label_position":"default","desc_position":"default","enablePrice":true,"className":"","enableCl":true,"relations":[{"operator":false,"rules":[{"operator":"AND","rules":{"cl_field":"radio-group-0408498022","cl_relation":"is","cl_val":"Lower Island"}}]}],"enable_quantity":true,"quantity_label":"","min_quantity":"0","checkUi":"button","layOut":"","options_tooltip":true,"options_description":true,"values":[{"label":"\ud83d\udc64 People (430\u20ac)","value":"People (390\u20ac)","selected":true,"tempId":"aco_32","tooltip":"","description":"","gt_translate_keys":["label","tooltip","description"]}],"priceOptions":"fixed_for_all","pricingType":"fixed","price":"430","cl_rule":"show","col":6,"type":"radio-group","isWeightTemplate":false,"error":false,"isTemplate":false,"quantity_decimal":false,"quantity_step":"1","repeater_field_label":"{field_label}","repeater_bind":"","gt_translate_keys":["label","repeater_field_label","quantity_label"],"price_dependency":false,"cl_dependency":false,"value":""}],[{"label":"","active":true,"required":true,"elementId":"radio-group-0408498058","name":"radio-group-0408498058","label_position":"default","desc_position":"default","enablePrice":true,"className":"","enableCl":true,"relations":[{"operator":false,"rules":[{"operator":"AND","rules":{"cl_field":"radio-group-0408498022","cl_relation":"is","cl_val":"Teide Luxury"}}]}],"enable_quantity":true,"quantity_label":"","min_quantity":"0","checkUi":"button","layOut":"","options_tooltip":true,"options_description":true,"values":[{"label":"\ud83d\udc64 People (545\u20ac)","value":"People (495\u20ac)","selected":true,"tempId":"aco_32","tooltip":"","description":"","gt_translate_keys":["label","tooltip","description"]}],"priceOptions":"fixed_for_all","pricingType":"fixed","price":"545","cl_rule":"show","col":6,"type":"radio-group","isWeightTemplate":false,"error":false,"isTemplate":false,"quantity_decimal":false,"quantity_step":"1","repeater_field_label":"{field_label}","repeater_bind":"","gt_translate_keys":["label","repeater_field_label","quantity_label"],"price_dependency":false,"cl_dependency":false,"value":""}]]},"sec_26627d7baa803f":{"extra":{"key":"sec_26627d7baa803f","section_id":"sec_26627d7baa803f","name":"Departure","status":1,"cl_rule":"show","enableCl":false,"relations":[],"toggle":true,"title_tag":"h4","show_title":false,"showPrice":"default","form_id":11343,"form_rules":{"exclude_from_discount":true,"fee_label":"Fee","disp_hide_options_price":true,"disp_show_section_price":false,"disp_show_field_price":true,"layout_option":"standard","pric_use_as_fee":false,"process_fee_as":"woo_fee"},"layout_option":"standard"},"fields":[[{"active":true,"col":6,"relations":false,"cl_rule":"show","enableCl":false,"price":"","enablePrice":false,"className":"","label_position":"default","desc_position":"default","type":"separator","required":false,"elementId":"separator_106627d7baa8049","label":"Separator Field","height":"5","separatorType":"blank","error":false,"gt_translate_keys":["label"],"price_dependency":false,"cl_dependency":false,"value":""}],[{"active":true,"col":6,"relations":[{"operator":false,"rules":[{"operator":"AND","rules":{"cl_field":"radio-group_106627d7baa7fc7","cl_relation":"is","cl_val":"3 Hour Trip"}}]}],"cl_rule":"show","enableCl":false,"price":"","enablePrice":false,"className":"","label_position":"default","desc_position":"default","type":"select","required":false,"elementId":"select_96627d7baa8052","label":"\u23f0 Departure Time","name":"select_96627d7baa8052","values":[{"label":"Morning","value":"Morning","selected":false,"tempId":"aco_1074","gt_translate_keys":["label"]}],"dropdown_type":"basic","error":false,"placeholder":"","gt_translate_keys":["label","placeholder"],"price_dependency":false,"cl_dependency":false,"value":""}],[{"active":true,"col":6,"relations":false,"cl_rule":"show","enableCl":false,"price":"","enablePrice":false,"className":"","label_position":"default","desc_position":"default","type":"separator","required":false,"elementId":"separator_7627431357","label":"Separator Field","height":"2","separatorType":"blank","error":false,"gt_translate_keys":["label"],"price_dependency":false,"cl_dependency":false,"value":""}],[{"active":true,"col":6,"relations":[{"operator":false,"rules":[{"operator":"AND","rules":{"cl_field":"date_76627d7baa7fb8","cl_relation":"is_not_empty","cl_val":""}}]}],"cl_rule":"show","enableCl":true,"price":"","enablePrice":false,"className":"","label_position":"default","desc_position":"default","type":"textarea","required":true,"elementId":"textarea_5613841028","label":"\ud83d\ude4b\ud83c\udffd\u200d\u2642\ufe0f Weight","name":"textarea_5613841028","value":"","rows":2,"error":false,"description":"Passenger weight is required. The maximum allowed per person is 110 kg. If a passenger weighs more than 110 kg, a surcharge equivalent to half of an additional ticket will apply.","placeholder":"For example:\n90kg\n77kg","isWeightTemplate":false,"isTemplate":false,"min_quantity":"1","quantity_decimal":false,"quantity_step":"1","quantity_label":"Quantity","repeater_field_label":"{field_label}","repeater_bind":"","gt_translate_keys":["label","placeholder","description","value","repeater_field_label","quantity_label"],"price_dependency":false,"cl_dependency":false}]]}},"config":{"price_override":"always","enable_recaptcha":false,"bind_quantity":false,"quantity_bind_formula":false,"disp_summ_show_option_price":true,"disp_summ_show_product_price":false,"disp_summ_show_total_price":true,"disp_summ_show_fee":true,"disp_summ_show_discount":true,"summary_title":"","options_total_label":"Options Price","total_label":"Total Amount","options_product_label":"Product Price","fee_label":"Fee","discount_label":"Discount","has_price":true,"has_quantity_formula":false},"mc_unit":1,"tax_rate":1,"tax_rate_real":1,"discount":{"percentage":0,"fixed":0},"design":{"conf":{"LabelPosition":"above","DescPosition":"above","UploadField":"custom_1","QuantityFieldStyle":"custom_1"},"css":{"LeftLabelWidth":"120px"}},"formulas":[],"lookuptables":[],"clones":false,"cartKey":false}},"_links":{"self":[{"href":"https:\/\/canaryvip.com\/pt\/wp-json\/wp\/v2\/product\/11288","targetHints":{"allow":["GET"]}}],"collection":[{"href":"https:\/\/canaryvip.com\/pt\/wp-json\/wp\/v2\/product"}],"about":[{"href":"https:\/\/canaryvip.com\/pt\/wp-json\/wp\/v2\/types\/product"}],"replies":[{"embeddable":true,"href":"https:\/\/canaryvip.com\/pt\/wp-json\/wp\/v2\/comments?post=11288"}],"wp:featuredmedia":[{"embeddable":true,"href":"https:\/\/canaryvip.com\/pt\/wp-json\/wp\/v2\/media\/11296"}],"wp:attachment":[{"href":"https:\/\/canaryvip.com\/pt\/wp-json\/wp\/v2\/media?parent=11288"}],"wp:term":[{"taxonomy":"product_brand","embeddable":true,"href":"https:\/\/canaryvip.com\/pt\/wp-json\/wp\/v2\/product_brand?post=11288"},{"taxonomy":"product_cat","embeddable":true,"href":"https:\/\/canaryvip.com\/pt\/wp-json\/wp\/v2\/product_cat?post=11288"},{"taxonomy":"product_tag","embeddable":true,"href":"https:\/\/canaryvip.com\/pt\/wp-json\/wp\/v2\/product_tag?post=11288"}],"curies":[{"name":"wp","href":"https:\/\/api.w.org\/{rel}","templated":true}]}}