{"id":11268,"date":"2024-04-14T23:59:56","date_gmt":"2024-04-14T22:59:56","guid":{"rendered":"https:\/\/canaryvip.com\/?post_type=product&#038;p=11268"},"modified":"2025-12-02T11:33:37","modified_gmt":"2025-12-02T11:33:37","slug":"rent-a-boat-compass-160e-without-license","status":"publish","type":"product","link":"https:\/\/canaryvip.com\/pt\/shop\/rent-a-boat-compass-160e-without-license\/","title":{"rendered":"Aluguer de Barco Compass 160e Sem Licen\u00e7a"},"content":{"rendered":"<h2>Alugar o Compass 160e sem licen\u00e7a em CanaryVIP<\/h2>\n<p><strong>Dirija o seu pr\u00f3prio rumo com o CanaryVIP:<\/strong> Assuma o controlo da sua pr\u00f3pria aventura aqu\u00e1tica com o Compass 160e, um barco a motor \u00e1gil, perfeito para aqueles que querem alugar um barco em Tenerife e desfrutar da liberdade de auto-navega\u00e7\u00e3o.<\/p>\n<p>Recentemente dispon\u00edvel em 2023 e concebido com um comprimento compacto de 5 m, este barco sem necessidade de licen\u00e7a \u00e9 ideal para qualquer pessoa ansiosa por explorar as belezas costeiras de Tenerife atrav\u00e9s do nosso servi\u00e7o de aluguer de barcos com condutor em Tenerife.<\/p>\n<p>Partida do ic\u00f3nico <a href=\"https:\/\/maps.app.goo.gl\/F7XZ1rpbWXBTYFND9\" target=\"_blank\" rel=\"noopener\">Os Gigantes<\/a>, em que o <strong>Compass 160e<\/strong> oferece uma oportunidade \u00fanica para descobrir locais isolados, apanhar sol ou desfrutar de um piquenique na \u00e1gua, rodeado pelas ondas cristalinas do Atl\u00e2ntico.<\/p>\n<p><strong>Um of\u00edcio de conveni\u00eancia e fiabilidade:<\/strong>\u00a0O Compass 160e foi constru\u00eddo para ser f\u00e1cil, equipado com um motor de 15 hp que garante uma navega\u00e7\u00e3o suave. Este barco pode acomodar at\u00e9 6 passageiros e \u00e9 perfeito para quem procura alugar um barco em Tenerife para alugueres de meio dia ou aventuras de dia inteiro.<\/p>\n<h3>\ud83d\udea4 Compass 160e Tenerife: A sua viagem, o seu comando<\/h3>\n<ul>\n<li><strong>Design compacto:<\/strong> Pilote um Compass 160e 2023 novinho em folha, c\u00e9lebre pelo seu aspeto elegante e navega\u00e7\u00e3o confort\u00e1vel.<\/li>\n<li><strong>Paisagens deslumbrantes:<\/strong> Navegue perto das famosas fal\u00e9sias Masca e Los Gigantes de Tenerife, desfrutando da vibrante vida marinha \u00e0 sua volta.<\/li>\n<li><strong>Mergulhos privados:<\/strong> Ancorar em enseadas escondidas ideais para nadar, mergulhar com tubo de respira\u00e7\u00e3o ou apanhar banhos de sol.<\/li>\n<li><strong>Petiscos no mar:<\/strong> A liberdade de trazer e desfrutar da sua pr\u00f3pria comida a bordo melhora esta experi\u00eancia pessoal de aluguer de barco em Tenerife.<\/li>\n<li><strong>Manuseamento sem esfor\u00e7o:<\/strong> Com o seu design de f\u00e1cil utiliza\u00e7\u00e3o e capacidades de cruzeiro est\u00e1veis, o Compass 160e torna a navega\u00e7\u00e3o acess\u00edvel a todos.<\/li>\n<\/ul>\n<h3>Detalhes importantes do seu aluguer do Compass 160e<\/h3>\n<p><strong>Personalizado de acordo com as suas prefer\u00eancias:<\/strong> Perfeito para um retiro de casal ou uma sa\u00edda de grupo, o nosso Compass 160e, com capacidade para 6 pessoas, est\u00e1 pronto para qualquer evento. S\u00e3o fornecidas instru\u00e7\u00f5es completas para garantir uma experi\u00eancia segura e agrad\u00e1vel na \u00e1gua.<\/p>\n<p><strong>Uma escolha vers\u00e1til para todos:<\/strong> Ideal para fam\u00edlias, amigos ou exploradores a solo, o Compass 160e sem carta de condu\u00e7\u00e3o permite-lhe experimentar uma mistura de autonomia e luxo paisag\u00edstico tendo como pano de fundo a costa de Tenerife.<\/p>\n<h3>\ud83d\udea4 Preparar a sua Excurs\u00e3o Compass 160e<\/h3>\n<p>Prepare-se para um dia inesquec\u00edvel no mar com artigos essenciais como fatos de banho e protetor solar. Todas as ferramentas de navega\u00e7\u00e3o necess\u00e1rias s\u00e3o fornecidas por n\u00f3s, para que se possa concentrar apenas no prazer da descoberta.<\/p>\n<p>N\u00e3o se esque\u00e7a da sua m\u00e1quina fotogr\u00e1fica para captar as vistas deslumbrantes das costas de Tenerife e da vida aqu\u00e1tica que floresce por baixo.<\/p>\n<h3>Ponto de partida e estacionamento<\/h3>\n<p><strong>Come\u00e7ar em <a href=\"https:\/\/maps.app.goo.gl\/F7XZ1rpbWXBTYFND9\" target=\"_blank\" rel=\"noopener\">Os Gigantes<\/a>:<\/strong> A sua aventura mar\u00edtima come\u00e7a em <strong>Puerto de Los Gigantes.<\/strong> O amplo estacionamento no porto facilita o in\u00edcio do seu dia. Chegue um pouco mais cedo para iniciar a sua viagem sem pressas.<\/p>\n<h3>\ud83d\udea4 Explore tamb\u00e9m: Alugar o Saxdor 200 com uma licen\u00e7a<\/h3>\n<p>Para quem procura uma mistura de luxo e desempenho, considere o nosso <strong><a href=\"https:\/\/canaryvip.com\/pt\/shop\/rent-boat-saxdor-200-with-license\/\">Saxdor 200 com uma licen\u00e7a.<\/a><\/strong> Esta op\u00e7\u00e3o sofisticada \u00e9 perfeita para aqueles que desejam assumir o leme e desfrutar de uma experi\u00eancia de navega\u00e7\u00e3o premium com um pouco mais de pot\u00eancia e estilo.<\/p>\n<p>Partindo do mesmo renomado Los Gigantes, o Saxdor 200 oferece uma aventura n\u00e1utica de alto n\u00edvel com um motor de 115hp e capacidade para hospedar at\u00e9 6 convidados. Experimente a emo\u00e7\u00e3o de cortar as ondas enquanto desfruta do conforto luxuoso e do design de \u00faltima gera\u00e7\u00e3o do nosso Saxdor 200.<\/p>\n<h3>\ud83c\udf1f Compromisso do CanaryVIP consigo<\/h3>\n<p>No CanaryVIP, damos prioridade \u00e0 sua satisfa\u00e7\u00e3o acima de tudo. Desfrute de pol\u00edticas de cancelamento adapt\u00e1veis que oferecem seguran\u00e7a quando reserva o seu <strong>Aluguer do Compass 160e.<\/strong> Estamos empenhados em prestar um servi\u00e7o de excel\u00eancia, com um foco na seguran\u00e7a e um desejo de melhorar a sua experi\u00eancia nas majestosas \u00e1guas de Tenerife.<\/p>\n<p>Parta para uma aventura com o <strong>Compass 160e sem licen\u00e7a,<\/strong>\u00a0cruzar os mares gloriosos de Tenerife e descobrir as j\u00f3ias escondidas ao longo da costa de <strong>Los Gigantes.<\/strong><\/p>\n<p>Reserve hoje uma aventura n\u00e1utica exclusiva que combina independ\u00eancia, conforto e a beleza imaculada das Ilhas Can\u00e1rias. Reserve agora e crie mem\u00f3rias duradouras no mar!<\/p>","protected":false},"excerpt":{"rendered":"<p><strong>\ud83d\udd0d Alugar um barco Destaques:<\/strong><br \/>\n\u2705 Pagamento seguro.<br \/>\nSem licen\u00e7a de navega\u00e7\u00e3o.<br \/>\n\ud83d\udee5\ufe0f Barco de 5m de comprimento.<br \/>\n\u23f3 Aluguer di\u00e1rio de 2-8h.<br \/>\n\ud83d\udd59 Hor\u00e1rios de partida personaliz\u00e1veis.<br \/>\nAt\u00e9 6 pessoas.<br \/>\n\ud83e\udd3f O equipamento de snorkel \u00e9 fornecido.<br \/>\n\ud83e\udd11 Melhor pre\u00e7o garantido.<br \/>\n\ud83d\udc6a  Descontos activados.<br \/>\n\ud83d\udd01 Cancelamento at\u00e9 4 dias.<br \/>\n\ud83c\udf0d Suporte multilingue.<br \/>\n\ud83c\udf1f Reserve com anteced\u00eancia e poupe!<br \/>\n\ud83d\udccd Partida de\u00a0<a href=\"https:\/\/maps.app.goo.gl\/F7XZ1rpbWXBTYFND9\">Os Gigantes<\/a>.<\/p>","protected":false},"featured_media":11269,"comment_status":"open","ping_status":"closed","template":"","meta":{"_acf_changed":false},"product_brand":[],"product_cat":[130],"product_tag":[],"class_list":{"0":"post-11268","1":"product","2":"type-product","3":"status-publish","4":"has-post-thumbnail","6":"product_cat-self-drive-boat-hire","7":"wcpa_has_options","9":"first","10":"instock","11":"virtual","12":"purchasable","13":"product-type-simple"},"acf":[],"wcpa_form_fields":{"wcpaData":{"product":{"product_price":220,"price_html":"From&nbsp;<span class=\"woocommerce-Price-amount amount\"><bdi>220,00&nbsp;<span class=\"woocommerce-Price-currencySymbol\">&euro;<\/span><\/bdi><\/span>","original_product_price":220,"price_including_tax":220,"price_excluding_tax":220,"product_id":{"parent":11268,"variation":false},"is_variable":false,"stock_status":"instock","stock_quantity":null,"parent_sku":"CV11268","product_attributes":[],"custom_fields":[],"is_taxable":false,"product_name":"Rent Boat Compass 160e Without License","hasImage":false},"fields":{"sec_7692ecea7b7938":{"extra":{"key":"sec_7692ecea7b7938","section_id":"sec_7692ecea7b7938","name":"Default","status":1,"cl_rule":"show","enableCl":false,"relations":[],"toggle":true,"title_tag":"h3","show_title":false,"showPrice":"default","form_id":16318,"form_rules":{"exclude_from_discount":true,"fee_label":"Fee","disp_hide_options_price":true,"disp_show_section_price":false,"disp_show_field_price":true,"layout_option":"standard","pric_use_as_fee":false,"process_fee_as":"woo_fee"},"layout_option":"standard"},"fields":[[{"label":"\ud83d\udcc5 Date","active":true,"required":true,"elementId":"date_9692ecea7b7958","picker_type":"custom","picker_mode":"single","placeholder":"","description":"","tooltip":"","name":"date_9692ecea7b7958","label_position":"default","desc_position":"default","enablePrice":false,"className":"","enableCl":false,"relations":[{"operator":"and","rules":[{"operator":"AND","rules":{"cl_field":"radio-group_565c78ffa81208","cl_relation":"is","cl_val":"3 Hour Trip"}}]}],"date_pic_inline":true,"date_pic_inline_hide":true,"min_date":{"type":"days","val":"0"},"max_date":{"type":"days","val":"365"},"date_pic_conf":{"disabledWeeks":[],"disabledDates":[]},"price":"","cl_rule":"show","col":6,"type":"date","error":false,"enableDesign":false,"LabelColor":"","isWeightTemplate":false,"isTemplate":false,"min_quantity":"1","quantity_decimal":false,"quantity_step":"1","quantity_label":"Quantity","repeater_field_label":"{field_label}","repeater_bind":"","gt_translate_keys":["label","placeholder","description","tooltip","repeater_field_label","quantity_label"],"price_dependency":false,"cl_dependency":false,"value":""}],[{"active":true,"col":6,"relations":false,"cl_rule":"show","enableCl":false,"price":"","enablePrice":true,"className":"","label_position":"default","desc_position":"default","type":"select","required":true,"elementId":"select_10692ecea7b7973","label":"\u23f3 Trip Duration","name":"select_10692ecea7b7973","values":[{"label":"2 Hours (220\u20ac)","value":"2","selected":false,"tempId":"aco_85","price":"220","gt_translate_keys":["label"]},{"label":"3 Hours (250\u20ac)","value":"3","selected":false,"tempId":"aco_556","price":"250","gt_translate_keys":["label"]},{"label":"4 Hours (310\u20ac)","value":"4","selected":false,"tempId":"aco_605","price":"310","gt_translate_keys":["label"]},{"label":"5 Hours (370\u20ac)","value":"5","selected":false,"tempId":"aco_724","price":"370","gt_translate_keys":["label"]},{"label":"6 Hours (430\u20ac)","value":"6","selected":false,"tempId":"aco_401","price":"430","gt_translate_keys":["label"]}],"dropdown_type":"basic","error":false,"placeholder":"Select Trip Duration","priceOptions":"different_for_all","pricingType":"fixed","is_show_price":false,"isWeightTemplate":false,"isTemplate":false,"min_quantity":"1","quantity_decimal":false,"quantity_step":"1","quantity_label":"Quantity","repeater_field_label":"{field_label}","repeater_bind":"","gt_translate_keys":["label","placeholder","repeater_field_label","quantity_label"],"price_dependency":false,"cl_dependency":false,"value":""}],[{"active":true,"col":6,"relations":[{"operator":false,"rules":[{"operator":"AND","rules":{"cl_field":"radio-group_565c78ffa81208","cl_relation":"is","cl_val":"3 Hour Trip"}}]}],"cl_rule":"show","enableCl":false,"price":"","enablePrice":false,"className":"","label_position":"default","desc_position":"default","type":"select","required":false,"elementId":"select_4692ecea7b79b3","label":"\u23f0 Departure Time","name":"select_4692ecea7b79b3","values":[{"label":"10:00","value":"10:00","selected":false,"tempId":"aco_1472","gt_translate_keys":["label"]},{"label":"13:00","value":"13:00","selected":false,"tempId":"aco_1500","gt_translate_keys":["label"]},{"label":"14:00","value":"14:00","selected":false,"tempId":"aco_1510","gt_translate_keys":["label"]},{"label":"15:00","value":"15:00","selected":false,"tempId":"aco_1520","gt_translate_keys":["label"]}],"dropdown_type":"basic","error":false,"placeholder":"Whichever Time is Best","isWeightTemplate":false,"isTemplate":false,"min_quantity":"1","quantity_decimal":false,"quantity_step":"1","quantity_label":"Quantity","repeater_field_label":"{field_label}","repeater_bind":"","gt_translate_keys":["label","placeholder","repeater_field_label","quantity_label"],"price_dependency":false,"cl_dependency":false,"value":""}],[{"elementId":"separator_3692ecea7b79bd","separatorType":"blank","className":"","height":"1","enableCl":false,"relations":false,"cl_rule":"show","col":6,"type":"separator","gt_translate_keys":[],"price_dependency":false,"cl_dependency":false,"value":""}],[{"label":"\u2705 Number of People","active":true,"required":true,"elementId":"select_8692ecea7b79c7","dropdown_type":"basic","placeholder":"Select Number of People","name":"select_8692ecea7b79c7","label_position":"default","desc_position":"default","enablePrice":false,"className":"","enableCl":false,"relations":[{"operator":false,"rules":[{"operator":"AND","rules":{"cl_field":"radio-group_565c78ffa81208","cl_relation":"is","cl_val":"3 Hour Trip"}}]}],"values":[{"label":"1 person","value":"1","selected":false,"tempId":"aco_1471","gt_translate_keys":["label"]},{"label":"2 people","value":"2","selected":false,"tempId":"aco_1472","gt_translate_keys":["label"]},{"label":"3 people","value":"3","selected":false,"tempId":"aco_1500","gt_translate_keys":["label"]},{"label":"4 people","value":"4","selected":false,"tempId":"aco_1510","gt_translate_keys":["label"]},{"label":"5 people","value":"5","selected":false,"tempId":"aco_1520","gt_translate_keys":["label"]},{"label":"6 people","value":"6","selected":false,"tempId":"aco_2006","gt_translate_keys":["label"]}],"price":"","cl_rule":"show","col":6,"type":"select","error":false,"isWeightTemplate":false,"isTemplate":false,"min_quantity":"1","quantity_decimal":false,"quantity_step":"1","quantity_label":"Quantity","repeater_field_label":"{field_label}","repeater_bind":"","gt_translate_keys":["label","placeholder","repeater_field_label","quantity_label"],"price_dependency":false,"cl_dependency":false,"value":""}]]}},"config":{"price_override":"always","enable_recaptcha":false,"bind_quantity":false,"quantity_bind_formula":false,"disp_summ_show_option_price":true,"disp_summ_show_product_price":false,"disp_summ_show_total_price":true,"disp_summ_show_fee":true,"disp_summ_show_discount":true,"summary_title":"","options_total_label":"Options Price","total_label":"Total Amount","options_product_label":"Product Price","fee_label":"Fee","discount_label":"Discount","has_price":true,"has_quantity_formula":false},"mc_unit":1,"tax_rate":1,"tax_rate_real":1,"discount":{"percentage":0,"fixed":0},"design":{"conf":{"LabelPosition":"above","DescPosition":"above","UploadField":"custom_1","QuantityFieldStyle":"custom_1"},"css":{"LeftLabelWidth":"120px"}},"formulas":{"fmla_1708364241278155361":"(({field.select_10692ecea7b7973.value}>=6)?(130):(({field.select_10692ecea7b7973.value}>=5)?(110):(({field.select_10692ecea7b7973.value}>=4)?(90):(({field.select_10692ecea7b7973.value}>=3)?(70):(({field.select_10692ecea7b7973.value}>=2)?(60):(0))))))","fmla_172299064258378161":"(({field.select_10692ecea7b7973.value}>=6)?(330):(({field.select_10692ecea7b7973.value}>=5)?(280):(({field.select_10692ecea7b7973.value}>=4)?(230):(({field.select_10692ecea7b7973.value}>=3)?(180):(({field.select_10692ecea7b7973.value}>=2)?(120):(0))))))"},"lookuptables":[],"clones":false,"cartKey":false}},"_links":{"self":[{"href":"https:\/\/canaryvip.com\/pt\/wp-json\/wp\/v2\/product\/11268","targetHints":{"allow":["GET"]}}],"collection":[{"href":"https:\/\/canaryvip.com\/pt\/wp-json\/wp\/v2\/product"}],"about":[{"href":"https:\/\/canaryvip.com\/pt\/wp-json\/wp\/v2\/types\/product"}],"replies":[{"embeddable":true,"href":"https:\/\/canaryvip.com\/pt\/wp-json\/wp\/v2\/comments?post=11268"}],"wp:featuredmedia":[{"embeddable":true,"href":"https:\/\/canaryvip.com\/pt\/wp-json\/wp\/v2\/media\/11269"}],"wp:attachment":[{"href":"https:\/\/canaryvip.com\/pt\/wp-json\/wp\/v2\/media?parent=11268"}],"wp:term":[{"taxonomy":"product_brand","embeddable":true,"href":"https:\/\/canaryvip.com\/pt\/wp-json\/wp\/v2\/product_brand?post=11268"},{"taxonomy":"product_cat","embeddable":true,"href":"https:\/\/canaryvip.com\/pt\/wp-json\/wp\/v2\/product_cat?post=11268"},{"taxonomy":"product_tag","embeddable":true,"href":"https:\/\/canaryvip.com\/pt\/wp-json\/wp\/v2\/product_tag?post=11268"}],"curies":[{"name":"wp","href":"https:\/\/api.w.org\/{rel}","templated":true}]}}