{"id":11181,"date":"2024-04-11T19:47:34","date_gmt":"2024-04-11T18:47:34","guid":{"rendered":"https:\/\/canaryvip.com\/?post_type=product&#038;p=11181"},"modified":"2026-03-06T15:02:30","modified_gmt":"2026-03-06T15:02:30","slug":"la-gomera-jeep-safari-from-tenerife","status":"publish","type":"product","link":"https:\/\/canaryvip.com\/pt\/shop\/la-gomera-jeep-safari-from-tenerife\/","title":{"rendered":"La Gomera Jeep Safari a partir de Tenerife"},"content":{"rendered":"<h2>Embarcar no <strong>La Gomera Jeep Safari Tour a partir de Tenerife<\/strong><\/h2>\n<p>Junte-se a n\u00f3s numa emocionante <strong>Jeep Safari em La Gomera,<\/strong> uma joia \u00fanica entre as Ilhas Can\u00e1rias. Experimente um ambiente de grupo \u00edntimo com as nossas excurs\u00f5es para pequenos grupos, ideais para fam\u00edlias ou amigos, acomodando at\u00e9 8 passageiros por jipe.<\/p>\n<p>Mergulhe num mundo de encanto ao atravessar o Atl\u00e2ntico desde Tenerife at\u00e9 \u00e0s costas de San Sebasti\u00e1n de La Gomera. Os nossos confort\u00e1veis ferries transport\u00e1-lo-\u00e3o sem problemas, preparando-o para uma aventura que combina beleza natural e patrim\u00f3nio cultural.<\/p>\n<p><strong>\u26a0\ufe0f <span style=\"text-decoration: underline;\">AVISO IMPORTANTE:<\/span><\/strong> N\u00e3o se esque\u00e7a de levar um passaporte v\u00e1lido no dia da excurs\u00e3o. Sem um passaporte v\u00e1lido, n\u00e3o ser\u00e1 autorizado a embarcar no ferry para La Gomera e n\u00e3o ser\u00e1 poss\u00edvel efetuar o reembolso. Certifique-se de que tem o seu passaporte pronto para desfrutar de uma viagem memor\u00e1vel repleta da beleza natural de La Gomera.<\/p>\n<h3><strong>Destaques da excurs\u00e3o a La Gomera:<\/strong><\/h3>\n<ul>\n<li>\ud83c\udf3f <strong>Parque Nacional de Garajonay:<\/strong> Explore as antigas florestas de loureiros e a vegeta\u00e7\u00e3o luxuriante deste local classificado como Patrim\u00f3nio Mundial pela UNESCO. \u00c9 um para\u00edso para os amantes da natureza e um espet\u00e1culo de biodiversidade.<\/li>\n<li>\ud83c\udfde\ufe0f <strong>Hermigua:<\/strong> Conhecida pelos seus verdejantes palmeirais e pela produ\u00e7\u00e3o de sumo de guarapo das Ilhas Can\u00e1rias. Descubra porque \u00e9 que Hermigua \u00e9 famosa pela sua elevada qualidade de vida e beleza paisag\u00edstica.<\/li>\n<li>\ud83c\udf74 <strong>Cozinha local aut\u00eantica:<\/strong> Delicie-se com os pratos tradicionais das Ilhas Can\u00e1rias num restaurante local, onde poder\u00e1 saborear os sabores que tornam a cozinha de La Gomera inesquec\u00edvel.<\/li>\n<li>\ud83c\udf0a <strong>San Sebasti\u00e1n de La Gomera:<\/strong> Passeie pelas ruas coloridas da capital da ilha, admire a sua beleza arquitet\u00f3nica e desfrute de algum tempo livre para explorar por sua conta.<\/li>\n<li>\ud83c\udf04 <strong>Agulo:<\/strong> Passeie de jipe por esta encantadora aldeia, conhecida pelas suas ruas estreitas de cal\u00e7ada e pelas vistas deslumbrantes sobre o Atl\u00e2ntico.<\/li>\n<li>\ud83c\udfd6\ufe0f <strong>Laguna Grande:<\/strong> Um lugar not\u00e1vel e sereno, perfeito para a contempla\u00e7\u00e3o em Garajonay. O seu ambiente \u00fanico faz com que seja um ponto de paragem fundamental do nosso percurso.<\/li>\n<\/ul>\n<h3><strong>O que inclui o nosso La Gomera Jeep Safari Tour:<\/strong><\/h3>\n<ul>\n<li>\ud83d\ude90 <strong>Transporte de ida e volta:<\/strong> Oferecemos servi\u00e7os convenientes de recolha e entrega a partir do seu alojamento ou de um local pr\u00f3ximo em Puerto de la Cruz ou Playa de las Am\u00e9ricas.<\/li>\n<li>\u26f4\ufe0f <strong>Transferes de ferry:<\/strong> Desfrute de viagens de ferry suaves de e para La Gomera, garantindo uma viagem confort\u00e1vel atrav\u00e9s do Atl\u00e2ntico.<\/li>\n<li>\ud83c\udf7d\ufe0f <strong>Almo\u00e7o e degusta\u00e7\u00f5es locais:<\/strong> Uma refei\u00e7\u00e3o deliciosa est\u00e1 inclu\u00edda, dando-lhe a provar as del\u00edcias da culin\u00e1ria local.<\/li>\n<li>\ud83d\udde3\ufe0f <strong>Suporte a v\u00e1rios idiomas:<\/strong> As nossas visitas guiadas est\u00e3o dispon\u00edveis em v\u00e1rias l\u00ednguas, incluindo espanhol, ingl\u00eas, alem\u00e3o, franc\u00eas, italiano, holand\u00eas e polaco, para satisfazer os nossos diversos clientes.<\/li>\n<\/ul>\n<h3><b>Pol\u00edtica de reservas e flexibilidade<\/b><\/h3>\n<p><span style=\"font-weight: 400;\">\ud83d\udd01 <\/span><b>Cancelamento gratuito at\u00e9 48 horas:<\/b><span style=\"font-weight: 400;\"> Os planos podem ser alterados. Pode cancelar ou alterar a sua reserva at\u00e9 <\/span><b>48 horas antes da atividade<\/b><span style=\"font-weight: 400;\"> e receber um reembolso total.<\/span><\/p>\n<p><span style=\"font-weight: 400;\">\ud83d\udeab <\/span><b>Pol\u00edtica de n\u00e3o compar\u00eancia:<\/b><span style=\"font-weight: 400;\"> Se n\u00e3o comparecer \u00e0 atividade ou se chegar demasiado tarde para participar, a reserva ser\u00e1 considerada uma <\/span><b>n\u00e3o compar\u00eancia e n\u00e3o \u00e9 reembols\u00e1vel<\/b><span style=\"font-weight: 400;\">.<\/span><\/p>\n<p><span style=\"font-weight: 400;\">\ud83c\udf0a <\/span><b>Condi\u00e7\u00f5es climat\u00e9ricas:<\/b><span style=\"font-weight: 400;\"> Se a excurs\u00e3o n\u00e3o puder ser efectuada devido a condi\u00e7\u00f5es meteorol\u00f3gicas pouco seguras, ter\u00e1 a op\u00e7\u00e3o de <\/span><b>remarcar para outro dia ou receber um reembolso total<\/b><span style=\"font-weight: 400;\">.<\/span><\/p>\n<h4><strong>Reserve hoje a sua aventura de Jeep Safari em La Gomera!<\/strong><\/h4>\n<p>N\u00e3o perca esta oportunidade exclusiva de explorar as paisagens deslumbrantes e a riqueza cultural de <a href=\"https:\/\/www.google.com\/maps\/place\/La+Gomera\/@28.1188754,-17.3060924,12z\/data=!3m1!4b1!4m6!3m5!1s0xc6ae33697cbc54d:0x59c58fe23f47d04e!8m2!3d28.1033035!4d-17.2193578!16zL20vMDFnNG1q?entry=ttu\" target=\"_blank\" rel=\"noopener\">La Gomera<\/a> com <a href=\"https:\/\/canaryvip.com\/pt\/\">CanaryVIP.<\/a><\/p>\n<p>Desde as florestas m\u00e1gicas de Garajonay at\u00e9 \u00e0s ruas pitorescas de Agulo e mais al\u00e9m, embarque numa viagem cheia de descobertas e aventuras. Reserve j\u00e1 o seu lugar e viva o melhor de La Gomera!<\/p>","protected":false},"excerpt":{"rendered":"<p>\ud83d\udd0d <strong>Destaques da viagem:<\/strong><br \/>\n\u2705 Pagamento seguro.<br \/>\n\ud83c\uddee\ud83c\udde8 Explorar a ilha de La Gomera.<br \/>\n\ud83c\udf33 Visitar o Parque Garajonay.<br \/>\n\ud83d\udde3\ufe0f Atua\u00e7\u00e3o de assobio ao vivo.<br \/>\n\ud83c\udf7d\ufe0f Almo\u00e7o can\u00e1rio inclu\u00eddo.<br \/>\n\ud83d\udcc5 De segunda a s\u00e1bado.<br \/>\n\u23f0 Dura\u00e7\u00e3o Cerca de 9h.<br \/>\n\ud83d\ude8c Recolha e entrega no hotel.<br \/>\n\ud83d\udd04 Cancelamento gratuito de 48 horas.<br \/>\n\ud83c\udf0d Guia na sua l\u00edngua.<br \/>\n\ud83e\udd11 Melhor pre\u00e7o garantido.<br \/>\n\ud83c\udf1f Reserve agora e poupe!<\/p>","protected":false},"featured_media":11183,"comment_status":"open","ping_status":"closed","template":"","meta":{"_acf_changed":false},"product_brand":[],"product_cat":[67],"product_tag":[],"class_list":{"0":"post-11181","1":"product","2":"type-product","3":"status-publish","4":"has-post-thumbnail","6":"product_cat-jeep-tours","7":"wcpa_has_options","9":"first","10":"instock","11":"virtual","12":"purchasable","13":"product-type-simple"},"acf":[],"wcpa_form_fields":{"wcpaData":{"product":{"product_price":145,"price_html":"From&nbsp;<span class=\"woocommerce-Price-amount amount\"><bdi>145,00&nbsp;<span class=\"woocommerce-Price-currencySymbol\">&euro;<\/span><\/bdi><\/span>","original_product_price":145,"price_including_tax":145,"price_excluding_tax":145,"product_id":{"parent":11181,"variation":false},"is_variable":false,"stock_status":"instock","stock_quantity":null,"parent_sku":"CV11181","product_attributes":[],"custom_fields":[],"is_taxable":false,"product_name":"La Gomera Jeep Safari from Tenerife","hasImage":false},"fields":{"sec_36619078bba64e":{"extra":{"key":"sec_36619078bba64e","section_id":"sec_36619078bba64e","name":"Tickets","status":1,"cl_rule":"show","enableCl":false,"relations":[{"operator":false,"rules":[{"operator":"AND","rules":{"cl_field":"radio-group_665df45fcbc30b","cl_relation":"is","cl_val":"Siam Park Regular Tickets"}}]}],"toggle":true,"title_tag":"h4","show_title":false,"showPrice":"default","form_id":11188,"form_rules":{"exclude_from_discount":true,"fee_label":"Fee","disp_hide_options_price":true,"disp_show_section_price":false,"disp_show_field_price":true,"layout_option":"standard","pric_use_as_fee":false,"process_fee_as":"woo_fee"},"layout_option":"standard"},"fields":[[{"active":true,"col":6,"relations":false,"cl_rule":"show","enableCl":false,"price":"","enablePrice":false,"className":"","label_position":"default","desc_position":"default","type":"select","required":true,"elementId":"select_06619078bba6b6","label":"\ud83c\udf0e Language","name":"select_06619078bba6b6","values":[{"label":"English","value":"English","selected":false,"tempId":"aco_1213","gt_translate_keys":["label"]},{"label":"Dutch","value":"Dutch","selected":false,"tempId":"aco_693","gt_translate_keys":["label"]},{"label":"German","value":"German","selected":false,"tempId":"aco_1567","gt_translate_keys":["label"]},{"label":"French","value":"French","selected":false,"tempId":"aco_1215","gt_translate_keys":["label"]},{"label":"Polish","value":"Polish","selected":false,"tempId":"aco_1212","gt_translate_keys":["label"]},{"label":"Italian","value":"Italian","selected":false,"tempId":"aco_611","gt_translate_keys":["label"]},{"label":"Spanish","value":"Spanish","selected":false,"tempId":"aco_1214","gt_translate_keys":["label"]}],"dropdown_type":"basic","error":false,"placeholder":"None","gt_translate_keys":["label","placeholder"],"price_dependency":false,"cl_dependency":["date_86619078bba66f","date_86619078bba66f","date_86619078bba66f","date-8573541398","date-8573541398","date-0948401647","date-1264231762"],"value":""}],[{"label":"\ud83d\udcc5 Date","active":true,"required":true,"elementId":"date_86619078bba66f","picker_type":"custom","picker_mode":"single","placeholder":"","description":"","tooltip":"","name":"date_86619078bba66f","label_position":"default","desc_position":"default","enablePrice":false,"className":"","enableCl":true,"relations":[{"operator":"and","rules":[{"operator":"or","rules":{"cl_field":"select_06619078bba6b6","cl_relation":"is","cl_val":"Dutch"}},{"operator":"or","rules":{"cl_field":"select_06619078bba6b6","cl_relation":"is","cl_val":"German"}},{"operator":"AND","rules":{"cl_field":"select_06619078bba6b6","cl_relation":"is","cl_val":"French"}}]}],"date_pic_inline":true,"date_pic_inline_hide":true,"min_date":{"type":"days","val":"3"},"max_date":{"type":"days","val":"365"},"date_pic_conf":{"disabledWeeks":[0,6]},"price":"","cl_rule":"show","col":6,"type":"date","error":false,"enableDesign":false,"LabelColor":"","isWeightTemplate":false,"isTemplate":false,"min_quantity":"1","quantity_decimal":false,"quantity_step":"1","quantity_label":"Quantity","repeater_field_label":"{field_label}","repeater_bind":"","gt_translate_keys":["label","placeholder","description","tooltip","repeater_field_label","quantity_label"],"price_dependency":false,"cl_dependency":false,"value":""}],[{"label":"\ud83d\udcc5 Date","active":true,"required":true,"elementId":"date-8573541398","picker_type":"custom","picker_mode":"single","placeholder":"","description":"","tooltip":"","name":"date-8573541398","label_position":"default","desc_position":"default","enablePrice":false,"className":"","enableCl":true,"relations":[{"operator":"and","rules":[{"operator":"or","rules":{"cl_field":"select_06619078bba6b6","cl_relation":"is","cl_val":"English"}},{"operator":false,"rules":{"cl_field":"select_06619078bba6b6","cl_relation":"is","cl_val":"Spanish"}}]}],"enableDesign":false,"LabelColor":"","date_pic_inline":true,"date_pic_inline_hide":true,"min_date":{"type":"days","val":"3"},"max_date":{"type":"days","val":"365"},"date_pic_conf":{"disabledWeeks":[0,2,3,6,4]},"price":"","cl_rule":"show","col":6,"type":"date","error":false,"isWeightTemplate":false,"isTemplate":false,"min_quantity":"1","quantity_decimal":false,"quantity_step":"1","quantity_label":"Quantity","repeater_field_label":"{field_label}","repeater_bind":"","gt_translate_keys":["label","placeholder","description","tooltip","repeater_field_label","quantity_label"],"price_dependency":false,"cl_dependency":false,"value":""}],[{"label":"\ud83d\udcc5 Date","active":true,"required":true,"elementId":"date-0948401647","picker_type":"custom","picker_mode":"single","placeholder":"","description":"","tooltip":"","name":"date-0948401647","label_position":"default","desc_position":"default","enablePrice":false,"className":"","enableCl":true,"relations":[{"operator":"and","rules":[{"operator":false,"rules":{"cl_field":"select_06619078bba6b6","cl_relation":"is","cl_val":"Polish"}}]}],"enableDesign":false,"LabelColor":"","date_pic_inline":true,"date_pic_inline_hide":true,"min_date":{"type":"days","val":"3"},"max_date":{"type":"days","val":"365"},"date_pic_conf":{"disabledWeeks":[0,2,4,5]},"price":"","cl_rule":"show","col":6,"type":"date","error":false,"isWeightTemplate":false,"isTemplate":false,"min_quantity":"1","quantity_decimal":false,"quantity_step":"1","quantity_label":"Quantity","repeater_field_label":"{field_label}","repeater_bind":"","gt_translate_keys":["label","placeholder","description","tooltip","repeater_field_label","quantity_label"],"price_dependency":false,"cl_dependency":false,"value":""}],[{"label":"\ud83d\udcc5 Date","active":true,"required":true,"elementId":"date-1264231762","picker_type":"custom","picker_mode":"single","placeholder":"","description":"","tooltip":"","name":"date-1264231762","label_position":"default","desc_position":"default","enablePrice":false,"className":"","enableCl":true,"relations":[{"operator":"and","rules":[{"operator":false,"rules":{"cl_field":"select_06619078bba6b6","cl_relation":"is","cl_val":"Italian"}}]}],"enableDesign":false,"LabelColor":"","date_pic_inline":true,"date_pic_inline_hide":true,"min_date":{"type":"days","val":"3"},"max_date":{"type":"days","val":"365"},"date_pic_conf":{"disabledWeeks":[0,1,2,3,5,6]},"price":"","cl_rule":"show","col":6,"type":"date","error":false,"isWeightTemplate":false,"isTemplate":false,"min_quantity":"1","quantity_decimal":false,"quantity_step":"1","quantity_label":"Quantity","repeater_field_label":"{field_label}","repeater_bind":"","gt_translate_keys":["label","placeholder","description","tooltip","repeater_field_label","quantity_label"],"price_dependency":false,"cl_dependency":false,"value":""}],[{"elementId":"separator_76619078bba67e","separatorType":"blank","className":"","height":"10","enableCl":false,"relations":false,"cl_rule":"show","col":6,"type":"separator","gt_translate_keys":[],"price_dependency":false,"cl_dependency":false,"value":""}],[{"active":true,"col":6,"relations":false,"cl_rule":"show","enableCl":false,"price":"","enablePrice":false,"className":"","label_position":"default","desc_position":"default","type":"content","required":false,"elementId":"content_106619078bba68a","label":"People","name":"content_106619078bba68a","contentType":"plain","value":"","error":false,"show_in_checkout":true,"inline":false,"gt_translate_keys":["label","value"],"price_dependency":false,"cl_dependency":false}],[{"active":true,"col":6,"relations":[{"operator":false,"rules":[{"operator":"AND","rules":{"cl_field":"","cl_relation":"","cl_val":""}}]}],"cl_rule":"show","enableCl":true,"price":"145","enablePrice":true,"className":"","label_position":"default","desc_position":"default","type":"radio-group","required":false,"elementId":"radio-group_96619078bba696","label":"","name":"radio-group_96619078bba696","values":[{"label":"\ud83d\udc64 Adult (145\u20ac)","value":"Adult","selected":true,"tempId":"aco_32","tooltip":"+12 Years","description":"","gt_translate_keys":["label","tooltip","description"]}],"layOut":"","error":false,"checkUi":"button","priceOptions":"fixed_for_all","pricingType":"fixed","enable_quantity":true,"quantity_label":"","min_quantity":"0","options_tooltip":true,"options_description":true,"gt_translate_keys":["label","quantity_label"],"price_dependency":false,"cl_dependency":false,"value":""}],[{"label":"","active":true,"required":false,"elementId":"radio-group_56619078bba6a2","name":"radio-group_56619078bba6a2","label_position":"default","desc_position":"default","enablePrice":true,"className":"","enableCl":false,"relations":false,"enable_quantity":true,"quantity_label":"","min_quantity":"0","checkUi":"button","layOut":"","values":[{"label":"\ud83d\udc66 Child (118\u20ac)","value":"Child","selected":true,"tempId":"aco_32","tooltip":"3-11 Years","description":"","gt_translate_keys":["label","tooltip","description"]}],"priceOptions":"fixed_for_all","pricingType":"fixed","price":"118","cl_rule":"show","col":6,"type":"radio-group","error":false,"options_tooltip":true,"options_description":true,"gt_translate_keys":["label","quantity_label"],"price_dependency":false,"cl_dependency":false,"value":""}],[{"label":"","active":true,"required":false,"elementId":"radio-group_96619078bba6ad","name":"radio-group_96619078bba6ad","label_position":"default","desc_position":"default","enablePrice":true,"className":"","enableCl":false,"relations":false,"enable_quantity":true,"quantity_label":"","min_quantity":"0","checkUi":"button","layOut":"","options_tooltip":true,"options_description":true,"values":[{"label":"\ud83d\udc76 Toddler (6,25\u20ac)","value":"Toddler","selected":true,"tempId":"aco_32","tooltip":"0-2 Years","description":"","gt_translate_keys":["label","tooltip","description"]}],"priceOptions":"fixed_for_all","pricingType":"fixed","price":"6,25","cl_rule":"show","col":6,"type":"radio-group","error":false,"gt_translate_keys":["label","quantity_label"],"price_dependency":false,"cl_dependency":false,"value":""}],[{"active":true,"col":6,"relations":false,"cl_rule":"show","enableCl":false,"price":"","enablePrice":false,"className":"","label_position":"default","desc_position":"default","type":"separator","required":false,"elementId":"separator_86619078bba6c1","label":"Separator Field","height":"7","separatorType":"blank","error":false,"gt_translate_keys":["label"],"price_dependency":false,"cl_dependency":false,"value":""}],[{"active":true,"col":6,"relations":false,"cl_rule":"show","enableCl":false,"price":"","enablePrice":false,"className":"","label_position":"default","desc_position":"default","type":"text","subtype":"text","required":true,"elementId":"text_76619078bba6ca","label":"\ud83d\ude8c Pickup Location","name":"text_76619078bba6ca","value":"","description":"Free pick-up service in Tenerife South. Simply provide your address or hotel name.","error":false,"isWeightTemplate":false,"isTemplate":false,"min_quantity":"1","quantity_decimal":false,"quantity_step":"1","quantity_label":"Quantity","repeater_field_label":"{field_label}","repeater_bind":"","gt_translate_keys":["label","description","value","repeater_field_label","quantity_label"],"price_dependency":false,"cl_dependency":false}]]}},"config":{"price_override":"always","enable_recaptcha":false,"bind_quantity":false,"quantity_bind_formula":false,"disp_summ_show_option_price":true,"disp_summ_show_product_price":false,"disp_summ_show_total_price":true,"disp_summ_show_fee":true,"disp_summ_show_discount":true,"summary_title":"","options_total_label":"Options Price","total_label":"Total Amount","options_product_label":"Product Price","fee_label":"Fee","discount_label":"Discount","has_price":true,"has_quantity_formula":false},"mc_unit":1,"tax_rate":1,"tax_rate_real":1,"discount":{"percentage":0,"fixed":0},"design":{"conf":{"LabelPosition":"above","DescPosition":"above","UploadField":"custom_1","QuantityFieldStyle":"custom_1"},"css":{"LeftLabelWidth":"120px"}},"formulas":[],"lookuptables":[],"clones":false,"cartKey":false}},"_links":{"self":[{"href":"https:\/\/canaryvip.com\/pt\/wp-json\/wp\/v2\/product\/11181","targetHints":{"allow":["GET"]}}],"collection":[{"href":"https:\/\/canaryvip.com\/pt\/wp-json\/wp\/v2\/product"}],"about":[{"href":"https:\/\/canaryvip.com\/pt\/wp-json\/wp\/v2\/types\/product"}],"replies":[{"embeddable":true,"href":"https:\/\/canaryvip.com\/pt\/wp-json\/wp\/v2\/comments?post=11181"}],"wp:featuredmedia":[{"embeddable":true,"href":"https:\/\/canaryvip.com\/pt\/wp-json\/wp\/v2\/media\/11183"}],"wp:attachment":[{"href":"https:\/\/canaryvip.com\/pt\/wp-json\/wp\/v2\/media?parent=11181"}],"wp:term":[{"taxonomy":"product_brand","embeddable":true,"href":"https:\/\/canaryvip.com\/pt\/wp-json\/wp\/v2\/product_brand?post=11181"},{"taxonomy":"product_cat","embeddable":true,"href":"https:\/\/canaryvip.com\/pt\/wp-json\/wp\/v2\/product_cat?post=11181"},{"taxonomy":"product_tag","embeddable":true,"href":"https:\/\/canaryvip.com\/pt\/wp-json\/wp\/v2\/product_tag?post=11181"}],"curies":[{"name":"wp","href":"https:\/\/api.w.org\/{rel}","templated":true}]}}