{"id":11043,"date":"2024-04-11T00:15:30","date_gmt":"2024-04-10T23:15:30","guid":{"rendered":"https:\/\/canaryvip.com\/?post_type=product&#038;p=11043"},"modified":"2025-08-09T12:45:04","modified_gmt":"2025-08-09T11:45:04","slug":"jeep-teide-masca-guided-tour","status":"publish","type":"product","link":"https:\/\/canaryvip.com\/pt\/shop\/jeep-teide-masca-guided-tour\/","title":{"rendered":"Teide &amp; Masca Jeep Safari Tenerife"},"content":{"rendered":"<h2>\ud83c\udf1f Descobrir <strong>Teide e Masca com a nossa visita guiada de jipe<\/strong> \ud83d\ude99<\/h2>\n<p>Embarque numa viagem cativante com a CanaryVIP, enquanto o levamos a explorar em exclusivo as paisagens mais magn\u00edficas e as aldeias mais pitorescas de Tenerife, atrav\u00e9s da nossa excurs\u00e3o guiada de jipe Teide &amp; Masca. Perfeito para fam\u00edlias, indiv\u00edduos ou pequenos grupos, esta aventura garante uma experi\u00eancia \u00edntima e inesquec\u00edvel para um m\u00e1ximo de 8 pessoas por jipe.<\/p>\n<p>Mergulhe no cora\u00e7\u00e3o de Tenerife, conhecendo a sua beleza natural deslumbrante e o seu rico patrim\u00f3nio cultural a partir do conforto dos nossos robustos jipes 4\u00d74 todo-o-terreno, guiados pelos nossos condutores experientes e multilingues.<\/p>\n<h3><strong>Destaques da aventura alargada: Teide e Masca<\/strong><\/h3>\n<ul>\n<li>\ud83c\udf0b <strong>Pico Viejo<\/strong>: Experimente a beleza inspiradora do Pico Viejo. Conhecido pela sua impressionante cratera multicolorida que se estende por 800 metros de di\u00e2metro, este ic\u00f3nico vulc\u00e3o \u00e9 um espet\u00e1culo a contemplar, oferecendo vistas inigual\u00e1veis e uma exibi\u00e7\u00e3o vibrante da arte da natureza.<\/li>\n<li>\ud83c\udfdc\ufe0f <strong>Roques de Garc\u00eda<\/strong>: Maravilhe-se com os Roques de Garc\u00eda, imponentes forma\u00e7\u00f5es rochosas que pontuam o c\u00e9u sobre o Parque Nacional de Teide. Estas estruturas peculiares, formadas por camadas de diferentes materiais, est\u00e3o entre as atrac\u00e7\u00f5es mais singulares do passeio.<\/li>\n<li>\ud83c\udf04 <strong>Aripe e Chirche<\/strong>: Passeie pelas encantadoras ruas de Aripe e Chirche, aldeias pitorescas com uma arquitetura original que remonta aos s\u00e9culos XVIII e XIX. Experimente a aut\u00eantica vida rural de Tenerife, rodeada de natureza e tranquilidade.<\/li>\n<li>\ud83c\udfde\ufe0f <strong>Parque Nacional do Teide<\/strong>: Explore o Parque Nacional do Teide, Patrim\u00f3nio Mundial da UNESCO, uma maravilha natural dominada pelo majestoso Monte Teide. A diversidade de cores, a vida selvagem e as paisagens surreais fazem do parque o ponto central da nossa excurs\u00e3o.<\/li>\n<li>\ud83c\udf32 <strong>Vilaflor<\/strong>: Visite Vilaflor, aninhado entre pinheiros perto do cume do vulc\u00e3o. Descubra a tranquilidade de viver a esta altitude, desfrutando de um ar puro e de vistas deslumbrantes sobre o parque nacional.<\/li>\n<li>\ud83c\udfde\ufe0f <strong>Masca<\/strong>: Deixe-se encantar por Masca, uma das aldeias mais pitorescas de Tenerife, s\u00edmbolo da arquitetura natural das Can\u00e1rias. A nossa visita guiada oferece-lhe uma experi\u00eancia em primeira m\u00e3o deste local encantador.<\/li>\n<\/ul>\n<h3><strong>Detalhes da visita melhorada:<\/strong><\/h3>\n<ul>\n<li>\ud83d\ude99 <strong>Ve\u00edculos e transportes:<\/strong> Atravesse terrenos acidentados nos nossos jipes com tra\u00e7\u00e3o \u00e0s quatro rodas, garantindo uma aventura confort\u00e1vel e emocionante. Para as excurs\u00f5es que envolvem viagens inter-ilhas, os transferes de ferry est\u00e3o inclu\u00eddos, oferecendo uma experi\u00eancia perfeita.<\/li>\n<li>\ud83d\udc65 <strong>Garantia para pequenos grupos:<\/strong> Desfrute de uma aventura mais personalizada em pequenos grupos, com um m\u00e1ximo de 8 passageiros por jipe, incluindo o condutor, em comboio.<\/li>\n<li>\ud83d\udd12 <strong>Op\u00e7\u00e3o privada dispon\u00edvel:<\/strong> Para uma experi\u00eancia exclusiva, opte pela nossa visita VIP ou privada, que lhe permite selecionar os seus acompanhantes para a viagem.<\/li>\n<li>\ud83d\udd01 <strong>Transportes inclusivos:<\/strong> Oferecemos servi\u00e7os convenientes de recolha e entrega a partir do seu alojamento ou de um ponto pr\u00f3ximo, tornando a sua experi\u00eancia sem problemas do in\u00edcio ao fim.<\/li>\n<\/ul>\n<h3><strong>Informa\u00e7\u00f5es completas sobre a viagem:<\/strong><\/h3>\n<ul>\n<li>\ud83d\udd58 <strong>Dura\u00e7\u00e3o e hor\u00e1rios:<\/strong> A excurs\u00e3o tem uma dura\u00e7\u00e3o aproximada de 7 horas, das 09:00 \u00e0s 16:00, permitindo-lhe mergulhar totalmente na beleza de Tenerife.<\/li>\n<li>\ud83d\uddd3\ufe0f <strong>Dias dispon\u00edveis:<\/strong> Embarque nesta aventura de segunda a s\u00e1bado, com op\u00e7\u00f5es flex\u00edveis que se adaptam ao seu hor\u00e1rio.<\/li>\n<li>\ud83c\udf0d <strong>L\u00ednguas oferecidas:<\/strong> As nossas visitas guiadas s\u00e3o realizadas em v\u00e1rias l\u00ednguas, incluindo espanhol, ingl\u00eas, alem\u00e3o, franc\u00eas, italiano, neerland\u00eas e polaco, para satisfazer um p\u00fablico global.<\/li>\n<\/ul>\n<h3><strong>Pol\u00edtica de reserva e cancelamento actualizada:<\/strong><\/h3>\n<ul>\n<li>\ud83d\udd04 <strong>Cancelamentos flex\u00edveis:<\/strong> Compreendemos que os planos podem mudar, e \u00e9 por isso que oferecemos a possibilidade de cancelar ou reagendar a sua excurs\u00e3o com at\u00e9 24 horas de anteced\u00eancia, para a m\u00e1xima tranquilidade.<\/li>\n<li>\u26c5 <strong>Garantia meteorol\u00f3gica:<\/strong> Se as condi\u00e7\u00f5es meteorol\u00f3gicas adversas exigirem o cancelamento de uma excurs\u00e3o, tem a op\u00e7\u00e3o de reagendar ou receber um reembolso total, garantindo uma experi\u00eancia de reserva sem preocupa\u00e7\u00f5es.<\/li>\n<li>\ud83d\udce9 <strong>Contacto f\u00e1cil:<\/strong> Para quaisquer quest\u00f5es ou ajustamentos, basta <a href=\"https:\/\/canaryvip.com\/pt\/contact\/\">contacte-nos<\/a>e n\u00f3s garantiremos que as suas necessidades s\u00e3o satisfeitas.<\/li>\n<\/ul>\n<h4><strong>Reserve j\u00e1 a sua aventura de jipe em Tenerife!<\/strong><\/h4>\n<p>N\u00e3o perca esta oportunidade \u00fanica de explorar os esplendores de Tenerife com o CanaryVIP. Desde a majestade vulc\u00e2nica de <a href=\"https:\/\/canaryvip.com\/pt\/discover-the-teide-the-ultimate-guide-iconic-volcano\/\">Parque Nacional do Teide<\/a> at\u00e9 ao encanto hist\u00f3rico de Masca, e mais al\u00e9m, embarque numa viagem cheia de beleza, aventura e hist\u00f3rias \u00e0 espera de serem descobertas.<\/p>","protected":false},"excerpt":{"rendered":"<p><strong>\ud83d\udd0d Destaques da visita:<\/strong><br \/>\n\u2705 Pagamento seguro.<br \/>\n\ud83d\uddfb Visitar o Parque Nacional de Teide.<br \/>\n\ud83d\udee4\ufe0f Visita \u00e0 aldeia de Masca.<br \/>\n\u23f0 Dura\u00e7\u00e3o Cerca de 7h.<br \/>\n\ud83d\udcc5 De segunda a s\u00e1bado.<br \/>\n\ud83d\ude8c Recolha e entrega no hotel.<br \/>\n\ud83d\udd04 Cancelamento gratuito de 24 horas.<br \/>\n\ud83e\udd11 Melhor pre\u00e7o garantido.<br \/>\n\ud83c\udf81 Descontos para grupos dispon\u00edveis.<br \/>\n\ud83c\udf0d Suporte em v\u00e1rias l\u00ednguas.<br \/>\n\ud83c\udf1f Reserve agora e poupe!<\/p>","protected":false},"featured_media":11145,"comment_status":"open","ping_status":"closed","template":"","meta":{"_acf_changed":false},"product_brand":[],"product_cat":[67],"product_tag":[],"class_list":{"0":"post-11043","1":"product","2":"type-product","3":"status-publish","4":"has-post-thumbnail","6":"product_cat-jeep-tours","7":"wcpa_has_options","9":"first","10":"instock","11":"virtual","12":"purchasable","13":"product-type-simple"},"acf":[],"wcpa_form_fields":{"wcpaData":{"product":{"product_price":66,"price_html":"From&nbsp;<span class=\"woocommerce-Price-amount amount\"><bdi>66,00&nbsp;<span class=\"woocommerce-Price-currencySymbol\">&euro;<\/span><\/bdi><\/span>","original_product_price":66,"price_including_tax":66,"price_excluding_tax":66,"product_id":{"parent":11043,"variation":false},"is_variable":false,"stock_status":"instock","stock_quantity":null,"parent_sku":"CV11043","product_attributes":[],"custom_fields":[],"is_taxable":false,"product_name":"Teide & Masca Jeep Safari Tenerife","hasImage":false},"fields":{"sec_2661916538e0c2":{"extra":{"key":"sec_2661916538e0c2","section_id":"sec_2661916538e0c2","name":"Tickets","status":1,"cl_rule":"show","enableCl":false,"relations":[{"operator":false,"rules":[{"operator":"AND","rules":{"cl_field":"radio-group_665df45fcbc30b","cl_relation":"is","cl_val":"Siam Park Regular Tickets"}}]}],"toggle":true,"title_tag":"h4","show_title":false,"showPrice":"default","form_id":11191,"form_rules":{"exclude_from_discount":true,"fee_label":"Fee","disp_hide_options_price":true,"disp_show_section_price":false,"disp_show_field_price":true,"layout_option":"standard","pric_use_as_fee":false,"process_fee_as":"woo_fee"},"layout_option":"standard"},"fields":[[{"active":true,"col":6,"relations":false,"cl_rule":"show","enableCl":false,"price":"","enablePrice":false,"className":"","label_position":"default","desc_position":"default","type":"select","required":true,"elementId":"select_9661916538e0e4","label":"\ud83c\udf0e Language","name":"select_9661916538e0e4","values":[{"label":"English","value":"English","selected":false,"tempId":"aco_1213","gt_translate_keys":["label"]},{"label":"Dutch","value":"Dutch","selected":false,"tempId":"aco_693","gt_translate_keys":["label"]},{"label":"German","value":"German","selected":false,"tempId":"aco_1567","gt_translate_keys":["label"]},{"label":"French","value":"French","selected":false,"tempId":"aco_1215","gt_translate_keys":["label"]},{"label":"Polish","value":"Polish","selected":false,"tempId":"aco_1212","gt_translate_keys":["label"]},{"label":"Italian","value":"Italian","selected":false,"tempId":"aco_611","gt_translate_keys":["label"]},{"label":"Spanish","value":"Spanish","selected":false,"tempId":"aco_1214","gt_translate_keys":["label"]}],"dropdown_type":"basic","error":false,"placeholder":"Select Language","gt_translate_keys":["label","placeholder"],"price_dependency":false,"cl_dependency":["date_8661916538e0f2","date_8661916538e0f2","date_8661916538e0f2","date_8661916538e0f2","date_6661916538e0fc","date_1661916538e106","date_8661916538e10f","radio-group_10661916538e130","radio-group-3329476112","radio-group_2661916538e13c","radio-group-3332331927","radio-group_6661916538e147"],"value":""}],[{"label":"\ud83d\udcc5 Date","active":true,"required":true,"elementId":"date_8661916538e0f2","picker_type":"custom","picker_mode":"single","placeholder":"","description":"","tooltip":"","name":"date_8661916538e0f2","label_position":"default","desc_position":"default","enablePrice":false,"className":"","enableCl":true,"relations":[{"operator":"and","rules":[{"operator":"or","rules":{"cl_field":"select_9661916538e0e4","cl_relation":"is","cl_val":"Dutch"}},{"operator":"or","rules":{"cl_field":"select_9661916538e0e4","cl_relation":"is","cl_val":"German"}},{"operator":"or","rules":{"cl_field":"select_9661916538e0e4","cl_relation":"is","cl_val":"French"}},{"operator":"AND","rules":{"cl_field":"select_9661916538e0e4","cl_relation":"is","cl_val":"English"}}]}],"date_pic_inline":true,"date_pic_inline_hide":true,"min_date":{"type":"days","val":"4"},"max_date":{"type":"days","val":"80"},"date_pic_conf":{"disabledWeeks":[0],"disabledDates":["2025-04-11"]},"price":"","cl_rule":"show","col":6,"type":"date","error":false,"enableDesign":false,"LabelColor":"","isWeightTemplate":false,"isTemplate":false,"min_quantity":"1","quantity_decimal":false,"quantity_step":"1","quantity_label":"Quantity","repeater_field_label":"{field_label}","repeater_bind":"","gt_translate_keys":["label","placeholder","description","tooltip","repeater_field_label","quantity_label"],"price_dependency":false,"cl_dependency":false,"value":""}],[{"label":"\ud83d\udcc5 Date","active":true,"required":true,"elementId":"date_6661916538e0fc","picker_type":"custom","picker_mode":"single","placeholder":"","description":"","tooltip":"","name":"date_6661916538e0fc","label_position":"default","desc_position":"default","enablePrice":false,"className":"","enableCl":true,"relations":[{"operator":"and","rules":[{"operator":false,"rules":{"cl_field":"select_9661916538e0e4","cl_relation":"is","cl_val":"Spanish"}}]}],"enableDesign":false,"LabelColor":"","date_pic_inline":true,"date_pic_inline_hide":true,"min_date":{"type":"days","val":"4"},"max_date":{"type":"days","val":"365"},"date_pic_conf":{"disabledWeeks":[0,1,3,5,6]},"price":"","cl_rule":"show","col":6,"type":"date","error":false,"isWeightTemplate":false,"isTemplate":false,"min_quantity":"1","quantity_decimal":false,"quantity_step":"1","quantity_label":"Quantity","repeater_field_label":"{field_label}","repeater_bind":"","gt_translate_keys":["label","placeholder","description","tooltip","repeater_field_label","quantity_label"],"price_dependency":false,"cl_dependency":false,"value":""}],[{"label":"\ud83d\udcc5 Date","active":true,"required":true,"elementId":"date_1661916538e106","picker_type":"custom","picker_mode":"single","placeholder":"","description":"","tooltip":"","name":"date_1661916538e106","label_position":"default","desc_position":"default","enablePrice":false,"className":"","enableCl":true,"relations":[{"operator":"and","rules":[{"operator":false,"rules":{"cl_field":"select_9661916538e0e4","cl_relation":"is","cl_val":"Polish"}}]}],"enableDesign":false,"LabelColor":"","date_pic_inline":true,"date_pic_inline_hide":true,"min_date":{"type":"days","val":"4"},"max_date":{"type":"days","val":"365"},"date_pic_conf":{"disabledWeeks":[0,1,3,4,5,6]},"price":"","cl_rule":"show","col":6,"type":"date","error":false,"isWeightTemplate":false,"isTemplate":false,"min_quantity":"1","quantity_decimal":false,"quantity_step":"1","quantity_label":"Quantity","repeater_field_label":"{field_label}","repeater_bind":"","gt_translate_keys":["label","placeholder","description","tooltip","repeater_field_label","quantity_label"],"price_dependency":false,"cl_dependency":false,"value":""}],[{"label":"\ud83d\udcc5 Date","active":true,"required":true,"elementId":"date_8661916538e10f","picker_type":"custom","picker_mode":"single","placeholder":"","description":"","tooltip":"","name":"date_8661916538e10f","label_position":"default","desc_position":"default","enablePrice":false,"className":"","enableCl":true,"relations":[{"operator":"and","rules":[{"operator":false,"rules":{"cl_field":"select_9661916538e0e4","cl_relation":"is","cl_val":"Italian"}}]}],"enableDesign":false,"LabelColor":"","date_pic_inline":true,"date_pic_inline_hide":true,"min_date":{"type":"days","val":"4"},"max_date":{"type":"days","val":"365"},"date_pic_conf":{"disabledWeeks":[0,1,2,5,4]},"price":"","cl_rule":"show","col":6,"type":"date","error":false,"isWeightTemplate":false,"isTemplate":false,"min_quantity":"1","quantity_decimal":false,"quantity_step":"1","quantity_label":"Quantity","repeater_field_label":"{field_label}","repeater_bind":"","gt_translate_keys":["label","placeholder","description","tooltip","repeater_field_label","quantity_label"],"price_dependency":false,"cl_dependency":false,"value":""}],[{"elementId":"separator_7661916538e11a","separatorType":"blank","className":"","height":"10","enableCl":false,"relations":false,"cl_rule":"show","col":6,"type":"separator","gt_translate_keys":[],"price_dependency":false,"cl_dependency":false,"value":""}],[{"active":true,"col":6,"relations":[{"operator":false,"rules":[{"operator":"AND","rules":{"cl_field":"select_9661916538e0e4","cl_relation":"is_not","cl_val":"Polish"}}]}],"cl_rule":"show","enableCl":true,"price":"66","enablePrice":true,"className":"","label_position":"default","desc_position":"default","type":"radio-group","required":false,"elementId":"radio-group_10661916538e130","label":"","name":"radio-group_10661916538e130","values":[{"label":"\ud83d\udc64 Adult (66\u20ac)","value":"Adult","selected":true,"tempId":"aco_32","tooltip":"+12 Years","description":"","gt_translate_keys":["label","tooltip","description"]}],"layOut":"","error":false,"checkUi":"button","priceOptions":"fixed_for_all","pricingType":"fixed","enable_quantity":true,"quantity_label":"","min_quantity":"0","options_tooltip":true,"options_description":true,"gt_translate_keys":["label","quantity_label"],"price_dependency":false,"cl_dependency":false,"value":""}],[{"label":"","active":true,"required":false,"elementId":"radio-group-3329476112","name":"radio-group-3329476112","label_position":"default","desc_position":"default","enablePrice":true,"className":"","enableCl":true,"relations":[{"operator":false,"rules":[{"operator":"AND","rules":{"cl_field":"select_9661916538e0e4","cl_relation":"is","cl_val":"Polish"}}]}],"enable_quantity":true,"quantity_label":"","min_quantity":"0","checkUi":"button","layOut":"","options_tooltip":true,"options_description":true,"values":[{"label":"\ud83d\udc64 Adult (70\u20ac)","value":"Adult","selected":true,"tempId":"aco_32","tooltip":"+12 Years","description":"","gt_translate_keys":["label","tooltip","description"]}],"priceOptions":"fixed_for_all","pricingType":"fixed","price":"70","cl_rule":"show","col":6,"type":"radio-group","error":false,"gt_translate_keys":["label","quantity_label"],"price_dependency":false,"cl_dependency":false,"value":""}],[{"label":"","active":true,"required":false,"elementId":"radio-group_2661916538e13c","name":"radio-group_2661916538e13c","label_position":"default","desc_position":"default","enablePrice":true,"className":"","enableCl":true,"relations":[{"operator":false,"rules":[{"operator":"AND","rules":{"cl_field":"select_9661916538e0e4","cl_relation":"is_not","cl_val":"Polish"}}]}],"enable_quantity":true,"quantity_label":"","min_quantity":"0","checkUi":"button","layOut":"","values":[{"label":"\ud83d\udc66 Child (52\u20ac)","value":"Child","selected":true,"tempId":"aco_32","tooltip":"3-11 Years","description":"","gt_translate_keys":["label","tooltip","description"]}],"priceOptions":"fixed_for_all","pricingType":"fixed","price":"52","cl_rule":"show","col":6,"type":"radio-group","error":false,"options_tooltip":true,"options_description":true,"gt_translate_keys":["label","quantity_label"],"price_dependency":false,"cl_dependency":false,"value":""}],[{"label":"","active":true,"required":false,"elementId":"radio-group-3332331927","name":"radio-group-3332331927","label_position":"default","desc_position":"default","enablePrice":true,"className":"","enableCl":true,"relations":[{"operator":false,"rules":[{"operator":"AND","rules":{"cl_field":"select_9661916538e0e4","cl_relation":"is","cl_val":"Polish"}}]}],"enable_quantity":true,"quantity_label":"","min_quantity":"0","checkUi":"button","layOut":"","options_tooltip":true,"options_description":true,"values":[{"label":"\ud83d\udc66 Child (55\u20ac)","value":"Child","selected":true,"tempId":"aco_32","tooltip":"3-11 Years","description":"","gt_translate_keys":["label","tooltip","description"]}],"priceOptions":"fixed_for_all","pricingType":"fixed","price":"55","cl_rule":"show","col":6,"type":"radio-group","error":false,"gt_translate_keys":["label","quantity_label"],"price_dependency":false,"cl_dependency":false,"value":""}],[{"label":"","active":true,"required":false,"elementId":"radio-group_6661916538e147","name":"radio-group_6661916538e147","label_position":"default","desc_position":"default","enablePrice":true,"className":"","enableCl":true,"relations":[{"operator":false,"rules":[{"operator":"AND","rules":{"cl_field":"select_9661916538e0e4","cl_relation":"is_not_empty","cl_val":""}}]}],"enable_quantity":true,"quantity_label":"","min_quantity":"0","checkUi":"button","layOut":"","options_tooltip":true,"options_description":true,"values":[{"label":"\ud83d\udc76 Toddler (Free)","value":"Toddler","selected":true,"tempId":"aco_32","tooltip":"0-2 Years","description":"","gt_translate_keys":["label","tooltip","description"]}],"priceOptions":"fixed_for_all","pricingType":"fixed","price":"0","cl_rule":"show","col":6,"type":"radio-group","error":false,"gt_translate_keys":["label","quantity_label"],"price_dependency":false,"cl_dependency":false,"value":""}],[{"active":true,"col":6,"relations":false,"cl_rule":"show","enableCl":false,"price":"","enablePrice":false,"className":"","label_position":"default","desc_position":"default","type":"separator","required":false,"elementId":"separator_6661916538e151","label":"Separator Field","height":"7","separatorType":"blank","error":false,"gt_translate_keys":["label"],"price_dependency":false,"cl_dependency":false,"value":""}],[{"active":true,"col":6,"relations":false,"cl_rule":"show","enableCl":false,"price":"","enablePrice":false,"className":"","label_position":"default","desc_position":"default","type":"text","subtype":"text","required":false,"elementId":"text_4661916538e15b","label":"\ud83d\ude8c Pickup Location","name":"text_4661916538e15b","value":"","description":"Free pick-up service in Tenerife South. Simply provide your address or hotel name.","error":false,"gt_translate_keys":["label","description","value"],"price_dependency":false,"cl_dependency":false}]]}},"config":{"price_override":"always","enable_recaptcha":false,"bind_quantity":false,"quantity_bind_formula":false,"disp_summ_show_option_price":true,"disp_summ_show_product_price":false,"disp_summ_show_total_price":true,"disp_summ_show_fee":true,"disp_summ_show_discount":true,"summary_title":"","options_total_label":"Options Price","total_label":"Total Amount","options_product_label":"Product Price","fee_label":"Fee","discount_label":"Discount","has_price":true,"has_quantity_formula":false},"mc_unit":1,"tax_rate":1,"tax_rate_real":1,"discount":{"percentage":0,"fixed":0},"design":{"conf":{"LabelPosition":"above","DescPosition":"above","UploadField":"custom_1","QuantityFieldStyle":"custom_1"},"css":{"LeftLabelWidth":"120px"}},"formulas":[],"lookuptables":[],"clones":false,"cartKey":false}},"_links":{"self":[{"href":"https:\/\/canaryvip.com\/pt\/wp-json\/wp\/v2\/product\/11043","targetHints":{"allow":["GET"]}}],"collection":[{"href":"https:\/\/canaryvip.com\/pt\/wp-json\/wp\/v2\/product"}],"about":[{"href":"https:\/\/canaryvip.com\/pt\/wp-json\/wp\/v2\/types\/product"}],"replies":[{"embeddable":true,"href":"https:\/\/canaryvip.com\/pt\/wp-json\/wp\/v2\/comments?post=11043"}],"wp:featuredmedia":[{"embeddable":true,"href":"https:\/\/canaryvip.com\/pt\/wp-json\/wp\/v2\/media\/11145"}],"wp:attachment":[{"href":"https:\/\/canaryvip.com\/pt\/wp-json\/wp\/v2\/media?parent=11043"}],"wp:term":[{"taxonomy":"product_brand","embeddable":true,"href":"https:\/\/canaryvip.com\/pt\/wp-json\/wp\/v2\/product_brand?post=11043"},{"taxonomy":"product_cat","embeddable":true,"href":"https:\/\/canaryvip.com\/pt\/wp-json\/wp\/v2\/product_cat?post=11043"},{"taxonomy":"product_tag","embeddable":true,"href":"https:\/\/canaryvip.com\/pt\/wp-json\/wp\/v2\/product_tag?post=11043"}],"curies":[{"name":"wp","href":"https:\/\/api.w.org\/{rel}","templated":true}]}}