{"id":10904,"date":"2024-04-08T11:19:03","date_gmt":"2024-04-08T10:19:03","guid":{"rendered":"https:\/\/canaryvip.com\/?post_type=product&#038;p=10904"},"modified":"2025-06-28T21:05:29","modified_gmt":"2025-06-28T20:05:29","slug":"rent-boat-saxdor-200-with-license","status":"publish","type":"product","link":"https:\/\/canaryvip.com\/pt\/shop\/rent-boat-saxdor-200-with-license\/","title":{"rendered":"Aluguer de Barco Saxdor 200 com Licen\u00e7a Tenerife"},"content":{"rendered":"<h2>\ud83d\udea4 Alugar o Saxdor 200 com licen\u00e7a no CanaryVIP<\/h2>\n<p><strong>Assuma o leme da sua aventura n\u00e1utica com o CanaryVIP:<\/strong> Comande o seu pr\u00f3prio dia no mar com o Saxdor 200, um barco aberto distinto que combina um design moderno com a capacidade de navegar durante todo o dia.<\/p>\n<p>Nascido em 2023 e com um comprimento elegante de 6 m, este navio \u00e9 perfeito para quem procura navegar nas \u00e1guas de Tenerife com estilo e facilidade.<br \/>\nPartida do pitoresco <a href=\"https:\/\/maps.app.goo.gl\/F7XZ1rpbWXBTYFND9\" target=\"_blank\" rel=\"noopener\">Los Gigantes,<\/a> a <strong>Saxdor 200 com licen\u00e7a<\/strong>\u00a0apresenta uma oportunidade exclusiva para descobrir ba\u00edas escondidas, apanhar sol no conv\u00e9s ou deliciar-se com um almo\u00e7o a bordo no meio do abra\u00e7o azul do Atl\u00e2ntico.<\/p>\n<p><strong>Uma embarca\u00e7\u00e3o de eleg\u00e2ncia e desempenho:<\/strong>\u00a0O Saxdor 200 foi projetado para a excel\u00eancia, com um motor de 115 hp que desliza pela \u00e1gua com precis\u00e3o. Com capacidade para 6 passageiros e um dep\u00f3sito de combust\u00edvel pronto para a aventura, este barco \u00e9 a sua porta de entrada para os tesouros de Tenerife Sul.<\/p>\n<h3>\ud83d\udea4 Saxdor 200 Tenerife: O seu dia, \u00e0 sua maneira<\/h3>\n<ul>\n<li><strong>Design sofisticado:<\/strong> Desfrute do luxo de pilotar um Saxdor 200 2023, conhecido pelo seu aspeto elegante e assentos confort\u00e1veis.<\/li>\n<li><strong>Vistas inesquec\u00edveis:<\/strong> Navegue em dire\u00e7\u00e3o \u00e0s famosas fal\u00e9sias de Masca e Los Gigantes, onde a vida marinha prospera no seu habitat natural.<\/li>\n<li><strong>Banhos isolados:<\/strong> Ancore em ba\u00edas serenas, perfeitas para nadar, mergulhar com tubo de respira\u00e7\u00e3o ou simplesmente apanhar sol.<\/li>\n<li><strong>Prazeres a bordo:<\/strong> O seu aluguer inclui a liberdade de desfrutar de refei\u00e7\u00f5es na \u00e1gua, enriquecendo a experi\u00eancia com del\u00edcias culin\u00e1rias.<\/li>\n<li><strong>Navega\u00e7\u00e3o sem descontinuidades:<\/strong> Com um motor potente e um manuseamento f\u00e1cil, o Saxdor 200 garante uma viagem tranquila atrav\u00e9s das ondas.<\/li>\n<\/ul>\n<h3>Detalhes do aluguer do Saxdor 200<\/h3>\n<p><strong>Experi\u00eancia adaptada a si:<\/strong> Quer se trate de um passeio \u00edntimo a dois ou de uma excurs\u00e3o animada com amigos, o nosso Saxdor 200, com capacidade para 6 pessoas, est\u00e1 equipado para todas as ocasi\u00f5es. Cada aluguer \u00e9 acompanhado de um guia completo, para que o seu tempo no mar seja seguro e agrad\u00e1vel.<\/p>\n<p><strong>Um aluguer que agrada a todos:<\/strong> Perfeito para fam\u00edlias, grupos ou aventureiros a solo, o Saxdor 200 com licen\u00e7a promete uma mistura inigual\u00e1vel de luxo e aventura, complementada pelo cen\u00e1rio deslumbrante da costa de Tenerife.<\/p>\n<h3>\ud83d\udea4 Preparar a sua viagem com o Saxdor 200<\/h3>\n<p>Prepare-se para um dia excecional na \u00e1gua com artigos essenciais como fatos de banho e protetor solar. Fornecemos todo o equipamento de navega\u00e7\u00e3o necess\u00e1rio, permitindo-lhe concentrar-se na explora\u00e7\u00e3o e na alegria de navegar.<\/p>\n<p>A sua m\u00e1quina fotogr\u00e1fica est\u00e1 sempre \u00e0 m\u00e3o para captar a beleza das costas de Tenerife e a vida marinha que dan\u00e7a sob as ondas. Com o CanaryVIP, cada momento a bordo do Saxdor 200 foi concebido para ser memor\u00e1vel.<\/p>\n<h3>Ponto de embarque e estacionamento<\/h3>\n<p><strong>Partida de <a href=\"https:\/\/maps.app.goo.gl\/F7XZ1rpbWXBTYFND9\" target=\"_blank\" rel=\"noopener\">Os Gigantes<\/a>:<\/strong> A sua aventura n\u00e1utica come\u00e7a em <strong>Puerto de Los Gigantes.<\/strong> O estacionamento conveniente no porto permite um in\u00edcio sem stress da sua excurs\u00e3o. Recomendamos que chegue um pouco mais cedo para garantir uma partida sem problemas.<\/p>\n<h3>\ud83d\udea4 Tamb\u00e9m dispon\u00edvel: Alugar o Compass 160e sem licen\u00e7a<\/h3>\n<p>Para aqueles que preferem uma experi\u00eancia de navega\u00e7\u00e3o mais livre, oferecemos tamb\u00e9m o<strong> <a href=\"https:\/\/canaryvip.com\/pt\/shop\/rent-boat-compass-160e-without-license\/\">Compass 160e,<\/a><\/strong> dispon\u00edvel para alugar um barco sem licen\u00e7a. Esta op\u00e7\u00e3o \u00e9 perfeita para os aventureiros que pretendem seguir o seu pr\u00f3prio rumo nas belas \u00e1guas de Tenerife.<\/p>\n<p>Parta da mesma localiza\u00e7\u00e3o conveniente em Puerto de Los Gigantes e descubra a liberdade do mar sem precisar de uma licen\u00e7a de navega\u00e7\u00e3o. Quer pretenda explorar enseadas isoladas ou simplesmente desfrutar das \u00e1guas abertas ao seu pr\u00f3prio ritmo, o Compass 160e \u00e9 uma escolha fi\u00e1vel e elegante.<\/p>\n<h3>Compromisso do CanaryVIP consigo<\/h3>\n<p>Na CanaryVIP, a sua satisfa\u00e7\u00e3o \u00e9 a nossa maior preocupa\u00e7\u00e3o. Desfrute de pol\u00edticas de cancelamento flex\u00edveis, garantindo tranquilidade ao reservar o seu aluguer do Saxdor 200. Dedicamo-nos a oferecer uma experi\u00eancia extraordin\u00e1ria, destacada por uma aten\u00e7\u00e3o meticulosa \u00e0 seguran\u00e7a e uma paix\u00e3o por partilhar o esplendor dos mares de Tenerife.<\/p>\n<p>Embarque numa viagem de descoberta com a <strong>Saxdor 200 com licen\u00e7a,<\/strong>\u00a0navegando pelas \u00e1guas majestosas de Tenerife e descobrindo j\u00f3ias escondidas ao longo da costa de <strong>Los Gigantes.<\/strong><\/p>\n<p>Reserve agora uma aventura mar\u00edtima exclusiva que combina liberdade, luxo e a beleza natural das Ilhas Can\u00e1rias.<\/p>","protected":false},"excerpt":{"rendered":"<p><strong>\ud83d\udd0d Carta No Worries:<\/strong><br \/>\n\u2705 Pagamento seguro.<br \/>\nNecessidade de licen\u00e7a de navega\u00e7\u00e3o.<br \/>\n\ud83d\udee5\ufe0f Barco de 6m de comprimento.<br \/>\nAluguer di\u00e1rio de 3-8h.<br \/>\n\ud83d\udd59 Hor\u00e1rios de partida personaliz\u00e1veis.<br \/>\nAt\u00e9 6 pessoas.<br \/>\n\ud83e\udd3f O equipamento de snorkel \u00e9 fornecido.<br \/>\n\ud83e\udd11 Melhor pre\u00e7o garantido.<br \/>\n\ud83d\udc6a  Descontos activados.<br \/>\n\ud83d\udd01 Cancelamento at\u00e9 4 dias.<br \/>\n\ud83c\udf0d Tripula\u00e7\u00e3o multilingue.<br \/>\n\ud83c\udf1f Reserve com anteced\u00eancia e poupe!<br \/>\n\ud83d\udccd Partida de\u00a0<a href=\"https:\/\/maps.app.goo.gl\/F7XZ1rpbWXBTYFND9\">Os Gigantes<\/a>.<\/p>","protected":false},"featured_media":11029,"comment_status":"open","ping_status":"closed","template":"","meta":{"_acf_changed":false},"product_brand":[],"product_cat":[130],"product_tag":[],"class_list":{"0":"post-10904","1":"product","2":"type-product","3":"status-publish","4":"has-post-thumbnail","6":"product_cat-self-drive-boat-hire","7":"wcpa_has_options","9":"first","10":"instock","11":"virtual","12":"purchasable","13":"product-type-simple"},"acf":[],"wcpa_form_fields":{"wcpaData":{"product":{"product_price":300,"price_html":"From&nbsp;<span class=\"woocommerce-Price-amount amount\"><bdi>300,00&nbsp;<span class=\"woocommerce-Price-currencySymbol\">&euro;<\/span><\/bdi><\/span>","original_product_price":300,"price_including_tax":300,"price_excluding_tax":300,"product_id":{"parent":10904,"variation":false},"is_variable":false,"stock_status":"instock","stock_quantity":null,"parent_sku":"CV10904","product_attributes":[],"custom_fields":[],"is_taxable":false,"product_name":"Rent Boat Saxdor 200 with License Tenerife","hasImage":false},"fields":{"sec_4668282996d361":{"extra":{"key":"sec_4668282996d361","section_id":"sec_4668282996d361","name":"Contact us","status":1,"cl_rule":"show","enableCl":false,"relations":[],"toggle":true,"title_tag":"h3","show_title":false,"showPrice":"default","form_id":12153,"form_rules":{"exclude_from_discount":true,"fee_label":"Fee","disp_hide_options_price":true,"disp_show_section_price":false,"disp_show_field_price":true,"layout_option":"standard","pric_use_as_fee":false,"process_fee_as":"woo_fee"},"layout_option":"standard"},"fields":[[{"active":true,"col":6,"relations":false,"cl_rule":"show","enableCl":false,"price":"","enablePrice":false,"className":"","label_position":"default","desc_position":"default","type":"content","required":false,"elementId":"content_8291538701","label":"","name":"content_8291538701","contentType":"rich","value":"<p><a href=\"https:\/\/api.whatsapp.com\/send\/?phone=34629670312&amp;text&amp;type=phone_number&amp;app_absent=0\" target=\"_blank\"><strong>Contact us on WhatsApp<\/strong><\/a><strong> to get a personalized price for this activity\/excursion\/rental.<\/strong><\/p>","error":false,"subtype":"div","gt_translate_keys":["label","value"],"price_dependency":false,"cl_dependency":false}]]}},"config":{"price_override":"","enable_recaptcha":false,"bind_quantity":false,"quantity_bind_formula":false,"disp_summ_show_option_price":true,"disp_summ_show_product_price":true,"disp_summ_show_total_price":true,"disp_summ_show_fee":true,"disp_summ_show_discount":true,"summary_title":"","options_total_label":"Options Price","total_label":"Total","options_product_label":"Product Price","fee_label":"Fee","discount_label":"Discount","has_price":true,"has_quantity_formula":false},"mc_unit":1,"tax_rate":1,"tax_rate_real":1,"discount":{"percentage":0,"fixed":0},"design":{"conf":{"LabelPosition":"above","DescPosition":"above","UploadField":"custom_1","QuantityFieldStyle":"custom_1"},"css":{"LeftLabelWidth":"120px"}},"formulas":[],"lookuptables":[],"clones":false,"cartKey":false}},"_links":{"self":[{"href":"https:\/\/canaryvip.com\/pt\/wp-json\/wp\/v2\/product\/10904","targetHints":{"allow":["GET"]}}],"collection":[{"href":"https:\/\/canaryvip.com\/pt\/wp-json\/wp\/v2\/product"}],"about":[{"href":"https:\/\/canaryvip.com\/pt\/wp-json\/wp\/v2\/types\/product"}],"replies":[{"embeddable":true,"href":"https:\/\/canaryvip.com\/pt\/wp-json\/wp\/v2\/comments?post=10904"}],"wp:featuredmedia":[{"embeddable":true,"href":"https:\/\/canaryvip.com\/pt\/wp-json\/wp\/v2\/media\/11029"}],"wp:attachment":[{"href":"https:\/\/canaryvip.com\/pt\/wp-json\/wp\/v2\/media?parent=10904"}],"wp:term":[{"taxonomy":"product_brand","embeddable":true,"href":"https:\/\/canaryvip.com\/pt\/wp-json\/wp\/v2\/product_brand?post=10904"},{"taxonomy":"product_cat","embeddable":true,"href":"https:\/\/canaryvip.com\/pt\/wp-json\/wp\/v2\/product_cat?post=10904"},{"taxonomy":"product_tag","embeddable":true,"href":"https:\/\/canaryvip.com\/pt\/wp-json\/wp\/v2\/product_tag?post=10904"}],"curies":[{"name":"wp","href":"https:\/\/api.w.org\/{rel}","templated":true}]}}