{"id":10522,"date":"2024-03-23T17:19:31","date_gmt":"2024-03-23T17:19:31","guid":{"rendered":"https:\/\/canaryvip.com\/?post_type=product&#038;p=10522"},"modified":"2026-01-01T21:05:33","modified_gmt":"2026-01-01T21:05:33","slug":"submarine-tenerife","status":"publish","type":"product","link":"https:\/\/canaryvip.com\/pt\/shop\/submarine-tenerife\/","title":{"rendered":"Safari submarino em Tenerife"},"content":{"rendered":"<h2>\ud83c\udf0a Mergulhar nas profundezas com o Submarine Safari Tenerife<\/h2>\n<p>Experimente a derradeira aventura com o nosso <strong>safari submarino Tenerife,<\/strong>\u00a0onde a descoberta emocionante se encontra com a explora\u00e7\u00e3o educacional sob as ondas. Esta viagem \u00fanica convida-o a desvendar as maravilhas escondidas do oceano, o que a torna obrigat\u00f3ria para todos os exploradores. Embora as observa\u00e7\u00f5es da vida marinha variem, a ess\u00eancia desta viagem \u00e9 uma raz\u00e3o convincente para embarcar numa <strong>submarino Tenerife<\/strong> aventura.<\/p>\n<h4><strong>Explorar com o ic\u00f3nico Submarino Amarelo de Tenerife<\/strong><\/h4>\n<p>O nosso ic\u00f3nico submarino amarelo, uma maravilha tecnol\u00f3gica, mergulha entre 30 a 60 metros nas profundezas do oceano. Testemunhe a beleza hipnotizante do mundo subaqu\u00e1tico e aprenda sobre as complexidades operacionais do submarino com a nossa experiente tripula\u00e7\u00e3o a bordo deste <strong>safari submarino Tenerife.<\/strong><\/p>\n<h4><strong>Submarine Tenerife, uma espetacular excurs\u00e3o subaqu\u00e1tica<\/strong><\/h4>\n<p>Adaptado para a derradeira explora\u00e7\u00e3o subaqu\u00e1tica, o nosso submarino oferece vistas \u00edntimas do ambiente marinho. Embora os encontros com baleias e golfinhos sejam menos comuns durante a <strong>safari submarino Tenerife,<\/strong>\u00a0encorajamos os h\u00f3spedes a explorar a nossa <a href=\"https:\/\/canaryvip.com\/pt\/tenerife\/boat-excursions\/?swcfpc=1\">passeios de barco para observa\u00e7\u00e3o de baleias e golfinhos em Tenerife<\/a> para ter a oportunidade de testemunhar estas magn\u00edficas criaturas de uma perspetiva \u00fanica.<\/p>\n<h2>\ud83d\udea4 Prepare-se para a sua aventura de safari submarino em Tenerife<\/h2>\n<p>Comece a sua aventura com um briefing de seguran\u00e7a completo, que o levar\u00e1 a embarcar. Enquanto se instala no seu lugar, cada um equipado com uma janela de observa\u00e7\u00e3o, prepare-se para ser cativado pelas cenas de cortar a respira\u00e7\u00e3o durante o seu <strong>safari submarino Tenerife.<\/strong><\/p>\n<h4><strong>Descubra a biodiversidade marinha das Ilhas Can\u00e1rias<\/strong><\/h4>\n<p>As \u00e1guas em redor das Ilhas Can\u00e1rias est\u00e3o repletas de vida, oferecendo um espet\u00e1culo deslumbrante de peixes locais, arraias e, se a sorte o favorecer, golfinhos ou baleias, aumentando a sua <strong>submarino Tenerife<\/strong> experi\u00eancia.<\/p>\n<h4><strong>Uma experi\u00eancia de visualiza\u00e7\u00e3o subaqu\u00e1tica melhorada<\/strong><\/h4>\n<p>O nosso submarino est\u00e1 equipado com ecr\u00e3s de TV pessoais em cada porta de visualiza\u00e7\u00e3o, oferecendo perspectivas alternativas e informa\u00e7\u00f5es valiosas sobre a viagem do submarino, incluindo a profundidade e a temperatura, enriquecendo o seu <strong>safari submarino Tenerife<\/strong> aventura.<\/p>\n<h2>\u2728 Informa\u00e7\u00f5es essenciais para o seu Safari Submarino em Tenerife<\/h2>\n<p>O nosso incompar\u00e1vel submarino amarelo garante uma explora\u00e7\u00e3o confort\u00e1vel e segura para todos, tornando-o a primeira escolha para um <strong>submarino Tenerife<\/strong> aventura.<\/p>\n<h4><strong>Submarine Safari Tenerife, o que precisa de saber<\/strong><\/h4>\n<p>Com uma dura\u00e7\u00e3o aproximada de uma hora, damos prioridade \u00e0 sua seguran\u00e7a e conforto. As reservas de grupos beneficiam de descontos especiais, o que torna esta atividade perfeita para grupos.<\/p>\n<h4><strong>O que vai ver<\/strong><\/h4>\n<p>Prepare-se para encontros com a vida marinha diversificada, com caracter\u00edsticas especiais no nosso submarino para melhorar a sua experi\u00eancia de visualiza\u00e7\u00e3o, assegurando que cada momento a bordo \u00e9 memor\u00e1vel.<\/p>\n<h4><strong>Antes de embarcar<\/strong><\/h4>\n<p>Ter o seu <strong>CanaryVIP<\/strong> Prepare o bilhete e tenha em conta as precau\u00e7\u00f5es necess\u00e1rias contra o enjoo. Esta aventura familiar acolhe participantes a partir dos 2 anos de idade, sendo que os menores de 16 anos devem ser acompanhados por um adulto.<\/p>\n<h3>Recolha gratuita, reuni\u00f5es e informa\u00e7\u00f5es sobre a pol\u00edtica<\/h3>\n<p>O seu <strong>submarino Tenerife<\/strong> a aventura come\u00e7a em <a href=\"https:\/\/maps.app.goo.gl\/NhudtS2DwkDHnEAP8\" target=\"_blank\" rel=\"noopener\">Marina de Puerto Amarilla<\/a> em San Miguel de Abona. Por favor, certifique-se de que chega pelo menos 15 minutos antes da partida com o seu bilhete para um in\u00edcio sem problemas.<\/p>\n<h4><strong>Servi\u00e7os de recolha gratuitos e pagos<\/strong><\/h4>\n<p>Para sua conveni\u00eancia, oferecemos servi\u00e7os de recolha gratuitos a partir de locais no sul de Tenerife, garantindo uma forma f\u00e1cil e confort\u00e1vel de chegar at\u00e9 n\u00f3s. Al\u00e9m disso, para os nossos h\u00f3spedes alojados no Norte de Tenerife, est\u00e1 dispon\u00edvel um servi\u00e7o de recolha pago, que permite o acesso \u00e0 nossa experi\u00eancia \u00fanica a partir de toda a ilha.<\/p>\n<h4><strong>Cancelamento sem problemas para sua conveni\u00eancia<\/strong><\/h4>\n<p>Oferecemos a flexibilidade de cancelar ou remarcar at\u00e9 24 horas antes da sua excurs\u00e3o sem quaisquer custos adicionais. Os cancelamentos tardios ou a n\u00e3o compar\u00eancia implicam o pagamento de uma taxa, como parte do nosso compromisso com a equidade para com todos os nossos clientes.<\/p>\n<p>Junte-se ao CanaryVIP para uma experi\u00eancia inigual\u00e1vel <strong>safari submarino Tenerife,<\/strong>\u00a0onde combinamos seguran\u00e7a, prazer e respeito pelo ambiente marinho numa explora\u00e7\u00e3o extraordin\u00e1ria das profundezas do oceano. Est\u00e1s pronto para a aventura? Mergulhe connosco e descubra os segredos do mundo subaqu\u00e1tico!<\/p>","protected":false},"excerpt":{"rendered":"<p><strong>\ud83d\udd0d Submarino de Tenerife:<\/strong><br \/>\n\u2705 Pagamento seguro.<br \/>\n\ud83d\udc1f Descobrir a vida marinha.<br \/>\n\ud83d\ude80 1h Viagens.<br \/>\n<span>\ud83d\udd59 M\u00faltiplos per\u00edodos de tempo.<\/span><br \/>\n\ud83d\udcc5 Todos os dias, exceto aos s\u00e1bados.<br \/>\n\ud83e\udd11 Melhor pre\u00e7o garantido.<br \/>\n\ud83d\udc6a  Descontos activados.<br \/>\n\ud83d\udd01 At\u00e9 24h Cancelamento.<br \/>\n\ud83c\udf0d Tripula\u00e7\u00e3o multilingue.<br \/>\n\ud83c\udf1f Reserve agora e poupe!<br \/>\n\ud83d\udccd Partida de <a href=\"https:\/\/maps.app.goo.gl\/aeD9xSzsoLo9TsdF8\" target=\"_blank\" rel=\"noopener\">Amarilla Golfe<\/a>.<\/p>","protected":false},"featured_media":10706,"comment_status":"open","ping_status":"closed","template":"","meta":{"_acf_changed":false},"product_brand":[],"product_cat":[46],"product_tag":[],"class_list":{"0":"post-10522","1":"product","2":"type-product","3":"status-publish","4":"has-post-thumbnail","6":"product_cat-boat-excursions","7":"wcpa_has_options","9":"first","10":"instock","11":"virtual","12":"purchasable","13":"product-type-simple"},"acf":[],"wcpa_form_fields":{"wcpaData":{"product":{"product_price":61,"price_html":"From&nbsp;<span class=\"woocommerce-Price-amount amount\"><bdi>61,00&nbsp;<span class=\"woocommerce-Price-currencySymbol\">&euro;<\/span><\/bdi><\/span>","original_product_price":61,"price_including_tax":61,"price_excluding_tax":61,"product_id":{"parent":10522,"variation":false},"is_variable":false,"stock_status":"instock","stock_quantity":null,"parent_sku":"CV10522","product_attributes":[],"custom_fields":[],"is_taxable":false,"product_name":"Submarine Safari Tenerife","hasImage":false},"fields":{"sec_7661bc90f5e8c6":{"extra":{"key":"sec_7661bc90f5e8c6","section_id":"sec_7661bc90f5e8c6","name":"Default","status":1,"cl_rule":"show","enableCl":false,"relations":[],"toggle":true,"title_tag":"h3","show_title":false,"showPrice":"default","form_id":11259,"form_rules":{"exclude_from_discount":true,"fee_label":"Fee","disp_hide_options_price":true,"disp_show_section_price":false,"disp_show_field_price":true,"layout_option":"standard","pric_use_as_fee":false,"process_fee_as":"woo_fee"},"layout_option":"standard"},"fields":[[{"label":"\ud83d\udcc5 Date","active":true,"required":true,"elementId":"date_9661bc90f5e8e5","picker_type":"custom","picker_mode":"single","placeholder":"","description":"","tooltip":"","name":"date_9661bc90f5e8e5","label_position":"default","desc_position":"default","enablePrice":false,"className":"","enableCl":false,"relations":[{"operator":"and","rules":[{"operator":"AND","rules":{"cl_field":"radio-group_5661bc90f5e8f5","cl_relation":"is_not_empty","cl_val":"3 Hour Trip"}}]}],"date_pic_inline":true,"date_pic_inline_hide":true,"min_date":{"type":"days","val":"2"},"max_date":{"type":"days","val":"365"},"date_pic_conf":{"disabledWeeks":[6],"disabledDates":["2024-05-19 to 2024-05-25"]},"price":"","cl_rule":"show","col":6,"type":"date","error":false,"enableDesign":false,"LabelColor":"","gt_translate_keys":["label","placeholder","description","tooltip"],"price_dependency":false,"cl_dependency":false,"value":""}],[{"active":true,"col":6,"relations":false,"cl_rule":"show","enableCl":false,"price":"","enablePrice":false,"className":"","label_position":"default","desc_position":"default","type":"content","required":false,"elementId":"content_10661bc90f5e917","label":"People","name":"content_10661bc90f5e917","contentType":"plain","value":"","error":false,"show_in_checkout":true,"inline":false,"gt_translate_keys":["label","value"],"price_dependency":false,"cl_dependency":false}],[{"active":true,"col":6,"relations":[{"operator":false,"rules":[{"operator":"AND","rules":{"cl_field":"","cl_relation":"","cl_val":""}}]}],"cl_rule":"show","enableCl":true,"price":"61","enablePrice":true,"className":"","label_position":"default","desc_position":"default","type":"radio-group","required":false,"elementId":"radio-group_5661bc90f5e923","label":"","name":"radio-group_5661bc90f5e923","values":[{"label":"\ud83d\udc64 Adult (61\u20ac)","value":"Adult","selected":true,"tempId":"aco_32","tooltip":"+15 Years","description":"","gt_translate_keys":["label","tooltip","description"]}],"layOut":"","error":false,"checkUi":"button","priceOptions":"fixed_for_all","pricingType":"fixed","enable_quantity":true,"quantity_label":"","min_quantity":"0","options_tooltip":true,"options_description":true,"gt_translate_keys":["label","quantity_label"],"price_dependency":false,"cl_dependency":false,"value":""}],[{"label":"","active":true,"required":false,"elementId":"radio-group_6661bc90f5e92d","name":"radio-group_6661bc90f5e92d","label_position":"default","desc_position":"default","enablePrice":true,"className":"","enableCl":true,"relations":[{"operator":false,"rules":[{"operator":"AND","rules":{"cl_field":"","cl_relation":"","cl_val":""}}]}],"enable_quantity":true,"quantity_label":"","min_quantity":"0","checkUi":"button","layOut":"","options_tooltip":true,"options_description":true,"values":[{"label":"\ud83d\udc66 Child (37\u20ac)","value":"Child","selected":true,"tempId":"aco_32","tooltip":"2-14 Years","description":"","gt_translate_keys":["label","tooltip","description"]}],"priceOptions":"fixed_for_all","pricingType":"fixed","price":"37","cl_rule":"show","col":6,"type":"radio-group","error":false,"gt_translate_keys":["label","quantity_label"],"price_dependency":false,"cl_dependency":false,"value":""}],[{"active":true,"col":6,"relations":false,"cl_rule":"show","enableCl":false,"price":"","enablePrice":false,"className":"","label_position":"default","desc_position":"default","type":"select","required":false,"elementId":"select_2793421639","label":"\ud83c\udf0e Tour Language","name":"select_2793421639","values":[{"label":"\ud83c\uddec\ud83c\udde7 English","value":"English","selected":false,"tempId":"aco_744","gt_translate_keys":["label"]},{"label":"\ud83c\uddea\ud83c\uddf8 Spanish","value":"Spanish","selected":false,"tempId":"aco_754","gt_translate_keys":["label"]},{"label":"\ud83c\udde9\ud83c\uddf0 Danish","value":"Danish","selected":false,"tempId":"aco_354","gt_translate_keys":["label"]},{"label":"\ud83c\udde9\ud83c\uddea Deutsch","value":"Deutsch","selected":false,"tempId":"aco_355","gt_translate_keys":["label"]},{"label":"\ud83c\uddf3\ud83c\uddf1 Dutch","value":"Dutch","selected":false,"tempId":"aco_356","gt_translate_keys":["label"]},{"label":"\ud83c\uddeb\ud83c\uddee Finnish","value":"Finnish","selected":false,"tempId":"aco_1070","gt_translate_keys":["label"]},{"label":"\ud83c\uddeb\ud83c\uddf7 French","value":"French","selected":false,"tempId":"aco_1278","gt_translate_keys":["label"]},{"label":"\ud83c\udded\ud83c\uddfa Hungarian","value":"Hungarian","selected":false,"tempId":"aco_1396","gt_translate_keys":["label"]},{"label":"\ud83c\uddee\ud83c\uddf9 Italian","value":"Italian","selected":false,"tempId":"aco_1568","gt_translate_keys":["label"]},{"label":"\ud83c\uddf5\ud83c\uddf1 Polish","value":"Polish","selected":false,"tempId":"aco_1650","gt_translate_keys":["label"]},{"label":"\ud83c\uddf7\ud83c\uddf4 Romanian","value":"Romanian","selected":false,"tempId":"aco_1660","gt_translate_keys":["label"]},{"label":"\ud83c\uddf8\ud83c\uddea Swedish","value":"Swedish","selected":false,"tempId":"aco_1922","gt_translate_keys":["label"]}],"dropdown_type":"basic","error":false,"placeholder":"Select Preferred Language","gt_translate_keys":["label","placeholder"],"price_dependency":false,"cl_dependency":false,"value":""}]]},"sec_10661bc90f5e958":{"extra":{"key":"sec_10661bc90f5e958","section_id":"sec_10661bc90f5e958","name":"Shuttle Service?","status":1,"cl_rule":"show","enableCl":false,"relations":[{"operator":false,"rules":[{"operator":"AND","rules":{"cl_field":"radio-group_5661bc90f5e8f5","cl_relation":"is_not_empty","cl_val":""}}]}],"toggle":true,"title_tag":"h4","show_title":false,"showPrice":"default","form_id":11259,"form_rules":{"exclude_from_discount":true,"fee_label":"Fee","disp_hide_options_price":true,"disp_show_section_price":false,"disp_show_field_price":true,"layout_option":"standard","pric_use_as_fee":false,"process_fee_as":"woo_fee"},"layout_option":"standard"},"fields":[[{"active":true,"col":6,"relations":false,"cl_rule":"show","enableCl":false,"price":"","enablePrice":false,"className":"","label_position":"default","desc_position":"default","type":"separator","required":false,"elementId":"separator_2797064121","label":"Separator Field","height":"4","separatorType":"blank","error":false,"gt_translate_keys":["label"],"price_dependency":false,"cl_dependency":false,"value":""}],[{"active":true,"col":6,"relations":[{"operator":false,"rules":[{"operator":"or","rules":{"cl_field":"checkbox_9661bc90f5e962","cl_relation":"is_empty","cl_val":"Adult (57\u20ac)"}},{"operator":"AND","rules":{"cl_field":"checkbox_9661bc90f5e962","cl_relation":"is","cl_val":false}}]}],"cl_rule":"show","enableCl":true,"price":"","enablePrice":false,"className":"","label_position":"default","desc_position":"default","type":"text","subtype":"text","required":false,"elementId":"text_4981331526","label":"\ud83d\ude8c South Tenerife Free Pickup","name":"text_4981331526","value":"","description":"Free pick-up service in Tenerife South. Simply provide your address or hotel name.","error":false,"gt_translate_keys":["label","description","value"],"price_dependency":false,"cl_dependency":false}],[{"active":true,"col":6,"relations":false,"cl_rule":"show","enableCl":false,"price":"","enablePrice":false,"className":"","label_position":"default","desc_position":"default","type":"separator","required":false,"elementId":"separator_8316621916","label":"Separator Field","height":"10","separatorType":"blank","gt_translate_keys":["label"],"price_dependency":false,"cl_dependency":false,"value":""}],[{"active":true,"col":6,"relations":false,"cl_rule":"show","enableCl":false,"price":"({field.radio-group_5661bc90f5e923.quantity}*13)+({field.radio-group_6661bc90f5e92d.quantity}*8)","enablePrice":true,"className":"","label_position":"default","desc_position":"below","type":"checkbox","required":false,"elementId":"checkbox_9661bc90f5e962","label":"Pickup from North Tenerife? (13\u20ac)","name":"checkbox_9661bc90f5e962","value":"","check_value":"Yes","checkUi":"toggle","error":false,"description":"Pick-up from your hotel in North Tenerife available for an extra \u20ac13\/adult and \u20ac8\/child.","pricingType":"custom","isTemplate":false,"gt_translate_keys":["label","description","value","check_value"],"price_dependency":false,"cl_dependency":["text_4981331526","text_4981331526","text-6367321769"]}],[{"label":"\ud83d\ude8c North Tenerife Pickup Location","active":true,"required":false,"elementId":"text-6367321769","value":"","description":"Pick-up service in Tenerife North. Simply provide your address or hotel name.","name":"text-6367321769","label_position":"default","desc_position":"default","enablePrice":false,"className":"","enableCl":true,"relations":[{"operator":false,"rules":[{"operator":"AND","rules":{"cl_field":"checkbox_9661bc90f5e962","cl_relation":"is","cl_val":true}}]}],"subtype":"text","price":"","cl_rule":"show","col":6,"type":"text","error":false,"gt_translate_keys":["label","description","value"],"price_dependency":false,"cl_dependency":false}]]}},"config":{"price_override":"always","enable_recaptcha":false,"bind_quantity":false,"quantity_bind_formula":false,"disp_summ_show_option_price":true,"disp_summ_show_product_price":false,"disp_summ_show_total_price":true,"disp_summ_show_fee":true,"disp_summ_show_discount":true,"summary_title":"","options_total_label":"Options Price","total_label":"Total Amount","options_product_label":"Product Price","fee_label":"Fee","discount_label":"Discount","has_price":true,"has_quantity_formula":false},"mc_unit":1,"tax_rate":1,"tax_rate_real":1,"discount":{"percentage":0,"fixed":0},"design":{"conf":{"LabelPosition":"above","DescPosition":"above","UploadField":"custom_1","QuantityFieldStyle":"custom_1"},"css":{"LeftLabelWidth":"120px"}},"formulas":[],"lookuptables":[],"clones":false,"cartKey":false}},"_links":{"self":[{"href":"https:\/\/canaryvip.com\/pt\/wp-json\/wp\/v2\/product\/10522","targetHints":{"allow":["GET"]}}],"collection":[{"href":"https:\/\/canaryvip.com\/pt\/wp-json\/wp\/v2\/product"}],"about":[{"href":"https:\/\/canaryvip.com\/pt\/wp-json\/wp\/v2\/types\/product"}],"replies":[{"embeddable":true,"href":"https:\/\/canaryvip.com\/pt\/wp-json\/wp\/v2\/comments?post=10522"}],"wp:featuredmedia":[{"embeddable":true,"href":"https:\/\/canaryvip.com\/pt\/wp-json\/wp\/v2\/media\/10706"}],"wp:attachment":[{"href":"https:\/\/canaryvip.com\/pt\/wp-json\/wp\/v2\/media?parent=10522"}],"wp:term":[{"taxonomy":"product_brand","embeddable":true,"href":"https:\/\/canaryvip.com\/pt\/wp-json\/wp\/v2\/product_brand?post=10522"},{"taxonomy":"product_cat","embeddable":true,"href":"https:\/\/canaryvip.com\/pt\/wp-json\/wp\/v2\/product_cat?post=10522"},{"taxonomy":"product_tag","embeddable":true,"href":"https:\/\/canaryvip.com\/pt\/wp-json\/wp\/v2\/product_tag?post=10522"}],"curies":[{"name":"wp","href":"https:\/\/api.w.org\/{rel}","templated":true}]}}