{"id":10186,"date":"2024-03-28T05:27:33","date_gmt":"2024-03-28T05:27:33","guid":{"rendered":"https:\/\/canaryvip.com\/?post_type=product&#038;p=10186"},"modified":"2025-06-28T23:11:45","modified_gmt":"2025-06-28T22:11:45","slug":"rent-a-car-tenerife","status":"publish","type":"product","link":"https:\/\/canaryvip.com\/pt\/shop\/rent-a-car-tenerife\/","title":{"rendered":"Alugar um carro Tenerife"},"content":{"rendered":"<h2>\ud83d\ude99 Descubra Tenerife com o nosso servi\u00e7o de aluguer de autom\u00f3veis<\/h2>\n<p>Experimente a derradeira liberdade para explorar as deslumbrantes paisagens de Tenerife ao seu ritmo. Os nossos <strong>Alugar um carro Tenerife<\/strong> servi\u00e7o em <strong>CanaryVIP<\/strong> oferece uma comodidade e flexibilidade sem paralelo para a sua viagem \u00e0 ilha. Desde apanhar banhos de sol em praias imaculadas a caminhadas pelas majestosas <a href=\"https:\/\/canaryvip.com\/pt\/discover-the-teide-the-ultimate-guide-iconic-volcano\/\">Parque Nacional do Teide,<\/a>\u00a0e descobrir as j\u00f3ias escondidas da ilha, a nossa frota diversificada \u00e9 o seu bilhete para uma aventura inesquec\u00edvel.<\/p>\n<h3>\u2b50\ufe0f Porqu\u00ea escolher a Rent a Car Tenerife?<\/h3>\n<p>Optar por <strong>alugar um carro em Tenerife<\/strong> com o CanaryVIP significa dar a si pr\u00f3prio o dom da liberdade. J\u00e1 n\u00e3o est\u00e1 preso \u00e0s limita\u00e7\u00f5es dos transportes p\u00fablicos ou aos prazos r\u00edgidos das excurs\u00f5es organizadas, tem a liberdade de explorar esta ilha deslumbrante ao seu pr\u00f3prio ritmo e de acordo com os seus interesses.<\/p>\n<ul>\n<li><strong>Flexibilidade:<\/strong> O nosso <strong>servi\u00e7o de aluguer de autom\u00f3veis em Tenerife<\/strong> d\u00e1-lhe o controlo para conceber o seu itiner\u00e1rio. Do nascer ao p\u00f4r do sol, voc\u00ea decide o que ver e quando.<\/li>\n<li><strong>Variedade:<\/strong> A nossa frota \u00e9 diversificada, satisfazendo todas as prefer\u00eancias e necessidades. Quer esteja \u00e0 procura de um autom\u00f3vel compacto para passeios na cidade ou de um SUV espa\u00e7oso para aventuras em terrenos acidentados em <strong>Tenerife Sul,<\/strong>\u00a0n\u00f3s tratamos de si.<\/li>\n<li><strong>Pre\u00e7os competitivos:<\/strong> O nosso objetivo \u00e9 ser acess\u00edvel sem sacrificar a qualidade. Os nossos <strong>aluguer de autom\u00f3veis<\/strong> As op\u00e7\u00f5es em Tenerife t\u00eam um pre\u00e7o que lhe oferece o melhor valor, assegurando uma explora\u00e7\u00e3o da ilha que n\u00e3o implique um or\u00e7amento.<\/li>\n<li><strong>Conveni\u00eancia:<\/strong> Levante o seu carro de aluguer em locais-chave, tais como <strong><a href=\"https:\/\/maps.app.goo.gl\/YAWX2KPn75tN8YMUA\" target=\"_blank\" rel=\"noopener\">Aeroporto de Tenerife Sul<\/a>.<\/strong>\u00a0A partir do momento em que aterra, a sua aventura em Tenerife come\u00e7a sem demora.<\/li>\n<\/ul>\n<h4>\ud83c\udf0d Explorar Tenerife como nunca antes<\/h4>\n<p>O encanto de Tenerife n\u00e3o reside apenas nas suas famosas praias e pontos tur\u00edsticos, mas tamb\u00e9m nos seus locais menos conhecidos. Com <strong>aluguer de autom\u00f3veis em Tenerife,<\/strong>\u00a0est\u00e1 equipado para explorar a rica hist\u00f3ria da ilha, a cultura vibrante e a beleza natural deslumbrante. Conduza por aldeias pitorescas, visite mercados locais e encontre o seu pr\u00f3prio peda\u00e7o de para\u00edso em praias isoladas.<\/p>\n<h4>\ud83d\udd0d Descubra mais com o aluguer de carros em Tenerife<\/h4>\n<p>Cada curva em Tenerife apresenta uma nova descoberta, e com <strong>CanaryVIP's alugar um carro em Tenerife,<\/strong>\u00a0\u00e9 livre de perseguir cada p\u00f4r do sol, escalar cada montanha e apreciar cada vista. V\u00e1 al\u00e9m dos guias e fa\u00e7a da sua viagem uma antologia de experi\u00eancias pessoais e mem\u00f3rias inesquec\u00edveis.<\/p>\n<h4>\u2705 Reservas facilitadas<\/h4>\n<p>O nosso processo de reserva \u00e9 simples e f\u00e1cil de utilizar. Seleccione o seu ve\u00edculo preferido, escolha o per\u00edodo de aluguer e adicione quaisquer extras de que possa necessitar, tudo com apenas alguns cliques. O nosso objetivo \u00e9 fazer com que o seu <strong>aluguer de Automoveis em Tenerife<\/strong> a experi\u00eancia do utilizador seja o mais tranquila e sem complica\u00e7\u00f5es poss\u00edvel.<\/p>\n<h4>\ud83d\udee1\ufe0f Seguran\u00e7a e conforto<\/h4>\n<p>A sua seguran\u00e7a e conforto s\u00e3o fundamentais. Cada ve\u00edculo da nossa frota \u00e9 meticulosamente mantido para cumprir os mais elevados padr\u00f5es de seguran\u00e7a e desempenho. Quando opta por <strong>aluguer de autom\u00f3veis em Tenerife Sul,<\/strong>\u00a0pode ter a certeza de que o seu conforto e bem-estar est\u00e3o garantidos.<\/p>\n<h4>\ud83c\udf31 Viagens sustent\u00e1veis<\/h4>\n<p>Estamos empenhados em iniciativas de viagens amigas do ambiente. A nossa sele\u00e7\u00e3o de ve\u00edculos inclui op\u00e7\u00f5es que s\u00e3o suaves para o ambiente, permitindo-lhe explorar a beleza natural de Tenerife, minimizando a sua pegada de carbono.<\/p>\n<h4>\ud83d\udd11 Desbloquear o melhor de Tenerife<\/h4>\n<p>Tenerife \u00e9 uma ilha de aventura e beleza sem fim, desde as suas costas banhadas pelo sol at\u00e9 \u00e0s alturas m\u00edsticas do Teide. Com o nosso <strong>servi\u00e7os de aluguer de autom\u00f3veis,<\/strong>\u00a0todos os cantos desta ilha encantadora est\u00e3o ao seu alcance. <strong>Alugar um carro em Tenerife<\/strong> e partir numa viagem de descoberta e admira\u00e7\u00e3o.<\/p>\n<h3>\ud83d\udcd6 Como reservar o seu aluguer de autom\u00f3vel<\/h3>\n<p>Obter o seu <strong>alugar um carro em Tenerife<\/strong> est\u00e1 apenas a alguns cliques de dist\u00e2ncia. O nosso sistema de reservas online intuitivo foi concebido para sua conveni\u00eancia, permitindo-lhe escolher o seu autom\u00f3vel, definir o per\u00edodo de aluguer e gerir facilmente a sua reserva. A confirma\u00e7\u00e3o \u00e9 r\u00e1pida, garantindo que est\u00e1 pronto para explorar assim que chegar.<\/p>\n<h4>\ud83d\ude80 A sua aventura est\u00e1 \u00e0 espera<\/h4>\n<p>A aventura em Tenerife n\u00e3o \u00e9 apenas sobre os destinos; \u00e9 sobre as viagens entre eles. Cada percurso que faz com o seu <strong>aluguer de autom\u00f3veis em Tenerife<\/strong> revela algo novo - uma enseada escondida, um miradouro de cortar a respira\u00e7\u00e3o ou um restaurante local que oferece sabores que nunca provou antes. Com o CanaryVIP, os segredos mais bem guardados da ilha tornam-se acess\u00edveis, transformando a sua viagem numa ca\u00e7a ao tesouro de experi\u00eancias.<\/p>\n<h4>\u23f3 Fazer com que cada momento conte<\/h4>\n<p>Quando <strong>alugar um carro em Tenerife,<\/strong>\u00a0n\u00e3o est\u00e1 apenas a poupar tempo - est\u00e1 a fazer valer cada momento das suas f\u00e9rias. Conduza at\u00e9 \u00e0s deslumbrantes fal\u00e9sias de Los Gigantes para ver o p\u00f4r do sol, ou encontre consolo nos serenos trilhos do Parque Rural de Anaga. O seu tempo em Tenerife \u00e9 seu para passar como quiser, livre dos constrangimentos das excurs\u00f5es programadas e dos transportes p\u00fablicos.<\/p>\n<h4>\ud83e\uddf3 Adaptado \u00e0s suas necessidades<\/h4>\n<p>Compreendendo que cada viajante tem necessidades \u00fanicas, os nossos <strong>aluguer de Automoveis em Tenerife<\/strong> oferecem uma vasta gama de op\u00e7\u00f5es para satisfazer todas as prefer\u00eancias e exig\u00eancias. Desde descapot\u00e1veis de luxo que permitem sentir a brisa do mar a monovolumes familiares equipados para o conforto, <strong>CanaryVIP<\/strong> garante que o seu ve\u00edculo corresponde \u00e0 viagem que idealiza.<\/p>\n<h3>Um compromisso com a excel\u00eancia<\/h3>\n<p>Em <strong>CanaryVIP<\/strong>A excel\u00eancia est\u00e1 no centro de tudo o que fazemos. Desde a qualidade dos nossos ve\u00edculos at\u00e9 ao nosso servi\u00e7o de apoio ao cliente, esfor\u00e7amo-nos por exceder as suas expectativas. A nossa equipa est\u00e1 sempre pronta a dar recomenda\u00e7\u00f5es, a ajudar nos percursos ou a prestar qualquer apoio de que necessite durante a sua viagem. <strong>aluguer de Automoveis em Tenerife<\/strong> experi\u00eancia. N\u00e3o somos apenas um servi\u00e7o; somos o seu parceiro de viagem em Tenerife.<\/p>\n<h4>\ud83d\udddd\ufe0f Aproveitar a oportunidade<\/h4>\n<p>A beleza de Tenerife n\u00e3o espera por ningu\u00e9m, e com o CanaryVIP, aproveitar a oportunidade de explorar esta ilha paradis\u00edaca nunca foi t\u00e3o f\u00e1cil. N\u00e3o deixe escapar a oportunidade de criar a sua pr\u00f3pria aventura. <strong>Alugar um carro em Tenerife<\/strong> hoje e assuma o controlo das suas f\u00e9rias, criando uma viagem que \u00e9 t\u00e3o \u00fanica como voc\u00ea.<\/p>\n<h4>\u2764\ufe0f Reserve hoje a sua viagem de sonho<\/h4>\n<p>Pronto para explorar Tenerife \u00e0 sua maneira?<\/p>\n<p>Visitar <strong>CanaryVIP<\/strong> agora para reservar o seu aluguer de autom\u00f3vel perfeito. Com apenas alguns cliques, estar\u00e1 a caminho de uma viagem inesquec\u00edvel repleta de descobertas, liberdade e a pura alegria da explora\u00e7\u00e3o.<\/p>\n<p>A sua aventura espera-o com o servi\u00e7o Rent a Car Tenerife da CanaryVIP - reserve agora e desvende a magia de Tenerife.<\/p>","protected":false},"excerpt":{"rendered":"<p><strong>\ud83d\udd0d Aluguer de autom\u00f3veis em Tenerife:<\/strong><br \/>\n\u2705 Pagamento seguro.<br \/>\nM\u00faltiplas op\u00e7\u00f5es de autom\u00f3veis.<br \/>\nDe 1 a 30 dias.<br \/>\n\u2705 Seguro inclu\u00eddo.<br \/>\nKil\u00f3metros ilimitados.<br \/>\n\ud83d\udc64 +25 anos pode conduzir.<br \/>\n\ud83e\udd11 Melhor pre\u00e7o garantido.<br \/>\nEntrega gratuita no seu Hotel.<br \/>\n\u2708\ufe0f Entrega e recolha no aeroporto.<br \/>\n\ud83d\udc6a  Descontos activados.<br \/>\n\ud83c\udf1f Reserve agora e poupe!<\/p>","protected":false},"featured_media":10916,"comment_status":"open","ping_status":"closed","template":"","meta":{"_acf_changed":false},"product_brand":[],"product_cat":[83],"product_tag":[],"class_list":{"0":"post-10186","1":"product","2":"type-product","3":"status-publish","4":"has-post-thumbnail","6":"product_cat-rentals","7":"wcpa_has_options","9":"first","10":"instock","11":"virtual","12":"purchasable","13":"product-type-simple"},"acf":[],"wcpa_form_fields":{"wcpaData":{"product":{"product_price":50,"price_html":"From&nbsp;<span class=\"woocommerce-Price-amount amount\"><bdi>50,00&nbsp;<span class=\"woocommerce-Price-currencySymbol\">&euro;<\/span><\/bdi><\/span>","original_product_price":50,"price_including_tax":50,"price_excluding_tax":50,"product_id":{"parent":10186,"variation":false},"is_variable":false,"stock_status":"instock","stock_quantity":null,"parent_sku":"CV10186","product_attributes":[],"custom_fields":[],"is_taxable":false,"product_name":"Rent a Car Tenerife","hasImage":false},"fields":{"sec_4668282996d361":{"extra":{"key":"sec_4668282996d361","section_id":"sec_4668282996d361","name":"Contact us","status":1,"cl_rule":"show","enableCl":false,"relations":[],"toggle":true,"title_tag":"h3","show_title":false,"showPrice":"default","form_id":12153,"form_rules":{"exclude_from_discount":true,"fee_label":"Fee","disp_hide_options_price":true,"disp_show_section_price":false,"disp_show_field_price":true,"layout_option":"standard","pric_use_as_fee":false,"process_fee_as":"woo_fee"},"layout_option":"standard"},"fields":[[{"active":true,"col":6,"relations":false,"cl_rule":"show","enableCl":false,"price":"","enablePrice":false,"className":"","label_position":"default","desc_position":"default","type":"content","required":false,"elementId":"content_8291538701","label":"","name":"content_8291538701","contentType":"rich","value":"<p><a href=\"https:\/\/api.whatsapp.com\/send\/?phone=34629670312&amp;text&amp;type=phone_number&amp;app_absent=0\" target=\"_blank\"><strong>Contact us on WhatsApp<\/strong><\/a><strong> to get a personalized price for this activity\/excursion\/rental.<\/strong><\/p>","error":false,"subtype":"div","gt_translate_keys":["label","value"],"price_dependency":false,"cl_dependency":false}]]},"sec_16644ac1d03e64":{"extra":{"key":"sec_16644ac1d03e64","section_id":"sec_16644ac1d03e64","name":"Default","status":1,"cl_rule":"show","enableCl":false,"relations":[],"toggle":true,"title_tag":"h3","show_title":false,"showPrice":"default","form_id":11506,"form_rules":{"exclude_from_discount":true,"fee_label":"Fee","disp_hide_options_price":true,"disp_show_section_price":false,"disp_show_field_price":true,"layout_option":"standard","pric_use_as_fee":false,"process_fee_as":"woo_fee"},"layout_option":"standard"},"fields":[]}},"config":{"price_override":"","enable_recaptcha":false,"bind_quantity":false,"quantity_bind_formula":false,"disp_summ_show_option_price":true,"disp_summ_show_product_price":true,"disp_summ_show_total_price":true,"disp_summ_show_fee":true,"disp_summ_show_discount":true,"summary_title":"","options_total_label":"Options Price","total_label":"Total","options_product_label":"Product Price","fee_label":"Fee","discount_label":"Discount","has_price":true,"has_quantity_formula":false},"mc_unit":1,"tax_rate":1,"tax_rate_real":1,"discount":{"percentage":0,"fixed":0},"design":{"conf":{"LabelPosition":"above","DescPosition":"above","UploadField":"custom_1","QuantityFieldStyle":"custom_1"},"css":{"LeftLabelWidth":"120px"}},"formulas":[],"lookuptables":[],"clones":false,"cartKey":false}},"_links":{"self":[{"href":"https:\/\/canaryvip.com\/pt\/wp-json\/wp\/v2\/product\/10186","targetHints":{"allow":["GET"]}}],"collection":[{"href":"https:\/\/canaryvip.com\/pt\/wp-json\/wp\/v2\/product"}],"about":[{"href":"https:\/\/canaryvip.com\/pt\/wp-json\/wp\/v2\/types\/product"}],"replies":[{"embeddable":true,"href":"https:\/\/canaryvip.com\/pt\/wp-json\/wp\/v2\/comments?post=10186"}],"wp:featuredmedia":[{"embeddable":true,"href":"https:\/\/canaryvip.com\/pt\/wp-json\/wp\/v2\/media\/10916"}],"wp:attachment":[{"href":"https:\/\/canaryvip.com\/pt\/wp-json\/wp\/v2\/media?parent=10186"}],"wp:term":[{"taxonomy":"product_brand","embeddable":true,"href":"https:\/\/canaryvip.com\/pt\/wp-json\/wp\/v2\/product_brand?post=10186"},{"taxonomy":"product_cat","embeddable":true,"href":"https:\/\/canaryvip.com\/pt\/wp-json\/wp\/v2\/product_cat?post=10186"},{"taxonomy":"product_tag","embeddable":true,"href":"https:\/\/canaryvip.com\/pt\/wp-json\/wp\/v2\/product_tag?post=10186"}],"curies":[{"name":"wp","href":"https:\/\/api.w.org\/{rel}","templated":true}]}}