{"id":10109,"date":"2024-02-25T19:09:18","date_gmt":"2024-02-25T19:09:18","guid":{"rendered":"https:\/\/canaryvip.com\/?post_type=product&#038;p=10109"},"modified":"2025-11-25T16:28:10","modified_gmt":"2025-11-25T16:28:10","slug":"gulliver-private-yacht-charter-tenerife","status":"publish","type":"product","link":"https:\/\/canaryvip.com\/pt\/shop\/gulliver-private-yacht-charter-tenerife\/","title":{"rendered":"Gulliver: Aluguer de iates em Tenerife"},"content":{"rendered":"<h2><strong>\ud83d\udee5\ufe0f Iate Gulliver = Momentos inesquec\u00edveis<\/strong><\/h2>\n<p>Entre num mundo de prazeres mar\u00edtimos com o Gulliver Yacht, o principal iate familiar de Tenerife, concebido para oferecer uma mistura perfeita de emo\u00e7\u00e3o, lazer e experi\u00eancias memor\u00e1veis. Esta joia de 20 metros prepara o terreno para uma aventura mar\u00edtima sem paralelo, perfeita para fam\u00edlias e grupos que procuram um peda\u00e7o exclusivo do para\u00edso oce\u00e2nico.<\/p>\n<h3>\u2b50\ufe0f <strong>Alegria e conforto sem limites a bordo<\/strong><\/h3>\n<p><span style=\"text-decoration: underline;\"><strong>Descubra as caracter\u00edsticas excepcionais do Gulliver:<\/strong><\/span><\/p>\n<ul>\n<li>Um deck espa\u00e7oso concebido para o m\u00e1ximo prazer da fam\u00edlia.<\/li>\n<li>Almofadas de sol convidativas para apanhar sol com todo o conforto.<\/li>\n<li>Brinquedos aqu\u00e1ticos refrescantes, incluindo um escorrega insufl\u00e1vel, pranchas de paddle e scooters subaqu\u00e1ticas para todas as idades.<\/li>\n<li>Op\u00e7\u00f5es de refei\u00e7\u00f5es sumptuosas que satisfazem v\u00e1rias necessidades diet\u00e9ticas, incluindo op\u00e7\u00f5es sem gl\u00faten.<\/li>\n<li>Refrescos ilimitados: refrigerantes, vinho, cerveja, sangria e cava para elevar a sua viagem mar\u00edtima.<\/li>\n<\/ul>\n<h4>\ud83d\udea4 <strong>Embarque numa viagem de descoberta<\/strong><\/h4>\n<p>A sua aventura come\u00e7a em <a href=\"https:\/\/www.google.com\/maps\/place\/Puerto+Col%C3%B3n\/@28.078002,-16.7394902,17z\/data=!3m2!4b1!5s0xc6a97433884bdf9:0x76d293b7b99db23a!4m6!3m5!1s0xc6a9743509c9ebf:0xd62345524f768247!8m2!3d28.078002!4d-16.7369153!16s%2Fg%2F11c6cqryw_?entry=ttu\" target=\"_blank\" rel=\"noopener\">Puerto Col\u00f3n<\/a>No cora\u00e7\u00e3o da vibrante vida marinha da Costa Adeje, o Gulliver espera por si para o levar numa viagem \u00edntima limitada a 12 convidados. Isto garante uma experi\u00eancia pessoal e exclusiva, quer esteja a navegar durante algumas horas ou a embarcar numa grande explora\u00e7\u00e3o.<\/p>\n<h4>\ud83c\udf0a <strong>Participe em actividades mar\u00edtimas sem paralelo<\/strong><\/h4>\n<p>No momento em que entra a bordo do Gulliver, a aventura chama-o. As \u00e1guas hipnotizantes de Tenerife tornam-se o seu parque de divers\u00f5es, oferecendo oportunidades ilimitadas de divers\u00e3o e descoberta. Mergulhe no abra\u00e7o refrescante do mar, navegue pelas ondas numa prancha de paddle ou explore o mundo subaqu\u00e1tico com o nosso equipamento de snorkeling topo de gama. Cada atividade foi concebida para tornar a sua aventura mar\u00edtima verdadeiramente inesquec\u00edvel, convidando-o a criar mem\u00f3rias que durar\u00e3o para toda a vida.<\/p>\n<h4>\ud83d\udc2c <strong>Eleg\u00e2ncia elevada a um valor excecional<\/strong><\/h4>\n<p>CanaryVIP eleva o <a href=\"https:\/\/canaryvip.com\/pt\/tenerife\/boat-hire-tenerife\/?swcfpc=1\">aluguer de iates<\/a> O Gulliver \u00e9 uma experi\u00eancia que combina luxo opulento com um valor imbat\u00edvel. Descubra uma aventura onde o pre\u00e7o acess\u00edvel se alia \u00e0 sofistica\u00e7\u00e3o, com tarifas competitivas que englobam todas as comodidades e servi\u00e7os necess\u00e1rios para uma viagem mar\u00edtima not\u00e1vel.<\/p>\n<h3>\ud83d\udd52 <strong>Escolha a sua aventura: Alugueres de um dia a estadias prolongadas<\/strong><\/h3>\n<ul>\n<li><b>Carta de 3,5 horas: <\/b>Procura uma forma f\u00e1cil e divertida de desfrutar do oceano? Este passeio privado de 3,5 horas \u00e9 perfeito para fam\u00edlias ou grupos que desejam uma introdu\u00e7\u00e3o descontra\u00edda \u00e0 deslumbrante costa de Tenerife. Nade, mergulhe com tubo de respira\u00e7\u00e3o e desfrute da brisa do mar enquanto aproveita ao m\u00e1ximo o nosso escorrega aqu\u00e1tico a bordo - um dos favoritos de mi\u00fados e gra\u00fados!<\/li>\n<li><b>Carta de 5 horas: <\/b><span style=\"font-weight: 400;\">Precisa de mais tempo para explorar? O charter de 5 horas oferece-lhe o equil\u00edbrio perfeito entre aventura e descontra\u00e7\u00e3o. Ir\u00e1 navegar ao longo da costa, ancorar em ba\u00edas escondidas e desfrutar de nata\u00e7\u00e3o, snorkeling e banhos de sol. Naturalmente, o escorrega aqu\u00e1tico est\u00e1 sempre pronto para uma divers\u00e3o extra na \u00e1gua. Ideal para aqueles que querem levar as coisas ao seu pr\u00f3prio ritmo.<\/span><\/li>\n<li><b>Charter de 7 horas - Viagem a Los Gigantes: <\/b><span style=\"font-weight: 400;\">Para um dia verdadeiramente inesquec\u00edvel no mar, o nosso charter de 7 horas leva-o at\u00e9 \u00e0s dram\u00e1ticas fal\u00e9sias de Los Gigantes - uma das maravilhas naturais mais emblem\u00e1ticas de Tenerife. Ao longo do caminho, ter\u00e1 muito tempo para nadar, mergulhar com tubo de respira\u00e7\u00e3o e desfrutar de cada canto desta viagem de cortar a respira\u00e7\u00e3o. O escorrega aqu\u00e1tico a bordo acrescenta um toque l\u00fadico, tornando-o um sucesso para grupos, fam\u00edlias ou casais que procuram conhecer Tenerife de uma perspetiva totalmente nova.<\/span><\/li>\n<\/ul>\n<h3>\u2705 <strong>Tudo o que precisa para um dia perfeito no mar<\/strong><\/h3>\n<ul>\n<li>Petiscos gourmet gratuitos e bebidas ilimitadas para todas as idades.<\/li>\n<li>Uma tripula\u00e7\u00e3o experiente e multilingue pronta a satisfazer todas as suas necessidades, incluindo uma empregada de mesa e um capit\u00e3o dedicados.<\/li>\n<li>Equipamento completo de snorkeling para aventuras subaqu\u00e1ticas.<\/li>\n<li>Tratamento VIP com assentos confort\u00e1veis e espa\u00e7o amplo para todos os convidados.<\/li>\n<\/ul>\n<h3>\ud83d\udccd <strong>Embarcar de Puerto Col\u00f3n: Sua porta de entrada para a aventura<\/strong><\/h3>\n<p>Localizado no Port\u00e3o 3, no movimentado cora\u00e7\u00e3o da Costa Adeje, Puerto Col\u00f3n \u00e9 o ponto de partida perfeito para a sua experi\u00eancia no Gulliver Yacht. Chegue apenas 15 minutos antes da partida programada para garantir um in\u00edcio tranquilo da sua aventura, com estacionamento conveniente dispon\u00edvel no porto para f\u00e1cil acesso.<\/p>\n<h4>\ud83d\udcdc <strong>Reservas sem esfor\u00e7o e pol\u00edticas claras para uma maior tranquilidade<\/strong><\/h4>\n<p>Embarcar numa aventura na Gulliver Yacht foi concebido para ser o mais simples poss\u00edvel, desde o momento da reserva at\u00e9 ao momento em que entra a bordo. O CanaryVIP d\u00e1 prioridade ao seu conforto e seguran\u00e7a, assegurando que todos os aspectos da sua viagem s\u00e3o tratados com clareza e cuidado.<\/p>\n<ul>\n<li><strong>Garantia meteorol\u00f3gica<\/strong>: Monitorizamos os mares para uma navega\u00e7\u00e3o tranquila. Em caso de condi\u00e7\u00f5es desfavor\u00e1veis, pode escolher entre um novo agendamento ou um reembolso total, garantindo a sua seguran\u00e7a e satisfa\u00e7\u00e3o em primeiro lugar.<\/li>\n<li><strong>Cancelamento flex\u00edvel<\/strong>: Os planos mudam, e n\u00f3s compreendemos. Cancele at\u00e9 5 dias antes da sua viagem para obter um reembolso total. Com menos de 5 dias de anteced\u00eancia, ou em caso de n\u00e3o compar\u00eancia, infelizmente, n\u00e3o pode ser reembolsado. Tenha em aten\u00e7\u00e3o que as taxas de processamento de pagamentos, equivalentes a 3% do pagamento total, n\u00e3o s\u00e3o reembols\u00e1veis em qualquer caso.<\/li>\n<li><strong>Bilhetes de acesso f\u00e1cil<\/strong>: Mantenha o seu cart\u00e3o de embarque \u00e0 m\u00e3o no seu telem\u00f3vel ou impresso para maior comodidade. Os nossos bilhetes digitais garantem que est\u00e1 pronto para zarpar sem problemas.<\/li>\n<li><strong>Cuidados abrangentes<\/strong>: Se n\u00e3o se sentir bem ou decidir terminar a sua viagem mais cedo, a nossa equipa est\u00e1 dispon\u00edvel para o ajudar, embora n\u00e3o seja poss\u00edvel efetuar reembolsos para estes casos.<\/li>\n<li><strong>Flexibilidade de pagamento<\/strong>: Escolha o m\u00e9todo de pagamento mais adequado para si.<\/li>\n<\/ul>\n<p><strong>\ud83c\udf0a\ud83c\udf1f\ud83d\udee5\ufe0f Reserve hoje mesmo a sua experi\u00eancia no Gulliver Yacht com a CanaryVIP e abra a porta para momentos inesquec\u00edveis no mar.<\/strong><\/p>","protected":false},"excerpt":{"rendered":"<p><strong>\ud83d\udd0d Carta de Gulliver:<\/strong><br \/>\n\u2705 Pagamento seguro.<br \/>\n\ud83d\udd10 Visitas privadas dispon\u00edveis.<br \/>\n<span>\ud83d\udc65 Passeios partilhados dispon\u00edveis.<\/span><br \/>\n\ud83d\udee5\ufe0f 20m Yacht Comfort.<br \/>\n\u23f3 Passeios di\u00e1rios de 3-9h.<br \/>\n\ud83d\udd59 Hor\u00e1rios de partida personaliz\u00e1veis.<br \/>\n\ud83c\udf74 Refei\u00e7\u00f5es e bebidas inclu\u00eddas.<br \/>\n\ud83d\udc65 At\u00e9 12 pessoas.<br \/>\n\ud83e\udd29 Insufl\u00e1veis divertidos.<br \/>\n\ud83d\udef6 Caiaques inclu\u00eddos.<br \/>\n\ud83d\udeb2 Bicicletas de \u00e1gua salgada.<br \/>\n\ud83d\udedd O derradeiro escorrega aqu\u00e1tico.<br \/>\n\ud83c\udfc4\u200d\u2640\ufe0f Inclui pranchas de paddle.<br \/>\n\ud83e\udd3f O equipamento de snorkel \u00e9 fornecido.<br \/>\n\ud83d\udd0a Reproduzir a sua m\u00fasica.<br \/>\n\ud83e\udd11 Melhor pre\u00e7o garantido.<br \/>\n\ud83d\udc6a  Descontos activados.<br \/>\n\ud83d\udd01 Cancelamento at\u00e9 5 dias.<br \/>\n\ud83c\udf0d Tripula\u00e7\u00e3o multilingue.<br \/>\n\ud83c\udf1f Reserve com anteced\u00eancia e poupe!<br \/>\n\ud83d\udccd Partida de\u00a0<a href=\"https:\/\/maps.app.goo.gl\/ocJuu7A8R1JWjPbS9\">Porto Colon<\/a>.<\/p>","protected":false},"featured_media":10114,"comment_status":"open","ping_status":"closed","template":"","meta":{"_acf_changed":false},"product_brand":[],"product_cat":[47],"product_tag":[],"class_list":{"0":"post-10109","1":"product","2":"type-product","3":"status-publish","4":"has-post-thumbnail","6":"product_cat-boat-hire-tenerife","7":"wcpa_has_options","9":"first","10":"instock","11":"sale","12":"virtual","13":"purchasable","14":"product-type-simple"},"acf":[],"wcpa_form_fields":{"wcpaData":{"product":{"product_price":895,"price_html":"From&nbsp;<del aria-hidden=\"true\"><span class=\"woocommerce-Price-amount amount\"><bdi>950,00&nbsp;<span class=\"woocommerce-Price-currencySymbol\">&euro;<\/span><\/bdi><\/span><\/del> <span class=\"screen-reader-text\">O pre\u00e7o original era: 950,00&nbsp;&euro;.<\/span><ins aria-hidden=\"true\"><span class=\"woocommerce-Price-amount amount\"><bdi>895,00&nbsp;<span class=\"woocommerce-Price-currencySymbol\">&euro;<\/span><\/bdi><\/span><\/ins><span class=\"screen-reader-text\">O pre\u00e7o atual \u00e9: 895,00&nbsp;&euro;.<\/span>","original_product_price":950,"price_including_tax":895,"price_excluding_tax":895,"product_id":{"parent":10109,"variation":false},"is_variable":false,"stock_status":"instock","stock_quantity":null,"parent_sku":"CV10109","product_attributes":[],"custom_fields":[],"is_taxable":false,"product_name":"Gulliver: Yacht Hire Tenerife","hasImage":false},"fields":{"sec_96638f078b8951":{"extra":{"key":"sec_96638f078b8951","section_id":"sec_96638f078b8951","name":"Default","status":1,"cl_rule":"show","enableCl":false,"relations":[],"toggle":true,"title_tag":"h3","show_title":false,"showPrice":"default","form_id":11398,"form_rules":{"exclude_from_discount":true,"fee_label":"Fee","disp_hide_options_price":true,"disp_show_section_price":false,"disp_show_field_price":true,"layout_option":"standard","pric_use_as_fee":false,"process_fee_as":"woo_fee"},"layout_option":"standard"},"fields":[[{"label":"\ud83d\udcc5 Date","active":true,"required":true,"elementId":"date_106638f078b8973","picker_type":"custom","picker_mode":"single","placeholder":"","description":"","tooltip":"","name":"date_106638f078b8973","label_position":"default","desc_position":"default","enablePrice":false,"className":"","enableCl":false,"relations":[{"operator":"and","rules":[{"operator":"AND","rules":{"cl_field":"radio-group_565c78ffa81208","cl_relation":"is","cl_val":"3 Hour Trip"}}]}],"date_pic_inline":true,"date_pic_inline_hide":true,"min_date":{"type":"days","val":"1"},"max_date":{"type":"days","val":"365"},"date_pic_conf":{"disabledWeeks":[],"disabledDates":["2024-06-30","2024-07-25","2024-11-28 to 2024-12-04","2025-03-29"]},"price":"","cl_rule":"show","col":6,"type":"date","error":false,"enableDesign":false,"LabelColor":"","gt_translate_keys":["label","placeholder","description","tooltip"],"price_dependency":false,"cl_dependency":false,"value":""}],[{"elementId":"separator_66638f078b898d","separatorType":"blank","className":"","height":"3","enableCl":false,"relations":false,"cl_rule":"show","col":6,"type":"separator","error":false,"gt_translate_keys":[],"price_dependency":false,"cl_dependency":false,"value":""}],[{"active":true,"col":6,"relations":false,"cl_rule":"show","enableCl":false,"price":"","enablePrice":true,"className":"","label_position":"default","desc_position":"default","type":"select","required":true,"elementId":"select_96638f078b8998","label":"\u23f3 Trip Duration","name":"select_96638f078b8998","values":[{"label":"3.5 Hours (895\u20ac)","value":"3","selected":false,"tempId":"aco_556","price":"895","gt_translate_keys":["label"]},{"label":"5 Hours (1.200\u20ac)","value":"5","selected":false,"tempId":"aco_141","price":"1200","gt_translate_keys":["label"]},{"label":"7 Hours (1.750\u20ac)","value":"7","selected":false,"tempId":"aco_151","price":"1750","gt_translate_keys":["label"]}],"dropdown_type":"basic","error":false,"placeholder":"Select Trip Duration","priceOptions":"different_for_all","pricingType":"fixed","is_show_price":false,"gt_translate_keys":["label","placeholder"],"price_dependency":false,"cl_dependency":false,"value":""}],[{"active":true,"col":6,"relations":false,"cl_rule":"show","enableCl":false,"price":"","enablePrice":true,"className":"","label_position":"default","desc_position":"default","type":"select","required":false,"elementId":"select_0041641856","label":"\ud83d\udca6 Add jet-skis?","name":"select_0041641856","values":[{"label":"2 JetSkis for 1 Hour (500\u20ac)","value":"2 x JetSki for 1 Hour","selected":false,"tempId":"aco_2502","price":"500","gt_translate_keys":["label"]},{"label":"1 JetSki for 2 Hours (500\u20ac)","value":"1 x JetSki for 2 Hours","selected":false,"tempId":"aco_2503","price":"500","gt_translate_keys":["label"]},{"label":"2 JetSkis for 2 Hours (800\u20ac)","value":"2 x JetSki for 2 Hours","selected":false,"tempId":"aco_2927","price":"800","gt_translate_keys":["label"]}],"dropdown_type":"basic","error":false,"description":"Private JetSki tour from the boat with a JetSki instructor.","placeholder":"None","priceOptions":"different_for_all","pricingType":"fixed","is_show_price":false,"isWeightTemplate":false,"isTemplate":false,"min_quantity":"1","quantity_decimal":false,"quantity_step":"1","quantity_label":"Quantity","repeater_field_label":"{field_label}","repeater_bind":"","gt_translate_keys":["label","placeholder","description","repeater_field_label","quantity_label"],"price_dependency":false,"cl_dependency":false,"value":""}],[{"elementId":"separator_16638f078b89f1","separatorType":"blank","className":"","height":"1","enableCl":false,"relations":false,"cl_rule":"show","col":6,"type":"separator","error":false,"gt_translate_keys":[],"price_dependency":false,"cl_dependency":false,"value":""}],[{"active":true,"col":6,"relations":[{"operator":false,"rules":[{"operator":"AND","rules":{"cl_field":"radio-group_565c78ffa81208","cl_relation":"is","cl_val":"3 Hour Trip"}}]}],"cl_rule":"show","enableCl":false,"price":"","enablePrice":false,"className":"","label_position":"default","desc_position":"default","type":"select","required":false,"elementId":"select_76638f078b89d4","label":"\u23f0 Departure Time","name":"select_76638f078b89d4","values":[{"label":"10:00","value":"10:00","selected":false,"tempId":"aco_1472","gt_translate_keys":["label"]},{"label":"14:00 (2:00 PM)","value":"14:00","selected":false,"tempId":"aco_1728","gt_translate_keys":["label"]},{"label":"17:30 (5:30 PM)","value":"17:30","selected":false,"tempId":"aco_28","gt_translate_keys":["label"]}],"dropdown_type":"basic","error":false,"placeholder":"Whichever Time is Best","gt_translate_keys":["label","placeholder"],"price_dependency":false,"cl_dependency":false,"value":""}],[{"elementId":"separator-2954713577","separatorType":"blank","className":"","height":"1","enableCl":false,"relations":false,"cl_rule":"show","col":6,"type":"separator","gt_translate_keys":[],"price_dependency":false,"cl_dependency":false,"value":""}],[{"label":"\u2705 Number of People","active":true,"required":true,"elementId":"select_76638f078b89e7","dropdown_type":"basic","placeholder":"Select Number of People","name":"select_76638f078b89e7","label_position":"default","desc_position":"default","enablePrice":true,"className":"","enableCl":false,"relations":[{"operator":false,"rules":[{"operator":"AND","rules":{"cl_field":"radio-group_565c78ffa81208","cl_relation":"is","cl_val":"3 Hour Trip"}}]}],"values":[{"label":"1 person","value":"1","selected":false,"tempId":"aco_1471","gt_translate_keys":["label"]},{"label":"2 people","value":"2","selected":false,"tempId":"aco_1472","gt_translate_keys":["label"]},{"label":"3 people (+10\u20ac)","value":"3","selected":false,"tempId":"aco_1500","price":"10","gt_translate_keys":["label"]},{"label":"4 people (+20\u20ac)","value":"4","selected":false,"tempId":"aco_1510","price":"20","gt_translate_keys":["label"]},{"label":"5 people (+30\u20ac)","value":"5","selected":false,"tempId":"aco_1520","price":"30","gt_translate_keys":["label"]},{"label":"6 people (+40\u20ac)","value":"6","selected":false,"tempId":"aco_1728","price":"40","gt_translate_keys":["label"]},{"label":"7 people (+50\u20ac)","value":"7","selected":false,"tempId":"aco_1738","price":"50","gt_translate_keys":["label"]},{"label":"8 people (+60\u20ac)","value":"8","selected":false,"tempId":"aco_1748","price":"60","gt_translate_keys":["label"]},{"label":"9 people (+70\u20ac)","value":"9","selected":false,"tempId":"aco_1912","price":"70","gt_translate_keys":["label"]},{"label":"10 people (+80\u20ac)","value":"10","selected":false,"tempId":"aco_1922","price":"80","gt_translate_keys":["label"]},{"label":"11 People (+90\u20ac)","value":"11","selected":false,"tempId":"aco_19","price":"90","gt_translate_keys":["label"]},{"label":"12 People (+100\u20ac)","value":"12","selected":false,"tempId":"aco_29","price":"100","gt_translate_keys":["label"]}],"price":"","cl_rule":"show","col":6,"type":"select","error":false,"priceOptions":"different_for_all","pricingType":"fixed","gt_translate_keys":["label","placeholder"],"price_dependency":false,"cl_dependency":false,"value":""}],[{"elementId":"separator_26638f078b89de","separatorType":"blank","className":"","height":"1","enableCl":false,"relations":false,"cl_rule":"show","col":6,"type":"separator","gt_translate_keys":[],"price_dependency":false,"cl_dependency":false,"value":""}]]}},"config":{"price_override":"always","enable_recaptcha":false,"bind_quantity":false,"quantity_bind_formula":false,"disp_summ_show_option_price":true,"disp_summ_show_product_price":false,"disp_summ_show_total_price":true,"disp_summ_show_fee":true,"disp_summ_show_discount":true,"summary_title":"","options_total_label":"Options Price","total_label":"Total Amount","options_product_label":"Product Price","fee_label":"Fee","discount_label":"Discount","has_price":true,"has_quantity_formula":false},"mc_unit":1,"tax_rate":1,"tax_rate_real":1,"discount":{"percentage":0,"fixed":0},"design":{"conf":{"LabelPosition":"above","DescPosition":"above","UploadField":"custom_1","QuantityFieldStyle":"custom_1"},"css":{"LeftLabelWidth":"120px"}},"formulas":{"fmla_1708360988969136756":"(({field.select_56638eb5b235ae.value}>=3)?(1200):(({field.select_56638eb5b235ae.value}>=2)?(850):(({field.select_56638eb5b235ae.value}>=1)?(540):(0))))","fmla_1708364241278155361":"(({field.select_5841412719.value}>=8)?({field.select_5841412719.price}):(({field.select_5841412719.value}>=5)?({field.select_5841412719.price}):(({field.select_5841412719.value}>=3)?({field.select_5841412719.price}):(0))))"},"lookuptables":[],"clones":false,"cartKey":false}},"_links":{"self":[{"href":"https:\/\/canaryvip.com\/pt\/wp-json\/wp\/v2\/product\/10109","targetHints":{"allow":["GET"]}}],"collection":[{"href":"https:\/\/canaryvip.com\/pt\/wp-json\/wp\/v2\/product"}],"about":[{"href":"https:\/\/canaryvip.com\/pt\/wp-json\/wp\/v2\/types\/product"}],"replies":[{"embeddable":true,"href":"https:\/\/canaryvip.com\/pt\/wp-json\/wp\/v2\/comments?post=10109"}],"wp:featuredmedia":[{"embeddable":true,"href":"https:\/\/canaryvip.com\/pt\/wp-json\/wp\/v2\/media\/10114"}],"wp:attachment":[{"href":"https:\/\/canaryvip.com\/pt\/wp-json\/wp\/v2\/media?parent=10109"}],"wp:term":[{"taxonomy":"product_brand","embeddable":true,"href":"https:\/\/canaryvip.com\/pt\/wp-json\/wp\/v2\/product_brand?post=10109"},{"taxonomy":"product_cat","embeddable":true,"href":"https:\/\/canaryvip.com\/pt\/wp-json\/wp\/v2\/product_cat?post=10109"},{"taxonomy":"product_tag","embeddable":true,"href":"https:\/\/canaryvip.com\/pt\/wp-json\/wp\/v2\/product_tag?post=10109"}],"curies":[{"name":"wp","href":"https:\/\/api.w.org\/{rel}","templated":true}]}}