{"id":14002,"date":"2025-03-19T21:07:11","date_gmt":"2025-03-19T21:07:11","guid":{"rendered":"https:\/\/canaryvip.com\/?page_id=14002"},"modified":"2025-07-29T17:08:42","modified_gmt":"2025-07-29T16:08:42","slug":"legal-notice","status":"publish","type":"page","link":"https:\/\/canaryvip.com\/pt\/legal-notice\/","title":{"rendered":"Aviso legal"},"content":{"rendered":"<h2>1. IDENTIFICA\u00c7\u00c3O DO PRESTADOR DE SERVI\u00c7OS<\/h2>\n<p>De acordo com a Lei 34\/2002, de 11 de julho, sobre Servi\u00e7os da Sociedade da Informa\u00e7\u00e3o e Com\u00e9rcio Eletr\u00f3nico (LSSI-CE), s\u00e3o fornecidas as seguintes informa\u00e7\u00f5es:<\/p>\n<h2><img decoding=\"async\" class=\"alignnone wp-image-15255\" src=\"https:\/\/canaryvip.com\/wp-content\/uploads\/2025\/07\/canaryvipcompany.png\" alt=\"CanaryVIP\" width=\"400\" height=\"145\" title=\"\" srcset=\"https:\/\/canaryvip.com\/wp-content\/uploads\/2025\/07\/canaryvipcompany.png 772w, https:\/\/canaryvip.com\/wp-content\/uploads\/2025\/07\/canaryvipcompany-300x109.png 300w, https:\/\/canaryvip.com\/wp-content\/uploads\/2025\/07\/canaryvipcompany-18x7.png 18w, https:\/\/canaryvip.com\/wp-content\/uploads\/2025\/07\/canaryvipcompany-600x218.png 600w\" sizes=\"(max-width: 400px) 100vw, 400px\" \/><\/h2>\n<h2>2. OBJECTIVO DESTE S\u00cdTIO WEB<\/h2>\n<p>CanaryVIP.com \u00e9 uma plataforma em linha dedicada a oferecer excurs\u00f5es, passeios e experi\u00eancias nas Ilhas Can\u00e1rias. Os utilizadores podem navegar, reservar e comprar actividades atrav\u00e9s do s\u00edtio Web.<\/p>\n<h2>3. TERMOS DE UTILIZA\u00c7\u00c3O<\/h2>\n<h3>3.1. Responsabilidade do utilizador<\/h3>\n<p>O utilizador compromete-se a fazer uma utiliza\u00e7\u00e3o adequada do s\u00edtio web e dos seus conte\u00fados. \u00c9 proibida a pr\u00e1tica de actividades ilegais ou ac\u00e7\u00f5es que possam prejudicar o CanaryVIP.com ou terceiros.<\/p>\n<h3>3.2. Exatid\u00e3o das informa\u00e7\u00f5es<\/h3>\n<p>Embora nos esforcemos por garantir que todas as informa\u00e7\u00f5es no nosso s\u00edtio Web sejam exactas e actualizadas, o CanaryVIP.com n\u00e3o garante que todas as descri\u00e7\u00f5es, pre\u00e7os e disponibilidade de servi\u00e7os estejam isentos de erros. Reservamo-nos o direito de corrigir quaisquer imprecis\u00f5es ou atualizar o conte\u00fado sem aviso pr\u00e9vio.<\/p>\n<h3>3.3. Liga\u00e7\u00f5es externas<\/h3>\n<p>Este s\u00edtio Web pode conter liga\u00e7\u00f5es a s\u00edtios Web de terceiros. CanaryVIP.com n\u00e3o tem controlo sobre estes sites externos e n\u00e3o \u00e9 respons\u00e1vel pelo seu conte\u00fado ou pol\u00edticas de privacidade. A inclus\u00e3o de links n\u00e3o implica o endosso de CanaryVIP.com.<\/p>\n<h2>4. PROPRIEDADE INTELECTUAL<\/h2>\n<p>Todo o conte\u00fado do CanaryVIP.com, incluindo mas n\u00e3o limitado a texto, imagens, v\u00eddeos, gr\u00e1ficos, log\u00f3tipos e software, \u00e9 propriedade do CanaryVIP.com ou dos seus fornecedores de conte\u00fado e est\u00e1 protegido por leis de propriedade intelectual. O uso n\u00e3o autorizado, reprodu\u00e7\u00e3o ou distribui\u00e7\u00e3o de qualquer conte\u00fado \u00e9 estritamente proibido sem autoriza\u00e7\u00e3o pr\u00e9via por escrito do CanaryVIP.com.<\/p>\n<h2>5. LIMITA\u00c7\u00c3O DA RESPONSABILIDADE<\/h2>\n<p>CanaryVIP.com n\u00e3o pode ser responsabilizado por:<\/p>\n<ul>\n<li>Quaisquer interrup\u00e7\u00f5es ou falhas t\u00e9cnicas que afectem o acesso ao s\u00edtio Web devido a causas externas.<\/li>\n<li>Erros nas informa\u00e7\u00f5es fornecidas por terceiros fornecedores de excurs\u00f5es e actividades.<\/li>\n<li>O incumprimento, por parte dos utilizadores, das pol\u00edticas de reserva e cancelamento descritas nos Termos e Condi\u00e7\u00f5es.<\/li>\n<li>Quaisquer danos causados pela utiliza\u00e7\u00e3o indevida do s\u00edtio Web pelos utilizadores.<\/li>\n<\/ul>\n<h2>6. PROTEC\u00c7\u00c3O DE DADOS<\/h2>\n<p class=\"translation-block\">A recolha e o tratamento dos dados pessoais cumprem o <strong>Regulamento Geral de Prote\u00e7\u00e3o de Dados (RGPD)<\/strong> e a <strong>Lei Org\u00e2nica 3\/2018 de Prote\u00e7\u00e3o de Dados Pessoais e Garantia dos Direitos Digitais (LOPDGDD)<\/strong>. Para mais informa\u00e7\u00f5es, consulte a nossa <a href=\"https:\/\/canaryvip.com\/pt\/privacy-policy\/\" target=\"_self\">Pol\u00edtica de Privacidade<\/a>.<\/p>\n<h2>7. ALTERA\u00c7\u00d5ES AO PRESENTE AVISO LEGAL<\/h2>\n<p>CanaryVIP.com reserva-se o direito de modificar este Aviso Legal a qualquer momento para refletir mudan\u00e7as na lei ou pr\u00e1ticas comerciais. Os utilizadores devem rever regularmente esta p\u00e1gina para se manterem informados sobre as actualiza\u00e7\u00f5es.<\/p>\n<h2>8. LEGISLA\u00c7\u00c3O APLIC\u00c1VEL E JURISDI\u00c7\u00c3O<\/h2>\n<p class=\"translation-block\">O presente Aviso Legal rege-se pela legisla\u00e7\u00e3o espanhola. Quaisquer lit\u00edgios decorrentes da utiliza\u00e7\u00e3o deste s\u00edtio Web ser\u00e3o submetidos \u00e0 jurisdi\u00e7\u00e3o dos <strong>tribunais de Santa Cruz de Tenerife, Espanha<\/strong>, salvo disposi\u00e7\u00e3o em contr\u00e1rio da regulamenta\u00e7\u00e3o aplic\u00e1vel em mat\u00e9ria de consumo.<\/p>\n<p>Para quaisquer quest\u00f5es sobre este Aviso Legal, contacte-nos atrav\u00e9s de <strong>info@canaryvip.com<\/strong>.<\/p>","protected":false},"excerpt":{"rendered":"<p>1. IDENTIFICA\u00c7\u00c3O DO PRESTADOR DE SERVI\u00c7OS De acordo com a Lei 34\/2002, de 11 de julho, sobre Servi\u00e7os da Sociedade da Informa\u00e7\u00e3o e Com\u00e9rcio Eletr\u00f3nico (LSSI-CE), s\u00e3o fornecidas as seguintes informa\u00e7\u00f5es: 2. OBJECTIVO DESTE WEBSITE CanaryVIP.com \u00e9 uma plataforma online dedicada a oferecer excurs\u00f5es, passeios e experi\u00eancias nas Ilhas Can\u00e1rias. Os utilizadores podem navegar, reservar e comprar actividades...<\/p>","protected":false},"author":1,"featured_media":0,"parent":0,"menu_order":0,"comment_status":"closed","ping_status":"closed","template":"","meta":{"_acf_changed":false,"footnotes":""},"class_list":["post-14002","page","type-page","status-publish","hentry"],"acf":[],"_links":{"self":[{"href":"https:\/\/canaryvip.com\/pt\/wp-json\/wp\/v2\/pages\/14002","targetHints":{"allow":["GET"]}}],"collection":[{"href":"https:\/\/canaryvip.com\/pt\/wp-json\/wp\/v2\/pages"}],"about":[{"href":"https:\/\/canaryvip.com\/pt\/wp-json\/wp\/v2\/types\/page"}],"author":[{"embeddable":true,"href":"https:\/\/canaryvip.com\/pt\/wp-json\/wp\/v2\/users\/1"}],"replies":[{"embeddable":true,"href":"https:\/\/canaryvip.com\/pt\/wp-json\/wp\/v2\/comments?post=14002"}],"version-history":[{"count":8,"href":"https:\/\/canaryvip.com\/pt\/wp-json\/wp\/v2\/pages\/14002\/revisions"}],"predecessor-version":[{"id":15258,"href":"https:\/\/canaryvip.com\/pt\/wp-json\/wp\/v2\/pages\/14002\/revisions\/15258"}],"wp:attachment":[{"href":"https:\/\/canaryvip.com\/pt\/wp-json\/wp\/v2\/media?parent=14002"}],"curies":[{"name":"wp","href":"https:\/\/api.w.org\/{rel}","templated":true}]}}