{"id":13824,"date":"2025-02-24T13:59:27","date_gmt":"2025-02-24T13:59:27","guid":{"rendered":"https:\/\/canaryvip.com\/?page_id=13824"},"modified":"2025-02-24T15:06:00","modified_gmt":"2025-02-24T15:06:00","slug":"about-us","status":"publish","type":"page","link":"https:\/\/canaryvip.com\/pt\/about-us\/","title":{"rendered":"Sobre n\u00f3s"},"content":{"rendered":"<section class=\"l-section wpb_row height_medium width_custom\" style=\"--site-content-width:700px;\"><div class=\"l-section-h i-cf\"><div class=\"g-cols vc_row via_flex valign_top type_default stacking_default\"><div class=\"vc_col-sm-12 wpb_column vc_column_container\"><div class=\"vc_column-inner\"><div class=\"wpb_wrapper\"><h1 class=\"w-text\"><span class=\"w-text-h\"><span class=\"w-text-value\">Sobre n\u00f3s - CanaryVIP<\/span><\/span><\/h1><h2 class=\"w-text us_custom_fe162ea1\"><span class=\"w-text-h\"><span class=\"w-text-value\">Quem somos<\/span><\/span><\/h2><div class=\"wpb_text_column\"><div class=\"wpb_wrapper\"><p>CanaryVIP \u00e9 uma plataforma online dedicada a oferecer as melhores actividades e excurs\u00f5es nas Ilhas Can\u00e1rias. Como parte da Tu Nido Tenerife, uma das principais ag\u00eancias imobili\u00e1rias de Tenerife, com mais de 20 anos de experi\u00eancia no sector imobili\u00e1rio e na constru\u00e7\u00e3o de propriedades, temos vindo a oferecer experi\u00eancias inesquec\u00edveis nas Ilhas Can\u00e1rias desde 2010.<\/p>\n<\/div><\/div><\/div><\/div><\/div><div class=\"vc_col-sm-12 wpb_column vc_column_container\"><div class=\"vc_column-inner\"><div class=\"wpb_wrapper\"><h2 class=\"w-text us_custom_9d8033b1\"><span class=\"w-text-h\"><span class=\"w-text-value\">A nossa viagem<\/span><\/span><\/h2><div class=\"wpb_text_column\"><div class=\"wpb_wrapper\"><p data-pm-slice=\"1 1 &#091;&#093;\"><span>A nossa empresa dedica-se \u00e0 constru\u00e7\u00e3o em Tenerife desde 2003, construindo uma base s\u00f3lida no sector imobili\u00e1rio. Em 2010, expandimos os nossos servi\u00e7os sob o nome Tu Nido Tenerife, operando a partir de um escrit\u00f3rio em Playa Fa\u00f1ab\u00e9. Com o crescimento da nossa atividade, mud\u00e1mos para a Plaza Fa\u00f1ab\u00e9 e mais tarde expandimos com um segundo escrit\u00f3rio em Vista Sur. Atualmente, a nossa nova sede est\u00e1 localizada em Madro\u00f1al de Fa\u00f1ab\u00e9, onde operam tanto a Tu Nido Tenerife como a CanaryVIP, continuando a prestar servi\u00e7os de primeira qualidade aos nossos clientes.<\/span><\/p>\n<\/div><\/div><\/div><\/div><\/div><div class=\"vc_col-sm-12 wpb_column vc_column_container\"><div class=\"vc_column-inner\"><div class=\"wpb_wrapper\"><div class=\"w-image us_custom_af6a9b6a align_none\"><div class=\"w-image-h\"><img decoding=\"async\" width=\"1024\" height=\"683\" src=\"https:\/\/canaryvip.com\/wp-content\/uploads\/2025\/02\/TuNido-Office_Web-1.webp\" class=\"attachment-large size-large\" alt=\"Escrit\u00f3rio\" loading=\"lazy\" srcset=\"https:\/\/canaryvip.com\/wp-content\/uploads\/2025\/02\/TuNido-Office_Web-1.webp 1024w, https:\/\/canaryvip.com\/wp-content\/uploads\/2025\/02\/TuNido-Office_Web-1-300x200.webp 300w, https:\/\/canaryvip.com\/wp-content\/uploads\/2025\/02\/TuNido-Office_Web-1-18x12.webp 18w, https:\/\/canaryvip.com\/wp-content\/uploads\/2025\/02\/TuNido-Office_Web-1-600x400.webp 600w\" sizes=\"auto, (max-width: 1024px) 100vw, 1024px\" title=\"\"><\/div><\/div><h2 class=\"w-text us_custom_9d8033b1\"><span class=\"w-text-h\"><span class=\"w-text-value\">O nascimento do CanaryVIP<\/span><\/span><\/h2><div class=\"wpb_text_column\"><div class=\"wpb_wrapper\"><p data-pm-slice=\"1 1 &#091;&#093;\"><span>Em 2024, tom\u00e1mos a decis\u00e3o estrat\u00e9gica de separar o nosso neg\u00f3cio de actividades e excurs\u00f5es da Tu Nido Tenerife, dando origem \u00e0 CanaryVIP como uma marca aut\u00f3noma exclusivamente dedicada a experi\u00eancias tur\u00edsticas nas Ilhas Can\u00e1rias. Embora a Tu Nido Tenerife continue a ser um nome bem estabelecido no sector <a href=\"https:\/\/www.tunidotenerife.com\/en\/inmobiliaria-tenerife\/\" target=\"_blank\" rel=\"noopener\">imobili\u00e1rio Tenerife<\/a> sector, <strong>CanaryVIP<\/strong> tornou-se rapidamente uma marca l\u00edder online, tornando mais f\u00e1cil do que nunca para os visitantes reservarem actividades, passeios e aventuras incr\u00edveis nas ilhas.<\/span><\/p>\n<\/div><\/div><div class=\"w-html us_custom_af6a9b6a\"><iframe src=\"https:\/\/www.google.com\/maps\/embed?pb=!1m18!1m12!1m3!1d5215.387122659485!2d-16.72642792321668!3d28.09472697596261!2m3!1f0!2f0!3f0!3m2!1i1024!2i768!4f13.1!3m3!1m2!1s0xc6a996288a2335b%3A0x6e5358268b00a79!2sCanaryVIP%20-%20Tours%20and%20Excursions!5e1!3m2!1sen!2ses!4v1740406697434!5m2!1sen!2ses\" width=\"700\" height=\"300\" style=\"border:0;\" allowfullscreen=\"\" loading=\"lazy\" referrerpolicy=\"no-referrer-when-downgrade\"><\/iframe><\/div><\/div><\/div><\/div><div class=\"vc_col-sm-12 wpb_column vc_column_container\"><div class=\"vc_column-inner\"><div class=\"wpb_wrapper\"><h2 class=\"w-text us_custom_9d8033b1\"><span class=\"w-text-h\"><span class=\"w-text-value\">A nossa miss\u00e3o<\/span><\/span><\/h2><div class=\"wpb_text_column\"><div class=\"wpb_wrapper\"><p data-pm-slice=\"1 1 &#091;&#093;\"><span>Na CanaryVIP, somos apaixonados por proporcionar experi\u00eancias \u00fanicas e de alta qualidade que mostram o melhor das Ilhas Can\u00e1rias. Quer esteja \u00e0 procura de passeios de barco, desportos aqu\u00e1ticos, caminhadas ou excurs\u00f5es privadas exclusivas, garantimos uma viagem inesquec\u00edvel adaptada \u00e0s suas necessidades.<\/span><\/p>\n<\/div><\/div><div class=\"w-separator size_medium\"><\/div><\/div><\/div><\/div><\/div><\/div><\/section>","protected":false},"excerpt":{"rendered":"Sobre n\u00f3s - CanaryVIPQuem somosCanaryVIP \u00e9 uma plataforma online dedicada a oferecer as melhores actividades e excurs\u00f5es nas Ilhas Can\u00e1rias. Como parte da Tu Nido Tenerife, uma das principais ag\u00eancias imobili\u00e1rias de Tenerife, com mais de 20 anos de experi\u00eancia no sector imobili\u00e1rio e na constru\u00e7\u00e3o de propriedades, temos vindo a oferecer...","protected":false},"author":1,"featured_media":0,"parent":0,"menu_order":0,"comment_status":"closed","ping_status":"closed","template":"","meta":{"_acf_changed":false,"footnotes":""},"class_list":["post-13824","page","type-page","status-publish","hentry"],"acf":[],"_links":{"self":[{"href":"https:\/\/canaryvip.com\/pt\/wp-json\/wp\/v2\/pages\/13824","targetHints":{"allow":["GET"]}}],"collection":[{"href":"https:\/\/canaryvip.com\/pt\/wp-json\/wp\/v2\/pages"}],"about":[{"href":"https:\/\/canaryvip.com\/pt\/wp-json\/wp\/v2\/types\/page"}],"author":[{"embeddable":true,"href":"https:\/\/canaryvip.com\/pt\/wp-json\/wp\/v2\/users\/1"}],"replies":[{"embeddable":true,"href":"https:\/\/canaryvip.com\/pt\/wp-json\/wp\/v2\/comments?post=13824"}],"version-history":[{"count":5,"href":"https:\/\/canaryvip.com\/pt\/wp-json\/wp\/v2\/pages\/13824\/revisions"}],"predecessor-version":[{"id":13832,"href":"https:\/\/canaryvip.com\/pt\/wp-json\/wp\/v2\/pages\/13824\/revisions\/13832"}],"wp:attachment":[{"href":"https:\/\/canaryvip.com\/pt\/wp-json\/wp\/v2\/media?parent=13824"}],"curies":[{"name":"wp","href":"https:\/\/api.w.org\/{rel}","templated":true}]}}