{"id":9834,"date":"2024-02-15T22:11:39","date_gmt":"2024-02-15T22:11:39","guid":{"rendered":"https:\/\/canaryvip.com\/?post_type=product&#038;p=9834"},"modified":"2025-08-09T12:53:55","modified_gmt":"2025-08-09T11:53:55","slug":"forestal-park-tenerife","status":"publish","type":"product","link":"https:\/\/canaryvip.com\/pl\/shop\/forestal-park-tenerife\/","title":{"rendered":"Forestal Park Teneryfa"},"content":{"rendered":"<h2><strong>Forestal Park na Teneryfie: Zanurz si\u0119 w naturalnym placu zabaw!<\/strong><\/h2>\n<p>Rozpocznij przygod\u0119 jak \u017cadna inna w <strong>Forestal Park Tenerife,<\/strong> gdzie dreszczyk emocji na \u015bwie\u017cym powietrzu spotyka si\u0119 ze spokojnym pi\u0119knem stuletnich las\u00f3w sosnowych. Do\u015bwiadcz emocji zwi\u0105zanych z poruszaniem si\u0119 po najwi\u0119kszym parku linowym i przygodowym na Wyspach Kanaryjskich. Z ponad 90 unikalnymi wyzwaniami na du\u017cych wysoko\u015bciach, w tym wisz\u0105cymi mostami, sieciami, lianami i zapieraj\u0105cymi dech w piersiach liniami zip, tw\u00f3j duch przygody wzniesie si\u0119 na nowe wy\u017cyny.<\/p>\n<h3><strong>Dlaczego warto wybra\u0107 nasz\u0105 przygod\u0119?<\/strong><\/h3>\n<ul>\n<li><strong>Gwarantowana zabawa:<\/strong> Zabezpiecz swoje miejsce, dokonuj\u0105c rezerwacji z wyprzedzeniem i unikaj\u0105c rozczarowania zwi\u0105zanego z pe\u0142nym parkiem.<\/li>\n<li><strong>Ekskluzywne rabaty:<\/strong> Korzystaj z ekskluzywnych zni\u017cek, rezerwuj\u0105c z nami swoj\u0105 kolejn\u0105 przygod\u0119!<\/li>\n<li><strong>Elastyczne plany:<\/strong> Zmiana plan\u00f3w? Nasza \u0142agodna polityka anulowania zapewnia ochron\u0119.<\/li>\n<li><strong>Porady poufnych informacji:<\/strong> Skorzystaj z naszych do\u015bwiadcze\u0144 z pierwszej r\u0119ki i rekomendacji dotycz\u0105cych najlepszych przyg\u00f3d.<\/li>\n<\/ul>\n<h3><strong>Budowanie zespo\u0142u i przygody grupowe<\/strong><\/h3>\n<p>Podnie\u015b poziom kole\u017ce\u0144stwa i nawi\u0105\u017c trwa\u0142e wi\u0119zi w dowolnej grupie dzi\u0119ki naszym r\u00f3\u017cnorodnym przygodom integracyjnym. <strong>Forestal Park Teneryfa<\/strong> oferuje charakterystyczne t\u0142o idealne do wzmocnienia ducha zespo\u0142u w\u015br\u00f3d <strong>grupy korporacyjne,<\/strong>\u00a0\u015awi\u0119towanie wyj\u0105tkowych chwil z <strong>przyjaci\u00f3\u0142,<\/strong>\u00a0Oznaczanie kamieni milowych, takich jak <strong>urodziny,<\/strong>\u00a0lub przynosz\u0105c <strong>du\u017ce spotkania rodzinne<\/strong> bli\u017cej siebie.<\/p>\n<p>bli\u017cej siebie. Nasze starannie opracowane wyzwania nie tylko zapewniaj\u0105 rozrywk\u0119, ale tak\u017ce promuj\u0105 prac\u0119 zespo\u0142ow\u0105, komunikacj\u0119 oraz wsp\u00f3lne poczucie triumfu i jedno\u015bci we wszystkich typach grup. Niezale\u017cnie od tego, czy chcesz wzmocni\u0107 zespo\u0142y korporacyjne, stworzy\u0107 niezapomniane wspomnienia urodzinowe, zjednoczy\u0107 przyjaci\u00f3\u0142 w przygodzie, czy te\u017c zebra\u0107 wi\u0119ksze rodziny na dzie\u0144 zabawy, nasz park zapewnia integracyjne, anga\u017cuj\u0105ce i niezapomniane wra\u017cenia dla wszystkich.<\/p>\n<h3><strong>\ud83d\udee0\ufe0f Przygotowanie do przygody<\/strong><\/h3>\n<ul>\n<li><strong>Zarezerwuj z wyprzedzeniem:<\/strong> Zagwarantuj sobie wst\u0119p, dokonuj\u0105c rezerwacji z wyprzedzeniem.<\/li>\n<li><strong>Wskaz\u00f3wki dotycz\u0105ce przyjazdu<\/strong>: Po\u0142o\u017cony w La Esperanza, radzimy go\u015bciom przebywaj\u0105cym na Teneryfie Po\u0142udniowej, aby skrupulatnie zaplanowali swoj\u0105 wizyt\u0119 z wyprzedzeniem, poniewa\u017c podr\u00f3\u017c samochodem zajmuje co najmniej 1 godzin\u0119. Nale\u017cy wzi\u0105\u0107 pod uwag\u0119 potencjalne op\u00f3\u017anienia spowodowane przez lokalnych rowerzyst\u00f3w i warunki na g\u00f3rskich drogach, aby zapewni\u0107 sprawny i terminowy przyjazd.<\/li>\n<li><strong>Str\u00f3j po prawej stronie:<\/strong> Za\u0142\u00f3\u017c odpowiedni\u0105 odzie\u017c na aktywny dzie\u0144 na \u015bwie\u017cym powietrzu.<\/li>\n<li><strong>Wizyta wst\u0119pna:<\/strong> Zamelduj si\u0119 30 minut przed dokonaniem rezerwacji, aby zapozna\u0107 si\u0119 z udogodnieniami parku.<\/li>\n<\/ul>\n<h3><strong>Przygoda czeka na ka\u017cdym rogu<\/strong><\/h3>\n<ul>\n<li><strong>R\u00f3\u017cnorodne wyzwania:<\/strong> Od spokojnych spacer\u00f3w po ekstremalne emocje, nasz park zaspokoi wszystkie poziomy poszukiwaczy przyg\u00f3d.<\/li>\n<li><strong>Sta\u0142e bezpiecze\u0144stwo:<\/strong> Nasz profesjonalny zesp\u00f3\u0142 zapewnia bezpieczne po\u0142\u0105czenie przez ca\u0142y czas, aby\u015b m\u00f3g\u0142 cieszy\u0107 si\u0119 bez obaw.<\/li>\n<li><strong>Wi\u0119cej do odkrycia:<\/strong> Odkryj szeroki wachlarz przyg\u00f3d, kt\u00f3re Teneryfa ma do zaoferowania poza koronami drzew.<\/li>\n<\/ul>\n<h3><strong>\ud83c\udfde\ufe0f Cechy naszego parku zewn\u0119trznego<\/strong><\/h3>\n<ul>\n<li><strong>Exquisite Nature:<\/strong> Zanurz si\u0119 w bujnej r\u00f3\u017cnorodno\u015bci biologicznej las\u00f3w Teneryfy.<\/li>\n<li><strong>Zaj\u0119cia dla wszystkich:<\/strong> Ciesz si\u0119 r\u00f3\u017cnorodnymi wyzwaniami w koronach drzew odpowiednimi dla ka\u017cdego wieku i poziomu umiej\u0119tno\u015bci.<\/li>\n<li><strong>Wskaz\u00f3wki ekspert\u00f3w:<\/strong> Nasi wykwalifikowani instruktorzy zapewniaj\u0105 dobr\u0105 i bezpieczn\u0105 zabaw\u0119 dla ka\u017cdego.<\/li>\n<li><strong>\u015awiadomo\u015b\u0107 ekologiczna:<\/strong> Nasze zaanga\u017cowanie w zr\u00f3wnowa\u017cony rozw\u00f3j oznacza cieszenie si\u0119 natur\u0105 bez wyrz\u0105dzania jej krzywdy.<\/li>\n<li><strong>Udogodnienia:<\/strong> Zatankuj w naszej kawiarni i skorzystaj z naszych czystych udogodnie\u0144, aby wygodnie sp\u0119dzi\u0107 dzie\u0144.<\/li>\n<\/ul>\n<h3><strong>Zaplanuj swoj\u0105 wizyt\u0119<\/strong><\/h3>\n<ul>\n<li><strong>Godziny przyg\u00f3d:<\/strong> Otwarte codziennie od 10:00 do 18:00. Na ostatnie wej\u015bcie nale\u017cy przyby\u0107 przed godzin\u0105 16:30.<\/li>\n<li><strong>\u0141atwa rezerwacja online:<\/strong> Omi\u0144 kolejki, rezerwuj\u0105c bilety online. Sprawd\u017a specjalne ceny i zni\u017cki!<\/li>\n<\/ul>\n<h3><strong>\ud83d\udee1\ufe0f Booking Peace of Mind<\/strong><\/h3>\n<ul>\n<li><strong>Natychmiastowe potwierdzenie:<\/strong> Otrzymaj wiadomo\u015b\u0107 e-mail z potwierdzeniem zawieraj\u0105c\u0105 szczeg\u00f3\u0142y rezerwacji i unikalny numer referencyjny.<\/li>\n<li><strong>Oferty specjalne:<\/strong> Wszystkie rezerwacje s\u0105 obj\u0119te specjaln\u0105 zni\u017ck\u0105 na nast\u0119pn\u0105 przygod\u0119 oraz zni\u017ckami grupowymi.<\/li>\n<li><strong>Zaanga\u017cowanie w bezpiecze\u0144stwo:<\/strong> Przestrzeganie naszych wytycznych dotycz\u0105cych bezpiecze\u0144stwa jest niezb\u0119dne, aby wizyta by\u0142a przyjemna i bezpieczna.<\/li>\n<li><strong>Rozwa\u017cne anulowanie:<\/strong> Elastyczna polityka anulowania umo\u017cliwiaj\u0105ca bezp\u0142atne zmiany do 48 godzin przed dokonaniem rezerwacji. Anulowanie rezerwacji w ci\u0105gu 48 godzin podlega op\u0142acie w wysoko\u015bci 50%, a niepojawienie si\u0119 na miejscu nie podlega zwrotowi.<\/li>\n<\/ul>\n<h4><strong>Gotowy na przygod\u0119 na \u015bwie\u017cym powietrzu?<\/strong><\/h4>\n<p>Do\u0142\u0105cz do nas w podr\u00f3\u017cy przez korony drzew i odkryj naturalne pi\u0119kno Teneryfy z g\u00f3ry. Zarezerwuj swoj\u0105 przygod\u0119 ju\u017c teraz i wkrocz do \u015bwiata pe\u0142nego emocji i odkry\u0107! \ud83c\udf32\ud83c\udfde\ufe0f<\/p>","protected":false},"excerpt":{"rendered":"<p>\ud83d\udd0d <strong>Forestal Park Teneryfa<\/strong>:<br \/>\n\u2705 Bezpieczna p\u0142atno\u015b\u0107.<br \/>\n\ud83c\udf32 Najwi\u0119kszy park linowy i park przyg\u00f3d.<br \/>\n\ud83d\udc64 Aktywno\u015bci dla wszystkich grup wiekowych.<br \/>\n\ud83d\udd56 Otwarte od 10:00 do 18:00.<br \/>\n\ud83d\udcc5 Pi\u0105tki, soboty i niedziele.<br \/>\n\ud83d\ude97 Parking dost\u0119pny dla go\u015bci.<br \/>\n\ud83e\udd7e Zapewniony sprz\u0119t bezpiecze\u0144stwa.<br \/>\n\ud83e\udd11 Gwarancja najlepszej ceny.<br \/>\n\ud83d\udc68\u200d\ud83d\udc69\u200d\ud83d\udc67\u200d\ud83d\udc66 Zni\u017cki grupowe i rodzinne.<br \/>\n\ud83c\udf10 Wieloj\u0119zyczny personel.<br \/>\n\ud83c\udf32 Zalecana wcze\u015bniejsza rezerwacja.<br \/>\nZnajduje si\u0119 w <a href=\"https:\/\/maps.app.goo.gl\/JbRxgrnnevPucnau9\">La Esperanza, Teneryfa<\/a>.<\/p>","protected":false},"featured_media":9837,"comment_status":"open","ping_status":"closed","template":"","meta":{"_acf_changed":false},"product_brand":[],"product_cat":[82],"product_tag":[],"class_list":{"0":"post-9834","1":"product","2":"type-product","3":"status-publish","4":"has-post-thumbnail","6":"product_cat-fun-activities","7":"wcpa_has_options","9":"first","10":"instock","11":"virtual","12":"purchasable","13":"product-type-simple"},"acf":[],"wcpa_form_fields":{"wcpaData":{"product":{"product_price":26,"price_html":"From&nbsp;<span class=\"woocommerce-Price-amount amount\"><bdi>26,00&nbsp;<span class=\"woocommerce-Price-currencySymbol\">&euro;<\/span><\/bdi><\/span>","original_product_price":26,"price_including_tax":26,"price_excluding_tax":26,"product_id":{"parent":9834,"variation":false},"is_variable":false,"stock_status":"instock","stock_quantity":null,"parent_sku":"CV9834","product_attributes":[],"custom_fields":[],"is_taxable":false,"product_name":"Forestal Park Tenerife","hasImage":false},"fields":{"sec_465e50fd642ff4":{"extra":{"key":"sec_465e50fd642ff4","section_id":"sec_465e50fd642ff4","name":"Default","status":1,"cl_rule":"show","enableCl":false,"relations":[],"toggle":true,"title_tag":"h3","show_title":false,"showPrice":"default","form_id":10220,"form_rules":{"exclude_from_discount":true,"fee_label":"Fee","disp_hide_options_price":true,"disp_show_section_price":false,"disp_show_field_price":true,"layout_option":"standard","pric_use_as_fee":false,"process_fee_as":"woo_fee"},"layout_option":"standard"},"fields":[[{"label":"\ud83d\udcc5 Date","active":true,"required":true,"elementId":"date_365e50fd643030","picker_type":"custom","picker_mode":"single","placeholder":"","description":"","tooltip":"","name":"date_365e50fd643030","label_position":"default","desc_position":"default","enablePrice":false,"className":"","enableCl":false,"relations":[{"operator":"and","rules":[{"operator":"AND","rules":{"cl_field":"radio-group_365e50fd643015","cl_relation":"is","cl_val":"3 Hour Trip"}}]}],"date_pic_inline":true,"date_pic_inline_hide":true,"min_date":{"type":"days","val":"2"},"max_date":{"type":"days","val":"365"},"date_pic_conf":{"disabledWeeks":[1,2,3,4]},"price":"","cl_rule":"show","col":6,"type":"date","error":false,"enableDesign":false,"LabelColor":"","gt_translate_keys":["label","placeholder","description","tooltip"],"price_dependency":false,"cl_dependency":false,"value":""}],[{"active":true,"col":6,"relations":[{"operator":false,"rules":[{"operator":"AND","rules":{"cl_field":"","cl_relation":"","cl_val":""}}]}],"cl_rule":"show","enableCl":false,"price":"","enablePrice":false,"className":"","label_position":"default","desc_position":"default","type":"radio-group","required":true,"elementId":"radio-group_365e50fd643015","label":"\ud83c\udf1f Type of Ticket","name":"radio-group_365e50fd643015","values":[{"label":"Regular Tickets (26\u20ac)","value":"Regular Tickets","selected":false,"tempId":"aco_28","description":"Regular Admission Tickets.","gt_translate_keys":["label","description"]},{"label":"Resident Tickets (22\u20ac)","value":"Resident Tickets","selected":false,"tempId":"aco_30","description":"Regular Tickets for Canary Island Residents. You must present a valid document as proof of residency.","gt_translate_keys":["label","description"]}],"layOut":"","error":false,"checkUi":"toggle","enableDesign":false,"scrollBar":false,"description":"","other":false,"options_description":true,"show_selected_option":false,"gt_translate_keys":["label","description"],"price_dependency":false,"cl_dependency":[false,false],"value":""}]]},"sec_665e50fd643017":{"extra":{"key":"sec_665e50fd643017","section_id":"sec_665e50fd643017","name":"Regular Tickets","status":1,"cl_rule":"show","enableCl":true,"relations":[{"operator":false,"rules":[{"operator":"AND","rules":{"cl_field":"radio-group_365e50fd643015","cl_relation":"is","cl_val":"Regular Tickets"}}]}],"toggle":true,"title_tag":"h4","show_title":false,"showPrice":"default","form_id":10220,"form_rules":{"exclude_from_discount":true,"fee_label":"Fee","disp_hide_options_price":true,"disp_show_section_price":false,"disp_show_field_price":true,"layout_option":"standard","pric_use_as_fee":false,"process_fee_as":"woo_fee"},"layout_option":"standard"},"fields":[[{"elementId":"separator_1065e50fd64303b","separatorType":"blank","className":"","height":"10","enableCl":false,"relations":false,"cl_rule":"show","col":6,"type":"separator","gt_translate_keys":[],"price_dependency":false,"cl_dependency":false,"value":""}],[{"active":true,"col":6,"relations":false,"cl_rule":"show","enableCl":false,"price":"","enablePrice":false,"className":"","label_position":"default","desc_position":"default","type":"content","required":false,"elementId":"content_565e50fd643045","label":"People","name":"content_565e50fd643045","contentType":"plain","value":"","error":false,"show_in_checkout":true,"inline":false,"gt_translate_keys":["label","value"],"price_dependency":false,"cl_dependency":false}],[{"active":true,"col":6,"relations":[{"operator":false,"rules":[{"operator":"AND","rules":{"cl_field":"","cl_relation":"","cl_val":""}}]}],"cl_rule":"show","enableCl":true,"price":"26","enablePrice":true,"className":"","label_position":"default","desc_position":"default","type":"radio-group","required":false,"elementId":"radio-group_565e50fd643051","label":"","name":"radio-group_565e50fd643051","values":[{"label":"\ud83d\udc64 Adult (26\u20ac)","value":"Adult (26<\u20ac)","selected":true,"tempId":"aco_32","tooltip":"+13 Years","description":"","gt_translate_keys":["label","tooltip","description"]}],"layOut":"","error":false,"checkUi":"button","priceOptions":"fixed_for_all","pricingType":"fixed","enable_quantity":true,"quantity_label":"","min_quantity":"0","options_tooltip":true,"options_description":true,"gt_translate_keys":["label","quantity_label"],"price_dependency":false,"cl_dependency":false,"value":""}],[{"label":"","active":true,"required":false,"elementId":"radio-group_965e50fd64305c","name":"radio-group_965e50fd64305c","label_position":"default","desc_position":"default","enablePrice":true,"className":"","enableCl":false,"relations":false,"enable_quantity":true,"quantity_label":"","min_quantity":"0","checkUi":"button","layOut":"","values":[{"label":"\ud83d\udc66 Child (21\u20ac)","value":"Child (21\u20ac)","selected":true,"tempId":"aco_32","tooltip":"5-12 Years","description":"","gt_translate_keys":["label","tooltip","description"]}],"priceOptions":"fixed_for_all","pricingType":"fixed","price":"21","cl_rule":"show","col":6,"type":"radio-group","error":false,"options_tooltip":true,"options_description":true,"gt_translate_keys":["label","quantity_label"],"price_dependency":false,"cl_dependency":false,"value":""}]]},"sec_965e50fd6430a4":{"extra":{"key":"sec_965e50fd6430a4","section_id":"sec_965e50fd6430a4","name":"Resident Tickets","status":1,"cl_rule":"show","enableCl":true,"relations":[{"operator":false,"rules":[{"operator":"AND","rules":{"cl_field":"radio-group_365e50fd643015","cl_relation":"is","cl_val":"Resident Tickets"}}]}],"toggle":true,"title_tag":"h4","show_title":false,"showPrice":"default","form_id":10220,"form_rules":{"exclude_from_discount":true,"fee_label":"Fee","disp_hide_options_price":true,"disp_show_section_price":false,"disp_show_field_price":true,"layout_option":"standard","pric_use_as_fee":false,"process_fee_as":"woo_fee"},"layout_option":"standard"},"fields":[[{"elementId":"separator_465e50fd6430c1","separatorType":"blank","className":"","height":"10","enableCl":false,"relations":false,"cl_rule":"show","col":6,"type":"separator","gt_translate_keys":[],"price_dependency":false,"cl_dependency":false,"value":""}],[{"contentType":"plain","active":true,"label":"People","elementId":"content_865e50fd6430cb","value":"","inline":false,"show_in_checkout":true,"name":"content_865e50fd6430cb","enablePrice":false,"className":"","enableCl":false,"relations":false,"price":"","cl_rule":"show","col":6,"type":"content","gt_translate_keys":["label","value"],"price_dependency":false,"cl_dependency":false}],[{"label":"","active":true,"required":false,"elementId":"radio-group_665e50fd6430d6","name":"radio-group_665e50fd6430d6","label_position":"default","desc_position":"default","enablePrice":true,"className":"","enableCl":true,"relations":[{"operator":false,"rules":[{"operator":"AND","rules":{"cl_field":"","cl_relation":"","cl_val":""}}]}],"enable_quantity":true,"quantity_label":"","min_quantity":"0","checkUi":"button","layOut":"","options_tooltip":true,"values":[{"label":"\ud83d\udc64 Adult (22\u20ac)","value":"Adult (22\u20ac)","selected":true,"tempId":"aco_32","tooltip":"+13 Years","gt_translate_keys":["label","tooltip"]}],"priceOptions":"fixed_for_all","pricingType":"fixed","price":"22","cl_rule":"show","col":6,"type":"radio-group","error":false,"gt_translate_keys":["label","quantity_label"],"price_dependency":false,"cl_dependency":false,"value":""}],[{"label":"","active":true,"required":false,"elementId":"radio-group_465e50fd6430e0","name":"radio-group_465e50fd6430e0","label_position":"default","desc_position":"default","enablePrice":true,"className":"","enableCl":false,"relations":false,"enable_quantity":true,"quantity_label":"","min_quantity":"0","checkUi":"button","layOut":"","options_tooltip":true,"values":[{"label":"\ud83d\udc66 Child (15\u20ac)","value":"Children (15\u20ac)","selected":true,"tempId":"aco_32","tooltip":"5-12 Years","gt_translate_keys":["label","tooltip"]}],"priceOptions":"fixed_for_all","pricingType":"fixed","price":"15","cl_rule":"show","col":6,"type":"radio-group","error":false,"gt_translate_keys":["label","quantity_label"],"price_dependency":false,"cl_dependency":false,"value":""}]]}},"config":{"price_override":"always","enable_recaptcha":false,"bind_quantity":false,"quantity_bind_formula":false,"disp_summ_show_option_price":true,"disp_summ_show_product_price":false,"disp_summ_show_total_price":true,"disp_summ_show_fee":true,"disp_summ_show_discount":true,"summary_title":"","options_total_label":"Options Price","total_label":"Total Amount","options_product_label":"Product Price","fee_label":"Fee","discount_label":"Discount","has_price":true,"has_quantity_formula":false},"mc_unit":1,"tax_rate":1,"tax_rate_real":1,"discount":{"percentage":0,"fixed":0},"design":{"conf":{"LabelPosition":"above","DescPosition":"above","UploadField":"custom_1","QuantityFieldStyle":"custom_1"},"css":{"LeftLabelWidth":"120px"}},"formulas":[],"lookuptables":[],"clones":false,"cartKey":false}},"_links":{"self":[{"href":"https:\/\/canaryvip.com\/pl\/wp-json\/wp\/v2\/product\/9834","targetHints":{"allow":["GET"]}}],"collection":[{"href":"https:\/\/canaryvip.com\/pl\/wp-json\/wp\/v2\/product"}],"about":[{"href":"https:\/\/canaryvip.com\/pl\/wp-json\/wp\/v2\/types\/product"}],"replies":[{"embeddable":true,"href":"https:\/\/canaryvip.com\/pl\/wp-json\/wp\/v2\/comments?post=9834"}],"wp:featuredmedia":[{"embeddable":true,"href":"https:\/\/canaryvip.com\/pl\/wp-json\/wp\/v2\/media\/9837"}],"wp:attachment":[{"href":"https:\/\/canaryvip.com\/pl\/wp-json\/wp\/v2\/media?parent=9834"}],"wp:term":[{"taxonomy":"product_brand","embeddable":true,"href":"https:\/\/canaryvip.com\/pl\/wp-json\/wp\/v2\/product_brand?post=9834"},{"taxonomy":"product_cat","embeddable":true,"href":"https:\/\/canaryvip.com\/pl\/wp-json\/wp\/v2\/product_cat?post=9834"},{"taxonomy":"product_tag","embeddable":true,"href":"https:\/\/canaryvip.com\/pl\/wp-json\/wp\/v2\/product_tag?post=9834"}],"curies":[{"name":"wp","href":"https:\/\/api.w.org\/{rel}","templated":true}]}}