{"id":9654,"date":"2024-02-11T16:27:15","date_gmt":"2024-02-11T16:27:15","guid":{"rendered":"https:\/\/canaryvip.com\/?post_type=product&#038;p=9654"},"modified":"2026-03-26T13:04:23","modified_gmt":"2026-03-26T13:04:23","slug":"book-scandal-dinner-show","status":"publish","type":"product","link":"https:\/\/canaryvip.com\/pl\/shop\/book-scandal-dinner-show\/","title":{"rendered":"Scandal Dinner Show Teneryfa"},"content":{"rendered":"<h2><strong>Scandal Burlesque Dinner Show<\/strong><\/h2>\n<p>Wiecz\u00f3r pe\u0142en luksusu, humoru i porywaj\u0105cych wyst\u0119p\u00f3w oferowany jest przez <strong>Scandal Burlesque Dinner Show.<\/strong> To wydarzenie, przeznaczone dla tych, kt\u00f3rzy szukaj\u0105 podnios\u0142ego wieczoru, \u0142\u0105czy w sobie urok burleski z wci\u0105gaj\u0105c\u0105 komedi\u0105, magi\u0105 i wyst\u0119pami muzycznymi. <strong>CanaryVIP<\/strong> zaprasza na niezapomniane wra\u017cenia zar\u00f3wno mieszka\u0144c\u00f3w, jak i go\u015bci.<\/p>\n<h3><strong>\ud83c\udf7d\ufe0f Luksusowe posi\u0142ki w GF Victoria 5*<\/strong><\/h3>\n<ul>\n<li><strong>Lokalizacja:<\/strong> Presti\u017cowy <a href=\"https:\/\/www.google.com\/maps\/place\/GF+Victoria\/@28.0917871,-16.7412967,17z\/data=!3m1!4b1!4m9!3m8!1s0xc6a974d01c4268f:0x3c0e40669a61bb47!5m2!4m1!1i2!8m2!3d28.0917871!4d-16.7387218!16s%2Fg%2F11bvv59vv2?entry=tts&amp;g_ep=EgoyMDI0MDUwOC4wKgBIAVAD\" target=\"_blank\" rel=\"noopener\">GF Victoria<\/a> 5* hotel w Costa Adeje s\u0142u\u017cy jako miejsce, zapewniaj\u0105c idealne po\u0142\u0105czenie wygody i wielko\u015bci na niezapomniany wiecz\u00f3r.<\/li>\n<li><strong>Kuchnia:<\/strong> Go\u015bcie mog\u0105 delektowa\u0107 si\u0119 wystawnym 5-daniowym posi\u0142kiem, starannie przygotowanym z najlepszych sk\u0142adnik\u00f3w i podanym z profesjonaln\u0105 elegancj\u0105. Ka\u017cde danie obiecuje oczarowa\u0107 kubki smakowe kulinarnymi przysmakami.<\/li>\n<\/ul>\n<h3><strong>\ud83d\udd70\ufe0f Plan wieczoru<\/strong><\/h3>\n<ul>\n<li><strong>Harmonogram:<\/strong> Wiecz\u00f3r rozpocznie si\u0119 o godzinie 20:00, a wyst\u0119py rozpoczn\u0105 si\u0119 o 20:30 i potrwaj\u0105 oko\u0142o 3 godzin. Po pokazie go\u015bcie zostan\u0105 zaproszeni do hotelowego Skybaru na przed\u0142u\u017con\u0105 noc relaksu i koktajli na wspania\u0142ym tle.<\/li>\n<li><strong>Str\u00f3j:<\/strong> Zach\u0119camy go\u015bci do przebrania si\u0119 w stylowe stroje wieczorowe, odzwierciedlaj\u0105ce wyrafinowan\u0105 atmosfer\u0119 wydarzenia. Impreza przeznaczona jest dla os\u00f3b powy\u017cej 16. roku \u017cycia, co gwarantuje dojrza\u0142\u0105 i eleganck\u0105 atmosfer\u0119.<\/li>\n<\/ul>\n<h3><strong>\ud83c\udf9f\ufe0f Wybierz sw\u00f3j idealny wiecz\u00f3r<\/strong><\/h3>\n<ul>\n<li><strong>Z\u0142ota przepustka:<\/strong> Zanurz si\u0119 w spektaklu z wykwintnym menu degustacyjnym, kt\u00f3remu towarzyszy szereg nieograniczonych napoj\u00f3w, aby sp\u0119dzi\u0107 prawdziwie rozkoszn\u0105 noc.<\/li>\n<li><strong>Platinum Experience:<\/strong> Aby zapewni\u0107 dodatkowy poziom luksusu, Platinum Experience obejmuje wszystkie przywileje Golden Pass oraz prywatno\u015b\u0107 w\u0142asnego stolika, podnosz\u0105c wyj\u0105tkowo\u015b\u0107 wieczoru.<\/li>\n<\/ul>\n<h3><strong>\ud83d\udccd Twoje miejsce na widowni<\/strong><\/h3>\n<ul>\n<li>Pomieszczenie jest starannie zaaran\u017cowane, aby zapewni\u0107 ka\u017cdemu go\u015bciowi wyra\u017any widok na scen\u0119, dzi\u0119ki czemu ka\u017cdy wyst\u0119p jest niezwykle przyjemny pod ka\u017cdym k\u0105tem.<\/li>\n<\/ul>\n<h3><strong>Uroczysto\u015bci na zam\u00f3wienie<\/strong><\/h3>\n<ul>\n<li>Specjalne okazje, od urodzin po spotkania firmowe, mieszcz\u0105ce grupy od 30 do 150 os\u00f3b, mog\u0105 by\u0107 oznaczone. Zesp\u00f3\u0142 ds. organizacji imprez jest gotowy dostosowa\u0107 wieczory do perfekcji.<\/li>\n<\/ul>\n<h3><strong>Istota burleskowego show:<\/strong><\/h3>\n<ul>\n<li><strong>Interaktywna rozrywka:<\/strong> Wykonawcy anga\u017cuj\u0105 si\u0119 bezpo\u015brednio z publiczno\u015bci\u0105, tworz\u0105c intymn\u0105 i \u017cyw\u0105 atmosfer\u0119, kt\u00f3ra urzeka i zachwyca.<\/li>\n<li><strong>Bogata r\u00f3\u017cnorodno\u015b\u0107 dzia\u0142a\u0144:<\/strong> Spektakl oferuje r\u00f3\u017cnorodne i ekscytuj\u0105ce do\u015bwiadczenie z ka\u017cdym aktem, od klasycznej burleski po wsp\u00f3\u0142czesne interpretacje.<\/li>\n<\/ul>\n<h3><strong>Menu dla ka\u017cdego podniebienia:<\/strong><\/h3>\n<p>Zr\u00f3\u017cnicowane menu zosta\u0142o zaprojektowane tak, aby zaspokoi\u0107 wszystkie gusta, w tym opcje wegetaria\u0144skie i wega\u0144skie na \u017cyczenie. Wykwintna oferta obejmuje:<\/p>\n<ul>\n<li>Chrupi\u0105ce przysmaki w towarzystwie raity, kremu z w\u0119dzonej kukurydzy z odrobin\u0105 kolendry i soczystego podgardla wieprzowego z P\u00f3\u0142wyspu Iberyjskiego.<\/li>\n<li>Delikatnie przyrz\u0105dzony makaron paccheri z bogatym grzybowym ragu, wzbogacony marynowanymi akcentami.<\/li>\n<li>Delikatnie ugotowana czarna \u015bwinia z sosem satay i kreatywnie podanym sztucznym risotto.<\/li>\n<li>Na deser podano makaroniki z czerwonych jag\u00f3d i bia\u0142ej czekolady.<\/li>\n<\/ul>\n<h3><strong>\u2696\ufe0f Zasady rezerwacji i anulowania rezerwacji:<\/strong><\/h3>\n<ul>\n<li><strong>Zarezerwuj z wyprzedzeniem, aby uzyska\u0107 korzy\u015bci:<\/strong> Rezerwacja z wyprzedzeniem zapewnia najlepsze dost\u0119pne stawki i upraszcza proces planowania.<\/li>\n<li><strong>Elastyczne anulowanie:<\/strong> Bezp\u0142atne anulowanie rezerwacji jest mo\u017cliwe do 48 godzin przed planowan\u0105 godzin\u0105 pokazu, co pozwala na elastyczno\u015b\u0107 plan\u00f3w.<\/li>\n<li><strong>Uproszczone rezerwacje grupowe:<\/strong> W przypadku imprez wi\u0119kszych ni\u017c 6 os\u00f3b obowi\u0105zuje prosta polityka anulowania rezerwacji do 4 dni przed wydarzeniem. Anulowanie rezerwacji na 2 do 4 dni przed wydarzeniem kwalifikuje si\u0119 do zwrotu koszt\u00f3w w wysoko\u015bci 50%.<\/li>\n<\/ul>\n<h3><strong>Przygotowanie do nocy:<\/strong><\/h3>\n<ul>\n<li><strong>Dress Code:<\/strong> Go\u015bciom zaleca si\u0119 za\u0142o\u017cenie najlepszych stroj\u00f3w wieczorowych, aby pasowa\u0142y do eleganckiej oprawy wydarzenia. D\u017cinsy i \u0142adny t-shirt s\u0105 dopuszczalne, ale str\u00f3j sportowy i m\u0119skie szorty s\u0105 odradzane, aby zachowa\u0107 ekskluzywn\u0105 atmosfer\u0119.<\/li>\n<li><strong>Informacje o parkingu:<\/strong> Dogodny parking jest dost\u0119pny w pobli\u017cu centrum handlowego Plaza del Duque, w odleg\u0142o\u015bci kr\u00f3tkiego spaceru od obiektu, zapewniaj\u0105c \u0142atwy dost\u0119p dla wszystkich go\u015bci.<\/li>\n<\/ul>\n<h4><strong>\ud83c\udf1f Czeka nas niezapomniany wiecz\u00f3r<\/strong><\/h4>\n<p>Scandal Burlesque <a href=\"https:\/\/canaryvip.com\/pl\/tenerife\/evening-shows\/\">Pokaz kolacji<\/a> zapowiada si\u0119 jako najwa\u017cniejszy punkt wizyty na Teneryfie z <strong>CanaryVIP.<\/strong>\u00a0Zarezerwuj bilety ju\u017c teraz, aby cieszy\u0107 si\u0119 niezr\u00f3wnanym po\u0142\u0105czeniem rozrywki, gastronomii i malowniczych widok\u00f3w. \ud83c\udf0c\ud83c\udf78<\/p>","protected":false},"excerpt":{"rendered":"<p><strong>\ud83d\udd0d Scandal Show Highlights:<\/strong><br \/>\n\u2705 Bezpieczna p\u0142atno\u015b\u0107.<br \/>\n\ud83d\udc83 Pokaz w stylu burleski.<br \/>\n\ud83d\udd59 W ka\u017cd\u0105 sobot\u0119 o 20:30.<br \/>\n\ud83c\udf5b Kolacja wliczona w cen\u0119.<br \/>\n\ud83c\udf77 Wino i napoje bezalkoholowe wliczone w cen\u0119.<br \/>\n\ud83c\udf0d Gospodarz w j\u0119zyku angielskim i hiszpa\u0144skim.<br \/>\n+16 Tylko dla doros\u0142ych.<br \/>\n\ud83d\ude80 Bardzo popularny!<br \/>\n\ud83e\udd11 Gwarancja najlepszej ceny.<br \/>\n\ud83d\udc6a Zni\u017cki dla rezerwacji grupowych.<br \/>\n\ud83d\udd01 Bezp\u0142atne anulowanie rezerwacji do 48 godzin.<br \/>\n\ud83c\udf1f Wczesna rezerwacja, szybko si\u0119 zape\u0142nia!<br \/>\n\ud83d\udccd Venue at <a href=\"https:\/\/maps.app.goo.gl\/boB3JcWYHb8AiGY58\">Hotel GF Victoria<\/a>.<\/p>","protected":false},"featured_media":9659,"comment_status":"open","ping_status":"closed","template":"","meta":{"_acf_changed":false},"product_brand":[],"product_cat":[59],"product_tag":[],"class_list":{"0":"post-9654","1":"product","2":"type-product","3":"status-publish","4":"has-post-thumbnail","6":"product_cat-evening-shows","7":"wcpa_has_options","9":"first","10":"instock","11":"virtual","12":"purchasable","13":"product-type-simple"},"acf":[],"wcpa_form_fields":{"wcpaData":{"product":{"product_price":94,"price_html":"From&nbsp;<span class=\"woocommerce-Price-amount amount\"><bdi>94,00&nbsp;<span class=\"woocommerce-Price-currencySymbol\">&euro;<\/span><\/bdi><\/span>","original_product_price":94,"price_including_tax":94,"price_excluding_tax":94,"product_id":{"parent":9654,"variation":false},"is_variable":false,"stock_status":"instock","stock_quantity":null,"parent_sku":"CV9654","product_attributes":[],"custom_fields":[],"is_taxable":false,"product_name":"Scandal Dinner Show Tenerife","hasImage":false},"fields":{"sec_165e506ca90d2c":{"extra":{"key":"sec_165e506ca90d2c","section_id":"sec_165e506ca90d2c","name":"Default","status":1,"cl_rule":"show","enableCl":false,"relations":[],"toggle":true,"title_tag":"h3","show_title":false,"showPrice":"default","form_id":10217,"form_rules":{"exclude_from_discount":true,"fee_label":"Fee","disp_hide_options_price":true,"disp_show_section_price":false,"disp_show_field_price":true,"layout_option":"standard","pric_use_as_fee":false,"process_fee_as":"woo_fee"},"layout_option":"standard"},"fields":[[{"label":"\ud83d\udcc5 Date","active":true,"required":true,"elementId":"date_265e506ca90d6a","picker_type":"custom","picker_mode":"single","placeholder":"","description":"","tooltip":"","name":"date_265e506ca90d6a","label_position":"default","desc_position":"default","enablePrice":false,"className":"","enableCl":false,"relations":[{"operator":"and","rules":[{"operator":"AND","rules":{"cl_field":"radio-group_765e506ca90d4e","cl_relation":"is_not_empty","cl_val":"3 Hour Trip"}}]}],"date_pic_inline":true,"date_pic_inline_hide":true,"min_date":{"type":"days","val":"1"},"max_date":{"type":"days","val":"180"},"date_pic_conf":{"disabledWeeks":[0,1,2,3,4,5],"disabledDates":["2024-05-25","2024-08-10","2024-11-02","2024-12-14","2024-12-27 to 2024-12-28","2026-04-17"]},"price":"","cl_rule":"show","col":6,"type":"date","error":false,"enableDesign":false,"LabelColor":"","date_conf_custom":{"minDate":"let d = new Date();\nif (d.getHours() >= 18) {\n  d.setDate(d.getDate() + 3);\n} else if (d.getHours() >= 12) {\n  d.setDate(d.getDate() + 1);\n} else {\nd.setDate(d.getDate());\n}\nreturn d;"},"isWeightTemplate":false,"isTemplate":false,"min_quantity":"1","quantity_decimal":false,"quantity_step":"1","quantity_label":"Quantity","repeater_field_label":"{field_label}","repeater_bind":"","gt_translate_keys":["label","placeholder","description","tooltip","repeater_field_label","quantity_label"],"price_dependency":false,"cl_dependency":["radio-group_765e506ca90d4e","radio-group_765e506ca90d4e"],"value":""}],[{"active":true,"col":6,"relations":[{"operator":false,"rules":[{"operator":"AND","rules":{"cl_field":"","cl_relation":"","cl_val":""}}]}],"cl_rule":"show","enableCl":false,"price":"","enablePrice":false,"className":"","label_position":"default","desc_position":"default","type":"radio-group","required":true,"elementId":"radio-group_765e506ca90d4e","label":"\ud83c\udf1f Type of Ticket","name":"radio-group_765e506ca90d4e","values":[{"label":"Gold Entrance (94\u20ac)","value":"Gold Entrance","selected":false,"tempId":"aco_28","description":"Enjoy the live show, tasting menu, and unlimited drinks.","gt_translate_keys":["label","description"]},{"label":"Platinum Entrance (114\u20ac)","value":"Platinum Entrance","selected":false,"tempId":"aco_29","description":"Enjoy the live show, tasting menu, unlimited drinks, and a private table.","options_cl":true,"relations":[{"operator":false,"rules":[{"operator":"or","rules":{"cl_field":"date_265e506ca90d6a","cl_relation":"is","cl_val":"2026-04-02"}},{"operator":false,"rules":{"cl_field":"date_265e506ca90d6a","cl_relation":"is","cl_val":"2026-03-26"}}]}],"cl_rule":"hide","gt_translate_keys":["label","description"]}],"layOut":"","error":false,"checkUi":"toggle","enableDesign":false,"scrollBar":false,"description":"","other":false,"options_description":true,"show_selected_option":false,"isWeightTemplate":false,"isTemplate":false,"min_quantity":"1","quantity_decimal":false,"quantity_step":"1","quantity_label":"Quantity","repeater_field_label":"{field_label}","repeater_bind":"","gt_translate_keys":["label","description","repeater_field_label","quantity_label"],"price_dependency":false,"cl_dependency":[false,false],"value":""}]]},"sec_965e506ca90d50":{"extra":{"key":"sec_965e506ca90d50","section_id":"sec_965e506ca90d50","name":"Gold","status":1,"cl_rule":"show","enableCl":true,"relations":[{"operator":false,"rules":[{"operator":"AND","rules":{"cl_field":"radio-group_765e506ca90d4e","cl_relation":"is","cl_val":"Gold Entrance"}}]}],"toggle":true,"title_tag":"h4","show_title":false,"showPrice":"default","form_id":10217,"form_rules":{"exclude_from_discount":true,"fee_label":"Fee","disp_hide_options_price":true,"disp_show_section_price":false,"disp_show_field_price":true,"layout_option":"standard","pric_use_as_fee":false,"process_fee_as":"woo_fee"},"layout_option":"standard"},"fields":[[{"elementId":"separator_765e506ca90d74","separatorType":"blank","className":"","height":"10","enableCl":false,"relations":false,"cl_rule":"show","col":6,"type":"separator","gt_translate_keys":[],"price_dependency":false,"cl_dependency":false,"value":""}],[{"active":true,"col":6,"relations":false,"cl_rule":"show","enableCl":false,"price":"","enablePrice":false,"className":"","label_position":"default","desc_position":"default","type":"content","required":false,"elementId":"content_365e506ca90d7f","label":"People","name":"content_365e506ca90d7f","contentType":"plain","value":"","error":false,"show_in_checkout":true,"inline":false,"gt_translate_keys":["label","value"],"price_dependency":false,"cl_dependency":false}],[{"active":true,"col":6,"relations":[{"operator":false,"rules":[{"operator":"AND","rules":{"cl_field":"","cl_relation":"","cl_val":""}}]}],"cl_rule":"show","enableCl":true,"price":"94","enablePrice":true,"className":"","label_position":"default","desc_position":"default","type":"radio-group","required":false,"elementId":"radio-group_265e506ca90d8a","label":"","name":"radio-group_265e506ca90d8a","values":[{"label":"\ud83d\udc64 Adult (94\u20ac)","value":"Adult","selected":true,"tempId":"aco_32","tooltip":"+16 Years","description":"","gt_translate_keys":["label","tooltip","description"]}],"layOut":"","error":false,"checkUi":"button","priceOptions":"fixed_for_all","pricingType":"fixed","enable_quantity":true,"quantity_label":"","min_quantity":"0","options_tooltip":true,"options_description":true,"gt_translate_keys":["label","quantity_label"],"price_dependency":false,"cl_dependency":false,"value":""}]]},"sec_365e506ca90da0":{"extra":{"key":"sec_365e506ca90da0","section_id":"sec_365e506ca90da0","name":"Platinum","status":1,"cl_rule":"show","enableCl":true,"relations":[{"operator":false,"rules":[{"operator":"AND","rules":{"cl_field":"radio-group_765e506ca90d4e","cl_relation":"is","cl_val":"Platinum Entrance"}}]}],"toggle":true,"title_tag":"h4","show_title":false,"showPrice":"default","form_id":10217,"form_rules":{"exclude_from_discount":true,"fee_label":"Fee","disp_hide_options_price":true,"disp_show_section_price":false,"disp_show_field_price":true,"layout_option":"standard","pric_use_as_fee":false,"process_fee_as":"woo_fee"},"layout_option":"standard"},"fields":[[{"elementId":"separator_565e506ca90daa","separatorType":"blank","className":"","height":"8","enableCl":false,"relations":false,"cl_rule":"show","col":6,"type":"separator","error":false,"gt_translate_keys":[],"price_dependency":false,"cl_dependency":false,"value":""}],[{"contentType":"plain","active":true,"label":"People","elementId":"content_365e506ca90dc6","value":"","inline":false,"show_in_checkout":true,"name":"content_365e506ca90dc6","enablePrice":false,"className":"","enableCl":false,"relations":false,"price":"","cl_rule":"show","col":6,"type":"content","gt_translate_keys":["label","value"],"price_dependency":false,"cl_dependency":false}],[{"label":"","active":true,"required":false,"elementId":"radio-group_365e506ca90dd1","name":"radio-group_365e506ca90dd1","label_position":"default","desc_position":"default","enablePrice":true,"className":"","enableCl":false,"relations":[{"operator":false,"rules":[{"operator":"AND","rules":{"cl_field":"","cl_relation":"","cl_val":""}}]}],"enable_quantity":true,"quantity_label":"","min_quantity":"0","checkUi":"button","layOut":"","options_tooltip":true,"values":[{"label":"\ud83d\udc64 Adult (114\u20ac)","value":"Adult","selected":true,"tempId":"aco_32","tooltip":"+16 Years","gt_translate_keys":["label","tooltip"]}],"priceOptions":"fixed_for_all","pricingType":"fixed","price":"114","cl_rule":"show","col":6,"type":"radio-group","error":false,"isWeightTemplate":false,"isTemplate":false,"quantity_decimal":false,"quantity_step":"1","repeater_field_label":"{field_label}","repeater_bind":"","gt_translate_keys":["label","repeater_field_label","quantity_label"],"price_dependency":false,"cl_dependency":false,"value":""}]]}},"config":{"price_override":"always","enable_recaptcha":false,"bind_quantity":false,"quantity_bind_formula":false,"disp_summ_show_option_price":true,"disp_summ_show_product_price":false,"disp_summ_show_total_price":true,"disp_summ_show_fee":true,"disp_summ_show_discount":true,"summary_title":"","options_total_label":"Options Price","total_label":"Total Amount","options_product_label":"Product Price","fee_label":"Fee","discount_label":"Discount","has_price":true,"has_quantity_formula":false},"mc_unit":1,"tax_rate":1,"tax_rate_real":1,"discount":{"percentage":0,"fixed":0},"design":{"conf":{"LabelPosition":"above","DescPosition":"above","UploadField":"custom_1","QuantityFieldStyle":"custom_1"},"css":{"LeftLabelWidth":"120px"}},"formulas":[],"lookuptables":[],"clones":false,"cartKey":false}},"_links":{"self":[{"href":"https:\/\/canaryvip.com\/pl\/wp-json\/wp\/v2\/product\/9654","targetHints":{"allow":["GET"]}}],"collection":[{"href":"https:\/\/canaryvip.com\/pl\/wp-json\/wp\/v2\/product"}],"about":[{"href":"https:\/\/canaryvip.com\/pl\/wp-json\/wp\/v2\/types\/product"}],"replies":[{"embeddable":true,"href":"https:\/\/canaryvip.com\/pl\/wp-json\/wp\/v2\/comments?post=9654"}],"wp:featuredmedia":[{"embeddable":true,"href":"https:\/\/canaryvip.com\/pl\/wp-json\/wp\/v2\/media\/9659"}],"wp:attachment":[{"href":"https:\/\/canaryvip.com\/pl\/wp-json\/wp\/v2\/media?parent=9654"}],"wp:term":[{"taxonomy":"product_brand","embeddable":true,"href":"https:\/\/canaryvip.com\/pl\/wp-json\/wp\/v2\/product_brand?post=9654"},{"taxonomy":"product_cat","embeddable":true,"href":"https:\/\/canaryvip.com\/pl\/wp-json\/wp\/v2\/product_cat?post=9654"},{"taxonomy":"product_tag","embeddable":true,"href":"https:\/\/canaryvip.com\/pl\/wp-json\/wp\/v2\/product_tag?post=9654"}],"curies":[{"name":"wp","href":"https:\/\/api.w.org\/{rel}","templated":true}]}}