{"id":9623,"date":"2024-02-11T01:34:38","date_gmt":"2024-02-11T01:34:38","guid":{"rendered":"https:\/\/canaryvip.com\/?post_type=product&#038;p=9623"},"modified":"2025-08-09T12:57:36","modified_gmt":"2025-08-09T11:57:36","slug":"tenerife-island-guided-bus-tour","status":"publish","type":"product","link":"https:\/\/canaryvip.com\/pl\/shop\/tenerife-island-guided-bus-tour\/","title":{"rendered":"Wycieczka na Teneryf\u0119: Wycieczka autobusowa z przewodnikiem"},"content":{"rendered":"<h2>\ud83d\ude8c <strong>Wycieczka autobusowa z przewodnikiem po Teneryfie<\/strong><\/h2>\n<p>Odkryj serce Teneryfy z <strong>CanaryVIP<\/strong> podczas ca\u0142odniowej wycieczki autobusowej z przewodnikiem, kt\u00f3ra obejmuje ca\u0142\u0105 wysp\u0119. Od inspiruj\u0105cych <a href=\"https:\/\/www.google.com\/maps\/place\/Acantilados+de+Los+Gigantes,+Santa+Cruz+de+Tenerife\/@28.244027,-16.8456497,15z\/data=!3m1!4b1!4m6!3m5!1s0xc6a8c153fdc6811:0xa0340f674cf6610!8m2!3d28.2408828!4d-16.8377834!16s%2Fm%2F026dqlb?entry=ttu\" target=\"_blank\" rel=\"noopener\">Klify Los Gigantes<\/a> do historycznych ulic <a href=\"https:\/\/www.google.com\/maps\/place\/La+Orotava,+Santa+Cruz+de+Tenerife\/@28.3929248,-16.5287568,15z\/data=!3m1!4b1!4m6!3m5!1s0xc402aae32ddf575:0x27206a076b427988!8m2!3d28.3892926!4d-16.525264!16zL20vMDdrcmx5?entry=ttu\" target=\"_blank\" rel=\"noopener\">La Orotava<\/a>Ta podr\u00f3\u017c obiecuje bogaty wachlarz r\u00f3\u017cnorodnych krajobraz\u00f3w i skarb\u00f3w kultury Teneryfy.<\/p>\n<h3><strong>Najwa\u017cniejsze atrakcje wycieczki: Eksploracja ca\u0142ej wyspy<\/strong><\/h3>\n<ul>\n<li>\ud83c\udf04 <strong>Klify Los Gigantes<\/strong>: Rozpocznij swoj\u0105 przygod\u0119 od wizyty w zapieraj\u0105cych dech w piersiach klifach Los Gigantes, gdzie mo\u017cna podziwia\u0107 wspania\u0142o\u015b\u0107 natury.<\/li>\n<li>\ud83d\udc40 <strong>Mirador de Garachico<\/strong>: Kontynuuj podr\u00f3\u017c do Mirador de Garachico, oferuj\u0105cego wspania\u0142e widoki, kt\u00f3re oddaj\u0105 pi\u0119kno p\u00f3\u0142nocnego wybrze\u017ca Teneryfy.<\/li>\n<li>\ud83c\udf33 <strong>Icod de los Vinos<\/strong>: Zwiedzanie Icod de los Vinos i podziwianie Tysi\u0105cletniego Smoczego Drzewa, pomnika przyrody przesi\u0105kni\u0119tego histori\u0105.<\/li>\n<li>\ud83c\udfd8\ufe0f <strong>La Orotava<\/strong>: Zanurz si\u0119 w urokach La Orotava, odwiedzaj\u0105c s\u0142ynny Casa de los Balcones, symbol kanaryjskiej architektury i tradycji.<\/li>\n<li>\ud83d\udecd\ufe0f <strong>Puerto de la Cruz<\/strong>: Czas wolny w Puerto de la Cruz na zakupy, zwiedzanie i lunch (posi\u0142ki nie s\u0105 wliczone w cen\u0119 wycieczki).<\/li>\n<li>\ud83d\ude4f <strong>Candelaria<\/strong>: Zatrzymaj si\u0119 w Candelarii, aby odda\u0107 ho\u0142d patronowi Wysp Kanaryjskich, ko\u0144cz\u0105c dzie\u0144 odkrywania i poznawania.<\/li>\n<\/ul>\n<h3><strong>Twoja podr\u00f3\u017c z CanaryVIP obejmuje:<\/strong><\/h3>\n<ul>\n<li>\ud83d\ude8c A <strong>Wygodna i malownicza podr\u00f3\u017c autobusem<\/strong> na ca\u0142ej Teneryfie, zapewniaj\u0105c podr\u00f3\u017c tak przyjemn\u0105, jak same miejsca docelowe.<\/li>\n<li>\ud83c\udfe8 <strong>Wygodna us\u0142uga odbioru i dowozu<\/strong> w hotelu, aby zapewni\u0107 bezstresow\u0105 podr\u00f3\u017c od pocz\u0105tku do ko\u0144ca.<\/li>\n<li>\ud83d\udde3\ufe0f <strong>Anga\u017cuj\u0105ce wskaz\u00f3wki od wieloj\u0119zycznych przewodnik\u00f3w<\/strong>wzbogacaj\u0105c swoje do\u015bwiadczenie o fascynuj\u0105ce spostrze\u017cenia na temat ka\u017cdej lokalizacji.<\/li>\n<li>\ud83d\udd52 An <strong>oko\u0142o 8-godzinna wycieczka<\/strong>Zaprojektowany, aby zmaksymalizowa\u0107 odkrywanie osza\u0142amiaj\u0105cych krajobraz\u00f3w i dziedzictwa kulturowego Teneryfy.<\/li>\n<li>Niezliczony <strong>mo\u017cliwo\u015bci fotograficzne<\/strong> w zr\u00f3\u017cnicowanym terenie, zapewniaj\u0105c wspomnienia na ca\u0142e \u017cycie.<\/li>\n<li>\ud83d\udcb0 Obietnica CanaryVIP z\u0142o\u017cona przez <strong>najlepsza cena<\/strong>Uzupe\u0142nieniem jest elastyczna polityka anulowania rezerwacji.<\/li>\n<\/ul>\n<h3><strong>Najwa\u017cniejsze szczeg\u00f3\u0142y wycieczki:<\/strong><\/h3>\n<ul>\n<li>\ud83c\udf9f\ufe0f Zachowaj sw\u00f3j bilet CanaryVIP w formie cyfrowej lub drukowanej, aby cieszy\u0107 si\u0119 bezproblemowym zwiedzaniem.<\/li>\n<li>Ubierz si\u0119 wygodnie i we\u017a pod uwag\u0119 warstwy, poniewa\u017c na wyspie panuj\u0105 r\u00f3\u017cne warunki klimatyczne.<\/li>\n<li>\ud83c\udf7d\ufe0f Przerwa na lunch w Puerto de la Cruz, z r\u00f3\u017cnymi opcjami gastronomicznymi do wyboru. (Lunch nie jest wliczony w cen\u0119)<\/li>\n<li>Godziny i miejsca odbioru zostan\u0105 potwierdzone po dokonaniu rezerwacji. Upewnij si\u0119, \u017ce dane dotycz\u0105ce zakwaterowania s\u0105 dok\u0142adne, aby zapewni\u0107 sprawn\u0105 organizacj\u0119 podr\u00f3\u017cy.<\/li>\n<\/ul>\n<h3><strong>Zasady anulowania rezerwacji:<\/strong><\/h3>\n<ul>\n<li>\ud83d\udd04 <strong>Mo\u017cliwo\u015b\u0107 dostosowania anulowania dla os\u00f3b fizycznych:<\/strong> Nasza polityka uwzgl\u0119dnia nieprzewidywalno\u015b\u0107 \u017cycia, umo\u017cliwiaj\u0105c anulowanie rezerwacji do 24 godzin przed zaplanowan\u0105 wycieczk\u0105 w celu uzyskania pe\u0142nego zwrotu koszt\u00f3w. Ta elastyczno\u015b\u0107 zapewnia mo\u017cliwo\u015b\u0107 modyfikacji planu podr\u00f3\u017cy w razie potrzeby bez \u017cadnych k\u0142opot\u00f3w.<\/li>\n<li>\ud83d\udd52 <strong>Opcje anulowania grupowego:<\/strong> Dla os\u00f3b podr\u00f3\u017cuj\u0105cych w grupach oferujemy dostosowane warunki anulowania rezerwacji. Ma\u0142e grupy licz\u0105ce od 5 do 7 os\u00f3b mog\u0105 anulowa\u0107 rezerwacj\u0119 bez \u017cadnych op\u0142at do 48 godzin przed rozpocz\u0119ciem wycieczki. \u015aredniej wielko\u015bci grupy licz\u0105ce od 8 do 14 os\u00f3b maj\u0105 mo\u017cliwo\u015b\u0107 anulowania rezerwacji do 4 dni przed wycieczk\u0105 w celu uzyskania pe\u0142nego zwrotu koszt\u00f3w, podczas gdy wi\u0119ksze grupy licz\u0105ce 15 lub wi\u0119cej os\u00f3b s\u0105 proszone o anulowanie rezerwacji z co najmniej 6-dniowym wyprzedzeniem, aby omin\u0105\u0107 wszelkie op\u0142aty za anulowanie. Wytyczne te maj\u0105 na celu u\u0142atwienie planowania grupom r\u00f3\u017cnej wielko\u015bci.<\/li>\n<li>\ud83d\udca1 <strong>Procedura anulowania bez wysi\u0142ku:<\/strong> Anulowanie wycieczki, zar\u00f3wno indywidualnej, jak i grupowej, jest bardzo proste. Wystarczy skontaktowa\u0107 si\u0119 z nami za po\u015brednictwem naszej strony internetowej, poczty e-mail lub zadzwoni\u0107. Zapewniamy szybki proces zwrotu pieni\u0119dzy, dzi\u0119ki czemu anulowanie rezerwacji przebiega sprawnie i bez zmartwie\u0144.<\/li>\n<li>\ud83d\udd0d <strong>Weryfikacja rezerwacji:<\/strong> Rozs\u0105dnie jest dok\u0142adnie sprawdzi\u0107 szczeg\u00f3\u0142y rezerwacji na d\u0142ugo przed dat\u0105 wycieczki. Pozwoli to na dokonanie wszelkich niezb\u0119dnych korekt lub anulowanie rezerwacji w okre\u015blonym terminie, pomagaj\u0105c unikn\u0105\u0107 ewentualnych op\u0142at.<\/li>\n<\/ul>\n<h4><strong>Pomoc i odpowiedzialno\u015b\u0107 w trasie:<\/strong><\/h4>\n<ul>\n<li>\u2714\ufe0f CanaryVIP ma na celu zapewnienie niezapomnianych i p\u0142ynnych wra\u017ce\u0144 z wycieczki, od rezerwacji po zwiedzanie.<\/li>\n<li>\ud83d\udde3\ufe0f <strong>Komunikacja bezpo\u015brednia:<\/strong> Nasi przewodnicy s\u0142u\u017c\u0105 pomoc\u0105 w przypadku jakichkolwiek pyta\u0144 lub potrzeb podczas wycieczki.<\/li>\n<li>\ud83d\udcb0 <strong>Przejrzysta polityka zwrot\u00f3w:<\/strong> D\u0105\u017cymy do podej\u015bcia zorientowanego na klienta, rozwi\u0105zuj\u0105c wszelkie problemy szybko i uczciwie.<\/li>\n<\/ul>\n<h4><strong>\ud83d\ude8c\ud83c\udf04\ud83c\udfdb\ufe0f Zarezerwuj swoj\u0105 przygod\u0119 na wyspie ju\u017c teraz!<\/strong><\/h4>\n<p>Skorzystaj z tej wyj\u0105tkowej okazji, aby odkry\u0107 ogromne pi\u0119kno i bogat\u0105 kultur\u0119 Teneryfy z CanaryVIP. Zarezerwuj swoje miejsce na Teneryfie <a href=\"https:\/\/canaryvip.com\/pl\/tenerife\/guided-tours\/bus-tours\/\">Wycieczka autobusowa z przewodnikiem<\/a> ju\u017c dzi\u015b i wyrusz w niezapomnian\u0105 podr\u00f3\u017c przez najbardziej kultowe zabytki i ukryte skarby wyspy.<\/p>\n<p>Twoja przygoda czeka!<\/p>","protected":false},"excerpt":{"rendered":"<p><strong>Wycieczka na Teneryf\u0119:<\/strong><br \/>\n\u2705 Bezpieczna p\u0142atno\u015b\u0107.<br \/>\n\u26f0\ufe0f Odwied\u017a klif Los Gigantes.<br \/>\nPoznaj smocze drzewo Icod.<br \/>\nOdkryj Garachico.<br \/>\n\ud83d\udee4\ufe0f Odwied\u017a La Orotava.<br \/>\n\ud83d\udecd\ufe0f Ciesz si\u0119 Puerto de la Cruz.<br \/>\n\u26ea\ufe0f Odwied\u017a Candelari\u0119.<br \/>\nWtorki i soboty.<br \/>\n\u23f0 Czas trwania Oko\u0142o 8 godzin.<br \/>\n\ud83d\ude8c Odbi\u00f3r i dow\u00f3z z hotelu.<br \/>\n\ud83d\udd04 Bezp\u0142atne anulowanie rezerwacji w ci\u0105gu 24 godzin.<br \/>\n\ud83e\udd11 Gwarancja najlepszej ceny.<br \/>\n\ud83c\udf81 Dost\u0119pne zni\u017cki grupowe.<br \/>\nPrzewodnik w j\u0119zyku u\u017cytkownika.<br \/>\n\ud83c\udf1f Zarezerwuj teraz i zaoszcz\u0119d\u017a!<\/p>","protected":false},"featured_media":9624,"comment_status":"open","ping_status":"closed","template":"","meta":{"_acf_changed":false},"product_brand":[],"product_cat":[68,52],"product_tag":[],"class_list":{"0":"post-9623","1":"product","2":"type-product","3":"status-publish","4":"has-post-thumbnail","6":"product_cat-guided-tours","7":"product_cat-bus-tours","8":"wcpa_has_options","10":"first","11":"instock","12":"virtual","13":"purchasable","14":"product-type-simple"},"acf":[],"wcpa_form_fields":{"wcpaData":{"product":{"product_price":48,"price_html":"From&nbsp;<span class=\"woocommerce-Price-amount amount\"><bdi>48,00&nbsp;<span class=\"woocommerce-Price-currencySymbol\">&euro;<\/span><\/bdi><\/span>","original_product_price":48,"price_including_tax":48,"price_excluding_tax":48,"product_id":{"parent":9623,"variation":false},"is_variable":false,"stock_status":"instock","stock_quantity":null,"parent_sku":"CV9623","product_attributes":[],"custom_fields":[],"is_taxable":false,"product_name":"Tenerife Island Tour: Guided Bus Trip","hasImage":false},"fields":{"sec_265e50550df885":{"extra":{"key":"sec_265e50550df885","section_id":"sec_265e50550df885","name":"South Tenerife","status":1,"cl_rule":"show","enableCl":false,"relations":[{"operator":false,"rules":[{"operator":"AND","rules":{"cl_field":"radio-group_665df45fcbc30b","cl_relation":"is","cl_val":"Siam Park Regular Tickets"}}]}],"toggle":true,"title_tag":"h4","show_title":false,"showPrice":"default","form_id":10216,"form_rules":{"exclude_from_discount":true,"fee_label":"Fee","disp_hide_options_price":true,"disp_show_section_price":false,"disp_show_field_price":true,"layout_option":"standard","pric_use_as_fee":false,"process_fee_as":"woo_fee"},"layout_option":"standard"},"fields":[[{"label":"\ud83d\udcc5 Date","active":true,"required":true,"elementId":"date_365e50550df8bb","picker_type":"custom","picker_mode":"single","placeholder":"","description":"","tooltip":"","name":"date_365e50550df8bb","label_position":"default","desc_position":"default","enablePrice":false,"className":"","enableCl":false,"relations":[{"operator":"and","rules":[{"operator":"AND","rules":{"cl_field":"radio-group_665df45fcbc30b","cl_relation":"is","cl_val":"3 Hour Trip"}}]}],"date_pic_inline":true,"date_pic_inline_hide":true,"min_date":{"type":"days","val":"1"},"max_date":{"type":"days","val":"365"},"date_pic_conf":{"disabledWeeks":[0,1,3,4,5,6]},"price":"","cl_rule":"show","col":6,"type":"date","error":false,"enableDesign":false,"LabelColor":"","gt_translate_keys":["label","placeholder","description","tooltip"],"price_dependency":false,"cl_dependency":false,"value":""}],[{"elementId":"separator_665e50550df8cb","separatorType":"blank","className":"","height":"10","enableCl":false,"relations":false,"cl_rule":"show","col":6,"type":"separator","gt_translate_keys":[],"price_dependency":false,"cl_dependency":false,"value":""}],[{"active":true,"col":6,"relations":false,"cl_rule":"show","enableCl":false,"price":"","enablePrice":false,"className":"","label_position":"default","desc_position":"default","type":"content","required":false,"elementId":"content_565e50550df8e4","label":"People","name":"content_565e50550df8e4","contentType":"plain","value":"","error":false,"show_in_checkout":true,"inline":false,"gt_translate_keys":["label","value"],"price_dependency":false,"cl_dependency":false}],[{"active":true,"col":6,"relations":[{"operator":false,"rules":[{"operator":"AND","rules":{"cl_field":"","cl_relation":"","cl_val":""}}]}],"cl_rule":"show","enableCl":true,"price":"50","enablePrice":true,"className":"","label_position":"default","desc_position":"default","type":"radio-group","required":false,"elementId":"radio-group_665e50550df8f0","label":"","name":"radio-group_665e50550df8f0","values":[{"label":"\ud83d\udc64 Adult (50\u20ac)","value":"Adult","selected":true,"tempId":"aco_32","tooltip":"+12 Years","description":"","gt_translate_keys":["label","tooltip","description"]}],"layOut":"","error":false,"checkUi":"button","priceOptions":"fixed_for_all","pricingType":"fixed","enable_quantity":true,"quantity_label":"","min_quantity":"0","options_tooltip":true,"options_description":true,"gt_translate_keys":["label","quantity_label"],"price_dependency":false,"cl_dependency":false,"value":""}],[{"label":"","active":true,"required":false,"elementId":"radio-group_665e50550df8fb","name":"radio-group_665e50550df8fb","label_position":"default","desc_position":"default","enablePrice":true,"className":"","enableCl":false,"relations":false,"enable_quantity":true,"quantity_label":"","min_quantity":"0","checkUi":"button","layOut":"","values":[{"label":"\ud83d\udc66 Child (31\u20ac)","value":"Child","selected":true,"tempId":"aco_32","tooltip":"2-11 Years","description":"","gt_translate_keys":["label","tooltip","description"]}],"priceOptions":"fixed_for_all","pricingType":"fixed","price":"31","cl_rule":"show","col":6,"type":"radio-group","error":false,"options_tooltip":true,"options_description":true,"gt_translate_keys":["label","quantity_label"],"price_dependency":false,"cl_dependency":false,"value":""}],[{"active":true,"col":6,"relations":false,"cl_rule":"show","enableCl":false,"price":"","enablePrice":false,"className":"","label_position":"default","desc_position":"default","type":"select","required":false,"elementId":"select_265e50550df905","label":"\ud83c\udf0e Language","name":"select_265e50550df905","values":[{"label":"English","value":"English","selected":false,"tempId":"aco_310","gt_translate_keys":["label"]},{"label":"Spanish","value":"Spanish","selected":false,"tempId":"aco_311","gt_translate_keys":["label"]},{"label":"French","value":"French","selected":false,"tempId":"aco_312","gt_translate_keys":["label"]}],"dropdown_type":"basic","error":false,"gt_translate_keys":["label"],"price_dependency":false,"cl_dependency":false,"value":""}],[{"active":true,"col":6,"relations":false,"cl_rule":"show","enableCl":false,"price":"","enablePrice":false,"className":"","label_position":"default","desc_position":"default","type":"separator","required":false,"elementId":"separator_665e50550df90f","label":"Separator Field","height":"7","separatorType":"blank","error":false,"gt_translate_keys":["label"],"price_dependency":false,"cl_dependency":false,"value":""}],[{"active":true,"col":6,"relations":false,"cl_rule":"show","enableCl":false,"price":"","enablePrice":false,"className":"","label_position":"default","desc_position":"default","type":"text","subtype":"text","required":false,"elementId":"text_565e50550df918","label":"\ud83d\ude8c Pickup Location","name":"text_565e50550df918","value":"","description":"Pick-up service in South Tenerife. Simply provide your address or hotel name.","error":false,"gt_translate_keys":["label","description","value"],"price_dependency":false,"cl_dependency":false}]]}},"config":{"price_override":"always","enable_recaptcha":false,"bind_quantity":false,"quantity_bind_formula":false,"disp_summ_show_option_price":true,"disp_summ_show_product_price":false,"disp_summ_show_total_price":true,"disp_summ_show_fee":true,"disp_summ_show_discount":true,"summary_title":"","options_total_label":"Options Price","total_label":"Total Amount","options_product_label":"Product Price","fee_label":"Fee","discount_label":"Discount","has_price":true,"has_quantity_formula":false},"mc_unit":1,"tax_rate":1,"tax_rate_real":1,"discount":{"percentage":0,"fixed":0},"design":{"conf":{"LabelPosition":"above","DescPosition":"above","UploadField":"custom_1","QuantityFieldStyle":"custom_1"},"css":{"LeftLabelWidth":"120px"}},"formulas":[],"lookuptables":[],"clones":false,"cartKey":false}},"_links":{"self":[{"href":"https:\/\/canaryvip.com\/pl\/wp-json\/wp\/v2\/product\/9623","targetHints":{"allow":["GET"]}}],"collection":[{"href":"https:\/\/canaryvip.com\/pl\/wp-json\/wp\/v2\/product"}],"about":[{"href":"https:\/\/canaryvip.com\/pl\/wp-json\/wp\/v2\/types\/product"}],"replies":[{"embeddable":true,"href":"https:\/\/canaryvip.com\/pl\/wp-json\/wp\/v2\/comments?post=9623"}],"wp:featuredmedia":[{"embeddable":true,"href":"https:\/\/canaryvip.com\/pl\/wp-json\/wp\/v2\/media\/9624"}],"wp:attachment":[{"href":"https:\/\/canaryvip.com\/pl\/wp-json\/wp\/v2\/media?parent=9623"}],"wp:term":[{"taxonomy":"product_brand","embeddable":true,"href":"https:\/\/canaryvip.com\/pl\/wp-json\/wp\/v2\/product_brand?post=9623"},{"taxonomy":"product_cat","embeddable":true,"href":"https:\/\/canaryvip.com\/pl\/wp-json\/wp\/v2\/product_cat?post=9623"},{"taxonomy":"product_tag","embeddable":true,"href":"https:\/\/canaryvip.com\/pl\/wp-json\/wp\/v2\/product_tag?post=9623"}],"curies":[{"name":"wp","href":"https:\/\/api.w.org\/{rel}","templated":true}]}}