{"id":9493,"date":"2024-02-05T22:56:26","date_gmt":"2024-02-05T22:56:26","guid":{"rendered":"https:\/\/canaryvip.com\/?post_type=product&#038;p=9493"},"modified":"2025-08-09T12:59:18","modified_gmt":"2025-08-09T11:59:18","slug":"jungle-park-tickets","status":"publish","type":"product","link":"https:\/\/canaryvip.com\/pl\/shop\/jungle-park-tickets\/","title":{"rendered":"Kup bilety do Jungle Park"},"content":{"rendered":"<h2>\ud83e\udd85 <strong>Jungle Park na Teneryfie: Przygoda na safari i raj dla dzikich zwierz\u0105t<\/strong><\/h2>\n<p><strong>Eksploruj ka\u017cdego dnia:<\/strong> Przygoda czeka od 10:00 do 17:30, oferuj\u0105c ca\u0142y dzie\u0144 eksploracji i odkrywania.<\/p>\n<p>\ud83d\udccd <strong>Twoje Safari czeka:<\/strong> Odkryj dzik\u0105 stron\u0119 Teneryfy w Chayofa's Jungle Park, wci\u0105gaj\u0105cym do\u015bwiadczeniu \u0142\u0105cz\u0105cym zoo i ogr\u00f3d botaniczny w rozleg\u0142y krajobraz d\u017cungli. Zaplanuj swoj\u0105 wizyt\u0119 przez <a href=\"https:\/\/maps.app.goo.gl\/K7g47iUPFiKyfYdU9\" target=\"_blank\" rel=\"noopener\">Znalezienie parku na Mapach Google<\/a>.<\/p>\n<p>\ud83c\udf92 <strong>Adventure Essentials:<\/strong> Spakuj si\u0119 na dzie\u0144 w d\u017cungli z filtrem przeciws\u0142onecznym, wygodnymi butami do chodzenia i nie zapomnij o aparacie fotograficznym, aby zrobi\u0107 wiele zdj\u0119\u0107 w\u015br\u00f3d egzotycznych zwierz\u0105t i bujnej scenerii.<\/p>\n<p>\ud83d\udca7 <strong>Od\u015bwie\u017c i uzupe\u0142nij paliwo:<\/strong> Wewn\u0105trz parku znajdziesz r\u00f3\u017cne opcje nawodnienia i zjedzenia posi\u0142ku, zapewniaj\u0105c komfortowy i przyjemny dzie\u0144 dla wszystkich.<\/p>\n<p>\ud83c\udfab <strong>Szybki dost\u0119p:<\/strong> Uniknij czekania dzi\u0119ki wcze\u015bniej zakupionym biletom CanaryVIP, oferuj\u0105cym szybsze wej\u015bcie dla tych, kt\u00f3rzy s\u0105 przygotowani, w por\u00f3wnaniu do odwiedzaj\u0105cych kupuj\u0105cych bilety po przyje\u017adzie.<\/p>\n<p>\ud83d\ude8c <strong>Shuttle to the Jungle:<\/strong> Skorzystaj z bezp\u0142atnego transferu z po\u0142udniowej Teneryfy, zapewniaj\u0105c bezpo\u015bredni\u0105 i wygodn\u0105 tras\u0119 do Jungle Park.<\/p>\n<p>\ud83c\udf1f <strong>CanaryVIP Exclusives:<\/strong> Rezerwacja za po\u015brednictwem CanaryVIP nie tylko zabezpiecza wej\u015bcie, ale tak\u017ce zapewnia dost\u0119p do specjalnych zni\u017cek, priorytetowego wej\u015bcia i nie tylko, zwi\u0119kszaj\u0105c atrakcyjno\u015b\u0107 wizyty w Jungle Park.<\/p>\n<ul>\n<li><strong>Natychmiastowe oszcz\u0119dno\u015bci:<\/strong> Odblokuj ekskluzywne zni\u017cki natychmiast po dokonaniu rezerwacji u nas.<\/li>\n<li><strong>Wi\u0119cej za mniej:<\/strong> Sprawd\u017a nasze oferty bilet\u00f3w \u0142\u0105czonych, aby uzyska\u0107 jeszcze wi\u0119ksze oszcz\u0119dno\u015bci i podw\u00f3jn\u0105 zabaw\u0119.<\/li>\n<li><strong>Planowanie bez zmartwie\u0144:<\/strong> Ciesz si\u0119 spokojem dzi\u0119ki opcji anulowania do 72 godzin przed zaplanowan\u0105 wizyt\u0105.<\/li>\n<\/ul>\n<p>\ud83d\udc3e <strong>Poznaj nasze zwierz\u0119ce gwiazdy:<\/strong> Jungle Park jest domem dla szerokiej gamy dzikich zwierz\u0105t, od zabawnych wybryk\u00f3w orangutan\u00f3w, gibon\u00f3w i kapucynek w naszej przystani naczelnych po majestatyczne lamparty i jaguary w naszym sanktuarium du\u017cych kot\u00f3w. Nie przegap pingwin\u00f3w, lw\u00f3w morskich, surykatek, szop\u00f3w i naszej imponuj\u0105cej kolekcji gad\u00f3w z w\u0119\u017cami, \u017c\u00f3\u0142wiami, krokodylami i kajmanami.<\/p>\n<p>\ud83e\udd9c <strong>Showtime Highlights:<\/strong> Nasz codzienny pokaz lw\u00f3w morskich o 13:30 to \u015bwietna zabawa, podczas gdy pokaz ptak\u00f3w drapie\u017cnych o 12:30 prezentuje niesamowit\u0105 zwinno\u015b\u0107 naszych pierzastych przyjaci\u00f3\u0142, w tym wspania\u0142ego bielika. Pokazy te s\u0105 nie tylko zabawne, ale tak\u017ce edukacyjne, oferuj\u0105c wgl\u0105d w \u017cycie tych niesamowitych stworze\u0144.<\/p>\n<p>\ud83d\udc68\u200d\ud83d\udc69\u200d\ud83d\udc67\u200d\ud83d\udc66 <strong>Rodzinna przygoda:<\/strong> Jungle Park oferuje ekscytuj\u0105ce safari, spokojne spacery na \u0142onie natury i interaktywne spotkania ze zwierz\u0119tami, idealne dla go\u015bci w ka\u017cdym wieku. We\u017a udzia\u0142 w specjalnych wycieczkach po parku lub dla dodatkowej dawki emocji wypr\u00f3buj nasz tor bobslejowy wij\u0105cy si\u0119 przez d\u017cungl\u0119.<\/p>\n<h3>Bezp\u0142atna us\u0142uga odbioru<\/h3>\n<p><strong>Bezszwowe po\u0142\u0105czenie Shuttle:<\/strong> Skorzystaj z naszego bezp\u0142atnego transferu, aby odby\u0107 bezstresow\u0105 podr\u00f3\u017c z Teneryfy Po\u0142udniowej do Jungle Park. Upewnij si\u0119, \u017ce Twoja przygoda rozpocznie si\u0119 i zako\u0144czy bez przeszk\u00f3d.<\/p>\n<p><strong>Rozk\u0142ad lot\u00f3w wahad\u0142owych i powroty:<\/strong> Ciesz si\u0119 wygodnym odbiorem z Costa Adeje, Playa de Las Am\u00e9ricas i Los Cristianos, u\u0142atwiaj\u0105c wizyt\u0119 w Jungle Park. Nasza bezp\u0142atna codzienna us\u0142uga autobusowa \u0142\u0105czy Ci\u0119 bez wysi\u0142ku:<\/p>\n<ul>\n<li><a href=\"https:\/\/canaryvip.com\/pl\/shop\/aqualand-tickets\/\">Aqualand<\/a> Costa Adeje: 9:30 | 10:45<\/li>\n<li>H. Labranda Suites Costa Adeje: 9:35 | 10:50<\/li>\n<li>Centrum handlowe Duke Shops: 9:35 | 10:55<\/li>\n<li>Hotel Sunwing Fa\u00f1ab\u00e9: 9:40 | 11:00<\/li>\n<li>Hotel Allsun Hibiscos: 9:45 | 11:05<\/li>\n<li>Calle Llanos De Troya: 9:50 | 11:35<\/li>\n<li>Bar Leonardo's: 9:55 | 11:40<\/li>\n<li>Hotel Best Tenerife: 10:00 | 11:45<\/li>\n<li>Centrum handlowe Pasarela \"La Pepa\": 10:10 | 11:50<\/li>\n<li>Hotel Sol Arona Teneryfa: 10:15 | 11:55<\/li>\n<\/ul>\n<p><strong>Czas powrotu<\/strong>: 16:30 | 17:30.<\/p>\n<p>Miejsca w autobusie wahad\u0142owym s\u0105 ograniczone i dost\u0119pne na zasadzie \"kto pierwszy, ten lepszy\" bez wcze\u015bniejszej rezerwacji.<\/p>\n<h3>\ud83d\udd25 <strong>Zarezerwuj teraz, aby uzyska\u0107 ekskluzywne oferty Jungle Park<\/strong><\/h3>\n<p>Zanurz si\u0119 w dzikim pi\u0119knie Parku D\u017cungli na Teneryfie z CanaryVIP. Zabezpiecz najlepsze oferty, ciesz si\u0119 bezproblemowym dost\u0119pem i stw\u00f3rz niezapomniane wspomnienia w bujnej scenerii Chayofa.<\/p>\n<p>Zanurz si\u0119 w \u015bwiecie, w kt\u00f3rym dzika przyroda i przygoda zbiegaj\u0105 si\u0119 w Parku D\u017cungli na Teneryfie, gdzie ka\u017cda \u015bcie\u017cka prowadzi do odkrycia, a ka\u017cde spotkanie jest histori\u0105 czekaj\u0105c\u0105 na opowiedzenie. Zarezerwuj swoj\u0105 podr\u00f3\u017c ju\u017c dzi\u015b i uwolnij w sobie odkrywc\u0119!<\/p>","protected":false},"excerpt":{"rendered":"<p><strong>\ud83d\udd0d Jungle Park Highligts:<\/strong><br \/>\n\u2705 Bezpieczna p\u0142atno\u015b\u0107.<br \/>\n\ud83d\ude80 Szybkie wej\u015bcie dla posiadaczy przepustek.<br \/>\n\ud83e\udd85 Wst\u0119p na wszystkie pokazy.<br \/>\nOtwarte od 10:00 do 17:30.<br \/>\n\ud83e\udd11 Gwarancja najlepszej ceny.<br \/>\n\ud83d\ude8d Bezp\u0142atny autobus wahad\u0142owy.<br \/>\n\ud83d\udc6a Zni\u017cki dla rezerwacji grupowych.<br \/>\n\ud83d\udd01 Anulowanie do 72 godzin.<br \/>\n\ud83c\udf0d Obs\u0142uga w kilku j\u0119zykach.<br \/>\n\ud83c\udf1f Zarezerwuj teraz i zaoszcz\u0119d\u017a!<br \/>\n\ud83d\udccd Znajd\u017a <a href=\"https:\/\/maps.app.goo.gl\/K7g47iUPFiKyfYdU9\">Jungle Park na mapach<\/a>.<\/p>","protected":false},"featured_media":9501,"comment_status":"open","ping_status":"closed","template":"","meta":{"_acf_changed":false},"product_brand":[],"product_cat":[54],"product_tag":[],"class_list":{"0":"post-9493","1":"product","2":"type-product","3":"status-publish","4":"has-post-thumbnail","6":"product_cat-theme-parks","7":"wcpa_has_options","9":"first","10":"instock","11":"virtual","12":"purchasable","13":"product-type-simple"},"acf":[],"wcpa_form_fields":{"wcpaData":{"product":{"product_price":35,"price_html":"From&nbsp;<span class=\"woocommerce-Price-amount amount\"><bdi>35,00&nbsp;<span class=\"woocommerce-Price-currencySymbol\">&euro;<\/span><\/bdi><\/span>","original_product_price":35,"price_including_tax":35,"price_excluding_tax":35,"product_id":{"parent":9493,"variation":false},"is_variable":false,"stock_status":"instock","stock_quantity":null,"parent_sku":"CV9493","product_attributes":[],"custom_fields":[],"is_taxable":false,"product_name":"Buy Jungle Park Tickets","hasImage":false},"fields":{"sec_065df48f68f816":{"extra":{"key":"sec_065df48f68f816","section_id":"sec_065df48f68f816","name":"Jungle Park Tickets","status":1,"cl_rule":"show","enableCl":false,"relations":[{"operator":false,"rules":[{"operator":"AND","rules":{"cl_field":"radio-group_665df45fcbc30b","cl_relation":"is","cl_val":"Siam Park Regular Tickets"}}]}],"toggle":true,"title_tag":"h4","show_title":false,"showPrice":"default","form_id":10144,"form_rules":{"exclude_from_discount":true,"fee_label":"Fee","disp_hide_options_price":true,"disp_show_section_price":false,"disp_show_field_price":true,"layout_option":"standard","pric_use_as_fee":false,"process_fee_as":"woo_fee"},"layout_option":"standard"},"fields":[[{"label":"\ud83d\udcc5 Date","active":true,"required":true,"elementId":"date_365df48f68f836","picker_type":"custom","picker_mode":"single","placeholder":"","description":"","tooltip":"","name":"date_365df48f68f836","label_position":"default","desc_position":"default","enablePrice":false,"className":"","enableCl":false,"relations":[{"operator":"and","rules":[{"operator":"AND","rules":{"cl_field":"radio-group_665df45fcbc30b","cl_relation":"is","cl_val":"3 Hour Trip"}}]}],"date_pic_inline":true,"date_pic_inline_hide":true,"min_date":{"type":"days","val":"0"},"max_date":{"type":"days","val":"365"},"date_pic_conf":{"disabledWeeks":[]},"price":"","cl_rule":"show","col":6,"type":"date","error":false,"enableDesign":false,"LabelColor":"","gt_translate_keys":["label","placeholder","description","tooltip"],"price_dependency":false,"cl_dependency":false,"value":""}],[{"elementId":"separator_765df48f68f845","separatorType":"blank","className":"","height":"10","enableCl":false,"relations":false,"cl_rule":"show","col":6,"type":"separator","gt_translate_keys":[],"price_dependency":false,"cl_dependency":false,"value":""}],[{"active":true,"col":6,"relations":false,"cl_rule":"show","enableCl":false,"price":"","enablePrice":false,"className":"","label_position":"default","desc_position":"default","type":"content","required":false,"elementId":"content_265df48f68f851","label":"People","name":"content_265df48f68f851","contentType":"plain","value":"","error":false,"show_in_checkout":true,"inline":false,"gt_translate_keys":["label","value"],"price_dependency":false,"cl_dependency":false}],[{"active":true,"col":6,"relations":[{"operator":false,"rules":[{"operator":"AND","rules":{"cl_field":"","cl_relation":"","cl_val":""}}]}],"cl_rule":"show","enableCl":true,"price":"35","enablePrice":true,"className":"","label_position":"default","desc_position":"default","type":"radio-group","required":false,"elementId":"radio-group_165df48f68f85d","label":"","name":"radio-group_165df48f68f85d","values":[{"label":"\ud83d\udc64 Adult (35\u20ac)","value":"Adult","selected":true,"tempId":"aco_32","tooltip":"+11 Years","description":"","gt_translate_keys":["label","tooltip","description"]}],"layOut":"","error":false,"checkUi":"button","priceOptions":"fixed_for_all","pricingType":"fixed","enable_quantity":true,"quantity_label":"","min_quantity":"0","options_tooltip":true,"options_description":true,"gt_translate_keys":["label","quantity_label"],"price_dependency":false,"cl_dependency":false,"value":""}],[{"label":"","active":true,"required":false,"elementId":"radio-group_265df48f68f868","name":"radio-group_265df48f68f868","label_position":"default","desc_position":"default","enablePrice":true,"className":"","enableCl":false,"relations":false,"enable_quantity":true,"quantity_label":"","min_quantity":"0","checkUi":"button","layOut":"","values":[{"label":"\ud83d\udc66 Child (29\u20ac)","value":"Child","selected":true,"tempId":"aco_32","tooltip":"5-10 Years","description":"","gt_translate_keys":["label","tooltip","description"]}],"priceOptions":"fixed_for_all","pricingType":"fixed","price":"29","cl_rule":"show","col":6,"type":"radio-group","error":false,"options_tooltip":true,"options_description":true,"gt_translate_keys":["label","quantity_label"],"price_dependency":false,"cl_dependency":false,"value":""}],[{"label":"","active":true,"required":false,"elementId":"radio-group_1065df48f68f873","name":"radio-group_1065df48f68f873","label_position":"default","desc_position":"default","enablePrice":true,"className":"","enableCl":false,"relations":false,"enable_quantity":true,"quantity_label":"","min_quantity":"0","checkUi":"button","layOut":"","values":[{"label":"\ud83d\udc76 Toddler (16\u20ac)","value":"Toddler","selected":true,"tempId":"aco_32","tooltip":"3-4 Years","gt_translate_keys":["label","tooltip"]}],"priceOptions":"fixed_for_all","pricingType":"fixed","price":"16","cl_rule":"show","col":6,"type":"radio-group","error":false,"options_tooltip":true,"gt_translate_keys":["label","quantity_label"],"price_dependency":false,"cl_dependency":false,"value":""}]]}},"config":{"price_override":"always","enable_recaptcha":false,"bind_quantity":false,"quantity_bind_formula":false,"disp_summ_show_option_price":true,"disp_summ_show_product_price":false,"disp_summ_show_total_price":true,"disp_summ_show_fee":true,"disp_summ_show_discount":true,"summary_title":"","options_total_label":"Options Price","total_label":"Total Amount","options_product_label":"Product Price","fee_label":"Fee","discount_label":"Discount","has_price":true,"has_quantity_formula":false},"mc_unit":1,"tax_rate":1,"tax_rate_real":1,"discount":{"percentage":0,"fixed":0},"design":{"conf":{"LabelPosition":"above","DescPosition":"above","UploadField":"custom_1","QuantityFieldStyle":"custom_1"},"css":{"LeftLabelWidth":"120px"}},"formulas":[],"lookuptables":[],"clones":false,"cartKey":false}},"_links":{"self":[{"href":"https:\/\/canaryvip.com\/pl\/wp-json\/wp\/v2\/product\/9493","targetHints":{"allow":["GET"]}}],"collection":[{"href":"https:\/\/canaryvip.com\/pl\/wp-json\/wp\/v2\/product"}],"about":[{"href":"https:\/\/canaryvip.com\/pl\/wp-json\/wp\/v2\/types\/product"}],"replies":[{"embeddable":true,"href":"https:\/\/canaryvip.com\/pl\/wp-json\/wp\/v2\/comments?post=9493"}],"wp:featuredmedia":[{"embeddable":true,"href":"https:\/\/canaryvip.com\/pl\/wp-json\/wp\/v2\/media\/9501"}],"wp:attachment":[{"href":"https:\/\/canaryvip.com\/pl\/wp-json\/wp\/v2\/media?parent=9493"}],"wp:term":[{"taxonomy":"product_brand","embeddable":true,"href":"https:\/\/canaryvip.com\/pl\/wp-json\/wp\/v2\/product_brand?post=9493"},{"taxonomy":"product_cat","embeddable":true,"href":"https:\/\/canaryvip.com\/pl\/wp-json\/wp\/v2\/product_cat?post=9493"},{"taxonomy":"product_tag","embeddable":true,"href":"https:\/\/canaryvip.com\/pl\/wp-json\/wp\/v2\/product_tag?post=9493"}],"curies":[{"name":"wp","href":"https:\/\/api.w.org\/{rel}","templated":true}]}}