{"id":9488,"date":"2024-02-05T21:54:37","date_gmt":"2024-02-05T21:54:37","guid":{"rendered":"https:\/\/canaryvip.com\/?post_type=product&#038;p=9488"},"modified":"2025-08-09T13:00:03","modified_gmt":"2025-08-09T12:00:03","slug":"aqualand-tickets","status":"publish","type":"product","link":"https:\/\/canaryvip.com\/pl\/shop\/aqualand-tickets\/","title":{"rendered":"Kup bilety do Aqualandii"},"content":{"rendered":"<h2>\ud83c\udf0a <strong>Aqualand Costa Adeje: Zanurz si\u0119 w zabawie i przygodzie!<\/strong><\/h2>\n<ul>\n<li><strong>Czynne codziennie:<\/strong> Pluskaj si\u0119 i baw od 10:00 do 17:00, zapewniaj\u0105c dzie\u0144 pe\u0142en zabawy i wra\u017ce\u0144.<\/li>\n<li><strong>Dogodna lokalizacja:<\/strong> Po\u0142o\u017cony w t\u0119tni\u0105cej \u017cyciem okolicy Costa Adeje, Aqualand obiecuje \u0142atwo dost\u0119pny dzie\u0144 dla ka\u017cdego.<\/li>\n<li><strong>Elastyczno\u015b\u0107 bilet\u00f3w:<\/strong> Bilety s\u0105 wa\u017cne przez 90 dni od daty zakupu, co daje swobod\u0119 wyboru idealnego dnia na wizyt\u0119.<\/li>\n<\/ul>\n<p>\ud83d\udccd <strong>Prime Spot:<\/strong> Aqualand znajduje si\u0119 w t\u0119tni\u0105cym \u017cyciem kurorcie Costa Adeje, kluczowym miejscu dla entuzjast\u00f3w park\u00f3w wodnych.<br \/>\nWskaz\u00f3wki, bez wysi\u0142ku <a href=\"https:\/\/maps.app.goo.gl\/A5TcFcUtHUGD1ykJ7\" target=\"_blank\" rel=\"noopener\">Znajd\u017a Aqualand na Mapach Google<\/a> i zaplanuj z wyprzedzeniem sw\u00f3j dzie\u0144 pe\u0142en plusk\u00f3w.<\/p>\n<p>\ud83c\udf92 <strong>Przygotuj si\u0119 na przygod\u0119:<\/strong> Nie zapomnij o kremie do opalania, stroju k\u0105pielowym i r\u0119czniku na ca\u0142y dzie\u0144 s\u0142onecznej zabawy. Dost\u0119pna jest wypo\u017cyczalnia szafek, aby Twoje rzeczy by\u0142y bezpieczne.<\/p>\n<p>\ud83d\udca7 <strong>Stacja nawadniaj\u0105ca:<\/strong> Zabierz ze sob\u0105 wod\u0119, aby nawodni\u0107 si\u0119 pod s\u0142o\u0144cem, a dla Twojej wygody w parku dost\u0119pne s\u0105 opcje jedzenia i picia.<\/p>\n<p>\ud83c\udfab <strong>Bezproblemowe wej\u015bcie:<\/strong> Dzi\u0119ki biletom CanaryVIP mo\u017cna omin\u0105\u0107 kolejki do zakupu bilet\u00f3w na miejscu i cieszy\u0107 si\u0119 szybszym dost\u0119pem. Wst\u0119pnie zakupione bilety oznaczaj\u0105, \u017ce z \u0142atwo\u015bci\u0105 rozpoczniesz swoj\u0105 przygod\u0119 w Aqualand.<\/p>\n<p>\ud83d\ude8c <strong>Bezp\u0142atny transfer Aqualand Shuttle:<\/strong> Skorzystaj z ekskluzywnego bezp\u0142atnego transferu Aqualand, aby \u0142atwo transportowa\u0107 si\u0119 z r\u00f3\u017cnych punkt\u00f3w na po\u0142udniu Teneryfy.<\/p>\n<p>\ud83c\udf1f <strong>Ekskluzywne korzy\u015bci CanaryVIP:<\/strong> Ciesz si\u0119 specjalnymi rabatami i korzy\u015bciami, rezerwuj\u0105c u nas bilety do Aqualand! Zar\u00f3wno doro\u015bli, jak i dzieci mog\u0105 cieszy\u0107 si\u0119 dniem niezr\u00f3wnanej zabawy w konkurencyjnych cenach.<\/p>\n<ul>\n<li><strong>Natychmiastowe rabaty:<\/strong> Zabezpiecz swoje bilety przez CanaryVIP i ciesz si\u0119 natychmiastowymi oszcz\u0119dno\u015bciami.<\/li>\n<li><strong>Priorytetowy dost\u0119p:<\/strong> Omi\u0144 kolejki i zanurz si\u0119 w akcji.<\/li>\n<li><strong>Warto\u015bciowe oferty:<\/strong> Wypatruj naszych ofert \u0142\u0105czonych z <a href=\"https:\/\/canaryvip.com\/pl\/shop\/aqualand-jungle-park-2park\/\">Aqualand i Jungle Park<\/a>maksymalizuj\u0105c zabaw\u0119 i oszcz\u0119dzaj\u0105c pieni\u0105dze.<\/li>\n<li><strong>Elastyczne anulowanie:<\/strong> Plany uleg\u0142y zmianie? Anuluj do 72 godzin przed wizyt\u0105, aby uzyska\u0107 pe\u0142ny zwrot koszt\u00f3w.<\/li>\n<\/ul>\n<p>\ud83d\udc2c <strong>Koniecznie zobacz pokaz delfin\u00f3w:<\/strong> Nie przegap czaruj\u0105cych wyst\u0119p\u00f3w delfin\u00f3w codziennie o 15:30, kt\u00f3re s\u0105 bezp\u0142atne w ramach biletu wst\u0119pu do parku.<\/p>\n<p>\ud83d\udc6a <strong>Zabawa przyjazna rodzinie:<\/strong> Aqualand oferuje idealne po\u0142\u0105czenie ekscytuj\u0105cych zje\u017cd\u017calni dla poszukiwaczy adrenaliny i \u0142agodnych plac\u00f3w zabaw dla najm\u0142odszych, zapewniaj\u0105c niezapomniany dzie\u0144 dla ca\u0142ej rodziny.<\/p>\n<h2>Ekskluzywna us\u0142uga Aqualand Shuttle Service<\/h2>\n<p><strong>Bezproblemowa obs\u0142uga transferu:<\/strong> Podnie\u015b poziom swojej wizyty w Aqualandii dzi\u0119ki naszemu bezp\u0142atnemu transferowi, oferuj\u0105cemu bezstresow\u0105 podr\u00f3\u017c do parku. Ciesz si\u0119 \u0142atwo\u015bci\u0105 naszej bezp\u0142atnej us\u0142ugi autobusowej, p\u0142ynnie \u0142\u0105cz\u0105cej Los Cristianos, Playa De las Am\u00e9ricas i Costa Adeje, aby sp\u0119dzi\u0107 przyjemny dzie\u0144 bez wysi\u0142ku.<\/p>\n<p><span style=\"text-decoration: underline;\"><strong>Harmonogram bezp\u0142atnych przejazd\u00f3w wahad\u0142owych:<\/strong><\/span><\/p>\n<ul>\n<li><strong>Trasy:<\/strong> Los Cristianos - Playa De las Am\u00e9ricas - Costa Adeje<\/li>\n<li><strong>Przystanki autobusowe i godziny:<\/strong>\n<ul>\n<li>Centrum Handlowe Pasarela: 9:30 | 10:30 | 11:30<\/li>\n<li>Hotel Sol Arona Teneryfa: 9:35 | 10:35 | 11:35<\/li>\n<li>Hotel Best Tenerife: 9:40 | 10:40 | 11:40<\/li>\n<li>Bar Leonardo's: 9:45 | 10:45 | 11:45<\/li>\n<li>Ulica Llanos de Troya: 9:50 | 10:50 | 11:50<\/li>\n<li>H. Labranda Suites Costa Adeje: 10:05 | 11:05 | 12:05<\/li>\n<li>Centrum handlowe Duke Shops: 10:05 | 11:05 | 12:05<\/li>\n<li>Hotel Sunwing Fa\u00f1ab\u00e9: 10:10 | 11:10 | 12:10<\/li>\n<\/ul>\n<\/li>\n<\/ul>\n<p><strong>Czas powrotu:<\/strong> 4:30 p.m. i 5:15 p.m.<\/p>\n<p>Nale\u017cy pami\u0119ta\u0107, \u017ce liczba miejsc w ka\u017cdym transporcie wahad\u0142owym jest ograniczona i s\u0105 one obsadzane wed\u0142ug kolejno\u015bci zg\u0142osze\u0144 bez wcze\u015bniejszej rezerwacji. Zapewnij sobie bezproblemowy pocz\u0105tek i koniec przygody w Aqualand, przybywaj\u0105c wcze\u015bniej do wyznaczonego punktu odbioru.<\/p>\n<h3>\ud83d\udd25 <strong>Nie przegap: Ekskluzywne oferty na CanaryVIP.com<\/strong><\/h3>\n<p>Gotowy na dzie\u0144 pe\u0142en wra\u017ce\u0144 w Aqualand Costa Adeje?<\/p>\n<p>Ksi\u0105\u017cka z <strong>CanaryVIP<\/strong> aby uzyska\u0107 najlepsze ceny i bezproblemowe do\u015bwiadczenie, wraz z ofertami specjalnymi i przyjazn\u0105 polityk\u0105 anulowania rezerwacji. Zr\u00f3b plusk i stw\u00f3rz niezapomniane wspomnienia!<\/p>","protected":false},"excerpt":{"rendered":"<p><strong>Karnety wst\u0119pu do Aqualand:<\/strong><br \/>\n\u2705 Bezpieczna p\u0142atno\u015b\u0107.<br \/>\n\ud83d\ude80 Szybkie wej\u015bcie dla posiadaczy przepustek.<br \/>\n\ud83c\udf0a Dost\u0119p do wszystkich ekscytuj\u0105cych przeja\u017cd\u017cek.<br \/>\n\ud83d\udc2c Wliczony w cen\u0119 pokaz delfin\u00f3w.<br \/>\n\ud83d\udd59 Otwarte od 10:00 do 17:00.<br \/>\n\ud83e\udd11 Gwarancja najlepszej ceny.<br \/>\n\ud83d\ude8d Bezp\u0142atny autobus wahad\u0142owy.<br \/>\n\ud83d\udc6a Zni\u017cki dla rezerwacji grupowych.<br \/>\n\ud83d\udd01 Anulowanie do 72 godzin.<br \/>\n\ud83c\udf0d Obs\u0142uga w kilku j\u0119zykach.<br \/>\n\ud83c\udf1f Zarezerwuj teraz i zaoszcz\u0119d\u017a!<br \/>\n\ud83d\udccd Znajd\u017a <a href=\"https:\/\/maps.app.goo.gl\/A5TcFcUtHUGD1ykJ7\">Aqualand na mapach<\/a>.<\/p>","protected":false},"featured_media":9492,"comment_status":"open","ping_status":"closed","template":"","meta":{"_acf_changed":false},"product_brand":[],"product_cat":[54],"product_tag":[],"class_list":{"0":"post-9488","1":"product","2":"type-product","3":"status-publish","4":"has-post-thumbnail","6":"product_cat-theme-parks","7":"wcpa_has_options","9":"first","10":"instock","11":"virtual","12":"purchasable","13":"product-type-simple"},"acf":[],"wcpa_form_fields":{"wcpaData":{"product":{"product_price":36,"price_html":"From&nbsp;<span class=\"woocommerce-Price-amount amount\"><bdi>36,00&nbsp;<span class=\"woocommerce-Price-currencySymbol\">&euro;<\/span><\/bdi><\/span>","original_product_price":36,"price_including_tax":36,"price_excluding_tax":36,"product_id":{"parent":9488,"variation":false},"is_variable":false,"stock_status":"instock","stock_quantity":null,"parent_sku":"CV9488","product_attributes":[],"custom_fields":[],"is_taxable":false,"product_name":"Buy Aqualand Tickets","hasImage":false},"fields":{"sec_665df45fcbc30e":{"extra":{"key":"sec_665df45fcbc30e","section_id":"sec_665df45fcbc30e","name":"Aqualand Tickets","status":1,"cl_rule":"show","enableCl":false,"relations":[{"operator":false,"rules":[{"operator":"AND","rules":{"cl_field":"radio-group_665df45fcbc30b","cl_relation":"is","cl_val":"Siam Park Regular Tickets"}}]}],"toggle":true,"title_tag":"h4","show_title":false,"showPrice":"default","form_id":10143,"form_rules":{"exclude_from_discount":true,"fee_label":"Fee","disp_hide_options_price":true,"disp_show_section_price":false,"disp_show_field_price":true,"layout_option":"standard","pric_use_as_fee":false,"process_fee_as":"woo_fee"},"layout_option":"standard"},"fields":[[{"label":"\ud83d\udcc5 Date","active":true,"required":true,"elementId":"date_365df45fcbc347","picker_type":"custom","picker_mode":"single","placeholder":"","description":"","tooltip":"","name":"date_365df45fcbc347","label_position":"default","desc_position":"default","enablePrice":false,"className":"","enableCl":false,"relations":[{"operator":"and","rules":[{"operator":"AND","rules":{"cl_field":"radio-group_665df45fcbc30b","cl_relation":"is","cl_val":"3 Hour Trip"}}]}],"date_pic_inline":true,"date_pic_inline_hide":true,"min_date":{"type":"days","val":"0"},"max_date":{"type":"days","val":"365"},"date_pic_conf":{"disabledWeeks":[]},"price":"","cl_rule":"show","col":6,"type":"date","error":false,"enableDesign":false,"LabelColor":"","gt_translate_keys":["label","placeholder","description","tooltip"],"price_dependency":false,"cl_dependency":false,"value":""}],[{"elementId":"separator_865df45fcbc360","separatorType":"blank","className":"","height":"10","enableCl":false,"relations":false,"cl_rule":"show","col":6,"type":"separator","gt_translate_keys":[],"price_dependency":false,"cl_dependency":false,"value":""}],[{"active":true,"col":6,"relations":false,"cl_rule":"show","enableCl":false,"price":"","enablePrice":false,"className":"","label_position":"default","desc_position":"default","type":"content","required":false,"elementId":"content_265df45fcbc377","label":"People","name":"content_265df45fcbc377","contentType":"plain","value":"","error":false,"show_in_checkout":true,"inline":false,"gt_translate_keys":["label","value"],"price_dependency":false,"cl_dependency":false}],[{"active":true,"col":6,"relations":[{"operator":false,"rules":[{"operator":"AND","rules":{"cl_field":"","cl_relation":"","cl_val":""}}]}],"cl_rule":"show","enableCl":true,"price":"36","enablePrice":true,"className":"","label_position":"default","desc_position":"default","type":"radio-group","required":false,"elementId":"radio-group_365df45fcbc390","label":"","name":"radio-group_365df45fcbc390","values":[{"label":"\ud83d\udc64 Adult (36\u20ac)","value":"Adult","selected":true,"tempId":"aco_32","tooltip":"+11 Years","description":"","gt_translate_keys":["label","tooltip","description"]}],"layOut":"","error":false,"checkUi":"button","priceOptions":"fixed_for_all","pricingType":"fixed","enable_quantity":true,"quantity_label":"","min_quantity":"0","options_tooltip":true,"options_description":true,"gt_translate_keys":["label","quantity_label"],"price_dependency":false,"cl_dependency":false,"value":""}],[{"label":"","active":true,"required":false,"elementId":"radio-group_565df45fcbc3a8","name":"radio-group_565df45fcbc3a8","label_position":"default","desc_position":"default","enablePrice":true,"className":"","enableCl":false,"relations":false,"enable_quantity":true,"quantity_label":"","min_quantity":"0","checkUi":"button","layOut":"","values":[{"label":"\ud83d\udc66 Child (29\u20ac)","value":"Child","selected":true,"tempId":"aco_32","tooltip":"5-10 Years","description":"","gt_translate_keys":["label","tooltip","description"]}],"priceOptions":"fixed_for_all","pricingType":"fixed","price":"29","cl_rule":"show","col":6,"type":"radio-group","error":false,"options_tooltip":true,"options_description":true,"gt_translate_keys":["label","quantity_label"],"price_dependency":false,"cl_dependency":false,"value":""}],[{"label":"","active":true,"required":false,"elementId":"radio-group_865df45fcbc3bf","name":"radio-group_865df45fcbc3bf","label_position":"default","desc_position":"default","enablePrice":true,"className":"","enableCl":false,"relations":false,"enable_quantity":true,"quantity_label":"","min_quantity":"0","checkUi":"button","layOut":"","values":[{"label":"\ud83d\udc76 Toddler (16\u20ac)","value":"Toddler","selected":true,"tempId":"aco_32","tooltip":"3-4 Years","gt_translate_keys":["label","tooltip"]}],"priceOptions":"fixed_for_all","pricingType":"fixed","price":"16","cl_rule":"show","col":6,"type":"radio-group","error":false,"options_tooltip":true,"gt_translate_keys":["label","quantity_label"],"price_dependency":false,"cl_dependency":false,"value":""}]]}},"config":{"price_override":"always","enable_recaptcha":false,"bind_quantity":false,"quantity_bind_formula":false,"disp_summ_show_option_price":true,"disp_summ_show_product_price":false,"disp_summ_show_total_price":true,"disp_summ_show_fee":true,"disp_summ_show_discount":true,"summary_title":"","options_total_label":"Options Price","total_label":"Total Amount","options_product_label":"Product Price","fee_label":"Fee","discount_label":"Discount","has_price":true,"has_quantity_formula":false},"mc_unit":1,"tax_rate":1,"tax_rate_real":1,"discount":{"percentage":0,"fixed":0},"design":{"conf":{"LabelPosition":"above","DescPosition":"above","UploadField":"custom_1","QuantityFieldStyle":"custom_1"},"css":{"LeftLabelWidth":"120px"}},"formulas":[],"lookuptables":[],"clones":false,"cartKey":false}},"_links":{"self":[{"href":"https:\/\/canaryvip.com\/pl\/wp-json\/wp\/v2\/product\/9488","targetHints":{"allow":["GET"]}}],"collection":[{"href":"https:\/\/canaryvip.com\/pl\/wp-json\/wp\/v2\/product"}],"about":[{"href":"https:\/\/canaryvip.com\/pl\/wp-json\/wp\/v2\/types\/product"}],"replies":[{"embeddable":true,"href":"https:\/\/canaryvip.com\/pl\/wp-json\/wp\/v2\/comments?post=9488"}],"wp:featuredmedia":[{"embeddable":true,"href":"https:\/\/canaryvip.com\/pl\/wp-json\/wp\/v2\/media\/9492"}],"wp:attachment":[{"href":"https:\/\/canaryvip.com\/pl\/wp-json\/wp\/v2\/media?parent=9488"}],"wp:term":[{"taxonomy":"product_brand","embeddable":true,"href":"https:\/\/canaryvip.com\/pl\/wp-json\/wp\/v2\/product_brand?post=9488"},{"taxonomy":"product_cat","embeddable":true,"href":"https:\/\/canaryvip.com\/pl\/wp-json\/wp\/v2\/product_cat?post=9488"},{"taxonomy":"product_tag","embeddable":true,"href":"https:\/\/canaryvip.com\/pl\/wp-json\/wp\/v2\/product_tag?post=9488"}],"curies":[{"name":"wp","href":"https:\/\/api.w.org\/{rel}","templated":true}]}}