{"id":8824,"date":"2024-01-15T13:42:01","date_gmt":"2024-01-15T13:42:01","guid":{"rendered":"https:\/\/canaryvip.com\/?post_type=product&#038;p=8824"},"modified":"2025-09-19T12:00:53","modified_gmt":"2025-09-19T11:00:53","slug":"siam-park-vip-villa","status":"publish","type":"product","link":"https:\/\/canaryvip.com\/pl\/shop\/siam-park-vip-villa\/","title":{"rendered":"Siam Park VIP Villa"},"content":{"rendered":"<section class=\"l-section wpb_row height_medium\"><div class=\"l-section-h i-cf\"><div class=\"g-cols vc_row via_flex valign_top type_default stacking_default\"><div class=\"vc_col-sm-12 wpb_column vc_column_container\"><div class=\"vc_column-inner\"><div class=\"wpb_wrapper\"><div class=\"wpb_text_column\"><div class=\"wpb_wrapper\"><h2>\ud83c\udf34 <strong>Siam Park VIP Villa Experience z CanaryVIP<\/strong><\/h2>\n<p>Witamy na szczycie luksusu w Siam Park na Teneryfie. Jako oaza dla entuzjast\u00f3w wody, <strong>Siam Park<\/strong> s\u0142ynie z ekscytuj\u0105cych przeja\u017cd\u017cek i malowniczych krajobraz\u00f3w. Od pompuj\u0105cych adrenalin\u0119 <strong>Tower of Power<\/strong> do spokojnego <strong>Rzeka Mai Thai,<\/strong>\u00a0zaspokajamy potrzeby ka\u017cdego poszukiwacza przyg\u00f3d. Podnie\u015b swoj\u0105 wizyt\u0119 dzi\u0119ki ekskluzywnej willi VIP, w kt\u00f3rej wyrafinowanie i emocje \u0142\u0105cz\u0105 si\u0119.<\/p>\n<h3><strong>Luksusowe udogodnienia w willi VIP<\/strong><\/h3>\n<ul>\n<li><strong>Elegancja inspirowana Tajlandi\u0105:<\/strong> Willa VIP, ozdobiona tajsk\u0105 elegancj\u0105, oferuje spokojny i luksusowy wypoczynek.<\/li>\n<li><strong>Najwy\u017cszy komfort:<\/strong> Zrelaksuj si\u0119 w ekstrawaganckim otoczeniu z pluszowymi sofami, prywatnymi prysznicami na tarasie i le\u017cakami.<\/li>\n<li><strong>R\u0119czniki i prywatny prysznic:<\/strong> Do dyspozycji Go\u015bci s\u0105 \u015bwie\u017ce r\u0119czniki oraz prywatny prysznic.<\/li>\n<li><strong>Klimatyzacja:<\/strong> Najnowocze\u015bniejsze wentylatory zapewniaj\u0105 komfortow\u0105 atmosfer\u0119.<\/li>\n<li><strong>Bezpieczne przechowywanie kosztowno\u015bci:<\/strong> Dla bezpiecze\u0144stwa Go\u015bci dost\u0119pny jest sejf.<\/li>\n<li><strong>Prywatny taras z le\u017cakami:<\/strong> Go\u015bcie mog\u0105 opala\u0107 si\u0119 lub relaksowa\u0107 w cieniu na ekskluzywnym tarasie.<\/li>\n<li><strong>Osobiste jacuzzi:<\/strong> Zanurz si\u0119 w relaksie z w\u0142asnym prywatnym jacuzzi, symbolem najwy\u017cszego luksusu.<\/li>\n<\/ul>\n<h3><strong>Rozrywka i komfort w willi<\/strong><\/h3>\n<ul>\n<li><strong>Telewizor i cz\u0119\u015b\u0107 wypoczynkowa:<\/strong> Wygodny salon z telewizorem do ogl\u0105dania ulubionych program\u00f3w.<\/li>\n<li><strong>Dobrze zaopatrzony minibar:<\/strong> W minibarze dost\u0119pne s\u0105 rozmaite napoje, kt\u00f3re zaspokoj\u0105 ka\u017cde pragnienie.<\/li>\n<li><strong>Wy\u017cywienie all inclusive:<\/strong> Rozkoszuj si\u0119 r\u00f3\u017cnorodnym wyborem kulinarnych przysmak\u00f3w w naszych restauracjach premium.<\/li>\n<li><strong>Napoje i lody:<\/strong> Nieograniczony dost\u0119p do napoj\u00f3w bezalkoholowych, piwa, wody i lod\u00f3w.<\/li>\n<\/ul>\n<h3><strong>Priorytetowy dost\u0119p do atrakcji z VIP Fast Pass:<\/strong><\/h3>\n<ul>\n<li><strong>Ca\u0142odniowa szybka przepustka:<\/strong> Omi\u0144 kolejki, aby uzyska\u0107 natychmiastowy dost\u0119p do wszystkich atrakcji, maksymalizuj\u0105c przyjemno\u015b\u0107.<\/li>\n<\/ul>\n<h3><strong>Wy\u017cywienie all inclusive i nieograniczone opcje napoj\u00f3w:<\/strong><\/h3>\n<ul>\n<li><strong>Nieograniczony wyb\u00f3r potraw:<\/strong> Zafunduj sobie kompleksowe doznania kulinarne dzi\u0119ki szerokiej gamie opcji dost\u0119pnych w ca\u0142ym parku.<\/li>\n<li><strong>Nieograniczone napoje:<\/strong> Ciesz si\u0119 nieograniczonym dost\u0119pem do szerokiej gamy bezp\u0142atnych napoj\u00f3w, kt\u00f3re zapewni\u0105 Ci orze\u017awienie podczas ca\u0142ej wizyty.<\/li>\n<\/ul>\n<h3><strong>\ud83d\udcb0 Wyj\u0105tkowe ceny i warto\u015b\u0107<\/strong><\/h3>\n<ul>\n<li><strong>Stawka wliczona w cen\u0119:<\/strong> Willa VIP jest dost\u0119pna za 1215 \u20ac i mo\u017ce pomie\u015bci\u0107 do 8 os\u00f3b, zapewniaj\u0105c prywatno\u015b\u0107 i wy\u0142\u0105czno\u015b\u0107 zar\u00f3wno ma\u0142ym, jak i wi\u0119kszym grupom.<\/li>\n<li><strong>Dodatkowe zakwaterowanie dla go\u015bci:<\/strong> Willa mo\u017ce pomie\u015bci\u0107 do 12 os\u00f3b, z dodatkow\u0105 op\u0142at\u0105 w wysoko\u015bci 151 \u20ac za osob\u0119 powy\u017cej pocz\u0105tkowej \u00f3semki.<\/li>\n<\/ul>\n<h3><strong>Wygodny i bezp\u0142atny transport<\/strong><\/h3>\n<ul>\n<li><strong>Podr\u00f3\u017c bez stresu:<\/strong> Skorzystaj z bezp\u0142atnej us\u0142ugi autobusowej Siam Park, aby \u0142atwo i wygodnie si\u0119 przemieszcza\u0107.<\/li>\n<li><strong>Rozbudowane punkty odbioru:<\/strong> Wiele lokalizacji odbioru na ca\u0142ej Teneryfie zapewnia \u0142atwy dost\u0119p.<\/li>\n<\/ul>\n<h3><strong>Zaplanuj swoj\u0105 ostateczn\u0105 wizyt\u0119<\/strong><\/h3>\n<ul>\n<li><strong>Dost\u0119pno\u015b\u0107 przez ca\u0142y rok:<\/strong> Otwarte latem (10:00-18:00) i zim\u0105 (10:00-17:00).<\/li>\n<li><strong>Doskona\u0142a lokalizacja:<\/strong> Po\u0142o\u017cony w t\u0119tni\u0105cym \u017cyciem Costa Adeje, oferuje wspania\u0142e widoki i \u0142atwy dost\u0119p.<\/li>\n<\/ul>\n<h3><b>Warunki anulowania<\/b><\/h3>\n<ul>\n<li style=\"font-weight: 400;\" aria-level=\"1\"><span style=\"font-weight: 400;\">Go\u015bcie, kt\u00f3rzy anuluj\u0105 <\/span><b>co najmniej miesi\u0105c przed planowan\u0105 us\u0142ug\u0105<\/b><span style=\"font-weight: 400;\"> otrzymaj\u0105 <\/span><b>pe\u0142ny zwrot pieni\u0119dzy<\/b><span style=\"font-weight: 400;\">.<\/span>&nbsp;<\/li>\n<li style=\"font-weight: 400;\" aria-level=\"1\"><span style=\"font-weight: 400;\">Przes\u0142ane anulowania <\/span><b>od jednego miesi\u0105ca do 7 dni wcze\u015bniej<\/b><span style=\"font-weight: 400;\"> do us\u0142ugi podlegaj\u0105 <\/span><b>Op\u0142ata za anulowanie 60%<\/b><span style=\"font-weight: 400;\">.<\/span>&nbsp;<\/li>\n<li style=\"font-weight: 400;\" aria-level=\"1\"><span style=\"font-weight: 400;\">Dokonane anulowania <\/span><b>w ci\u0105gu 7 dni od zaplanowanej daty<\/b><span style=\"font-weight: 400;\"> s\u0105 <\/span><b>bezzwrotny<\/b><span style=\"font-weight: 400;\">.<\/span><\/li>\n<\/ul>\n<h3><strong>Do\u015bwiadczenie Deluxe CanaryVIP<\/strong><\/h3>\n<ul>\n<li><strong>Krok do luksusu:<\/strong> Urozmai\u0107 swoj\u0105 wizyt\u0119 w Siam Park pobytem w willi VIP.<\/li>\n<li><strong>Tw\u00f3rz niezapomniane chwile:<\/strong> Zarezerwuj ju\u017c teraz, aby prze\u017cy\u0107 niezapomnian\u0105 przygod\u0119 pe\u0142n\u0105 wra\u017ce\u0144, emocji i niezapomnianych wspomnie\u0144.<\/li>\n<\/ul>\n<p>Niezale\u017cnie od tego, czy \u015bwi\u0119tujesz wa\u017cny kamie\u0144 milowy, czy organizujesz specjalne wydarzenie <strong>Willa VIP w Siam Park na Teneryfie<\/strong> oferuje niezr\u00f3wnane po\u0142\u0105czenie luksusu i ekskluzywno\u015bci. Idealny dla wi\u0119kszych grup, \u0142\u0105czy ekscytuj\u0105ce atrakcje ze spokojnym relaksem.<\/p>\n<p>Zarezerwuj teraz z CanaryVIP na wystawn\u0105 i niezapomnian\u0105 przygod\u0119 w Siam Park VIP Villa!<\/p>\n<\/div><\/div><\/div><\/div><\/div><\/div><\/div><\/section>","protected":false},"excerpt":{"rendered":"<p><strong>\ud83d\udd0d Siam Park Villa:<\/strong><br \/>\n\u2705 Bezpieczna p\u0142atno\u015b\u0107.<br \/>\n\ud83d\ude80 Ca\u0142odniowy karnet VIP Fast Pass.<br \/>\n\ud83d\udc68\u200d\ud83d\udc69\u200d\ud83d\udc66 Cena dla 8 os\u00f3b.<br \/>\n\ud83d\udc65 Pasuje do 12 os\u00f3b.<br \/>\n\ud83d\udca6 Jacuzzi na tarasie.<br \/>\n\ud83d\udd10 Szafka i r\u0119czniki w zestawie.<br \/>\n\ud83c\udf54 Nieograniczone jedzenie.<br \/>\n\ud83c\udf7a Nieograniczone napoje bezalkoholowe i piwo.<br \/>\n\ud83e\udd11 Gwarancja najlepszej ceny.<br \/>\n\ud83d\ude8d Bezp\u0142atny autobus wahad\u0142owy.<br \/>\n\ud83c\udf0d Obs\u0142uga w kilku j\u0119zykach.<br \/>\n\ud83c\udf1f Zarezerwuj teraz i zaoszcz\u0119d\u017a!<br \/>\n\ud83d\udc32 Odkryj <a href=\"https:\/\/canaryvip.com\/pl\/product-category\/tenerife\/theme-parks-tenerife\/siam-park-tickets\/\">wszystkie bilety do Siam Park tutaj<\/a>!<br \/>\n\ud83d\udccd Znajd\u017a <a href=\"https:\/\/maps.app.goo.gl\/UfftQG3CrqW5R81r9\">Siam Park na Mapach Google<\/a>!<\/p>","protected":false},"featured_media":8825,"comment_status":"open","ping_status":"closed","template":"","meta":{"_acf_changed":false},"product_brand":[],"product_cat":[54,55],"product_tag":[],"class_list":{"0":"post-8824","1":"product","2":"type-product","3":"status-publish","4":"has-post-thumbnail","6":"product_cat-theme-parks","7":"product_cat-siam-park-tickets","8":"wcpa_has_options","10":"first","11":"instock","12":"virtual","13":"purchasable","14":"product-type-simple"},"acf":[],"wcpa_form_fields":{"wcpaData":{"product":{"product_price":1320,"price_html":"From&nbsp;<span class=\"woocommerce-Price-amount amount\"><bdi>1.320,00&nbsp;<span class=\"woocommerce-Price-currencySymbol\">&euro;<\/span><\/bdi><\/span>","original_product_price":1320,"price_including_tax":1320,"price_excluding_tax":1320,"product_id":{"parent":8824,"variation":false},"is_variable":false,"stock_status":"instock","stock_quantity":null,"parent_sku":"CV8824","product_attributes":[],"custom_fields":[],"is_taxable":false,"product_name":"Siam Park VIP Villa","hasImage":false},"fields":{"sec_165dcc0a3c8397":{"extra":{"key":"sec_165dcc0a3c8397","section_id":"sec_165dcc0a3c8397","name":"Default","status":1,"cl_rule":"show","enableCl":false,"relations":[],"toggle":true,"title_tag":"h3","show_title":false,"showPrice":"default","form_id":10124,"form_rules":{"exclude_from_discount":true,"fee_label":"Fee","disp_hide_options_price":true,"disp_show_section_price":false,"disp_show_field_price":true,"layout_option":"standard","pric_use_as_fee":false,"process_fee_as":"woo_fee"},"layout_option":"standard"},"fields":[[{"active":true,"col":6,"relations":false,"cl_rule":"show","enableCl":false,"price":"","enablePrice":false,"className":"","label_position":"default","desc_position":"default","type":"date","required":false,"elementId":"date_1065dcc0a3c83b7","name":"date_1065dcc0a3c83b7","label":"\ud83d\udcc5 Date","picker_type":"custom","picker_mode":"single","error":false,"date_pic_inline":true,"date_pic_inline_hide":true,"min_date":{"type":"days","val":"3"},"max_date":{"type":"days_from_min","val":"500"},"date_pic_conf":{"disabledDates":["2025-05-26 to 2025-05-27","2025-06-01 to 2025-06-04","2025-06-12 to 2025-06-17","2025-06-18 to 2025-06-19","2025-06-20","2025-06-21","2025-06-22","2025-06-23","2025-06-24","2025-06-25","2025-06-26 to 2025-06-27","2025-06-28 to 2025-06-29","2025-07-01 to 2025-07-02","2025-07-03","2025-07-04","2025-07-05","2025-07-06","2025-07-07","2025-07-08","2025-07-09","2025-07-10","2025-07-11","2025-07-12","2025-07-13","2025-07-14","2025-07-15","2025-07-16","2025-07-17","2025-07-18 to 2025-07-25","2025-07-26","2025-07-27","2025-07-28","2025-07-29","2025-07-30","2025-07-31","2025-08-01","2025-08-02","2025-08-03","2025-08-04","2025-08-05 to 2025-08-07","2025-08-08","2025-08-09 to 2025-08-10","2025-08-11 to 2025-08-14","2025-08-15 to 2025-08-16","2025-08-17","2025-08-18","2025-08-21","2025-08-22","2025-08-23","2025-08-24 to 2025-08-26","2025-08-27","2025-08-28 to 2025-08-30","2025-08-31","2025-08-19 to 2025-08-20"]},"isWeightTemplate":false,"isTemplate":false,"min_quantity":"1","quantity_decimal":false,"quantity_step":"1","quantity_label":"Quantity","repeater_field_label":"{field_label}","repeater_bind":"","gt_translate_keys":["label","repeater_field_label","quantity_label"],"price_dependency":false,"cl_dependency":false,"value":""}],[{"active":true,"col":6,"relations":false,"cl_rule":"show","enableCl":false,"price":"","enablePrice":true,"className":"","label_position":"default","desc_position":"default","type":"select","required":false,"elementId":"select_1065dcc0a3c83c4","label":"\ud83d\udc64 Group Size","name":"select_1065dcc0a3c83c4","values":[{"label":"1 Person (1.320\u20ac)","value":"1 Person","selected":false,"tempId":"aco_670","price":"1320","gt_translate_keys":["label"]},{"label":"2 People (1.320\u20ac)","value":"2 People","selected":false,"tempId":"aco_671","price":"1320","gt_translate_keys":["label"]},{"label":"3 People (1.320\u20ac)","value":"3 People","selected":false,"tempId":"aco_672","price":"1320","gt_translate_keys":["label"]},{"label":"4 People (1.320\u20ac)","value":"4 People","selected":false,"tempId":"aco_898","price":"1320","gt_translate_keys":["label"]},{"label":"5 People (1.320\u20ac)","value":"5 People","selected":false,"tempId":"aco_908","price":"1320","gt_translate_keys":["label"]},{"label":"6 People (1.320\u20ac)","value":"6 People","selected":false,"tempId":"aco_1062","price":"1320","gt_translate_keys":["label"]},{"label":"7 People (1.320\u20ac)","value":"7 People","selected":false,"tempId":"aco_2967","price":"1320","gt_translate_keys":["label"]},{"label":"8 People (1.320\u20ac)","value":"8 People","selected":false,"tempId":"aco_3049","price":"1320","gt_translate_keys":["label"]},{"label":"\u2500 Beyond 8 people, each extra person costs \u20ac165 \u2500","value":"\u2500 Beyond 8 people, each extra person costs \u20ac165 \u2500","selected":false,"tempId":"aco_1784","price":"1320","gt_translate_keys":["label"]},{"label":"9 People (1.485\u20ac)","value":"9 People","selected":false,"tempId":"aco_3131","price":"1485","gt_translate_keys":["label"]},{"label":"10 People (1.650\u20ac)","value":"10 People","selected":false,"tempId":"aco_3213","price":"1650","gt_translate_keys":["label"]},{"label":"11 People (1.815\u20ac)","value":"11 People","selected":false,"tempId":"aco_3722","price":"1815","gt_translate_keys":["label"]},{"label":"12 People (1.980\u20ac)","value":"12 People","selected":false,"tempId":"aco_3732","price":"1980","gt_translate_keys":["label"]}],"dropdown_type":"basic","error":false,"placeholder":"None","priceOptions":"different_for_all","pricingType":"fixed","gt_translate_keys":["label","placeholder"],"price_dependency":false,"cl_dependency":false,"value":""}]]}},"config":{"price_override":"always","enable_recaptcha":false,"bind_quantity":false,"quantity_bind_formula":false,"disp_summ_show_option_price":false,"disp_summ_show_product_price":false,"disp_summ_show_total_price":true,"disp_summ_show_fee":false,"disp_summ_show_discount":false,"summary_title":"","options_total_label":"Options Price","total_label":"Total","options_product_label":"Product Price","fee_label":"Fee","discount_label":"Discount","has_price":true,"has_quantity_formula":false},"mc_unit":1,"tax_rate":1,"tax_rate_real":1,"discount":{"percentage":0,"fixed":0},"design":{"conf":{"LabelPosition":"above","DescPosition":"above","UploadField":"custom_1","QuantityFieldStyle":"custom_1"},"css":{"LeftLabelWidth":"120px"}},"formulas":[],"lookuptables":[],"clones":false,"cartKey":false}},"_links":{"self":[{"href":"https:\/\/canaryvip.com\/pl\/wp-json\/wp\/v2\/product\/8824","targetHints":{"allow":["GET"]}}],"collection":[{"href":"https:\/\/canaryvip.com\/pl\/wp-json\/wp\/v2\/product"}],"about":[{"href":"https:\/\/canaryvip.com\/pl\/wp-json\/wp\/v2\/types\/product"}],"replies":[{"embeddable":true,"href":"https:\/\/canaryvip.com\/pl\/wp-json\/wp\/v2\/comments?post=8824"}],"wp:featuredmedia":[{"embeddable":true,"href":"https:\/\/canaryvip.com\/pl\/wp-json\/wp\/v2\/media\/8825"}],"wp:attachment":[{"href":"https:\/\/canaryvip.com\/pl\/wp-json\/wp\/v2\/media?parent=8824"}],"wp:term":[{"taxonomy":"product_brand","embeddable":true,"href":"https:\/\/canaryvip.com\/pl\/wp-json\/wp\/v2\/product_brand?post=8824"},{"taxonomy":"product_cat","embeddable":true,"href":"https:\/\/canaryvip.com\/pl\/wp-json\/wp\/v2\/product_cat?post=8824"},{"taxonomy":"product_tag","embeddable":true,"href":"https:\/\/canaryvip.com\/pl\/wp-json\/wp\/v2\/product_tag?post=8824"}],"curies":[{"name":"wp","href":"https:\/\/api.w.org\/{rel}","templated":true}]}}