{"id":8821,"date":"2024-01-15T13:32:07","date_gmt":"2024-01-15T13:32:07","guid":{"rendered":"https:\/\/canaryvip.com\/?post_type=product&#038;p=8821"},"modified":"2025-09-19T12:00:06","modified_gmt":"2025-09-19T11:00:06","slug":"siam-park-vip-house","status":"publish","type":"product","link":"https:\/\/canaryvip.com\/pl\/shop\/siam-park-vip-house\/","title":{"rendered":"Siam Park VIP House"},"content":{"rendered":"<section class=\"l-section wpb_row height_medium\"><div class=\"l-section-h i-cf\"><div class=\"g-cols vc_row via_flex valign_top type_default stacking_default\"><div class=\"vc_col-sm-12 wpb_column vc_column_container\"><div class=\"vc_column-inner\"><div class=\"wpb_wrapper\"><div class=\"wpb_text_column\"><div class=\"wpb_wrapper\"><p>\ud83c\udfdd\ufe0f <strong>Siam Park VIP House Experience z CanaryVIP<\/strong><\/p>\n<div class=\"min-h-&#091;20px&#093; text-message flex flex-col items-start gap-3 whitespace-pre-wrap break-words &#091;.text-message+&amp;&#093;:mt-5 overflow-x-auto\" data-message-author-role=\"assistant\" data-message-id=\"8a8a1897-a3c1-4569-9988-c0ed1c1bc6da\">\n<div class=\"markdown prose w-full break-words dark:prose-invert light\">\n<p>Witamy w Siam Park, raju dla entuzjast\u00f3w wody na Teneryfie. Znany z ekscytuj\u0105cych przeja\u017cd\u017cek i malowniczych krajobraz\u00f3w park oferuje przygod\u0119 jak \u017cadna inna. Od ekscytuj\u0105cych <strong>Tower of Power<\/strong> do spokojnego <strong>Rzeka Mai Thai,<\/strong>\u00a0Ka\u017cdy poszukiwacz mocnych wra\u017ce\u0144 znajdzie tu co\u015b dla siebie. Teraz podnie\u015b poziom swojej wizyty dzi\u0119ki <strong>Ekskluzywne do\u015bwiadczenie CanaryVIP VIP House,<\/strong>\u00a0gdzie luksus spotyka si\u0119 z przygod\u0105.<\/p>\n<h3>\ud83c\udf1f <strong>Udogodnienia Premium VIP House<\/strong><\/h3>\n<ul>\n<li><strong>Tajska elegancja<\/strong>: Inspirowany tajsk\u0105 estetyk\u0105 hotel VIP House oferuje oaz\u0119 spokoju i luksusu.<\/li>\n<li><strong>Najwy\u017cszy komfort<\/strong>: Go\u015bcie mog\u0105 zrelaksowa\u0107 si\u0119 na mi\u0119kkich sofach, prywatnym tarasie z prysznicem i le\u017cakami.<\/li>\n<li><strong>R\u0119czniki i prysznic<\/strong>: Na Go\u015bci czekaj\u0105 \u015bwie\u017ce r\u0119czniki, a ka\u017cdy domek wyposa\u017cony jest w prywatny prysznic.<\/li>\n<li><strong>Kontrola klimatu<\/strong>: Ch\u0142odzenie dzi\u0119ki naszym najnowocze\u015bniejszym wentylatorom.<\/li>\n<li><strong>Bezpiecze\u0144stwo przedmiot\u00f3w warto\u015bciowych<\/strong>: Rzeczy osobiste mo\u017cna bezpiecznie przechowywa\u0107 w sejfie.<\/li>\n<li><strong>Taras z le\u017cakami<\/strong>: Go\u015bcie mog\u0105 rozkoszowa\u0107 si\u0119 s\u0142o\u0144cem lub cieniem na prywatnym tarasie wyposa\u017conym w wygodne le\u017caki.<\/li>\n<li><strong>Jacuzzi na prywatnym tarasie<\/strong>: Zrelaksuj si\u0119 w ekskluzywnym jacuzzi, klejnocie koronnym komfortu.<\/li>\n<\/ul>\n<h3>\ud83c\udfa5 <strong>Wewn\u0119trzna rozrywka i relaks<\/strong><\/h3>\n<ul>\n<li><strong>TV i salon<\/strong>: Zrelaksuj si\u0119 przy ulubionych programach na naszym telewizorze i rozsi\u0105d\u017a si\u0119 na wygodnej sofie.<\/li>\n<li><strong>Minibar<\/strong>: minibar zaopatrzony w r\u00f3\u017cnorodne napoje, kt\u00f3re zaspokoj\u0105 ka\u017cde pragnienie.<\/li>\n<li><strong>Us\u0142uga all-inclusive<\/strong>: Nasze restauracje oferuj\u0105 szeroki wyb\u00f3r kulinarnych przysmak\u00f3w.<\/li>\n<li><strong>Napoje i lody<\/strong>: Nielimitowane napoje bezalkoholowe, piwo, woda i lody.<\/li>\n<\/ul>\n<h3>\ud83c\udfa2 <strong>Ekskluzywny dost\u0119p dzi\u0119ki VIP Fast Pass<\/strong><\/h3>\n<ul>\n<li><strong>Ca\u0142odniowa szybka przepustka<\/strong>: Do\u015bwiadcz natychmiastowego dost\u0119pu do wszystkich atrakcji bez czekania w kolejce, zwi\u0119kszaj\u0105c swoj\u0105 zabaw\u0119.<\/li>\n<\/ul>\n<h3>\ud83c\udf74 <strong>Wy\u017cywienie i napoje all inclusive<\/strong><\/h3>\n<ul>\n<li><strong>Ogromne mo\u017cliwo\u015bci kulinarne<\/strong>: Mn\u00f3stwo lokali gastronomicznych na terenie parku zaspokoi ka\u017cde podniebienie.<\/li>\n<li><strong>Nieograniczone napoje<\/strong>: Go\u015bcie mog\u0105 delektowa\u0107 si\u0119 bezp\u0142atnymi napojami.<\/li>\n<\/ul>\n<h3>\ud83d\udcb0 <strong>Wyj\u0105tkowe ceny i warto\u015b\u0107<\/strong><\/h3>\n<\/div>\n<\/div>\n<div class=\"min-h-&#091;20px&#093; text-message flex flex-col items-start gap-3 whitespace-pre-wrap break-words &#091;.text-message+&amp;&#093;:mt-5 overflow-x-auto\" data-message-author-role=\"assistant\" data-message-id=\"cc56ef15-39ff-4986-80a9-f3d468fc7369\">\n<div class=\"markdown prose w-full break-words dark:prose-invert light\">\n<ul>\n<li><strong>Stawka \u0142\u0105czna<\/strong>: Dom VIP kosztuje 910 \u20ac i mo\u017ce pomie\u015bci\u0107 do 6 os\u00f3b. Cena zapewnia wy\u0142\u0105czno\u015b\u0107 i prywatno\u015b\u0107 zar\u00f3wno ma\u0142ym, jak i wi\u0119kszym grupom.<\/li>\n<li><strong>Dodatkowa elastyczno\u015b\u0107 dla go\u015bci<\/strong>: Dom mo\u017ce pomie\u015bci\u0107 maksymalnie 10 os\u00f3b. Dodatkowa op\u0142ata w wysoko\u015bci 151 \u20ac za osob\u0119 naliczana jest za ka\u017cdego go\u015bcia powy\u017cej pierwszej sz\u00f3stki.<\/li>\n<\/ul>\n<h3>\ud83d\ude8c <strong>Wygodny i bezp\u0142atny transport<\/strong><\/h3>\n<ul>\n<li><strong>Bezstresowy transport<\/strong>: Skorzystaj z bezp\u0142atnej us\u0142ugi autobusowej Siam Park, aby \u0142atwo si\u0119 przemieszcza\u0107.<\/li>\n<li><strong>Szeroki zasi\u0119g<\/strong>: Wiele punkt\u00f3w odbioru na ca\u0142ej Teneryfie zapewnia wygodny dost\u0119p.<\/li>\n<\/ul>\n<h3>\u23f0 <strong>Zaplanuj swoje najlepsze do\u015bwiadczenie<\/strong><\/h3>\n<ul>\n<li><strong>Dost\u0119pno\u015b\u0107 przez ca\u0142y rok<\/strong>: Otwarte zar\u00f3wno latem (10:00-18:00), jak i zim\u0105 (10:00-17:00).<\/li>\n<li><strong>Najlepsza lokalizacja<\/strong>: Po\u0142o\u017cony w t\u0119tni\u0105cym \u017cyciem Costa Adeje, oferuje wspania\u0142e widoki i \u0142atwy dost\u0119p.<\/li>\n<\/ul>\n<h3><b>Zasady anulowania rezerwacji<\/b><\/h3>\n<ul>\n<li style=\"font-weight: 400;\" aria-level=\"1\"><span style=\"font-weight: 400;\">Dokonane anulowania <\/span><b>30 lub wi\u0119cej dni przed dat\u0105 aktywno\u015bci<\/b><span style=\"font-weight: 400;\"> nie poniesie \u017cadnej kary.<\/span>&nbsp;<\/li>\n<li style=\"font-weight: 400;\" aria-level=\"1\"><span style=\"font-weight: 400;\">Dokonane anulowania <\/span><b>od 30 dni do 7 dni przed zaplanowan\u0105 dat\u0105<\/b><span style=\"font-weight: 400;\"> spowoduje <\/span><b>60% do\u0142adowanie<\/b><span style=\"font-weight: 400;\"> kwoty rezerwacji.<\/span>&nbsp;<\/li>\n<li style=\"font-weight: 400;\" aria-level=\"1\"><span style=\"font-weight: 400;\">Dokonane anulowania <\/span><b>mniej ni\u017c 7 dni przed aktywno\u015bci\u0105<\/b><span style=\"font-weight: 400;\"> spowoduje <\/span><b>100% do\u0142adowanie<\/b><span style=\"font-weight: 400;\"> kwoty rezerwacji.<\/span><\/li>\n<\/ul>\n<h4>\ud83d\udd14 <strong>Luksusowa przygoda z CanaryVIP<\/strong><\/h4>\n<ul>\n<li><strong>Krok w bogactwo<\/strong>: Ulepsz swoj\u0105 wizyt\u0119 w Siam Park dzi\u0119ki pobytowi w VIP House.<\/li>\n<li><strong>Tw\u00f3rz trwa\u0142e wspomnienia<\/strong>: Zarezerwuj ju\u017c teraz podr\u00f3\u017c pe\u0142n\u0105 luksusu, emocji i niezapomnianych chwil.<\/li>\n<\/ul>\n<\/div>\n<\/div>\n<\/div><\/div><\/div><\/div><\/div><\/div><\/div><\/section>","protected":false},"excerpt":{"rendered":"<p><strong>\ud83d\udd0d Siam Park House:<\/strong><br \/>\n\u2705 Bezpieczna p\u0142atno\u015b\u0107.<br \/>\n\ud83d\ude80 Ca\u0142odniowy karnet VIP Fast Pass.<br \/>\n\ud83d\udc68\u200d\ud83d\udc69\u200d\ud83d\udc66 Cena dla 6 os\u00f3b.<br \/>\n\ud83d\udc65 Mie\u015bci do 10 os\u00f3b.<br \/>\n\ud83d\udca6 Prywatne jacuzzi na tarasie.<br \/>\n\ud83d\udd10 Szafka i r\u0119czniki w zestawie.<br \/>\n\ud83c\udf54 Nieograniczone jedzenie.<br \/>\n\ud83c\udf7a Nieograniczone napoje bezalkoholowe i piwo.<br \/>\n\ud83c\udfe0 Wi\u0119cej miejsca? <a href=\"https:\/\/canaryvip.com\/pl\/shop\/siam-park-vip-villa\/\">Sprawd\u017a will\u0119 Siam Park<\/a>.<br \/>\n\ud83e\udd11 Gwarancja najlepszej ceny.<br \/>\n\ud83d\ude8d Bezp\u0142atny autobus wahad\u0142owy.<br \/>\n\ud83c\udf0d Obs\u0142uga w kilku j\u0119zykach.<br \/>\n\ud83c\udf1f Zarezerwuj teraz i zaoszcz\u0119d\u017a!<br \/>\n\ud83d\udc32 Odkryj <a href=\"https:\/\/canaryvip.com\/pl\/product-category\/tenerife\/theme-parks-tenerife\/siam-park-tickets\/\">wszystkie bilety do Siam Park tutaj<\/a>!<br \/>\n\ud83d\udccd Znajd\u017a <a href=\"https:\/\/maps.app.goo.gl\/UfftQG3CrqW5R81r9\">Siam Park na Mapach Google<\/a>!<\/p>","protected":false},"featured_media":8827,"comment_status":"open","ping_status":"closed","template":"","meta":{"_acf_changed":false},"product_brand":[],"product_cat":[54,55],"product_tag":[],"class_list":{"0":"post-8821","1":"product","2":"type-product","3":"status-publish","4":"has-post-thumbnail","6":"product_cat-theme-parks","7":"product_cat-siam-park-tickets","8":"wcpa_has_options","10":"first","11":"instock","12":"virtual","13":"purchasable","14":"product-type-simple"},"acf":[],"wcpa_form_fields":{"wcpaData":{"product":{"product_price":990,"price_html":"From&nbsp;<span class=\"woocommerce-Price-amount amount\"><bdi>990,00&nbsp;<span class=\"woocommerce-Price-currencySymbol\">&euro;<\/span><\/bdi><\/span>","original_product_price":990,"price_including_tax":990,"price_excluding_tax":990,"product_id":{"parent":8821,"variation":false},"is_variable":false,"stock_status":"instock","stock_quantity":null,"parent_sku":"CV8821","product_attributes":[],"custom_fields":[],"is_taxable":false,"product_name":"Siam Park VIP House","hasImage":false},"fields":{"sec_865dcbfa9364bf":{"extra":{"key":"sec_865dcbfa9364bf","section_id":"sec_865dcbfa9364bf","name":"Default","status":1,"cl_rule":"show","enableCl":false,"relations":[],"toggle":true,"title_tag":"h3","show_title":false,"showPrice":"default","form_id":10123,"form_rules":{"exclude_from_discount":true,"fee_label":"Fee","disp_hide_options_price":true,"disp_show_section_price":false,"disp_show_field_price":true,"layout_option":"standard","pric_use_as_fee":false,"process_fee_as":"woo_fee"},"layout_option":"standard"},"fields":[[{"active":true,"col":6,"relations":false,"cl_rule":"show","enableCl":false,"price":"","enablePrice":false,"className":"","label_position":"default","desc_position":"default","type":"date","required":false,"elementId":"date_565dcbfa9364dd","name":"date_565dcbfa9364dd","label":"\ud83d\udcc5 Date","picker_type":"custom","picker_mode":"single","error":false,"date_pic_inline":true,"date_pic_inline_hide":true,"min_date":{"type":"days","val":"3"},"max_date":{"type":"days_from_min","val":"500"},"date_pic_conf":{"disabledDates":["2024-06-18 to 2024-06-30","2024-07-01 to 2024-08-15","2024-08-16 to 2024-08-20","2024-08-21","2024-08-22 to 2024-08-23","2024-08-24","2024-08-25 to 2024-08-29","2024-08-30","2025-05-26 to 2025-05-29","2025-06-02","2025-06-20","2025-06-21 to 2025-06-24","2025-06-25","2025-06-26 to 2025-06-27","2025-06-30","2025-07-01","2025-07-03","2025-07-04","2025-07-06","2025-07-07 to 2025-07-08","2025-07-09","2025-07-10 to 2025-07-13","2025-07-14 to 2025-07-15","2025-07-16 to 2025-07-17","2025-07-18","2025-07-19","2025-07-20","2025-07-21","2025-07-22","2025-07-23","2025-07-24","2025-07-25","2025-07-26","2025-07-27","2025-07-28 to 2025-07-31","2025-08-01","2025-08-02","2025-08-03","2025-08-04","2025-08-05","2025-08-06","2025-08-07","2025-08-08 to 2025-08-09","2025-08-10","2025-08-11 to 2025-08-12","2025-08-13","2025-08-14","2025-08-15","2025-08-16 to 2025-08-18","2025-08-19","2025-08-20","2025-08-21","2025-08-22","2025-08-23","2025-08-24","2025-08-25","2025-08-26","2025-08-27","2025-08-28 to 2025-08-31","2026-03-31 to 2026-04-11"]},"isWeightTemplate":false,"isTemplate":false,"min_quantity":"1","quantity_decimal":false,"quantity_step":"1","quantity_label":"Quantity","repeater_field_label":"{field_label}","repeater_bind":"","gt_translate_keys":["label","repeater_field_label","quantity_label"],"price_dependency":false,"cl_dependency":false,"value":""}],[{"active":true,"col":6,"relations":false,"cl_rule":"show","enableCl":false,"price":"","enablePrice":true,"className":"","label_position":"default","desc_position":"default","type":"select","required":false,"elementId":"select_965dcbfa9364eb","label":"\ud83d\udc64 Group Size","name":"select_965dcbfa9364eb","values":[{"label":"1 Person (990\u20ac)","value":"1 Person","selected":false,"tempId":"aco_670","price":"990","gt_translate_keys":["label"]},{"label":"2 People (990\u20ac)","value":"2 People","selected":false,"tempId":"aco_671","price":"990","gt_translate_keys":["label"]},{"label":"3 People (990\u20ac)","value":"3 People","selected":false,"tempId":"aco_672","price":"990","gt_translate_keys":["label"]},{"label":"4 People (990\u20ac)","value":"4 People","selected":false,"tempId":"aco_898","price":"990","gt_translate_keys":["label"]},{"label":"5 People (990\u20ac)","value":"5 People","selected":false,"tempId":"aco_908","price":"990","gt_translate_keys":["label"]},{"label":"6 People (990\u20ac)","value":"6 People","selected":false,"tempId":"aco_1062","price":"990","gt_translate_keys":["label"]},{"label":"\u2500 Beyond 6 people, each extra person costs \u20ac165 \u2500","value":"\u2500 Beyond 6 people, each extra person costs \u20ac165 \u2500","selected":false,"tempId":"aco_1784","price":"990","gt_translate_keys":["label"]},{"label":"7 People (1.155\u20ac)","value":"7 People","selected":false,"tempId":"aco_2967","price":"1155","gt_translate_keys":["label"]},{"label":"8 People (1.320\u20ac)","value":"8 People","selected":false,"tempId":"aco_3049","price":"1320","gt_translate_keys":["label"]},{"label":"9 People (1.485\u20ac)","value":"9 People","selected":false,"tempId":"aco_3131","price":"1485","gt_translate_keys":["label"]},{"label":"10 People (1.650\u20ac)","value":"10 People","selected":false,"tempId":"aco_3213","price":"1650","gt_translate_keys":["label"]}],"dropdown_type":"basic","error":false,"placeholder":"None","priceOptions":"different_for_all","pricingType":"fixed","gt_translate_keys":["label","placeholder"],"price_dependency":false,"cl_dependency":false,"value":""}]]}},"config":{"price_override":"always","enable_recaptcha":false,"bind_quantity":false,"quantity_bind_formula":false,"disp_summ_show_option_price":false,"disp_summ_show_product_price":false,"disp_summ_show_total_price":true,"disp_summ_show_fee":false,"disp_summ_show_discount":false,"summary_title":"","options_total_label":"Options Price","total_label":"Total","options_product_label":"Product Price","fee_label":"Fee","discount_label":"Discount","has_price":true,"has_quantity_formula":false},"mc_unit":1,"tax_rate":1,"tax_rate_real":1,"discount":{"percentage":0,"fixed":0},"design":{"conf":{"LabelPosition":"above","DescPosition":"above","UploadField":"custom_1","QuantityFieldStyle":"custom_1"},"css":{"LeftLabelWidth":"120px"}},"formulas":[],"lookuptables":[],"clones":false,"cartKey":false}},"_links":{"self":[{"href":"https:\/\/canaryvip.com\/pl\/wp-json\/wp\/v2\/product\/8821","targetHints":{"allow":["GET"]}}],"collection":[{"href":"https:\/\/canaryvip.com\/pl\/wp-json\/wp\/v2\/product"}],"about":[{"href":"https:\/\/canaryvip.com\/pl\/wp-json\/wp\/v2\/types\/product"}],"replies":[{"embeddable":true,"href":"https:\/\/canaryvip.com\/pl\/wp-json\/wp\/v2\/comments?post=8821"}],"wp:featuredmedia":[{"embeddable":true,"href":"https:\/\/canaryvip.com\/pl\/wp-json\/wp\/v2\/media\/8827"}],"wp:attachment":[{"href":"https:\/\/canaryvip.com\/pl\/wp-json\/wp\/v2\/media?parent=8821"}],"wp:term":[{"taxonomy":"product_brand","embeddable":true,"href":"https:\/\/canaryvip.com\/pl\/wp-json\/wp\/v2\/product_brand?post=8821"},{"taxonomy":"product_cat","embeddable":true,"href":"https:\/\/canaryvip.com\/pl\/wp-json\/wp\/v2\/product_cat?post=8821"},{"taxonomy":"product_tag","embeddable":true,"href":"https:\/\/canaryvip.com\/pl\/wp-json\/wp\/v2\/product_tag?post=8821"}],"curies":[{"name":"wp","href":"https:\/\/api.w.org\/{rel}","templated":true}]}}