{"id":8817,"date":"2024-01-15T12:16:37","date_gmt":"2024-01-15T12:16:37","guid":{"rendered":"https:\/\/canaryvip.com\/?post_type=product&#038;p=8817"},"modified":"2025-09-19T12:01:26","modified_gmt":"2025-09-19T11:01:26","slug":"siam-park-vip-cabin","status":"publish","type":"product","link":"https:\/\/canaryvip.com\/pl\/shop\/siam-park-vip-cabin\/","title":{"rendered":"Kabina VIP Siam Park"},"content":{"rendered":"<section class=\"l-section wpb_row height_medium\"><div class=\"l-section-h i-cf\"><div class=\"g-cols vc_row via_flex valign_top type_default stacking_default\"><div class=\"vc_col-sm-12 wpb_column vc_column_container\"><div class=\"vc_column-inner\"><div class=\"wpb_wrapper\"><div class=\"wpb_text_column\"><div class=\"wpb_wrapper\"><h2><strong>\ud83c\udfdd\ufe0f Siam Park VIP Cabana Experience z CanaryVIP<\/strong><\/h2>\n<p>Witamy w Siam Park, najwa\u017cniejszym wodnym kr\u00f3lestwie na Teneryfie, s\u0142yn\u0105cym z ekscytuj\u0105cych przeja\u017cd\u017cek, osza\u0142amiaj\u0105cych krajobraz\u00f3w i niesamowitej wodnej przygody. Od pompuj\u0105cych adrenalin\u0119 <strong>Tower of Power<\/strong> do relaksuj\u0105cego <strong>Rzeka Mai Thai,<\/strong>\u00a0ka\u017cdy znajdzie co\u015b dla siebie. Zanurz si\u0119 w \u015bwiecie, w kt\u00f3rym ekscytacja \u0142\u0105czy si\u0119 z relaksem i spraw, aby Twoja wizyta by\u0142a naprawd\u0119 niezapomniana. <strong>Do\u015bwiadczenie VIP Cabana. <\/strong><\/p>\n<p>Odkryj, dlaczego Siam Park jest najlepszym miejscem na rodzinn\u0105 zabaw\u0119, relaks i przygod\u0119 w tropikalnym raju. Do\u015bwiadcz najlepszych wodnych rozrywek i stw\u00f3rz wspomnienia na ca\u0142e \u017cycie.<\/p>\n<h3><strong>Ekskluzywny wyb\u00f3r Cabana<\/strong><\/h3>\n<ul>\n<li><strong>Motywy inspirowane Tajlandi\u0105<\/strong>: Wybierz spo\u015br\u00f3d Cabana Phuket, Chiang Mai lub Rataburi, z kt\u00f3rych ka\u017cdy jest spokojnym sanktuarium inspirowanym Tajlandi\u0105.<\/li>\n<li><strong>Niezr\u00f3wnany komfort<\/strong>: Go\u015bcie maj\u0105 do dyspozycji mi\u0119kkie sofy, prywatne prysznice na tarasie i le\u017caki zapewniaj\u0105ce najwy\u017cszy poziom relaksu i luksusu.<\/li>\n<li><strong>R\u0119czniki w zestawie<\/strong>: Nie trzeba martwi\u0107 si\u0119 o pakowanie r\u0119cznik\u00f3w; s\u0105 one zapewnione dla wygody go\u015bci.<\/li>\n<li><strong>Wentylator zapewniaj\u0105cy komfort<\/strong>: Zachowaj ch\u0142\u00f3d dzi\u0119ki do\u0142\u0105czonemu wentylatorowi.<\/li>\n<li><strong>Zabezpiecz swoje rzeczy<\/strong>: Go\u015bcie mog\u0105 korzysta\u0107 z sejfu.<\/li>\n<\/ul>\n<h3><strong>\ud83c\udfa5 Rozrywka i komfort w kabinie<\/strong><\/h3>\n<ul>\n<li><strong>Telewizor i odtwarzacz DVD<\/strong>: Ka\u017cda kabina wyposa\u017cona jest w telewizor i odtwarzacz DVD.<\/li>\n<li><strong>Przek\u0105ski w zasi\u0119gu r\u0119ki<\/strong>: minibar zaopatrzony w r\u00f3\u017cnorodne napoje dostosowane do preferencji Go\u015bci.<\/li>\n<\/ul>\n<h3><strong>Dost\u0119p priorytetowy z szybk\u0105 przepustk\u0105 VIP<\/strong><\/h3>\n<ul>\n<li><strong>Natychmiastowe wej\u015bcie do atrakcji<\/strong>: Dzi\u0119ki specjalnym bransoletkom dla go\u015bci VIP mo\u017cesz cieszy\u0107 si\u0119 natychmiastowym dost\u0119pem do wszystkich atrakcji, omijaj\u0105c kolejki i maksymalizuj\u0105c czas zabawy.<\/li>\n<\/ul>\n<h3>\ud83c\udf74 <strong>Wy\u017cywienie i napoje all inclusive<\/strong><\/h3>\n<ul>\n<li><strong>Zr\u00f3\u017cnicowane opcje gastronomiczne<\/strong>: Rozkoszuj si\u0119 szerokim wyborem kulinarnym w parku, zaspokajaj\u0105c wszystkie gusta.<\/li>\n<li><strong>Nieograniczone napoje<\/strong>: Bezp\u0142atne napoje bezalkoholowe, piwo, woda i lody zapewniaj\u0105 nawodnienie i satysfakcj\u0119.<\/li>\n<\/ul>\n<h3><strong>\ud83d\udcb0 Wyj\u0105tkowe ceny i warto\u015b\u0107<\/strong><\/h3>\n<ul>\n<li><strong>Stawka kompleksowa<\/strong>: Cabana VIP kosztuje 610 \u20ac i mo\u017ce pomie\u015bci\u0107 od 1 do 4 os\u00f3b. Niezale\u017cnie od tego, czy jest to samotna przygoda, czy czteroosobowa grupa, cena pozostaje taka sama, zapewniaj\u0105c wy\u0142\u0105czno\u015b\u0107 i prywatno\u015b\u0107.<\/li>\n<li><strong>Dodatkowa elastyczno\u015b\u0107 dla go\u015bci<\/strong>: Je\u015bli twoja grupa liczy wi\u0119cej ni\u017c cztery osoby, mo\u017cesz doda\u0107 do 2 dodatkowych go\u015bci za 151 \u20ac za ka\u017cdego, dzi\u0119ki czemu jest wszechstronny dla r\u00f3\u017cnych wielko\u015bci grup.<\/li>\n<li><strong>Letnie stawki specjalne:<\/strong> Zablokowa\u0107 te stawki nawet w miesi\u0105cach letnich, lipcu i sierpniu.<\/li>\n<li><strong>Przewaga wczesnej rezerwacji:<\/strong> Unikaj podwy\u017cek cen, rezerwuj\u0105c ju\u017c teraz - zapewnij sobie dzisiejsz\u0105 stawk\u0119 na przysz\u0142\u0105 wizyt\u0119!<\/li>\n<\/ul>\n<h3><strong>Wygodny i bezp\u0142atny transport<\/strong><\/h3>\n<ul>\n<li><strong>Podr\u00f3\u017c bez stresu<\/strong>: Korzystaj z bezp\u0142atnej us\u0142ugi Siam Park Bus Service, oferuj\u0105cej regularny i wygodny transport.<\/li>\n<li><strong>Szeroki zasi\u0119g<\/strong>: Wiele punkt\u00f3w odbioru na Teneryfie zapewnia \u0142atwy dost\u0119p do parku i z powrotem.<\/li>\n<\/ul>\n<h3><strong>\u23f0 Zaplanuj swoje najlepsze do\u015bwiadczenie<\/strong><\/h3>\n<ul>\n<li><strong>Otwarte przez ca\u0142y rok<\/strong>: Lato (10:00-18:00), Zima (10:00-17:00).<\/li>\n<li><strong>Dost\u0119pny i malowniczy<\/strong>: Po\u0142o\u017cony w t\u0119tni\u0105cym \u017cyciem Costa Adeje, \u0142\u0105cz\u0105cy pi\u0119kne widoki z \u0142atw\u0105 dost\u0119pno\u015bci\u0105.<\/li>\n<\/ul>\n<h3><strong>Twoja luksusowa przygoda czeka z CanaryVIP<\/strong><\/h3>\n<ul>\n<li><strong>Krok w luksus<\/strong>: Pobyt w kabinie VIP Cabana podnosi rang\u0119 wizyty w Siam Park.<\/li>\n<li><strong>Stw\u00f3rz niezapomniane wspomnienia<\/strong>: Zarezerwuj ju\u017c dzi\u015b i wyrusz w podr\u00f3\u017c pe\u0142n\u0105 luksusu, emocji i niezapomnianych chwil.<\/li>\n<\/ul>\n<h3><b>Warunki anulowania<\/b><\/h3>\n<ul>\n<li style=\"font-weight: 400;\" aria-level=\"1\"><span style=\"font-weight: 400;\">Rezerwacje anulowane <\/span><b>miesi\u0105c lub wi\u0119cej przed dat\u0105 aktywno\u015bci<\/b><span style=\"font-weight: 400;\"> nie zostanie obci\u0105\u017cony.<\/span>&nbsp;<\/li>\n<li style=\"font-weight: 400;\" aria-level=\"1\"><span style=\"font-weight: 400;\">Rezerwacje anulowane <\/span><b>od jednego miesi\u0105ca do 7 dni wcze\u015bniej<\/b><span style=\"font-weight: 400;\"> zostanie obci\u0105\u017cony <\/span><b>60% ca\u0142kowitej kwoty<\/b><span style=\"font-weight: 400;\">.<\/span>&nbsp;<\/li>\n<li style=\"font-weight: 400;\" aria-level=\"1\"><span style=\"font-weight: 400;\">Rezerwacje anulowane <\/span><b>z wyprzedzeniem kr\u00f3tszym ni\u017c 7 dni<\/b><span style=\"font-weight: 400;\"> zostanie obci\u0105\u017cony <\/span><b>pe\u0142na kwota (100%)<\/b><span style=\"font-weight: 400;\">.<\/span><\/li>\n<\/ul>\n<h3>Podnie\u015b poziom swojej przygody dzi\u0119ki CanaryVIP<\/h3>\n<p>Zarezerwuj sw\u00f3j VIP Cabana z CanaryVIP ju\u017c dzi\u015b i upewnij si\u0119, \u017ce Twoja wizyta w Siam Park b\u0119dzie luksusowa i niezapomniana. Ciesz si\u0119 ekskluzywnymi korzy\u015bciami, priorytetowym dost\u0119pem i wyj\u0105tkowym komfortem, dzi\u0119ki czemu ka\u017cda chwila Twojej przygody b\u0119dzie naprawd\u0119 wyj\u0105tkowa.<\/p>\n<p>Nie przegap okazji, aby stworzy\u0107 trwa\u0142e wspomnienia w najwa\u017cniejszym wodnym kr\u00f3lestwie Teneryfy. Zarezerwuj sw\u00f3j VIP Cabana ju\u017c teraz i wyrusz w podr\u00f3\u017c pe\u0142n\u0105 relaksu, emocji i luksusu!<\/p>\n<\/div><\/div><\/div><\/div><\/div><\/div><\/div><\/section>","protected":false},"excerpt":{"rendered":"<p><strong>\ud83d\udd0d Siam Park Cabana:<\/strong><br \/>\n\u2705 Bezpieczna p\u0142atno\u015b\u0107.<br \/>\n\ud83d\ude80 Ca\u0142odniowy karnet VIP Fast Pass.<br \/>\n\ud83d\udc68\u200d\ud83d\udc69\u200d\ud83d\udc66 Cena dla 4 os\u00f3b.<br \/>\nMie\u015bci do 6 os\u00f3b.<br \/>\n\ud83d\udd10 Szafka i r\u0119czniki w zestawie.<br \/>\n\ud83c\udf54 Nieograniczone jedzenie.<br \/>\n\ud83c\udf7a Nieograniczone napoje bezalkoholowe i piwo.<br \/>\n\ud83c\udfe0 Wi\u0119cej miejsca? Sprawd\u017a <a href=\"https:\/\/canaryvip.com\/pl\/shop\/siam-park-vip-house\/\">Siam Park House<\/a>.<br \/>\n\ud83e\udd11 Gwarancja najlepszej ceny.<br \/>\n\ud83d\ude8d Bezp\u0142atny autobus wahad\u0142owy.<br \/>\n\ud83c\udf0d Obs\u0142uga w kilku j\u0119zykach.<br \/>\n\ud83c\udf1f Zarezerwuj teraz i zaoszcz\u0119d\u017a!<br \/>\n\ud83d\udc32 Odkryj <a href=\"https:\/\/canaryvip.com\/pl\/product-category\/tenerife\/theme-parks-tenerife\/siam-park-tickets\/\">wszystkie bilety do Siam Park tutaj<\/a>!<br \/>\n\ud83d\udccd Znajd\u017a <a href=\"https:\/\/maps.app.goo.gl\/UfftQG3CrqW5R81r9\">Siam Park na Mapach Google<\/a>!<\/p>","protected":false},"featured_media":8819,"comment_status":"open","ping_status":"closed","template":"","meta":{"_acf_changed":false},"product_brand":[],"product_cat":[54,55],"product_tag":[],"class_list":{"0":"post-8817","1":"product","2":"type-product","3":"status-publish","4":"has-post-thumbnail","6":"product_cat-theme-parks","7":"product_cat-siam-park-tickets","8":"wcpa_has_options","10":"first","11":"instock","12":"virtual","13":"purchasable","14":"product-type-simple"},"acf":[],"wcpa_form_fields":{"wcpaData":{"product":{"product_price":660,"price_html":"From&nbsp;<span class=\"woocommerce-Price-amount amount\"><bdi>660,00&nbsp;<span class=\"woocommerce-Price-currencySymbol\">&euro;<\/span><\/bdi><\/span>","original_product_price":660,"price_including_tax":660,"price_excluding_tax":660,"product_id":{"parent":8817,"variation":false},"is_variable":false,"stock_status":"instock","stock_quantity":null,"parent_sku":"CV8817","product_attributes":[],"custom_fields":[],"is_taxable":false,"product_name":"Siam Park VIP Cabin","hasImage":false},"fields":{"sec_765dcbaa6daedc":{"extra":{"key":"sec_765dcbaa6daedc","section_id":"sec_765dcbaa6daedc","name":"Default","status":1,"cl_rule":"show","enableCl":false,"relations":[],"toggle":true,"title_tag":"h3","show_title":false,"showPrice":"default","form_id":10122,"form_rules":{"exclude_from_discount":true,"fee_label":"Fee","disp_hide_options_price":true,"disp_show_section_price":false,"disp_show_field_price":true,"layout_option":"standard","pric_use_as_fee":false,"process_fee_as":"woo_fee"},"layout_option":"standard"},"fields":[[{"active":true,"col":6,"relations":false,"cl_rule":"show","enableCl":false,"price":"","enablePrice":false,"className":"","label_position":"default","desc_position":"default","type":"date","required":false,"elementId":"date_9651671511","name":"date_9651671511","label":"\ud83d\udcc5 Date","picker_type":"custom","picker_mode":"single","error":false,"date_pic_inline":true,"date_pic_inline_hide":true,"min_date":{"type":"days","val":"3"},"max_date":{"type":"days_from_min","val":"700"},"date_pic_conf":{"disabledDates":["2025-07-01 to 2025-08-31","2025-10-01 to 2025-11-01","2026-04-01","2026-04-02 to 2026-04-07","2026-04-08"],"enabledDates":[]},"isWeightTemplate":false,"isTemplate":false,"min_quantity":"1","quantity_decimal":false,"quantity_step":"1","quantity_label":"Quantity","repeater_field_label":"{field_label}","repeater_bind":"","gt_translate_keys":["label","repeater_field_label","quantity_label"],"price_dependency":false,"cl_dependency":false,"value":""}],[{"active":true,"col":6,"relations":false,"cl_rule":"show","enableCl":false,"price":"","enablePrice":true,"className":"","label_position":"default","desc_position":"default","type":"select","required":false,"elementId":"select_5229375457","label":"\ud83d\udc64 Group Size","name":"select_5229375457","values":[{"label":"1 Person (660\u20ac)","value":"1 Person","selected":false,"tempId":"aco_670","price":"660","gt_translate_keys":["label"]},{"label":"2 People (660\u20ac)","value":"2 People","selected":false,"tempId":"aco_671","price":"660","gt_translate_keys":["label"]},{"label":"3 People (660\u20ac)","value":"3 People","selected":false,"tempId":"aco_672","price":"660","gt_translate_keys":["label"]},{"label":"4 People (660\u20ac)","value":"4 People","selected":false,"tempId":"aco_898","price":"660","gt_translate_keys":["label"]},{"label":"\u2500 Beyond 4 people, each extra person costs \u20ac165 \u2500","value":"\u2500 Beyond 4 people, each extra person costs \u20ac165 \u2500","selected":false,"tempId":"aco_1784","price":"660","gt_translate_keys":["label"]},{"label":"5 People (825\u20ac)","value":"5 People","selected":false,"tempId":"aco_908","price":"825","gt_translate_keys":["label"]},{"label":"6 People (990\u20ac)","value":"6 People","selected":false,"tempId":"aco_1062","price":"990","gt_translate_keys":["label"]}],"dropdown_type":"basic","error":false,"placeholder":"None","priceOptions":"different_for_all","pricingType":"fixed","gt_translate_keys":["label","placeholder"],"price_dependency":false,"cl_dependency":false,"value":""}]]}},"config":{"price_override":"always","enable_recaptcha":false,"bind_quantity":false,"quantity_bind_formula":false,"disp_summ_show_option_price":false,"disp_summ_show_product_price":false,"disp_summ_show_total_price":true,"disp_summ_show_fee":false,"disp_summ_show_discount":false,"summary_title":"","options_total_label":"Options Price","total_label":"Total","options_product_label":"Product Price","fee_label":"Fee","discount_label":"Discount","has_price":true,"has_quantity_formula":false},"mc_unit":1,"tax_rate":1,"tax_rate_real":1,"discount":{"percentage":0,"fixed":0},"design":{"conf":{"LabelPosition":"above","DescPosition":"above","UploadField":"custom_1","QuantityFieldStyle":"custom_1"},"css":{"LeftLabelWidth":"120px"}},"formulas":[],"lookuptables":[],"clones":false,"cartKey":false}},"_links":{"self":[{"href":"https:\/\/canaryvip.com\/pl\/wp-json\/wp\/v2\/product\/8817","targetHints":{"allow":["GET"]}}],"collection":[{"href":"https:\/\/canaryvip.com\/pl\/wp-json\/wp\/v2\/product"}],"about":[{"href":"https:\/\/canaryvip.com\/pl\/wp-json\/wp\/v2\/types\/product"}],"replies":[{"embeddable":true,"href":"https:\/\/canaryvip.com\/pl\/wp-json\/wp\/v2\/comments?post=8817"}],"wp:featuredmedia":[{"embeddable":true,"href":"https:\/\/canaryvip.com\/pl\/wp-json\/wp\/v2\/media\/8819"}],"wp:attachment":[{"href":"https:\/\/canaryvip.com\/pl\/wp-json\/wp\/v2\/media?parent=8817"}],"wp:term":[{"taxonomy":"product_brand","embeddable":true,"href":"https:\/\/canaryvip.com\/pl\/wp-json\/wp\/v2\/product_brand?post=8817"},{"taxonomy":"product_cat","embeddable":true,"href":"https:\/\/canaryvip.com\/pl\/wp-json\/wp\/v2\/product_cat?post=8817"},{"taxonomy":"product_tag","embeddable":true,"href":"https:\/\/canaryvip.com\/pl\/wp-json\/wp\/v2\/product_tag?post=8817"}],"curies":[{"name":"wp","href":"https:\/\/api.w.org\/{rel}","templated":true}]}}