{"id":16530,"date":"2026-01-17T17:42:14","date_gmt":"2026-01-17T17:42:14","guid":{"rendered":"https:\/\/canaryvip.com\/?post_type=product&#038;p=16530"},"modified":"2026-02-03T12:44:44","modified_gmt":"2026-02-03T12:44:44","slug":"bubble-room-experience-in-tenerife-with-private-jacuzzi","status":"publish","type":"product","link":"https:\/\/canaryvip.com\/pl\/shop\/bubble-room-experience-in-tenerife-with-private-jacuzzi\/","title":{"rendered":"Bubble Room Experience na Teneryfie z prywatnym jacuzzi"},"content":{"rendered":"<h2><strong>Romantyczna noc w otoczeniu przyrody i widok\u00f3w na ocean<\/strong><\/h2>\n<p>Ciesz si\u0119 naprawd\u0119 innym pobytem z tym <strong>Pok\u00f3j b\u0105belkowy Teneryfa do\u015bwiadczenie<\/strong>, Zaprojektowany dla par, kt\u00f3re pragn\u0105 prywatno\u015bci, komfortu i wyj\u0105tkowej atmosfery. To ekskluzywne do\u015bwiadczenie oferuje <strong>Jedna noc dla dw\u00f3ch os\u00f3b<\/strong> w przezroczystym b\u0105belkowym apartamencie z <strong>prywatne jacuzzi<\/strong>, panoramiczne widoki na ocean i ca\u0142kowite po\u0142\u0105czenie z natur\u0105.<\/p>\n<p>Po\u0142o\u017cony w spokojnej cz\u0119\u015bci wyspy, ten <strong>B\u0105belkowe do\u015bwiadczenie Teneryfy<\/strong> jest idealny, je\u015bli szukasz czego\u015b romantycznego, intymnego i niezapomnianego.<\/p>\n<h3><strong>Wyj\u0105tkowy pobyt w b\u0105belkowym pokoju na Teneryfie<\/strong><\/h3>\n<p>Te b\u0105belkowe apartamenty zosta\u0142y stworzone dla go\u015bci, kt\u00f3rzy chc\u0105 czego\u015b wi\u0119cej ni\u017c zwyk\u0142a noc w hotelu. Spanie pod gwiazdami z widokiem 180\u00b0 na ocean i pobliskie wyspy czyni to do\u015bwiadczenie naprawd\u0119 wyj\u0105tkowym.<\/p>\n<ul>\n<li>Ekskluzywny pakiet b\u0105belk\u00f3w <strong>25 m\u00b2<\/strong>.<\/li>\n<li>Zaprojektowany dla <strong>2 osoby<\/strong>.<\/li>\n<li><strong>Prywatne jacuzzi<\/strong> w zestawie.<\/li>\n<li>Prywatne \u0142\u00f3\u017cko balijskie na \u015bwie\u017cym powietrzu.<\/li>\n<li>Panoramiczne widoki na ocean i okoliczne wyspy.<\/li>\n<li>Okr\u0105g\u0142e \u0142\u00f3\u017cko i kameralna atmosfera.<\/li>\n<\/ul>\n<p>Jest to idealny wyb\u00f3r dla par szukaj\u0105cych <strong>pok\u00f3j b\u0105belkowy Teneryfa<\/strong> kt\u00f3ry jest prywatny, spokojny i r\u00f3\u017cni si\u0119 od wszystkiego innego na wyspie.<\/p>\n<h3><strong>Komfort, prywatno\u015b\u0107 i przemy\u015blane detale<\/strong><\/h3>\n<p>Ka\u017cdy pok\u00f3j wyposa\u017cony jest we wszystko, co niezb\u0119dne do komfortowego i relaksuj\u0105cego pobytu.<\/p>\n<ul>\n<li>Prywatna \u0142azienka w apartamencie.<\/li>\n<li>Klimatyzacja.<\/li>\n<li>Telewizja.<\/li>\n<li>WiFi i internet.<\/li>\n<li>R\u0119czniki i suszarka do w\u0142os\u00f3w.<\/li>\n<li>Wyposa\u017cenie \u0142azienki.<\/li>\n<li>Lod\u00f3wka wewn\u0105trz pokoju.<\/li>\n<\/ul>\n<p>Go\u015bcie maj\u0105 r\u00f3wnie\u017c dost\u0119p do wsp\u00f3lnych obszar\u00f3w, kt\u00f3re dope\u0142niaj\u0105 wra\u017ce\u0144:<\/p>\n<ul>\n<li>Basen pla\u017cowy typu infinity.<\/li>\n<li>Wsp\u00f3lna kuchnia.<\/li>\n<li>Prywatny parking wliczony w cen\u0119.<\/li>\n<\/ul>\n<h3><strong>Idealny na romantyczne wypady<\/strong><\/h3>\n<p>To <strong>B\u0105belkowe do\u015bwiadczenie Teneryfy<\/strong> jest szczeg\u00f3lnie popularny:<\/p>\n<ul>\n<li>Romantyczne ucieczki.<\/li>\n<li>Rocznice.<\/li>\n<li>Propozycje ma\u0142\u017ce\u0144stwa.<\/li>\n<li>Specjalne uroczysto\u015bci.<\/li>\n<li>Ca\u0142kowite od\u0142\u0105czenie i relaks.<\/li>\n<\/ul>\n<p>Dodatki, romantyczne dekoracje i dodatkowe us\u0142ugi mo\u017cna doda\u0107, aby spersonalizowa\u0107 pobyt i stworzy\u0107 jeszcze bardziej niezapomniane wra\u017cenia.<\/p>\n<h3><strong>Informacje dotycz\u0105ce zameldowania i wymeldowania<\/strong><\/h3>\n<ul>\n<li><strong>Zameldowanie:<\/strong> Od godziny 14:00.<\/li>\n<li><strong>Wymeldowanie:<\/strong> Przed godzin\u0105 12:00.<\/li>\n<\/ul>\n<p>Je\u015bli w dniu przyjazdu dost\u0119pna jest ba\u0144ka, mo\u017cliwe jest wcze\u015bniejsze zameldowanie. Je\u015bli nie, go\u015bcie mog\u0105 przyby\u0107 wcze\u015bniej i korzysta\u0107 z basenu i cz\u0119\u015bci wsp\u00f3lnych do czasu, a\u017c ba\u0144ka b\u0119dzie gotowa.<\/p>\n<h3><strong>Lokalizacja<\/strong><\/h3>\n<p>Pokoje z b\u0105belkami znajduj\u0105 si\u0119 pod adresem <strong>Alaya Resort Teneryfa<\/strong>, w Gu\u00eda de Isora, spokojnej i prywatnej okolicy znanej z naturalnego pi\u0119kna i otwartych widok\u00f3w.<\/p>\n<ul>\n<li>Cicha i ustronna lokalizacja.<\/li>\n<li>Panoramiczny widok na ocean i wysp\u0119.<\/li>\n<li>W pe\u0142ni utwardzona droga dojazdowa z kilkoma zakr\u0119tami.<\/li>\n<li>Zalecany samoch\u00f3d, poniewa\u017c cz\u0119\u015bci\u0105 uroku jest podr\u00f3\u017c do tego wyj\u0105tkowego miejsca.<\/li>\n<\/ul>\n<h3><strong>Zasady rezerwacji i anulowania rezerwacji<\/strong><\/h3>\n<p>Prosimy o dok\u0142adne zapoznanie si\u0119 z warunkami przed dokonaniem rezerwacji tego pokoju z b\u0105belkami na Teneryfie.<\/p>\n<ul>\n<li><strong>Bezp\u0142atne anulowanie rezerwacji do 14 dni przed przyjazdem.<\/strong><\/li>\n<li>Anulacje dokonane po tym okresie nie podlegaj\u0105 zwrotowi.<\/li>\n<li>Palenie wewn\u0105trz pomieszcze\u0144 z b\u0105belkami jest zabronione.<\/li>\n<li>Zwierz\u0119ta nie s\u0105 akceptowane.<\/li>\n<\/ul>\n<h3><strong>\ud83c\udf0c Inny spos\u00f3b na poznanie Teneryfy<\/strong><\/h3>\n<p>Je\u015bli szukasz romantycznej nocy, wyj\u0105tkowego pobytu lub niezapomnianego <strong>pok\u00f3j b\u0105belkowy Teneryfa<\/strong>, To do\u015bwiadczenie oferuje prywatno\u015b\u0107, komfort i magiczne otoczenie, kt\u00f3remu trudno dor\u00f3wna\u0107.<\/p>\n<p>Przy <strong>CanaryVIP<\/strong>, Starannie wybieramy i oferujemy wyj\u0105tkowe do\u015bwiadczenia, takie jak to <strong>B\u0105belkowe do\u015bwiadczenie Teneryfy<\/strong>, u\u0142atwiaj\u0105c rezerwacj\u0119 dzi\u0119ki jasnym informacjom i zaufanym partnerom.<\/p>\n<p>Zarezerwuj <strong>Bubble Room Experience Teneryfa<\/strong> ju\u017c dzi\u015b i ciesz si\u0119 niezapomnian\u0105 noc\u0105 dla dwojga pod gwiazdami.<\/p>","protected":false},"excerpt":{"rendered":"<p>\ud83d\udd0d <strong>Bubble Experience:<br \/>\n<\/strong>\u2705 Bezpieczna p\u0142atno\u015b\u0107.<br \/>\nMaksymalnie 2 na Bubble Room.<br \/>\nWyj\u0105tkowe do\u015bwiadczenie na Teneryfie.<br \/>\n\u2764\ufe0f Dost\u0119pne romantyczne dekoracje.<br \/>\nPokoje dost\u0119pne codziennie.<br \/>\nGwarancja najlepszej ceny.<br \/>\nOdpowiedni dla par.<br \/>\n\ud83d\udd01 Polityka anulowania rezerwacji przez 7 dni.<br \/>\n\ud83c\udf1f Rezerwuj wcze\u015bniej i oszcz\u0119dzaj!<br \/>\nLokalizacja na po\u0142udniu Teneryfy.<\/p>","protected":false},"featured_media":16584,"comment_status":"open","ping_status":"closed","template":"","meta":{"_acf_changed":false},"product_brand":[],"product_cat":[146],"product_tag":[],"class_list":{"0":"post-16530","1":"product","2":"type-product","3":"status-publish","4":"has-post-thumbnail","6":"product_cat-experiences-stays","7":"wcpa_has_options","9":"first","10":"instock","11":"sale","12":"virtual","13":"purchasable","14":"product-type-simple"},"acf":[],"wcpa_form_fields":{"wcpaData":{"product":{"product_price":220,"price_html":"From&nbsp;<del aria-hidden=\"true\"><span class=\"woocommerce-Price-amount amount\"><bdi>300,00&nbsp;<span class=\"woocommerce-Price-currencySymbol\">&euro;<\/span><\/bdi><\/span><\/del> <span class=\"screen-reader-text\">Pierwotna cena wynosi\u0142a: 300,00&nbsp;&euro;.<\/span><ins aria-hidden=\"true\"><span class=\"woocommerce-Price-amount amount\"><bdi>220,00&nbsp;<span class=\"woocommerce-Price-currencySymbol\">&euro;<\/span><\/bdi><\/span><\/ins><span class=\"screen-reader-text\">Aktualna cena: 220,00&nbsp;&euro;.<\/span>","original_product_price":300,"price_including_tax":220,"price_excluding_tax":220,"product_id":{"parent":16530,"variation":false},"is_variable":false,"stock_status":"instock","stock_quantity":null,"parent_sku":"CV16530","product_attributes":[],"custom_fields":[],"is_taxable":false,"product_name":"Bubble Room Experience in Tenerife with Private Jacuzzi","hasImage":false},"fields":{"sec_9696bca7546921":{"extra":{"key":"sec_9696bca7546921","section_id":"sec_9696bca7546921","name":"Default","status":1,"cl_rule":"show","enableCl":false,"relations":[],"toggle":true,"title_tag":"h3","show_title":false,"showPrice":"default","form_id":16576,"form_rules":{"exclude_from_discount":true,"fee_label":"Fee","disp_hide_options_price":true,"disp_show_section_price":false,"disp_show_field_price":true,"layout_option":"standard","pric_use_as_fee":false,"process_fee_as":"woo_fee"},"layout_option":"standard"},"fields":[[{"active":true,"col":6,"relations":false,"cl_rule":"show","enableCl":false,"price":"","enablePrice":true,"className":"","label_position":"default","desc_position":"default","type":"select","required":false,"elementId":"select_2543581118","label":"Number of Nights","name":"select_2543581118","values":[{"label":"1 Night (220\u20ac)","value":"1 night","selected":false,"tempId":"aco_452","price":"220","gt_translate_keys":["label"]},{"label":"2 Nights (430\u20ac)","value":"2 nights","selected":false,"tempId":"aco_453","price":"430","gt_translate_keys":["label"]},{"label":"3 Night (610\u20ac)","value":"3 nights","selected":false,"tempId":"aco_454","price":"610","gt_translate_keys":["label"]},{"label":"4 Nights (800\u20ac)","value":"4 nights","selected":false,"tempId":"aco_797","price":"800","gt_translate_keys":["label"]}],"isWeightTemplate":false,"error":false,"isTemplate":false,"min_quantity":"1","quantity_decimal":false,"quantity_step":"1","quantity_label":"Quantity","repeater_field_label":"{field_label}","repeater_bind":"","dropdown_type":"basic","priceOptions":"different_for_all","pricingType":"fixed","enableDesign":false,"gt_translate_keys":["label","repeater_field_label","quantity_label"],"price_dependency":false,"cl_dependency":false,"value":""}],[{"active":true,"col":6,"relations":false,"cl_rule":"show","enableCl":false,"price":"","enablePrice":false,"className":"","label_position":"default","desc_position":"default","type":"separator","required":false,"elementId":"separator_7826151522","label":"Separator Field","height":"3","separatorType":"blank","error":false,"gt_translate_keys":["label"],"price_dependency":false,"cl_dependency":false,"value":""}],[{"active":true,"col":6,"relations":false,"cl_rule":"show","enableCl":false,"price":"","enablePrice":false,"className":"","label_position":"default","desc_position":"default","type":"content","required":false,"elementId":"content_2250022845","label":"","name":"content_2250022845","contentType":"rich","value":"<p>Offer an unforgettable experience in Tenerife with Bubble Rooms. A unique getaway featuring a private jacuzzi, a heated beach-style pool, spectacular views and a one-of-a-kind stay designed to relax and disconnect.<\/p>\n<p>Once the gift voucher is purchased, the recipient must contact the accommodation directly to select the preferred dates for the stay. The voucher is valid for 6 months from the date of purchase.<\/p>\n<p>The voucher is valid for the standard rate and cannot be used on special dates such as Valentine\u2019s Day, public holidays or other periods with different pricing. If the stay is booked on a date with a higher rate, the corresponding price difference must be paid.<\/p>","isTemplate":false,"error":false,"enableDesign":true,"DescSize":"14","gt_translate_keys":["label","value"],"price_dependency":false,"cl_dependency":false}]]}},"config":{"price_override":"if_gt_zero","enable_recaptcha":false,"bind_quantity":false,"quantity_bind_formula":false,"disp_summ_show_option_price":true,"disp_summ_show_product_price":true,"disp_summ_show_total_price":true,"disp_summ_show_fee":true,"disp_summ_show_discount":true,"summary_title":"","options_total_label":"Options Price","total_label":"Total","options_product_label":"Product Price","fee_label":"Fee","discount_label":"Discount","has_price":true,"has_quantity_formula":false},"mc_unit":1,"tax_rate":1,"tax_rate_real":1,"discount":{"percentage":0,"fixed":0},"design":{"conf":{"LabelPosition":"above","DescPosition":"above","UploadField":"custom_1","QuantityFieldStyle":"custom_1"},"css":{"LeftLabelWidth":"120px"}},"formulas":[],"lookuptables":[],"clones":false,"cartKey":false}},"_links":{"self":[{"href":"https:\/\/canaryvip.com\/pl\/wp-json\/wp\/v2\/product\/16530","targetHints":{"allow":["GET"]}}],"collection":[{"href":"https:\/\/canaryvip.com\/pl\/wp-json\/wp\/v2\/product"}],"about":[{"href":"https:\/\/canaryvip.com\/pl\/wp-json\/wp\/v2\/types\/product"}],"replies":[{"embeddable":true,"href":"https:\/\/canaryvip.com\/pl\/wp-json\/wp\/v2\/comments?post=16530"}],"wp:featuredmedia":[{"embeddable":true,"href":"https:\/\/canaryvip.com\/pl\/wp-json\/wp\/v2\/media\/16584"}],"wp:attachment":[{"href":"https:\/\/canaryvip.com\/pl\/wp-json\/wp\/v2\/media?parent=16530"}],"wp:term":[{"taxonomy":"product_brand","embeddable":true,"href":"https:\/\/canaryvip.com\/pl\/wp-json\/wp\/v2\/product_brand?post=16530"},{"taxonomy":"product_cat","embeddable":true,"href":"https:\/\/canaryvip.com\/pl\/wp-json\/wp\/v2\/product_cat?post=16530"},{"taxonomy":"product_tag","embeddable":true,"href":"https:\/\/canaryvip.com\/pl\/wp-json\/wp\/v2\/product_tag?post=16530"}],"curies":[{"name":"wp","href":"https:\/\/api.w.org\/{rel}","templated":true}]}}