{"id":16199,"date":"2025-12-09T15:19:55","date_gmt":"2025-12-09T15:19:55","guid":{"rendered":"https:\/\/canaryvip.com\/?post_type=product&#038;p=16199"},"modified":"2025-12-09T15:35:17","modified_gmt":"2025-12-09T15:35:17","slug":"fast-boat-tour-from-los-cristianos-to-los-gigantes","status":"publish","type":"product","link":"https:\/\/canaryvip.com\/pl\/shop\/fast-boat-tour-from-los-cristianos-to-los-gigantes\/","title":{"rendered":"Szybka wycieczka \u0142odzi\u0105 z Los Cristianos do Los Gigantes"},"content":{"rendered":"<h3>\ud83d\udea4 Prze\u017cyj wyj\u0105tkow\u0105 wycieczk\u0119 szybk\u0105 \u0142odzi\u0105 z Los Cristianos do Los Gigantes.<\/h3>\n<p>Do\u0142\u0105cz do CanaryVIP i prze\u017cyj ekscytuj\u0105c\u0105 przygod\u0119 wzd\u0142u\u017c po\u0142udniowo-zachodniego wybrze\u017ca Teneryfy na pok\u0142adzie nowoczesnej, 32-osobowej \u0142odzi motorowej. Ta ekskluzywna wycieczka <strong>wycieczka \u0142odzi\u0105 do Los Gigantes<\/strong> jest jedynym, kt\u00f3ry odlatuje bezpo\u015brednio z <strong>Port w Los Cristianos<\/strong>, \u0142\u0105cz\u0105c emocje, komfort i zapieraj\u0105ce dech w piersiach widoki podczas trzygodzinnej podr\u00f3\u017cy, kt\u00f3rej nigdy nie zapomnisz.<\/p>\n<p>Podczas rejsu wzd\u0142u\u017c wybrze\u017ca b\u0119dziesz otoczony wulkanicznymi krajobrazami i turkusowymi wodami, kieruj\u0105c si\u0119 w stron\u0119 strzelistej <strong>Klify Los Gigantes<\/strong> kt\u00f3re wznosz\u0105 si\u0119 ponad 600 metr\u00f3w nad Oceanem Atlantyckim.<\/p>\n<h3>\ud83c\udf0a Najwa\u017cniejsze atrakcje wycieczki<\/h3>\n<ul>\n<li><strong>Szybka i wygodna \u0142\u00f3d\u017a<\/strong>: Pot\u0119\u017cna motor\u00f3wka zaprojektowana z my\u015bl\u0105 o p\u0142ynnej nawigacji i komforcie, z miejscami siedz\u0105cymi dla maksymalnie 32 pasa\u017cer\u00f3w.<\/li>\n<li><strong>Imponuj\u0105ce widoki<\/strong>: Ciesz si\u0119 panoramicznym widokiem na dzikie wybrze\u017ce Teneryfy i majestatyczne klify Los Gigantes.<\/li>\n<li><strong>Post\u00f3j na k\u0105piel w zatoce Masca<\/strong>: Zanurz si\u0119 w krystalicznie czystych wodach tej uroczej, ukrytej zatoczki.<\/li>\n<li><strong>Lekki catering w cenie<\/strong>: Aby uczyni\u0107 podr\u00f3\u017c jeszcze przyjemniejsz\u0105, na pok\u0142adzie serwowane s\u0105 kanapki i woda butelkowana.<\/li>\n<li><strong>Lokalny przewodnik<\/strong>: Poznajcie historie i ciekawostki dotycz\u0105ce po\u0142udniowego wybrze\u017ca Teneryfy dzi\u0119ki naszemu przyjaznemu, dwuj\u0119zycznemu przewodnikowi.<\/li>\n<\/ul>\n<h3>\ud83d\udee5\ufe0f Szybka \u0142\u00f3d\u017a do Los Gigantes<\/h3>\n<ul>\n<li><strong>Czas trwania<\/strong>: Oko\u0142o 3 godziny (w obie strony).<\/li>\n<li><strong>Harmonogram<\/strong>: Wyjazdy w ka\u017cdy poniedzia\u0142ek, \u015brod\u0119, pi\u0105tek, sobot\u0119 i niedziel\u0119 o godz. 10:00.<\/li>\n<li><strong>Punkt wyj\u015bcia<\/strong>: <a href=\"https:\/\/www.google.com\/maps\/place\/Puerto+de+Los+Cristianos\/\" target=\"_blank\" rel=\"noopener\">Port w Los Cristianos<\/a>. Prosimy o przybycie 15 minut przed odjazdem.<\/li>\n<\/ul>\n<h3>\ud83d\udc2c Rejs statkiem po zatoce Masca: ukryty raj<\/h3>\n<p>W ramach tego <strong>Rejs statkiem po zatoce Masca<\/strong>, zacumujemy w jednej z najbardziej malowniczych zatoczek Teneryfy. Otoczona klifami i turkusowymi wodami, jest to idealne miejsce do p\u0142ywania, nurkowania lub po prostu relaksu na pok\u0142adzie, ciesz\u0105c si\u0119 spokojn\u0105 atmosfer\u0105 Atlantyku.<\/p>\n<p>Sprz\u0119t do nurkowania nie jest wliczony w cen\u0119, ale mo\u017cna go wypo\u017cyczy\u0107 na pok\u0142adzie za jedyne 15 \u20ac od osoby.<\/p>\n<h3>\ud83c\udf74 Co zawiera zestaw<\/h3>\n<ul>\n<li>3 godziny <strong>Rejs statkiem z Los Cristianos do Los Gigantes<\/strong>.<\/li>\n<li>Wygodne siedzenia dla maksymalnie 32 pasa\u017cer\u00f3w.<\/li>\n<li>Kanapka i butelka wody (na \u017cyczenie dost\u0119pne s\u0105 opcje wegetaria\u0144skie).<\/li>\n<li>Dwuj\u0119zyczny lokalny przewodnik (hiszpa\u0144ski i angielski).<\/li>\n<li>Zatrzymaj si\u0119, aby pop\u0142ywa\u0107 i ponurkowa\u0107 w zatoce Masca.<\/li>\n<li>Ubezpieczenie podr\u00f3\u017cne i pe\u0142ne wyposa\u017cenie bezpiecze\u0144stwa na pok\u0142adzie.<\/li>\n<\/ul>\n<h3>\u274c Nie zawarte<\/h3>\n<ul>\n<li>Wypo\u017cyczenie sprz\u0119tu do nurkowania (dost\u0119pne na pok\u0142adzie za 15 \u20ac od osoby).<\/li>\n<li>Dodatkowe napoje lub przek\u0105ski.<\/li>\n<li>Odbi\u00f3r i dow\u00f3z z hotelu (opcjonalny transfer dost\u0119pny za dodatkow\u0105 op\u0142at\u0105).<\/li>\n<li>R\u0119czniki i rzeczy osobiste.<\/li>\n<\/ul>\n<h3>\ud83d\udcf8 Przydatne informacje<\/h3>\n<ul>\n<li><strong>Wydajno\u015b\u0107<\/strong>: Limit 32 pasa\u017cer\u00f3w zapewnia komfort i spersonalizowane wra\u017cenia.<\/li>\n<li><strong>Zalecenia<\/strong>: We\u017a ze sob\u0105 str\u00f3j k\u0105pielowy, r\u0119cznik, okulary przeciws\u0142oneczne, krem z filtrem przeciws\u0142onecznym i aparat fotograficzny, aby uchwyci\u0107 wspania\u0142e widoki.<\/li>\n<li><strong>Ograniczenia<\/strong>: Na pok\u0142adzie obowi\u0105zuje zakaz palenia. Dzieci poni\u017cej 18 roku \u017cycia musz\u0105 by\u0107 pod opiek\u0105 osoby doros\u0142ej.<\/li>\n<\/ul>\n<h3>\ud83d\udcbc \u0141atwa rezerwacja dzi\u0119ki CanaryVIP<\/h3>\n<ul>\n<li><strong>Prosta rezerwacja<\/strong>: Zarezerwuj miejsca online i zapewnij sobie miejsce natychmiast.<\/li>\n<li><strong>Wysoki popyt<\/strong>: To <strong>szybka \u0142\u00f3d\u017a do Los Gigantes<\/strong> szybko si\u0119 zape\u0142nia, dlatego zalecamy rezerwacj\u0119 z wyprzedzeniem.<\/li>\n<li><strong>Elastyczne p\u0142atno\u015bci<\/strong>: Dla Twojej wygody dost\u0119pnych jest wiele bezpiecznych metod p\u0142atno\u015bci.<\/li>\n<\/ul>\n<h3>\ud83d\udd52 Zasady anulowania rezerwacji<\/h3>\n<p>Wiemy, \u017ce plany mog\u0105 ulec zmianie, dlatego oferujemy elastyczn\u0105 polityk\u0119 anulowania rezerwacji tej wycieczki \u0142odzi\u0105 na Teneryfie.<\/p>\n<ul>\n<li><strong>Bezp\u0142atna anulacja do 48 godzin przed wyjazdem<\/strong>: Otrzymaj pe\u0142ny zwrot koszt\u00f3w, je\u015bli anulujesz rezerwacj\u0119 co najmniej 48 godzin przed rozpocz\u0119ciem wycieczki.<\/li>\n<li><strong>Mniej ni\u017c 48 godzin przed odlotem<\/strong>: Niestety, w przypadku rezygnacji w ostatniej chwili nie ma mo\u017cliwo\u015bci zwrotu koszt\u00f3w.<\/li>\n<li><strong>Si\u0142a wy\u017csza<\/strong>W rzadkich przypadkach z\u0142ej pogody, wzburzonego morza lub problem\u00f3w operacyjnych zaoferujemy Pa\u0144stwu nowy termin lub pe\u0142ny zwrot koszt\u00f3w.<\/li>\n<\/ul>\n<h3>\ud83c\udf34 Dlaczego warto rezerwowa\u0107 z CanaryVIP?<\/h3>\n<p>W CanaryVIP wsp\u00f3\u0142pracujemy wy\u0142\u0105cznie z zaufanymi i certyfikowanymi operatorami, aby zapewni\u0107, \u017ce ka\u017cdy <strong>wycieczka \u0142odzi\u0105 po Teneryfie<\/strong> spe\u0142nia nasze standardy jako\u015bci. Jeste\u015bmy tutaj, aby pom\u00f3c Ci wybra\u0107 najlepsz\u0105 ofert\u0119 na pobyt i s\u0142u\u017cy\u0107 pomoc\u0105 przed, w trakcie i po dokonaniu rezerwacji.<\/p>\n<p>Niezale\u017cnie od tego, czy szukasz przygody, zapieraj\u0105cych dech w piersiach krajobraz\u00f3w, czy po prostu relaksuj\u0105cego poranka na morzu, to <strong>wycieczka \u0142odzi\u0105 do Los Gigantes<\/strong> jest jednym z najbardziej niezapomnianych sposob\u00f3w na zwiedzanie po\u0142udniowego wybrze\u017ca Teneryfy.<\/p>\n<p>Zarezerwuj miejsce ju\u017c dzi\u015b i ciesz si\u0119 niezapomnianym dniem na oceanie!<\/p>","protected":false},"excerpt":{"rendered":"<p><strong>\ud83d\udd0d Wycieczka \u0142odzi\u0105 FastBoat:<br \/>\n<\/strong>\ud83d\udea4 Szybka \u0142\u00f3d\u017a do Los Gigantes.<br \/>\n<span>\u2705 Bezpieczna p\u0142atno\u015b\u0107.<\/span><br \/>\n<span>\ud83d\udc65 Dost\u0119pne wsp\u00f3lne wycieczki.<\/span><br \/>\n<span>\ud83d\udd10 Dost\u0119pne prywatne wycieczki.<\/span><br \/>\n<span>\ud83d\udc0b Obserwacja wieloryb\u00f3w i delfin\u00f3w.<\/span><br \/>\n<span>\ud83d\ude80 Wycieczki trwaj\u0105ce 3 godziny.<\/span><br \/>\n<span>\ud83d\udd59 Codziennie o godz. 10:00.<\/span><br \/>\n<span>\ud83e\uddc3 Kanapka i woda w cenie.<br \/>\n<\/span>\ud83d\udd75\ud83c\udffc\u200d\u2642\ufe0f Lokalny przewodnik-ekspert.<br \/>\n<span>\ud83d\udc65 Do 32 os\u00f3b.<\/span><br \/>\n<span>\ud83e\udd3f Wypo\u017cyczalnia sprz\u0119tu do nurkowania z rurk\u0105.<\/span><br \/>\n<span>\ud83e\udd11 Gwarancja najlepszej ceny.<\/span><br \/>\n<span>\ud83d\udc6a  Aktywowane rabaty.<\/span><br \/>\n<span>\ud83d\udd01 Anulowanie do 48 godzin.<\/span><br \/>\n<span>\ud83c\udf0d Przewodniki wieloj\u0119zyczne.<\/span><br \/>\n<span>\ud83c\udf1f Zarezerwuj teraz i zaoszcz\u0119d\u017a!<\/span><br \/>\n<span>\ud83d\udccd Odej\u015bcie od <a href=\"https:\/\/maps.app.goo.gl\/h1kp26zsNCk2tWjZA\">Los Cristianos<\/a>.<\/span><\/p>","protected":false},"featured_media":16353,"comment_status":"open","ping_status":"closed","template":"","meta":{"_acf_changed":false},"product_brand":[],"product_cat":[46],"product_tag":[],"class_list":{"0":"post-16199","1":"product","2":"type-product","3":"status-publish","4":"has-post-thumbnail","6":"product_cat-boat-excursions","7":"wcpa_has_options","9":"first","10":"instock","11":"virtual","12":"purchasable","13":"product-type-simple"},"acf":[],"wcpa_form_fields":{"wcpaData":{"product":{"product_price":39,"price_html":"From&nbsp;<span class=\"woocommerce-Price-amount amount\"><bdi>39,00&nbsp;<span class=\"woocommerce-Price-currencySymbol\">&euro;<\/span><\/bdi><\/span>","original_product_price":39,"price_including_tax":39,"price_excluding_tax":39,"product_id":{"parent":16199,"variation":false},"is_variable":false,"stock_status":"instock","stock_quantity":null,"parent_sku":"CV16199","product_attributes":[],"custom_fields":[],"is_taxable":false,"product_name":"Fast Boat Tour from Los Cristianos to Los Gigantes","hasImage":false},"fields":{"sec_36938408c284bc":{"extra":{"key":"sec_36938408c284bc","section_id":"sec_36938408c284bc","name":"3H Shared Trip","status":1,"cl_rule":"show","enableCl":false,"relations":[{"operator":false,"rules":[{"operator":"AND","rules":{"cl_field":"radio-group_26938408c284ba","cl_relation":"is","cl_val":"3 Hour Trip"}}]}],"toggle":true,"title_tag":"h4","show_title":false,"showPrice":"default","repeater_section_field_label":"{field_label}","repeater_section_label":"{section_name}","repeater_bind":"","form_id":16357,"form_rules":{"exclude_from_discount":true,"fee_label":"Fee","disp_hide_options_price":true,"disp_show_section_price":false,"disp_show_field_price":true,"layout_option":"standard","pric_use_as_fee":false,"process_fee_as":"woo_fee"},"layout_option":"standard"},"fields":[[{"active":true,"col":6,"relations":false,"cl_rule":"show","enableCl":false,"price":"","enablePrice":false,"className":"","label_position":"default","desc_position":"default","type":"content","required":false,"elementId":"content_4254462101","label":"3 Hour Shared Tour","name":"content_4254462101","contentType":"rich","value":"<p>Whale and dolphin sightings. Includes a sandwich and water. Daily at 10:00.<\/p>","isTemplate":false,"error":false,"gt_translate_keys":["label","value"],"price_dependency":false,"cl_dependency":false}],[{"label":"\ud83d\udcc5 Date","active":true,"required":true,"elementId":"date_66938408c284ca","picker_type":"custom","picker_mode":"single","placeholder":"","description":"","tooltip":"","name":"date_66938408c284ca","label_position":"default","desc_position":"default","enablePrice":false,"className":"","enableCl":false,"relations":[{"operator":"and","rules":[{"operator":"AND","rules":{"cl_field":"radio-group_26938408c284ba","cl_relation":"is","cl_val":"3 Hour Trip"}}]}],"enableDesign":false,"LabelColor":"","date_pic_inline":true,"date_pic_inline_hide":true,"min_date":{"type":"days","val":"1"},"max_date":{"type":"days","val":"365"},"date_pic_conf":{"disabledWeeks":[],"disabledDates":[]},"price":"","cl_rule":"show","col":6,"type":"date","error":false,"date_conf_custom":{},"isWeightTemplate":false,"isTemplate":false,"min_quantity":"1","quantity_decimal":false,"quantity_step":"1","quantity_label":"Quantity","repeater_field_label":"{field_label}","repeater_bind":"","gt_translate_keys":["label","placeholder","description","tooltip","repeater_field_label","quantity_label"],"price_dependency":false,"cl_dependency":false,"value":""}],[{"label":"\u23f0 Departure","active":true,"required":true,"elementId":"select_16938408c284d6","dropdown_type":"basic","name":"select_16938408c284d6","label_position":"default","desc_position":"default","enablePrice":false,"className":"","enableCl":false,"relations":[{"operator":false,"rules":[{"operator":"AND","rules":{"cl_field":"date_66938408c284ca","cl_relation":"week_day_is","cl_val":[1]}}]}],"values":[{"label":"10:00","value":"10:00","selected":true,"tempId":"aco_2695","options_cl":false,"relations":[{"operator":false,"rules":[{"operator":"AND","rules":{"cl_field":"date_66938408c284ca","cl_relation":"week_day_is","cl_val":[5]}}]}],"cl_rule":"show","gt_translate_keys":["label"]}],"price":"","cl_rule":"show","col":6,"type":"select","error":false,"placeholder":"","isWeightTemplate":false,"isTemplate":false,"min_quantity":"1","quantity_decimal":false,"quantity_step":"1","quantity_label":"Quantity","repeater_field_label":"{field_label}","repeater_bind":"","gt_translate_keys":["label","placeholder","repeater_field_label","quantity_label"],"price_dependency":false,"cl_dependency":false,"value":""}],[{"active":true,"col":6,"relations":false,"cl_rule":"show","enableCl":false,"price":"","enablePrice":false,"className":"","label_position":"default","desc_position":"default","type":"content","required":false,"elementId":"content_26938408c284f4","label":"People","name":"content_26938408c284f4","contentType":"plain","value":"","error":false,"show_in_checkout":true,"inline":false,"isTemplate":false,"gt_translate_keys":["label","value"],"price_dependency":false,"cl_dependency":false}],[{"active":true,"col":6,"relations":[{"operator":false,"rules":[{"operator":"AND","rules":{"cl_field":"","cl_relation":"","cl_val":""}}]}],"cl_rule":"show","enableCl":false,"price":"39","enablePrice":true,"className":"","label_position":"default","desc_position":"default","type":"radio-group","required":false,"elementId":"radio-group_66938408c28500","label":"","name":"radio-group_66938408c28500","values":[{"label":"\ud83d\udc64 Adult (39\u20ac)","value":"Adult","selected":true,"tempId":"aco_32","tooltip":"+12 Years","description":"","gt_translate_keys":["label","tooltip","description"]}],"layOut":"","error":false,"checkUi":"button","priceOptions":"fixed_for_all","pricingType":"fixed","enable_quantity":true,"quantity_label":"","min_quantity":"0","options_tooltip":true,"options_description":true,"is_show_price":false,"isWeightTemplate":false,"isTemplate":false,"quantity_decimal":false,"quantity_step":"1","repeater_field_label":"{field_label}","repeater_bind":"","gt_translate_keys":["label","repeater_field_label","quantity_label"],"price_dependency":false,"cl_dependency":false,"value":""}],[{"label":"","active":true,"required":false,"elementId":"radio-group_96938408c2850b","name":"radio-group_96938408c2850b","label_position":"default","desc_position":"default","enablePrice":true,"className":"","enableCl":false,"relations":false,"enable_quantity":true,"quantity_label":"","min_quantity":"0","checkUi":"button","layOut":"","values":[{"label":"\ud83d\udc66 Child (21\u20ac)","value":"Child","selected":true,"tempId":"aco_32","tooltip":"3-11 Years","description":"","gt_translate_keys":["label","tooltip","description"]}],"priceOptions":"fixed_for_all","pricingType":"fixed","price":"21","cl_rule":"show","col":6,"type":"radio-group","error":false,"options_tooltip":true,"options_description":true,"is_show_price":false,"isWeightTemplate":false,"isTemplate":false,"quantity_decimal":false,"quantity_step":"1","repeater_field_label":"{field_label}","repeater_bind":"","gt_translate_keys":["label","repeater_field_label","quantity_label"],"price_dependency":false,"cl_dependency":false,"value":""}]]}},"config":{"price_override":"always","enable_recaptcha":false,"bind_quantity":false,"quantity_bind_formula":false,"disp_summ_show_option_price":true,"disp_summ_show_product_price":false,"disp_summ_show_total_price":true,"disp_summ_show_fee":true,"disp_summ_show_discount":true,"summary_title":"","options_total_label":"Options Price","total_label":"Total Amount Now","options_product_label":"Product Price","fee_label":"Fee","discount_label":"Discount","has_price":true,"has_quantity_formula":false},"mc_unit":1,"tax_rate":1,"tax_rate_real":1,"discount":{"percentage":0,"fixed":0},"design":{"conf":{"LabelPosition":"above","DescPosition":"above","UploadField":"custom_1","QuantityFieldStyle":"custom_1"},"css":{"LeftLabelWidth":"120px"}},"formulas":{"fmla_1708364241278155361":"(({field.select_16938408c2853d.value}>=8)?(335.50):(({field.select_16938408c2853d.value}>=6)?(269):(({field.select_16938408c2853d.value}>=5)?(252.50):(({field.select_16938408c2853d.value}>=4)?(282.50):(({field.select_16938408c2853d.value}>=3)?(193.50):(0))))))","fmla_1741607919311571987":"(({field.select_16938408c2853d.value}>=8)?(1334.50):(({field.select_16938408c2853d.value}>=6)?(1071):(({field.select_16938408c2853d.value}>=5)?(977.50):(({field.select_16938408c2853d.value}>=4)?(807.50):(({field.select_16938408c2853d.value}>=3)?(756.50):(0))))))"},"lookuptables":[],"clones":false,"cartKey":false}},"_links":{"self":[{"href":"https:\/\/canaryvip.com\/pl\/wp-json\/wp\/v2\/product\/16199","targetHints":{"allow":["GET"]}}],"collection":[{"href":"https:\/\/canaryvip.com\/pl\/wp-json\/wp\/v2\/product"}],"about":[{"href":"https:\/\/canaryvip.com\/pl\/wp-json\/wp\/v2\/types\/product"}],"replies":[{"embeddable":true,"href":"https:\/\/canaryvip.com\/pl\/wp-json\/wp\/v2\/comments?post=16199"}],"wp:featuredmedia":[{"embeddable":true,"href":"https:\/\/canaryvip.com\/pl\/wp-json\/wp\/v2\/media\/16353"}],"wp:attachment":[{"href":"https:\/\/canaryvip.com\/pl\/wp-json\/wp\/v2\/media?parent=16199"}],"wp:term":[{"taxonomy":"product_brand","embeddable":true,"href":"https:\/\/canaryvip.com\/pl\/wp-json\/wp\/v2\/product_brand?post=16199"},{"taxonomy":"product_cat","embeddable":true,"href":"https:\/\/canaryvip.com\/pl\/wp-json\/wp\/v2\/product_cat?post=16199"},{"taxonomy":"product_tag","embeddable":true,"href":"https:\/\/canaryvip.com\/pl\/wp-json\/wp\/v2\/product_tag?post=16199"}],"curies":[{"name":"wp","href":"https:\/\/api.w.org\/{rel}","templated":true}]}}