{"id":15724,"date":"2025-08-24T11:35:32","date_gmt":"2025-08-24T10:35:32","guid":{"rendered":"https:\/\/canaryvip.com\/?post_type=product&#038;p=15724"},"modified":"2025-09-06T09:56:39","modified_gmt":"2025-09-06T08:56:39","slug":"neptuno-yacht-charter-tenerife","status":"publish","type":"product","link":"https:\/\/canaryvip.com\/pl\/shop\/neptuno-yacht-charter-tenerife\/","title":{"rendered":"Neptuno czarter jacht\u00f3w Teneryfa"},"content":{"rendered":"<h2>\ud83d\udee5\ufe0f Neptuno czarter jacht\u00f3w Teneryfa<\/h2>\n<p>Przy <strong>CanaryVIP<\/strong> oferujemy mo\u017cliwo\u015b\u0107 prze\u017cycia ekskluzywnej przygody na pok\u0142adzie <strong>Neptuno Yacht,<\/strong> jeden z niewielu prywatnych jacht\u00f3w na Teneryfie z licencj\u0105 na <strong>obserwowanie wieloryb\u00f3w i delfin\u00f3w.<\/strong> Pojemno\u015b\u0107 do <strong>22 pasa\u017cer\u00f3w,<\/strong> Ten jacht to rzadka opcja na Teneryfie, gdzie wi\u0119kszo\u015b\u0107 prywatnych \u0142odzi jest ograniczona do 12 os\u00f3b. Jest to idealny wyb\u00f3r dla wi\u0119kszych grup, kt\u00f3re chc\u0105 sp\u0119dzi\u0107 niezapomniany dzie\u0144 na morzu.<\/p>\n<p>Cechy jachtu <strong>dwa otwarte pok\u0142ady,<\/strong> ma\u0142y wewn\u0119trzny salon i toaleta dla wygody go\u015bci. Pierwotnie zbudowany w 1973 roku i ca\u0142kowicie odnowiony w 2018 roku, Neptuno \u0142\u0105czy ponadczasowy design z nowoczesnymi aktualizacjami, zapewniaj\u0105c wyj\u0105tkow\u0105 i relaksuj\u0105c\u0105 atmosfer\u0119.<\/p>\n<h3>Prywatne czartery od 3 do 8 godzin<\/h3>\n<p>Wybierz d\u0142ugo\u015b\u0107 prywatnego czarteru, aby dopasowa\u0107 go do swoich plan\u00f3w:<\/p>\n<ul>\n<li><strong>3 godziny:<\/strong> Kr\u00f3tkie, ale kompletne do\u015bwiadczenie z obserwowaniem wieloryb\u00f3w i delfin\u00f3w, p\u0142ywaniem i snorkelingiem w pi\u0119knych zatokach.<\/li>\n<li><strong>4-5 godzin:<\/strong> Wi\u0119cej czasu na relaks, opalanie i odkrywanie po\u0142udniowego wybrze\u017ca, jednocze\u015bnie ciesz\u0105c si\u0119 d\u0142u\u017cszymi mo\u017cliwo\u015bciami ogl\u0105dania dzikiej przyrody.<\/li>\n<li><strong>6-7 godzin:<\/strong> Ca\u0142odniowa przygoda z d\u0142u\u017cszymi postojami, idealna do \u015bwi\u0119towania specjalnych okazji z rodzin\u0105 lub przyjaci\u00f3\u0142mi.<\/li>\n<li><strong>8 godzin:<\/strong> Najlepszy prywatny czarter jachtu na Teneryfie, oferuj\u0105cy ca\u0142odniowe do\u015bwiadczenie w odkrywaniu ukrytych zatoczek i cieszeniu si\u0119 oceanem we w\u0142asnym tempie.<\/li>\n<\/ul>\n<h3>Obserwowanie wieloryb\u00f3w i delfin\u00f3w<\/h3>\n<p>Jedn\u0105 z g\u0142\u00f3wnych atrakcji jachtu Neptuno jest jego oficjalna licencja na obserwowanie wieloryb\u00f3w i delfin\u00f3w. Wyp\u0142yni\u0119cie z <strong>Puerto de Los Cristianos<\/strong> (Molo wycieczkowe, strefa B), jacht zabierze Ci\u0119 do obszar\u00f3w, w kt\u00f3rych przez ca\u0142y rok \u017cyj\u0105 wieloryby pilotuj\u0105ce i delfiny butlonose. Teneryfa jest uwa\u017cana za jedno z najlepszych miejsc na \u015bwiecie do uprawiania tej aktywno\u015bci, a do\u015bwiadczanie jej na prywatnym jachcie czyni j\u0105 jeszcze bardziej wyj\u0105tkow\u0105.<\/p>\n<h3>\ud83c\udf7d\ufe0f Jedzenie i napoje na pok\u0142adzie<\/h3>\n<p>Go\u015bcie mog\u0105 delektowa\u0107 si\u0119 \u015bwie\u017co przygotowanymi posi\u0142kami, owocami i napojami, w tym wod\u0105, napojami bezalkoholowymi, piwem, winem i cav\u0105.<\/p>\n<p>Podczas rejsu dost\u0119pne s\u0105 przek\u0105ski, dzi\u0119ki czemu ka\u017cdy mo\u017ce poczu\u0107 si\u0119 komfortowo.<\/p>\n<h3>Aktywno\u015bci i dodatki<\/h3>\n<ul>\n<li>Podczas postoj\u00f3w zapewniono sprz\u0119t do nurkowania z rurk\u0105.<\/li>\n<li>W\u0119dki rekreacyjne dost\u0119pne na \u017cyczenie.<\/li>\n<li>Mn\u00f3stwo miejsca na pok\u0142adzie do opalania, relaksu i \u015bwi\u0119towania.<\/li>\n<\/ul>\n<h3>Szczeg\u00f3\u0142y dotycz\u0105ce jachtu Neptuno<\/h3>\n<ul>\n<li><strong>D\u0142ugo\u015b\u0107:<\/strong> 13 metr\u00f3w<\/li>\n<li><strong>Maksymalna pojemno\u015b\u0107:<\/strong> 22 pasa\u017cer\u00f3w<\/li>\n<\/ul>\n<h3>Co zabra\u0107 ze sob\u0105<\/h3>\n<ul>\n<li>Krem do opalania, okulary przeciws\u0142oneczne, r\u0119cznik i aparat fotograficzny, aby uchwyci\u0107 dzik\u0105 przyrod\u0119 i widoki.<\/li>\n<li>W ch\u0142odniejszych miesi\u0105cach zalecana jest lekka kurtka.<\/li>\n<\/ul>\n<h3>Zasady anulowania rezerwacji<\/h3>\n<p>Rozumiemy, \u017ce plany mog\u0105 ulec zmianie. Oto warunki anulowania rezerwacji przez Neptuno Yacht:<\/p>\n<ul>\n<li><strong>Prywatne czartery:<\/strong> Anulowanie rezerwacji na wi\u0119cej ni\u017c 7 dni przed odlotem zapewnia pe\u0142ny zwrot koszt\u00f3w. Zwrot koszt\u00f3w nie przys\u0142uguje w przypadku anulowania rezerwacji w ci\u0105gu 7 dni lub niepojawienia si\u0119 na miejscu.<\/li>\n<li><strong>Z\u0142a pogoda:<\/strong> Je\u015bli kapitan uzna warunki za niebezpieczne, pasa\u017cer otrzyma propozycj\u0119 zmiany terminu lub pe\u0142ny zwrot koszt\u00f3w.<\/li>\n<li><strong>Wczesne zwroty:<\/strong> Wycieczki skr\u00f3cone na \u017cyczenie go\u015bcia (np. z powodu choroby morskiej) nie podlegaj\u0105 zwrotowi.<\/li>\n<\/ul>\n<h3>Dlaczego warto zarezerwowa\u0107 jacht Neptuno z CanaryVIP?<\/h3>\n<ul>\n<li><strong>Licencja na obserwacj\u0119 wieloryb\u00f3w i delfin\u00f3w:<\/strong> Jeden z niewielu prywatnych jacht\u00f3w na Teneryfie, kt\u00f3ry mo\u017ce zbli\u017ca\u0107 si\u0119 do tych niesamowitych zwierz\u0105t.<\/li>\n<li><strong>Przestrze\u0144 dla du\u017cych grup:<\/strong> Licencjonowany dla maksymalnie 22 go\u015bci, idealny na urodziny, imprezy firmowe lub spotkania rodzinne.<\/li>\n<li><strong>Doskona\u0142a warto\u015b\u0107:<\/strong> Wygodny <a href=\"https:\/\/canaryvip.com\/pl\/tenerife\/yacht-tenerife\/\">jacht Teneryfa<\/a> opcja z jedzeniem, napojami i do\u015bwiadczon\u0105 lokaln\u0105 za\u0142og\u0105.<\/li>\n<\/ul>\n<h3>Ko\u0144cowe przemy\u015blenia<\/h3>\n<p>The <strong>Neptuno czarter jacht\u00f3w Teneryfa<\/strong> to co\u015b wi\u0119cej ni\u017c tylko wynajem \u0142odzi. To brama do obserwowania wieloryb\u00f3w, spotka\u0144 z delfinami, p\u0142ywania i relaksu z przyjaci\u00f3\u0142mi lub rodzin\u0105 w ca\u0142kowitej prywatno\u015bci. Dzi\u0119ki czarterom trwaj\u0105cym od 3 do 8 godzin, elastycznemu cateringowi i pojemno\u015bci dla 22 go\u015bci, jest to jeden z najlepszych sposob\u00f3w na <a href=\"https:\/\/canaryvip.com\/pl\/tenerife\/rent-a-boat-tenerife\/\">Wynajem \u0142odzi na Teneryfie<\/a> z pewno\u015bci\u0105 siebie i stylem.<\/p>\n<p>Zarezerwuj ju\u017c dzi\u015b z <strong>CanaryVIP<\/strong> i ciesz si\u0119 naprawd\u0119 wyj\u0105tkowym do\u015bwiadczeniem prywatnego jachtu na Atlantyku.<\/p>","protected":false},"excerpt":{"rendered":"<p><strong>Neptuno Yacht Tenerife:<\/strong><br \/>\n\u2705 Bezpieczna p\u0142atno\u015b\u0107.<br \/>\n\ud83d\udd10 Dost\u0119pne prywatne wycieczki<br \/>\n\ud83d\udc0b Obserwacja wieloryb\u00f3w i delfin\u00f3w.<br \/>\nCodzienne wycieczki<br \/>\n\ud83c\udf05 Dost\u0119pne wycieczki o zachodzie s\u0142o\u0144ca.<br \/>\nJedzenie i napoje wliczone w cen\u0119.<br \/>\nDo 22 os\u00f3b.<br \/>\nToaleta na pok\u0142adzie.<br \/>\n\ud83e\udd3f Zapewniony sprz\u0119t do nurkowania z rurk\u0105.<br \/>\n\ud83e\udd11 Gwarancja najlepszej ceny.<br \/>\n\ud83d\udc6a  Aktywowane rabaty.<br \/>\n\ud83d\udd01 Anulowanie do 5 dni.<br \/>\n\ud83c\udf0d Przewodniki wieloj\u0119zyczne.<br \/>\n\ud83c\udf1f Zarezerwuj teraz i zaoszcz\u0119d\u017a!<br \/>\n\ud83d\udccd Odej\u015bcie od <a href=\"https:\/\/maps.app.goo.gl\/HatmLZkFA7oLCfX57\">Los Cristianos<\/a>.<\/p>","protected":false},"featured_media":15725,"comment_status":"open","ping_status":"closed","template":"","meta":{"_acf_changed":false},"product_brand":[],"product_cat":[47],"product_tag":[],"class_list":{"0":"post-15724","1":"product","2":"type-product","3":"status-publish","4":"has-post-thumbnail","6":"product_cat-boat-hire-tenerife","7":"wcpa_has_options","9":"first","10":"instock","11":"sale","12":"virtual","13":"purchasable","14":"product-type-simple"},"acf":[],"wcpa_form_fields":{"wcpaData":{"product":{"product_price":765,"price_html":"From&nbsp;<del aria-hidden=\"true\"><span class=\"woocommerce-Price-amount amount\"><bdi>900,00&nbsp;<span class=\"woocommerce-Price-currencySymbol\">&euro;<\/span><\/bdi><\/span><\/del> <span class=\"screen-reader-text\">Pierwotna cena wynosi\u0142a: 900,00&nbsp;&euro;.<\/span><ins aria-hidden=\"true\"><span class=\"woocommerce-Price-amount amount\"><bdi>765,00&nbsp;<span class=\"woocommerce-Price-currencySymbol\">&euro;<\/span><\/bdi><\/span><\/ins><span class=\"screen-reader-text\">Aktualna cena: 765,00&nbsp;&euro;.<\/span>","original_product_price":900,"price_including_tax":765,"price_excluding_tax":765,"product_id":{"parent":15724,"variation":false},"is_variable":false,"stock_status":"instock","stock_quantity":null,"parent_sku":"CV15724","product_attributes":[],"custom_fields":[],"is_taxable":false,"product_name":"Neptuno Yacht Charter Tenerife","hasImage":false},"fields":{"sec_068b85c6eaafb2":{"extra":{"key":"sec_068b85c6eaafb2","section_id":"sec_068b85c6eaafb2","name":"Private Charter","status":1,"cl_rule":"show","enableCl":false,"relations":[{"operator":false,"rules":[{"operator":"AND","rules":{"cl_field":"radio-group_768b85c6eaaf46","cl_relation":"is","cl_val":"Private Charter"}}]}],"toggle":true,"title_tag":"h4","show_title":false,"showPrice":"default","repeater_section_field_label":"{field_label}","repeater_section_label":"{section_name}","repeater_bind":"","form_id":15819,"form_rules":{"exclude_from_discount":true,"fee_label":"Fee","disp_hide_options_price":true,"disp_show_section_price":false,"disp_show_field_price":true,"layout_option":"standard","pric_use_as_fee":false,"process_fee_as":"woo_fee"},"layout_option":"standard"},"fields":[[{"label":"\ud83d\udcc5 Date","active":true,"required":true,"elementId":"date_368b85c6eaafbc","picker_type":"custom","picker_mode":"single","placeholder":"","description":"","tooltip":"","name":"date_368b85c6eaafbc","label_position":"default","desc_position":"default","enablePrice":false,"className":"","enableCl":false,"relations":[{"operator":"and","rules":[{"operator":"AND","rules":{"cl_field":"radio-group_367e16bf8dd4f5","cl_relation":"is","cl_val":"3 Hour Trip"}}]}],"enableDesign":false,"LabelColor":"","date_pic_inline":true,"date_pic_inline_hide":true,"min_date":{"type":"days","val":"2"},"max_date":{"type":"days","val":"365"},"date_pic_conf":{"disabledWeeks":[]},"price":"","cl_rule":"show","col":6,"type":"date","error":false,"isWeightTemplate":false,"isTemplate":false,"min_quantity":"1","quantity_decimal":false,"quantity_step":"1","quantity_label":"Quantity","repeater_field_label":"{field_label}","repeater_bind":"","gt_translate_keys":["label","placeholder","description","tooltip","repeater_field_label","quantity_label"],"price_dependency":false,"cl_dependency":false,"value":""}],[{"active":true,"col":6,"relations":false,"cl_rule":"show","enableCl":false,"price":"","enablePrice":true,"className":"","label_position":"default","desc_position":"default","type":"select","required":false,"elementId":"select_668b85c6eaafc6","label":"\u231b\ufe0f Charter Duration (From 765\u20ac)","name":"select_668b85c6eaafc6","values":[{"label":"3 Hours (From 765\u20ac)","value":"3","selected":false,"tempId":"aco_3241","price":"765","options_cl":false,"relations":[{"operator":false,"rules":[{"operator":"AND","rules":{"cl_field":"","cl_relation":"","cl_val":""}}]}],"cl_rule":"show","gt_translate_keys":["label"]},{"label":"4 Hours (From 985\u20ac)","value":"4","selected":false,"tempId":"aco_2149","price":"985","gt_translate_keys":["label"]},{"label":"5 Hours (From 1.225\u20ac)","value":"5","selected":false,"tempId":"aco_468","price":"1225","gt_translate_keys":["label"]},{"label":"6 Hours (From 1.465\u20ac)","value":"6","selected":false,"tempId":"aco_505","price":"1465","gt_translate_keys":["label"]},{"label":"7 Hours (From 1.700\u20ac)","value":"7","selected":false,"tempId":"aco_542","price":"1700","gt_translate_keys":["label"]},{"label":"8 Hours (From 1.960\u20ac)","value":"8","selected":false,"tempId":"aco_579","price":"1960","gt_translate_keys":["label"]}],"dropdown_type":"basic","error":false,"placeholder":"Select Duration Time","priceOptions":"different_for_all","pricingType":"fixed","is_show_price":false,"isWeightTemplate":false,"isTemplate":false,"min_quantity":"1","quantity_decimal":false,"quantity_step":"1","quantity_label":"Quantity","repeater_field_label":"{field_label}","repeater_bind":"","gt_translate_keys":["label","placeholder","repeater_field_label","quantity_label"],"price_dependency":false,"cl_dependency":false,"value":""}],[{"label":"\u23f0 Departure","active":true,"required":true,"elementId":"select_468b85c6eaafd0","dropdown_type":"basic","placeholder":"Select Departure Time","name":"select_468b85c6eaafd0","label_position":"default","desc_position":"default","enablePrice":true,"className":"","enableCl":false,"relations":[{"operator":false,"rules":[{"operator":"AND","rules":{"cl_field":"date_367e16bf8dd504","cl_relation":"week_day_is","cl_val":[1]}}]}],"values":[{"label":"9:30","value":"9:30","selected":false,"tempId":"aco_2695","price":"0","gt_translate_keys":["label"]},{"label":"12:30","value":"12:30","selected":false,"tempId":"aco_2329","price":"0","gt_translate_keys":["label"]},{"label":"15:30","value":"15:30","selected":false,"tempId":"aco_2457","price":"0","gt_translate_keys":["label"]},{"label":"17:00","value":"17:00","selected":false,"tempId":"aco_19","price":"100","gt_translate_keys":["label"]}],"price":"","cl_rule":"show","col":6,"type":"select","error":false,"priceOptions":"different_for_all","pricingType":"fixed","is_show_price":true,"isWeightTemplate":false,"isTemplate":false,"min_quantity":"1","quantity_decimal":false,"quantity_step":"1","quantity_label":"Quantity","repeater_field_label":"{field_label}","repeater_bind":"","gt_translate_keys":["label","placeholder","repeater_field_label","quantity_label"],"price_dependency":false,"cl_dependency":false,"value":""}],[{"active":true,"col":6,"relations":false,"cl_rule":"show","enableCl":false,"price":"","enablePrice":true,"className":"","label_position":"default","desc_position":"default","type":"select","required":false,"elementId":"select_3142719928","label":"\ud83d\udc65 Amount of People","name":"select_3142719928","values":[{"label":"1 Person","value":"1 Person","selected":false,"tempId":"aco_1169","options_cl":false,"relations":[{"operator":false,"rules":[{"operator":"AND","rules":{"cl_field":"","cl_relation":"","cl_val":""}}]}],"cl_rule":"show","gt_translate_keys":["label"]},{"label":"2 People","value":"2 People","selected":false,"tempId":"aco_1170","gt_translate_keys":["label"]},{"label":"3 People","value":"3 People","selected":false,"tempId":"aco_1171","gt_translate_keys":["label"]},{"label":"4 People","value":"4 People","selected":false,"tempId":"aco_1397","gt_translate_keys":["label"]},{"label":"5 People (+20\u20ac)","value":"5 People","selected":false,"tempId":"aco_2351","price":"20","gt_translate_keys":["label"]},{"label":"6 People (+30\u20ac)","value":"6 People","selected":false,"tempId":"aco_1461","price":"30","gt_translate_keys":["label"]},{"label":"7 People (+40\u20ac)","value":"7 People","selected":false,"tempId":"aco_1507","price":"40","gt_translate_keys":["label"]},{"label":"8 People (+50\u20ac)","value":"8 People","selected":false,"tempId":"aco_1553","price":"50","gt_translate_keys":["label"]},{"label":"9 People (+60\u20ac)","value":"9 People","selected":false,"tempId":"aco_1563","price":"60","gt_translate_keys":["label"]},{"label":"10 People (+70\u20ac)","value":"10 People","selected":false,"tempId":"aco_1573","price":"70","gt_translate_keys":["label"]},{"label":"11 People (+80\u20ac)","value":"11 People","selected":false,"tempId":"aco_1583","price":"80","gt_translate_keys":["label"]},{"label":"12 People (+90\u20ac)","value":"12 People","selected":false,"tempId":"aco_1746","price":"90","gt_translate_keys":["label"]},{"label":"13 People (+100\u20ac)","value":"13 People","selected":false,"tempId":"aco_1756","price":"100","gt_translate_keys":["label"]},{"label":"14 People (+110\u20ac)","value":"14 People","selected":false,"tempId":"aco_1766","price":"110","gt_translate_keys":["label"]},{"label":"15 People (+120\u20ac)","value":"15 People","selected":false,"tempId":"aco_1911","price":"120","gt_translate_keys":["label"]},{"label":"16 People (+130\u20ac)","value":"16 People","selected":false,"tempId":"aco_1957","price":"130","gt_translate_keys":["label"]},{"label":"17 People (+140\u20ac)","value":"17 People","selected":false,"tempId":"aco_2003","price":"140","gt_translate_keys":["label"]},{"label":"18 People (+150\u20ac)","value":"18 People","selected":false,"tempId":"aco_2049","price":"150","gt_translate_keys":["label"]},{"label":"19 People (+160\u20ac)","value":"19 People","selected":false,"tempId":"aco_2113","price":"160","gt_translate_keys":["label"]},{"label":"20 People (+170\u20ac)","value":"20 People","selected":false,"tempId":"aco_2159","price":"170","gt_translate_keys":["label"]},{"label":"21 People (+180\u20ac)","value":"21 People","selected":false,"tempId":"aco_2205","price":"180","gt_translate_keys":["label"]},{"label":"22 People (+190\u20ac)","value":"22 People","selected":false,"tempId":"aco_2269","price":"190","gt_translate_keys":["label"]}],"isWeightTemplate":false,"error":false,"isTemplate":false,"min_quantity":"1","quantity_decimal":false,"quantity_step":"1","quantity_label":"Quantity","repeater_field_label":"{field_label}","repeater_bind":"","dropdown_type":"basic","priceOptions":"different_for_all","pricingType":"fixed","is_show_price":false,"gt_translate_keys":["label","repeater_field_label","quantity_label"],"price_dependency":false,"cl_dependency":false,"value":""}],[{"active":true,"col":6,"relations":false,"cl_rule":"show","enableCl":false,"price":"","enablePrice":false,"className":"","label_position":"default","desc_position":"default","type":"separator","required":false,"elementId":"separator_368b85c6eaafe4","label":"Separator Field","height":"3","separatorType":"blank","error":false,"gt_translate_keys":["label"],"price_dependency":false,"cl_dependency":false,"value":""}],[{"active":true,"col":6,"relations":[{"operator":false,"rules":[{"operator":"AND","rules":{"cl_field":"","cl_relation":"","cl_val":""}}]}],"cl_rule":"show","enableCl":false,"price":"","enablePrice":false,"className":"","label_position":"default","desc_position":"default","type":"content","required":false,"elementId":"content_1542895609","label":"","name":"content_1542895609","contentType":"rich","value":"<p>Please note that any tour that remains on the water after 17:00 will have an additional cost of \u20ac100, to be paid directly on the boat.<\/p>","isTemplate":false,"error":false,"enableDesign":true,"DescColor":"#0042ff","show_in_checkout":true,"gt_translate_keys":["label","value"],"price_dependency":false,"cl_dependency":false}]]}},"config":{"price_override":"always","enable_recaptcha":false,"bind_quantity":false,"quantity_bind_formula":false,"disp_summ_show_option_price":true,"disp_summ_show_product_price":false,"disp_summ_show_total_price":true,"disp_summ_show_fee":true,"disp_summ_show_discount":true,"summary_title":"","options_total_label":"Options Price","total_label":"Total Amount Now","options_product_label":"Product Price","fee_label":"Fee","discount_label":"Discount","has_price":true,"has_quantity_formula":false},"mc_unit":1,"tax_rate":1,"tax_rate_real":1,"discount":{"percentage":0,"fixed":0},"design":{"conf":{"LabelPosition":"above","DescPosition":"above","UploadField":"custom_1","QuantityFieldStyle":"custom_1"},"css":{"LeftLabelWidth":"120px"}},"formulas":{"fmla_1708364241278155361":"(({field.select_668b85c6eaafc6.value}>=4)?(150+({field.number_268b85c6eaafd9.value}*5)):(({field.select_668b85c6eaafc6.value}>=3)?(100+({field.number_268b85c6eaafd9.value}*5)):(0)))","fmla_1742826688120818082":"(({field.select_668b85c6eaafc6.value}>=4)?(1500+{field.select_468b85c6eaafd0.price}):(({field.select_668b85c6eaafc6.value}>=3)?(750+{field.select_468b85c6eaafd0.price}):(0)))"},"lookuptables":[],"clones":false,"cartKey":false}},"_links":{"self":[{"href":"https:\/\/canaryvip.com\/pl\/wp-json\/wp\/v2\/product\/15724","targetHints":{"allow":["GET"]}}],"collection":[{"href":"https:\/\/canaryvip.com\/pl\/wp-json\/wp\/v2\/product"}],"about":[{"href":"https:\/\/canaryvip.com\/pl\/wp-json\/wp\/v2\/types\/product"}],"replies":[{"embeddable":true,"href":"https:\/\/canaryvip.com\/pl\/wp-json\/wp\/v2\/comments?post=15724"}],"wp:featuredmedia":[{"embeddable":true,"href":"https:\/\/canaryvip.com\/pl\/wp-json\/wp\/v2\/media\/15725"}],"wp:attachment":[{"href":"https:\/\/canaryvip.com\/pl\/wp-json\/wp\/v2\/media?parent=15724"}],"wp:term":[{"taxonomy":"product_brand","embeddable":true,"href":"https:\/\/canaryvip.com\/pl\/wp-json\/wp\/v2\/product_brand?post=15724"},{"taxonomy":"product_cat","embeddable":true,"href":"https:\/\/canaryvip.com\/pl\/wp-json\/wp\/v2\/product_cat?post=15724"},{"taxonomy":"product_tag","embeddable":true,"href":"https:\/\/canaryvip.com\/pl\/wp-json\/wp\/v2\/product_tag?post=15724"}],"curies":[{"name":"wp","href":"https:\/\/api.w.org\/{rel}","templated":true}]}}