{"id":15386,"date":"2025-08-07T14:09:56","date_gmt":"2025-08-07T13:09:56","guid":{"rendered":"https:\/\/canaryvip.com\/?post_type=product&#038;p=15386"},"modified":"2025-08-09T13:45:20","modified_gmt":"2025-08-09T12:45:20","slug":"crazy-ufo-twister-tenerife","status":"publish","type":"product","link":"https:\/\/canaryvip.com\/pl\/shop\/crazy-ufo-twister-tenerife\/","title":{"rendered":"Szalone UFO i Twister na Teneryfie"},"content":{"rendered":"<h2><strong>Szalone UFO na Teneryfie - szybka zabawa na wodzie<\/strong><\/h2>\n<p>Szukasz szalonej przeja\u017cd\u017cki? Wskocz na <strong>Szalone UFO na Teneryfie<\/strong> i przygotuj si\u0119 na intensywn\u0105 mieszank\u0119 pr\u0119dko\u015bci, rozprysk\u00f3w i czystej adrenaliny. To jeden z najbardziej ekscytuj\u0105cych <strong>Sporty wodne na Teneryfie<\/strong>Idealny dla rodzin, par lub grup przyjaci\u00f3\u0142 szukaj\u0105cych czego\u015b niezapomnianego do zrobienia w Costa Adeje.<\/p>\n<h3><strong>Wylot z Puerto Col\u00f3n<\/strong><\/h3>\n<ul>\n<li><strong>\u0141atwy dost\u0119p:<\/strong> Twoja przygoda zaczyna si\u0119 od <a href=\"https:\/\/maps.app.goo.gl\/bkqEhAxsobcjz9wG9\" target=\"_blank\" rel=\"noopener\">Puerto Col\u00f3n<\/a>jeden z najpopularniejszych port\u00f3w na po\u0142udniu Teneryfy. Jest \u0142atwo dost\u0119pny i otoczony wspania\u0142\u0105 pla\u017cow\u0105 atmosfer\u0105.<\/li>\n<li><strong>Szybki briefing:<\/strong> Przed przeja\u017cd\u017ck\u0105 do\u015bwiadczona za\u0142oga przeprowadzi instrukta\u017c bezpiecze\u0144stwa, aby upewni\u0107 si\u0119, \u017ce wszystko jest gotowe do bezpiecznej i zabawnej jazdy.<\/li>\n<\/ul>\n<h3><strong>Dlaczego warto wybra\u0107 szalon\u0105 przeja\u017cd\u017ck\u0119 UFO na Teneryfie?<\/strong><\/h3>\n<ul>\n<li><strong>Intensywna adrenalina:<\/strong> To nie jest zwyk\u0142a dmuchana przeja\u017cd\u017cka. Szalone UFO obraca si\u0119, szybuje i skacze nad falami w spos\u00f3b, kt\u00f3ry sprawi, \u017ce b\u0119dziesz si\u0119 \u015bmia\u0107 i krzycze\u0107 jednocze\u015bnie.<\/li>\n<li><strong>Idealny dla ka\u017cdego:<\/strong> Nie musisz by\u0107 profesjonalist\u0105. Niezale\u017cnie od tego, czy jest to Twoja pierwsza aktywno\u015b\u0107 wodna, czy dziesi\u0105ta, ta przeja\u017cd\u017cka jest bezpieczna i przyjemna dla wszystkich poziom\u00f3w umiej\u0119tno\u015bci - od pocz\u0105tkuj\u0105cych po poszukiwaczy mocnych wra\u017ce\u0144.<\/li>\n<li><strong>Osza\u0142amiaj\u0105ce widoki:<\/strong> Podczas lotu przez ocean warto po\u015bwi\u0119ci\u0107 chwil\u0119 na podziwianie pi\u0119knego wybrze\u017ca Playa de las Am\u00e9ricas i l\u015bni\u0105cych w\u00f3d Atlantyku.<\/li>\n<\/ul>\n<h3><strong>\u015awietna cena za kr\u00f3tk\u0105, ale intensywn\u0105 jazd\u0119<\/strong><\/h3>\n<ul>\n<li><strong>Czas trwania:<\/strong> 15-minutowa przeja\u017cd\u017cka pe\u0142na akcji.<\/li>\n<li><strong>Przyst\u0119pna cena:<\/strong> Zabawna i niedroga opcja dla tych, kt\u00f3rzy chc\u0105 spr\u00f3bowa\u0107 ekscytuj\u0105cych wra\u017ce\u0144 <strong>aktywno\u015bci wodne na Teneryfie<\/strong> bez wydawania fortuny.<\/li>\n<li><strong>Dost\u0119pne zdj\u0119cia:<\/strong> Nie zapomnij sprawdzi\u0107 zdj\u0119\u0107 z jazdy dost\u0119pnych do zakupu - b\u0119dziesz chcia\u0142 mie\u0107 dow\u00f3d na te dzikie miny!<\/li>\n<\/ul>\n<h3><strong>\u2696\ufe0f Elastyczna rezerwacja i anulowanie rezerwacji<\/strong><\/h3>\n<ul>\n<li><strong>\u0141atwa rezerwacja:<\/strong> W CanaryVIP sprawiamy, \u017ce rezerwacja przeja\u017cd\u017cki Crazy UFO jest p\u0142ynna i szybka. Wystarczy wybra\u0107 dat\u0119 i zabezpieczy\u0107 miejsce.<\/li>\n<li><strong>Bezp\u0142atne anulowanie:<\/strong> Plany uleg\u0142y zmianie? Nie ma problemu. Mo\u017cesz anulowa\u0107 rezerwacj\u0119 do 24 godzin przed aktywno\u015bci\u0105 i otrzyma\u0107 pe\u0142ny zwrot pieni\u0119dzy. Bez stresu, bez zmartwie\u0144.<\/li>\n<\/ul>\n<h3><strong>\u2705 Co obejmuje szalona przeja\u017cd\u017cka UFO na Teneryfie?<\/strong><\/h3>\n<ul>\n<li>Kamizelki ratunkowe i sprz\u0119t ochronny dla wszystkich uczestnik\u00f3w.<\/li>\n<li>15 minut szybkiej akcji na nadmuchiwanym Crazy UFO.<\/li>\n<li>Profesjonalny i przyjazny personel zapewniaj\u0105cy bezpieczn\u0105 zabaw\u0119.<\/li>\n<li>Opcjonalne zdj\u0119cia z jazdy, aby zachowa\u0107 wspomnienia.<\/li>\n<\/ul>\n<h3><strong>Dlaczego warto zarezerwowa\u0107 z CanaryVIP?<\/strong><\/h3>\n<ul>\n<li>Wsp\u00f3\u0142pracujemy z najwy\u017cej ocenianymi firmami sport\u00f3w wodnych na Teneryfie, aby oferowa\u0107 tylko najlepsze i najbezpieczniejsze do\u015bwiadczenia.<\/li>\n<li>Mamy siedzib\u0119 na Teneryfie i s\u0142u\u017cymy pomoc\u0105 w zakresie lokalnych porad przed i po dokonaniu rezerwacji.<\/li>\n<li>Mo\u017cna to po\u0142\u0105czy\u0107 z innymi <strong>aktywno\u015bci wodne na Teneryfie<\/strong> jak <a href=\"https:\/\/canaryvip.com\/pl\/shop\/jetski-tenerife\/\">przeja\u017cd\u017cki na skuterach wodnych<\/a>, <a href=\"https:\/\/canaryvip.com\/pl\/shop\/parasailing-tenerife\/\">parasailing<\/a> lub <a href=\"https:\/\/canaryvip.com\/pl\/tenerife\/boat-excursions\/\">wycieczki \u0142odzi\u0105<\/a>-Wszystkie w tym samym obszarze!<\/li>\n<\/ul>\n<h3><strong>Co zabra\u0107<\/strong><\/h3>\n<ul>\n<li><strong>Stroje k\u0105pielowe:<\/strong> B\u0119dziesz mokry! Przyjd\u017a ubrany do wody i gotowy do zabawy.<\/li>\n<li><strong>Ochrona przeciws\u0142oneczna:<\/strong> Nale\u017cy zabra\u0107 ze sob\u0105 krem przeciws\u0142oneczny, zw\u0142aszcza w s\u0142oneczne dni.<\/li>\n<li><strong>Pozostaw cenne przedmioty za sob\u0105:<\/strong> W porcie znajduj\u0105 si\u0119 bezpieczne schowki, w kt\u00f3rych mo\u017cna zostawi\u0107 swoje rzeczy na czas podr\u00f3\u017cy.<\/li>\n<\/ul>\n<h3>\u2753 <strong>Cz\u0119sto zadawane pytania<\/strong><\/h3>\n<ul>\n<li><strong>Czy Szalone UFO jest bezpieczne?<\/strong> Absolutnie. Bezpiecze\u0144stwo jest najwy\u017cszym priorytetem. Przeja\u017cd\u017cka jest nadzorowana przez przeszkolonych profesjonalist\u00f3w, a wszyscy uczestnicy nosz\u0105 kamizelki ratunkowe.<\/li>\n<li><strong>Czy musz\u0119 umie\u0107 p\u0142ywa\u0107?<\/strong> Do\u015bwiadczenie w p\u0142ywaniu nie jest wymagane. Przez ca\u0142y czas b\u0119dziesz mie\u0107 na sobie kamizelk\u0119 ratunkow\u0105.<\/li>\n<li><strong>Jaki jest minimalny wiek?<\/strong> Zwykle mog\u0105 je\u017adzi\u0107 dzieci w wieku od 10 lat, ale w razie w\u0105tpliwo\u015bci najlepiej zapyta\u0107 nas przed dokonaniem rezerwacji.<\/li>\n<\/ul>\n<h4><strong>Przygotuj si\u0119 na krzyk, \u015bmiech i plusk!<\/strong><\/h4>\n<p>Nie przegap jednego z najbardziej zabawnych <strong>Sporty wodne na Teneryfie<\/strong>. Zarezerwuj <strong>Szalone UFO na Teneryfie<\/strong> Ju\u017c dzi\u015b wybierz si\u0119 na przeja\u017cd\u017ck\u0119 z CanaryVIP i poczuj dreszczyk emocji, lataj\u0105c nad falami podczas jednej z najbardziej ekscytuj\u0105cych wodnych aktywno\u015bci, jakie wyspa ma do zaoferowania.<\/p>","protected":false},"excerpt":{"rendered":"<p>\ud83d\udd0d<strong> Szalone UFO i Twister na Teneryfie:<br \/>\n<\/strong>\u2705 Bezpieczna p\u0142atno\u015b\u0107.<br \/>\nMaksymalnie 8 pasa\u017cer\u00f3w na przejazd.<br \/>\nJazdy trwaj\u0105 15 minut.<br \/>\n\ud83c\udfde\ufe0f Szybkie przejazdy.<br \/>\n\ud83d\udd59 Przez ca\u0142y dzie\u0144.<br \/>\n\ud83d\udcc5 Dost\u0119pne codziennie.<br \/>\n\ud83e\udd11 Gwarancja najlepszej ceny.<br \/>\n\ud83d\udc6a Zni\u017cki dla grup.<br \/>\n\ud83d\udd01 Zasady anulowania rezerwacji w ci\u0105gu 24 godzin.<br \/>\n\ud83c\udf0d Obs\u0142uga wielu j\u0119zyk\u00f3w.<br \/>\n\ud83c\udf1f Zarezerwuj z wyprzedzeniem, aby zaoszcz\u0119dzi\u0107.<br \/>\n\ud83d\udccd Odej\u015bcie od <a href=\"https:\/\/maps.app.goo.gl\/bkqEhAxsobcjz9wG9\">Puerto Col\u00f3n<\/a>.<\/p>","protected":false},"featured_media":15388,"comment_status":"open","ping_status":"closed","template":"","meta":{"_acf_changed":false},"product_brand":[],"product_cat":[53],"product_tag":[],"class_list":{"0":"post-15386","1":"product","2":"type-product","3":"status-publish","4":"has-post-thumbnail","6":"product_cat-water-sports","7":"wcpa_has_options","9":"first","10":"instock","11":"virtual","12":"purchasable","13":"product-type-simple"},"acf":[],"wcpa_form_fields":{"wcpaData":{"product":{"product_price":18,"price_html":"From&nbsp;<span class=\"woocommerce-Price-amount amount\"><bdi>18,00&nbsp;<span class=\"woocommerce-Price-currencySymbol\">&euro;<\/span><\/bdi><\/span>","original_product_price":18,"price_including_tax":18,"price_excluding_tax":18,"product_id":{"parent":15386,"variation":false},"is_variable":false,"stock_status":"instock","stock_quantity":null,"parent_sku":"CV15386","product_attributes":[],"custom_fields":[],"is_taxable":false,"product_name":"Crazy UFO & Twister Tenerife","hasImage":false},"fields":{"sec_16894ab7dd6246":{"extra":{"key":"sec_16894ab7dd6246","section_id":"sec_16894ab7dd6246","name":"Default","status":1,"cl_rule":"show","enableCl":false,"relations":[],"toggle":true,"title_tag":"h3","show_title":false,"showPrice":"default","form_id":15391,"form_rules":{"exclude_from_discount":true,"fee_label":"Fee","disp_hide_options_price":true,"disp_show_section_price":false,"disp_show_field_price":true,"layout_option":"standard","pric_use_as_fee":false,"process_fee_as":"woo_fee"},"layout_option":"standard"},"fields":[[{"label":"\ud83d\udcc5 Date","active":true,"required":true,"elementId":"date_26894ab7dd6265","picker_type":"custom","picker_mode":"single","placeholder":"","description":"","tooltip":"","name":"date_26894ab7dd6265","label_position":"default","desc_position":"default","enablePrice":false,"className":"","enableCl":false,"relations":[{"operator":"and","rules":[{"operator":"AND","rules":{"cl_field":"radio-group_5661bc90f5e8f5","cl_relation":"is_not_empty","cl_val":"3 Hour Trip"}}]}],"date_pic_inline":true,"date_pic_inline_hide":true,"min_date":{"type":"days","val":"1"},"max_date":{"type":"days","val":"365"},"date_pic_conf":{"disabledWeeks":[]},"price":"","cl_rule":"show","col":6,"type":"date","error":false,"enableDesign":false,"LabelColor":"","isWeightTemplate":false,"isTemplate":false,"min_quantity":"1","quantity_decimal":false,"quantity_step":"1","quantity_label":"Quantity","repeater_field_label":"{field_label}","repeater_bind":"","gt_translate_keys":["label","placeholder","description","tooltip","repeater_field_label","quantity_label"],"price_dependency":false,"cl_dependency":false,"value":""}],[{"active":true,"col":6,"relations":false,"cl_rule":"show","enableCl":false,"price":"","enablePrice":false,"className":"","label_position":"default","desc_position":"default","type":"select","required":true,"elementId":"select_66894ab7dd6273","label":"\u23f0 Departure Time","name":"select_66894ab7dd6273","values":[{"label":"Whichever Time is Best","value":"Whichever Time is Best","selected":false,"tempId":"aco_312","gt_translate_keys":["label"]},{"label":"10:00","value":"10:00","selected":false,"tempId":"aco_313","gt_translate_keys":["label"]},{"label":"11:00","value":"11:00","selected":false,"tempId":"aco_314","gt_translate_keys":["label"]},{"label":"12:00","value":"12:00","selected":false,"tempId":"aco_711","gt_translate_keys":["label"]},{"label":"13:00","value":"13:00","selected":false,"tempId":"aco_721","gt_translate_keys":["label"]},{"label":"14:00","value":"14:00","selected":false,"tempId":"aco_983","gt_translate_keys":["label"]},{"label":"15:00","value":"15:00","selected":false,"tempId":"aco_993","gt_translate_keys":["label"]},{"label":"16:00","value":"16:00","selected":false,"tempId":"aco_1183","gt_translate_keys":["label"]}],"dropdown_type":"basic","error":false,"multiple":false,"placeholder":"None","isWeightTemplate":false,"isTemplate":false,"min_quantity":"1","quantity_decimal":false,"quantity_step":"1","quantity_label":"Quantity","repeater_field_label":"{field_label}","repeater_bind":"","gt_translate_keys":["label","placeholder","repeater_field_label","quantity_label"],"price_dependency":false,"cl_dependency":false,"value":""}],[{"active":true,"col":6,"relations":[{"operator":false,"rules":[{"operator":"AND","rules":{"cl_field":"","cl_relation":"","cl_val":""}}]}],"cl_rule":"show","enableCl":true,"price":"18","enablePrice":true,"className":"","label_position":"default","desc_position":"default","type":"radio-group","required":false,"elementId":"radio-group_76894ab7dd6281","label":"","name":"radio-group_76894ab7dd6281","values":[{"label":"\ud83d\udc64 People (18\u20ac)","value":"People","selected":true,"tempId":"aco_32","tooltip":"","description":"","gt_translate_keys":["label","tooltip","description"]}],"layOut":"","error":false,"checkUi":"button","priceOptions":"fixed_for_all","pricingType":"fixed","enable_quantity":true,"quantity_label":"","min_quantity":"0","options_tooltip":true,"options_description":true,"is_show_price":true,"isWeightTemplate":false,"isTemplate":false,"quantity_decimal":false,"quantity_step":"1","repeater_field_label":"{field_label}","repeater_bind":"","gt_translate_keys":["label","repeater_field_label","quantity_label"],"price_dependency":false,"cl_dependency":false,"value":""}],[{"active":true,"col":6,"relations":false,"cl_rule":"show","enableCl":false,"price":"","enablePrice":false,"className":"","label_position":"default","desc_position":"default","type":"separator","required":false,"elementId":"separator_16894ab7dd628d","label":"Separator Field","height":"6","separatorType":"fill","error":false,"separatorColor":"#66a5b6","gt_translate_keys":["label"],"price_dependency":false,"cl_dependency":false,"value":""}],[{"active":true,"col":6,"relations":false,"cl_rule":"show","enableCl":false,"price":"{field.radio-group_76894ab7dd6281.quantity}*6","enablePrice":true,"className":"","label_position":"default","desc_position":"default","type":"content","required":false,"elementId":"content_66894ab7dd6297","label":"Deposit Now","name":"content_66894ab7dd6297","contentType":"plain","value":"","error":false,"subtype":"div","inline":true,"show_in_checkout":true,"pricingType":"custom","isTemplate":false,"gt_translate_keys":["label","value"],"price_dependency":false,"cl_dependency":false}],[{"contentType":"plain","active":true,"label":"Payment at Arrival","elementId":"content_96894ab7dd62a1","value":"","inline":true,"show_in_checkout":true,"name":"content_96894ab7dd62a1","enablePrice":true,"className":"","subtype":"div","enableCl":false,"relations":false,"pricingType":"custom","isTemplate":false,"price":"{field.radio-group_76894ab7dd6281.quantity}*12","is_show_price":true,"cl_rule":"show","col":6,"type":"content","error":false,"gt_translate_keys":["label","value"],"price_dependency":false,"cl_dependency":false}],[{"contentType":"plain","active":true,"label":"Total Price","elementId":"content_76894ab7dd62ab","value":"","inline":true,"show_in_checkout":true,"name":"content_76894ab7dd62ab","enablePrice":true,"className":"","subtype":"div","enableCl":false,"relations":false,"pricingType":"custom","isTemplate":false,"price":"{field.radio-group_76894ab7dd6281.quantity}*18","is_show_price":true,"cl_rule":"show","col":6,"type":"content","error":false,"gt_translate_keys":["label","value"],"price_dependency":false,"cl_dependency":false}]]}},"config":{"price_override":"always","enable_recaptcha":false,"bind_quantity":false,"quantity_bind_formula":false,"disp_summ_show_option_price":true,"disp_summ_show_product_price":false,"disp_summ_show_total_price":true,"disp_summ_show_fee":true,"disp_summ_show_discount":true,"summary_title":"","options_total_label":"Options Price","total_label":"Total Amount","options_product_label":"Product Price","fee_label":"Fee","discount_label":"Discount","has_price":true,"has_quantity_formula":false},"mc_unit":1,"tax_rate":1,"tax_rate_real":1,"discount":{"percentage":0,"fixed":0},"design":{"conf":{"LabelPosition":"above","DescPosition":"above","UploadField":"custom_1","QuantityFieldStyle":"custom_1"},"css":{"LeftLabelWidth":"120px"}},"formulas":[],"lookuptables":[],"clones":false,"cartKey":false}},"_links":{"self":[{"href":"https:\/\/canaryvip.com\/pl\/wp-json\/wp\/v2\/product\/15386","targetHints":{"allow":["GET"]}}],"collection":[{"href":"https:\/\/canaryvip.com\/pl\/wp-json\/wp\/v2\/product"}],"about":[{"href":"https:\/\/canaryvip.com\/pl\/wp-json\/wp\/v2\/types\/product"}],"replies":[{"embeddable":true,"href":"https:\/\/canaryvip.com\/pl\/wp-json\/wp\/v2\/comments?post=15386"}],"wp:featuredmedia":[{"embeddable":true,"href":"https:\/\/canaryvip.com\/pl\/wp-json\/wp\/v2\/media\/15388"}],"wp:attachment":[{"href":"https:\/\/canaryvip.com\/pl\/wp-json\/wp\/v2\/media?parent=15386"}],"wp:term":[{"taxonomy":"product_brand","embeddable":true,"href":"https:\/\/canaryvip.com\/pl\/wp-json\/wp\/v2\/product_brand?post=15386"},{"taxonomy":"product_cat","embeddable":true,"href":"https:\/\/canaryvip.com\/pl\/wp-json\/wp\/v2\/product_cat?post=15386"},{"taxonomy":"product_tag","embeddable":true,"href":"https:\/\/canaryvip.com\/pl\/wp-json\/wp\/v2\/product_tag?post=15386"}],"curies":[{"name":"wp","href":"https:\/\/api.w.org\/{rel}","templated":true}]}}