{"id":15373,"date":"2025-08-07T12:36:55","date_gmt":"2025-08-07T11:36:55","guid":{"rendered":"https:\/\/canaryvip.com\/?post_type=product&#038;p=15373"},"modified":"2025-10-23T10:52:49","modified_gmt":"2025-10-23T09:52:49","slug":"bellini-luxury-yacht-tenerife","status":"publish","type":"product","link":"https:\/\/canaryvip.com\/pl\/shop\/bellini-luxury-yacht-tenerife\/","title":{"rendered":"Bellini Luxury Yacht Tenerife"},"content":{"rendered":"<h2><strong>\ud83d\udee5\ufe0f Bellini Luksusowy czarter jacht\u00f3w w Teneryfa<\/strong><\/h2>\n<p class=\"translation-block\">Prze\u017cyj jedn\u0105 z najbardziej ekskluzywnych przyg\u00f3d na wyspie z <strong>Bellini Luxury Yacht Tenerife<\/strong>. Wyruszaj\u0105c z malowniczej przystani <a href=\"https:\/\/maps.app.goo.gl\/Xq4LkTRqPjHQzRBE8\" target=\"_blank\" rel=\"noopener\">Puerto de Los Gigantes<\/a>, ten prywatny czarter oferuje bezpo\u015bredni dost\u0119p do jednych z najbardziej zapieraj\u0105cych dech w piersiach krajobraz\u00f3w na Teneryfie, w tym wysokich klif\u00f3w Los Gigantes i dziewiczego wybrze\u017ca Masca.<\/p>\n<p class=\"translation-block\">Niezale\u017cnie od tego, czy \u015bwi\u0119tujesz specjaln\u0105 okazj\u0119, czy po prostu chcesz <strong>wynaj\u0105\u0107 jacht na Teneryfie<\/strong> na luksusow\u0105 ucieczk\u0119, Bellini jest idealnym wyborem dla elegancji, komfortu i niezapomnianych widok\u00f3w.<\/p>\n<h3>\u2b50\ufe0f <strong>Dlaczego Bellini jest jednym z najlepszych luksusowych jacht\u00f3w na Teneryfie?<\/strong><\/h3>\n<p><span style=\"text-decoration: underline;\"><strong>Co wyr\u00f3\u017cnia Bellini:<\/strong><\/span><\/p>\n<p><strong>Witamy na wy\u0142\u0105czno\u015b\u0107:<\/strong> Ka\u017cdy czarter rozpoczyna si\u0119 od ciep\u0142ego powitania obejmuj\u0105cego wyb\u00f3r \u015bwie\u017co podanych owoc\u00f3w tropikalnych i wysokiej jako\u015bci szynki iberyjskiej 5J, nadaj\u0105c ton wysokiej klasy do\u015bwiadczeniom \u017ceglarskim.<\/p>\n<p><strong>Otwarty bar:<\/strong> Nielimitowane napoje, w tym wino, piwo, woda, soki, napoje bezalkoholowe i cava.<\/p>\n<p><strong>Prywatny dost\u0119p do ukrytych pla\u017c:<\/strong> Dzi\u0119ki us\u0142udze pontonu, Bellini pozwala go\u015bciom dotrze\u0107 do ukrytych zatoczek i pla\u017c, zapewniaj\u0105c prawdziwie ekskluzywny przystanek wzd\u0142u\u017c wybrze\u017ca.<\/p>\n<h4>\ud83c\udf0a <strong>Wliczone w cen\u0119 aktywno\u015bci na pok\u0142adzie<\/strong><\/h4>\n<p class=\"translation-block\">Ten <strong>luksusowy jacht na Teneryfie<\/strong> to co\u015b wi\u0119cej ni\u017c \u017ceglowanie, to tworzenie wspomnie\u0144:<\/p>\n<ul>\n<li><strong>Paddle Surfing:<\/strong> Baw si\u0119 dobrze na wodzie z deskami wios\u0142owymi, \u0142atwymi dla pocz\u0105tkuj\u0105cych i relaksuj\u0105cymi dla wszystkich.<\/li>\n<li><strong>Sprz\u0119t do snorkelingu:<\/strong> Zanurz si\u0119 i odkryj podwodny \u015bwiat Teneryfy pe\u0142en morskiego \u017cycia i czystych, b\u0142\u0119kitnych w\u00f3d.<\/li>\n<li><strong>GoPro i Polaroid:<\/strong> Skorzystaj z naszych kamer pok\u0142adowych, aby uchwyci\u0107 ka\u017cd\u0105 atrakcj\u0119, zar\u00f3wno nad, jak i pod wod\u0105.<\/li>\n<\/ul>\n<h4>\ud83c\udf7d\ufe0f <strong>Paella dla smakoszy od 5. Godziny<\/strong><\/h4>\n<p>W przypadku czarter\u00f3w trwaj\u0105cych pi\u0119\u0107 godzin lub d\u0142u\u017cej w cen\u0119 wliczona jest \u015bwie\u017co przygotowana paella. Do wyboru s\u0105 dania mi\u0119sne, z kurczaka, wegetaria\u0144skie lub z owocami morza, przygotowywane wed\u0142ug w\u0142asnego gustu i serwowane na pok\u0142adzie.<\/p>\n<h3>\ud83d\udc8e <strong>Opcjonalne dodatki premium, aby dostosowa\u0107 swoje wra\u017cenia<\/strong><\/h3>\n<p class=\"translation-block\">Przenie\u015b sw\u00f3j <strong>wynajem jacht\u00f3w na Teneryfie<\/strong> na inny poziom dzi\u0119ki tym ekskluzywnym dodatkom (dost\u0119pne na \u017cyczenie i w zale\u017cno\u015bci od dost\u0119pno\u015bci):<\/p>\n<ul>\n<li><strong>Prywatny szef kuchni:<\/strong> Profesjonalny szef kuchni gotuje na \u017cywo na pok\u0142adzie, dostosowuj\u0105c menu do Twoich preferencji.<\/li>\n<li><strong>Do\u015bwiadczenie japo\u0144skiego szefa kuchni:<\/strong> Ciesz si\u0119 \u015bwie\u017co przygotowanym sushi i innymi japo\u0144skimi potrawami z najwy\u017cszej jako\u015bci sk\u0142adnik\u00f3w i profesjonaln\u0105 technik\u0105.<\/li>\n<li><strong>Szef kuchni z gwiazdk\u0105 Michelin:<\/strong> Rozkoszuj si\u0119 wykwintnymi daniami szefa kuchni z przewodnika Michelin - serwowanymi bezpo\u015brednio na pok\u0142adzie.<\/li>\n<li><strong>Degustacja szampana i kawioru:<\/strong> Szampan klasy premium idealnie po\u0142\u0105czony z wyselekcjonowanym kawiorem z najwy\u017cszej p\u00f3\u0142ki.<\/li>\n<li><strong>Parowanie wina i przetwor\u00f3w dla smakoszy:<\/strong> Elegancka degustacja wina w po\u0142\u0105czeniu z najlepszymi konserwami, takimi jak ma\u0142\u017ce, serc\u00f3wki czy tu\u0144czyk.<\/li>\n<li><strong>Wypo\u017cyczalnia skuter\u00f3w wodnych:<\/strong> Dost\u0119pne podczas kotwiczenia w pobli\u017cu La Caleta, Masca lub Arme\u00f1ime.<\/li>\n<li><strong>Flyboard Experience:<\/strong> Lataj nad oceanem z pe\u0142nym bezpiecze\u0144stwem i nadzorem.<\/li>\n<li><strong>Nadmuchiwane zabawki wodne:<\/strong> Zabawa grupowa z \u0142odziami bananowymi i nie tylko, holowanymi przez \u0142\u00f3d\u017a pomocnicz\u0105.<\/li>\n<li><strong>Nurkowanie:<\/strong> Nurkowanie odkrywcze z instruktorem (nie jest wymagane do\u015bwiadczenie) lub certyfikowane nurkowanie z lokalnym przewodnikiem.<\/li>\n<li><strong>W\u0119dkarstwo sportowe:<\/strong> Ca\u0142y niezb\u0119dny sprz\u0119t do po\u0142ow\u00f3w dalekomorskich ze wsparciem na pok\u0142adzie.<\/li>\n<\/ul>\n<h3>\ud83d\udea4 <strong>Wybierz czas trwania, kt\u00f3ry najbardziej Ci odpowiada<\/strong><\/h3>\n<p>Bellini oferuje wiele opcji, dzi\u0119ki czemu mo\u017cna zaprojektowa\u0107 idealne <strong>Wynajem \u0142odzi na Teneryfie<\/strong>:<\/p>\n<ul>\n<li><strong>Karta 3-godzinna:<\/strong> Kr\u00f3tki luksusowy wypad ze spektakularnymi widokami, napojami i przek\u0105skami na pok\u0142adzie.<\/li>\n<li><strong>Karta 5-godzinna:<\/strong> Obejmuje wszystkie niezb\u0119dne elementy oraz paell\u0119 i dodatkowy czas na cieszenie si\u0119 wod\u0105 i wybrze\u017cem.<\/li>\n<li><strong>Karta 8-godzinna:<\/strong> Ca\u0142y dzie\u0144 na morzu na zwiedzanie Los Gigantes, Masca i nie tylko! Idealny dla tych, kt\u00f3rzy chc\u0105 w pe\u0142ni do\u015bwiadczy\u0107 Bellini.<\/li>\n<\/ul>\n<h3>\u2705 <strong>Co zawiera karta<\/strong><\/h3>\n<ul>\n<li>P\u00f3\u0142misek powitalny ze \u015bwie\u017cymi owocami<\/li>\n<li>5J Szynka iberyjska i w\u0119dliny premium<\/li>\n<li>Otwarty bar: cava, wino, piwo, woda, soki i napoje bezalkoholowe<\/li>\n<li>Toast powitalny z Chandon Spritz.<\/li>\n<li>Surfowanie z wios\u0142em, nurkowanie z rurk\u0105, korzystanie z GoPro i Polaroida<\/li>\n<li>Paella dla smakoszy (wliczona w cen\u0119 od 5. godziny)<\/li>\n<li>Dost\u0119p pontonem do pla\u017cy<\/li>\n<li>Opalanie i zacienione obszary na pok\u0142adzie<\/li>\n<li>Do\u015bwiadczona, wieloj\u0119zyczna za\u0142oga<\/li>\n<\/ul>\n<h3>\ud83d\udccd <strong>Wylot z Puerto de Los Gigantes<\/strong><\/h3>\n<p class=\"translation-block\">Bellini wyp\u0142ywa z zachodniego wybrze\u017ca Teneryfy, a konkretnie z <a href=\"https:\/\/maps.app.goo.gl\/Xq4LkTRqPjHQzRBE8\" target=\"_blank\" rel=\"noopener\">Puerto de Los Gigantes<\/a>. Lokalizacja ta oferuje dost\u0119p z pierwszego rz\u0119du do majestatycznych klif\u00f3w Los Gigantes i osza\u0142amiaj\u0105cego wybrze\u017ca Masca, jednych z najbardziej kultowych i odleg\u0142ych cz\u0119\u015bci wyspy. Do portu mo\u017cna \u0142atwo dojecha\u0107 samochodem i zalecamy przybycie 15 minut przed odlotem.<\/p>\n<h4>\ud83d\udcdc <strong>Prosta rezerwacja i elastyczne zasady anulowania rezerwacji<\/strong><\/h4>\n<p>W CanaryVIP chcemy, aby Twoje do\u015bwiadczenie by\u0142o p\u0142ynne od samego pocz\u0105tku. Nasze warunki anulowania s\u0105 jasne i uczciwe:<\/p>\n<ul>\n<li><strong>Gwarancja pogody:<\/strong> Je\u015bli warunki na morzu s\u0105 niebezpieczne, mo\u017cesz zmieni\u0107 harmonogram lub poprosi\u0107 o pe\u0142ny zwrot koszt\u00f3w.<\/li>\n<li><strong>Bezp\u0142atne anulowanie:<\/strong> Bezp\u0142atne anulowanie lub zmiana terminu do 4 dni przed podr\u00f3\u017c\u0105. Depozyty nie podlegaj\u0105 zwrotowi w przypadku anulowania rezerwacji w ci\u0105gu 4 dni przed wylotem.<\/li>\n<\/ul>\n<h3>\ud83d\udd52 <strong>Dost\u0119pne opcje noclegowe i wielodniowe<\/strong><\/h3>\n<p>Bellini to nie tylko jednodniowe czartery - uczy\u0144 swoj\u0105 ucieczk\u0119 jeszcze bardziej wyj\u0105tkow\u0105:<\/p>\n<ul>\n<li>Sp\u0119d\u017a noc na pok\u0142adzie i obud\u017a si\u0119 przy szumie oceanu.<\/li>\n<li>Stw\u00f3rz w\u0142asny plan podr\u00f3\u017cy na romantyczne wypady, uroczysto\u015bci lub wielodniowe \u017ceglarskie przygody.<\/li>\n<\/ul>\n<h3>\ud83d\udc68\u200d\u2708\ufe0f <strong>Przed wej\u015bciem na pok\u0142ad - szybkie wskaz\u00f3wki<\/strong><\/h3>\n<p>Aby jak najlepiej wykorzysta\u0107 podr\u00f3\u017c:<\/p>\n<ul>\n<li>Przygotuj potwierdzenie CanaryVIP (wydrukowane lub cyfrowe).<\/li>\n<li>Nale\u017cy zabra\u0107 ze sob\u0105 str\u00f3j k\u0105pielowy, r\u0119cznik i krem z filtrem przeciws\u0142onecznym.<\/li>\n<li>Zjedz wcze\u015bniej co\u015b lekkiego i unikaj alkoholu, aby zapobiec chorobie morskiej.<\/li>\n<li>Wybierz swoje ulubione miejsce - s\u0142o\u0144ce lub cie\u0144 - i przygotuj si\u0119 na relaks.<\/li>\n<\/ul>\n<h3>\ud83d\udcac <strong>Zarezerwuj teraz z CanaryVIP<\/strong><\/h3>\n<p>W CanaryVIP \u0142\u0105czymy podr\u00f3\u017cnych z najwy\u017cej ocenianymi atrakcjami na Teneryfie. Je\u015bli szukasz <strong>Wynajem luksusowych jacht\u00f3w na Teneryfie<\/strong> Aby odkry\u0107 Los Gigantes lub Masca w prawdziwym stylu, Bellini jest jedn\u0105 z najlepszych dost\u0119pnych opcji.<br \/>\n\ud83d\udc49 <a href=\"https:\/\/canaryvip.com\/pl\/tenerife\/boat-hire-tenerife\/\">Sprawd\u017a dost\u0119pno\u015b\u0107 i zarezerwuj czarter ju\u017c teraz<\/a> - Twoja luksusowa przygoda jest tylko o kilka klikni\u0119\u0107.<\/p>","protected":false},"excerpt":{"rendered":"<p><strong>\ud83d\udd0d Czarter jacht\u00f3w Bellini:<\/strong><br \/>\n\u2705 Bezpieczna p\u0142atno\u015b\u0107.<br \/>\n\ud83d\udee5\ufe0f 14m Yacht Comfort.<br \/>\n\u23f3 Codzienne wycieczki trwaj\u0105ce od 3 do 8 godzin.<br \/>\n\ud83d\udd59 Konfigurowalne godziny odlot\u00f3w.<br \/>\n\ud83c\udf74 Posi\u0142ki i napoje wliczone w cen\u0119.<br \/>\n\ud83d\udc65 Do 10 go\u015bci.<br \/>\n\ud83c\udfc4\u200d\u2640\ufe0f Deski do wios\u0142owania w zestawie.<br \/>\n\ud83e\udd3f Zapewniamy sprz\u0119t do nurkowania z rurk\u0105.<br \/>\n\ud83e\udd11 Gwarancja najlepszej ceny.<br \/>\n\ud83d\udc6a  Aktywowane rabaty.<br \/>\n\ud83d\udd01 Anulowanie do 4 dni.<br \/>\n\ud83c\udf0d Wieloj\u0119zyczna za\u0142oga.<br \/>\n\ud83c\udf1f Rezerwuj wcze\u015bniej i oszcz\u0119dzaj!<br \/>\n\ud83d\udccd Odej\u015bcie od <a href=\"https:\/\/maps.app.goo.gl\/Xq4LkTRqPjHQzRBE8\">Los Gigantes<\/a>.<\/p>","protected":false},"featured_media":15376,"comment_status":"open","ping_status":"closed","template":"","meta":{"_acf_changed":false},"product_brand":[],"product_cat":[47],"product_tag":[],"class_list":{"0":"post-15373","1":"product","2":"type-product","3":"status-publish","4":"has-post-thumbnail","6":"product_cat-boat-hire-tenerife","7":"wcpa_has_options","9":"first","10":"instock","11":"virtual","12":"purchasable","13":"product-type-simple"},"acf":[],"wcpa_form_fields":{"wcpaData":{"product":{"product_price":1060,"price_html":"From&nbsp;<span class=\"woocommerce-Price-amount amount\"><bdi>1.060,00&nbsp;<span class=\"woocommerce-Price-currencySymbol\">&euro;<\/span><\/bdi><\/span>","original_product_price":1060,"price_including_tax":1060,"price_excluding_tax":1060,"product_id":{"parent":15373,"variation":false},"is_variable":false,"stock_status":"instock","stock_quantity":null,"parent_sku":"CV15373","product_attributes":[],"custom_fields":[],"is_taxable":false,"product_name":"Bellini Luxury Yacht Tenerife","hasImage":false},"fields":{"sec_968949ba2884ff":{"extra":{"key":"sec_968949ba2884ff","section_id":"sec_968949ba2884ff","name":"Default","status":1,"cl_rule":"show","enableCl":false,"relations":[],"toggle":true,"title_tag":"h3","show_title":false,"showPrice":"default","form_id":15383,"form_rules":{"exclude_from_discount":true,"fee_label":"Fee","disp_hide_options_price":true,"disp_show_section_price":false,"disp_show_field_price":true,"layout_option":"standard","pric_use_as_fee":false,"process_fee_as":"woo_fee"},"layout_option":"standard"},"fields":[[{"label":"\ud83d\udcc5 Date","active":true,"required":true,"elementId":"date_868949ba288522","picker_type":"custom","picker_mode":"single","placeholder":"","description":"","tooltip":"","name":"date_868949ba288522","label_position":"default","desc_position":"default","enablePrice":false,"className":"","enableCl":false,"relations":[{"operator":"and","rules":[{"operator":"AND","rules":{"cl_field":"radio-group_565c78ffa81208","cl_relation":"is","cl_val":"3 Hour Trip"}}]}],"date_pic_inline":true,"date_pic_inline_hide":true,"min_date":{"type":"days","val":"1"},"max_date":{"type":"days","val":"365"},"date_pic_conf":{"disabledWeeks":[],"disabledDates":["2025-04-18 to 2025-04-24"]},"price":"","cl_rule":"show","col":6,"type":"date","error":false,"enableDesign":false,"LabelColor":"","isWeightTemplate":false,"isTemplate":false,"min_quantity":"1","quantity_decimal":false,"quantity_step":"1","quantity_label":"Quantity","repeater_field_label":"{field_label}","repeater_bind":"","gt_translate_keys":["label","placeholder","description","tooltip","repeater_field_label","quantity_label"],"price_dependency":false,"cl_dependency":false,"value":""}],[{"elementId":"separator_268949ba28853d","separatorType":"blank","className":"","height":"3","enableCl":false,"relations":false,"cl_rule":"show","col":6,"type":"separator","error":false,"gt_translate_keys":[],"price_dependency":false,"cl_dependency":false,"value":""}],[{"active":true,"col":6,"relations":[{"operator":false,"rules":[{"operator":"AND","rules":{"cl_field":"radio-group_565c78ffa81208","cl_relation":"is","cl_val":"3 Hour Trip"}}]}],"cl_rule":"show","enableCl":false,"price":"","enablePrice":false,"className":"","label_position":"default","desc_position":"default","type":"select","required":false,"elementId":"select_468949ba288577","label":"\u23f0 Departure Time","name":"select_468949ba288577","values":[{"label":"09:00","value":"09:00","selected":false,"tempId":"aco_1471","gt_translate_keys":["label"]},{"label":"10:00","value":"10:00","selected":false,"tempId":"aco_1472","gt_translate_keys":["label"]},{"label":"11:00","value":"11:00","selected":false,"tempId":"aco_1500","gt_translate_keys":["label"]},{"label":"12:00","value":"12:00","selected":false,"tempId":"aco_1510","gt_translate_keys":["label"]},{"label":"13:00 (1:00 PM)","value":"13:00","selected":false,"tempId":"aco_1520","gt_translate_keys":["label"]},{"label":"14:00 (2:00 PM)","value":"14:00","selected":false,"tempId":"aco_1728","gt_translate_keys":["label"]},{"label":"15:00 (3:00 PM)","value":"15:00","selected":false,"tempId":"aco_1738","gt_translate_keys":["label"]}],"dropdown_type":"basic","error":false,"placeholder":"Whichever Time is Best","isWeightTemplate":false,"isTemplate":false,"min_quantity":"1","quantity_decimal":false,"quantity_step":"1","quantity_label":"Quantity","repeater_field_label":"{field_label}","repeater_bind":"","gt_translate_keys":["label","placeholder","repeater_field_label","quantity_label"],"price_dependency":false,"cl_dependency":false,"value":""}],[{"active":true,"col":6,"relations":false,"cl_rule":"show","enableCl":false,"price":"","enablePrice":true,"className":"","label_position":"default","desc_position":"default","type":"select","required":true,"elementId":"select_1068949ba288548","label":"\u23f3 Trip Duration","name":"select_1068949ba288548","values":[{"label":"3 Hours (1.060\u20ac)","value":"3h","selected":false,"tempId":"aco_556","price":"1060","gt_translate_keys":["label"]},{"label":"4 Hours (1.275\u20ac)","value":"4H","selected":false,"tempId":"aco_181","price":"1275","gt_translate_keys":["label"]},{"label":"5 Hours (1.490\u20ac)","value":"5h","selected":false,"tempId":"aco_281","price":"1490","gt_translate_keys":["label"]},{"label":"6 Hours (1.700\u20ac)","value":"6h","selected":false,"tempId":"aco_605","price":"1700","gt_translate_keys":["label"]},{"label":"7 Hours (1.915\u20ac)","value":"7h","selected":false,"tempId":"aco_381","price":"1915","gt_translate_keys":["label"]},{"label":"8 Hours (2.130\u20ac)","value":"8h","selected":false,"tempId":"aco_724","price":"2130","gt_translate_keys":["label"]}],"dropdown_type":"basic","error":false,"placeholder":"Select Trip Duration","priceOptions":"different_for_all","pricingType":"fixed","is_show_price":false,"isWeightTemplate":false,"isTemplate":false,"min_quantity":"1","quantity_decimal":false,"quantity_step":"1","quantity_label":"Quantity","repeater_field_label":"{field_label}","repeater_bind":"","gt_translate_keys":["label","placeholder","repeater_field_label","quantity_label"],"price_dependency":false,"cl_dependency":false,"value":""}],[{"label":"\u2705 Number of People","active":true,"required":true,"elementId":"select_168949ba28858b","dropdown_type":"basic","placeholder":"Select Number of People","name":"select_168949ba28858b","label_position":"default","desc_position":"default","enablePrice":true,"className":"","enableCl":false,"relations":[{"operator":false,"rules":[{"operator":"AND","rules":{"cl_field":"radio-group_565c78ffa81208","cl_relation":"is","cl_val":"3 Hour Trip"}}]}],"values":[{"label":"1 person","value":"1","selected":false,"tempId":"aco_1471","price":"0","gt_translate_keys":["label"]},{"label":"2 people","value":"2","selected":false,"tempId":"aco_1472","price":"0","gt_translate_keys":["label"]},{"label":"3 people","value":"3","selected":false,"tempId":"aco_1500","price":"0","gt_translate_keys":["label"]},{"label":"4 people","value":"4","selected":false,"tempId":"aco_1510","price":"0","gt_translate_keys":["label"]},{"label":"5 people","value":"5","selected":false,"tempId":"aco_1520","price":"0","gt_translate_keys":["label"]},{"label":"6 people (+120\u20ac)","value":"6","selected":false,"tempId":"aco_1728","price":"120","gt_translate_keys":["label"]},{"label":"7 people (+240\u20ac)","value":"7","selected":false,"tempId":"aco_1738","price":"240","gt_translate_keys":["label"]},{"label":"8 people (+360\u20ac)","value":"8","selected":false,"tempId":"aco_1922","price":"360","gt_translate_keys":["label"]},{"label":"9 People (+480\u20ac)","value":"9","selected":false,"tempId":"aco_220","price":"480","gt_translate_keys":["label"]},{"label":"10 People (+600\u20ac)","value":"10","selected":false,"tempId":"aco_311","price":"600","gt_translate_keys":["label"]}],"price":"","cl_rule":"show","col":6,"type":"select","error":false,"isWeightTemplate":false,"isTemplate":false,"min_quantity":"1","quantity_decimal":false,"quantity_step":"1","quantity_label":"Quantity","repeater_field_label":"{field_label}","repeater_bind":"","priceOptions":"different_for_all","pricingType":"fixed","gt_translate_keys":["label","placeholder","repeater_field_label","quantity_label"],"price_dependency":false,"cl_dependency":false,"value":""}],[{"active":true,"col":6,"relations":false,"cl_rule":"show","enableCl":false,"price":"","enablePrice":true,"className":"","label_position":"default","desc_position":"default","type":"select","required":false,"elementId":"select_368949ba288551","label":"\ud83d\udca6 Add jet-skis?","name":"select_368949ba288551","values":[{"label":"1 JetSki for 1 Hour (345\u20ac)","value":"1 x Jetski for 1 Hour","selected":false,"tempId":"aco_2501","price":"345","gt_translate_keys":["label"]},{"label":"2 JetSkis for 1 Hour (690\u20ac)","value":"2 x JetSki for 1 Hour","selected":false,"tempId":"aco_2502","price":"690","gt_translate_keys":["label"]}],"dropdown_type":"basic","error":false,"description":"Private JetSki tour from the boat with a JetSki instructor.","placeholder":"None","priceOptions":"different_for_all","pricingType":"fixed","is_show_price":false,"isWeightTemplate":false,"isTemplate":false,"min_quantity":"1","quantity_decimal":false,"quantity_step":"1","quantity_label":"Quantity","repeater_field_label":"{field_label}","repeater_bind":"","gt_translate_keys":["label","placeholder","description","repeater_field_label","quantity_label"],"price_dependency":false,"cl_dependency":false,"value":""}]]}},"config":{"price_override":"always","enable_recaptcha":false,"bind_quantity":false,"quantity_bind_formula":false,"disp_summ_show_option_price":true,"disp_summ_show_product_price":false,"disp_summ_show_total_price":true,"disp_summ_show_fee":true,"disp_summ_show_discount":true,"summary_title":"","options_total_label":"Options Price","total_label":"Total Amount","options_product_label":"Product Price","fee_label":"Fee","discount_label":"Discount","has_price":true,"has_quantity_formula":false},"mc_unit":1,"tax_rate":1,"tax_rate_real":1,"discount":{"percentage":0,"fixed":0},"design":{"conf":{"LabelPosition":"above","DescPosition":"above","UploadField":"custom_1","QuantityFieldStyle":"custom_1"},"css":{"LeftLabelWidth":"120px"}},"formulas":{"fmla_1708360988969136756":"(({field.select_56638eb5b235ae.value}>=3)?(1200):(({field.select_56638eb5b235ae.value}>=2)?(850):(({field.select_56638eb5b235ae.value}>=1)?(540):(0))))","fmla_1708364241278155361":"(({field.select_5841412719.value}>=8)?({field.select_5841412719.price}):(({field.select_5841412719.value}>=5)?({field.select_5841412719.price}):(({field.select_5841412719.value}>=3)?({field.select_5841412719.price}):(0))))"},"lookuptables":[],"clones":false,"cartKey":false}},"_links":{"self":[{"href":"https:\/\/canaryvip.com\/pl\/wp-json\/wp\/v2\/product\/15373","targetHints":{"allow":["GET"]}}],"collection":[{"href":"https:\/\/canaryvip.com\/pl\/wp-json\/wp\/v2\/product"}],"about":[{"href":"https:\/\/canaryvip.com\/pl\/wp-json\/wp\/v2\/types\/product"}],"replies":[{"embeddable":true,"href":"https:\/\/canaryvip.com\/pl\/wp-json\/wp\/v2\/comments?post=15373"}],"wp:featuredmedia":[{"embeddable":true,"href":"https:\/\/canaryvip.com\/pl\/wp-json\/wp\/v2\/media\/15376"}],"wp:attachment":[{"href":"https:\/\/canaryvip.com\/pl\/wp-json\/wp\/v2\/media?parent=15373"}],"wp:term":[{"taxonomy":"product_brand","embeddable":true,"href":"https:\/\/canaryvip.com\/pl\/wp-json\/wp\/v2\/product_brand?post=15373"},{"taxonomy":"product_cat","embeddable":true,"href":"https:\/\/canaryvip.com\/pl\/wp-json\/wp\/v2\/product_cat?post=15373"},{"taxonomy":"product_tag","embeddable":true,"href":"https:\/\/canaryvip.com\/pl\/wp-json\/wp\/v2\/product_tag?post=15373"}],"curies":[{"name":"wp","href":"https:\/\/api.w.org\/{rel}","templated":true}]}}