{"id":14185,"date":"2025-04-11T10:44:51","date_gmt":"2025-04-11T09:44:51","guid":{"rendered":"https:\/\/canaryvip.com\/?post_type=product&#038;p=14185"},"modified":"2025-08-09T13:53:28","modified_gmt":"2025-08-09T12:53:28","slug":"jetski-circuit-tenerife","status":"publish","type":"product","link":"https:\/\/canaryvip.com\/pl\/shop\/jetski-circuit-tenerife\/","title":{"rendered":"JetSki Circuit Teneryfa"},"content":{"rendered":"<h2>20 minut jazdy na nartach wodnych na Teneryfie<\/h2>\n<p>Szukasz szybkiej i ekscytuj\u0105cej aktywno\u015bci, kt\u00f3ra sprawi, \u017ce Twoje wakacje na Teneryfie b\u0119d\u0105 jeszcze bardziej niezapomniane? The <strong>Tor dla skuter\u00f3w wodnych na Teneryfie<\/strong> to idealny wyb\u00f3r, je\u015bli chcesz pr\u0119dko\u015bci, morza i adrenaliny bez sp\u0119dzania godzin na wycieczce. To 20-minutowe do\u015bwiadczenie, kt\u00f3re daje swobod\u0119 jazdy na skuterze wodnym we w\u0142asnym tempie, w bezpiecznym i kontrolowanym otoczeniu, bezpo\u015brednio na oceanie w pobli\u017cu Playa Fa\u00f1ab\u00e9.<\/p>\n<h3>Czym jest tor dla skuter\u00f3w wodnych?<\/h3>\n<p>To nie jest <a href=\"https:\/\/canaryvip.com\/pl\/shop\/jetski-tenerife\/\">Wycieczka przybrze\u017cna z przewodnikiem JetSki<\/a> lub safari. Tor dla skuter\u00f3w wodnych to oznaczona p\u0119tla z bojami na morzu, blisko linii brzegowej mi\u0119dzy Puerto Col\u00f3n i Playa Fa\u00f1ab\u00e9. Podczas 20-minutowej sesji b\u0119dziesz je\u017adzi\u0107 po tym torze tyle razy, ile zechcesz. Obszar jest nadzorowany przez instruktor\u00f3w, dzi\u0119ki czemu mo\u017cesz cieszy\u0107 si\u0119 dreszczykiem emocji z ca\u0142kowitym spokojem.<\/p>\n<p>To idealny spos\u00f3b na wypr\u00f3bowanie jazdy na nartach wodnych, je\u015bli masz ma\u0142o czasu lub po prostu chcesz szybko si\u0119 zabawi\u0107. Niezale\u017cnie od tego, czy robisz to solo, z przyjaci\u00f3\u0142mi, czy jako para, jest to gwarantowany zastrzyk energii podczas dnia sp\u0119dzonego na pla\u017cy.<\/p>\n<h3>Gdzie to si\u0119 dzieje i jak si\u0119 tam dosta\u0107?<\/h3>\n<p>Aktywno\u015b\u0107 odbywa si\u0119 w oceanie tu\u017c przy <a href=\"https:\/\/maps.app.goo.gl\/n9D5BT5K5VsxNcbH7\" target=\"_blank\" rel=\"noopener\"><strong>Puerto Col\u00f3n,<\/strong><\/a> , jednej z g\u0142\u00f3wnych przystani w Costa Adeje. Mo\u017cna si\u0119 tam \u0142atwo dosta\u0107 pieszo lub taks\u00f3wk\u0105, ale je\u015bli jeste\u015b na pla\u017cy, u\u0142atwiamy ci to jeszcze bardziej - oferujemy <strong>bezp\u0142atny odbi\u00f3r \u0142odzi<\/strong> z kilku pobliskich pla\u017c:<\/p>\n<ul>\n<li>\ud83c\udfd6\ufe0f Playa de Troya<\/li>\n<li>\ud83c\udfd6\ufe0f Playa Fa\u00f1ab\u00e9<\/li>\n<li>\ud83c\udfd6\ufe0f Playa Torviscas<\/li>\n<li>\ud83c\udfd6\ufe0f Playa del Duque<\/li>\n<li>Puerto Col\u00f3n jako takie<\/li>\n<\/ul>\n<p>Po prostu daj nam zna\u0107 preferowan\u0105 pla\u017c\u0119 odbioru podczas rezerwacji, a jeden z cz\u0142onk\u00f3w zespo\u0142u przyp\u0142ynie \u0142odzi\u0105, aby zabra\u0107 Ci\u0119 do punktu startowego. Jest to szybkie, \u0142atwe i stanowi cz\u0119\u015b\u0107 do\u015bwiadczenia.<\/p>\n<h3>\u2699\ufe0f Co zawiera<\/h3>\n<p>W zestawie znajduje si\u0119 wszystko, czego potrzebujesz do przyjemnej i bezpiecznej jazdy:<\/p>\n<ul>\n<li>20 minut jazdy na nartach wodnych po wyznaczonym torze na otwartej wodzie<\/li>\n<li>Nowoczesne skutery wodne Yamaha, \u0142atwe w obs\u0142udze i bardzo stabilne.<\/li>\n<li>Kamizelka ratunkowa dla wszystkich uczestnik\u00f3w.<\/li>\n<li>Odprawa bezpiecze\u0144stwa i nadz\u00f3r wykwalifikowanych instruktor\u00f3w<\/li>\n<\/ul>\n<p>Wcze\u015bniejsze do\u015bwiadczenie nie jest wymagane. Przed rozpocz\u0119ciem nasz zesp\u00f3\u0142 wyja\u015bni, jak wszystko dzia\u0142a, aby\u015b czu\u0142 si\u0119 pewnie i by\u0142 gotowy cieszy\u0107 si\u0119 do\u015bwiadczeniem od pierwszej sekundy.<\/p>\n<h3>Kto mo\u017ce do\u0142\u0105czy\u0107?<\/h3>\n<p>Ta aktywno\u015b\u0107 jest odpowiednia dla prawie ka\u017cdego, o ile czujesz si\u0119 komfortowo w wodzie. To \u015bwietna opcja dla os\u00f3b szukaj\u0105cych odrobiny przygody bez anga\u017cowania si\u0119 w ca\u0142odniowy plan.<\/p>\n<ul>\n<li>\u2714\ufe0f Kierowcy musz\u0105 mie\u0107 uko\u0144czone 16 lat i pisemn\u0105 zgod\u0119 rodzic\u00f3w.<\/li>\n<li>\u2714\ufe0f M\u0142odsi uczestnicy mog\u0105 do\u0142\u0105czy\u0107 jako pasa\u017cerowie z osob\u0105 doros\u0142\u0105.<\/li>\n<li>Nieodpowiednie dla kobiet w ci\u0105\u017cy.<\/li>\n<\/ul>\n<h3>Dobrze wiedzie\u0107 przed wyjazdem<\/h3>\n<ul>\n<li>Prosimy o przybycie 30 minut przed zarezerwowanym czasem.<\/li>\n<li>\ud83c\udf7d\ufe0f Unikaj spo\u017cywania obfitych posi\u0142k\u00f3w przed aktywno\u015bci\u0105, aby zapobiec dyskomfortowi.<\/li>\n<li>Zabierz ze sob\u0105 str\u00f3j k\u0105pielowy, r\u0119cznik i krem z filtrem przeciws\u0142onecznym.<\/li>\n<li>Buty i rzeczy osobiste b\u0119d\u0105 bezpiecznie przechowywane podczas jazdy.<\/li>\n<\/ul>\n<h3>Dlaczego warto wybra\u0107 tor Jetski Circuit Tenerife?<\/h3>\n<p>To do\u015bwiadczenie jest szybkie, niedrogie i pe\u0142ne emocji. To idealne rozwi\u0105zanie, je\u015bli chcesz posmakowa\u0107 jazdy na nartach wodnych bez sp\u0119dzania po\u0142owy dnia na wodzie. Tor znajduje si\u0119 blisko wybrze\u017ca, jest \u0142atwo dost\u0119pny i idealny dla pocz\u0105tkuj\u0105cych lub ka\u017cdego, kto chce po prostu troch\u0119 akcji na wakacjach.<\/p>\n<p>Otrzymasz te same emocje, co podczas d\u0142u\u017cszej wycieczki, ale w kr\u00f3tkiej i skoncentrowanej sesji, kt\u00f3ra idealnie pasuje do twoich plan\u00f3w. Niezale\u017cnie od tego, czy przebywasz w pobli\u017cu, czy odwiedzasz na jeden dzie\u0144, jest to jedna z najlepszych szybkich przyg\u00f3d w Costa Adeje.<\/p>\n<h3>\u2696\ufe0f Zasady anulowania rezerwacji<\/h3>\n<p>Rozumiemy, \u017ce plany mog\u0105 ulec zmianie, zw\u0142aszcza podczas wakacji. Dlatego oferujemy elastyczn\u0105 polityk\u0119 anulowania rezerwacji dla Jetski Circuit:<\/p>\n<ul>\n<li>Bezp\u0142atne anulowanie do 24 godzin przed zaplanowan\u0105 sesj\u0105.<\/li>\n<li>\u2705 Pe\u0142ny zwrot koszt\u00f3w, je\u015bli zaj\u0119cia zostan\u0105 odwo\u0142ane z powodu warunk\u00f3w pogodowych lub bezpiecze\u0144stwa.<\/li>\n<li>Anulowanie rezerwacji na mniej ni\u017c 24 godziny przed aktywno\u015bci\u0105 nie podlega zwrotowi.<\/li>\n<li>Nieobecno\u015bci nie podlegaj\u0105 zwrotowi w \u017cadnej sytuacji.<\/li>\n<\/ul>\n<p>Je\u015bli musisz anulowa\u0107 lub zmieni\u0107 termin, skontaktuj si\u0119 z nami jak najszybciej, aby\u015bmy mogli Ci pom\u00f3c. Jeste\u015bmy tutaj, aby pom\u00f3c Ci cieszy\u0107 si\u0119 do\u015bwiadczeniem ze spokojem.<\/p>\n<h3>Zarezerwuj sw\u00f3j tor dla skuter\u00f3w wodnych ju\u017c teraz<\/h3>\n<p>Nie przegap szansy na jazd\u0119 na falach w jednym z najpi\u0119kniejszych miejsc na Teneryfie. Niezale\u017cnie od tego, czy przyje\u017cd\u017casz sam, czy w towarzystwie <strong>Tor dla skuter\u00f3w wodnych na Teneryfie<\/strong> to idealny spos\u00f3b na dodanie adrenaliny i zabawy do czasu sp\u0119dzonego na wyspie.<\/p>\n<p><strong>Zarezerwuj swoje miejsce ju\u017c dzi\u015b<\/strong> i przygotuj si\u0119 na 20 minut nieprzerwanej akcji na wodach Puerto Col\u00f3n.<\/p>","protected":false},"excerpt":{"rendered":"<p><strong>JetSki Circuit Teneryfa:<\/strong><br \/>\n<span>\u2705 Bezpieczna p\u0142atno\u015b\u0107.<\/span><br \/>\n<span>\ud83c\udf1f Niezapomniane wra\u017cenia.<\/span><br \/>\n<span>20-minutowy obw\u00f3d.<\/span><br \/>\n<span>Dost\u0119pne codziennie.<\/span><br \/>\n<span>\ud83d\udd59 Wiele ram czasowych.<\/span><br \/>\n<span>\ud83d\udc66 +7 lat mo\u017ce do\u0142\u0105czy\u0107.<\/span><br \/>\n<span>\ud83d\udc64 +16 lat mo\u017ce je\u017adzi\u0107.<\/span><br \/>\n<span>\ud83e\udd11 Gwarancja najlepszej ceny.<\/span><br \/>\n<span>\ud83d\udc6a  Aktywowane rabaty.<\/span><br \/>\n<span>\ud83d\udd01 Anulowanie do 24 godzin.<\/span><br \/>\n<span>\ud83c\udf1f Zarezerwuj teraz i zaoszcz\u0119d\u017a!<\/span><span><br \/>\nWiele punkt\u00f3w odbioru.<br \/>\nLokalizacja: Puerto Col\u00f3n.<br \/>\n<\/span><\/p>","protected":false},"featured_media":14189,"comment_status":"open","ping_status":"closed","template":"","meta":{"_acf_changed":false},"product_brand":[],"product_cat":[53],"product_tag":[],"class_list":{"0":"post-14185","1":"product","2":"type-product","3":"status-publish","4":"has-post-thumbnail","6":"product_cat-water-sports","7":"wcpa_has_options","9":"first","10":"instock","11":"virtual","12":"purchasable","13":"product-type-simple"},"acf":[],"wcpa_form_fields":{"wcpaData":{"product":{"product_price":60,"price_html":"From&nbsp;<span class=\"woocommerce-Price-amount amount\"><bdi>60,00&nbsp;<span class=\"woocommerce-Price-currencySymbol\">&euro;<\/span><\/bdi><\/span>","original_product_price":60,"price_including_tax":60,"price_excluding_tax":60,"product_id":{"parent":14185,"variation":false},"is_variable":false,"stock_status":"instock","stock_quantity":null,"parent_sku":"CV14185","product_attributes":[],"custom_fields":[],"is_taxable":false,"product_name":"JetSki Circuit Tenerife","hasImage":false},"fields":{"sec_867f8e4dbaf8ed":{"extra":{"key":"sec_867f8e4dbaf8ed","section_id":"sec_867f8e4dbaf8ed","name":"Default","status":1,"cl_rule":"show","enableCl":false,"relations":[],"toggle":true,"title_tag":"h3","show_title":false,"showPrice":"default","form_id":14187,"form_rules":{"exclude_from_discount":true,"fee_label":"Fee","disp_hide_options_price":true,"disp_show_section_price":false,"disp_show_field_price":true,"layout_option":"standard","pric_use_as_fee":false,"process_fee_as":"woo_fee"},"layout_option":"standard"},"fields":[[{"label":"\ud83d\udcc5 Date","active":true,"required":true,"elementId":"date_1067f8e4dbaf91a","picker_type":"custom","picker_mode":"single","placeholder":"","description":"","tooltip":"","name":"date_1067f8e4dbaf91a","label_position":"default","desc_position":"default","enablePrice":false,"className":"","enableCl":false,"relations":[{"operator":"and","rules":[{"operator":"AND","rules":{"cl_field":"radio-group_667e15d3bd15b0","cl_relation":"is","cl_val":"3 Hour Trip"}}]}],"date_pic_inline":true,"date_pic_inline_hide":true,"min_date":{"type":"days","val":"0"},"max_date":{"type":"days","val":"365"},"date_pic_conf":{"disabledWeeks":[]},"price":"","cl_rule":"show","col":6,"type":"date","error":false,"enableDesign":false,"LabelColor":"","gt_translate_keys":["label","placeholder","description","tooltip"],"price_dependency":false,"cl_dependency":false,"value":""}],[{"active":true,"col":6,"relations":false,"cl_rule":"show","enableCl":false,"price":"","enablePrice":false,"className":"","label_position":"default","desc_position":"default","type":"select","required":false,"elementId":"select_067f8e4dbaf935","label":"\ud83d\udccd Departure Point","name":"select_067f8e4dbaf935","values":[{"label":"Puerto Col\u00f3n","value":"Puerto Col\u00f3n","selected":true,"tempId":"aco_841","gt_translate_keys":["label"]},{"label":"Troya Beach","value":"Troya Beach","selected":false,"tempId":"aco_481","gt_translate_keys":["label"]},{"label":"Fa\u00f1ab\u00e9 Beach","value":"Fa\u00f1ab\u00e9 Beach","selected":false,"tempId":"aco_482","gt_translate_keys":["label"]},{"label":"Torviscas Beach","value":"Torviscas Beach","selected":false,"tempId":"aco_515","gt_translate_keys":["label"]},{"label":"El Duque Beach","value":"El Duque Beach","selected":false,"tempId":"aco_678","gt_translate_keys":["label"]}],"dropdown_type":"basic","error":false,"gt_translate_keys":["label"],"price_dependency":false,"cl_dependency":false,"value":""}],[{"active":true,"col":6,"relations":[{"operator":false,"rules":[{"operator":"AND","rules":{"cl_field":"radio-group_667e15d3bd15b0","cl_relation":"is","cl_val":"3 Hour Trip"}}]}],"cl_rule":"show","enableCl":false,"price":"","enablePrice":false,"className":"","label_position":"default","desc_position":"default","type":"select","required":true,"elementId":"select_067f8e4dbaf94d","label":"\u23f0 Departure Time","name":"select_067f8e4dbaf94d","values":[{"label":"11:00","value":"11:00","selected":false,"tempId":"aco_281","gt_translate_keys":["label"]},{"label":"12:00","value":"12:00","selected":false,"tempId":"aco_381","gt_translate_keys":["label"]},{"label":"13:00","value":"13:00","selected":false,"tempId":"aco_1058","gt_translate_keys":["label"]},{"label":"15:00","value":"15:00","selected":false,"tempId":"aco_444","gt_translate_keys":["label"]},{"label":"16:00","value":"16:00","selected":false,"tempId":"aco_454","gt_translate_keys":["label"]}],"dropdown_type":"basic","error":false,"placeholder":"Select Departure Time","priceOptions":"different_for_all","pricingType":"custom","isTemplate":false,"is_show_price":true,"gt_translate_keys":["label","placeholder"],"price_dependency":false,"cl_dependency":false,"value":""}]]},"sec_767f8e4dbaf94e":{"extra":{"key":"sec_767f8e4dbaf94e","section_id":"sec_767f8e4dbaf94e","name":"20 min Circuit Puerto Col\u00f3n","status":1,"cl_rule":"show","enableCl":false,"relations":[{"operator":false,"rules":[{"operator":"AND","rules":{"cl_field":"radio-group_667e15d3bd15b0","cl_relation":"is","cl_val":"1 Hour Trip"}}]}],"toggle":true,"title_tag":"h4","show_title":false,"showPrice":"default","form_id":14187,"form_rules":{"exclude_from_discount":true,"fee_label":"Fee","disp_hide_options_price":true,"disp_show_section_price":false,"disp_show_field_price":true,"layout_option":"standard","pric_use_as_fee":false,"process_fee_as":"woo_fee"},"layout_option":"standard"},"fields":[[{"contentType":"rich","active":true,"label":"","elementId":"content_667f8e4dbaf968","value":"<p>\ud83c\udf9f\ufe0f <strong>Reservation<\/strong>: Pay only a deposit now to reserve; the rest is due on the day of the activity upon arrival.<\/p>","inline":true,"name":"content_667f8e4dbaf968","enablePrice":false,"className":"","subtype":"div","enableCl":false,"relations":false,"price":"","cl_rule":"show","col":6,"type":"content","error":false,"show_in_checkout":true,"enableDesign":true,"LabelSize":"14px","DescSize":"14px","gt_translate_keys":["label","value"],"price_dependency":false,"cl_dependency":false}],[{"active":true,"col":6,"relations":false,"cl_rule":"show","enableCl":false,"price":"","enablePrice":false,"className":"","label_position":"default","desc_position":"default","type":"content","required":false,"elementId":"content_567f8e4dbaf980","label":"Number of Jet Skis","name":"content_567f8e4dbaf980","contentType":"plain","value":"","error":false,"show_in_checkout":true,"inline":false,"gt_translate_keys":["label","value"],"price_dependency":false,"cl_dependency":false}],[{"active":true,"col":6,"relations":[{"operator":false,"rules":[{"operator":"AND","rules":{"cl_field":"","cl_relation":"","cl_val":""}}]}],"cl_rule":"show","enableCl":false,"price":"60","enablePrice":true,"className":"","label_position":"default","desc_position":"default","type":"radio-group","required":false,"elementId":"radio-group_667f8e4dbaf99e","label":"","name":"radio-group_667f8e4dbaf99e","values":[{"label":"\ud83d\udc64 Single JetSki (60\u20ac)","value":"Single JetSki","selected":true,"tempId":"aco_32","tooltip":"1 Person on the JetSki.","description":"","gt_translate_keys":["label","tooltip","description"]}],"layOut":"","error":false,"checkUi":"button","priceOptions":"fixed_for_all","pricingType":"fixed","enable_quantity":true,"quantity_label":"","min_quantity":"0","options_tooltip":true,"options_description":true,"is_show_price":true,"gt_translate_keys":["label","quantity_label"],"price_dependency":["content_467f8e4dbaf9f8","content_067f8e4dbafa11","content_467f8e4dbafa29"],"cl_dependency":false,"value":""}],[{"label":"","active":true,"required":false,"elementId":"radio-group_367f8e4dbaf9bb","name":"radio-group_367f8e4dbaf9bb","label_position":"default","desc_position":"default","enablePrice":true,"className":"","enableCl":false,"relations":false,"enable_quantity":true,"quantity_label":"","min_quantity":"0","checkUi":"button","layOut":"","values":[{"label":"\ud83d\udc65 Double JetSki (70\u20ac)","value":"Double JetSki","selected":true,"tempId":"aco_32","tooltip":"2 People on the same JetSki.","description":"","gt_translate_keys":["label","tooltip","description"]}],"priceOptions":"fixed_for_all","pricingType":"fixed","price":"70","cl_rule":"show","col":6,"type":"radio-group","error":false,"options_tooltip":true,"options_description":true,"is_show_price":true,"quantity_decimal":false,"quantity_step":"1","gt_translate_keys":["label","quantity_label"],"price_dependency":["content_467f8e4dbaf9f8","content_067f8e4dbafa11","content_467f8e4dbafa29"],"cl_dependency":false,"value":""}],[{"elementId":"separator_367f8e4dbaf9d6","separatorType":"fill","separatorColor":"#66a6b6","className":"","height":"3","enableCl":false,"relations":false,"cl_rule":"show","col":6,"type":"separator","gt_translate_keys":[],"price_dependency":false,"cl_dependency":false,"value":""}],[{"active":true,"col":6,"relations":false,"cl_rule":"show","enableCl":false,"price":"({field.radio-group_667f8e4dbaf99e.price}*0.30) + ({field.radio-group_367f8e4dbaf9bb.price}*0.30)","enablePrice":true,"className":"","label_position":"default","desc_position":"default","type":"content","required":false,"elementId":"content_467f8e4dbaf9f8","label":"Deposit Now","name":"content_467f8e4dbaf9f8","contentType":"plain","value":"","error":false,"pricingType":"custom","isTemplate":false,"is_show_price":false,"enableDesign":true,"scrollBar":false,"use_as_fee":false,"fee_label":"","inline":true,"show_in_checkout":true,"subtype":"div","LabelSize":"14px","LabelColor":"","gt_translate_keys":["label","value"],"price_dependency":false,"cl_dependency":false}],[{"contentType":"plain","active":true,"label":"Payment at Arrival","elementId":"content_067f8e4dbafa11","value":"","inline":true,"show_in_checkout":true,"name":"content_067f8e4dbafa11","enablePrice":true,"className":"","fee_label":"","subtype":"div","enableCl":false,"relations":[{"operator":false,"rules":[{"operator":"AND","rules":{"cl_field":"content_467f8e4dbaf9f8","cl_relation":"is_not_empty","cl_val":""}}]}],"scrollBar":false,"enableDesign":true,"pricingType":"custom","isTemplate":false,"price":"({field.radio-group_667f8e4dbaf99e.price}*0.70) + ({field.radio-group_367f8e4dbaf9bb.price}*0.70)","use_as_fee":false,"is_show_price":true,"cl_rule":"disable","col":6,"type":"content","error":false,"LabelSize":"14px","LabelColor":"","gt_translate_keys":["label","value"],"price_dependency":false,"cl_dependency":false}],[{"contentType":"plain","active":true,"label":"Total Amount","elementId":"content_467f8e4dbafa29","value":"","inline":true,"show_in_checkout":true,"name":"content_467f8e4dbafa29","enablePrice":true,"className":"","fee_label":"","subtype":"div","enableCl":false,"relations":[{"operator":false,"rules":[{"operator":"AND","rules":{"cl_field":"content_467f8e4dbaf9f8","cl_relation":"is_not_empty","cl_val":""}}]}],"scrollBar":false,"enableDesign":true,"LabelColor":"","LabelSize":"14px","pricingType":"custom","isTemplate":false,"price":"({field.radio-group_667f8e4dbaf99e.price}) + ({field.radio-group_367f8e4dbaf9bb.price})","use_as_fee":false,"is_show_price":true,"cl_rule":"disable","col":6,"type":"content","error":false,"gt_translate_keys":["label","value"],"price_dependency":false,"cl_dependency":false}]]},"sec_367f8e4dbafa2b":{"extra":{"key":"sec_367f8e4dbafa2b","section_id":"sec_367f8e4dbafa2b","name":"Pickup Location","status":1,"cl_rule":"show","enableCl":true,"relations":[{"operator":false,"rules":[{"operator":"AND","rules":{"cl_field":"radio-group_667e15d3bd15b0","cl_relation":"is_not","cl_val":"2.5 Hour Trip"}}]}],"toggle":true,"title_tag":"h4","show_title":false,"showPrice":"default","form_id":14187,"form_rules":{"exclude_from_discount":true,"fee_label":"Fee","disp_hide_options_price":true,"disp_show_section_price":false,"disp_show_field_price":true,"layout_option":"standard","pric_use_as_fee":false,"process_fee_as":"woo_fee"},"layout_option":"standard"},"fields":[[{"active":true,"col":6,"relations":false,"cl_rule":"show","enableCl":false,"price":"","enablePrice":false,"className":"","label_position":"default","desc_position":"default","type":"separator","required":false,"elementId":"separator_367f8e4dbafa53","label":"Separator Field","height":"1","separatorType":"blank","error":false,"gt_translate_keys":["label"],"price_dependency":false,"cl_dependency":false,"value":""}],[{"active":true,"col":6,"relations":[{"operator":false,"rules":[{"operator":false,"rules":{"cl_field":"radio-group_667e15d3bd15b0","cl_relation":"is_not","cl_val":"4.5 Hour Trip from North Tenerife"}}]}],"cl_rule":"show","enableCl":false,"price":"","enablePrice":false,"className":"","label_position":"default","desc_position":"default","type":"text","subtype":"text","required":false,"elementId":"text_867f8e4dbafa67","label":"\ud83d\ude8c Pickup Location","name":"text_867f8e4dbafa67","value":"","error":false,"description":"Pick-up service in some locations. Simply provide your address or hotel name. (+2\u20ac\/person paid at pickup to the driver)","repeater":false,"repeater_field_label":"{field_label}","repeater_bind":"","gt_translate_keys":["label","description","value","repeater_field_label"],"price_dependency":false,"cl_dependency":false}]]}},"config":{"price_override":"always","enable_recaptcha":false,"bind_quantity":false,"quantity_bind_formula":false,"disp_summ_show_option_price":true,"disp_summ_show_product_price":false,"disp_summ_show_total_price":false,"disp_summ_show_fee":true,"disp_summ_show_discount":true,"summary_title":"","options_total_label":"Options Price","total_label":"Deposit Amount","options_product_label":"Product Price","fee_label":"Fee","discount_label":"Discount","has_price":true,"has_quantity_formula":false},"mc_unit":1,"tax_rate":1,"tax_rate_real":1,"discount":{"percentage":0,"fixed":0},"design":{"conf":{"LabelPosition":"above","DescPosition":"above","UploadField":"custom_1","QuantityFieldStyle":"custom_1"},"css":{"LeftLabelWidth":"120px"}},"formulas":[],"lookuptables":[],"clones":false,"cartKey":false}},"_links":{"self":[{"href":"https:\/\/canaryvip.com\/pl\/wp-json\/wp\/v2\/product\/14185","targetHints":{"allow":["GET"]}}],"collection":[{"href":"https:\/\/canaryvip.com\/pl\/wp-json\/wp\/v2\/product"}],"about":[{"href":"https:\/\/canaryvip.com\/pl\/wp-json\/wp\/v2\/types\/product"}],"replies":[{"embeddable":true,"href":"https:\/\/canaryvip.com\/pl\/wp-json\/wp\/v2\/comments?post=14185"}],"wp:featuredmedia":[{"embeddable":true,"href":"https:\/\/canaryvip.com\/pl\/wp-json\/wp\/v2\/media\/14189"}],"wp:attachment":[{"href":"https:\/\/canaryvip.com\/pl\/wp-json\/wp\/v2\/media?parent=14185"}],"wp:term":[{"taxonomy":"product_brand","embeddable":true,"href":"https:\/\/canaryvip.com\/pl\/wp-json\/wp\/v2\/product_brand?post=14185"},{"taxonomy":"product_cat","embeddable":true,"href":"https:\/\/canaryvip.com\/pl\/wp-json\/wp\/v2\/product_cat?post=14185"},{"taxonomy":"product_tag","embeddable":true,"href":"https:\/\/canaryvip.com\/pl\/wp-json\/wp\/v2\/product_tag?post=14185"}],"curies":[{"name":"wp","href":"https:\/\/api.w.org\/{rel}","templated":true}]}}