{"id":13644,"date":"2025-01-31T12:49:52","date_gmt":"2025-01-31T12:49:52","guid":{"rendered":"https:\/\/canaryvip.com\/?post_type=product&#038;p=13644"},"modified":"2025-06-28T20:14:03","modified_gmt":"2025-06-28T19:14:03","slug":"white-shark-fishing-boat-tenerife","status":"publish","type":"product","link":"https:\/\/canaryvip.com\/pl\/shop\/white-shark-fishing-boat-tenerife\/","title":{"rendered":"\u0141\u00f3d\u017a w\u0119dkarska z \u017car\u0142aczem bia\u0142ym Teneryfa"},"content":{"rendered":"<h2><strong>\u0141\u00f3d\u017a w\u0119dkarska z \u017car\u0142aczem bia\u0142ym Teneryfa z CanaryVIP<\/strong><\/h2>\n<p>Prze\u017cyj emocje zwi\u0105zane z w\u0119dkarstwem g\u0142\u0119binowym na Teneryfie z <a href=\"https:\/\/canaryvip.com\/pl\/\">CanaryVIP<\/a>! Niezale\u017cnie od tego, czy jeste\u015b do\u015bwiadczonym w\u0119dkarzem, czy pocz\u0105tkuj\u0105cym, ta ekskluzywna wycieczka \u0142odzi\u0105 na po\u0142\u00f3w bia\u0142ych rekin\u00f3w oferuje niezapomnian\u0105 przygod\u0119 na bogatych wodach Atlantyku. Wyrusz z osza\u0142amiaj\u0105cej Marina del Sur i przygotuj si\u0119 na ekscytuj\u0105cy dzie\u0144 na wodzie.<\/p>\n<h3>\u2b50\ufe0f <strong>W\u0119dkarska przygoda z \u017car\u0142aczem bia\u0142ym czeka<\/strong><\/h3>\n<ul>\n<li><strong>4-godzinne lub 8-godzinne wycieczki w\u0119dkarskie<\/strong>: Wybierz pomi\u0119dzy p\u00f3\u0142dniow\u0105 (4 godziny) lub ca\u0142odniow\u0105 (8 godzin) wycieczk\u0105 w\u0119dkarsk\u0105 na Teneryfie. Obie opcje obejmuj\u0105 ca\u0142y niezb\u0119dny sprz\u0119t w\u0119dkarski, wskaz\u00f3wki ekspert\u00f3w i napoje orze\u017awiaj\u0105ce, kt\u00f3re dodadz\u0105 Ci energii.<\/li>\n<li><strong>Opcje prywatnej lub wsp\u00f3lnej \u0142odzi<\/strong>: Wybierz prywatn\u0105 \u0142\u00f3d\u017a w\u0119dkarsk\u0105 na Teneryfie dla maksymalnie 4 w\u0119dkarzy lub do\u0142\u0105cz do wsp\u00f3lnej wycieczki grupowej, aby prze\u017cy\u0107 bardziej towarzysk\u0105 przygod\u0119. Widzowie s\u0105 r\u00f3wnie\u017c mile widziani!<\/li>\n<li><strong>Elastyczne godziny odlot\u00f3w<\/strong>: Dost\u0119pne s\u0105 poranne i popo\u0142udniowe przedzia\u0142y czasowe dostosowane do harmonogramu. Poranne wycieczki trwaj\u0105 od 8:00 do 12:00, a popo\u0142udniowe od 13:00 do 17:00. Wycieczki ca\u0142odniowe rozpoczynaj\u0105 si\u0119 o 8:00 rano, a ko\u0144cz\u0105 o 14:00 po po\u0142udniu.<\/li>\n<li><strong>Do\u015bwiadczenie All-Inclusive<\/strong>: Wycieczka obejmuje sprz\u0119t w\u0119dkarski, przyn\u0119t\u0119, licencje i napoje. Wystarczy zabra\u0107 ze sob\u0105 entuzjazm i przygotowa\u0107 si\u0119 na z\u0142owienie niesamowitych ryb!<\/li>\n<\/ul>\n<h4>\ud83c\udf0a <strong>Czego mo\u017cna si\u0119 spodziewa\u0107 podczas wyprawy w\u0119dkarskiej na Teneryf\u0119?<\/strong><\/h4>\n<p>To <strong>Wycieczka \u0142odzi\u0105 na po\u0142\u00f3w \u017car\u0142acza bia\u0142ego<\/strong> zabierze Ci\u0119 do jednych z najlepszych miejsc do w\u0119dkowania na Teneryfie, gdzie wody t\u0119tni\u0105 \u017cyciem morskim. Celem s\u0105 takie gatunki jak tu\u0144czyk \u017c\u00f3\u0142top\u0142etwy, dorado, wahoo i barakuda. Do\u015bwiadczona lokalna za\u0142oga zna te wody od podszewki i poprowadzi Ci\u0119 przez najlepsze techniki, aby zmaksymalizowa\u0107 Twoje szanse na du\u017cy po\u0142\u00f3w.<\/p>\n<p>Zesp\u00f3\u0142 zapewnia odpowiednie narz\u0119dzia i wiedz\u0119, aby w pe\u0142ni wykorzysta\u0107 swoje mo\u017cliwo\u015bci. <strong>\u0142\u00f3d\u017a rybacka Teneryfa<\/strong> przygoda. I nie martw si\u0119 - za\u0142oga b\u0119dzie tam, aby pom\u00f3c Ci na ka\u017cdym kroku, od przyn\u0119ty na haczyk po zrobienie idealnego zdj\u0119cia z po\u0142owem.<\/p>\n<h4>\ud83d\udc1f <strong>Komfort i wygoda na pok\u0142adzie<\/strong><\/h4>\n<p>\u0141\u00f3d\u017a rybacka jest wyposa\u017cona w zacienione miejsca do siedzenia, toalet\u0119 na pok\u0142adzie oraz lod\u00f3wk\u0119 z zimnymi napojami i przek\u0105skami. Niezale\u017cnie od tego, czy \u0142owisz du\u017cy po\u0142\u00f3w, czy po prostu podziwiasz wspania\u0142e widoki na ocean, b\u0119dziesz mie\u0107 wszystko, czego potrzebujesz, aby sp\u0119dzi\u0107 idealny dzie\u0144 na morzu.<\/p>\n<h3>\u2705 <strong>Wszystko, czego potrzebujesz na niezapomnian\u0105 wypraw\u0119 w\u0119dkarsk\u0105<\/strong><\/h3>\n<ul>\n<li><strong>Najwy\u017cszej jako\u015bci sprz\u0119t w\u0119dkarski:<\/strong>\u00a0Wycieczka zapewnia w\u0119dki, ko\u0142owrotki, przyn\u0119ty i sprz\u0119t do wszystkich rodzaj\u00f3w technik po\u0142owu.<\/li>\n<li><strong>Do\u015bwiadczona wieloj\u0119zyczna za\u0142oga:<\/strong>\u00a0Za\u0142oga ma wieloletnie do\u015bwiadczenie w lokalnym w\u0119dkarstwie i pomo\u017ce ci w zdobyciu wymarzonego po\u0142owu.<\/li>\n<li><strong>Przek\u0105ski i napoje:<\/strong>\u00a0Przez ca\u0142y czas podr\u00f3\u017cy mo\u017cna korzysta\u0107 z bezp\u0142atnych przek\u0105sek i napoj\u00f3w.<\/li>\n<\/ul>\n<h3>\ud83d\udccd <strong>Dogodne odloty z Marina del Sur<\/strong><\/h3>\n<p>W\u0119dkarska przygoda rozpoczyna si\u0119 w Marina del Sur, jednej z najpopularniejszych przystani na Teneryfie. Zalecamy przybycie co najmniej 10 minut przed planowanym wyp\u0142yni\u0119ciem, aby zapewni\u0107 sprawny pocz\u0105tek dnia. Dla Twojej wygody w pobli\u017cu dost\u0119pny jest parking.<\/p>\n<h3>\ud83d\udcdc <strong>\u0141atwa rezerwacja i elastyczne zasady anulowania rezerwacji<\/strong><\/h3>\n<p>Rezerwacja wycieczki \u0142odzi\u0105 White Shark Fishing Boat z CanaryVIP jest prosta i bezproblemowa:<\/p>\n<ul>\n<li><strong>Gwarancja pogody:<\/strong>\u00a0Twoje bezpiecze\u0144stwo i komfort s\u0105 naszymi priorytetami. Je\u015bli pogoda nie jest bezpieczna, mo\u017cesz zmieni\u0107 termin lub otrzyma\u0107 pe\u0142ny zwrot pieni\u0119dzy.<\/li>\n<li><strong>Elastyczne anulowanie:<\/strong>\u00a0Anuluj do 5 dni przed podr\u00f3\u017c\u0105, aby uzyska\u0107 pe\u0142ny zwrot koszt\u00f3w.<\/li>\n<li><strong>Cyfrowa sprzeda\u017c bilet\u00f3w:<\/strong> Otrzymaj potwierdzenie rezerwacji poczt\u0105 e-mail i zaprezentuj je na swoim urz\u0105dzeniu mobilnym.<\/li>\n<\/ul>\n<h3>\ud83d\udc20 <strong>Dlaczego warto wybra\u0107 CanaryVIP na swoj\u0105 przygod\u0119 z \u0142odzi\u0105 w\u0119dkarsk\u0105 na Teneryfie?<\/strong><\/h3>\n<p>W CanaryVIP jeste\u015bmy pasjonatami dostarczania niezapomnianych wra\u017ce\u0144 na Teneryfie. Ta wycieczka \u0142odzi\u0105 na \u017car\u0142acza bia\u0142ego zosta\u0142a zaprojektowana z my\u015bl\u0105 o wszystkich poziomach umiej\u0119tno\u015bci, od pocz\u0105tkuj\u0105cych po do\u015bwiadczonych w\u0119dkarzy. Dzi\u0119ki najwy\u017cszej klasy sprz\u0119towi, fachowym wskaz\u00f3wkom i naciskowi na komfort, zapewniamy, \u017ce dzie\u0144 sp\u0119dzony na wodzie b\u0119dzie po prostu niesamowity.<\/p>\n<h3>\ud83c\udf1f <strong>Tw\u00f3rz trwa\u0142e wspomnienia na wodzie<\/strong><\/h3>\n<p>Niezale\u017cnie od tego, czy \u0142owisz z przyjaci\u00f3\u0142mi, rodzin\u0105, czy do\u0142\u0105czasz do wsp\u00f3lnej grupy, ta wycieczka \u0142odzi\u0105 na \u017car\u0142acza bia\u0142ego obiecuje emocje, relaks i szans\u0119 na z\u0142owienie jednych z najbardziej imponuj\u0105cych gatunk\u00f3w oceanu. Zarezerwuj swoj\u0105 wycieczk\u0119 w\u0119dkarsk\u0105 na Teneryf\u0119 z CanaryVIP ju\u017c dzi\u015b i przygotuj si\u0119 na przygod\u0119, kt\u00f3rej nigdy nie zapomnisz!<\/p>\n<p>\ud83d\udcc5 <strong>Gotowy do zabawy?<\/strong><\/p>\n<p>Odwied\u017a <a href=\"https:\/\/canaryvip.com\/pl\/\">CanaryVIP<\/a> aby zarezerwowa\u0107 wycieczk\u0119 \u0142odzi\u0105 na \u017car\u0142acza bia\u0142ego na Teneryfie ju\u017c teraz. Liczba miejsc jest ograniczona, wi\u0119c nie czekaj - zarezerwuj swoje miejsce ju\u017c dzi\u015b i przygotuj si\u0119 na niezapomniany dzie\u0144 na wodzie! \ud83c\udfa3<\/p>","protected":false},"excerpt":{"rendered":"<p>\ud83d\udd0d\u00a0<strong>Szczeg\u00f3\u0142y wycieczki w\u0119dkarskiej:<\/strong><br \/>\n\u2705 Bezpieczna p\u0142atno\u015b\u0107.<br \/>\n\ud83d\udc65 Dost\u0119pne wsp\u00f3lne wycieczki.<br \/>\n\ud83d\udd10 Dost\u0119pne prywatne wycieczki.<br \/>\nCodzienne wycieczki trwaj\u0105ce 4 godziny, 6 godzin i 8 godzin.<br \/>\nOdjazdy o 8:00 i 13:00.<br \/>\nDo 6 go\u015bci.<br \/>\n\ud83c\udf7a Woda i napoje wliczone w cen\u0119.<br \/>\nW\u0119dki.<br \/>\nDozwolone zabieranie ryb do domu.<br \/>\n\ud83e\udd11 Gwarancja najlepszej ceny.<br \/>\n\ud83d\udc6a  Aktywowane rabaty.<br \/>\n\ud83d\udd01 Anulowanie do 72 godzin.<br \/>\n\ud83c\udf0d Wieloj\u0119zyczna za\u0142oga.<br \/>\n\ud83c\udf1f Rezerwuj wcze\u015bniej i oszcz\u0119dzaj!<br \/>\n\ud83d\udccd Odej\u015bcie od <a href=\"https:\/\/maps.app.goo.gl\/XNDB4g2quXSxyw6RA\">Las Galletas<\/a>.<\/p>","protected":false},"featured_media":13645,"comment_status":"open","ping_status":"closed","template":"","meta":{"_acf_changed":false},"product_brand":[],"product_cat":[46,47],"product_tag":[],"class_list":{"0":"post-13644","1":"product","2":"type-product","3":"status-publish","4":"has-post-thumbnail","6":"product_cat-boat-excursions","7":"product_cat-boat-hire-tenerife","8":"wcpa_has_options","10":"first","11":"instock","12":"virtual","13":"purchasable","14":"product-type-simple"},"acf":[],"wcpa_form_fields":{"wcpaData":{"product":{"product_price":85,"price_html":"From&nbsp;<span class=\"woocommerce-Price-amount amount\"><bdi>85,00&nbsp;<span class=\"woocommerce-Price-currencySymbol\">&euro;<\/span><\/bdi><\/span>","original_product_price":85,"price_including_tax":85,"price_excluding_tax":85,"product_id":{"parent":13644,"variation":false},"is_variable":false,"stock_status":"instock","stock_quantity":null,"parent_sku":"CV13644","product_attributes":[],"custom_fields":[],"is_taxable":false,"product_name":"White Shark Fishing Boat Tenerife","hasImage":false},"fields":{"sec_5679cd96a9fdb1":{"extra":{"key":"sec_5679cd96a9fdb1","section_id":"sec_5679cd96a9fdb1","name":"Default","status":1,"cl_rule":"show","enableCl":false,"relations":[],"toggle":true,"title_tag":"h3","show_title":false,"showPrice":"default","form_id":13647,"form_rules":{"exclude_from_discount":true,"fee_label":"Fee","disp_hide_options_price":true,"disp_show_section_price":false,"disp_show_field_price":true,"layout_option":"standard","pric_use_as_fee":false,"process_fee_as":"woo_fee"},"layout_option":"standard"},"fields":[[{"active":true,"col":6,"relations":[{"operator":false,"rules":[{"operator":"AND","rules":{"cl_field":"","cl_relation":"","cl_val":""}}]}],"cl_rule":"show","enableCl":false,"price":"","enablePrice":false,"className":"","label_position":"default","desc_position":"default","type":"radio-group","required":true,"elementId":"radio-group_5679cd96a9fdd2","label":"\u231b\ufe0f Trip Duration","name":"radio-group_5679cd96a9fdd2","values":[{"label":"4 Hour Shared Trip (85\u20ac)","value":"4 Hour Trip","selected":false,"tempId":"aco_32","description":"Shared Tour up to 6 Guests. Departure at 8:00.","gt_translate_keys":["label","description"]},{"label":"Private Charter (From 440\u20ac)","value":"Private Charter 6 People","selected":false,"tempId":"aco_33","description":"Up to 6 people. Departure at 8:00 & 13:00.","gt_translate_keys":["label","description"]}],"layOut":"","error":false,"checkUi":"toggle","enableDesign":false,"scrollBar":false,"description":"","other":false,"options_description":true,"show_selected_option":false,"gt_translate_keys":["label","description"],"price_dependency":false,"cl_dependency":["date_0679cd96a9fe5e","select_1679cd96a9fe54",false,false],"value":""}],[{"label":"\ud83d\udcc5 Date","active":true,"required":true,"elementId":"date_0679cd96a9fe5e","picker_type":"custom","picker_mode":"single","placeholder":"","description":"","tooltip":"","name":"date_0679cd96a9fe5e","label_position":"default","desc_position":"default","enablePrice":false,"className":"","enableCl":true,"relations":[{"operator":"and","rules":[{"operator":"AND","rules":{"cl_field":"radio-group_5679cd96a9fdd2","cl_relation":"is_not_empty","cl_val":"3 Hour Trip"}}]}],"enableDesign":false,"LabelColor":"","date_pic_inline":true,"date_pic_inline_hide":true,"min_date":{"type":"days","val":"1"},"max_date":{"type":"days","val":"365"},"date_pic_conf":{"disabledWeeks":[],"disabledDates":["2025-02-03"]},"price":"","cl_rule":"show","col":6,"type":"date","error":false,"gt_translate_keys":["label","placeholder","description","tooltip"],"price_dependency":false,"cl_dependency":false,"value":""}],[{"active":true,"col":6,"relations":[{"operator":false,"rules":[{"operator":"AND","rules":{"cl_field":"radio-group_5679cd96a9fdd2","cl_relation":"is_not_empty","cl_val":"3 Hour Trip"}}]}],"cl_rule":"show","enableCl":true,"price":"","enablePrice":false,"className":"","label_position":"default","desc_position":"default","type":"select","required":true,"elementId":"select_1679cd96a9fe54","label":"\u23f0 Departure","name":"select_1679cd96a9fe54","values":[{"label":"8:00","value":"8:00","selected":false,"tempId":"aco_2904","gt_translate_keys":["label"]},{"label":"13:00","value":"13:00","selected":false,"tempId":"aco_2905","gt_translate_keys":["label"]}],"dropdown_type":"basic","error":false,"placeholder":"Select Departure Time","gt_translate_keys":["label","placeholder"],"price_dependency":false,"cl_dependency":false,"value":""}]]},"sec_0679cd96a9fdd4":{"extra":{"key":"sec_0679cd96a9fdd4","section_id":"sec_0679cd96a9fdd4","name":"4H Trip","status":1,"cl_rule":"show","enableCl":true,"relations":[{"operator":false,"rules":[{"operator":"AND","rules":{"cl_field":"radio-group_5679cd96a9fdd2","cl_relation":"is","cl_val":"4 Hour Trip"}}]}],"toggle":true,"title_tag":"h4","show_title":false,"showPrice":"default","form_id":13647,"form_rules":{"exclude_from_discount":true,"fee_label":"Fee","disp_hide_options_price":true,"disp_show_section_price":false,"disp_show_field_price":true,"layout_option":"standard","pric_use_as_fee":false,"process_fee_as":"woo_fee"},"layout_option":"standard"},"fields":[[{"active":true,"col":6,"relations":false,"cl_rule":"show","enableCl":false,"price":"","enablePrice":false,"className":"","label_position":"default","desc_position":"default","type":"separator","required":false,"elementId":"separator_9679cd96a9fded","label":"Separator Field","height":"10","separatorType":"blank","error":false,"gt_translate_keys":["label"],"price_dependency":false,"cl_dependency":false,"value":""}],[{"contentType":"rich","active":true,"label":"","elementId":"content_9679cd96a9fdf8","value":"<p>\ud83c\udf9f\ufe0f <strong>Reservation<\/strong>: Pay only a deposit now to reserve; the rest is due on the day of the activity upon arrival.<\/p>","inline":true,"name":"content_9679cd96a9fdf8","enablePrice":false,"className":"","subtype":"div","enableCl":false,"relations":false,"price":"","cl_rule":"show","col":6,"type":"content","error":false,"show_in_checkout":true,"gt_translate_keys":["label","value"],"price_dependency":false,"cl_dependency":false}],[{"active":true,"col":6,"relations":false,"cl_rule":"show","enableCl":false,"price":"","enablePrice":false,"className":"","label_position":"default","desc_position":"default","type":"content","required":false,"elementId":"content_0679cd96a9fe02","label":"People","name":"content_0679cd96a9fe02","contentType":"plain","value":"","error":false,"show_in_checkout":true,"inline":false,"gt_translate_keys":["label","value"],"price_dependency":false,"cl_dependency":false}],[{"active":true,"col":6,"relations":[{"operator":false,"rules":[{"operator":"AND","rules":{"cl_field":"","cl_relation":"","cl_val":""}}]}],"cl_rule":"show","enableCl":true,"price":"85","enablePrice":true,"className":"","label_position":"default","desc_position":"default","type":"radio-group","required":false,"elementId":"radio-group_10679cd96a9fe0d","label":"","name":"radio-group_10679cd96a9fe0d","values":[{"label":"\ud83d\udc64 People (85\u20ac)","value":"People","selected":true,"tempId":"aco_32","tooltip":"+4 Years","description":"","gt_translate_keys":["label","tooltip","description"]}],"layOut":"","error":false,"checkUi":"button","priceOptions":"fixed_for_all","pricingType":"fixed","enable_quantity":true,"quantity_label":"","min_quantity":"0","options_tooltip":true,"options_description":true,"is_show_price":true,"max_quantity":"6","gt_translate_keys":["label","quantity_label"],"price_dependency":false,"cl_dependency":false,"value":""}],[{"elementId":"separator_7679cd96a9fe2d","separatorType":"fill","separatorColor":"#66a6b6","className":"","height":"6","enableCl":false,"relations":false,"cl_rule":"show","col":6,"type":"separator","error":false,"gt_translate_keys":[],"price_dependency":false,"cl_dependency":false,"value":""}],[{"active":true,"col":6,"relations":false,"cl_rule":"show","enableCl":false,"price":"({field.radio-group_10679cd96a9fe0d.quantity}*20)","enablePrice":true,"className":"","label_position":"default","desc_position":"default","type":"content","required":false,"elementId":"content_2679cd96a9fe37","label":"Deposit Now","name":"content_2679cd96a9fe37","contentType":"plain","value":"","error":false,"pricingType":"custom","isTemplate":false,"is_show_price":false,"enableDesign":true,"scrollBar":false,"use_as_fee":false,"fee_label":"","inline":true,"show_in_checkout":true,"subtype":"div","LabelSize":"14px","LabelColor":"","gt_translate_keys":["label","value"],"price_dependency":["content_9679cd96a9fe4a"],"cl_dependency":false}],[{"contentType":"plain","active":true,"label":"Payment at Arrival","elementId":"content_8679cd96a9fe40","value":"","inline":true,"show_in_checkout":true,"name":"content_8679cd96a9fe40","enablePrice":true,"className":"","fee_label":"","subtype":"div","enableCl":false,"relations":[{"operator":false,"rules":[{"operator":"AND","rules":{"cl_field":"content_2679cd96a9fe37","cl_relation":"is_not_empty","cl_val":""}}]}],"scrollBar":false,"enableDesign":true,"pricingType":"custom","isTemplate":false,"price":"({field.radio-group_10679cd96a9fe0d.quantity}*65)","use_as_fee":false,"is_show_price":true,"cl_rule":"disable","col":6,"type":"content","error":false,"LabelSize":"14px","LabelColor":"","gt_translate_keys":["label","value"],"price_dependency":["content_9679cd96a9fe4a"],"cl_dependency":false}],[{"contentType":"plain","active":true,"label":"Total Amount","elementId":"content_9679cd96a9fe4a","value":"","inline":true,"show_in_checkout":true,"name":"content_9679cd96a9fe4a","enablePrice":true,"className":"","fee_label":"","subtype":"div","enableCl":false,"relations":[{"operator":false,"rules":[{"operator":"AND","rules":{"cl_field":"content_2679cd96a9fe37","cl_relation":"is_not_empty","cl_val":""}}]}],"scrollBar":false,"enableDesign":true,"LabelColor":"","LabelSize":"14px","pricingType":"custom","isTemplate":false,"price":"({field.content_2679cd96a9fe37.price}) + ({field.content_8679cd96a9fe40.price})","use_as_fee":false,"is_show_price":true,"cl_rule":"disable","col":6,"type":"content","error":false,"gt_translate_keys":["label","value"],"price_dependency":false,"cl_dependency":false}]]},"sec_3679cd96a9fe55":{"extra":{"key":"sec_3679cd96a9fe55","section_id":"sec_3679cd96a9fe55","name":"Private Charter","status":1,"cl_rule":"show","enableCl":true,"relations":[{"operator":false,"rules":[{"operator":"AND","rules":{"cl_field":"radio-group_5679cd96a9fdd2","cl_relation":"is","cl_val":"Private Charter 6 People"}}]}],"toggle":true,"title_tag":"h4","show_title":false,"showPrice":"default","form_id":13647,"form_rules":{"exclude_from_discount":true,"fee_label":"Fee","disp_hide_options_price":true,"disp_show_section_price":false,"disp_show_field_price":true,"layout_option":"standard","pric_use_as_fee":false,"process_fee_as":"woo_fee"},"layout_option":"standard"},"fields":[[{"elementId":"separator_6679cd96a9fe71","separatorType":"blank","className":"","height":"10","enableCl":false,"relations":false,"cl_rule":"show","col":6,"type":"separator","gt_translate_keys":[],"price_dependency":false,"cl_dependency":false,"value":""}],[{"contentType":"rich","active":true,"label":"","elementId":"content_7679cd96a9fe7d","value":"<p>\ud83c\udf9f\ufe0f <strong>Reservation<\/strong>: Pay only a deposit now to reserve; the rest is due on the day of the activity upon arrival.<\/p>","inline":true,"name":"content_7679cd96a9fe7d","enablePrice":false,"className":"","subtype":"div","enableCl":false,"relations":false,"price":"","cl_rule":"show","col":6,"type":"content","error":false,"pricingType":"custom","isTemplate":false,"is_show_price":true,"show_in_checkout":true,"gt_translate_keys":["label","value"],"price_dependency":false,"cl_dependency":false}],[{"active":true,"col":6,"relations":false,"cl_rule":"show","enableCl":false,"price":"","enablePrice":true,"className":"","label_position":"default","desc_position":"default","type":"select","required":false,"elementId":"select_10679cd96a9fe87","label":"\u231b\ufe0f Charter Duration (From 440\u20ac)","name":"select_10679cd96a9fe87","values":[{"label":"4 Hours (440\u20ac)","value":"1","selected":false,"tempId":"aco_3241","price":"440","gt_translate_keys":["label"]},{"label":"6 Hours (660\u20ac)","value":"2","selected":false,"tempId":"aco_3650","price":"660","gt_translate_keys":["label"]},{"label":"8 Hours (800\u20ac)","value":"3","selected":false,"tempId":"aco_242","price":"800","gt_translate_keys":["label"]}],"dropdown_type":"basic","error":false,"placeholder":"Select Duration Time","priceOptions":"different_for_all","pricingType":"fixed","is_show_price":true,"gt_translate_keys":["label","placeholder"],"price_dependency":["content_2679cd96a9fe9b","content_2679cd96a9fea4"],"cl_dependency":false,"value":""}],[{"elementId":"separator_0679cd96a9fe91","separatorType":"fill","separatorColor":"#66a6b6","className":"","height":"6","enableCl":false,"relations":false,"cl_rule":"show","col":6,"type":"separator","error":false,"gt_translate_keys":[],"price_dependency":false,"cl_dependency":false,"value":""}],[{"contentType":"plain","active":true,"label":"Deposit Now","elementId":"content_2679cd96a9fe9b","value":"","inline":true,"show_in_checkout":true,"name":"content_2679cd96a9fe9b","enablePrice":true,"className":"","fee_label":"","subtype":"div","enableCl":false,"relations":false,"scrollBar":false,"enableDesign":true,"LabelColor":"","LabelSize":"14px","pricingType":"custom","isTemplate":true,"price":"{field.select_10679cd96a9fe87.price}","use_as_fee":false,"is_show_price":false,"cl_rule":"show","col":6,"type":"content","error":false,"formulaId":"fmla_1738332716177274093","gt_translate_keys":["label","value"],"price_dependency":["content_0679cd96a9feae"],"cl_dependency":false}],[{"contentType":"plain","active":true,"label":"Payment at Arrival","elementId":"content_2679cd96a9fea4","value":"","inline":true,"show_in_checkout":true,"name":"content_2679cd96a9fea4","enablePrice":true,"className":"","fee_label":"","subtype":"div","enableCl":false,"relations":[{"operator":false,"rules":[{"operator":"AND","rules":{"cl_field":"content_2679cd96a9fe37","cl_relation":"is_not_empty","cl_val":""}}]}],"scrollBar":false,"enableDesign":true,"LabelColor":"","LabelSize":"14px","pricingType":"custom","isTemplate":true,"price":"{field.select_10679cd96a9fe87.value}*90","use_as_fee":false,"is_show_price":true,"cl_rule":"disable","col":6,"type":"content","error":false,"formulaId":"fmla_1708360988969136756","gt_translate_keys":["label","value"],"price_dependency":["content_0679cd96a9feae"],"cl_dependency":false}],[{"contentType":"plain","active":true,"label":"Total Amount","elementId":"content_0679cd96a9feae","value":"","inline":true,"show_in_checkout":true,"name":"content_0679cd96a9feae","enablePrice":true,"className":"","fee_label":"","subtype":"div","enableCl":false,"relations":[{"operator":false,"rules":[{"operator":"AND","rules":{"cl_field":"content_2679cd96a9fe37","cl_relation":"is_not_empty","cl_val":""}}]}],"scrollBar":false,"enableDesign":true,"LabelColor":"","LabelSize":"14px","pricingType":"custom","isTemplate":false,"price":"({field.content_2679cd96a9fe9b.price})+({field.content_2679cd96a9fea4.price})","use_as_fee":false,"is_show_price":true,"cl_rule":"disable","col":6,"type":"content","error":false,"gt_translate_keys":["label","value"],"price_dependency":false,"cl_dependency":false}]]}},"config":{"price_override":"always","enable_recaptcha":false,"bind_quantity":false,"quantity_bind_formula":false,"disp_summ_show_option_price":true,"disp_summ_show_product_price":false,"disp_summ_show_total_price":false,"disp_summ_show_fee":true,"disp_summ_show_discount":true,"summary_title":"","options_total_label":"Options Price","total_label":"Deposit Amount","options_product_label":"Product Price","fee_label":"Fee","discount_label":"Discount","has_price":true,"has_quantity_formula":false},"mc_unit":1,"tax_rate":1,"tax_rate_real":1,"discount":{"percentage":0,"fixed":0},"design":{"conf":{"LabelPosition":"above","DescPosition":"above","UploadField":"custom_1","QuantityFieldStyle":"custom_1"},"css":{"LeftLabelWidth":"120px"}},"formulas":{"fmla_1708360988969136756":"(({field.select_10679cd96a9fe87.value}>=3)?(730):(({field.select_10679cd96a9fe87.value}>=2)?(550):(({field.select_10679cd96a9fe87.value}>=1)?(370):(0))))","fmla_1738332716177274093":"(({field.select_10679cd96a9fe87.value}>=3)?(70):(({field.select_10679cd96a9fe87.value}>=2)?(110):(({field.select_10679cd96a9fe87.value}>=1)?(70):(0))))"},"lookuptables":[],"clones":false,"cartKey":false}},"_links":{"self":[{"href":"https:\/\/canaryvip.com\/pl\/wp-json\/wp\/v2\/product\/13644","targetHints":{"allow":["GET"]}}],"collection":[{"href":"https:\/\/canaryvip.com\/pl\/wp-json\/wp\/v2\/product"}],"about":[{"href":"https:\/\/canaryvip.com\/pl\/wp-json\/wp\/v2\/types\/product"}],"replies":[{"embeddable":true,"href":"https:\/\/canaryvip.com\/pl\/wp-json\/wp\/v2\/comments?post=13644"}],"wp:featuredmedia":[{"embeddable":true,"href":"https:\/\/canaryvip.com\/pl\/wp-json\/wp\/v2\/media\/13645"}],"wp:attachment":[{"href":"https:\/\/canaryvip.com\/pl\/wp-json\/wp\/v2\/media?parent=13644"}],"wp:term":[{"taxonomy":"product_brand","embeddable":true,"href":"https:\/\/canaryvip.com\/pl\/wp-json\/wp\/v2\/product_brand?post=13644"},{"taxonomy":"product_cat","embeddable":true,"href":"https:\/\/canaryvip.com\/pl\/wp-json\/wp\/v2\/product_cat?post=13644"},{"taxonomy":"product_tag","embeddable":true,"href":"https:\/\/canaryvip.com\/pl\/wp-json\/wp\/v2\/product_tag?post=13644"}],"curies":[{"name":"wp","href":"https:\/\/api.w.org\/{rel}","templated":true}]}}