{"id":13568,"date":"2025-01-14T17:37:29","date_gmt":"2025-01-14T17:37:29","guid":{"rendered":"https:\/\/canaryvip.com\/?post_type=product&#038;p=13568"},"modified":"2026-02-06T11:13:54","modified_gmt":"2026-02-06T11:13:54","slug":"peter-pan-pirate-ship-tenerife","status":"publish","type":"product","link":"https:\/\/canaryvip.com\/pl\/shop\/peter-pan-pirate-ship-tenerife\/","title":{"rendered":"Statek piracki Piotru\u015b Pan na Teneryfie"},"content":{"rendered":"<section class=\"l-section wpb_row height_medium\"><div class=\"l-section-h i-cf\"><div class=\"g-cols vc_row via_flex valign_top type_default stacking_default\"><div class=\"vc_col-sm-12 wpb_column vc_column_container\"><div class=\"vc_column-inner\"><div class=\"wpb_wrapper\"><div class=\"wpb_text_column\"><div class=\"wpb_wrapper\"><h2>Odkryj piracki statek Piotru\u015b Pan<\/h2>\n<p class=\"translation-block\">Szukasz innego rodzaju <strong>wycieczki \u0142odzi\u0105 na Teneryfie<\/strong>? Wejd\u017a na pok\u0142ad <strong>Peter Pan Pirate Ship<\/strong>, autentycznego portugalskiego szkunera pe\u0142nego uroku i przyg\u00f3d. Niezale\u017cnie od tego, czy podr\u00f3\u017cujesz z rodzin\u0105, przyjaci\u00f3\u0142mi czy partnerem, to do\u015bwiadczenie oferuje idealne po\u0142\u0105czenie emocji, relaksu i wspania\u0142ych widok\u00f3w na po\u0142udniowe wybrze\u017ce Teneryfy.<\/p>\n<p>Statek jest w pe\u0142ni wyposa\u017cony w dwie \u0142azienki, zacienion\u0105 cz\u0119\u015b\u0107 wypoczynkow\u0105, du\u017cy centralny st\u00f3\u0142 i g\u00f3rny pok\u0142ad idealny do opalania si\u0119 podczas rejsu wzd\u0142u\u017c Oceanu Atlantyckiego.<\/p>\n<h3>Zobacz wieloryby i delfiny na wolno\u015bci<\/h3>\n<p class=\"translation-block\">Wyruszaj\u0105c z <strong>portu Los Cristianos<\/strong>, ta <strong>wycieczka \u0142odzi\u0105 na Teneryf\u0119<\/strong> zabierze Ci\u0119 do jednego z najlepszych miejsc na Wyspach Kanaryjskich, aby zobaczy\u0107 z bliska dzikie delfiny i wieloryby. Po morskim safari \u0142\u00f3d\u017a zakotwiczy w pobli\u017cu pi\u0119knych rezerwat\u00f3w morskich Palm-Mar lub La Caleta, gdzie b\u0119dziesz mia\u0142 okazj\u0119 pop\u0142ywa\u0107 w krystalicznie czystych wodach.<\/p>\n<h3>Opcje wycieczek i dost\u0119pno\u015b\u0107<\/h3>\n<ul>\n<li><strong>2-godzinna wycieczka:<\/strong> Szybka i zabawna morska przygoda, aby zobaczy\u0107 wieloryby pilotuj\u0105ce\/delfiny. <em>Jedzenie i napoje nie s\u0105 wliczone w cen\u0119, ale mo\u017cna je kupi\u0107 na pok\u0142adzie.<\/em><\/li>\n<li class=\"translation-block\"><strong>3-godzinna wycieczka:<\/strong> Obejmuje p\u0142ywanie i pe\u0142ny lunch z napojami. Wyjazd o godzinie 10:00. <strong>Ta wersja jest dost\u0119pna tylko przez ograniczony czas. <\/strong> Sprawd\u017a dost\u0119pne daty w kalendarzu rezerwacji.<\/li>\n<\/ul>\n<h3>\ud83c\udf7d\ufe0f Lunch i napoje (wliczone w cen\u0119 3-godzinnej wycieczki)<\/h3>\n<ul>\n<li><strong>Menu lunchu:<\/strong> Ry\u017c z warzywami, klopsiki, sa\u0142atka, pieczywo i \u015bwie\u017ce owoce.<\/li>\n<li><strong>Napoje:<\/strong> Woda i napoje bezalkoholowe. Piwo i wino serwowane s\u0105 podczas lunchu.<\/li>\n<\/ul>\n<h3>Dlaczego warto wybra\u0107 wycieczk\u0119 \u0142odzi\u0105 Peter Pan?<\/h3>\n<ul>\n<li>Przyjazny rodzinom statek piracki z du\u017c\u0105 przestrzeni\u0105 i zacienionymi miejscami do siedzenia.<\/li>\n<li>G\u00f3rny pok\u0142ad dla mi\u0142o\u015bnik\u00f3w s\u0142o\u0144ca i bezkonkurencyjne widoki na wybrze\u017ce.<\/li>\n<li>Wyloty z Los Cristianos, dogodnej i centralnej lokalizacji na po\u0142udniu Teneryfy.<\/li>\n<\/ul>\n<h3>Zasady rezerwacji i anulowania rezerwacji<\/h3>\n<ul>\n<li><strong>Z wyprzedzeniem wi\u0119kszym ni\u017c 48 godzin:<\/strong> 90% zwrot (10% zatrzymany do przetworzenia).<\/li>\n<li><strong>Mniej ni\u017c 48 godzin lub niestawienie si\u0119:<\/strong> Brak zwrotu koszt\u00f3w.<\/li>\n<li>Je\u015bli wycieczka zostanie odwo\u0142ana z powodu pogody lub innych przyczyn, otrzymasz pe\u0142ny zwrot pieni\u0119dzy lub mo\u017cliwo\u015b\u0107 zmiany terminu.<\/li>\n<\/ul>\n<h3>Miejsce odlotu<\/h3>\n<p class=\"translation-block\">Statek piracki <strong>Peter Pan<\/strong> odp\u0142ywa z portu <a href=\"https:\/\/maps.app.goo.gl\/zqPYNAARb6LiE5tZ7\" target=\"_blank\" rel=\"noopener\">Los Cristianos Harbor<\/a>. Prosimy o przybycie co najmniej 30 minut przed odlotem, aby zapewni\u0107 sprawne wej\u015bcie na pok\u0142ad.<\/p>\n<h3>Zarezerwuj wycieczk\u0119 \u0142odzi\u0105 po Teneryfie z CanaryVIP<\/h3>\n<p class=\"translation-block\">W CanaryVIP specjalizujemy si\u0119 w <strong>niezapomnianych wycieczkach \u0142odzi\u0105 po Teneryfie<\/strong>. Statek piracki Peter Pan to jedna z naszych najpopularniejszych opcji - po\u0142\u0105czenie przygody, natury i relaksu na otwartym morzu.<\/p>\n<p>Niezale\u017cnie od tego, czy odwiedzasz Teneryf\u0119 z dzie\u0107mi, przyjaci\u00f3\u0142mi czy jako para, jest to idealny spos\u00f3b na podziwianie wybrze\u017ca Teneryfy i \u017cycia morskiego.<\/p>\n<p class=\"translation-block\"><strong>Nie przegap okazji - zarezerwuj miejsce ju\u017c teraz! <\/strong> 3-godzinna wycieczka z lunchem i napojami jest dost\u0119pna tylko przez ograniczony czas.<\/p>\n<\/div><\/div><\/div><\/div><\/div><\/div><\/div><\/section>","protected":false},"excerpt":{"rendered":"<p><strong>Peter Pan Boat Teneryfa:<\/strong><br \/>\n<span>\u2705 Bezpieczna p\u0142atno\u015b\u0107.<\/span><br \/>\n<span>\ud83d\udc0b Obserwacja wieloryb\u00f3w i delfin\u00f3w.<br \/>\n<\/span><span>\ud83d\ude80 2H Tours.<br \/>\nCodziennie o 10:00, 12:00 i 14:00.<br \/>\n<\/span><span>Do 60 os\u00f3b.<\/span><span><br \/>\nOdbi\u00f3r z Teneryfy Po\u0142udniowej.<br \/>\n<\/span>Toaleta na pok\u0142adzie.<br \/>\n<span>\ud83e\udd11 Gwarancja najlepszej ceny.<\/span><br \/>\n<span>\ud83d\udc6a  Aktywowane rabaty.<\/span><br \/>\n<span>\ud83d\udd01 Anulowanie do 48 godzin.<\/span><br \/>\n<span>\ud83c\udf0d Przewodniki wieloj\u0119zyczne.<\/span><br \/>\n<span>\ud83c\udf1f Zarezerwuj teraz i zaoszcz\u0119d\u017a!<\/span><br \/>\n<span>\ud83d\udccd Odej\u015bcie od <a href=\"https:\/\/maps.app.goo.gl\/US7ie1SCwfu1Mhxm7\">Los Cristianos<\/a>.<\/span><\/p>","protected":false},"featured_media":13574,"comment_status":"open","ping_status":"closed","template":"","meta":{"_acf_changed":false},"product_brand":[],"product_cat":[46],"product_tag":[],"class_list":{"0":"post-13568","1":"product","2":"type-product","3":"status-publish","4":"has-post-thumbnail","6":"product_cat-boat-excursions","7":"wcpa_has_options","9":"first","10":"instock","11":"virtual","12":"purchasable","13":"product-type-simple"},"acf":[],"wcpa_form_fields":{"wcpaData":{"product":{"product_price":27,"price_html":"From&nbsp;<span class=\"woocommerce-Price-amount amount\"><bdi>27,00&nbsp;<span class=\"woocommerce-Price-currencySymbol\">&euro;<\/span><\/bdi><\/span>","original_product_price":27,"price_including_tax":27,"price_excluding_tax":27,"product_id":{"parent":13568,"variation":false},"is_variable":false,"stock_status":"instock","stock_quantity":null,"parent_sku":"CV13568","product_attributes":[],"custom_fields":[],"is_taxable":false,"product_name":"Peter Pan Pirate Ship Tenerife","hasImage":false},"fields":{"sec_h1a2har211":{"extra":{"key":"sec_h1a2har211","section_id":"sec_h1a2har211","name":"Tour Duration","status":1,"cl_rule":"show","enableCl":false,"relations":[],"toggle":true,"title_tag":"h4","show_title":false,"showPrice":"default","form_id":13569,"form_rules":{"exclude_from_discount":true,"fee_label":"Fee","disp_hide_options_price":true,"disp_show_section_price":false,"disp_show_field_price":true,"layout_option":"standard","pric_use_as_fee":false,"process_fee_as":"woo_fee"},"layout_option":"standard"},"fields":[[{"active":true,"col":6,"relations":false,"cl_rule":"show","enableCl":false,"price":"","enablePrice":false,"className":"","label_position":"default","desc_position":"default","type":"content","required":false,"elementId":"content_7231531275","label":"","name":"content_7231531275","contentType":"rich","value":"<p><strong>Free Pick-up available only at 12:00.<\/strong><\/p>","error":false,"gt_translate_keys":["label","value"],"price_dependency":false,"cl_dependency":false}],[{"active":true,"col":6,"relations":false,"cl_rule":"show","enableCl":false,"price":"","enablePrice":false,"className":"","label_position":"default","desc_position":"default","type":"radio-group","required":false,"elementId":"radio_0409611974","label":"\u2693\ufe0f Select Tour","name":"radio_0409611974","values":[{"label":"2 Hour Tour (27\u20ac)","value":"2H Tour","selected":true,"tempId":"aco_2005","gt_translate_keys":["label"]}],"layOut":"","error":false,"checkUi":"toggle","gt_translate_keys":["label"],"price_dependency":false,"cl_dependency":[false],"value":""}]]},"sec_06786a3ea7a85a":{"extra":{"key":"sec_06786a3ea7a85a","section_id":"sec_06786a3ea7a85a","name":"2H Tour","status":1,"cl_rule":"show","enableCl":true,"relations":[{"operator":false,"rules":[{"operator":"AND","rules":{"cl_field":"radio_0409611974","cl_relation":"is","cl_val":"2H Tour"}}]}],"toggle":true,"title_tag":"h4","show_title":false,"showPrice":"default","form_id":13569,"form_rules":{"exclude_from_discount":true,"fee_label":"Fee","disp_hide_options_price":true,"disp_show_section_price":false,"disp_show_field_price":true,"layout_option":"standard","pric_use_as_fee":false,"process_fee_as":"woo_fee"},"layout_option":"standard"},"fields":[[{"active":true,"col":6,"relations":false,"cl_rule":"show","enableCl":false,"price":"","enablePrice":false,"className":"","label_position":"default","desc_position":"default","type":"select","required":true,"elementId":"select_7343277180","label":"\u23f0 Departure","name":"select_7343277180","values":[{"label":"10:00","value":"10:00","selected":false,"tempId":"aco_842","gt_translate_keys":["label"]},{"label":"12:00","value":"12:00","selected":false,"tempId":"aco_843","gt_translate_keys":["label"]},{"label":"14:00","value":"14:00","selected":false,"tempId":"aco_844","gt_translate_keys":["label"]}],"dropdown_type":"basic","error":false,"tooltip":"","placeholder":"Select Departure Time","isWeightTemplate":false,"isTemplate":false,"min_quantity":"1","quantity_decimal":false,"quantity_step":"1","quantity_label":"Quantity","repeater_field_label":"{field_label}","repeater_bind":"","gt_translate_keys":["label","placeholder","tooltip","repeater_field_label","quantity_label"],"price_dependency":false,"cl_dependency":["date_86786a3ea7a859","date-4560181145","date-0582083876","text_16786a3ea7a89a"],"value":""}],[{"label":"\ud83d\udcc5 Date","active":true,"required":true,"elementId":"date_86786a3ea7a859","picker_type":"custom","picker_mode":"single","placeholder":"","description":"","tooltip":"","name":"date_86786a3ea7a859","label_position":"default","desc_position":"default","enablePrice":false,"className":"","enableCl":true,"relations":[{"operator":"and","rules":[{"operator":"AND","rules":{"cl_field":"select_7343277180","cl_relation":"is","cl_val":"10:00"}}]}],"enableDesign":false,"LabelColor":"","date_pic_inline":true,"date_pic_inline_hide":true,"min_date":{"type":"days","val":"0"},"max_date":{"type":"days","val":"180"},"date_pic_conf":{"disabledWeeks":[],"disabledDates":["2025-03-12 to 2025-03-30","2025-04-17 to 2025-04-24","2025-05-10","2025-05-15","2025-05-20","2025-05-29","2026-02-18"]},"price":"","cl_rule":"show","col":6,"type":"date","error":false,"isWeightTemplate":false,"isTemplate":false,"min_quantity":"1","quantity_decimal":false,"quantity_step":"1","quantity_label":"Quantity","repeater_field_label":"{field_label}","repeater_bind":"","gt_translate_keys":["label","placeholder","description","tooltip","repeater_field_label","quantity_label"],"price_dependency":false,"cl_dependency":false,"value":""}],[{"label":"\ud83d\udcc5 Date","active":true,"required":true,"elementId":"date-4560181145","picker_type":"custom","picker_mode":"single","placeholder":"","description":"","tooltip":"","name":"date-4560181145","label_position":"default","desc_position":"default","enablePrice":false,"className":"","enableCl":true,"relations":[{"operator":"and","rules":[{"operator":"AND","rules":{"cl_field":"select_7343277180","cl_relation":"is","cl_val":"12:00"}}]}],"enableDesign":false,"LabelColor":"","date_pic_inline":true,"date_pic_inline_hide":true,"min_date":{"type":"days","val":"0"},"max_date":{"type":"days","val":"180"},"date_pic_conf":{"disabledWeeks":[],"disabledDates":["2025-01-18","2025-01-30","2025-02-09","2025-03-12 to 2025-03-30","2025-04-17 to 2025-04-24","2025-05-10","2025-05-15","2025-05-20","2026-02-18"]},"price":"","cl_rule":"show","col":6,"type":"date","error":false,"isWeightTemplate":false,"isTemplate":false,"min_quantity":"1","quantity_decimal":false,"quantity_step":"1","quantity_label":"Quantity","repeater_field_label":"{field_label}","repeater_bind":"","gt_translate_keys":["label","placeholder","description","tooltip","repeater_field_label","quantity_label"],"price_dependency":false,"cl_dependency":false,"value":""}],[{"label":"\ud83d\udcc5 Date","active":true,"required":true,"elementId":"date-0582083876","picker_type":"custom","picker_mode":"single","placeholder":"","description":"","tooltip":"","name":"date-0582083876","label_position":"default","desc_position":"default","enablePrice":false,"className":"","enableCl":true,"relations":[{"operator":"and","rules":[{"operator":"AND","rules":{"cl_field":"select_7343277180","cl_relation":"is","cl_val":"14:00"}}]}],"enableDesign":false,"LabelColor":"","date_pic_inline":true,"date_pic_inline_hide":true,"min_date":{"type":"days","val":"0"},"max_date":{"type":"days","val":"180"},"date_pic_conf":{"disabledWeeks":[],"disabledDates":["2025-01-18","2025-01-30","2025-02-09","2025-03-12 to 2025-03-30","2025-04-17 to 2025-04-24","2025-05-08","2025-05-10","2025-05-15","2025-05-20","2026-02-18"]},"price":"","cl_rule":"show","col":6,"type":"date","error":false,"isWeightTemplate":false,"isTemplate":false,"min_quantity":"1","quantity_decimal":false,"quantity_step":"1","quantity_label":"Quantity","repeater_field_label":"{field_label}","repeater_bind":"","gt_translate_keys":["label","placeholder","description","tooltip","repeater_field_label","quantity_label"],"price_dependency":false,"cl_dependency":false,"value":""}],[{"contentType":"plain","active":true,"label":"People","elementId":"content_16786a3ea7a866","value":"","inline":false,"show_in_checkout":true,"name":"content_16786a3ea7a866","enablePrice":false,"className":"","enableCl":false,"relations":false,"price":"","cl_rule":"show","col":6,"type":"content","gt_translate_keys":["label","value"],"price_dependency":false,"cl_dependency":false}],[{"label":"","active":true,"required":false,"elementId":"radio-group_66786a3ea7a871","name":"radio-group_66786a3ea7a871","label_position":"default","desc_position":"default","enablePrice":true,"className":"","enableCl":false,"relations":[{"operator":false,"rules":[{"operator":"AND","rules":{"cl_field":"","cl_relation":"","cl_val":""}}]}],"enable_quantity":true,"quantity_label":"","min_quantity":"0","checkUi":"button","layOut":"","options_tooltip":true,"options_description":true,"values":[{"label":"\ud83d\udc64 Adult (27\u20ac)","value":"Adult","selected":true,"tempId":"aco_32","tooltip":"+12 Years","description":"","gt_translate_keys":["label","tooltip","description"]}],"priceOptions":"fixed_for_all","pricingType":"fixed","price":"27","cl_rule":"show","col":6,"type":"radio-group","error":false,"gt_translate_keys":["label","quantity_label"],"price_dependency":false,"cl_dependency":false,"value":""}],[{"label":"","active":true,"required":false,"elementId":"radio-group_06786a3ea7a87c","name":"radio-group_06786a3ea7a87c","label_position":"default","desc_position":"default","enablePrice":true,"className":"","enableCl":false,"relations":false,"enable_quantity":true,"quantity_label":"","min_quantity":"0","checkUi":"button","layOut":"","options_tooltip":true,"options_description":true,"values":[{"label":"\ud83d\udc66 Child (13\u20ac)","value":"Child","selected":true,"tempId":"aco_32","tooltip":"3-11 Years","description":"","gt_translate_keys":["label","tooltip","description"]}],"priceOptions":"fixed_for_all","pricingType":"fixed","price":"13","cl_rule":"show","col":6,"type":"radio-group","error":false,"gt_translate_keys":["label","quantity_label"],"price_dependency":false,"cl_dependency":false,"value":""}],[{"label":"","active":true,"required":false,"elementId":"radio-group_86786a3ea7a887","name":"radio-group_86786a3ea7a887","label_position":"default","desc_position":"default","enablePrice":true,"className":"","enableCl":false,"relations":false,"enable_quantity":true,"quantity_label":"","min_quantity":"0","checkUi":"button","layOut":"","options_tooltip":true,"options_description":true,"values":[{"label":"\ud83d\udc76 Infant (Free)","value":"Infant","selected":true,"tempId":"aco_32","tooltip":"0-2 Years","description":"","gt_translate_keys":["label","tooltip","description"]}],"priceOptions":"fixed_for_all","pricingType":"fixed","price":"0","cl_rule":"show","col":6,"type":"radio-group","error":false,"gt_translate_keys":["label","quantity_label"],"price_dependency":false,"cl_dependency":false,"value":""}],[{"elementId":"separator_96786a3ea7a891","separatorType":"blank","className":"","height":"7","enableCl":false,"relations":false,"cl_rule":"show","col":6,"type":"separator","gt_translate_keys":[],"price_dependency":false,"cl_dependency":false,"value":""}],[{"label":"\ud83d\ude8c Pickup Location","active":true,"required":false,"elementId":"text_16786a3ea7a89a","value":"","description":"Free pick-up service in South Tenerife. Simply provide your address or hotel name.","name":"text_16786a3ea7a89a","label_position":"default","desc_position":"default","enablePrice":false,"className":"","enableCl":true,"relations":[{"operator":false,"rules":[{"operator":"AND","rules":{"cl_field":"select_7343277180","cl_relation":"is","cl_val":"12:00"}}]}],"subtype":"text","price":"{field.radio-group_66786a3ea7a871.quantity}*4.5","cl_rule":"show","col":6,"type":"text","error":false,"pricingType":"custom","isTemplate":false,"gt_translate_keys":["label","description","value"],"price_dependency":false,"cl_dependency":false}]]}},"config":{"price_override":"always","enable_recaptcha":false,"bind_quantity":false,"quantity_bind_formula":false,"disp_summ_show_option_price":true,"disp_summ_show_product_price":false,"disp_summ_show_total_price":true,"disp_summ_show_fee":true,"disp_summ_show_discount":true,"summary_title":"","options_total_label":"Options Price","total_label":"Total Amount","options_product_label":"Product Price","fee_label":"Fee","discount_label":"Discount","has_price":true,"has_quantity_formula":false},"mc_unit":1,"tax_rate":1,"tax_rate_real":1,"discount":{"percentage":0,"fixed":0},"design":{"conf":{"LabelPosition":"above","DescPosition":"above","UploadField":"custom_1","QuantityFieldStyle":"custom_1"},"css":{"LeftLabelWidth":"120px"}},"formulas":[],"lookuptables":[],"clones":false,"cartKey":false}},"_links":{"self":[{"href":"https:\/\/canaryvip.com\/pl\/wp-json\/wp\/v2\/product\/13568","targetHints":{"allow":["GET"]}}],"collection":[{"href":"https:\/\/canaryvip.com\/pl\/wp-json\/wp\/v2\/product"}],"about":[{"href":"https:\/\/canaryvip.com\/pl\/wp-json\/wp\/v2\/types\/product"}],"replies":[{"embeddable":true,"href":"https:\/\/canaryvip.com\/pl\/wp-json\/wp\/v2\/comments?post=13568"}],"wp:featuredmedia":[{"embeddable":true,"href":"https:\/\/canaryvip.com\/pl\/wp-json\/wp\/v2\/media\/13574"}],"wp:attachment":[{"href":"https:\/\/canaryvip.com\/pl\/wp-json\/wp\/v2\/media?parent=13568"}],"wp:term":[{"taxonomy":"product_brand","embeddable":true,"href":"https:\/\/canaryvip.com\/pl\/wp-json\/wp\/v2\/product_brand?post=13568"},{"taxonomy":"product_cat","embeddable":true,"href":"https:\/\/canaryvip.com\/pl\/wp-json\/wp\/v2\/product_cat?post=13568"},{"taxonomy":"product_tag","embeddable":true,"href":"https:\/\/canaryvip.com\/pl\/wp-json\/wp\/v2\/product_tag?post=13568"}],"curies":[{"name":"wp","href":"https:\/\/api.w.org\/{rel}","templated":true}]}}