{"id":12949,"date":"2024-08-19T12:56:56","date_gmt":"2024-08-19T11:56:56","guid":{"rendered":"https:\/\/canaryvip.com\/?post_type=product&#038;p=12949"},"modified":"2025-08-09T13:58:46","modified_gmt":"2025-08-09T12:58:46","slug":"sunkiss-boat-charter-gran-canaria","status":"publish","type":"product","link":"https:\/\/canaryvip.com\/pl\/shop\/sunkiss-boat-charter-gran-canaria\/","title":{"rendered":"Sunkiss Boat Charter<br\/>Gran Canaria"},"content":{"rendered":"<h2>\ud83d\udee5\ufe0f Sunkiss czarter \u0142odzi Gran Canaria<\/h2>\n<p>Do\u015bwiadcz pi\u0119kna Gran Canarii z komfortowego hotelu <strong>Sunkiss Boat Charter<\/strong>to prywatny i luksusowy spos\u00f3b na odkrywanie osza\u0142amiaj\u0105cego po\u0142udniowego wybrze\u017ca wyspy. Z miejscem dla maksymalnie 8 pasa\u017cer\u00f3w, ten ekskluzywny <strong>Wynajem \u0142odzi na Gran Canarii<\/strong> jest idealny dla par, rodzin lub ma\u0142ych grup poszukuj\u0105cych wyj\u0105tkowej i relaksuj\u0105cej przygody.<\/p>\n<p>W CanaryVIP sprawiamy, \u017ce rezerwacja jest <a href=\"https:\/\/canaryvip.com\/pl\/gran-canaria\/\"><strong>wynajem \u0142odzi Puerto Mog\u00e1n<\/strong><\/a> do\u015bwiadczenie \u0142atwe i przyjemne, zapewniaj\u0105c, \u017ce ka\u017cdy szczeg\u00f3\u0142 jest zadbany o idealny dzie\u0144 na wodzie.<\/p>\n<h3>\u2b50\ufe0f Dlaczego warto wybra\u0107 czarter \u0142odzi Sunkiss na Gran Canarii?<\/h3>\n<p>Oto dlaczego <strong>Sunkiss Boat Charter<\/strong> to jedna z najlepszych opcji na prywatny i niezapomniany dzie\u0144 na morzu:<\/p>\n<h4><strong>Prywatne i intymne do\u015bwiadczenie<\/strong><\/h4>\n<p>Ciesz si\u0119 ekskluzywn\u0105 podr\u00f3\u017c\u0105 tylko ze swoj\u0105 grup\u0105. Ten prywatny jacht, mog\u0105cy pomie\u015bci\u0107 maksymalnie 8 os\u00f3b, oferuje osobiste i spokojne otoczenie, idealne na specjalne okazje lub relaksuj\u0105cy wypad.<\/p>\n<h4><strong>Elegancki komfort<\/strong><\/h4>\n<p>\u017begluj na pok\u0142adzie pi\u0119knie utrzymanego 12-metrowego jachtu z wygodnymi miejscami do siedzenia, zacienionymi obszarami i przestronnym pok\u0142adem do opalania. Podziwiaj wspania\u0142e panoramiczne widoki na wybrze\u017ce Gran Canarii, relaksuj\u0105c si\u0119 w dobrym stylu.<\/p>\n<h4><strong>Przygoda z nurkowaniem<\/strong><\/h4>\n<p>Zakotwicz w zacisznej zatoce, aby pop\u0142ywa\u0107 w krystalicznie czystych wodach i nurkowa\u0107 z rurk\u0105 przy u\u017cyciu dostarczonego sprz\u0119tu. Odkryj t\u0119tni\u0105ce \u017cyciem morskie \u017cycie Gran Canarii lub po prostu zrelaksuj si\u0119 na pok\u0142adzie i ciesz si\u0119 spokojn\u0105 atmosfer\u0105.<\/p>\n<h3>Opcje wycieczki \u0142odzi\u0105 Sunkiss<\/h3>\n<p>Wybierz czas trwania podr\u00f3\u017cy, kt\u00f3ry pasuje do Twojego harmonogramu i pragnie\u0144:<\/p>\n<ul>\n<li><strong>3-godzinny prywatny czarter:<\/strong> Idealna kr\u00f3tka ucieczka do odkrywania wybrze\u017ca Gran Canarii i cieszenia si\u0119 orze\u017awiaj\u0105c\u0105 k\u0105piel\u0105 lub nurkowaniem z rurk\u0105.<\/li>\n<li><strong>6-godzinny prywatny czarter:<\/strong> Zanurz si\u0119 g\u0142\u0119biej w naturalne pi\u0119kno wyspy, maj\u0105c wi\u0119cej czasu na relaks i odkrywanie ukrytych miejsc.<\/li>\n<li><strong>8-godzinny prywatny czarter:<\/strong> Ca\u0142odniowa przygoda, kt\u00f3ra pozwala do\u015bwiadczy\u0107 doskona\u0142ego relaksu i odkrywania, z dodatkowym czasem na odwiedzenie wielu zatoczek i cieszenie si\u0119 tym, co najlepsze na Gran Canarii.<\/li>\n<\/ul>\n<h3>Co zawiera karta Sunkiss?<\/h3>\n<p>Tw\u00f3j <strong>Wynajem \u0142odzi na Gran Canarii<\/strong> obejmuje:<\/p>\n<ul>\n<li>Przek\u0105ski, w tym chipsy i orzechy.<\/li>\n<li>Napoje, takie jak piwo, napoje bezalkoholowe i woda.<\/li>\n<li>Sprz\u0119t do snorkelingu (maski i p\u0142etwy) do odkrywania podwodnego \u015bwiata.<\/li>\n<li>Ubezpieczenie zapewniaj\u0105ce beztroskie do\u015bwiadczenie.<\/li>\n<li>Opcjonalny transport do i z hoteli w po\u0142udniowej cz\u0119\u015bci Gran Canarii.<\/li>\n<li>Opcjonalny lunch (10 \u20ac za osob\u0119, pro\u015bba podczas rezerwacji).<\/li>\n<\/ul>\n<h3>Szczeg\u00f3\u0142y wyjazdu<\/h3>\n<ul>\n<li><strong>Lokalizacja:<\/strong> <a href=\"https:\/\/maps.app.goo.gl\/Xhe545W98um3rx6W8\" target=\"_new\" rel=\"noopener\"><span>Puerto<\/span><span> Mog\u00e1n<\/span><span>Gran<\/span><span> Canaria<\/span><\/a>.<\/li>\n<li><strong>Godziny odlot\u00f3w:<\/strong> 09:00, 12:00 i 15:00.<\/li>\n<li><strong>Transport:<\/strong> Us\u0142uga odbioru dost\u0119pna dla dodatkowej wygody.<\/li>\n<\/ul>\n<p>Zalecamy przybycie co najmniej 15 minut przed odlotem, aby zapewni\u0107 sprawne rozpocz\u0119cie przygody.<\/p>\n<h3>Przejrzysta polityka anulowania rezerwacji<\/h3>\n<p>Priorytetem jest dla nas Tw\u00f3j spok\u00f3j ducha dzi\u0119ki jasnym i elastycznym opcjom anulowania:<\/p>\n<ul>\n<li><strong>Gwarancja pogody:<\/strong> Zmiana terminu lub pe\u0142ny zwrot koszt\u00f3w w przypadku niebezpiecznych warunk\u00f3w pogodowych.<\/li>\n<li><strong>Elastyczne anulowanie:<\/strong> Bezp\u0142atne anulowanie lub zmiana terminu do 8 dni przed podr\u00f3\u017c\u0105. Depozyty nie podlegaj\u0105 zwrotowi w przypadku anulowania rezerwacji w ci\u0105gu 8 dni od planowanego odlotu.<\/li>\n<\/ul>\n<h3>\ud83d\udc68\u200d\u2708\ufe0f Wskaz\u00f3wki dotycz\u0105ce przygody na \u0142odzi Sunkiss<\/h3>\n<p>Wykorzystaj w pe\u0142ni sw\u00f3j dzie\u0144 dzi\u0119ki tym prostym wskaz\u00f3wkom:<\/p>\n<ul>\n<li>Nale\u017cy zabra\u0107 ze sob\u0105 str\u00f3j k\u0105pielowy, krem do opalania i r\u0119cznik.<\/li>\n<li>Nale\u017cy nosi\u0107 wygodn\u0105 odzie\u017c dostosowan\u0105 do pogody.<\/li>\n<li>Przygotuj sw\u00f3j bilet CanaryVIP w telefonie lub wydrukowany.<\/li>\n<li>Zjedz wcze\u015bniej lekki posi\u0142ek, aby unikn\u0105\u0107 choroby morskiej.<\/li>\n<\/ul>\n<h3>Dlaczego warto zarezerwowa\u0107 z CanaryVIP?<\/h3>\n<p>W CanaryVIP specjalizujemy si\u0119 w oferowaniu najlepszych <strong>wynajem \u0142odzi Puerto Mog\u00e1n<\/strong> oraz <strong>Wynajem luksusowych jacht\u00f3w na Gran Canarii<\/strong>. Od prywatnych czarter\u00f3w, takich jak Sunkiss, po indywidualne do\u015bwiadczenia, zapewniamy, \u017ce ka\u017cda chwila na wodzie b\u0119dzie niezapomniana.<\/p>\n<p>Zarezerwuj <strong>Sunkiss Boat Charter<\/strong> ju\u017c dzi\u015b i ciesz si\u0119 podr\u00f3\u017c\u0105 pe\u0142n\u0105 relaksu, przyg\u00f3d i zapieraj\u0105cych dech w piersiach widok\u00f3w Gran Canarii.<\/p>\n<p>\ud83d\udc49 <a href=\"https:\/\/canaryvip.com\/pl\/\" target=\"_new\" rel=\"noopener\"><span>Rezerwa<\/span><span> Teraz<\/span><\/a> i stw\u00f3rz wspomnienia, kt\u00f3re pozostan\u0105 na ca\u0142e \u017cycie!<\/p>","protected":false},"excerpt":{"rendered":"<p><strong>Magic Island Gran Canaria:<\/strong><br \/>\n\u2705 Bezpieczna p\u0142atno\u015b\u0107.<br \/>\n\ud83d\udd10 Wycieczki prywatne.<br \/>\n\ud83d\udee5\ufe0f 12m Yacht Comfort.<br \/>\nCodzienne wycieczki 3H, 6H i 8H.<br \/>\nR\u00f3\u017cne czasy odlot\u00f3w.<br \/>\n\ud83d\udc65 Do 8 go\u015bci.<br \/>\n\ud83e\udd3f Zapewniamy sprz\u0119t do nurkowania z rurk\u0105.<br \/>\nOdbi\u00f3r i dow\u00f3z.<br \/>\n\ud83e\udd11 Gwarancja najlepszej ceny.<br \/>\n\ud83d\udc6a  Aktywowane rabaty.<br \/>\n\ud83d\udd01 Anulowanie do 8 dni.<br \/>\n\ud83c\udf0d Wieloj\u0119zyczna za\u0142oga.<br \/>\n\ud83c\udf1f Rezerwuj wcze\u015bniej i oszcz\u0119dzaj!<br \/>\n\ud83d\udccd Odej\u015bcie od <a href=\"https:\/\/maps.app.goo.gl\/4TJkgAg6UBpnsyhm9\">Puerto de Mog\u00e1n<\/a>.<\/p>","protected":false},"featured_media":12950,"comment_status":"open","ping_status":"closed","template":"","meta":{"_acf_changed":false},"product_brand":[],"product_cat":[132],"product_tag":[],"class_list":{"0":"post-12949","1":"product","2":"type-product","3":"status-publish","4":"has-post-thumbnail","6":"product_cat-boat-hire-gran-canaria","7":"wcpa_has_options","9":"first","10":"instock","11":"virtual","12":"purchasable","13":"product-type-simple"},"acf":[],"wcpa_form_fields":{"wcpaData":{"product":{"product_price":399,"price_html":"From&nbsp;<span class=\"woocommerce-Price-amount amount\"><bdi>399,00&nbsp;<span class=\"woocommerce-Price-currencySymbol\">&euro;<\/span><\/bdi><\/span>","original_product_price":399,"price_including_tax":399,"price_excluding_tax":399,"product_id":{"parent":12949,"variation":false},"is_variable":false,"stock_status":"instock","stock_quantity":null,"parent_sku":"CV12949","product_attributes":[],"custom_fields":[],"is_taxable":false,"product_name":"Sunkiss Boat Charter<br\/>Gran Canaria","hasImage":false},"fields":{"sec_667811df8760f9":{"extra":{"key":"sec_667811df8760f9","section_id":"sec_667811df8760f9","name":"Default","status":1,"cl_rule":"show","enableCl":false,"relations":[],"toggle":true,"title_tag":"h3","show_title":false,"showPrice":"default","form_id":13536,"form_rules":{"exclude_from_discount":true,"fee_label":"Fee","disp_hide_options_price":true,"disp_show_section_price":false,"disp_show_field_price":true,"layout_option":"standard","pric_use_as_fee":false,"process_fee_as":"woo_fee"},"layout_option":"standard"},"fields":[[{"label":"\ud83d\udcc5 Date","active":true,"required":true,"elementId":"date_567811df876119","picker_type":"custom","picker_mode":"single","placeholder":"","description":"","tooltip":"","name":"date_567811df876119","label_position":"default","desc_position":"default","enablePrice":false,"className":"","enableCl":false,"relations":[{"operator":"and","rules":[{"operator":"AND","rules":{"cl_field":"radio-group_565c78ffa81208","cl_relation":"is","cl_val":"3 Hour Trip"}}]}],"date_pic_inline":true,"date_pic_inline_hide":true,"min_date":{"type":"days","val":"2"},"max_date":{"type":"days","val":"365"},"date_pic_conf":{"disabledWeeks":[]},"price":"","cl_rule":"show","col":6,"type":"date","error":false,"enableDesign":false,"LabelColor":"","gt_translate_keys":["label","placeholder","description","tooltip"],"price_dependency":false,"cl_dependency":false,"value":""}],[{"elementId":"separator_267811df876128","separatorType":"blank","className":"","height":"3","enableCl":false,"relations":false,"cl_rule":"show","col":6,"type":"separator","error":false,"gt_translate_keys":[],"price_dependency":false,"cl_dependency":false,"value":""}],[{"active":true,"col":6,"relations":false,"cl_rule":"show","enableCl":false,"price":"","enablePrice":true,"className":"","label_position":"default","desc_position":"default","type":"select","required":true,"elementId":"select_267811df876133","label":"\u23f3 Trip Duration","name":"select_267811df876133","values":[{"label":"3 Hours (399\u20ac)","value":"3","selected":false,"tempId":"aco_556","price":"399","gt_translate_keys":["label"]},{"label":"6 Hours (700\u20ac)","value":"6","selected":false,"tempId":"aco_122","price":"700","gt_translate_keys":["label"]},{"label":"8 Hours (900\u20ac)","value":"8","selected":false,"tempId":"aco_41","price":"900","gt_translate_keys":["label"]}],"dropdown_type":"basic","error":false,"placeholder":"Select Trip Duration","priceOptions":"different_for_all","pricingType":"fixed","is_show_price":false,"gt_translate_keys":["label","placeholder"],"price_dependency":false,"cl_dependency":false,"value":""}],[{"label":"\u2705 Number of People","active":true,"required":true,"elementId":"select_667811df87613d","dropdown_type":"basic","placeholder":"Select Number of People","name":"select_667811df87613d","label_position":"default","desc_position":"default","enablePrice":false,"className":"","enableCl":false,"relations":[{"operator":false,"rules":[{"operator":"AND","rules":{"cl_field":"radio-group_565c78ffa81208","cl_relation":"is","cl_val":"3 Hour Trip"}}]}],"values":[{"label":"1 person","value":"1","selected":false,"tempId":"aco_1471","price":"0","gt_translate_keys":["label"]},{"label":"2 people","value":"2","selected":false,"tempId":"aco_1472","price":"0","gt_translate_keys":["label"]},{"label":"3 people","value":"3","selected":false,"tempId":"aco_1500","price":"0","gt_translate_keys":["label"]},{"label":"4 people","value":"4","selected":false,"tempId":"aco_1510","price":"0","gt_translate_keys":["label"]},{"label":"5 people","value":"5","selected":false,"tempId":"aco_1520","price":"0","gt_translate_keys":["label"]},{"label":"6 people","value":"6","selected":false,"tempId":"aco_1728","price":"0","gt_translate_keys":["label"]},{"label":"7 people","value":"7","selected":false,"tempId":"aco_1738","price":"0","gt_translate_keys":["label"]},{"label":"8 people","value":"8","selected":false,"tempId":"aco_1748","price":"0","gt_translate_keys":["label"]}],"price":"","cl_rule":"show","col":6,"type":"select","error":false,"priceOptions":"different_for_all","pricingType":"fixed","is_show_price":false,"gt_translate_keys":["label","placeholder"],"price_dependency":["select_067811df876146"],"cl_dependency":false,"value":""}],[{"active":true,"col":6,"relations":false,"cl_rule":"show","enableCl":false,"price":"","enablePrice":true,"className":"","label_position":"default","desc_position":"default","type":"select","required":false,"elementId":"select_067811df876146","label":"\ud83c\udf57 Meal (+10\u20ac\/person)","name":"select_067811df876146","values":[{"label":"No","value":"No","selected":false,"tempId":"aco_2562","price":"","gt_translate_keys":["label"]},{"label":"Yes (+10\u20ac\/person)","value":"Yes","selected":false,"tempId":"aco_2563","price":"{field.select_667811df87613d.value}*10","gt_translate_keys":["label"]}],"dropdown_type":"basic","error":false,"description":"Snacks and drinks are included. If you want an extra meal, please select this option. The meal is marinated chicken with mojo potatoes and coleslaw. Payment due at arrival the day of the tour.","priceOptions":"different_for_all","pricingType":"custom","isTemplate":false,"is_show_price":true,"gt_translate_keys":["label","description"],"price_dependency":false,"cl_dependency":false,"value":""}]]},"sec_167811df876147":{"extra":{"key":"sec_167811df876147","section_id":"sec_167811df876147","name":"Pickup Location","status":1,"cl_rule":"show","enableCl":false,"relations":[],"toggle":true,"title_tag":"h4","show_title":false,"showPrice":"default","form_id":13536,"form_rules":{"exclude_from_discount":true,"fee_label":"Fee","disp_hide_options_price":true,"disp_show_section_price":false,"disp_show_field_price":true,"layout_option":"standard","pric_use_as_fee":false,"process_fee_as":"woo_fee"},"layout_option":"standard"},"fields":[[{"elementId":"separator_1067811df876152","separatorType":"blank","className":"","height":"3","enableCl":false,"relations":false,"cl_rule":"show","col":6,"type":"separator","error":false,"gt_translate_keys":[],"price_dependency":false,"cl_dependency":false,"value":""}],[{"active":true,"col":6,"relations":[{"operator":false,"rules":[{"operator":"AND","rules":{"cl_field":"radio-group_565c78ffa81208","cl_relation":"is","cl_val":"3 Hour Trip"}}]}],"cl_rule":"show","enableCl":false,"price":"","enablePrice":false,"className":"","label_position":"default","desc_position":"default","type":"select","required":false,"elementId":"select_667811df87615b","label":"\u23f0 Departure","name":"select_667811df87615b","values":[{"label":"09:00","value":"09:00","selected":false,"tempId":"aco_1471","gt_translate_keys":["label"]},{"label":"12:00","value":"12:00","selected":false,"tempId":"aco_1510","gt_translate_keys":["label"]},{"label":"15:00","value":"15:00","selected":false,"tempId":"aco_1738","gt_translate_keys":["label"]}],"dropdown_type":"basic","error":false,"placeholder":"Whichever Time is Best","gt_translate_keys":["label","placeholder"],"price_dependency":false,"cl_dependency":false,"value":""}],[{"elementId":"separator_767811df876165","separatorType":"blank","className":"","height":"1","enableCl":false,"relations":false,"cl_rule":"show","col":6,"type":"separator","gt_translate_keys":[],"price_dependency":false,"cl_dependency":false,"value":""}],[{"elementId":"separator_967811df876170","separatorType":"blank","className":"","height":"1","enableCl":false,"relations":false,"cl_rule":"show","col":6,"type":"separator","error":false,"gt_translate_keys":[],"price_dependency":false,"cl_dependency":false,"value":""}],[{"active":true,"col":6,"relations":false,"cl_rule":"show","enableCl":false,"price":"","enablePrice":false,"className":"","label_position":"default","desc_position":"default","type":"text","subtype":"text","required":false,"elementId":"text_967811df876178","label":"\ud83d\ude8c Pickup Location","name":"text_967811df876178","value":"","error":false,"description":"Pick-up service in some locations. Simply provide your address or hotel name. (+2\u20ac\/person paid at pickup to the driver)","gt_translate_keys":["label","description","value"],"price_dependency":false,"cl_dependency":false}]]}},"config":{"price_override":"always","enable_recaptcha":false,"bind_quantity":false,"quantity_bind_formula":false,"disp_summ_show_option_price":true,"disp_summ_show_product_price":false,"disp_summ_show_total_price":true,"disp_summ_show_fee":true,"disp_summ_show_discount":true,"summary_title":"","options_total_label":"Options Price","total_label":"Total Amount","options_product_label":"Product Price","fee_label":"Fee","discount_label":"Discount","has_price":true,"has_quantity_formula":false},"mc_unit":1,"tax_rate":1,"tax_rate_real":1,"discount":{"percentage":0,"fixed":0},"design":{"conf":{"LabelPosition":"above","DescPosition":"above","UploadField":"custom_1","QuantityFieldStyle":"custom_1"},"css":{"LeftLabelWidth":"120px"}},"formulas":{"fmla_1708364241278155361":"(({field.select_3666b1eb2b11fe.value}>=8)?(1400):(({field.select_3666b1eb2b11fe.value}>=7)?(1225):(({field.select_3666b1eb2b11fe.value}>=6)?(1050):(({field.select_3666b1eb2b11fe.value}>=5)?(875):(({field.select_3666b1eb2b11fe.value}>=4)?(700):(({field.select_3666b1eb2b11fe.value}>=3)?(500):(0)))))))","fmla_1718295979528641619":"(({field.select_3666b1eb2b11fe.value}>=8)?(280):(({field.select_3666b1eb2b11fe.value}>=7)?(205):(({field.select_3666b1eb2b11fe.value}>=6)?(150):(({field.select_3666b1eb2b11fe.value}>=5)?(175):(({field.select_3666b1eb2b11fe.value}>=4)?(200):(({field.select_3666b1eb2b11fe.value}>=3)?(150):(0)))))))"},"lookuptables":[],"clones":false,"cartKey":false}},"_links":{"self":[{"href":"https:\/\/canaryvip.com\/pl\/wp-json\/wp\/v2\/product\/12949","targetHints":{"allow":["GET"]}}],"collection":[{"href":"https:\/\/canaryvip.com\/pl\/wp-json\/wp\/v2\/product"}],"about":[{"href":"https:\/\/canaryvip.com\/pl\/wp-json\/wp\/v2\/types\/product"}],"replies":[{"embeddable":true,"href":"https:\/\/canaryvip.com\/pl\/wp-json\/wp\/v2\/comments?post=12949"}],"wp:featuredmedia":[{"embeddable":true,"href":"https:\/\/canaryvip.com\/pl\/wp-json\/wp\/v2\/media\/12950"}],"wp:attachment":[{"href":"https:\/\/canaryvip.com\/pl\/wp-json\/wp\/v2\/media?parent=12949"}],"wp:term":[{"taxonomy":"product_brand","embeddable":true,"href":"https:\/\/canaryvip.com\/pl\/wp-json\/wp\/v2\/product_brand?post=12949"},{"taxonomy":"product_cat","embeddable":true,"href":"https:\/\/canaryvip.com\/pl\/wp-json\/wp\/v2\/product_cat?post=12949"},{"taxonomy":"product_tag","embeddable":true,"href":"https:\/\/canaryvip.com\/pl\/wp-json\/wp\/v2\/product_tag?post=12949"}],"curies":[{"name":"wp","href":"https:\/\/api.w.org\/{rel}","templated":true}]}}