{"id":12784,"date":"2024-08-05T16:50:08","date_gmt":"2024-08-05T15:50:08","guid":{"rendered":"https:\/\/canaryvip.com\/?post_type=product&#038;p=12784"},"modified":"2025-08-09T14:08:37","modified_gmt":"2025-08-09T13:08:37","slug":"self-drive-boat-hire-tenerife","status":"publish","type":"product","link":"https:\/\/canaryvip.com\/pl\/shop\/self-drive-boat-hire-tenerife\/","title":{"rendered":"Wynajem \u0142odzi z w\u0142asnym nap\u0119dem Teneryfa"},"content":{"rendered":"<h2>Wynajem \u0142odzi z w\u0142asnym nap\u0119dem bez licencji na Teneryfie<\/h2>\n<p>Rozpocznij swoj\u0105 wodn\u0105 przygod\u0119, wynajmuj\u0105c \u0142\u00f3d\u017a z w\u0142asnym nap\u0119dem w <a href=\"https:\/\/canaryvip.com\/pl\/tenerife\/\">Teneryfa<\/a>Idealny dla tych, kt\u00f3rzy pragn\u0105 swobody samodzielnej nawigacji.<\/p>\n<p>Wyrusz z malowniczego <a href=\"https:\/\/www.google.com\/maps\/place\/Puerto+Col%C3%B3n\/@28.078002,-16.7394902,1078m\/data=!3m2!1e3!4b1!4m6!3m5!1s0xc6a9743509c9ebf:0xd62345524f768247!8m2!3d28.078002!4d-16.7369153!16s%2Fg%2F11c6cqryw_?authuser=0&amp;entry=tts&amp;g_ep=EgoyMDI0MDgwNC4wKgBIAVAD\" target=\"_blank\" rel=\"noopener\">Puerto Col\u00f3n<\/a>, gdzie b\u0119dziesz mia\u0142 okazj\u0119 odkry\u0107 ustronne miejsca, wygrzewa\u0107 si\u0119 na s\u0142o\u0144cu lub cieszy\u0107 si\u0119 piknikiem na wodzie w otoczeniu krystalicznie czystych fal Atlantyku.<\/p>\n<p>Wyobra\u017a sobie dreszczyk emocji zwi\u0105zany z samodzielnym przej\u0119ciem steru i \u017ceglowaniem po osza\u0142amiaj\u0105cych wodach Teneryfy. Poczuj wiatr we w\u0142osach i s\u0142o\u0144ce na twarzy, wyznaczaj\u0105c w\u0142asny kurs. Nasze \u0142odzie mog\u0105 pomie\u015bci\u0107 do 5 pasa\u017cer\u00f3w, dzi\u0119ki czemu idealnie nadaj\u0105 si\u0119 do wynajmu na p\u00f3\u0142 dnia lub ca\u0142odniowe przygody.<\/p>\n<h3>Twoja podr\u00f3\u017c, tw\u00f3j rozkaz<\/h3>\n<ul>\n<li><strong>Kompaktowa konstrukcja:<\/strong> Ciesz si\u0119 eleganck\u0105 i wygodn\u0105 \u017ceglug\u0105 na naszych dobrze utrzymanych \u0142odziach.<\/li>\n<li><strong>Osza\u0142amiaj\u0105ca sceneria:<\/strong> \u017begluj w pobli\u017cu pi\u0119knej pla\u017cy La Caleta lub Diego Hernandez na Teneryfie, podziwiaj\u0105c t\u0119tni\u0105ce \u017cyciem morskie \u017cycie wok\u00f3\u0142 ciebie.<\/li>\n<li><strong style=\"letter-spacing: 0em;\">Prywatne zanurzenia:<\/strong><span style=\"letter-spacing: 0em;\"> Zarzu\u0107 kotwic\u0119 w ukrytych zatoczkach idealnych do p\u0142ywania, snorkelingu lub opalania.<\/span><\/li>\n<li><strong>Przek\u0105ski na morzu:<\/strong> Swoboda wnoszenia i korzystania z w\u0142asnego jedzenia na pok\u0142adzie zwi\u0119ksza to osobiste do\u015bwiadczenie wynajmu \u0142odzi na Teneryfie.<\/li>\n<li><strong>Obs\u0142uga bez wysi\u0142ku:<\/strong> Dzi\u0119ki przyjaznej dla u\u017cytkownika konstrukcji i stabilnym mo\u017cliwo\u015bciom p\u0142ywania, nasze \u0142odzie sprawiaj\u0105, \u017ce \u017ceglarstwo jest dost\u0119pne dla ka\u017cdego.<\/li>\n<\/ul>\n<h3>Kluczowe szczeg\u00f3\u0142y wynajmu \u0142odzi z w\u0142asnym nap\u0119dem<\/h3>\n<p><strong>Dostosowane do preferencji u\u017cytkownika:<\/strong> Nasze \u0142odzie, odpowiednie dla maksymalnie 5 os\u00f3b, s\u0105 gotowe na ka\u017cde wydarzenie. Zapewniamy kompleksowe instrukcje, aby zapewni\u0107 bezpieczne i przyjemne do\u015bwiadczenie na wodzie.<\/p>\n<p><strong>Wszechstronny wyb\u00f3r dla wszystkich:<\/strong> Idealne dla rodzin, przyjaci\u00f3\u0142 lub samotnych odkrywc\u00f3w, nasze \u0142odzie z w\u0142asnym nap\u0119dem bez licencji pozwalaj\u0105 do\u015bwiadczy\u0107 po\u0142\u0105czenia autonomii i malowniczego luksusu na tle wybrze\u017ca Teneryfy.<\/p>\n<h3>\ud83d\udea4 Przygotowanie do wycieczki<\/h3>\n<p>Przygotuj si\u0119 na niezapomniany dzie\u0144 na morzu z niezb\u0119dnymi rzeczami, takimi jak str\u00f3j k\u0105pielowy i krem do opalania. Wszystkie niezb\u0119dne narz\u0119dzia nawigacyjne s\u0105 dostarczane przez nas, dzi\u0119ki czemu mo\u017cesz skupi\u0107 si\u0119 wy\u0142\u0105cznie na przyjemno\u015bci odkrywania.<\/p>\n<p>Nie zapomnij o aparacie fotograficznym, aby uchwyci\u0107 zapieraj\u0105ce dech w piersiach widoki wybrze\u017cy Teneryfy i \u017cycia wodnego, kt\u00f3re kwitnie poni\u017cej.<\/p>\n<h3>Anulowanie rezerwacji i zasady obowi\u0105zuj\u0105ce na pok\u0142adzie<\/h3>\n<p><strong>Prywatny czarter \u0142odzi:<\/strong> Bezp\u0142atne anulowanie rezerwacji do 96 godzin przed wylotem. W przypadku anulowania rezerwacji z wyprzedzeniem kr\u00f3tszym ni\u017c 72 godziny depozyt nie zostanie zwr\u00f3cony.<\/p>\n<p><strong>Wsp\u00f3lna podr\u00f3\u017c:<\/strong> Bezp\u0142atne anulowanie rezerwacji do 48 godzin przed planowanym odlotem. W przypadku p\u00f3\u017aniejszej anulacji lub niepojawienia si\u0119 na miejscu depozyt zostanie utracony.<\/p>\n<p><strong>\ud83c\udf26\ufe0f Pogoda i minimalna liczba uczestnik\u00f3w:<\/strong> W przypadku z\u0142ej pogody lub niewystarczaj\u0105cej liczby uczestnik\u00f3w mo\u017cna wybra\u0107 pe\u0142ny zwrot koszt\u00f3w lub prze\u0142o\u017cy\u0107 wycieczk\u0119 na inny termin.<\/p>\n<p><strong>Zasady obowi\u0105zuj\u0105ce na pok\u0142adzie:<\/strong> Prosimy o przybycie na czas! Zwroty koszt\u00f3w nie s\u0105 przyznawane za sp\u00f3\u017anienia lub zmiany planu podr\u00f3\u017cy spowodowane chorob\u0105 morsk\u0105.<\/p>\n<h3>Punkt startowy i parking<\/h3>\n<p><strong>Rozpocznij od <a href=\"https:\/\/www.google.com\/maps\/place\/Puerto+Col%C3%B3n\/@28.078002,-16.7394902,1078m\/data=!3m2!1e3!4b1!4m6!3m5!1s0xc6a9743509c9ebf:0xd62345524f768247!8m2!3d28.078002!4d-16.7369153!16s%2Fg%2F11c6cqryw_?authuser=0&amp;entry=tts&amp;g_ep=EgoyMDI0MDgwNC4wKgBIAVAD\" target=\"_blank\" rel=\"noopener\">Puerto Col\u00f3n<\/a>:<\/strong> Morska przygoda zaczyna si\u0119 w <strong>Puerto Col\u00f3n<\/strong>Du\u017cy parking w porcie u\u0142atwia rozpocz\u0119cie dnia. Przyjed\u017a nieco wcze\u015bniej, aby rozpocz\u0105\u0107 podr\u00f3\u017c bez po\u015bpiechu.<\/p>\n<h3>Zobowi\u0105zanie CanaryVIP wobec Ciebie<\/h3>\n<p>W CanaryVIP priorytetowo traktujemy Twoj\u0105 satysfakcj\u0119. Korzystaj z elastycznych zasad anulowania, kt\u00f3re zapewniaj\u0105 bezpiecze\u0144stwo podczas rezerwacji wynajmu \u0142odzi z w\u0142asnym nap\u0119dem. Dok\u0142adamy wszelkich stara\u0144, aby zapewni\u0107 wyj\u0105tkow\u0105 obs\u0142ug\u0119, koncentruj\u0105c si\u0119 na bezpiecze\u0144stwie i pragn\u0105c zwi\u0119kszy\u0107 Twoje wra\u017cenia z majestatycznych w\u00f3d Teneryfy.<\/p>\n<p>Wyrusz na przygod\u0119 \u0142odzi\u0105 z w\u0142asnym nap\u0119dem bez licencji, p\u0142ywaj\u0105c po wspania\u0142ych morzach Teneryfy i odkrywaj\u0105c ukryte klejnoty wzd\u0142u\u017c linii brzegowej <strong>Puerto Col\u00f3n.<\/strong><\/p>\n<p>Zarezerwuj ju\u017c dzi\u015b na ekskluzywn\u0105 \u017ceglarsk\u0105 przygod\u0119, kt\u00f3ra \u0142\u0105czy w sobie niezale\u017cno\u015b\u0107, komfort i nieskazitelne pi\u0119kno Wysp Kanaryjskich. Zarezerwuj teraz i stw\u00f3rz trwa\u0142e wspomnienia na morzu!<\/p>","protected":false},"excerpt":{"rendered":"<p><strong>\ud83d\udd0d \u0141\u00f3d\u017a z w\u0142asnym nap\u0119dem:<\/strong><br \/>\n<span>\u2705 Bezpieczna p\u0142atno\u015b\u0107.<\/span><br \/>\n<span>Bez licencji na \u0142\u00f3d\u017a.<\/span><br \/>\n<span>\ud83d\udee5\ufe0f 5 metr\u00f3w d\u0142ugo\u015bci.<\/span><br \/>\n<span>\u23f3 Wynajem dzienny od 2 do 8 godzin.<br \/>\nBenzyna w zestawie<\/span><br \/>\n<span>\ud83d\udd59 Konfigurowalne godziny odlot\u00f3w.<\/span><br \/>\n<span>Do 5 go\u015bci.<\/span><br \/>\n<span>\ud83e\udd3f Sprz\u0119t do snorkelingu.<\/span><br \/>\n<span>\ud83e\udd11 Gwarancja najlepszej ceny.<\/span><br \/>\n<span>\ud83d\udc6a  Aktywowane rabaty.<\/span><br \/>\n<span>\ud83d\udd01 Anulowanie do 4 dni.<\/span><br \/>\n<span>\ud83c\udf0d Obs\u0142uga wielu j\u0119zyk\u00f3w.<\/span><br \/>\n<span>\ud83c\udf1f Rezerwuj wcze\u015bniej i oszcz\u0119dzaj!<br \/>\n\ud83d\udccd Odej\u015bcie od <a href=\"https:\/\/maps.app.goo.gl\/3EAT9KE3yNKvnqsz7\" target=\"_blank\" rel=\"noopener\">Puerto Col\u00f3n<\/a>.<br \/>\n<\/span><\/p>","protected":false},"featured_media":14654,"comment_status":"open","ping_status":"closed","template":"","meta":{"_acf_changed":false},"product_brand":[],"product_cat":[130],"product_tag":[],"class_list":{"0":"post-12784","1":"product","2":"type-product","3":"status-publish","4":"has-post-thumbnail","6":"product_cat-self-drive-boat-hire","7":"wcpa_has_options","9":"first","10":"instock","11":"sale","12":"virtual","13":"purchasable","14":"product-type-simple"},"acf":[],"wcpa_form_fields":{"wcpaData":{"product":{"product_price":180,"price_html":"From&nbsp;<del aria-hidden=\"true\"><span class=\"woocommerce-Price-amount amount\"><bdi>200,00&nbsp;<span class=\"woocommerce-Price-currencySymbol\">&euro;<\/span><\/bdi><\/span><\/del> <span class=\"screen-reader-text\">Pierwotna cena wynosi\u0142a: 200,00&nbsp;&euro;.<\/span><ins aria-hidden=\"true\"><span class=\"woocommerce-Price-amount amount\"><bdi>180,00&nbsp;<span class=\"woocommerce-Price-currencySymbol\">&euro;<\/span><\/bdi><\/span><\/ins><span class=\"screen-reader-text\">Aktualna cena: 180,00&nbsp;&euro;.<\/span>","original_product_price":200,"price_including_tax":180,"price_excluding_tax":180,"product_id":{"parent":12784,"variation":false},"is_variable":false,"stock_status":"instock","stock_quantity":null,"parent_sku":"CV12784","product_attributes":[],"custom_fields":[],"is_taxable":false,"product_name":"Self Drive Boat Hire Tenerife","hasImage":false},"fields":{"sec_666b2beb820739":{"extra":{"key":"sec_666b2beb820739","section_id":"sec_666b2beb820739","name":"Default","status":1,"cl_rule":"show","enableCl":false,"relations":[],"toggle":true,"title_tag":"h3","show_title":false,"showPrice":"default","form_id":12811,"form_rules":{"exclude_from_discount":true,"fee_label":"Fee","disp_hide_options_price":true,"disp_show_section_price":false,"disp_show_field_price":true,"layout_option":"standard","pric_use_as_fee":false,"process_fee_as":"woo_fee"},"layout_option":"standard"},"fields":[[{"label":"\ud83d\udcc5 Date","active":true,"required":true,"elementId":"date_466b2beb820758","picker_type":"custom","picker_mode":"single","placeholder":"","description":"","tooltip":"","name":"date_466b2beb820758","label_position":"default","desc_position":"default","enablePrice":false,"className":"","enableCl":false,"relations":[{"operator":"and","rules":[{"operator":"AND","rules":{"cl_field":"radio-group_565c78ffa81208","cl_relation":"is","cl_val":"3 Hour Trip"}}]}],"date_pic_inline":true,"date_pic_inline_hide":true,"min_date":{"type":"days","val":"0"},"max_date":{"type":"days","val":"365"},"date_pic_conf":{"disabledWeeks":[],"disabledDates":[]},"price":"","cl_rule":"show","col":6,"type":"date","error":false,"enableDesign":false,"LabelColor":"","gt_translate_keys":["label","placeholder","description","tooltip"],"price_dependency":false,"cl_dependency":false,"value":""}],[{"contentType":"rich","active":true,"label":"","elementId":"content_466b2beb820766","value":"<p>\ud83c\udf9f\ufe0f <strong>Reservation<\/strong>: Pay only a deposit now to reserve; the rest is due on the day of the activity upon arrival.<\/p>","inline":false,"name":"content_466b2beb820766","enablePrice":false,"className":"","subtype":"p","enableCl":false,"relations":false,"price":"","cl_rule":"show","col":6,"type":"content","error":false,"pricingType":"custom","isTemplate":false,"is_show_price":true,"show_in_checkout":true,"gt_translate_keys":["label","value"],"price_dependency":false,"cl_dependency":false}],[{"active":true,"col":6,"relations":false,"cl_rule":"show","enableCl":false,"price":"","enablePrice":true,"className":"","label_position":"default","desc_position":"default","type":"select","required":true,"elementId":"select_366b2beb82077c","label":"\u23f3 Trip Duration","name":"select_366b2beb82077c","values":[{"label":"2 Hours (180\u20ac)","value":"2","selected":false,"tempId":"aco_85","price":"180","gt_translate_keys":["label"]},{"label":"3 Hours (250\u20ac)","value":"3","selected":false,"tempId":"aco_556","price":"250","gt_translate_keys":["label"]},{"label":"4 Hours (320\u20ac)","value":"4","selected":false,"tempId":"aco_605","price":"320","gt_translate_keys":["label"]},{"label":"5 Hours (390\u20ac)","value":"5","selected":false,"tempId":"aco_724","price":"390","gt_translate_keys":["label"]},{"label":"6 Hours (460\u20ac)","value":"6","selected":false,"tempId":"aco_401","price":"460","gt_translate_keys":["label"]}],"dropdown_type":"basic","error":false,"placeholder":"Select Trip Duration","priceOptions":"different_for_all","pricingType":"fixed","is_show_price":true,"gt_translate_keys":["label","placeholder"],"price_dependency":["content_266b2beb82078f","content_266b2beb820799"],"cl_dependency":false,"value":""}],[{"active":true,"col":6,"relations":false,"cl_rule":"show","enableCl":false,"price":"","enablePrice":false,"className":"","label_position":"default","desc_position":"default","type":"separator","required":false,"elementId":"separator_8240912106","label":"Separator Field","height":"3","separatorType":"fill","error":false,"separatorColor":"#66a5b6","gt_translate_keys":["label"],"price_dependency":false,"cl_dependency":false,"value":""}],[{"active":true,"col":6,"relations":false,"cl_rule":"show","enableCl":false,"price":"({field.select_366b2beb82077c.price}*0.2)+({field.select_166b2beb820786.price}*0.1)","enablePrice":true,"className":"","label_position":"default","desc_position":"default","type":"content","required":false,"elementId":"content_266b2beb82078f","label":"Deposit Payment","name":"content_266b2beb82078f","contentType":"plain","value":"","error":false,"pricingType":"custom","isTemplate":true,"is_show_price":false,"enableDesign":true,"scrollBar":false,"use_as_fee":false,"fee_label":"Payment Now","inline":true,"show_in_checkout":true,"subtype":"div","formulaId":"fmla_1708364241278155361","LabelSize":"14px","gt_translate_keys":["label","value"],"price_dependency":["content_466b2beb8207a2"],"cl_dependency":false}],[{"contentType":"plain","active":true,"label":"Payment at Arrival","elementId":"content_266b2beb820799","value":"","inline":true,"show_in_checkout":true,"name":"content_266b2beb820799","enablePrice":true,"className":"","fee_label":"Payment at Arrival","subtype":"div","enableCl":false,"relations":false,"scrollBar":false,"enableDesign":true,"pricingType":"custom","isTemplate":true,"price":"({field.select_366b2beb82077c.price}*0.8)+({field.select_166b2beb820786.price}*0.9)","use_as_fee":false,"is_show_price":true,"cl_rule":"show","col":6,"type":"content","error":false,"formulaId":"fmla_172299064258378161","LabelSize":"14px","gt_translate_keys":["label","value"],"price_dependency":["content_466b2beb8207a2"],"cl_dependency":false}],[{"contentType":"plain","active":true,"label":"Total Price","elementId":"content_466b2beb8207a2","value":"","inline":true,"show_in_checkout":true,"name":"content_466b2beb8207a2","enablePrice":true,"className":"","fee_label":"Payment at Arrival","subtype":"div","enableCl":false,"relations":false,"scrollBar":false,"enableDesign":true,"LabelSize":"14px","pricingType":"custom","isTemplate":false,"price":"({field.content_266b2beb82078f.price})+({field.content_266b2beb820799.price})","formulaId":"fmla_1708360988969136756","use_as_fee":false,"is_show_price":true,"cl_rule":"show","col":6,"type":"content","error":false,"gt_translate_keys":["label","value"],"price_dependency":false,"cl_dependency":false}],[{"elementId":"separator-8320172123","separatorType":"fill","separatorColor":"#66a5b6","className":"","height":"3","enableCl":false,"relations":false,"cl_rule":"show","col":6,"type":"separator","gt_translate_keys":[],"price_dependency":false,"cl_dependency":false,"value":""}],[{"active":true,"col":6,"relations":[{"operator":false,"rules":[{"operator":"AND","rules":{"cl_field":"radio-group_565c78ffa81208","cl_relation":"is","cl_val":"3 Hour Trip"}}]}],"cl_rule":"show","enableCl":false,"price":"","enablePrice":false,"className":"","label_position":"default","desc_position":"default","type":"select","required":false,"elementId":"select_866b2beb8207ab","label":"\u23f0 Departure Time","name":"select_866b2beb8207ab","values":[{"label":"9:30","value":"9:30","selected":false,"tempId":"aco_1471","gt_translate_keys":["label"]},{"label":"10:30","value":"10:30","selected":false,"tempId":"aco_1472","gt_translate_keys":["label"]},{"label":"11:30","value":"11:30","selected":false,"tempId":"aco_1500","gt_translate_keys":["label"]},{"label":"12:30","value":"12:30","selected":false,"tempId":"aco_1510","gt_translate_keys":["label"]},{"label":"13:30","value":"13:30","selected":false,"tempId":"aco_1520","gt_translate_keys":["label"]},{"label":"14:30","value":"14:30","selected":false,"tempId":"aco_1728","gt_translate_keys":["label"]},{"label":"15:30","value":"15:30","selected":false,"tempId":"aco_1738","gt_translate_keys":["label"]}],"dropdown_type":"basic","error":false,"placeholder":"Whichever Time is Best","gt_translate_keys":["label","placeholder"],"price_dependency":false,"cl_dependency":false,"value":""}],[{"elementId":"separator_266b2beb8207b5","separatorType":"blank","className":"","height":"1","enableCl":false,"relations":false,"cl_rule":"show","col":6,"type":"separator","gt_translate_keys":[],"price_dependency":false,"cl_dependency":false,"value":""}],[{"label":"\u2705 Number of People","active":true,"required":true,"elementId":"select_466b2beb8207be","dropdown_type":"basic","placeholder":"Select Number of People","name":"select_466b2beb8207be","label_position":"default","desc_position":"default","enablePrice":false,"className":"","enableCl":false,"relations":[{"operator":false,"rules":[{"operator":"AND","rules":{"cl_field":"radio-group_565c78ffa81208","cl_relation":"is","cl_val":"3 Hour Trip"}}]}],"values":[{"label":"1 person","value":"1","selected":false,"tempId":"aco_1471","gt_translate_keys":["label"]},{"label":"2 people","value":"2","selected":false,"tempId":"aco_1472","gt_translate_keys":["label"]},{"label":"3 people","value":"3","selected":false,"tempId":"aco_1500","gt_translate_keys":["label"]},{"label":"4 people","value":"4","selected":false,"tempId":"aco_1510","gt_translate_keys":["label"]},{"label":"5 people","value":"5","selected":false,"tempId":"aco_1520","gt_translate_keys":["label"]},{"label":"6 people","value":"6","selected":false,"tempId":"aco_2006","gt_translate_keys":["label"]}],"price":"","cl_rule":"show","col":6,"type":"select","error":false,"gt_translate_keys":["label","placeholder"],"price_dependency":false,"cl_dependency":false,"value":""}]]}},"config":{"price_override":"always","enable_recaptcha":false,"bind_quantity":false,"quantity_bind_formula":false,"disp_summ_show_option_price":true,"disp_summ_show_product_price":false,"disp_summ_show_total_price":false,"disp_summ_show_fee":true,"disp_summ_show_discount":true,"summary_title":"","options_total_label":"Options Price","total_label":"Total Amount","options_product_label":"Product Price","fee_label":"Fee","discount_label":"Discount","has_price":true,"has_quantity_formula":false},"mc_unit":1,"tax_rate":1,"tax_rate_real":1,"discount":{"percentage":0,"fixed":0},"design":{"conf":{"LabelPosition":"above","DescPosition":"above","UploadField":"custom_1","QuantityFieldStyle":"custom_1"},"css":{"LeftLabelWidth":"120px"}},"formulas":{"fmla_1708364241278155361":"(({field.select_366b2beb82077c.value}>=6)?(130):(({field.select_366b2beb82077c.value}>=5)?(110):(({field.select_366b2beb82077c.value}>=4)?(90):(({field.select_366b2beb82077c.value}>=3)?(70):(({field.select_366b2beb82077c.value}>=2)?(60):(0))))))","fmla_172299064258378161":"(({field.select_366b2beb82077c.value}>=6)?(330):(({field.select_366b2beb82077c.value}>=5)?(280):(({field.select_366b2beb82077c.value}>=4)?(230):(({field.select_366b2beb82077c.value}>=3)?(180):(({field.select_366b2beb82077c.value}>=2)?(120):(0))))))"},"lookuptables":[],"clones":false,"cartKey":false}},"_links":{"self":[{"href":"https:\/\/canaryvip.com\/pl\/wp-json\/wp\/v2\/product\/12784","targetHints":{"allow":["GET"]}}],"collection":[{"href":"https:\/\/canaryvip.com\/pl\/wp-json\/wp\/v2\/product"}],"about":[{"href":"https:\/\/canaryvip.com\/pl\/wp-json\/wp\/v2\/types\/product"}],"replies":[{"embeddable":true,"href":"https:\/\/canaryvip.com\/pl\/wp-json\/wp\/v2\/comments?post=12784"}],"wp:featuredmedia":[{"embeddable":true,"href":"https:\/\/canaryvip.com\/pl\/wp-json\/wp\/v2\/media\/14654"}],"wp:attachment":[{"href":"https:\/\/canaryvip.com\/pl\/wp-json\/wp\/v2\/media?parent=12784"}],"wp:term":[{"taxonomy":"product_brand","embeddable":true,"href":"https:\/\/canaryvip.com\/pl\/wp-json\/wp\/v2\/product_brand?post=12784"},{"taxonomy":"product_cat","embeddable":true,"href":"https:\/\/canaryvip.com\/pl\/wp-json\/wp\/v2\/product_cat?post=12784"},{"taxonomy":"product_tag","embeddable":true,"href":"https:\/\/canaryvip.com\/pl\/wp-json\/wp\/v2\/product_tag?post=12784"}],"curies":[{"name":"wp","href":"https:\/\/api.w.org\/{rel}","templated":true}]}}